{"id":14793,"date":"2026-05-02T11:54:06","date_gmt":"2026-05-02T09:54:06","guid":{"rendered":"https:\/\/www.edesia.al\/?post_type=product&#038;p=14793"},"modified":"2026-05-02T11:54:06","modified_gmt":"2026-05-02T09:54:06","slug":"caj-trumze-bio","status":"publish","type":"product","link":"https:\/\/www.edesia.al\/?product=caj-trumze-bio","title":{"rendered":"Caj Trumze Bio \u2013 Thyme Organic per Fyt &#038; Imunitet"},"content":{"rendered":"<h3>\u00c7aj Trumze Bio (Thyme) 50 gr<\/h3>\n<p data-start=\"573\" data-end=\"845\"><strong data-start=\"573\" data-end=\"845\">Caj trumze bio \u00ebsht\u00eb nj\u00eb bim\u00eb aromatike e fuqishme, e p\u00ebrdorur tradicionalisht p\u00ebr p\u00ebrgatitjen e \u00e7ajit natyral me veti t\u00eb shumta sh\u00ebndet\u00ebsore. Ky caj trumze bio ka nj\u00eb shije t\u00eb fort\u00eb, mesdhetare dhe arom\u00eb karakteristike bimore q\u00eb e b\u00ebn ideal p\u00ebr p\u00ebrdorim n\u00eb \u00e7do stin\u00eb.<\/strong><\/p>\n<p data-start=\"847\" data-end=\"1109\">I njohur p\u00ebr efektet e tij qet\u00ebsuese p\u00ebr fytin dhe rrug\u00ebt e frym\u00ebmarrjes, trumza \u00ebsht\u00eb p\u00ebrdorur prej shekujsh si nj\u00eb mb\u00ebshtetje natyrale kund\u00ebr koll\u00ebs, t\u00eb ftohtit dhe gripit. Ajo ndihmon n\u00eb pastrimin e rrug\u00ebve t\u00eb frym\u00ebmarrjes dhe n\u00eb forcimin e sistemit imunitar.<\/p>\n<p data-start=\"1111\" data-end=\"1208\">Ky <strong data-start=\"1114\" data-end=\"1132\">caj trumze bio<\/strong> \u00ebsht\u00eb 100% organik, pa aditiv\u00eb dhe i p\u00ebrshtatsh\u00ebm p\u00ebr konsum t\u00eb p\u00ebrditsh\u00ebm.<\/p>\n<hr data-start=\"1210\" data-end=\"1213\" \/>\n<h4 data-section-id=\"m2aoeh\" data-start=\"1215\" data-end=\"1248\">\ud83c\udf3f P\u00ebrfitimet e caj trumze bio<\/h4>\n<ul data-start=\"1250\" data-end=\"1445\">\n<li data-section-id=\"1dfpdbi\" data-start=\"1250\" data-end=\"1281\">\u2714\ufe0f Qet\u00ebson fytin dhe koll\u00ebn<\/li>\n<li data-section-id=\"1k5p1fh\" data-start=\"1282\" data-end=\"1335\">\u2714\ufe0f Ndihmon n\u00eb pastrimin e rrug\u00ebve t\u00eb frym\u00ebmarrjes<\/li>\n<li data-section-id=\"30z8fe\" data-start=\"1336\" data-end=\"1369\">\u2714\ufe0f Mb\u00ebshtet sistemin imunitar<\/li>\n<li data-section-id=\"qly1f9\" data-start=\"1370\" data-end=\"1420\">\u2714\ufe0f Ka veti antibakteriale dhe anti-inflamatore<\/li>\n<li data-section-id=\"15spjjd\" data-start=\"1421\" data-end=\"1445\">\u2714\ufe0f Ndihmon n\u00eb tretje<\/li>\n<\/ul>\n<h4 data-section-id=\"ntqv0x\" data-start=\"1452\" data-end=\"1467\">\ud83c\udf75 P\u00ebrdorimi<\/h4>\n<ul data-start=\"1469\" data-end=\"1600\">\n<li data-section-id=\"tm8r3\" data-start=\"1469\" data-end=\"1519\">P\u00ebr \u00e7do filxhan (200 ml): p\u00ebrdorni 1 lug\u00eb \u00e7aji<\/li>\n<li data-section-id=\"1c9si07\" data-start=\"1520\" data-end=\"1567\">Hidhni uj\u00eb t\u00eb valuar dhe l\u00ebreni 5\u201310 minuta<\/li>\n<li data-section-id=\"8zkzj1\" data-start=\"1568\" data-end=\"1600\">Konsumojeni 1\u20132 her\u00eb n\u00eb dit\u00eb<\/li>\n<\/ul>\n<hr data-start=\"1602\" data-end=\"1605\" \/>\n<h4 data-section-id=\"1qpt6jj\" data-start=\"1607\" data-end=\"1623\">\ud83c\udf31 P\u00ebrb\u00ebr\u00ebsit<\/h4>\n<ul data-start=\"1625\" data-end=\"1648\">\n<li data-section-id=\"h66hha\" data-start=\"1625\" data-end=\"1648\">Trumz\u00eb*<br data-start=\"1634\" data-end=\"1637\" \/>(*organike)<\/li>\n<\/ul>\n<hr data-start=\"1650\" data-end=\"1653\" \/>\n<h4 data-section-id=\"1sp5emj\" data-start=\"1655\" data-end=\"1669\">\ud83c\udf0d Origjina<\/h4>\n<p data-start=\"1671\" data-end=\"1767\">Kultivuar n\u00eb m\u00ebnyr\u00eb organike n\u00eb Austri (dhe rajone t\u00eb tjera sipas sezonit dhe disponueshm\u00ebris\u00eb).<\/p>\n<hr data-start=\"1769\" data-end=\"1772\" \/>\n<h4 data-section-id=\"1423pgd\" data-start=\"1774\" data-end=\"1803\">\ud83d\udc9a \u00c7far\u00eb e b\u00ebn t\u00eb ve\u00e7ant\u00eb?<\/h4>\n<ul data-start=\"1805\" data-end=\"1906\">\n<li data-section-id=\"1xx76kd\" data-start=\"1805\" data-end=\"1832\">\u2714\ufe0f 100% bio dhe organik<\/li>\n<li data-section-id=\"115hie3\" data-start=\"1833\" data-end=\"1858\">\u2714\ufe0f Vegan dhe pa krip\u00eb<\/li>\n<li data-section-id=\"151v0xk\" data-start=\"1859\" data-end=\"1878\">\u2714\ufe0f Direct trade<\/li>\n<li data-section-id=\"1txuahl\" data-start=\"1879\" data-end=\"1906\">\u2714\ufe0f I paketuar me kujdes<\/li>\n<\/ul>\n<p>\ud83d\udc49 <strong data-start=\"2028\" data-end=\"2120\">Porosite tani tek Edesia.al dhe p\u00ebrfito nga fuqia natyrale e trumz\u00ebs p\u00ebr sh\u00ebndetin t\u00ebnd.<\/strong><\/p>\n","protected":false},"excerpt":{"rendered":"<p><strong data-start=\"2154\" data-end=\"2215\">Caj trumze bio per fyt, imunitet dhe frymemarrje te lire.<\/strong><\/p>\n","protected":false},"featured_media":14794,"comment_status":"open","ping_status":"closed","template":"","meta":{"_acf_changed":false,"inline_featured_image":false},"kategori-sipas-dietave":[],"kategori-sipas-problemeve-shende":[],"produkte-me-ulje":[],"product_brand":[],"product_cat":[27,81,34],"product_tag":[],"class_list":{"0":"post-14793","1":"product","2":"type-product","3":"status-publish","4":"has-post-thumbnail","6":"product_cat-bime-mjekesore","7":"product_cat-caj-bime-mjekesore","8":"product_cat-ereza-bime-aromatike","10":"first","11":"instock","12":"taxable","13":"shipping-taxable","14":"purchasable","15":"product-type-simple"},"acf":[],"yoast_head":"<!-- This site is optimized with the Yoast SEO plugin v27.5 - https:\/\/yoast.com\/product\/yoast-seo-wordpress\/ -->\n<title>Caj Trumze Bio \u2013 Thyme Organic per Fyt &amp; Imunitet - Edesia<\/title>\n<meta name=\"description\" content=\"Caj trumze bio natyral per fyt dhe imunitet. Qeteson koll\u00ebn, pastron rruget e frymemarrjes dhe mbeshtet organizmin.\" \/>\n<meta name=\"robots\" content=\"index, follow, max-snippet:-1, max-image-preview:large, max-video-preview:-1\" \/>\n<link rel=\"canonical\" href=\"https:\/\/www.edesia.al\/?product=caj-trumze-bio\" \/>\n<meta property=\"og:locale\" content=\"en_US\" \/>\n<meta property=\"og:type\" content=\"article\" \/>\n<meta property=\"og:title\" content=\"Caj Trumze Bio \u2013 Thyme Organic per Fyt &amp; Imunitet - Edesia\" \/>\n<meta property=\"og:description\" content=\"Caj trumze bio natyral per fyt dhe imunitet. Qeteson koll\u00ebn, pastron rruget e frymemarrjes dhe mbeshtet organizmin.\" \/>\n<meta property=\"og:url\" content=\"https:\/\/www.edesia.al\/?product=caj-trumze-bio\" \/>\n<meta property=\"og:site_name\" content=\"Edesia\" \/>\n<meta property=\"og:image\" content=\"https:\/\/www.edesia.al\/wp-content\/uploads\/2026\/05\/trumez-lisho.jpg\" \/>\n\t<meta property=\"og:image:width\" content=\"593\" \/>\n\t<meta property=\"og:image:height\" content=\"593\" \/>\n\t<meta property=\"og:image:type\" content=\"image\/jpeg\" \/>\n<meta name=\"twitter:card\" content=\"summary_large_image\" \/>\n<meta name=\"twitter:label1\" content=\"Est. reading time\" \/>\n\t<meta name=\"twitter:data1\" content=\"2 minutes\" \/>\n<script type=\"application\/ld+json\" class=\"yoast-schema-graph\">{\"@context\":\"https:\\\/\\\/schema.org\",\"@graph\":[{\"@type\":\"WebPage\",\"@id\":\"https:\\\/\\\/www.edesia.al\\\/?product=caj-trumze-bio\",\"url\":\"https:\\\/\\\/www.edesia.al\\\/?product=caj-trumze-bio\",\"name\":\"Caj Trumze Bio \u2013 Thyme Organic per Fyt & Imunitet - Edesia\",\"isPartOf\":{\"@id\":\"https:\\\/\\\/www.edesia.al\\\/#website\"},\"primaryImageOfPage\":{\"@id\":\"https:\\\/\\\/www.edesia.al\\\/?product=caj-trumze-bio#primaryimage\"},\"image\":{\"@id\":\"https:\\\/\\\/www.edesia.al\\\/?product=caj-trumze-bio#primaryimage\"},\"thumbnailUrl\":\"https:\\\/\\\/www.edesia.al\\\/wp-content\\\/uploads\\\/2026\\\/05\\\/trumez-lisho.jpg\",\"datePublished\":\"2026-05-02T09:54:06+00:00\",\"description\":\"Caj trumze bio natyral per fyt dhe imunitet. Qeteson koll\u00ebn, pastron rruget e frymemarrjes dhe mbeshtet organizmin.\",\"breadcrumb\":{\"@id\":\"https:\\\/\\\/www.edesia.al\\\/?product=caj-trumze-bio#breadcrumb\"},\"inLanguage\":\"en-US\",\"potentialAction\":[{\"@type\":\"ReadAction\",\"target\":[\"https:\\\/\\\/www.edesia.al\\\/?product=caj-trumze-bio\"]}]},{\"@type\":\"ImageObject\",\"inLanguage\":\"en-US\",\"@id\":\"https:\\\/\\\/www.edesia.al\\\/?product=caj-trumze-bio#primaryimage\",\"url\":\"https:\\\/\\\/www.edesia.al\\\/wp-content\\\/uploads\\\/2026\\\/05\\\/trumez-lisho.jpg\",\"contentUrl\":\"https:\\\/\\\/www.edesia.al\\\/wp-content\\\/uploads\\\/2026\\\/05\\\/trumez-lisho.jpg\",\"width\":593,\"height\":593},{\"@type\":\"BreadcrumbList\",\"@id\":\"https:\\\/\\\/www.edesia.al\\\/?product=caj-trumze-bio#breadcrumb\",\"itemListElement\":[{\"@type\":\"ListItem\",\"position\":1,\"name\":\"Home\",\"item\":\"https:\\\/\\\/www.edesia.al\\\/\"},{\"@type\":\"ListItem\",\"position\":2,\"name\":\"Dyqani\",\"item\":\"https:\\\/\\\/www.edesia.al\\\/?page_id=17\"},{\"@type\":\"ListItem\",\"position\":3,\"name\":\"Caj Trumze Bio \u2013 Thyme Organic per Fyt &#038; Imunitet\"}]},{\"@type\":\"WebSite\",\"@id\":\"https:\\\/\\\/www.edesia.al\\\/#website\",\"url\":\"https:\\\/\\\/www.edesia.al\\\/\",\"name\":\"Edesia\",\"description\":\"\",\"publisher\":{\"@id\":\"https:\\\/\\\/www.edesia.al\\\/#organization\"},\"potentialAction\":[{\"@type\":\"SearchAction\",\"target\":{\"@type\":\"EntryPoint\",\"urlTemplate\":\"https:\\\/\\\/www.edesia.al\\\/?s={search_term_string}\"},\"query-input\":{\"@type\":\"PropertyValueSpecification\",\"valueRequired\":true,\"valueName\":\"search_term_string\"}}],\"inLanguage\":\"en-US\"},{\"@type\":\"Organization\",\"@id\":\"https:\\\/\\\/www.edesia.al\\\/#organization\",\"name\":\"Edesia\",\"url\":\"https:\\\/\\\/www.edesia.al\\\/\",\"logo\":{\"@type\":\"ImageObject\",\"inLanguage\":\"en-US\",\"@id\":\"https:\\\/\\\/www.edesia.al\\\/#\\\/schema\\\/logo\\\/image\\\/\",\"url\":\"https:\\\/\\\/www.edesia.al\\\/wp-content\\\/uploads\\\/2026\\\/02\\\/Logo-Edesia-no-background.png\",\"contentUrl\":\"https:\\\/\\\/www.edesia.al\\\/wp-content\\\/uploads\\\/2026\\\/02\\\/Logo-Edesia-no-background.png\",\"width\":293,\"height\":158,\"caption\":\"Edesia\"},\"image\":{\"@id\":\"https:\\\/\\\/www.edesia.al\\\/#\\\/schema\\\/logo\\\/image\\\/\"}}]}<\/script>\n<!-- \/ Yoast SEO plugin. -->","yoast_head_json":{"title":"Caj Trumze Bio \u2013 Thyme Organic per Fyt & Imunitet - Edesia","description":"Caj trumze bio natyral per fyt dhe imunitet. Qeteson koll\u00ebn, pastron rruget e frymemarrjes dhe mbeshtet organizmin.","robots":{"index":"index","follow":"follow","max-snippet":"max-snippet:-1","max-image-preview":"max-image-preview:large","max-video-preview":"max-video-preview:-1"},"canonical":"https:\/\/www.edesia.al\/?product=caj-trumze-bio","og_locale":"en_US","og_type":"article","og_title":"Caj Trumze Bio \u2013 Thyme Organic per Fyt & Imunitet - Edesia","og_description":"Caj trumze bio natyral per fyt dhe imunitet. Qeteson koll\u00ebn, pastron rruget e frymemarrjes dhe mbeshtet organizmin.","og_url":"https:\/\/www.edesia.al\/?product=caj-trumze-bio","og_site_name":"Edesia","og_image":[{"width":593,"height":593,"url":"https:\/\/www.edesia.al\/wp-content\/uploads\/2026\/05\/trumez-lisho.jpg","type":"image\/jpeg"}],"twitter_card":"summary_large_image","twitter_misc":{"Est. reading time":"2 minutes"},"schema":{"@context":"https:\/\/schema.org","@graph":[{"@type":"WebPage","@id":"https:\/\/www.edesia.al\/?product=caj-trumze-bio","url":"https:\/\/www.edesia.al\/?product=caj-trumze-bio","name":"Caj Trumze Bio \u2013 Thyme Organic per Fyt & Imunitet - Edesia","isPartOf":{"@id":"https:\/\/www.edesia.al\/#website"},"primaryImageOfPage":{"@id":"https:\/\/www.edesia.al\/?product=caj-trumze-bio#primaryimage"},"image":{"@id":"https:\/\/www.edesia.al\/?product=caj-trumze-bio#primaryimage"},"thumbnailUrl":"https:\/\/www.edesia.al\/wp-content\/uploads\/2026\/05\/trumez-lisho.jpg","datePublished":"2026-05-02T09:54:06+00:00","description":"Caj trumze bio natyral per fyt dhe imunitet. Qeteson koll\u00ebn, pastron rruget e frymemarrjes dhe mbeshtet organizmin.","breadcrumb":{"@id":"https:\/\/www.edesia.al\/?product=caj-trumze-bio#breadcrumb"},"inLanguage":"en-US","potentialAction":[{"@type":"ReadAction","target":["https:\/\/www.edesia.al\/?product=caj-trumze-bio"]}]},{"@type":"ImageObject","inLanguage":"en-US","@id":"https:\/\/www.edesia.al\/?product=caj-trumze-bio#primaryimage","url":"https:\/\/www.edesia.al\/wp-content\/uploads\/2026\/05\/trumez-lisho.jpg","contentUrl":"https:\/\/www.edesia.al\/wp-content\/uploads\/2026\/05\/trumez-lisho.jpg","width":593,"height":593},{"@type":"BreadcrumbList","@id":"https:\/\/www.edesia.al\/?product=caj-trumze-bio#breadcrumb","itemListElement":[{"@type":"ListItem","position":1,"name":"Home","item":"https:\/\/www.edesia.al\/"},{"@type":"ListItem","position":2,"name":"Dyqani","item":"https:\/\/www.edesia.al\/?page_id=17"},{"@type":"ListItem","position":3,"name":"Caj Trumze Bio \u2013 Thyme Organic per Fyt &#038; Imunitet"}]},{"@type":"WebSite","@id":"https:\/\/www.edesia.al\/#website","url":"https:\/\/www.edesia.al\/","name":"Edesia","description":"","publisher":{"@id":"https:\/\/www.edesia.al\/#organization"},"potentialAction":[{"@type":"SearchAction","target":{"@type":"EntryPoint","urlTemplate":"https:\/\/www.edesia.al\/?s={search_term_string}"},"query-input":{"@type":"PropertyValueSpecification","valueRequired":true,"valueName":"search_term_string"}}],"inLanguage":"en-US"},{"@type":"Organization","@id":"https:\/\/www.edesia.al\/#organization","name":"Edesia","url":"https:\/\/www.edesia.al\/","logo":{"@type":"ImageObject","inLanguage":"en-US","@id":"https:\/\/www.edesia.al\/#\/schema\/logo\/image\/","url":"https:\/\/www.edesia.al\/wp-content\/uploads\/2026\/02\/Logo-Edesia-no-background.png","contentUrl":"https:\/\/www.edesia.al\/wp-content\/uploads\/2026\/02\/Logo-Edesia-no-background.png","width":293,"height":158,"caption":"Edesia"},"image":{"@id":"https:\/\/www.edesia.al\/#\/schema\/logo\/image\/"}}]}},"_links":{"self":[{"href":"https:\/\/www.edesia.al\/index.php?rest_route=\/wp\/v2\/product\/14793","targetHints":{"allow":["GET"]}}],"collection":[{"href":"https:\/\/www.edesia.al\/index.php?rest_route=\/wp\/v2\/product"}],"about":[{"href":"https:\/\/www.edesia.al\/index.php?rest_route=\/wp\/v2\/types\/product"}],"replies":[{"embeddable":true,"href":"https:\/\/www.edesia.al\/index.php?rest_route=%2Fwp%2Fv2%2Fcomments&post=14793"}],"wp:featuredmedia":[{"embeddable":true,"href":"https:\/\/www.edesia.al\/index.php?rest_route=\/wp\/v2\/media\/14794"}],"wp:attachment":[{"href":"https:\/\/www.edesia.al\/index.php?rest_route=%2Fwp%2Fv2%2Fmedia&parent=14793"}],"wp:term":[{"taxonomy":"kategori-sipas-dietave","embeddable":true,"href":"https:\/\/www.edesia.al\/index.php?rest_route=%2Fwp%2Fv2%2Fkategori-sipas-dietave&post=14793"},{"taxonomy":"kategori-sipas-problemeve-shende","embeddable":true,"href":"https:\/\/www.edesia.al\/index.php?rest_route=%2Fwp%2Fv2%2Fkategori-sipas-problemeve-shende&post=14793"},{"taxonomy":"produkte-me-ulje","embeddable":true,"href":"https:\/\/www.edesia.al\/index.php?rest_route=%2Fwp%2Fv2%2Fprodukte-me-ulje&post=14793"},{"taxonomy":"product_brand","embeddable":true,"href":"https:\/\/www.edesia.al\/index.php?rest_route=%2Fwp%2Fv2%2Fproduct_brand&post=14793"},{"taxonomy":"product_cat","embeddable":true,"href":"https:\/\/www.edesia.al\/index.php?rest_route=%2Fwp%2Fv2%2Fproduct_cat&post=14793"},{"taxonomy":"product_tag","embeddable":true,"href":"https:\/\/www.edesia.al\/index.php?rest_route=%2Fwp%2Fv2%2Fproduct_tag&post=14793"}],"curies":[{"name":"wp","href":"https:\/\/api.w.org\/{rel}","templated":true}]}}