{"id":14860,"date":"2026-05-05T18:47:05","date_gmt":"2026-05-05T16:47:05","guid":{"rendered":"https:\/\/www.edesia.al\/?post_type=product&#038;p=14860"},"modified":"2026-05-05T18:50:59","modified_gmt":"2026-05-05T16:50:59","slug":"caj-bimor-bio-festiv","status":"publish","type":"product","link":"https:\/\/www.edesia.al\/?product=caj-bimor-bio-festiv","title":{"rendered":"Caj Bimor Bio Festiv \u2013 Caj me Mente dhe Melise"},"content":{"rendered":"<p>\u00c7aj Bimor Bio p\u00ebr Vitin e Ri (Herbal Tea Blend)<\/p>\n<p data-start=\"576\" data-end=\"896\"><strong data-start=\"576\" data-end=\"896\">Caj bimor bio per vitin e ri \u00ebsht\u00eb nj\u00eb p\u00ebrzierje freskuese dhe aromatike me bim\u00eb natyrale, e krijuar p\u00ebr t\u00eb shoq\u00ebruar momentet festive dhe p\u00ebr t\u00eb sjell\u00eb energji pozitive n\u00eb fillimin e vitit. Ky caj bimor bio per vitin e ri kombinon mente, melis\u00eb dhe lule t\u00eb ndryshme p\u00ebr nj\u00eb shije t\u00eb leht\u00eb, freskuese dhe relaksuese.<\/strong><\/p>\n<p data-start=\"898\" data-end=\"1138\">Me citate motivuese n\u00eb \u00e7do bustin\u00eb, ky \u00e7aj nuk \u00ebsht\u00eb vet\u00ebm nj\u00eb pije, por edhe nj\u00eb eksperienc\u00eb q\u00eb frym\u00ebzon dhe sjell humor t\u00eb mir\u00eb. \u00cbsht\u00eb zgjedhja perfekte p\u00ebr mbr\u00ebmjen e Vitit t\u00eb Ri, p\u00ebr dhurata apo p\u00ebr momente relaksi gjat\u00eb dit\u00ebve festive.<\/p>\n<p data-start=\"1140\" data-end=\"1232\">Ky <strong data-start=\"1143\" data-end=\"1175\">caj bimor bio per vitin e ri<\/strong> \u00ebsht\u00eb ideal p\u00ebr t\u00eb filluar vitin me energji dhe balanc\u00eb.<\/p>\n<hr data-start=\"1234\" data-end=\"1237\" \/>\n<h4 data-section-id=\"13svfza\" data-start=\"1239\" data-end=\"1286\">\ud83c\udf3f P\u00ebrfitimet e caj bimor bio per vitin e ri<\/h4>\n<ul data-start=\"1288\" data-end=\"1445\">\n<li data-section-id=\"18luqlr\" data-start=\"1288\" data-end=\"1321\">\u2714\ufe0f Freskon dhe qet\u00ebson trupin<\/li>\n<li data-section-id=\"y839at\" data-start=\"1322\" data-end=\"1362\">\u2714\ufe0f Ndihmon n\u00eb relaksim dhe mir\u00ebqenie<\/li>\n<li data-section-id=\"1hcyrrz\" data-start=\"1363\" data-end=\"1388\">\u2714\ufe0f P\u00ebrmir\u00ebson humorin<\/li>\n<li data-section-id=\"1vyq24\" data-start=\"1389\" data-end=\"1427\">\u2714\ufe0f P\u00ebrmban bim\u00eb natyrale aromatike<\/li>\n<li data-section-id=\"1s6mlhj\" data-start=\"1428\" data-end=\"1445\">\u2714\ufe0f Pa kafein\u00eb<\/li>\n<\/ul>\n<hr data-start=\"1447\" data-end=\"1450\" \/>\n<h4 data-section-id=\"ntqv0x\" data-start=\"1452\" data-end=\"1467\">\ud83c\udf75 P\u00ebrdorimi<\/h4>\n<ul data-start=\"1469\" data-end=\"1577\">\n<li data-section-id=\"1g0apf3\" data-start=\"1469\" data-end=\"1523\">Vendosni 1 bustin\u00eb n\u00eb nj\u00eb filxhan me uj\u00eb t\u00eb valuar<\/li>\n<li data-section-id=\"1l5u7hu\" data-start=\"1524\" data-end=\"1546\">L\u00ebreni 5\u201310 minuta<\/li>\n<li data-section-id=\"70p9mp\" data-start=\"1547\" data-end=\"1577\">Konsumojeni sipas d\u00ebshir\u00ebs<\/li>\n<\/ul>\n<p data-start=\"1579\" data-end=\"1628\">\ud83d\udc49 Ideal p\u00ebr \u00e7do moment gjat\u00eb dit\u00ebs apo mbr\u00ebmjes.<\/p>\n<hr data-start=\"1630\" data-end=\"1633\" \/>\n<h4 data-section-id=\"1qpt6jj\" data-start=\"1635\" data-end=\"1651\">\ud83c\udf31 P\u00ebrb\u00ebr\u00ebsit<\/h4>\n<ul data-start=\"1653\" data-end=\"1800\">\n<li data-section-id=\"t6t5ph\" data-start=\"1653\" data-end=\"1682\">Mente molle (apple mint)*<\/li>\n<li data-section-id=\"14tonig\" data-start=\"1683\" data-end=\"1708\">Melissa (lemon balm)*<\/li>\n<li data-section-id=\"fysw3i\" data-start=\"1709\" data-end=\"1724\">Peppermint*<\/li>\n<li data-section-id=\"1yxpta3\" data-start=\"1725\" data-end=\"1748\">Malva blu (mallow)*<\/li>\n<li data-section-id=\"1gnjb6t\" data-start=\"1749\" data-end=\"1768\">Lule misri blu*<\/li>\n<li data-section-id=\"12yekew\" data-start=\"1769\" data-end=\"1800\">Lule calendula*<br data-start=\"1786\" data-end=\"1789\" \/>(*organike)<\/li>\n<\/ul>\n<hr data-start=\"1802\" data-end=\"1805\" \/>\n<h4 data-section-id=\"1qro2to\" data-start=\"1807\" data-end=\"1823\">\ud83d\udce6 P\u00ebrmbajtja<\/h4>\n<ul data-start=\"1825\" data-end=\"1846\">\n<li data-section-id=\"1kei2oy\" data-start=\"1825\" data-end=\"1846\">18 bustina x 1.5g<\/li>\n<\/ul>\n<hr data-start=\"1848\" data-end=\"1851\" \/>\n<h4 data-section-id=\"1423pgd\" data-start=\"1853\" data-end=\"1882\">\ud83d\udc9a \u00c7far\u00eb e b\u00ebn t\u00eb ve\u00e7ant\u00eb?<\/h4>\n<ul data-start=\"1884\" data-end=\"2061\">\n<li data-section-id=\"1xx76kd\" data-start=\"1884\" data-end=\"1911\">\u2714\ufe0f 100% bio dhe organik<\/li>\n<li data-section-id=\"1brbkyv\" data-start=\"1912\" data-end=\"1950\">\u2714\ufe0f Citate motivuese n\u00eb \u00e7do bustin\u00eb<\/li>\n<li data-section-id=\"11bq3t6\" data-start=\"1951\" data-end=\"1975\">\u2714\ufe0f Ideal p\u00ebr dhurat\u00eb<\/li>\n<li data-section-id=\"q9p32s\" data-start=\"1976\" data-end=\"2014\">\u2714\ufe0f Shije e fresk\u00ebt dhe e balancuar<\/li>\n<li data-section-id=\"1f3a9dr\" data-start=\"2015\" data-end=\"2061\">\u2714\ufe0f I p\u00ebrshtatsh\u00ebm p\u00ebr vegan dhe vegetarian<\/li>\n<\/ul>\n<hr data-start=\"2063\" data-end=\"2066\" \/>\n<h4 data-section-id=\"sv4i2s\" data-start=\"2068\" data-end=\"2079\">\ud83d\udc45 Shija<\/h4>\n<p data-start=\"2081\" data-end=\"2120\">Mentolike, floreale dhe me nota limoni.<\/p>\n<hr data-start=\"2122\" data-end=\"2125\" \/>\n<h4 data-section-id=\"1bvibt9\" data-start=\"2127\" data-end=\"2149\">\ud83c\udf81 Ide p\u00ebr p\u00ebrdorim<\/h4>\n<ul data-start=\"2151\" data-end=\"2253\">\n<li data-section-id=\"1b4tfav\" data-start=\"2151\" data-end=\"2179\">P\u00ebr fest\u00ebn e Vitit t\u00eb Ri<\/li>\n<li data-section-id=\"1n0jyn7\" data-start=\"2180\" data-end=\"2217\">Si dhurat\u00eb p\u00ebr miqt\u00eb dhe familjen<\/li>\n<li data-section-id=\"zmi06j\" data-start=\"2218\" data-end=\"2253\">P\u00ebr momente relaksi pas festave<\/li>\n<\/ul>\n<hr data-start=\"2255\" data-end=\"2258\" \/>\n<h4 data-section-id=\"1uolwgc\" data-start=\"2260\" data-end=\"2272\">\u26a0\ufe0f Kujdes<\/h4>\n<ul data-start=\"2274\" data-end=\"2341\">\n<li data-section-id=\"m0ni42\" data-start=\"2274\" data-end=\"2297\">Konsumojeni me mas\u00eb<\/li>\n<li data-section-id=\"uhk3on\" data-start=\"2298\" data-end=\"2341\">Ruajeni n\u00eb vend t\u00eb fresk\u00ebt dhe t\u00eb that\u00eb<\/li>\n<\/ul>\n<hr data-start=\"2343\" data-end=\"2346\" \/>\n<p data-start=\"2348\" data-end=\"2434\">\ud83d\udc49 <strong data-start=\"2351\" data-end=\"2434\">Porosite tani tek Edesia.al dhe fillo vitin me nj\u00eb ritual natyral dhe freskues.<\/strong><\/p>\n","protected":false},"excerpt":{"rendered":"<p data-start=\"2465\" data-end=\"2542\"><strong data-start=\"2468\" data-end=\"2542\">Caj bimor bio per Vitin e Ri me shije freskuese dhe mesazhe motivuese.<\/strong><\/p>\n","protected":false},"featured_media":14861,"comment_status":"open","ping_status":"closed","template":"","meta":{"_acf_changed":false,"inline_featured_image":false},"kategori-sipas-dietave":[],"kategori-sipas-problemeve-shende":[],"produkte-me-ulje":[],"product_brand":[35],"product_cat":[81,43],"product_tag":[168],"class_list":{"0":"post-14860","1":"product","2":"type-product","3":"status-publish","4":"has-post-thumbnail","6":"product_brand-sonnentor-sh-p-k","7":"product_cat-caj-bime-mjekesore","8":"product_cat-cajra","9":"product_tag-caj","11":"first","12":"instock","13":"taxable","14":"shipping-taxable","15":"purchasable","16":"product-type-simple"},"acf":[],"yoast_head":"<!-- This site is optimized with the Yoast SEO plugin v27.5 - https:\/\/yoast.com\/product\/yoast-seo-wordpress\/ -->\n<title>Caj Bimor Bio Festiv \u2013 Caj me Mente dhe Melise - Edesia<\/title>\n<meta name=\"description\" content=\"Caj bimor bio festiv me mente dhe melise. Freskues, relaksues dhe ideal si dhurate per Vitin e Ri dhe momentet e vecanta.\" \/>\n<meta name=\"robots\" content=\"index, follow, max-snippet:-1, max-image-preview:large, max-video-preview:-1\" \/>\n<link rel=\"canonical\" href=\"https:\/\/www.edesia.al\/?product=caj-bimor-bio-festiv\" \/>\n<meta property=\"og:locale\" content=\"en_US\" \/>\n<meta property=\"og:type\" content=\"article\" \/>\n<meta property=\"og:title\" content=\"Caj Bimor Bio Festiv \u2013 Caj me Mente dhe Melise - Edesia\" \/>\n<meta property=\"og:description\" content=\"Caj bimor bio festiv me mente dhe melise. Freskues, relaksues dhe ideal si dhurate per Vitin e Ri dhe momentet e vecanta.\" \/>\n<meta property=\"og:url\" content=\"https:\/\/www.edesia.al\/?product=caj-bimor-bio-festiv\" \/>\n<meta property=\"og:site_name\" content=\"Edesia\" \/>\n<meta property=\"article:modified_time\" content=\"2026-05-05T16:50:59+00:00\" \/>\n<meta property=\"og:image\" content=\"https:\/\/www.edesia.al\/wp-content\/uploads\/2026\/05\/02314_Neujahrstee_K1.5ffe5b05.jpg\" \/>\n\t<meta property=\"og:image:width\" content=\"593\" \/>\n\t<meta property=\"og:image:height\" content=\"593\" \/>\n\t<meta property=\"og:image:type\" content=\"image\/jpeg\" \/>\n<meta name=\"twitter:card\" content=\"summary_large_image\" \/>\n<meta name=\"twitter:label1\" content=\"Est. reading time\" \/>\n\t<meta name=\"twitter:data1\" content=\"2 minutes\" \/>\n<script type=\"application\/ld+json\" class=\"yoast-schema-graph\">{\"@context\":\"https:\\\/\\\/schema.org\",\"@graph\":[{\"@type\":\"WebPage\",\"@id\":\"https:\\\/\\\/www.edesia.al\\\/?product=caj-bimor-bio-festiv\",\"url\":\"https:\\\/\\\/www.edesia.al\\\/?product=caj-bimor-bio-festiv\",\"name\":\"Caj Bimor Bio Festiv \u2013 Caj me Mente dhe Melise - Edesia\",\"isPartOf\":{\"@id\":\"https:\\\/\\\/www.edesia.al\\\/#website\"},\"primaryImageOfPage\":{\"@id\":\"https:\\\/\\\/www.edesia.al\\\/?product=caj-bimor-bio-festiv#primaryimage\"},\"image\":{\"@id\":\"https:\\\/\\\/www.edesia.al\\\/?product=caj-bimor-bio-festiv#primaryimage\"},\"thumbnailUrl\":\"https:\\\/\\\/www.edesia.al\\\/wp-content\\\/uploads\\\/2026\\\/05\\\/02314_Neujahrstee_K1.5ffe5b05.jpg\",\"datePublished\":\"2026-05-05T16:47:05+00:00\",\"dateModified\":\"2026-05-05T16:50:59+00:00\",\"description\":\"Caj bimor bio festiv me mente dhe melise. Freskues, relaksues dhe ideal si dhurate per Vitin e Ri dhe momentet e vecanta.\",\"breadcrumb\":{\"@id\":\"https:\\\/\\\/www.edesia.al\\\/?product=caj-bimor-bio-festiv#breadcrumb\"},\"inLanguage\":\"en-US\",\"potentialAction\":[{\"@type\":\"ReadAction\",\"target\":[\"https:\\\/\\\/www.edesia.al\\\/?product=caj-bimor-bio-festiv\"]}]},{\"@type\":\"ImageObject\",\"inLanguage\":\"en-US\",\"@id\":\"https:\\\/\\\/www.edesia.al\\\/?product=caj-bimor-bio-festiv#primaryimage\",\"url\":\"https:\\\/\\\/www.edesia.al\\\/wp-content\\\/uploads\\\/2026\\\/05\\\/02314_Neujahrstee_K1.5ffe5b05.jpg\",\"contentUrl\":\"https:\\\/\\\/www.edesia.al\\\/wp-content\\\/uploads\\\/2026\\\/05\\\/02314_Neujahrstee_K1.5ffe5b05.jpg\",\"width\":593,\"height\":593,\"caption\":\"Caj festiv dhe freskues\"},{\"@type\":\"BreadcrumbList\",\"@id\":\"https:\\\/\\\/www.edesia.al\\\/?product=caj-bimor-bio-festiv#breadcrumb\",\"itemListElement\":[{\"@type\":\"ListItem\",\"position\":1,\"name\":\"Home\",\"item\":\"https:\\\/\\\/www.edesia.al\\\/\"},{\"@type\":\"ListItem\",\"position\":2,\"name\":\"Dyqani\",\"item\":\"https:\\\/\\\/www.edesia.al\\\/?page_id=17\"},{\"@type\":\"ListItem\",\"position\":3,\"name\":\"Caj Bimor Bio Festiv \u2013 Caj me Mente dhe Melise\"}]},{\"@type\":\"WebSite\",\"@id\":\"https:\\\/\\\/www.edesia.al\\\/#website\",\"url\":\"https:\\\/\\\/www.edesia.al\\\/\",\"name\":\"Edesia\",\"description\":\"\",\"publisher\":{\"@id\":\"https:\\\/\\\/www.edesia.al\\\/#organization\"},\"potentialAction\":[{\"@type\":\"SearchAction\",\"target\":{\"@type\":\"EntryPoint\",\"urlTemplate\":\"https:\\\/\\\/www.edesia.al\\\/?s={search_term_string}\"},\"query-input\":{\"@type\":\"PropertyValueSpecification\",\"valueRequired\":true,\"valueName\":\"search_term_string\"}}],\"inLanguage\":\"en-US\"},{\"@type\":\"Organization\",\"@id\":\"https:\\\/\\\/www.edesia.al\\\/#organization\",\"name\":\"Edesia\",\"url\":\"https:\\\/\\\/www.edesia.al\\\/\",\"logo\":{\"@type\":\"ImageObject\",\"inLanguage\":\"en-US\",\"@id\":\"https:\\\/\\\/www.edesia.al\\\/#\\\/schema\\\/logo\\\/image\\\/\",\"url\":\"https:\\\/\\\/www.edesia.al\\\/wp-content\\\/uploads\\\/2026\\\/02\\\/Logo-Edesia-no-background.png\",\"contentUrl\":\"https:\\\/\\\/www.edesia.al\\\/wp-content\\\/uploads\\\/2026\\\/02\\\/Logo-Edesia-no-background.png\",\"width\":293,\"height\":158,\"caption\":\"Edesia\"},\"image\":{\"@id\":\"https:\\\/\\\/www.edesia.al\\\/#\\\/schema\\\/logo\\\/image\\\/\"}}]}<\/script>\n<!-- \/ Yoast SEO plugin. -->","yoast_head_json":{"title":"Caj Bimor Bio Festiv \u2013 Caj me Mente dhe Melise - Edesia","description":"Caj bimor bio festiv me mente dhe melise. Freskues, relaksues dhe ideal si dhurate per Vitin e Ri dhe momentet e vecanta.","robots":{"index":"index","follow":"follow","max-snippet":"max-snippet:-1","max-image-preview":"max-image-preview:large","max-video-preview":"max-video-preview:-1"},"canonical":"https:\/\/www.edesia.al\/?product=caj-bimor-bio-festiv","og_locale":"en_US","og_type":"article","og_title":"Caj Bimor Bio Festiv \u2013 Caj me Mente dhe Melise - Edesia","og_description":"Caj bimor bio festiv me mente dhe melise. Freskues, relaksues dhe ideal si dhurate per Vitin e Ri dhe momentet e vecanta.","og_url":"https:\/\/www.edesia.al\/?product=caj-bimor-bio-festiv","og_site_name":"Edesia","article_modified_time":"2026-05-05T16:50:59+00:00","og_image":[{"width":593,"height":593,"url":"https:\/\/www.edesia.al\/wp-content\/uploads\/2026\/05\/02314_Neujahrstee_K1.5ffe5b05.jpg","type":"image\/jpeg"}],"twitter_card":"summary_large_image","twitter_misc":{"Est. reading time":"2 minutes"},"schema":{"@context":"https:\/\/schema.org","@graph":[{"@type":"WebPage","@id":"https:\/\/www.edesia.al\/?product=caj-bimor-bio-festiv","url":"https:\/\/www.edesia.al\/?product=caj-bimor-bio-festiv","name":"Caj Bimor Bio Festiv \u2013 Caj me Mente dhe Melise - Edesia","isPartOf":{"@id":"https:\/\/www.edesia.al\/#website"},"primaryImageOfPage":{"@id":"https:\/\/www.edesia.al\/?product=caj-bimor-bio-festiv#primaryimage"},"image":{"@id":"https:\/\/www.edesia.al\/?product=caj-bimor-bio-festiv#primaryimage"},"thumbnailUrl":"https:\/\/www.edesia.al\/wp-content\/uploads\/2026\/05\/02314_Neujahrstee_K1.5ffe5b05.jpg","datePublished":"2026-05-05T16:47:05+00:00","dateModified":"2026-05-05T16:50:59+00:00","description":"Caj bimor bio festiv me mente dhe melise. Freskues, relaksues dhe ideal si dhurate per Vitin e Ri dhe momentet e vecanta.","breadcrumb":{"@id":"https:\/\/www.edesia.al\/?product=caj-bimor-bio-festiv#breadcrumb"},"inLanguage":"en-US","potentialAction":[{"@type":"ReadAction","target":["https:\/\/www.edesia.al\/?product=caj-bimor-bio-festiv"]}]},{"@type":"ImageObject","inLanguage":"en-US","@id":"https:\/\/www.edesia.al\/?product=caj-bimor-bio-festiv#primaryimage","url":"https:\/\/www.edesia.al\/wp-content\/uploads\/2026\/05\/02314_Neujahrstee_K1.5ffe5b05.jpg","contentUrl":"https:\/\/www.edesia.al\/wp-content\/uploads\/2026\/05\/02314_Neujahrstee_K1.5ffe5b05.jpg","width":593,"height":593,"caption":"Caj festiv dhe freskues"},{"@type":"BreadcrumbList","@id":"https:\/\/www.edesia.al\/?product=caj-bimor-bio-festiv#breadcrumb","itemListElement":[{"@type":"ListItem","position":1,"name":"Home","item":"https:\/\/www.edesia.al\/"},{"@type":"ListItem","position":2,"name":"Dyqani","item":"https:\/\/www.edesia.al\/?page_id=17"},{"@type":"ListItem","position":3,"name":"Caj Bimor Bio Festiv \u2013 Caj me Mente dhe Melise"}]},{"@type":"WebSite","@id":"https:\/\/www.edesia.al\/#website","url":"https:\/\/www.edesia.al\/","name":"Edesia","description":"","publisher":{"@id":"https:\/\/www.edesia.al\/#organization"},"potentialAction":[{"@type":"SearchAction","target":{"@type":"EntryPoint","urlTemplate":"https:\/\/www.edesia.al\/?s={search_term_string}"},"query-input":{"@type":"PropertyValueSpecification","valueRequired":true,"valueName":"search_term_string"}}],"inLanguage":"en-US"},{"@type":"Organization","@id":"https:\/\/www.edesia.al\/#organization","name":"Edesia","url":"https:\/\/www.edesia.al\/","logo":{"@type":"ImageObject","inLanguage":"en-US","@id":"https:\/\/www.edesia.al\/#\/schema\/logo\/image\/","url":"https:\/\/www.edesia.al\/wp-content\/uploads\/2026\/02\/Logo-Edesia-no-background.png","contentUrl":"https:\/\/www.edesia.al\/wp-content\/uploads\/2026\/02\/Logo-Edesia-no-background.png","width":293,"height":158,"caption":"Edesia"},"image":{"@id":"https:\/\/www.edesia.al\/#\/schema\/logo\/image\/"}}]}},"_links":{"self":[{"href":"https:\/\/www.edesia.al\/index.php?rest_route=\/wp\/v2\/product\/14860","targetHints":{"allow":["GET"]}}],"collection":[{"href":"https:\/\/www.edesia.al\/index.php?rest_route=\/wp\/v2\/product"}],"about":[{"href":"https:\/\/www.edesia.al\/index.php?rest_route=\/wp\/v2\/types\/product"}],"replies":[{"embeddable":true,"href":"https:\/\/www.edesia.al\/index.php?rest_route=%2Fwp%2Fv2%2Fcomments&post=14860"}],"wp:featuredmedia":[{"embeddable":true,"href":"https:\/\/www.edesia.al\/index.php?rest_route=\/wp\/v2\/media\/14861"}],"wp:attachment":[{"href":"https:\/\/www.edesia.al\/index.php?rest_route=%2Fwp%2Fv2%2Fmedia&parent=14860"}],"wp:term":[{"taxonomy":"kategori-sipas-dietave","embeddable":true,"href":"https:\/\/www.edesia.al\/index.php?rest_route=%2Fwp%2Fv2%2Fkategori-sipas-dietave&post=14860"},{"taxonomy":"kategori-sipas-problemeve-shende","embeddable":true,"href":"https:\/\/www.edesia.al\/index.php?rest_route=%2Fwp%2Fv2%2Fkategori-sipas-problemeve-shende&post=14860"},{"taxonomy":"produkte-me-ulje","embeddable":true,"href":"https:\/\/www.edesia.al\/index.php?rest_route=%2Fwp%2Fv2%2Fprodukte-me-ulje&post=14860"},{"taxonomy":"product_brand","embeddable":true,"href":"https:\/\/www.edesia.al\/index.php?rest_route=%2Fwp%2Fv2%2Fproduct_brand&post=14860"},{"taxonomy":"product_cat","embeddable":true,"href":"https:\/\/www.edesia.al\/index.php?rest_route=%2Fwp%2Fv2%2Fproduct_cat&post=14860"},{"taxonomy":"product_tag","embeddable":true,"href":"https:\/\/www.edesia.al\/index.php?rest_route=%2Fwp%2Fv2%2Fproduct_tag&post=14860"}],"curies":[{"name":"wp","href":"https:\/\/api.w.org\/{rel}","templated":true}]}}