{"id":14911,"date":"2026-05-11T17:22:19","date_gmt":"2026-05-11T15:22:19","guid":{"rendered":"https:\/\/www.edesia.al\/?post_type=product&#038;p=14911"},"modified":"2026-05-11T17:23:00","modified_gmt":"2026-05-11T15:23:00","slug":"caj-christmas-chai-bio","status":"publish","type":"product","link":"https:\/\/www.edesia.al\/?product=caj-christmas-chai-bio","title":{"rendered":"Caj Christmas Chai Bio 18 Bustina \u2013 Chai Festiv"},"content":{"rendered":"<p>Christmas Chai Bio<\/p>\n<p data-start=\"439\" data-end=\"732\"><strong data-start=\"439\" data-end=\"732\">Caj Christmas Chai bio \u00ebsht\u00eb nj\u00eb p\u00ebrzierje organike festive me \u00e7aj t\u00eb zi Assam dhe er\u00ebza dim\u00ebrore q\u00eb krijojn\u00eb atmosfer\u00ebn perfekte t\u00eb festave n\u00eb \u00e7do filxhan. Ky caj Christmas Chai bio kombinon kanell\u00ebn, karafilin, portokallin dhe notat e kakaos p\u00ebr nj\u00eb eksperienc\u00eb t\u00eb ngroht\u00eb dhe aromatike.<\/strong><\/p>\n<p data-start=\"734\" data-end=\"1019\">I frym\u00ebzuar nga aromat tradicionale t\u00eb dimrit dhe Krishtlindjes, ky chai sjell ndjesi rehatie dhe ngroht\u00ebsie gjat\u00eb dit\u00ebve t\u00eb ftohta. P\u00ebrzierja e \u00e7ajit t\u00eb zi me er\u00ebzat orientale dhe vajin esencial t\u00eb portokallit krijon nj\u00eb profil unik me nota t\u00eb \u00ebmbla, pikante dhe leht\u00ebsisht \u00e7okollate.<\/p>\n<p data-start=\"1021\" data-end=\"1124\">Ky \u00ebsht\u00eb gjithashtu i vetmi chai SONNENTOR me jamball, i cili i jep nj\u00eb shije t\u00eb but\u00eb dhe t\u00eb balancuar.<\/p>\n<hr data-start=\"1126\" data-end=\"1129\" \/>\n<h4 data-section-id=\"1w0cjzy\" data-start=\"1131\" data-end=\"1174\">\ud83c\udf3f P\u00ebrfitimet e cajit Christmas Chai bio<\/h4>\n<ul data-start=\"1176\" data-end=\"1359\">\n<li data-section-id=\"4h2dem\" data-start=\"1176\" data-end=\"1215\">\u2714\ufe0f Atmosfer\u00eb festive dhe relaksuese<\/li>\n<li data-section-id=\"oyi32f\" data-start=\"1216\" data-end=\"1254\">\u2714\ufe0f Me \u00e7aj t\u00eb zi dhe er\u00ebza organike<\/li>\n<li data-section-id=\"x2qzgu\" data-start=\"1255\" data-end=\"1286\">\u2714\ufe0f Arom\u00eb e ngroht\u00eb dim\u00ebrore<\/li>\n<li data-section-id=\"6xp9cs\" data-start=\"1287\" data-end=\"1318\">\u2714\ufe0f Ideal p\u00ebr dit\u00ebt e ftohta<\/li>\n<li data-section-id=\"xeqlwe\" data-start=\"1319\" data-end=\"1359\">\u2714\ufe0f Kombinim perfekt me qum\u00ebsht bimor<\/li>\n<\/ul>\n<hr data-start=\"1361\" data-end=\"1364\" \/>\n<h4 data-section-id=\"ijmpo9\" data-start=\"1366\" data-end=\"1406\">\ud83c\udf84 Caj festiv me ereza dhe portokall<\/h4>\n<p data-start=\"1408\" data-end=\"1510\">Kanella, karafili dhe portokalli krijojn\u00eb nj\u00eb arom\u00eb t\u00eb pasur dhe festive perfekte p\u00ebr sezonin dim\u00ebror.<\/p>\n<hr data-start=\"1512\" data-end=\"1515\" \/>\n<h4 data-section-id=\"1qpt6jj\" data-start=\"1517\" data-end=\"1533\">\ud83c\udf31 P\u00ebrb\u00ebr\u00ebsit<\/h4>\n<ul data-start=\"1535\" data-end=\"1742\">\n<li data-section-id=\"6u7lu3\" data-start=\"1535\" data-end=\"1554\">L\u00ebvore kakaoje*<\/li>\n<li data-section-id=\"tqchjs\" data-start=\"1555\" data-end=\"1578\">\u00c7aj i zi Assam* 15%<\/li>\n<li data-section-id=\"no4c82\" data-start=\"1579\" data-end=\"1602\">Kanell\u00eb Cassia* 14%<\/li>\n<li data-section-id=\"1kstv94\" data-start=\"1603\" data-end=\"1615\">Karafil*<\/li>\n<li data-section-id=\"yv7bev\" data-start=\"1616\" data-end=\"1628\">Jamball*<\/li>\n<li data-section-id=\"19vsfbv\" data-start=\"1629\" data-end=\"1653\">Kanell\u00eb Ceylon* 8.2%<\/li>\n<li data-section-id=\"nc4bly\" data-start=\"1654\" data-end=\"1680\">Granula portokalli* 6%<\/li>\n<li data-section-id=\"j9g51e\" data-start=\"1681\" data-end=\"1713\">Rr\u00ebnj\u00eb luleradhiqe e pjekur*<\/li>\n<li data-section-id=\"mgznjk\" data-start=\"1714\" data-end=\"1742\">Vaj esencial portokalli*<\/li>\n<\/ul>\n<p data-start=\"1744\" data-end=\"1755\">(*organike)<\/p>\n<hr data-start=\"1757\" data-end=\"1760\" \/>\n<h4 data-section-id=\"t020x9\" data-start=\"1762\" data-end=\"1776\">\u2615 P\u00ebrdorimi<\/h4>\n<ul data-start=\"1778\" data-end=\"1887\">\n<li data-section-id=\"3a0dvx\" data-start=\"1778\" data-end=\"1817\">Vendosni 1 bustin\u00eb n\u00eb uj\u00eb t\u00eb nxeht\u00eb<\/li>\n<li data-section-id=\"15qwh7f\" data-start=\"1818\" data-end=\"1844\">L\u00ebreni p\u00ebr 5\u201310 minuta<\/li>\n<li data-section-id=\"7tm4a0\" data-start=\"1845\" data-end=\"1887\">Konsumojeni vet\u00ebm ose me qum\u00ebsht bimor<\/li>\n<\/ul>\n<p data-start=\"1889\" data-end=\"1936\">\ud83d\udc49 Mund t\u00eb \u00ebmb\u00eblsohet me mjalt\u00eb sipas d\u00ebshir\u00ebs.<\/p>\n<hr data-start=\"1938\" data-end=\"1941\" \/>\n<h4 data-section-id=\"1423pgd\" data-start=\"1943\" data-end=\"1972\">\ud83d\udc9a \u00c7far\u00eb e b\u00ebn t\u00eb ve\u00e7ant\u00eb?<\/h4>\n<ul data-start=\"1974\" data-end=\"2136\">\n<li data-section-id=\"1xx76kd\" data-start=\"1974\" data-end=\"2001\">\u2714\ufe0f 100% bio dhe organik<\/li>\n<li data-section-id=\"knex7f\" data-start=\"2002\" data-end=\"2030\">\u2714\ufe0f Vegan dhe vegjetarian<\/li>\n<li data-section-id=\"1507kl2\" data-start=\"2031\" data-end=\"2060\">\u2714\ufe0f Arom\u00eb festive dim\u00ebrore<\/li>\n<li data-section-id=\"52pma1\" data-start=\"2061\" data-end=\"2094\">\u2714\ufe0f Me vaj esencial portokalli<\/li>\n<li data-section-id=\"1pvz1x0\" data-start=\"2095\" data-end=\"2136\">\u2714\ufe0f Ambalazh compostable dhe ekologjik<\/li>\n<\/ul>\n<hr data-start=\"2138\" data-end=\"2141\" \/>\n<h4 data-section-id=\"sv4i2s\" data-start=\"2143\" data-end=\"2154\">\ud83d\udc45 Shija<\/h4>\n<p data-start=\"2156\" data-end=\"2193\">E \u00ebmb\u00ebl, pikante dhe me nota kakaoje.<\/p>\n<hr data-start=\"2195\" data-end=\"2198\" \/>\n<h4 data-section-id=\"1uolwgc\" data-start=\"2200\" data-end=\"2212\">\u26a0\ufe0f Kujdes<\/h4>\n<ul data-start=\"2214\" data-end=\"2299\">\n<li data-section-id=\"uhk3on\" data-start=\"2214\" data-end=\"2257\">Ruajeni n\u00eb vend t\u00eb fresk\u00ebt dhe t\u00eb that\u00eb<\/li>\n<li data-section-id=\"lxk9jo\" data-start=\"2258\" data-end=\"2299\">P\u00ebrmban \u00e7aj t\u00eb zi me kafein\u00eb natyrale<\/li>\n<\/ul>\n<hr data-start=\"2301\" data-end=\"2304\" \/>\n<p data-start=\"2306\" data-end=\"2388\">\ud83d\udc49 <strong data-start=\"2309\" data-end=\"2388\">Porosite tani tek Edesia.al dhe shijo arom\u00ebn festive t\u00eb Christmas Chai Bio.<\/strong><\/p>\n","protected":false},"excerpt":{"rendered":"<p>\ud83d\udc49 <strong data-start=\"2422\" data-end=\"2492\">Caj Christmas Chai bio me ereza dimri, portokall dhe note kakaoje.<\/strong><\/p>\n","protected":false},"featured_media":14912,"comment_status":"open","ping_status":"closed","template":"","meta":{"_acf_changed":false,"inline_featured_image":false},"kategori-sipas-dietave":[],"kategori-sipas-problemeve-shende":[],"produkte-me-ulje":[],"product_brand":[35],"product_cat":[81,43],"product_tag":[168],"class_list":{"0":"post-14911","1":"product","2":"type-product","3":"status-publish","4":"has-post-thumbnail","6":"product_brand-sonnentor-sh-p-k","7":"product_cat-caj-bime-mjekesore","8":"product_cat-cajra","9":"product_tag-caj","11":"first","12":"instock","13":"taxable","14":"shipping-taxable","15":"purchasable","16":"product-type-simple"},"acf":[],"yoast_head":"<!-- This site is optimized with the Yoast SEO plugin v27.5 - https:\/\/yoast.com\/product\/yoast-seo-wordpress\/ -->\n<title>Caj Christmas Chai Bio 18 Bustina \u2013 Chai Festiv - Edesia<\/title>\n<meta name=\"description\" content=\"Caj Christmas Chai bio me kanelle, karafil dhe portokall. Caj organik festiv me shije te embel, pikante dhe note kakaoje.\" \/>\n<meta name=\"robots\" content=\"index, follow, max-snippet:-1, max-image-preview:large, max-video-preview:-1\" \/>\n<link rel=\"canonical\" href=\"https:\/\/www.edesia.al\/?product=caj-christmas-chai-bio\" \/>\n<meta property=\"og:locale\" content=\"en_US\" \/>\n<meta property=\"og:type\" content=\"article\" \/>\n<meta property=\"og:title\" content=\"Caj Christmas Chai Bio 18 Bustina \u2013 Chai Festiv - Edesia\" \/>\n<meta property=\"og:description\" content=\"Caj Christmas Chai bio me kanelle, karafil dhe portokall. Caj organik festiv me shije te embel, pikante dhe note kakaoje.\" \/>\n<meta property=\"og:url\" content=\"https:\/\/www.edesia.al\/?product=caj-christmas-chai-bio\" \/>\n<meta property=\"og:site_name\" content=\"Edesia\" \/>\n<meta property=\"article:modified_time\" content=\"2026-05-11T15:23:00+00:00\" \/>\n<meta property=\"og:image\" content=\"https:\/\/www.edesia.al\/wp-content\/uploads\/2026\/05\/02342_Chai_Weihnachten-media-df42eb16-query.01568f3f.jpg\" \/>\n\t<meta property=\"og:image:width\" content=\"250\" \/>\n\t<meta property=\"og:image:height\" content=\"250\" \/>\n\t<meta property=\"og:image:type\" content=\"image\/jpeg\" \/>\n<meta name=\"twitter:card\" content=\"summary_large_image\" \/>\n<meta name=\"twitter:label1\" content=\"Est. reading time\" \/>\n\t<meta name=\"twitter:data1\" content=\"2 minutes\" \/>\n<script type=\"application\/ld+json\" class=\"yoast-schema-graph\">{\"@context\":\"https:\\\/\\\/schema.org\",\"@graph\":[{\"@type\":\"WebPage\",\"@id\":\"https:\\\/\\\/www.edesia.al\\\/?product=caj-christmas-chai-bio\",\"url\":\"https:\\\/\\\/www.edesia.al\\\/?product=caj-christmas-chai-bio\",\"name\":\"Caj Christmas Chai Bio 18 Bustina \u2013 Chai Festiv - Edesia\",\"isPartOf\":{\"@id\":\"https:\\\/\\\/www.edesia.al\\\/#website\"},\"primaryImageOfPage\":{\"@id\":\"https:\\\/\\\/www.edesia.al\\\/?product=caj-christmas-chai-bio#primaryimage\"},\"image\":{\"@id\":\"https:\\\/\\\/www.edesia.al\\\/?product=caj-christmas-chai-bio#primaryimage\"},\"thumbnailUrl\":\"https:\\\/\\\/www.edesia.al\\\/wp-content\\\/uploads\\\/2026\\\/05\\\/02342_Chai_Weihnachten-media-df42eb16-query.01568f3f.jpg\",\"datePublished\":\"2026-05-11T15:22:19+00:00\",\"dateModified\":\"2026-05-11T15:23:00+00:00\",\"description\":\"Caj Christmas Chai bio me kanelle, karafil dhe portokall. Caj organik festiv me shije te embel, pikante dhe note kakaoje.\",\"breadcrumb\":{\"@id\":\"https:\\\/\\\/www.edesia.al\\\/?product=caj-christmas-chai-bio#breadcrumb\"},\"inLanguage\":\"en-US\",\"potentialAction\":[{\"@type\":\"ReadAction\",\"target\":[\"https:\\\/\\\/www.edesia.al\\\/?product=caj-christmas-chai-bio\"]}]},{\"@type\":\"ImageObject\",\"inLanguage\":\"en-US\",\"@id\":\"https:\\\/\\\/www.edesia.al\\\/?product=caj-christmas-chai-bio#primaryimage\",\"url\":\"https:\\\/\\\/www.edesia.al\\\/wp-content\\\/uploads\\\/2026\\\/05\\\/02342_Chai_Weihnachten-media-df42eb16-query.01568f3f.jpg\",\"contentUrl\":\"https:\\\/\\\/www.edesia.al\\\/wp-content\\\/uploads\\\/2026\\\/05\\\/02342_Chai_Weihnachten-media-df42eb16-query.01568f3f.jpg\",\"width\":250,\"height\":250,\"caption\":\"Caj festiv me ereza\"},{\"@type\":\"BreadcrumbList\",\"@id\":\"https:\\\/\\\/www.edesia.al\\\/?product=caj-christmas-chai-bio#breadcrumb\",\"itemListElement\":[{\"@type\":\"ListItem\",\"position\":1,\"name\":\"Home\",\"item\":\"https:\\\/\\\/www.edesia.al\\\/\"},{\"@type\":\"ListItem\",\"position\":2,\"name\":\"Dyqani\",\"item\":\"https:\\\/\\\/www.edesia.al\\\/?page_id=17\"},{\"@type\":\"ListItem\",\"position\":3,\"name\":\"Caj Christmas Chai Bio 18 Bustina \u2013 Chai Festiv\"}]},{\"@type\":\"WebSite\",\"@id\":\"https:\\\/\\\/www.edesia.al\\\/#website\",\"url\":\"https:\\\/\\\/www.edesia.al\\\/\",\"name\":\"Edesia\",\"description\":\"\",\"publisher\":{\"@id\":\"https:\\\/\\\/www.edesia.al\\\/#organization\"},\"potentialAction\":[{\"@type\":\"SearchAction\",\"target\":{\"@type\":\"EntryPoint\",\"urlTemplate\":\"https:\\\/\\\/www.edesia.al\\\/?s={search_term_string}\"},\"query-input\":{\"@type\":\"PropertyValueSpecification\",\"valueRequired\":true,\"valueName\":\"search_term_string\"}}],\"inLanguage\":\"en-US\"},{\"@type\":\"Organization\",\"@id\":\"https:\\\/\\\/www.edesia.al\\\/#organization\",\"name\":\"Edesia\",\"url\":\"https:\\\/\\\/www.edesia.al\\\/\",\"logo\":{\"@type\":\"ImageObject\",\"inLanguage\":\"en-US\",\"@id\":\"https:\\\/\\\/www.edesia.al\\\/#\\\/schema\\\/logo\\\/image\\\/\",\"url\":\"https:\\\/\\\/www.edesia.al\\\/wp-content\\\/uploads\\\/2026\\\/02\\\/Logo-Edesia-no-background.png\",\"contentUrl\":\"https:\\\/\\\/www.edesia.al\\\/wp-content\\\/uploads\\\/2026\\\/02\\\/Logo-Edesia-no-background.png\",\"width\":293,\"height\":158,\"caption\":\"Edesia\"},\"image\":{\"@id\":\"https:\\\/\\\/www.edesia.al\\\/#\\\/schema\\\/logo\\\/image\\\/\"}}]}<\/script>\n<!-- \/ Yoast SEO plugin. -->","yoast_head_json":{"title":"Caj Christmas Chai Bio 18 Bustina \u2013 Chai Festiv - Edesia","description":"Caj Christmas Chai bio me kanelle, karafil dhe portokall. Caj organik festiv me shije te embel, pikante dhe note kakaoje.","robots":{"index":"index","follow":"follow","max-snippet":"max-snippet:-1","max-image-preview":"max-image-preview:large","max-video-preview":"max-video-preview:-1"},"canonical":"https:\/\/www.edesia.al\/?product=caj-christmas-chai-bio","og_locale":"en_US","og_type":"article","og_title":"Caj Christmas Chai Bio 18 Bustina \u2013 Chai Festiv - Edesia","og_description":"Caj Christmas Chai bio me kanelle, karafil dhe portokall. Caj organik festiv me shije te embel, pikante dhe note kakaoje.","og_url":"https:\/\/www.edesia.al\/?product=caj-christmas-chai-bio","og_site_name":"Edesia","article_modified_time":"2026-05-11T15:23:00+00:00","og_image":[{"width":250,"height":250,"url":"https:\/\/www.edesia.al\/wp-content\/uploads\/2026\/05\/02342_Chai_Weihnachten-media-df42eb16-query.01568f3f.jpg","type":"image\/jpeg"}],"twitter_card":"summary_large_image","twitter_misc":{"Est. reading time":"2 minutes"},"schema":{"@context":"https:\/\/schema.org","@graph":[{"@type":"WebPage","@id":"https:\/\/www.edesia.al\/?product=caj-christmas-chai-bio","url":"https:\/\/www.edesia.al\/?product=caj-christmas-chai-bio","name":"Caj Christmas Chai Bio 18 Bustina \u2013 Chai Festiv - Edesia","isPartOf":{"@id":"https:\/\/www.edesia.al\/#website"},"primaryImageOfPage":{"@id":"https:\/\/www.edesia.al\/?product=caj-christmas-chai-bio#primaryimage"},"image":{"@id":"https:\/\/www.edesia.al\/?product=caj-christmas-chai-bio#primaryimage"},"thumbnailUrl":"https:\/\/www.edesia.al\/wp-content\/uploads\/2026\/05\/02342_Chai_Weihnachten-media-df42eb16-query.01568f3f.jpg","datePublished":"2026-05-11T15:22:19+00:00","dateModified":"2026-05-11T15:23:00+00:00","description":"Caj Christmas Chai bio me kanelle, karafil dhe portokall. Caj organik festiv me shije te embel, pikante dhe note kakaoje.","breadcrumb":{"@id":"https:\/\/www.edesia.al\/?product=caj-christmas-chai-bio#breadcrumb"},"inLanguage":"en-US","potentialAction":[{"@type":"ReadAction","target":["https:\/\/www.edesia.al\/?product=caj-christmas-chai-bio"]}]},{"@type":"ImageObject","inLanguage":"en-US","@id":"https:\/\/www.edesia.al\/?product=caj-christmas-chai-bio#primaryimage","url":"https:\/\/www.edesia.al\/wp-content\/uploads\/2026\/05\/02342_Chai_Weihnachten-media-df42eb16-query.01568f3f.jpg","contentUrl":"https:\/\/www.edesia.al\/wp-content\/uploads\/2026\/05\/02342_Chai_Weihnachten-media-df42eb16-query.01568f3f.jpg","width":250,"height":250,"caption":"Caj festiv me ereza"},{"@type":"BreadcrumbList","@id":"https:\/\/www.edesia.al\/?product=caj-christmas-chai-bio#breadcrumb","itemListElement":[{"@type":"ListItem","position":1,"name":"Home","item":"https:\/\/www.edesia.al\/"},{"@type":"ListItem","position":2,"name":"Dyqani","item":"https:\/\/www.edesia.al\/?page_id=17"},{"@type":"ListItem","position":3,"name":"Caj Christmas Chai Bio 18 Bustina \u2013 Chai Festiv"}]},{"@type":"WebSite","@id":"https:\/\/www.edesia.al\/#website","url":"https:\/\/www.edesia.al\/","name":"Edesia","description":"","publisher":{"@id":"https:\/\/www.edesia.al\/#organization"},"potentialAction":[{"@type":"SearchAction","target":{"@type":"EntryPoint","urlTemplate":"https:\/\/www.edesia.al\/?s={search_term_string}"},"query-input":{"@type":"PropertyValueSpecification","valueRequired":true,"valueName":"search_term_string"}}],"inLanguage":"en-US"},{"@type":"Organization","@id":"https:\/\/www.edesia.al\/#organization","name":"Edesia","url":"https:\/\/www.edesia.al\/","logo":{"@type":"ImageObject","inLanguage":"en-US","@id":"https:\/\/www.edesia.al\/#\/schema\/logo\/image\/","url":"https:\/\/www.edesia.al\/wp-content\/uploads\/2026\/02\/Logo-Edesia-no-background.png","contentUrl":"https:\/\/www.edesia.al\/wp-content\/uploads\/2026\/02\/Logo-Edesia-no-background.png","width":293,"height":158,"caption":"Edesia"},"image":{"@id":"https:\/\/www.edesia.al\/#\/schema\/logo\/image\/"}}]}},"_links":{"self":[{"href":"https:\/\/www.edesia.al\/index.php?rest_route=\/wp\/v2\/product\/14911","targetHints":{"allow":["GET"]}}],"collection":[{"href":"https:\/\/www.edesia.al\/index.php?rest_route=\/wp\/v2\/product"}],"about":[{"href":"https:\/\/www.edesia.al\/index.php?rest_route=\/wp\/v2\/types\/product"}],"replies":[{"embeddable":true,"href":"https:\/\/www.edesia.al\/index.php?rest_route=%2Fwp%2Fv2%2Fcomments&post=14911"}],"wp:featuredmedia":[{"embeddable":true,"href":"https:\/\/www.edesia.al\/index.php?rest_route=\/wp\/v2\/media\/14912"}],"wp:attachment":[{"href":"https:\/\/www.edesia.al\/index.php?rest_route=%2Fwp%2Fv2%2Fmedia&parent=14911"}],"wp:term":[{"taxonomy":"kategori-sipas-dietave","embeddable":true,"href":"https:\/\/www.edesia.al\/index.php?rest_route=%2Fwp%2Fv2%2Fkategori-sipas-dietave&post=14911"},{"taxonomy":"kategori-sipas-problemeve-shende","embeddable":true,"href":"https:\/\/www.edesia.al\/index.php?rest_route=%2Fwp%2Fv2%2Fkategori-sipas-problemeve-shende&post=14911"},{"taxonomy":"produkte-me-ulje","embeddable":true,"href":"https:\/\/www.edesia.al\/index.php?rest_route=%2Fwp%2Fv2%2Fprodukte-me-ulje&post=14911"},{"taxonomy":"product_brand","embeddable":true,"href":"https:\/\/www.edesia.al\/index.php?rest_route=%2Fwp%2Fv2%2Fproduct_brand&post=14911"},{"taxonomy":"product_cat","embeddable":true,"href":"https:\/\/www.edesia.al\/index.php?rest_route=%2Fwp%2Fv2%2Fproduct_cat&post=14911"},{"taxonomy":"product_tag","embeddable":true,"href":"https:\/\/www.edesia.al\/index.php?rest_route=%2Fwp%2Fv2%2Fproduct_tag&post=14911"}],"curies":[{"name":"wp","href":"https:\/\/api.w.org\/{rel}","templated":true}]}}