{"id":14917,"date":"2026-05-11T17:47:18","date_gmt":"2026-05-11T15:47:18","guid":{"rendered":"https:\/\/www.edesia.al\/?post_type=product&#038;p=14917"},"modified":"2026-05-11T17:48:13","modified_gmt":"2026-05-11T15:48:13","slug":"caj-ginger-calm-bio","status":"publish","type":"product","link":"https:\/\/www.edesia.al\/?product=caj-ginger-calm-bio","title":{"rendered":"Caj Ginger Calm Bio 32.4g \u2013 Caj Relaksues me Xhinxher"},"content":{"rendered":"<p>\u00c7aj Ginger Calm Bio 32.4g<\/p>\n<p data-start=\"441\" data-end=\"761\"><strong data-start=\"441\" data-end=\"761\">Caj Ginger Calm bio \u00ebsht\u00eb nj\u00eb p\u00ebrzierje organike relaksuese me xhinxher, kamomil dhe livando, e krijuar p\u00ebr momente qet\u00ebsie dhe relaksi pas nj\u00eb dite t\u00eb gjat\u00eb. Ky caj Ginger Calm bio kombinon ngroht\u00ebsin\u00eb pikante t\u00eb xhinxherit me aromat floreale t\u00eb kamomilit dhe livandos p\u00ebr nj\u00eb eksperienc\u00eb t\u00eb k\u00ebndshme dhe qet\u00ebsuese.<\/strong><\/p>\n<p data-start=\"763\" data-end=\"999\">Shija e tij e pasur dhe aromatike krijon nj\u00eb ndjesi rehatie dhe ngroht\u00ebsie, duke e b\u00ebr\u00eb ideal p\u00ebr mbr\u00ebmje relaksuese ose p\u00ebrpara gjumit. P\u00ebrzierja me lemon balm, elderflower dhe lady\u2019s mantle e b\u00ebn k\u00ebt\u00eb \u00e7aj edhe m\u00eb delikat dhe harmonik.<\/p>\n<p data-start=\"1001\" data-end=\"1097\">Ky \u00e7aj \u00ebsht\u00eb perfekt p\u00ebr ata q\u00eb preferojn\u00eb \u00e7ajra bimor\u00eb me arom\u00eb t\u00eb ngroht\u00eb dhe efekt relaksues.<\/p>\n<hr data-start=\"1099\" data-end=\"1102\" \/>\n<h4 data-section-id=\"8vxom\" data-start=\"1104\" data-end=\"1144\">\ud83c\udf3f P\u00ebrfitimet e cajit Ginger Calm bio<\/h4>\n<ul data-start=\"1146\" data-end=\"1331\">\n<li data-section-id=\"187frlx\" data-start=\"1146\" data-end=\"1180\">\u2714\ufe0f Ideal p\u00ebr relaks dhe qet\u00ebsi<\/li>\n<li data-section-id=\"1m6cemx\" data-start=\"1181\" data-end=\"1220\">\u2714\ufe0f Me xhinxher, kamomil dhe livando<\/li>\n<li data-section-id=\"1kiav6j\" data-start=\"1221\" data-end=\"1255\">\u2714\ufe0f Arom\u00eb ngroh\u00ebse dhe floreale<\/li>\n<li data-section-id=\"cmpf1\" data-start=\"1256\" data-end=\"1300\">\u2714\ufe0f I p\u00ebrshtatsh\u00ebm p\u00ebr mbr\u00ebmje relaksuese<\/li>\n<li data-section-id=\"1i96au4\" data-start=\"1301\" data-end=\"1331\">\u2714\ufe0f \u00c7aj organik dhe natyral<\/li>\n<\/ul>\n<hr data-start=\"1333\" data-end=\"1336\" \/>\n<h4 data-section-id=\"1m959nt\" data-start=\"1338\" data-end=\"1378\">\ud83c\udf19 Caj relaksues per mbr\u00ebmje te qeta<\/h4>\n<p data-start=\"1380\" data-end=\"1495\">Kombinimi i xhinxherit me kamomilin dhe livandon krijon nj\u00eb \u00e7aj t\u00eb ngroht\u00eb dhe aromatik perfekt p\u00ebr fundin e dit\u00ebs.<\/p>\n<hr data-start=\"1497\" data-end=\"1500\" \/>\n<h4 data-section-id=\"1qpt6jj\" data-start=\"1502\" data-end=\"1518\">\ud83c\udf31 P\u00ebrb\u00ebr\u00ebsit<\/h4>\n<ul data-start=\"1520\" data-end=\"1683\">\n<li data-section-id=\"1bwgstz\" data-start=\"1520\" data-end=\"1541\">Cop\u00ebza xhinxheri*<\/li>\n<li data-section-id=\"enk1au\" data-start=\"1542\" data-end=\"1563\">Gjethe manaferre*<\/li>\n<li data-section-id=\"6nozjh\" data-start=\"1564\" data-end=\"1578\">Echinacea*<\/li>\n<li data-section-id=\"1onotem\" data-start=\"1579\" data-end=\"1601\">Manteli i zonjave*<\/li>\n<li data-section-id=\"132g3xh\" data-start=\"1602\" data-end=\"1617\">Lemon balm*<\/li>\n<li data-section-id=\"1qkpk9w\" data-start=\"1618\" data-end=\"1640\">Hik\u00ebrror i pjekur*<\/li>\n<li data-section-id=\"1vggvsw\" data-start=\"1641\" data-end=\"1657\">Lule shtogu*<\/li>\n<li data-section-id=\"ucxzfm\" data-start=\"1658\" data-end=\"1670\">Kamomil*<\/li>\n<li data-section-id=\"sbo4c5\" data-start=\"1671\" data-end=\"1683\">Livando*<\/li>\n<\/ul>\n<p data-start=\"1685\" data-end=\"1696\">(*organike)<\/p>\n<hr data-start=\"1698\" data-end=\"1701\" \/>\n<h4 data-section-id=\"t020x9\" data-start=\"1703\" data-end=\"1717\">\u2615 P\u00ebrdorimi<\/h4>\n<ul data-start=\"1719\" data-end=\"1843\">\n<li data-section-id=\"3a0dvx\" data-start=\"1719\" data-end=\"1758\">Vendosni 1 bustin\u00eb n\u00eb uj\u00eb t\u00eb nxeht\u00eb<\/li>\n<li data-section-id=\"15qwh7f\" data-start=\"1759\" data-end=\"1785\">L\u00ebreni p\u00ebr 5\u201310 minuta<\/li>\n<li data-section-id=\"pxt7wb\" data-start=\"1786\" data-end=\"1843\">Konsumojeni n\u00eb mbr\u00ebmje ose sipas d\u00ebshir\u00ebs gjat\u00eb dit\u00ebs<\/li>\n<\/ul>\n<p data-start=\"1845\" data-end=\"1889\">\ud83d\udc49 Ideal p\u00ebr momente relaksi dhe ngroht\u00ebsie.<\/p>\n<hr data-start=\"1891\" data-end=\"1894\" \/>\n<h4 data-section-id=\"1423pgd\" data-start=\"1896\" data-end=\"1925\">\ud83d\udc9a \u00c7far\u00eb e b\u00ebn t\u00eb ve\u00e7ant\u00eb?<\/h4>\n<ul data-start=\"1927\" data-end=\"2088\">\n<li data-section-id=\"1xx76kd\" data-start=\"1927\" data-end=\"1954\">\u2714\ufe0f 100% bio dhe organik<\/li>\n<li data-section-id=\"knex7f\" data-start=\"1955\" data-end=\"1983\">\u2714\ufe0f Vegan dhe vegjetarian<\/li>\n<li data-section-id=\"112vbl0\" data-start=\"1984\" data-end=\"2009\">\u2714\ufe0f Pa hudh\u00ebr dhe maja<\/li>\n<li data-section-id=\"1ypsfww\" data-start=\"2010\" data-end=\"2037\">\u2714\ufe0f Ambalazh compostable<\/li>\n<li data-section-id=\"iz3hjl\" data-start=\"2038\" data-end=\"2088\">\u2714\ufe0f Bustina praktike p\u00ebr p\u00ebrdorim t\u00eb p\u00ebrditsh\u00ebm<\/li>\n<\/ul>\n<hr data-start=\"2090\" data-end=\"2093\" \/>\n<h4 data-section-id=\"sv4i2s\" data-start=\"2095\" data-end=\"2106\">\ud83d\udc45 Shija<\/h4>\n<p data-start=\"2108\" data-end=\"2139\">Pikante, floreale dhe ngroh\u00ebse.<\/p>\n<hr data-start=\"2141\" data-end=\"2144\" \/>\n<h4 data-section-id=\"1uolwgc\" data-start=\"2146\" data-end=\"2158\">\u26a0\ufe0f Kujdes<\/h4>\n<ul data-start=\"2160\" data-end=\"2252\">\n<li data-section-id=\"uhk3on\" data-start=\"2160\" data-end=\"2203\">Ruajeni n\u00eb vend t\u00eb fresk\u00ebt dhe t\u00eb that\u00eb<\/li>\n<li data-section-id=\"nsncvg\" data-start=\"2204\" data-end=\"2252\">Konsumojeni si pjes\u00eb e nj\u00eb rutine relaksuese<\/li>\n<\/ul>\n<hr data-start=\"2254\" data-end=\"2257\" \/>\n<p data-start=\"2259\" data-end=\"2341\">\ud83d\udc49 <strong data-start=\"2262\" data-end=\"2341\">Porosite tani tek Edesia.al dhe shijo qet\u00ebsin\u00eb natyrale t\u00eb Ginger Calm Bio.<\/strong><\/p>\n<p data-start=\"2372\" data-end=\"2451\">\ud83d\udc49 <strong data-start=\"2375\" data-end=\"2451\">Caj Ginger Calm bio me xhinxher, kamomil dhe livando per relaks natyral.<\/strong><\/p>\n","protected":false},"excerpt":{"rendered":"<p>\ud83d\udc49 <strong data-start=\"2375\" data-end=\"2451\">Caj Ginger Calm bio me xhinxher, kamomil dhe livando per relaks natyral<\/strong><\/p>\n","protected":false},"featured_media":14918,"comment_status":"open","ping_status":"closed","template":"","meta":{"_acf_changed":false,"inline_featured_image":false},"kategori-sipas-dietave":[],"kategori-sipas-problemeve-shende":[],"produkte-me-ulje":[],"product_brand":[35],"product_cat":[81,43],"product_tag":[],"class_list":{"0":"post-14917","1":"product","2":"type-product","3":"status-publish","4":"has-post-thumbnail","6":"product_brand-sonnentor-sh-p-k","7":"product_cat-caj-bime-mjekesore","8":"product_cat-cajra","10":"first","11":"instock","12":"taxable","13":"shipping-taxable","14":"purchasable","15":"product-type-simple"},"acf":[],"yoast_head":"<!-- This site is optimized with the Yoast SEO plugin v27.5 - https:\/\/yoast.com\/product\/yoast-seo-wordpress\/ -->\n<title>Caj Ginger Calm Bio 32.4g \u2013 Caj Relaksues me Xhinxher - Edesia<\/title>\n<meta name=\"description\" content=\"Caj Ginger Calm bio me xhinxher, kamomil dhe livando. Caj organik relaksues ideal per qetesi dhe mbr\u00ebmje te ngrohta.\" \/>\n<meta name=\"robots\" content=\"index, follow, max-snippet:-1, max-image-preview:large, max-video-preview:-1\" \/>\n<link rel=\"canonical\" href=\"https:\/\/www.edesia.al\/?product=caj-ginger-calm-bio\" \/>\n<meta property=\"og:locale\" content=\"en_US\" \/>\n<meta property=\"og:type\" content=\"article\" \/>\n<meta property=\"og:title\" content=\"Caj Ginger Calm Bio 32.4g \u2013 Caj Relaksues me Xhinxher - Edesia\" \/>\n<meta property=\"og:description\" content=\"Caj Ginger Calm bio me xhinxher, kamomil dhe livando. Caj organik relaksues ideal per qetesi dhe mbr\u00ebmje te ngrohta.\" \/>\n<meta property=\"og:url\" content=\"https:\/\/www.edesia.al\/?product=caj-ginger-calm-bio\" \/>\n<meta property=\"og:site_name\" content=\"Edesia\" \/>\n<meta property=\"article:modified_time\" content=\"2026-05-11T15:48:13+00:00\" \/>\n<meta property=\"og:image\" content=\"https:\/\/www.edesia.al\/wp-content\/uploads\/2026\/05\/02570_Ingwer_Ruhe_1.116fe0a7.jpg\" \/>\n\t<meta property=\"og:image:width\" content=\"593\" \/>\n\t<meta property=\"og:image:height\" content=\"593\" \/>\n\t<meta property=\"og:image:type\" content=\"image\/jpeg\" \/>\n<meta name=\"twitter:card\" content=\"summary_large_image\" \/>\n<meta name=\"twitter:label1\" content=\"Est. reading time\" \/>\n\t<meta name=\"twitter:data1\" content=\"2 minutes\" \/>\n<script type=\"application\/ld+json\" class=\"yoast-schema-graph\">{\"@context\":\"https:\\\/\\\/schema.org\",\"@graph\":[{\"@type\":\"WebPage\",\"@id\":\"https:\\\/\\\/www.edesia.al\\\/?product=caj-ginger-calm-bio\",\"url\":\"https:\\\/\\\/www.edesia.al\\\/?product=caj-ginger-calm-bio\",\"name\":\"Caj Ginger Calm Bio 32.4g \u2013 Caj Relaksues me Xhinxher - Edesia\",\"isPartOf\":{\"@id\":\"https:\\\/\\\/www.edesia.al\\\/#website\"},\"primaryImageOfPage\":{\"@id\":\"https:\\\/\\\/www.edesia.al\\\/?product=caj-ginger-calm-bio#primaryimage\"},\"image\":{\"@id\":\"https:\\\/\\\/www.edesia.al\\\/?product=caj-ginger-calm-bio#primaryimage\"},\"thumbnailUrl\":\"https:\\\/\\\/www.edesia.al\\\/wp-content\\\/uploads\\\/2026\\\/05\\\/02570_Ingwer_Ruhe_1.116fe0a7.jpg\",\"datePublished\":\"2026-05-11T15:47:18+00:00\",\"dateModified\":\"2026-05-11T15:48:13+00:00\",\"description\":\"Caj Ginger Calm bio me xhinxher, kamomil dhe livando. Caj organik relaksues ideal per qetesi dhe mbr\u00ebmje te ngrohta.\",\"breadcrumb\":{\"@id\":\"https:\\\/\\\/www.edesia.al\\\/?product=caj-ginger-calm-bio#breadcrumb\"},\"inLanguage\":\"en-US\",\"potentialAction\":[{\"@type\":\"ReadAction\",\"target\":[\"https:\\\/\\\/www.edesia.al\\\/?product=caj-ginger-calm-bio\"]}]},{\"@type\":\"ImageObject\",\"inLanguage\":\"en-US\",\"@id\":\"https:\\\/\\\/www.edesia.al\\\/?product=caj-ginger-calm-bio#primaryimage\",\"url\":\"https:\\\/\\\/www.edesia.al\\\/wp-content\\\/uploads\\\/2026\\\/05\\\/02570_Ingwer_Ruhe_1.116fe0a7.jpg\",\"contentUrl\":\"https:\\\/\\\/www.edesia.al\\\/wp-content\\\/uploads\\\/2026\\\/05\\\/02570_Ingwer_Ruhe_1.116fe0a7.jpg\",\"width\":593,\"height\":593,\"caption\":\"Caj relaksues me xhinxher\"},{\"@type\":\"BreadcrumbList\",\"@id\":\"https:\\\/\\\/www.edesia.al\\\/?product=caj-ginger-calm-bio#breadcrumb\",\"itemListElement\":[{\"@type\":\"ListItem\",\"position\":1,\"name\":\"Home\",\"item\":\"https:\\\/\\\/www.edesia.al\\\/\"},{\"@type\":\"ListItem\",\"position\":2,\"name\":\"Dyqani\",\"item\":\"https:\\\/\\\/www.edesia.al\\\/?page_id=17\"},{\"@type\":\"ListItem\",\"position\":3,\"name\":\"Caj Ginger Calm Bio 32.4g \u2013 Caj Relaksues me Xhinxher\"}]},{\"@type\":\"WebSite\",\"@id\":\"https:\\\/\\\/www.edesia.al\\\/#website\",\"url\":\"https:\\\/\\\/www.edesia.al\\\/\",\"name\":\"Edesia\",\"description\":\"\",\"publisher\":{\"@id\":\"https:\\\/\\\/www.edesia.al\\\/#organization\"},\"potentialAction\":[{\"@type\":\"SearchAction\",\"target\":{\"@type\":\"EntryPoint\",\"urlTemplate\":\"https:\\\/\\\/www.edesia.al\\\/?s={search_term_string}\"},\"query-input\":{\"@type\":\"PropertyValueSpecification\",\"valueRequired\":true,\"valueName\":\"search_term_string\"}}],\"inLanguage\":\"en-US\"},{\"@type\":\"Organization\",\"@id\":\"https:\\\/\\\/www.edesia.al\\\/#organization\",\"name\":\"Edesia\",\"url\":\"https:\\\/\\\/www.edesia.al\\\/\",\"logo\":{\"@type\":\"ImageObject\",\"inLanguage\":\"en-US\",\"@id\":\"https:\\\/\\\/www.edesia.al\\\/#\\\/schema\\\/logo\\\/image\\\/\",\"url\":\"https:\\\/\\\/www.edesia.al\\\/wp-content\\\/uploads\\\/2026\\\/02\\\/Logo-Edesia-no-background.png\",\"contentUrl\":\"https:\\\/\\\/www.edesia.al\\\/wp-content\\\/uploads\\\/2026\\\/02\\\/Logo-Edesia-no-background.png\",\"width\":293,\"height\":158,\"caption\":\"Edesia\"},\"image\":{\"@id\":\"https:\\\/\\\/www.edesia.al\\\/#\\\/schema\\\/logo\\\/image\\\/\"}}]}<\/script>\n<!-- \/ Yoast SEO plugin. -->","yoast_head_json":{"title":"Caj Ginger Calm Bio 32.4g \u2013 Caj Relaksues me Xhinxher - Edesia","description":"Caj Ginger Calm bio me xhinxher, kamomil dhe livando. Caj organik relaksues ideal per qetesi dhe mbr\u00ebmje te ngrohta.","robots":{"index":"index","follow":"follow","max-snippet":"max-snippet:-1","max-image-preview":"max-image-preview:large","max-video-preview":"max-video-preview:-1"},"canonical":"https:\/\/www.edesia.al\/?product=caj-ginger-calm-bio","og_locale":"en_US","og_type":"article","og_title":"Caj Ginger Calm Bio 32.4g \u2013 Caj Relaksues me Xhinxher - Edesia","og_description":"Caj Ginger Calm bio me xhinxher, kamomil dhe livando. Caj organik relaksues ideal per qetesi dhe mbr\u00ebmje te ngrohta.","og_url":"https:\/\/www.edesia.al\/?product=caj-ginger-calm-bio","og_site_name":"Edesia","article_modified_time":"2026-05-11T15:48:13+00:00","og_image":[{"width":593,"height":593,"url":"https:\/\/www.edesia.al\/wp-content\/uploads\/2026\/05\/02570_Ingwer_Ruhe_1.116fe0a7.jpg","type":"image\/jpeg"}],"twitter_card":"summary_large_image","twitter_misc":{"Est. reading time":"2 minutes"},"schema":{"@context":"https:\/\/schema.org","@graph":[{"@type":"WebPage","@id":"https:\/\/www.edesia.al\/?product=caj-ginger-calm-bio","url":"https:\/\/www.edesia.al\/?product=caj-ginger-calm-bio","name":"Caj Ginger Calm Bio 32.4g \u2013 Caj Relaksues me Xhinxher - Edesia","isPartOf":{"@id":"https:\/\/www.edesia.al\/#website"},"primaryImageOfPage":{"@id":"https:\/\/www.edesia.al\/?product=caj-ginger-calm-bio#primaryimage"},"image":{"@id":"https:\/\/www.edesia.al\/?product=caj-ginger-calm-bio#primaryimage"},"thumbnailUrl":"https:\/\/www.edesia.al\/wp-content\/uploads\/2026\/05\/02570_Ingwer_Ruhe_1.116fe0a7.jpg","datePublished":"2026-05-11T15:47:18+00:00","dateModified":"2026-05-11T15:48:13+00:00","description":"Caj Ginger Calm bio me xhinxher, kamomil dhe livando. Caj organik relaksues ideal per qetesi dhe mbr\u00ebmje te ngrohta.","breadcrumb":{"@id":"https:\/\/www.edesia.al\/?product=caj-ginger-calm-bio#breadcrumb"},"inLanguage":"en-US","potentialAction":[{"@type":"ReadAction","target":["https:\/\/www.edesia.al\/?product=caj-ginger-calm-bio"]}]},{"@type":"ImageObject","inLanguage":"en-US","@id":"https:\/\/www.edesia.al\/?product=caj-ginger-calm-bio#primaryimage","url":"https:\/\/www.edesia.al\/wp-content\/uploads\/2026\/05\/02570_Ingwer_Ruhe_1.116fe0a7.jpg","contentUrl":"https:\/\/www.edesia.al\/wp-content\/uploads\/2026\/05\/02570_Ingwer_Ruhe_1.116fe0a7.jpg","width":593,"height":593,"caption":"Caj relaksues me xhinxher"},{"@type":"BreadcrumbList","@id":"https:\/\/www.edesia.al\/?product=caj-ginger-calm-bio#breadcrumb","itemListElement":[{"@type":"ListItem","position":1,"name":"Home","item":"https:\/\/www.edesia.al\/"},{"@type":"ListItem","position":2,"name":"Dyqani","item":"https:\/\/www.edesia.al\/?page_id=17"},{"@type":"ListItem","position":3,"name":"Caj Ginger Calm Bio 32.4g \u2013 Caj Relaksues me Xhinxher"}]},{"@type":"WebSite","@id":"https:\/\/www.edesia.al\/#website","url":"https:\/\/www.edesia.al\/","name":"Edesia","description":"","publisher":{"@id":"https:\/\/www.edesia.al\/#organization"},"potentialAction":[{"@type":"SearchAction","target":{"@type":"EntryPoint","urlTemplate":"https:\/\/www.edesia.al\/?s={search_term_string}"},"query-input":{"@type":"PropertyValueSpecification","valueRequired":true,"valueName":"search_term_string"}}],"inLanguage":"en-US"},{"@type":"Organization","@id":"https:\/\/www.edesia.al\/#organization","name":"Edesia","url":"https:\/\/www.edesia.al\/","logo":{"@type":"ImageObject","inLanguage":"en-US","@id":"https:\/\/www.edesia.al\/#\/schema\/logo\/image\/","url":"https:\/\/www.edesia.al\/wp-content\/uploads\/2026\/02\/Logo-Edesia-no-background.png","contentUrl":"https:\/\/www.edesia.al\/wp-content\/uploads\/2026\/02\/Logo-Edesia-no-background.png","width":293,"height":158,"caption":"Edesia"},"image":{"@id":"https:\/\/www.edesia.al\/#\/schema\/logo\/image\/"}}]}},"_links":{"self":[{"href":"https:\/\/www.edesia.al\/index.php?rest_route=\/wp\/v2\/product\/14917","targetHints":{"allow":["GET"]}}],"collection":[{"href":"https:\/\/www.edesia.al\/index.php?rest_route=\/wp\/v2\/product"}],"about":[{"href":"https:\/\/www.edesia.al\/index.php?rest_route=\/wp\/v2\/types\/product"}],"replies":[{"embeddable":true,"href":"https:\/\/www.edesia.al\/index.php?rest_route=%2Fwp%2Fv2%2Fcomments&post=14917"}],"wp:featuredmedia":[{"embeddable":true,"href":"https:\/\/www.edesia.al\/index.php?rest_route=\/wp\/v2\/media\/14918"}],"wp:attachment":[{"href":"https:\/\/www.edesia.al\/index.php?rest_route=%2Fwp%2Fv2%2Fmedia&parent=14917"}],"wp:term":[{"taxonomy":"kategori-sipas-dietave","embeddable":true,"href":"https:\/\/www.edesia.al\/index.php?rest_route=%2Fwp%2Fv2%2Fkategori-sipas-dietave&post=14917"},{"taxonomy":"kategori-sipas-problemeve-shende","embeddable":true,"href":"https:\/\/www.edesia.al\/index.php?rest_route=%2Fwp%2Fv2%2Fkategori-sipas-problemeve-shende&post=14917"},{"taxonomy":"produkte-me-ulje","embeddable":true,"href":"https:\/\/www.edesia.al\/index.php?rest_route=%2Fwp%2Fv2%2Fprodukte-me-ulje&post=14917"},{"taxonomy":"product_brand","embeddable":true,"href":"https:\/\/www.edesia.al\/index.php?rest_route=%2Fwp%2Fv2%2Fproduct_brand&post=14917"},{"taxonomy":"product_cat","embeddable":true,"href":"https:\/\/www.edesia.al\/index.php?rest_route=%2Fwp%2Fv2%2Fproduct_cat&post=14917"},{"taxonomy":"product_tag","embeddable":true,"href":"https:\/\/www.edesia.al\/index.php?rest_route=%2Fwp%2Fv2%2Fproduct_tag&post=14917"}],"curies":[{"name":"wp","href":"https:\/\/api.w.org\/{rel}","templated":true}]}}