{"id":14921,"date":"2026-05-11T18:02:56","date_gmt":"2026-05-11T16:02:56","guid":{"rendered":"https:\/\/www.edesia.al\/?post_type=product&#038;p=14921"},"modified":"2026-05-11T18:02:57","modified_gmt":"2026-05-11T16:02:57","slug":"caj-miks-bio","status":"publish","type":"product","link":"https:\/\/www.edesia.al\/?product=caj-miks-bio","title":{"rendered":"Caj Miks Bio 20 Lloje Cajrash Organike"},"content":{"rendered":"<p>\u00c7aj Miks Bio 28.5g \u2013 20 Lloje \u00c7ajrash Organike<\/p>\n<p data-start=\"438\" data-end=\"698\"><strong data-start=\"438\" data-end=\"698\">Caj miks bio \u00ebsht\u00eb nj\u00eb koleksion unik me 20 lloje t\u00eb ndryshme \u00e7ajrash organike p\u00ebr ata q\u00eb duan t\u00eb zbulojn\u00eb aroma dhe shije t\u00eb reja \u00e7do dit\u00eb. Ky caj miks bio p\u00ebrmban p\u00ebrzierje bimore relaksuese, freskuese dhe aromatike t\u00eb krijuara nga bim\u00eb organike premium.<\/strong><\/p>\n<p data-start=\"700\" data-end=\"1032\">N\u00eb k\u00ebt\u00eb paket\u00eb \u201cTry It!\u201d gjeni nj\u00eb kombinim t\u00eb \u00e7ajrave klasik\u00eb bimor\u00eb dhe p\u00ebrzierjeve speciale me mente, melis\u00eb, hith\u00ebr, kamomil, livando, trumz\u00eb, sherebel\u00eb dhe shum\u00eb bim\u00eb t\u00eb tjera aromatike. \u00c7do bustin\u00eb ofron nj\u00eb eksperienc\u00eb t\u00eb ndryshme \u2013 nga \u00e7ajrat relaksues p\u00ebr mbr\u00ebmje, tek p\u00ebrzierjet energjizuese dhe freskuese p\u00ebr gjat\u00eb dit\u00ebs.<\/p>\n<p data-start=\"1034\" data-end=\"1134\">Ky set \u00ebsht\u00eb perfekt p\u00ebr ata q\u00eb duan shum\u00ebllojshm\u00ebri, relaks dhe eksperienca t\u00eb reja n\u00eb \u00e7do filxhan.<\/p>\n<hr data-start=\"1136\" data-end=\"1139\" \/>\n<h4 data-section-id=\"cxfbl5\" data-start=\"1141\" data-end=\"1174\">\ud83c\udf3f P\u00ebrfitimet e cajit miks bio<\/h4>\n<ul data-start=\"1176\" data-end=\"1383\">\n<li data-section-id=\"1l8280a\" data-start=\"1176\" data-end=\"1220\">\u2714\ufe0f 20 lloje t\u00eb ndryshme \u00e7ajrash organike<\/li>\n<li data-section-id=\"112av7o\" data-start=\"1221\" data-end=\"1262\">\u2714\ufe0f Aroma dhe shije t\u00eb ndryshme bimore<\/li>\n<li data-section-id=\"1as6cgj\" data-start=\"1263\" data-end=\"1304\">\u2714\ufe0f P\u00ebrzierje relaksuese dhe freskuese<\/li>\n<li data-section-id=\"1g689mg\" data-start=\"1305\" data-end=\"1342\">\u2714\ufe0f Ideale p\u00ebr \u00e7do moment t\u00eb dit\u00ebs<\/li>\n<li data-section-id=\"15z933s\" data-start=\"1343\" data-end=\"1383\">\u2714\ufe0f Perfekte p\u00ebr dhurat\u00eb ose degustim<\/li>\n<\/ul>\n<hr data-start=\"1385\" data-end=\"1388\" \/>\n<h4 data-section-id=\"1ak5v1f\" data-start=\"1390\" data-end=\"1427\">\ud83c\udf75 Zbulo nje caj ndryshe cdo dite<\/h4>\n<p data-start=\"1429\" data-end=\"1585\">Nga \u00e7ajrat relaksues me melis\u00eb dhe kamomil deri tek p\u00ebrzierjet freskuese me mente dhe limon, kjo paket\u00eb sjell shum\u00ebllojshm\u00ebri n\u00eb rutin\u00ebn tuaj t\u00eb p\u00ebrditshme.<\/p>\n<hr data-start=\"1587\" data-end=\"1590\" \/>\n<h4 data-section-id=\"9ok1jh\" data-start=\"1592\" data-end=\"1619\">\ud83c\udf31 \u00c7far\u00eb p\u00ebrmban paketa?<\/h4>\n<p data-start=\"1621\" data-end=\"1676\">Paketa p\u00ebrfshin 20 bustina me p\u00ebrzierje t\u00eb ndryshme si:<\/p>\n<ul data-start=\"1678\" data-end=\"1892\">\n<li data-section-id=\"1sgqk0e\" data-start=\"1678\" data-end=\"1692\">\u00c7aj Hithre<\/li>\n<li data-section-id=\"id55sj\" data-start=\"1693\" data-end=\"1706\">\u00c7aj Mente<\/li>\n<li data-section-id=\"yjacbj\" data-start=\"1707\" data-end=\"1720\">\u00c7aj Trume<\/li>\n<li data-section-id=\"12xf42n\" data-start=\"1721\" data-end=\"1735\">\u00c7aj Melise<\/li>\n<li data-section-id=\"1v6m8nt\" data-start=\"1736\" data-end=\"1755\">\u00c7aj p\u00ebr mbr\u00ebmje<\/li>\n<li data-section-id=\"171uyf9\" data-start=\"1756\" data-end=\"1773\">\u00c7aj relaksues<\/li>\n<li data-section-id=\"q88jpq\" data-start=\"1774\" data-end=\"1790\">\u00c7aj freskues<\/li>\n<li data-section-id=\"2cu9b6\" data-start=\"1791\" data-end=\"1816\">\u00c7aj p\u00ebr humor t\u00eb mir\u00eb<\/li>\n<li data-section-id=\"1qft2qb\" data-start=\"1817\" data-end=\"1834\">\u00c7aj p\u00ebr gjum\u00eb<\/li>\n<li data-section-id=\"1o3sy6w\" data-start=\"1835\" data-end=\"1849\">\u00c7aj bitter<\/li>\n<li data-section-id=\"13avb8w\" data-start=\"1850\" data-end=\"1892\">Dhe shum\u00eb kombinime t\u00eb tjera aromatike<\/li>\n<\/ul>\n<p data-start=\"1894\" data-end=\"1934\">T\u00eb gjith\u00eb p\u00ebrb\u00ebr\u00ebsit jan\u00eb 100% organik\u00eb.<\/p>\n<hr data-start=\"1936\" data-end=\"1939\" \/>\n<h4 data-section-id=\"t020x9\" data-start=\"1941\" data-end=\"1955\">\u2615 P\u00ebrdorimi<\/h4>\n<ul data-start=\"1957\" data-end=\"2066\">\n<li data-section-id=\"3a0dvx\" data-start=\"1957\" data-end=\"1996\">Vendosni 1 bustin\u00eb n\u00eb uj\u00eb t\u00eb nxeht\u00eb<\/li>\n<li data-section-id=\"15qwh7f\" data-start=\"1997\" data-end=\"2023\">L\u00ebreni p\u00ebr 5\u201310 minuta<\/li>\n<li data-section-id=\"u7kuc3\" data-start=\"2024\" data-end=\"2066\">Konsumojeni sipas d\u00ebshir\u00ebs gjat\u00eb dit\u00ebs<\/li>\n<\/ul>\n<p data-start=\"2068\" data-end=\"2118\">\ud83d\udc49 Ideale p\u00ebr t\u00eb provuar nj\u00eb shije t\u00eb re \u00e7do dit\u00eb.<\/p>\n<h4 data-section-id=\"1423pgd\" data-start=\"2125\" data-end=\"2154\">\ud83d\udc9a \u00c7far\u00eb e b\u00ebn t\u00eb ve\u00e7ant\u00eb?<\/h4>\n<ul data-start=\"2156\" data-end=\"2329\">\n<li data-section-id=\"1xx76kd\" data-start=\"2156\" data-end=\"2183\">\u2714\ufe0f 100% bio dhe organik<\/li>\n<li data-section-id=\"knex7f\" data-start=\"2184\" data-end=\"2212\">\u2714\ufe0f Vegan dhe vegjetarian<\/li>\n<li data-section-id=\"h84493\" data-start=\"2213\" data-end=\"2254\">\u2714\ufe0f 20 \u00e7ajra t\u00eb ndrysh\u00ebm n\u00eb nj\u00eb paket\u00eb<\/li>\n<li data-section-id=\"t0a6f8\" data-start=\"2255\" data-end=\"2290\">\u2714\ufe0f Ambalazh praktik dhe elegant<\/li>\n<li data-section-id=\"cm5fna\" data-start=\"2291\" data-end=\"2329\">\u2714\ufe0f Ideale p\u00ebr degustim dhe dhurat\u00eb<\/li>\n<\/ul>\n<hr data-start=\"2331\" data-end=\"2334\" \/>\n<h4 data-section-id=\"sv4i2s\" data-start=\"2336\" data-end=\"2347\">\ud83d\udc45 Shija<\/h4>\n<p data-start=\"2349\" data-end=\"2416\">Nga freskuese dhe mentol deri tek floreale, relaksuese dhe pikante.<\/p>\n<hr data-start=\"2418\" data-end=\"2421\" \/>\n<h4 data-section-id=\"1uolwgc\" data-start=\"2423\" data-end=\"2435\">\u26a0\ufe0f Kujdes<\/h4>\n<ul data-start=\"2437\" data-end=\"2537\">\n<li data-section-id=\"uhk3on\" data-start=\"2437\" data-end=\"2480\">Ruajeni n\u00eb vend t\u00eb fresk\u00ebt dhe t\u00eb that\u00eb<\/li>\n<li data-section-id=\"clfuyo\" data-start=\"2481\" data-end=\"2537\">Konsumojeni si pjes\u00eb e nj\u00eb stili jetese t\u00eb balancuar<\/li>\n<\/ul>\n<hr data-start=\"2539\" data-end=\"2542\" \/>\n<p data-start=\"2544\" data-end=\"2644\">\ud83d\udc49 <strong data-start=\"2547\" data-end=\"2644\">Porosite tani tek Edesia.al dhe zbulo 20 eksperienca t\u00eb ndryshme \u00e7aji n\u00eb nj\u00eb paket\u00eb t\u00eb vetme.<\/strong><\/p>\n","protected":false},"excerpt":{"rendered":"<p>\ud83d\udc49 <strong data-start=\"2678\" data-end=\"2758\">Caj miks bio me 20 lloje cajrash organike per \u00e7do humor dhe moment te dites.<\/strong><\/p>\n","protected":false},"featured_media":14922,"comment_status":"open","ping_status":"closed","template":"","meta":{"_acf_changed":false,"inline_featured_image":false},"kategori-sipas-dietave":[],"kategori-sipas-problemeve-shende":[],"produkte-me-ulje":[],"product_brand":[35],"product_cat":[81,43],"product_tag":[],"class_list":{"0":"post-14921","1":"product","2":"type-product","3":"status-publish","4":"has-post-thumbnail","6":"product_brand-sonnentor-sh-p-k","7":"product_cat-caj-bime-mjekesore","8":"product_cat-cajra","10":"first","11":"instock","12":"taxable","13":"shipping-taxable","14":"purchasable","15":"product-type-simple"},"acf":[],"yoast_head":"<!-- This site is optimized with the Yoast SEO plugin v27.5 - https:\/\/yoast.com\/product\/yoast-seo-wordpress\/ -->\n<title>Caj Miks Bio 20 Lloje Cajrash Organike - Edesia<\/title>\n<meta name=\"description\" content=\"Caj miks bio me 20 lloje cajrash organike bimore. Zbuloni shije dhe aroma te ndryshme relaksuese, freskuese dhe natyrale.\" \/>\n<meta name=\"robots\" content=\"index, follow, max-snippet:-1, max-image-preview:large, max-video-preview:-1\" \/>\n<link rel=\"canonical\" href=\"https:\/\/www.edesia.al\/?product=caj-miks-bio\" \/>\n<meta property=\"og:locale\" content=\"en_US\" \/>\n<meta property=\"og:type\" content=\"article\" \/>\n<meta property=\"og:title\" content=\"Caj Miks Bio 20 Lloje Cajrash Organike - Edesia\" \/>\n<meta property=\"og:description\" content=\"Caj miks bio me 20 lloje cajrash organike bimore. Zbuloni shije dhe aroma te ndryshme relaksuese, freskuese dhe natyrale.\" \/>\n<meta property=\"og:url\" content=\"https:\/\/www.edesia.al\/?product=caj-miks-bio\" \/>\n<meta property=\"og:site_name\" content=\"Edesia\" \/>\n<meta property=\"article:modified_time\" content=\"2026-05-11T16:02:57+00:00\" \/>\n<meta property=\"og:image\" content=\"https:\/\/www.edesia.al\/wp-content\/uploads\/2026\/05\/02621_Kraeutertee_ProbierMal_4.8797feed.jpg\" \/>\n\t<meta property=\"og:image:width\" content=\"593\" \/>\n\t<meta property=\"og:image:height\" content=\"593\" \/>\n\t<meta property=\"og:image:type\" content=\"image\/jpeg\" \/>\n<meta name=\"twitter:card\" content=\"summary_large_image\" \/>\n<meta name=\"twitter:label1\" content=\"Est. reading time\" \/>\n\t<meta name=\"twitter:data1\" content=\"2 minutes\" \/>\n<script type=\"application\/ld+json\" class=\"yoast-schema-graph\">{\"@context\":\"https:\\\/\\\/schema.org\",\"@graph\":[{\"@type\":\"WebPage\",\"@id\":\"https:\\\/\\\/www.edesia.al\\\/?product=caj-miks-bio\",\"url\":\"https:\\\/\\\/www.edesia.al\\\/?product=caj-miks-bio\",\"name\":\"Caj Miks Bio 20 Lloje Cajrash Organike - Edesia\",\"isPartOf\":{\"@id\":\"https:\\\/\\\/www.edesia.al\\\/#website\"},\"primaryImageOfPage\":{\"@id\":\"https:\\\/\\\/www.edesia.al\\\/?product=caj-miks-bio#primaryimage\"},\"image\":{\"@id\":\"https:\\\/\\\/www.edesia.al\\\/?product=caj-miks-bio#primaryimage\"},\"thumbnailUrl\":\"https:\\\/\\\/www.edesia.al\\\/wp-content\\\/uploads\\\/2026\\\/05\\\/02621_Kraeutertee_ProbierMal_4.8797feed.jpg\",\"datePublished\":\"2026-05-11T16:02:56+00:00\",\"dateModified\":\"2026-05-11T16:02:57+00:00\",\"description\":\"Caj miks bio me 20 lloje cajrash organike bimore. Zbuloni shije dhe aroma te ndryshme relaksuese, freskuese dhe natyrale.\",\"breadcrumb\":{\"@id\":\"https:\\\/\\\/www.edesia.al\\\/?product=caj-miks-bio#breadcrumb\"},\"inLanguage\":\"en-US\",\"potentialAction\":[{\"@type\":\"ReadAction\",\"target\":[\"https:\\\/\\\/www.edesia.al\\\/?product=caj-miks-bio\"]}]},{\"@type\":\"ImageObject\",\"inLanguage\":\"en-US\",\"@id\":\"https:\\\/\\\/www.edesia.al\\\/?product=caj-miks-bio#primaryimage\",\"url\":\"https:\\\/\\\/www.edesia.al\\\/wp-content\\\/uploads\\\/2026\\\/05\\\/02621_Kraeutertee_ProbierMal_4.8797feed.jpg\",\"contentUrl\":\"https:\\\/\\\/www.edesia.al\\\/wp-content\\\/uploads\\\/2026\\\/05\\\/02621_Kraeutertee_ProbierMal_4.8797feed.jpg\",\"width\":593,\"height\":593,\"caption\":\"20 cajra organike ne nje paketim\"},{\"@type\":\"BreadcrumbList\",\"@id\":\"https:\\\/\\\/www.edesia.al\\\/?product=caj-miks-bio#breadcrumb\",\"itemListElement\":[{\"@type\":\"ListItem\",\"position\":1,\"name\":\"Home\",\"item\":\"https:\\\/\\\/www.edesia.al\\\/\"},{\"@type\":\"ListItem\",\"position\":2,\"name\":\"Dyqani\",\"item\":\"https:\\\/\\\/www.edesia.al\\\/?page_id=17\"},{\"@type\":\"ListItem\",\"position\":3,\"name\":\"Caj Miks Bio 20 Lloje Cajrash Organike\"}]},{\"@type\":\"WebSite\",\"@id\":\"https:\\\/\\\/www.edesia.al\\\/#website\",\"url\":\"https:\\\/\\\/www.edesia.al\\\/\",\"name\":\"Edesia\",\"description\":\"\",\"publisher\":{\"@id\":\"https:\\\/\\\/www.edesia.al\\\/#organization\"},\"potentialAction\":[{\"@type\":\"SearchAction\",\"target\":{\"@type\":\"EntryPoint\",\"urlTemplate\":\"https:\\\/\\\/www.edesia.al\\\/?s={search_term_string}\"},\"query-input\":{\"@type\":\"PropertyValueSpecification\",\"valueRequired\":true,\"valueName\":\"search_term_string\"}}],\"inLanguage\":\"en-US\"},{\"@type\":\"Organization\",\"@id\":\"https:\\\/\\\/www.edesia.al\\\/#organization\",\"name\":\"Edesia\",\"url\":\"https:\\\/\\\/www.edesia.al\\\/\",\"logo\":{\"@type\":\"ImageObject\",\"inLanguage\":\"en-US\",\"@id\":\"https:\\\/\\\/www.edesia.al\\\/#\\\/schema\\\/logo\\\/image\\\/\",\"url\":\"https:\\\/\\\/www.edesia.al\\\/wp-content\\\/uploads\\\/2026\\\/02\\\/Logo-Edesia-no-background.png\",\"contentUrl\":\"https:\\\/\\\/www.edesia.al\\\/wp-content\\\/uploads\\\/2026\\\/02\\\/Logo-Edesia-no-background.png\",\"width\":293,\"height\":158,\"caption\":\"Edesia\"},\"image\":{\"@id\":\"https:\\\/\\\/www.edesia.al\\\/#\\\/schema\\\/logo\\\/image\\\/\"}}]}<\/script>\n<!-- \/ Yoast SEO plugin. -->","yoast_head_json":{"title":"Caj Miks Bio 20 Lloje Cajrash Organike - Edesia","description":"Caj miks bio me 20 lloje cajrash organike bimore. Zbuloni shije dhe aroma te ndryshme relaksuese, freskuese dhe natyrale.","robots":{"index":"index","follow":"follow","max-snippet":"max-snippet:-1","max-image-preview":"max-image-preview:large","max-video-preview":"max-video-preview:-1"},"canonical":"https:\/\/www.edesia.al\/?product=caj-miks-bio","og_locale":"en_US","og_type":"article","og_title":"Caj Miks Bio 20 Lloje Cajrash Organike - Edesia","og_description":"Caj miks bio me 20 lloje cajrash organike bimore. Zbuloni shije dhe aroma te ndryshme relaksuese, freskuese dhe natyrale.","og_url":"https:\/\/www.edesia.al\/?product=caj-miks-bio","og_site_name":"Edesia","article_modified_time":"2026-05-11T16:02:57+00:00","og_image":[{"width":593,"height":593,"url":"https:\/\/www.edesia.al\/wp-content\/uploads\/2026\/05\/02621_Kraeutertee_ProbierMal_4.8797feed.jpg","type":"image\/jpeg"}],"twitter_card":"summary_large_image","twitter_misc":{"Est. reading time":"2 minutes"},"schema":{"@context":"https:\/\/schema.org","@graph":[{"@type":"WebPage","@id":"https:\/\/www.edesia.al\/?product=caj-miks-bio","url":"https:\/\/www.edesia.al\/?product=caj-miks-bio","name":"Caj Miks Bio 20 Lloje Cajrash Organike - Edesia","isPartOf":{"@id":"https:\/\/www.edesia.al\/#website"},"primaryImageOfPage":{"@id":"https:\/\/www.edesia.al\/?product=caj-miks-bio#primaryimage"},"image":{"@id":"https:\/\/www.edesia.al\/?product=caj-miks-bio#primaryimage"},"thumbnailUrl":"https:\/\/www.edesia.al\/wp-content\/uploads\/2026\/05\/02621_Kraeutertee_ProbierMal_4.8797feed.jpg","datePublished":"2026-05-11T16:02:56+00:00","dateModified":"2026-05-11T16:02:57+00:00","description":"Caj miks bio me 20 lloje cajrash organike bimore. Zbuloni shije dhe aroma te ndryshme relaksuese, freskuese dhe natyrale.","breadcrumb":{"@id":"https:\/\/www.edesia.al\/?product=caj-miks-bio#breadcrumb"},"inLanguage":"en-US","potentialAction":[{"@type":"ReadAction","target":["https:\/\/www.edesia.al\/?product=caj-miks-bio"]}]},{"@type":"ImageObject","inLanguage":"en-US","@id":"https:\/\/www.edesia.al\/?product=caj-miks-bio#primaryimage","url":"https:\/\/www.edesia.al\/wp-content\/uploads\/2026\/05\/02621_Kraeutertee_ProbierMal_4.8797feed.jpg","contentUrl":"https:\/\/www.edesia.al\/wp-content\/uploads\/2026\/05\/02621_Kraeutertee_ProbierMal_4.8797feed.jpg","width":593,"height":593,"caption":"20 cajra organike ne nje paketim"},{"@type":"BreadcrumbList","@id":"https:\/\/www.edesia.al\/?product=caj-miks-bio#breadcrumb","itemListElement":[{"@type":"ListItem","position":1,"name":"Home","item":"https:\/\/www.edesia.al\/"},{"@type":"ListItem","position":2,"name":"Dyqani","item":"https:\/\/www.edesia.al\/?page_id=17"},{"@type":"ListItem","position":3,"name":"Caj Miks Bio 20 Lloje Cajrash Organike"}]},{"@type":"WebSite","@id":"https:\/\/www.edesia.al\/#website","url":"https:\/\/www.edesia.al\/","name":"Edesia","description":"","publisher":{"@id":"https:\/\/www.edesia.al\/#organization"},"potentialAction":[{"@type":"SearchAction","target":{"@type":"EntryPoint","urlTemplate":"https:\/\/www.edesia.al\/?s={search_term_string}"},"query-input":{"@type":"PropertyValueSpecification","valueRequired":true,"valueName":"search_term_string"}}],"inLanguage":"en-US"},{"@type":"Organization","@id":"https:\/\/www.edesia.al\/#organization","name":"Edesia","url":"https:\/\/www.edesia.al\/","logo":{"@type":"ImageObject","inLanguage":"en-US","@id":"https:\/\/www.edesia.al\/#\/schema\/logo\/image\/","url":"https:\/\/www.edesia.al\/wp-content\/uploads\/2026\/02\/Logo-Edesia-no-background.png","contentUrl":"https:\/\/www.edesia.al\/wp-content\/uploads\/2026\/02\/Logo-Edesia-no-background.png","width":293,"height":158,"caption":"Edesia"},"image":{"@id":"https:\/\/www.edesia.al\/#\/schema\/logo\/image\/"}}]}},"_links":{"self":[{"href":"https:\/\/www.edesia.al\/index.php?rest_route=\/wp\/v2\/product\/14921","targetHints":{"allow":["GET"]}}],"collection":[{"href":"https:\/\/www.edesia.al\/index.php?rest_route=\/wp\/v2\/product"}],"about":[{"href":"https:\/\/www.edesia.al\/index.php?rest_route=\/wp\/v2\/types\/product"}],"replies":[{"embeddable":true,"href":"https:\/\/www.edesia.al\/index.php?rest_route=%2Fwp%2Fv2%2Fcomments&post=14921"}],"wp:featuredmedia":[{"embeddable":true,"href":"https:\/\/www.edesia.al\/index.php?rest_route=\/wp\/v2\/media\/14922"}],"wp:attachment":[{"href":"https:\/\/www.edesia.al\/index.php?rest_route=%2Fwp%2Fv2%2Fmedia&parent=14921"}],"wp:term":[{"taxonomy":"kategori-sipas-dietave","embeddable":true,"href":"https:\/\/www.edesia.al\/index.php?rest_route=%2Fwp%2Fv2%2Fkategori-sipas-dietave&post=14921"},{"taxonomy":"kategori-sipas-problemeve-shende","embeddable":true,"href":"https:\/\/www.edesia.al\/index.php?rest_route=%2Fwp%2Fv2%2Fkategori-sipas-problemeve-shende&post=14921"},{"taxonomy":"produkte-me-ulje","embeddable":true,"href":"https:\/\/www.edesia.al\/index.php?rest_route=%2Fwp%2Fv2%2Fprodukte-me-ulje&post=14921"},{"taxonomy":"product_brand","embeddable":true,"href":"https:\/\/www.edesia.al\/index.php?rest_route=%2Fwp%2Fv2%2Fproduct_brand&post=14921"},{"taxonomy":"product_cat","embeddable":true,"href":"https:\/\/www.edesia.al\/index.php?rest_route=%2Fwp%2Fv2%2Fproduct_cat&post=14921"},{"taxonomy":"product_tag","embeddable":true,"href":"https:\/\/www.edesia.al\/index.php?rest_route=%2Fwp%2Fv2%2Fproduct_tag&post=14921"}],"curies":[{"name":"wp","href":"https:\/\/api.w.org\/{rel}","templated":true}]}}