{"id":14927,"date":"2026-05-11T19:53:28","date_gmt":"2026-05-11T17:53:28","guid":{"rendered":"https:\/\/www.edesia.al\/?post_type=product&#038;p=14927"},"modified":"2026-05-11T19:53:29","modified_gmt":"2026-05-11T17:53:29","slug":"caj-per-pastrimin-e-melcise","status":"publish","type":"product","link":"https:\/\/www.edesia.al\/?product=caj-per-pastrimin-e-melcise","title":{"rendered":"Caj per Pastrimin e Melcise Bio 27g"},"content":{"rendered":"<p>\u00c7aj p\u00ebr Pastrimin e M\u00ebl\u00e7is\u00eb Bio 27g<\/p>\n<p data-start=\"449\" data-end=\"708\"><strong data-start=\"449\" data-end=\"708\">Caj per pastrimin e melcise \u00ebsht\u00eb nj\u00eb p\u00ebrzierje organike bimore e krijuar p\u00ebr t\u00eb mb\u00ebshtetur mir\u00ebqenien e organizmit dhe rutinat natyrale detox. Ky caj per pastrimin e melcise kombinon luleradhiqen, finokun dhe menten p\u00ebr nj\u00eb shije aromatike dhe freskuese.<\/strong><\/p>\n<p data-start=\"710\" data-end=\"983\">M\u00ebl\u00e7ia \u00ebsht\u00eb nj\u00eb nga organet kryesore t\u00eb detoksifikimit n\u00eb trup dhe rutina t\u00eb balancuara me ushqim t\u00eb sh\u00ebndetsh\u00ebm, hidratim dhe \u00e7ajra bimor\u00eb mund t\u00eb mb\u00ebshtesin mir\u00ebqenien e saj. Ky \u00e7aj p\u00ebrmban bim\u00eb aromatike tradicionale t\u00eb p\u00ebrdorura shpesh n\u00eb \u00e7ajrat detox dhe p\u00ebr tretjen.<\/p>\n<p data-start=\"985\" data-end=\"1134\">Luleradhiqja dhe finoku sjellin nota t\u00eb lehta pikante dhe t\u00eb ath\u00ebta, nd\u00ebrsa menteja dhe bari i limonit krijojn\u00eb nj\u00eb ndjesi t\u00eb fresk\u00ebt dhe relaksuese.<\/p>\n<hr data-start=\"1136\" data-end=\"1139\" \/>\n<h4 data-section-id=\"107puss\" data-start=\"1141\" data-end=\"1189\">\ud83c\udf3f P\u00ebrfitimet e cajit per pastrimin e melcise<\/h4>\n<ul data-start=\"1191\" data-end=\"1374\">\n<li data-section-id=\"10r004y\" data-start=\"1191\" data-end=\"1229\">\u2714\ufe0f Mb\u00ebshtet rutinat detox natyrale<\/li>\n<li data-section-id=\"v4np2q\" data-start=\"1230\" data-end=\"1269\">\u2714\ufe0f Me luleradhiqe dhe finok organik<\/li>\n<li data-section-id=\"1kmq2zr\" data-start=\"1270\" data-end=\"1303\">\u2714\ufe0f Ideal pas vakteve t\u00eb r\u00ebnda<\/li>\n<li data-section-id=\"17ne5kh\" data-start=\"1304\" data-end=\"1337\">\u2714\ufe0f Arom\u00eb freskuese dhe bimore<\/li>\n<li data-section-id=\"1vh609u\" data-start=\"1338\" data-end=\"1374\">\u2714\ufe0f Mb\u00ebshtet mir\u00ebqenien e tretjes<\/li>\n<\/ul>\n<hr data-start=\"1376\" data-end=\"1379\" \/>\n<h4 data-section-id=\"uctx3z\" data-start=\"1381\" data-end=\"1424\">\ud83c\udf43 Caj detox per mireqenie dhe balancim<\/h4>\n<p data-start=\"1426\" data-end=\"1531\">Kombinimi i bim\u00ebve aromatike krijon nj\u00eb \u00e7aj t\u00eb k\u00ebndsh\u00ebm p\u00ebr momente leht\u00ebsie dhe balancimi t\u00eb organizmit.<\/p>\n<hr data-start=\"1533\" data-end=\"1536\" \/>\n<h4 data-section-id=\"1qpt6jj\" data-start=\"1538\" data-end=\"1554\">\ud83c\udf31 P\u00ebrb\u00ebr\u00ebsit<\/h4>\n<ul data-start=\"1556\" data-end=\"1663\">\n<li data-section-id=\"b0trum\" data-start=\"1556\" data-end=\"1576\">Mente spearmint*<\/li>\n<li data-section-id=\"1ezt3lt\" data-start=\"1577\" data-end=\"1600\">Gjethe luleradhiqe*<\/li>\n<li data-section-id=\"1xmycwy\" data-start=\"1601\" data-end=\"1612\">Yarrow*<\/li>\n<li data-section-id=\"1epaokn\" data-start=\"1613\" data-end=\"1623\">Finok*<\/li>\n<li data-section-id=\"6vtneb\" data-start=\"1624\" data-end=\"1639\">Bar limoni*<\/li>\n<li data-section-id=\"1px5ux9\" data-start=\"1640\" data-end=\"1648\">Kim*<\/li>\n<li data-section-id=\"1qlohx7\" data-start=\"1649\" data-end=\"1663\">Calendula*<\/li>\n<\/ul>\n<p data-start=\"1665\" data-end=\"1676\">(*organike)<\/p>\n<hr data-start=\"1678\" data-end=\"1681\" \/>\n<h4 data-section-id=\"t020x9\" data-start=\"1683\" data-end=\"1697\">\u2615 P\u00ebrdorimi<\/h4>\n<ul data-start=\"1699\" data-end=\"1817\">\n<li data-section-id=\"3a0dvx\" data-start=\"1699\" data-end=\"1738\">Vendosni 1 bustin\u00eb n\u00eb uj\u00eb t\u00eb nxeht\u00eb<\/li>\n<li data-section-id=\"15qwh7f\" data-start=\"1739\" data-end=\"1765\">L\u00ebreni p\u00ebr 5\u201310 minuta<\/li>\n<li data-section-id=\"1hcf1km\" data-start=\"1766\" data-end=\"1817\">Konsumojeni 1\u20133 her\u00eb gjat\u00eb dit\u00ebs sipas d\u00ebshir\u00ebs<\/li>\n<\/ul>\n<p data-start=\"1819\" data-end=\"1868\">\ud83d\udc49 Ideale si pjes\u00eb e rutinave wellness dhe detox.<\/p>\n<hr data-start=\"1870\" data-end=\"1873\" \/>\n<h4 data-section-id=\"1423pgd\" data-start=\"1875\" data-end=\"1904\">\ud83d\udc9a \u00c7far\u00eb e b\u00ebn t\u00eb ve\u00e7ant\u00eb?<\/h4>\n<ul data-start=\"1906\" data-end=\"2069\">\n<li data-section-id=\"1xx76kd\" data-start=\"1906\" data-end=\"1933\">\u2714\ufe0f 100% bio dhe organik<\/li>\n<li data-section-id=\"knex7f\" data-start=\"1934\" data-end=\"1962\">\u2714\ufe0f Vegan dhe vegjetarian<\/li>\n<li data-section-id=\"1frlv8z\" data-start=\"1963\" data-end=\"1990\">\u2714\ufe0f Arom\u00eb natyrale detox<\/li>\n<li data-section-id=\"1ypsfww\" data-start=\"1991\" data-end=\"2018\">\u2714\ufe0f Ambalazh compostable<\/li>\n<li data-section-id=\"iz3hjl\" data-start=\"2019\" data-end=\"2069\">\u2714\ufe0f Bustina praktike p\u00ebr p\u00ebrdorim t\u00eb p\u00ebrditsh\u00ebm<\/li>\n<\/ul>\n<hr data-start=\"2071\" data-end=\"2074\" \/>\n<h4 data-section-id=\"sv4i2s\" data-start=\"2076\" data-end=\"2087\">\ud83d\udc45 Shija<\/h4>\n<p data-start=\"2089\" data-end=\"2131\">Pikante, leht\u00ebsisht e ath\u00ebt dhe freskuese.<\/p>\n<hr data-start=\"2133\" data-end=\"2136\" \/>\n<h4 data-section-id=\"1uolwgc\" data-start=\"2138\" data-end=\"2150\">\u26a0\ufe0f Kujdes<\/h4>\n<ul data-start=\"2152\" data-end=\"2269\">\n<li data-section-id=\"uhk3on\" data-start=\"2152\" data-end=\"2195\">Ruajeni n\u00eb vend t\u00eb fresk\u00ebt dhe t\u00eb that\u00eb<\/li>\n<li data-section-id=\"1jdqbhu\" data-start=\"2196\" data-end=\"2269\">Konsultohuni me specialistin gjat\u00eb shtatz\u00ebnis\u00eb ose terapive specifike<\/li>\n<\/ul>\n<hr data-start=\"2271\" data-end=\"2274\" \/>\n<p data-start=\"2276\" data-end=\"2352\">\ud83d\udc49 <strong data-start=\"2279\" data-end=\"2352\">Porosite tani tek Edesia.al dhe mb\u00ebshtet rutin\u00ebn tuaj natyrale detox.<\/strong><\/p>\n","protected":false},"excerpt":{"rendered":"<p>\ud83d\udc49 <strong data-start=\"2386\" data-end=\"2459\">Caj per pastrimin e melcise me luleradhiqe, finok dhe mente organike.<\/strong><\/p>\n","protected":false},"featured_media":14928,"comment_status":"open","ping_status":"closed","template":"","meta":{"_acf_changed":false,"inline_featured_image":false},"kategori-sipas-dietave":[89],"kategori-sipas-problemeve-shende":[83],"produkte-me-ulje":[],"product_brand":[35],"product_cat":[81,43],"product_tag":[168],"class_list":{"0":"post-14927","1":"product","2":"type-product","3":"status-publish","4":"has-post-thumbnail","6":"kategori-sipas-dietave-vegan","7":"kategori-sipas-problemeve-shende-tretje-detox","8":"product_brand-sonnentor-sh-p-k","9":"product_cat-caj-bime-mjekesore","10":"product_cat-cajra","11":"product_tag-caj","13":"first","14":"instock","15":"taxable","16":"shipping-taxable","17":"purchasable","18":"product-type-simple"},"acf":[],"yoast_head":"<!-- This site is optimized with the Yoast SEO plugin v27.5 - https:\/\/yoast.com\/product\/yoast-seo-wordpress\/ -->\n<title>Caj per Pastrimin e Melcise Bio 27g - Edesia<\/title>\n<meta name=\"description\" content=\"Caj per pastrimin e melcise me luleradhiqe, finok dhe mente. Caj organik detox per mireqenien e melcise dhe tretjes.\" \/>\n<meta name=\"robots\" content=\"index, follow, max-snippet:-1, max-image-preview:large, max-video-preview:-1\" \/>\n<link rel=\"canonical\" href=\"https:\/\/www.edesia.al\/?product=caj-per-pastrimin-e-melcise\" \/>\n<meta property=\"og:locale\" content=\"en_US\" \/>\n<meta property=\"og:type\" content=\"article\" \/>\n<meta property=\"og:title\" content=\"Caj per Pastrimin e Melcise Bio 27g - Edesia\" \/>\n<meta property=\"og:description\" content=\"Caj per pastrimin e melcise me luleradhiqe, finok dhe mente. Caj organik detox per mireqenien e melcise dhe tretjes.\" \/>\n<meta property=\"og:url\" content=\"https:\/\/www.edesia.al\/?product=caj-per-pastrimin-e-melcise\" \/>\n<meta property=\"og:site_name\" content=\"Edesia\" \/>\n<meta property=\"article:modified_time\" content=\"2026-05-11T17:53:29+00:00\" \/>\n<meta property=\"og:image\" content=\"https:\/\/www.edesia.al\/wp-content\/uploads\/2026\/05\/02704_Frei_von_der_Leber_weg_Wieder_gut_Doppelkammerbeutel.940b8252.jpg\" \/>\n\t<meta property=\"og:image:width\" content=\"593\" \/>\n\t<meta property=\"og:image:height\" content=\"593\" \/>\n\t<meta property=\"og:image:type\" content=\"image\/jpeg\" \/>\n<meta name=\"twitter:card\" content=\"summary_large_image\" \/>\n<meta name=\"twitter:label1\" content=\"Est. reading time\" \/>\n\t<meta name=\"twitter:data1\" content=\"2 minutes\" \/>\n<script type=\"application\/ld+json\" class=\"yoast-schema-graph\">{\"@context\":\"https:\\\/\\\/schema.org\",\"@graph\":[{\"@type\":\"WebPage\",\"@id\":\"https:\\\/\\\/www.edesia.al\\\/?product=caj-per-pastrimin-e-melcise\",\"url\":\"https:\\\/\\\/www.edesia.al\\\/?product=caj-per-pastrimin-e-melcise\",\"name\":\"Caj per Pastrimin e Melcise Bio 27g - Edesia\",\"isPartOf\":{\"@id\":\"https:\\\/\\\/www.edesia.al\\\/#website\"},\"primaryImageOfPage\":{\"@id\":\"https:\\\/\\\/www.edesia.al\\\/?product=caj-per-pastrimin-e-melcise#primaryimage\"},\"image\":{\"@id\":\"https:\\\/\\\/www.edesia.al\\\/?product=caj-per-pastrimin-e-melcise#primaryimage\"},\"thumbnailUrl\":\"https:\\\/\\\/www.edesia.al\\\/wp-content\\\/uploads\\\/2026\\\/05\\\/02704_Frei_von_der_Leber_weg_Wieder_gut_Doppelkammerbeutel.940b8252.jpg\",\"datePublished\":\"2026-05-11T17:53:28+00:00\",\"dateModified\":\"2026-05-11T17:53:29+00:00\",\"description\":\"Caj per pastrimin e melcise me luleradhiqe, finok dhe mente. Caj organik detox per mireqenien e melcise dhe tretjes.\",\"breadcrumb\":{\"@id\":\"https:\\\/\\\/www.edesia.al\\\/?product=caj-per-pastrimin-e-melcise#breadcrumb\"},\"inLanguage\":\"en-US\",\"potentialAction\":[{\"@type\":\"ReadAction\",\"target\":[\"https:\\\/\\\/www.edesia.al\\\/?product=caj-per-pastrimin-e-melcise\"]}]},{\"@type\":\"ImageObject\",\"inLanguage\":\"en-US\",\"@id\":\"https:\\\/\\\/www.edesia.al\\\/?product=caj-per-pastrimin-e-melcise#primaryimage\",\"url\":\"https:\\\/\\\/www.edesia.al\\\/wp-content\\\/uploads\\\/2026\\\/05\\\/02704_Frei_von_der_Leber_weg_Wieder_gut_Doppelkammerbeutel.940b8252.jpg\",\"contentUrl\":\"https:\\\/\\\/www.edesia.al\\\/wp-content\\\/uploads\\\/2026\\\/05\\\/02704_Frei_von_der_Leber_weg_Wieder_gut_Doppelkammerbeutel.940b8252.jpg\",\"width\":593,\"height\":593,\"caption\":\"Caj organik detox\"},{\"@type\":\"BreadcrumbList\",\"@id\":\"https:\\\/\\\/www.edesia.al\\\/?product=caj-per-pastrimin-e-melcise#breadcrumb\",\"itemListElement\":[{\"@type\":\"ListItem\",\"position\":1,\"name\":\"Home\",\"item\":\"https:\\\/\\\/www.edesia.al\\\/\"},{\"@type\":\"ListItem\",\"position\":2,\"name\":\"Dyqani\",\"item\":\"https:\\\/\\\/www.edesia.al\\\/?page_id=17\"},{\"@type\":\"ListItem\",\"position\":3,\"name\":\"Caj per Pastrimin e Melcise Bio 27g\"}]},{\"@type\":\"WebSite\",\"@id\":\"https:\\\/\\\/www.edesia.al\\\/#website\",\"url\":\"https:\\\/\\\/www.edesia.al\\\/\",\"name\":\"Edesia\",\"description\":\"\",\"publisher\":{\"@id\":\"https:\\\/\\\/www.edesia.al\\\/#organization\"},\"potentialAction\":[{\"@type\":\"SearchAction\",\"target\":{\"@type\":\"EntryPoint\",\"urlTemplate\":\"https:\\\/\\\/www.edesia.al\\\/?s={search_term_string}\"},\"query-input\":{\"@type\":\"PropertyValueSpecification\",\"valueRequired\":true,\"valueName\":\"search_term_string\"}}],\"inLanguage\":\"en-US\"},{\"@type\":\"Organization\",\"@id\":\"https:\\\/\\\/www.edesia.al\\\/#organization\",\"name\":\"Edesia\",\"url\":\"https:\\\/\\\/www.edesia.al\\\/\",\"logo\":{\"@type\":\"ImageObject\",\"inLanguage\":\"en-US\",\"@id\":\"https:\\\/\\\/www.edesia.al\\\/#\\\/schema\\\/logo\\\/image\\\/\",\"url\":\"https:\\\/\\\/www.edesia.al\\\/wp-content\\\/uploads\\\/2026\\\/02\\\/Logo-Edesia-no-background.png\",\"contentUrl\":\"https:\\\/\\\/www.edesia.al\\\/wp-content\\\/uploads\\\/2026\\\/02\\\/Logo-Edesia-no-background.png\",\"width\":293,\"height\":158,\"caption\":\"Edesia\"},\"image\":{\"@id\":\"https:\\\/\\\/www.edesia.al\\\/#\\\/schema\\\/logo\\\/image\\\/\"}}]}<\/script>\n<!-- \/ Yoast SEO plugin. -->","yoast_head_json":{"title":"Caj per Pastrimin e Melcise Bio 27g - Edesia","description":"Caj per pastrimin e melcise me luleradhiqe, finok dhe mente. Caj organik detox per mireqenien e melcise dhe tretjes.","robots":{"index":"index","follow":"follow","max-snippet":"max-snippet:-1","max-image-preview":"max-image-preview:large","max-video-preview":"max-video-preview:-1"},"canonical":"https:\/\/www.edesia.al\/?product=caj-per-pastrimin-e-melcise","og_locale":"en_US","og_type":"article","og_title":"Caj per Pastrimin e Melcise Bio 27g - Edesia","og_description":"Caj per pastrimin e melcise me luleradhiqe, finok dhe mente. Caj organik detox per mireqenien e melcise dhe tretjes.","og_url":"https:\/\/www.edesia.al\/?product=caj-per-pastrimin-e-melcise","og_site_name":"Edesia","article_modified_time":"2026-05-11T17:53:29+00:00","og_image":[{"width":593,"height":593,"url":"https:\/\/www.edesia.al\/wp-content\/uploads\/2026\/05\/02704_Frei_von_der_Leber_weg_Wieder_gut_Doppelkammerbeutel.940b8252.jpg","type":"image\/jpeg"}],"twitter_card":"summary_large_image","twitter_misc":{"Est. reading time":"2 minutes"},"schema":{"@context":"https:\/\/schema.org","@graph":[{"@type":"WebPage","@id":"https:\/\/www.edesia.al\/?product=caj-per-pastrimin-e-melcise","url":"https:\/\/www.edesia.al\/?product=caj-per-pastrimin-e-melcise","name":"Caj per Pastrimin e Melcise Bio 27g - Edesia","isPartOf":{"@id":"https:\/\/www.edesia.al\/#website"},"primaryImageOfPage":{"@id":"https:\/\/www.edesia.al\/?product=caj-per-pastrimin-e-melcise#primaryimage"},"image":{"@id":"https:\/\/www.edesia.al\/?product=caj-per-pastrimin-e-melcise#primaryimage"},"thumbnailUrl":"https:\/\/www.edesia.al\/wp-content\/uploads\/2026\/05\/02704_Frei_von_der_Leber_weg_Wieder_gut_Doppelkammerbeutel.940b8252.jpg","datePublished":"2026-05-11T17:53:28+00:00","dateModified":"2026-05-11T17:53:29+00:00","description":"Caj per pastrimin e melcise me luleradhiqe, finok dhe mente. Caj organik detox per mireqenien e melcise dhe tretjes.","breadcrumb":{"@id":"https:\/\/www.edesia.al\/?product=caj-per-pastrimin-e-melcise#breadcrumb"},"inLanguage":"en-US","potentialAction":[{"@type":"ReadAction","target":["https:\/\/www.edesia.al\/?product=caj-per-pastrimin-e-melcise"]}]},{"@type":"ImageObject","inLanguage":"en-US","@id":"https:\/\/www.edesia.al\/?product=caj-per-pastrimin-e-melcise#primaryimage","url":"https:\/\/www.edesia.al\/wp-content\/uploads\/2026\/05\/02704_Frei_von_der_Leber_weg_Wieder_gut_Doppelkammerbeutel.940b8252.jpg","contentUrl":"https:\/\/www.edesia.al\/wp-content\/uploads\/2026\/05\/02704_Frei_von_der_Leber_weg_Wieder_gut_Doppelkammerbeutel.940b8252.jpg","width":593,"height":593,"caption":"Caj organik detox"},{"@type":"BreadcrumbList","@id":"https:\/\/www.edesia.al\/?product=caj-per-pastrimin-e-melcise#breadcrumb","itemListElement":[{"@type":"ListItem","position":1,"name":"Home","item":"https:\/\/www.edesia.al\/"},{"@type":"ListItem","position":2,"name":"Dyqani","item":"https:\/\/www.edesia.al\/?page_id=17"},{"@type":"ListItem","position":3,"name":"Caj per Pastrimin e Melcise Bio 27g"}]},{"@type":"WebSite","@id":"https:\/\/www.edesia.al\/#website","url":"https:\/\/www.edesia.al\/","name":"Edesia","description":"","publisher":{"@id":"https:\/\/www.edesia.al\/#organization"},"potentialAction":[{"@type":"SearchAction","target":{"@type":"EntryPoint","urlTemplate":"https:\/\/www.edesia.al\/?s={search_term_string}"},"query-input":{"@type":"PropertyValueSpecification","valueRequired":true,"valueName":"search_term_string"}}],"inLanguage":"en-US"},{"@type":"Organization","@id":"https:\/\/www.edesia.al\/#organization","name":"Edesia","url":"https:\/\/www.edesia.al\/","logo":{"@type":"ImageObject","inLanguage":"en-US","@id":"https:\/\/www.edesia.al\/#\/schema\/logo\/image\/","url":"https:\/\/www.edesia.al\/wp-content\/uploads\/2026\/02\/Logo-Edesia-no-background.png","contentUrl":"https:\/\/www.edesia.al\/wp-content\/uploads\/2026\/02\/Logo-Edesia-no-background.png","width":293,"height":158,"caption":"Edesia"},"image":{"@id":"https:\/\/www.edesia.al\/#\/schema\/logo\/image\/"}}]}},"_links":{"self":[{"href":"https:\/\/www.edesia.al\/index.php?rest_route=\/wp\/v2\/product\/14927","targetHints":{"allow":["GET"]}}],"collection":[{"href":"https:\/\/www.edesia.al\/index.php?rest_route=\/wp\/v2\/product"}],"about":[{"href":"https:\/\/www.edesia.al\/index.php?rest_route=\/wp\/v2\/types\/product"}],"replies":[{"embeddable":true,"href":"https:\/\/www.edesia.al\/index.php?rest_route=%2Fwp%2Fv2%2Fcomments&post=14927"}],"wp:featuredmedia":[{"embeddable":true,"href":"https:\/\/www.edesia.al\/index.php?rest_route=\/wp\/v2\/media\/14928"}],"wp:attachment":[{"href":"https:\/\/www.edesia.al\/index.php?rest_route=%2Fwp%2Fv2%2Fmedia&parent=14927"}],"wp:term":[{"taxonomy":"kategori-sipas-dietave","embeddable":true,"href":"https:\/\/www.edesia.al\/index.php?rest_route=%2Fwp%2Fv2%2Fkategori-sipas-dietave&post=14927"},{"taxonomy":"kategori-sipas-problemeve-shende","embeddable":true,"href":"https:\/\/www.edesia.al\/index.php?rest_route=%2Fwp%2Fv2%2Fkategori-sipas-problemeve-shende&post=14927"},{"taxonomy":"produkte-me-ulje","embeddable":true,"href":"https:\/\/www.edesia.al\/index.php?rest_route=%2Fwp%2Fv2%2Fprodukte-me-ulje&post=14927"},{"taxonomy":"product_brand","embeddable":true,"href":"https:\/\/www.edesia.al\/index.php?rest_route=%2Fwp%2Fv2%2Fproduct_brand&post=14927"},{"taxonomy":"product_cat","embeddable":true,"href":"https:\/\/www.edesia.al\/index.php?rest_route=%2Fwp%2Fv2%2Fproduct_cat&post=14927"},{"taxonomy":"product_tag","embeddable":true,"href":"https:\/\/www.edesia.al\/index.php?rest_route=%2Fwp%2Fv2%2Fproduct_tag&post=14927"}],"curies":[{"name":"wp","href":"https:\/\/api.w.org\/{rel}","templated":true}]}}