{"id":14959,"date":"2026-05-12T20:00:24","date_gmt":"2026-05-12T18:00:24","guid":{"rendered":"https:\/\/www.edesia.al\/?post_type=product&#038;p=14959"},"modified":"2026-05-12T20:00:33","modified_gmt":"2026-05-12T18:00:33","slug":"shampo-per-floke-te-lyer-bio","status":"publish","type":"product","link":"https:\/\/www.edesia.al\/?product=shampo-per-floke-te-lyer-bio","title":{"rendered":"Shampo me Wild Rose p\u00ebr Flok\u00eb t\u00eb Lyer 250ml"},"content":{"rendered":"<h3>Shampo me Wild Rose p\u00ebr Flok\u00eb t\u00eb Lyer 250ml \u2013 Urtekram<\/h3>\n<p data-start=\"480\" data-end=\"807\"><strong data-start=\"480\" data-end=\"807\">Shampo per floke te lyer bio \u00ebsht\u00eb nj\u00eb shampo hidratuese dhe mbrojt\u00ebse e krijuar posa\u00e7\u00ebrisht p\u00ebr flok\u00eb t\u00eb lyer dhe t\u00eb trajtuar me boj\u00eb. Kjo shampo per floke te lyer bio nga Urtekram ndihmon n\u00eb ruajtjen e intensitetit t\u00eb ngjyr\u00ebs, shk\u00eblqimit dhe vitalitetit t\u00eb flok\u00ebve fal\u00eb formul\u00ebs s\u00eb saj t\u00eb but\u00eb me aloe vera dhe wild rose.<\/strong><\/p>\n<p data-start=\"809\" data-end=\"1042\">Formula p\u00ebrmban aloe vera hidratuese, ekstrakt blue sea kale dhe ekstrakt panxhari q\u00eb ndihmojn\u00eb n\u00eb mbrojtjen e flokut nga humbja e ngjyr\u00ebs si pasoj\u00eb e larjes dhe stilimit. Flok\u00ebt mbeten m\u00eb t\u00eb but\u00eb, t\u00eb ushqyer dhe me shk\u00eblqim natyral.<\/p>\n<p data-start=\"1044\" data-end=\"1183\">Aroma elegante e wild rose krijon nj\u00eb eksperienc\u00eb t\u00eb k\u00ebndshme gjat\u00eb larjes dhe e b\u00ebn k\u00ebt\u00eb shampo ideale p\u00ebr rutin\u00ebn e p\u00ebrditshme hair care.<\/p>\n<hr data-start=\"1185\" data-end=\"1188\" \/>\n<h4 data-section-id=\"5xs5hz\" data-start=\"1190\" data-end=\"1237\">\ud83c\udf3f P\u00ebrfitimet e shampo per floke te lyer bio<\/h4>\n<ul data-start=\"1239\" data-end=\"1506\">\n<li data-section-id=\"1hax243\" data-start=\"1239\" data-end=\"1286\">\u2714\ufe0f Ndihmon n\u00eb ruajtjen e ngjyr\u00ebs s\u00eb flok\u00ebve<\/li>\n<li data-section-id=\"1sxse1k\" data-start=\"1287\" data-end=\"1320\">\u2714\ufe0f Hidraton dhe ushqen flokun<\/li>\n<li data-section-id=\"66lg31\" data-start=\"1321\" data-end=\"1354\">\u2714\ufe0f Jep shk\u00eblqim dhe vitalitet<\/li>\n<li data-section-id=\"4x3sb7\" data-start=\"1355\" data-end=\"1416\">\u2714\ufe0f Ndihmon n\u00eb mbrojtjen nga stilimi dhe larjet e shpeshta<\/li>\n<li data-section-id=\"18op1c8\" data-start=\"1417\" data-end=\"1450\">\u2714\ufe0f Me aloe vera dhe wild rose<\/li>\n<li data-section-id=\"1sq4ht8\" data-start=\"1451\" data-end=\"1506\">\u2714\ufe0f I p\u00ebrshtatsh\u00ebm p\u00ebr flok\u00eb t\u00eb lyer dhe t\u00eb trajtuar<\/li>\n<\/ul>\n<h4 data-section-id=\"fb25vr\" data-start=\"1513\" data-end=\"1552\">Kujdes natyral per floket e lyer<\/h4>\n<p data-start=\"1554\" data-end=\"1691\">Wild rose dhe aloe vera ndihmojn\u00eb n\u00eb ruajtjen e but\u00ebsis\u00eb dhe shk\u00eblqimit t\u00eb flok\u00ebve duke mb\u00ebshtetur ngjyr\u00ebn e tyre natyrale dhe intensive.<\/p>\n<hr data-start=\"1693\" data-end=\"1696\" \/>\n<h4 data-section-id=\"1qjcuv3\" data-start=\"1698\" data-end=\"1723\">\ud83c\udf31 P\u00ebrb\u00ebr\u00ebsit kryesor\u00eb<\/h4>\n<ul data-start=\"1725\" data-end=\"1851\">\n<li data-section-id=\"14trad\" data-start=\"1725\" data-end=\"1739\">Aloe Vera*<\/li>\n<li data-section-id=\"d183ru\" data-start=\"1740\" data-end=\"1763\">Ekstrakt Wild Rose*<\/li>\n<li data-section-id=\"3rm794\" data-start=\"1764\" data-end=\"1785\">Ekstrakt panxhari<\/li>\n<li data-section-id=\"1u34ylr\" data-start=\"1786\" data-end=\"1811\">Blue Sea Kale Extract<\/li>\n<li data-section-id=\"1r9lidl\" data-start=\"1812\" data-end=\"1824\">Glycerin<\/li>\n<li data-section-id=\"1nbc0f5\" data-start=\"1825\" data-end=\"1851\">Fructooligosaccharides<\/li>\n<\/ul>\n<p data-start=\"1853\" data-end=\"1876\">(*nga bujq\u00ebsi organike)<\/p>\n<h4 data-section-id=\"gnowgi\" data-start=\"1883\" data-end=\"1898\">P\u00ebrdorimi<\/h4>\n<ul data-start=\"1900\" data-end=\"2032\">\n<li data-section-id=\"yyw3m9\" data-start=\"1900\" data-end=\"1933\">Masazhojeni n\u00eb flok\u00eb t\u00eb lagur<\/li>\n<li data-section-id=\"11mi7d8\" data-start=\"1934\" data-end=\"1960\">Shp\u00eblajeni mir\u00eb me uj\u00eb<\/li>\n<li data-section-id=\"ay7fcb\" data-start=\"1961\" data-end=\"2032\">P\u00ebrdoreni s\u00eb bashku me Wild Rose Conditioner p\u00ebr rezultate optimale<\/li>\n<\/ul>\n<p data-start=\"2034\" data-end=\"2079\">\ud83d\udc49 I p\u00ebrshtatsh\u00ebm p\u00ebr p\u00ebrdorim t\u00eb p\u00ebrditsh\u00ebm.<\/p>\n<hr data-start=\"2081\" data-end=\"2084\" \/>\n<h4 data-section-id=\"1423pgd\" data-start=\"2086\" data-end=\"2115\">\ud83d\udc9a \u00c7far\u00eb e b\u00ebn t\u00eb ve\u00e7ant\u00eb?<\/h4>\n<ul data-start=\"2117\" data-end=\"2298\">\n<li data-section-id=\"cwpm4a\" data-start=\"2117\" data-end=\"2158\">\u2714\ufe0f Me p\u00ebrb\u00ebr\u00ebs organic t\u00eb certifikuar<\/li>\n<li data-section-id=\"27i7u3\" data-start=\"2159\" data-end=\"2198\">\u2714\ufe0f Formul\u00eb e but\u00eb p\u00ebr flok\u00eb t\u00eb lyer<\/li>\n<li data-section-id=\"16ckla5\" data-start=\"2199\" data-end=\"2235\">\u2714\ufe0f Ndihmon n\u00eb ruajtjen e ngjyr\u00ebs<\/li>\n<li data-section-id=\"1473l20\" data-start=\"2236\" data-end=\"2266\">\u2714\ufe0f Me aloe vera hidratuese<\/li>\n<li data-section-id=\"14wgebl\" data-start=\"2267\" data-end=\"2298\">\u2714\ufe0f Arom\u00eb elegante wild rose<\/li>\n<\/ul>\n<hr data-start=\"2300\" data-end=\"2303\" \/>\n<h4 data-section-id=\"t21nsd\" data-start=\"2305\" data-end=\"2316\">\ud83d\udc45 Aroma<\/h4>\n<p data-start=\"2318\" data-end=\"2367\">E fresk\u00ebt, lulesh dhe elegante me nota wild rose.<\/p>\n<h4 data-section-id=\"1uolwgc\" data-start=\"2374\" data-end=\"2386\">\u26a0\ufe0f Kujdes<\/h4>\n<ul data-start=\"2388\" data-end=\"2496\">\n<li data-section-id=\"15ge03t\" data-start=\"2388\" data-end=\"2421\">Vet\u00ebm p\u00ebr p\u00ebrdorim t\u00eb jasht\u00ebm<\/li>\n<li data-section-id=\"p581ez\" data-start=\"2422\" data-end=\"2452\">Shmangni kontaktin me syt\u00eb<\/li>\n<li data-section-id=\"uhk3on\" data-start=\"2453\" data-end=\"2496\">Ruajeni n\u00eb vend t\u00eb fresk\u00ebt dhe t\u00eb that\u00eb<\/li>\n<\/ul>\n<hr data-start=\"2498\" data-end=\"2501\" \/>\n<p data-start=\"2503\" data-end=\"2613\">\ud83d\udc49 <strong data-start=\"2506\" data-end=\"2613\">Porosite tani tek Edesia.al dhe kujdesu p\u00ebr flok\u00eb t\u00eb lyer me shampo per floke te lyer bio nga Urtekram.<\/strong><\/p>\n","protected":false},"excerpt":{"rendered":"<p>Shampo per floke te lyer bio me aloe vera dhe wild rose per mbrojtjen e ngjyres dhe shkelqimit.<\/p>\n","protected":false},"featured_media":14960,"comment_status":"open","ping_status":"closed","template":"","meta":{"_acf_changed":false,"inline_featured_image":false},"kategori-sipas-dietave":[],"kategori-sipas-problemeve-shende":[],"produkte-me-ulje":[],"product_brand":[96,25],"product_cat":[79,56],"product_tag":[],"class_list":{"0":"post-14959","1":"product","2":"type-product","3":"status-publish","4":"has-post-thumbnail","6":"product_brand-beauty-life","7":"product_brand-urtekram","8":"product_cat-kozmetike-kujdes-personal","9":"product_cat-shampo-bio","11":"first","12":"instock","13":"taxable","14":"shipping-taxable","15":"purchasable","16":"product-type-simple"},"acf":[],"yoast_head":"<!-- This site is optimized with the Yoast SEO plugin v27.5 - https:\/\/yoast.com\/product\/yoast-seo-wordpress\/ -->\n<title>Shampo me Wild Rose p\u00ebr Flok\u00eb t\u00eb Lyer 250ml - Edesia<\/title>\n<meta name=\"description\" content=\"Shampo per floke te lyer bio me aloe vera dhe wild rose qe ndihmon ne ruajtjen e ngjyres dhe shkelqimit te flokut.\" \/>\n<meta name=\"robots\" content=\"index, follow, max-snippet:-1, max-image-preview:large, max-video-preview:-1\" \/>\n<link rel=\"canonical\" href=\"https:\/\/www.edesia.al\/?product=shampo-per-floke-te-lyer-bio\" \/>\n<meta property=\"og:locale\" content=\"en_US\" \/>\n<meta property=\"og:type\" content=\"article\" \/>\n<meta property=\"og:title\" content=\"Shampo me Wild Rose p\u00ebr Flok\u00eb t\u00eb Lyer 250ml - Edesia\" \/>\n<meta property=\"og:description\" content=\"Shampo per floke te lyer bio me aloe vera dhe wild rose qe ndihmon ne ruajtjen e ngjyres dhe shkelqimit te flokut.\" \/>\n<meta property=\"og:url\" content=\"https:\/\/www.edesia.al\/?product=shampo-per-floke-te-lyer-bio\" \/>\n<meta property=\"og:site_name\" content=\"Edesia\" \/>\n<meta property=\"article:modified_time\" content=\"2026-05-12T18:00:33+00:00\" \/>\n<meta property=\"og:image\" content=\"https:\/\/www.edesia.al\/wp-content\/uploads\/2026\/05\/wild-rose-shampoo-organicland-1.jpg\" \/>\n\t<meta property=\"og:image:width\" content=\"600\" \/>\n\t<meta property=\"og:image:height\" content=\"600\" \/>\n\t<meta property=\"og:image:type\" content=\"image\/jpeg\" \/>\n<meta name=\"twitter:card\" content=\"summary_large_image\" \/>\n<meta name=\"twitter:label1\" content=\"Est. reading time\" \/>\n\t<meta name=\"twitter:data1\" content=\"2 minutes\" \/>\n<script type=\"application\/ld+json\" class=\"yoast-schema-graph\">{\"@context\":\"https:\\\/\\\/schema.org\",\"@graph\":[{\"@type\":\"WebPage\",\"@id\":\"https:\\\/\\\/www.edesia.al\\\/?product=shampo-per-floke-te-lyer-bio\",\"url\":\"https:\\\/\\\/www.edesia.al\\\/?product=shampo-per-floke-te-lyer-bio\",\"name\":\"Shampo me Wild Rose p\u00ebr Flok\u00eb t\u00eb Lyer 250ml - Edesia\",\"isPartOf\":{\"@id\":\"https:\\\/\\\/www.edesia.al\\\/#website\"},\"primaryImageOfPage\":{\"@id\":\"https:\\\/\\\/www.edesia.al\\\/?product=shampo-per-floke-te-lyer-bio#primaryimage\"},\"image\":{\"@id\":\"https:\\\/\\\/www.edesia.al\\\/?product=shampo-per-floke-te-lyer-bio#primaryimage\"},\"thumbnailUrl\":\"https:\\\/\\\/www.edesia.al\\\/wp-content\\\/uploads\\\/2026\\\/05\\\/wild-rose-shampoo-organicland-1.jpg\",\"datePublished\":\"2026-05-12T18:00:24+00:00\",\"dateModified\":\"2026-05-12T18:00:33+00:00\",\"description\":\"Shampo per floke te lyer bio me aloe vera dhe wild rose qe ndihmon ne ruajtjen e ngjyres dhe shkelqimit te flokut.\",\"breadcrumb\":{\"@id\":\"https:\\\/\\\/www.edesia.al\\\/?product=shampo-per-floke-te-lyer-bio#breadcrumb\"},\"inLanguage\":\"en-US\",\"potentialAction\":[{\"@type\":\"ReadAction\",\"target\":[\"https:\\\/\\\/www.edesia.al\\\/?product=shampo-per-floke-te-lyer-bio\"]}]},{\"@type\":\"ImageObject\",\"inLanguage\":\"en-US\",\"@id\":\"https:\\\/\\\/www.edesia.al\\\/?product=shampo-per-floke-te-lyer-bio#primaryimage\",\"url\":\"https:\\\/\\\/www.edesia.al\\\/wp-content\\\/uploads\\\/2026\\\/05\\\/wild-rose-shampoo-organicland-1.jpg\",\"contentUrl\":\"https:\\\/\\\/www.edesia.al\\\/wp-content\\\/uploads\\\/2026\\\/05\\\/wild-rose-shampoo-organicland-1.jpg\",\"width\":600,\"height\":600},{\"@type\":\"BreadcrumbList\",\"@id\":\"https:\\\/\\\/www.edesia.al\\\/?product=shampo-per-floke-te-lyer-bio#breadcrumb\",\"itemListElement\":[{\"@type\":\"ListItem\",\"position\":1,\"name\":\"Home\",\"item\":\"https:\\\/\\\/www.edesia.al\\\/\"},{\"@type\":\"ListItem\",\"position\":2,\"name\":\"Dyqani\",\"item\":\"https:\\\/\\\/www.edesia.al\\\/?page_id=17\"},{\"@type\":\"ListItem\",\"position\":3,\"name\":\"Shampo me Wild Rose p\u00ebr Flok\u00eb t\u00eb Lyer 250ml\"}]},{\"@type\":\"WebSite\",\"@id\":\"https:\\\/\\\/www.edesia.al\\\/#website\",\"url\":\"https:\\\/\\\/www.edesia.al\\\/\",\"name\":\"Edesia\",\"description\":\"\",\"publisher\":{\"@id\":\"https:\\\/\\\/www.edesia.al\\\/#organization\"},\"potentialAction\":[{\"@type\":\"SearchAction\",\"target\":{\"@type\":\"EntryPoint\",\"urlTemplate\":\"https:\\\/\\\/www.edesia.al\\\/?s={search_term_string}\"},\"query-input\":{\"@type\":\"PropertyValueSpecification\",\"valueRequired\":true,\"valueName\":\"search_term_string\"}}],\"inLanguage\":\"en-US\"},{\"@type\":\"Organization\",\"@id\":\"https:\\\/\\\/www.edesia.al\\\/#organization\",\"name\":\"Edesia\",\"url\":\"https:\\\/\\\/www.edesia.al\\\/\",\"logo\":{\"@type\":\"ImageObject\",\"inLanguage\":\"en-US\",\"@id\":\"https:\\\/\\\/www.edesia.al\\\/#\\\/schema\\\/logo\\\/image\\\/\",\"url\":\"https:\\\/\\\/www.edesia.al\\\/wp-content\\\/uploads\\\/2026\\\/02\\\/Logo-Edesia-no-background.png\",\"contentUrl\":\"https:\\\/\\\/www.edesia.al\\\/wp-content\\\/uploads\\\/2026\\\/02\\\/Logo-Edesia-no-background.png\",\"width\":293,\"height\":158,\"caption\":\"Edesia\"},\"image\":{\"@id\":\"https:\\\/\\\/www.edesia.al\\\/#\\\/schema\\\/logo\\\/image\\\/\"}}]}<\/script>\n<!-- \/ Yoast SEO plugin. -->","yoast_head_json":{"title":"Shampo me Wild Rose p\u00ebr Flok\u00eb t\u00eb Lyer 250ml - Edesia","description":"Shampo per floke te lyer bio me aloe vera dhe wild rose qe ndihmon ne ruajtjen e ngjyres dhe shkelqimit te flokut.","robots":{"index":"index","follow":"follow","max-snippet":"max-snippet:-1","max-image-preview":"max-image-preview:large","max-video-preview":"max-video-preview:-1"},"canonical":"https:\/\/www.edesia.al\/?product=shampo-per-floke-te-lyer-bio","og_locale":"en_US","og_type":"article","og_title":"Shampo me Wild Rose p\u00ebr Flok\u00eb t\u00eb Lyer 250ml - Edesia","og_description":"Shampo per floke te lyer bio me aloe vera dhe wild rose qe ndihmon ne ruajtjen e ngjyres dhe shkelqimit te flokut.","og_url":"https:\/\/www.edesia.al\/?product=shampo-per-floke-te-lyer-bio","og_site_name":"Edesia","article_modified_time":"2026-05-12T18:00:33+00:00","og_image":[{"width":600,"height":600,"url":"https:\/\/www.edesia.al\/wp-content\/uploads\/2026\/05\/wild-rose-shampoo-organicland-1.jpg","type":"image\/jpeg"}],"twitter_card":"summary_large_image","twitter_misc":{"Est. reading time":"2 minutes"},"schema":{"@context":"https:\/\/schema.org","@graph":[{"@type":"WebPage","@id":"https:\/\/www.edesia.al\/?product=shampo-per-floke-te-lyer-bio","url":"https:\/\/www.edesia.al\/?product=shampo-per-floke-te-lyer-bio","name":"Shampo me Wild Rose p\u00ebr Flok\u00eb t\u00eb Lyer 250ml - Edesia","isPartOf":{"@id":"https:\/\/www.edesia.al\/#website"},"primaryImageOfPage":{"@id":"https:\/\/www.edesia.al\/?product=shampo-per-floke-te-lyer-bio#primaryimage"},"image":{"@id":"https:\/\/www.edesia.al\/?product=shampo-per-floke-te-lyer-bio#primaryimage"},"thumbnailUrl":"https:\/\/www.edesia.al\/wp-content\/uploads\/2026\/05\/wild-rose-shampoo-organicland-1.jpg","datePublished":"2026-05-12T18:00:24+00:00","dateModified":"2026-05-12T18:00:33+00:00","description":"Shampo per floke te lyer bio me aloe vera dhe wild rose qe ndihmon ne ruajtjen e ngjyres dhe shkelqimit te flokut.","breadcrumb":{"@id":"https:\/\/www.edesia.al\/?product=shampo-per-floke-te-lyer-bio#breadcrumb"},"inLanguage":"en-US","potentialAction":[{"@type":"ReadAction","target":["https:\/\/www.edesia.al\/?product=shampo-per-floke-te-lyer-bio"]}]},{"@type":"ImageObject","inLanguage":"en-US","@id":"https:\/\/www.edesia.al\/?product=shampo-per-floke-te-lyer-bio#primaryimage","url":"https:\/\/www.edesia.al\/wp-content\/uploads\/2026\/05\/wild-rose-shampoo-organicland-1.jpg","contentUrl":"https:\/\/www.edesia.al\/wp-content\/uploads\/2026\/05\/wild-rose-shampoo-organicland-1.jpg","width":600,"height":600},{"@type":"BreadcrumbList","@id":"https:\/\/www.edesia.al\/?product=shampo-per-floke-te-lyer-bio#breadcrumb","itemListElement":[{"@type":"ListItem","position":1,"name":"Home","item":"https:\/\/www.edesia.al\/"},{"@type":"ListItem","position":2,"name":"Dyqani","item":"https:\/\/www.edesia.al\/?page_id=17"},{"@type":"ListItem","position":3,"name":"Shampo me Wild Rose p\u00ebr Flok\u00eb t\u00eb Lyer 250ml"}]},{"@type":"WebSite","@id":"https:\/\/www.edesia.al\/#website","url":"https:\/\/www.edesia.al\/","name":"Edesia","description":"","publisher":{"@id":"https:\/\/www.edesia.al\/#organization"},"potentialAction":[{"@type":"SearchAction","target":{"@type":"EntryPoint","urlTemplate":"https:\/\/www.edesia.al\/?s={search_term_string}"},"query-input":{"@type":"PropertyValueSpecification","valueRequired":true,"valueName":"search_term_string"}}],"inLanguage":"en-US"},{"@type":"Organization","@id":"https:\/\/www.edesia.al\/#organization","name":"Edesia","url":"https:\/\/www.edesia.al\/","logo":{"@type":"ImageObject","inLanguage":"en-US","@id":"https:\/\/www.edesia.al\/#\/schema\/logo\/image\/","url":"https:\/\/www.edesia.al\/wp-content\/uploads\/2026\/02\/Logo-Edesia-no-background.png","contentUrl":"https:\/\/www.edesia.al\/wp-content\/uploads\/2026\/02\/Logo-Edesia-no-background.png","width":293,"height":158,"caption":"Edesia"},"image":{"@id":"https:\/\/www.edesia.al\/#\/schema\/logo\/image\/"}}]}},"_links":{"self":[{"href":"https:\/\/www.edesia.al\/index.php?rest_route=\/wp\/v2\/product\/14959","targetHints":{"allow":["GET"]}}],"collection":[{"href":"https:\/\/www.edesia.al\/index.php?rest_route=\/wp\/v2\/product"}],"about":[{"href":"https:\/\/www.edesia.al\/index.php?rest_route=\/wp\/v2\/types\/product"}],"replies":[{"embeddable":true,"href":"https:\/\/www.edesia.al\/index.php?rest_route=%2Fwp%2Fv2%2Fcomments&post=14959"}],"wp:featuredmedia":[{"embeddable":true,"href":"https:\/\/www.edesia.al\/index.php?rest_route=\/wp\/v2\/media\/14960"}],"wp:attachment":[{"href":"https:\/\/www.edesia.al\/index.php?rest_route=%2Fwp%2Fv2%2Fmedia&parent=14959"}],"wp:term":[{"taxonomy":"kategori-sipas-dietave","embeddable":true,"href":"https:\/\/www.edesia.al\/index.php?rest_route=%2Fwp%2Fv2%2Fkategori-sipas-dietave&post=14959"},{"taxonomy":"kategori-sipas-problemeve-shende","embeddable":true,"href":"https:\/\/www.edesia.al\/index.php?rest_route=%2Fwp%2Fv2%2Fkategori-sipas-problemeve-shende&post=14959"},{"taxonomy":"produkte-me-ulje","embeddable":true,"href":"https:\/\/www.edesia.al\/index.php?rest_route=%2Fwp%2Fv2%2Fprodukte-me-ulje&post=14959"},{"taxonomy":"product_brand","embeddable":true,"href":"https:\/\/www.edesia.al\/index.php?rest_route=%2Fwp%2Fv2%2Fproduct_brand&post=14959"},{"taxonomy":"product_cat","embeddable":true,"href":"https:\/\/www.edesia.al\/index.php?rest_route=%2Fwp%2Fv2%2Fproduct_cat&post=14959"},{"taxonomy":"product_tag","embeddable":true,"href":"https:\/\/www.edesia.al\/index.php?rest_route=%2Fwp%2Fv2%2Fproduct_tag&post=14959"}],"curies":[{"name":"wp","href":"https:\/\/api.w.org\/{rel}","templated":true}]}}