{"id":14961,"date":"2026-05-12T20:18:39","date_gmt":"2026-05-12T18:18:39","guid":{"rendered":"https:\/\/www.edesia.al\/?post_type=product&#038;p=14961"},"modified":"2026-05-12T20:18:39","modified_gmt":"2026-05-12T18:18:39","slug":"shampo-per-skalp-sensitiv-bio","status":"publish","type":"product","link":"https:\/\/www.edesia.al\/?product=shampo-per-skalp-sensitiv-bio","title":{"rendered":"Shampo per Skalp Sensitiv Bio pa Parfum"},"content":{"rendered":"<h3>Shampo pa Parfum p\u00ebr Skalp Sensitiv 250ml \u2013 Urtekram<\/h3>\n<p data-start=\"466\" data-end=\"790\"><strong data-start=\"466\" data-end=\"790\">Shampo per skalp sensitiv bio \u00ebsht\u00eb nj\u00eb shampo e but\u00eb dhe hidratuese e krijuar posa\u00e7\u00ebrisht p\u00ebr skalp sensitiv dhe t\u00eb irrituar. Kjo shampo per skalp sensitiv bio nga Urtekram pastron flok\u00ebt n\u00eb m\u00ebnyr\u00eb delikate nd\u00ebrsa ndihmon n\u00eb qet\u00ebsimin dhe balancimin e skalpit fal\u00eb formul\u00ebs s\u00eb saj pa parfum dhe me aloe vera hidratuese.<\/strong><\/p>\n<p data-start=\"792\" data-end=\"1091\">Formula e but\u00eb ndihmon n\u00eb ruajtjen e ekuilibrit natyral t\u00eb skalpit dhe \u00ebsht\u00eb ideale p\u00ebr persona q\u00eb kan\u00eb ndjeshm\u00ebri ndaj parfumeve apo produkteve agresive p\u00ebr flok\u00ebt. Aloe vera ndihmon n\u00eb hidratimin dhe qet\u00ebsimin e l\u00ebkur\u00ebs s\u00eb kok\u00ebs, nd\u00ebrsa flok\u00ebt mbeten t\u00eb but\u00eb, me shk\u00eblqim dhe pamje t\u00eb sh\u00ebndetshme.<\/p>\n<p data-start=\"1093\" data-end=\"1215\">Kjo shampo \u00ebsht\u00eb e p\u00ebrshtatshme p\u00ebr p\u00ebrdorim t\u00eb p\u00ebrditsh\u00ebm dhe p\u00ebr t\u00eb gjitha llojet e flok\u00ebve, sidomos p\u00ebr skalp sensitiv.<\/p>\n<h4 data-section-id=\"h9fx4z\" data-start=\"1222\" data-end=\"1270\">\ud83c\udf3f P\u00ebrfitimet e shampo per skalp sensitiv bio<\/h4>\n<ul data-start=\"1272\" data-end=\"1512\">\n<li data-section-id=\"hurcoh\" data-start=\"1272\" data-end=\"1315\">\u2714\ufe0f Pastron but\u00ebsisht flok\u00ebt dhe skalpin<\/li>\n<li data-section-id=\"1v0tfi\" data-start=\"1316\" data-end=\"1362\">\u2714\ufe0f Ndihmon n\u00eb qet\u00ebsimin e skalpit sensitiv<\/li>\n<li data-section-id=\"1473l20\" data-start=\"1363\" data-end=\"1393\">\u2714\ufe0f Me aloe vera hidratuese<\/li>\n<li data-section-id=\"1ao33cb\" data-start=\"1394\" data-end=\"1433\">\u2714\ufe0f Pa parfum dhe pa arom\u00eb t\u00eb shtuar<\/li>\n<li data-section-id=\"yxq7xf\" data-start=\"1434\" data-end=\"1472\">\u2714\ufe0f Jep shk\u00eblqim dhe but\u00ebsi flok\u00ebve<\/li>\n<li data-section-id=\"p6yyft\" data-start=\"1473\" data-end=\"1512\">\u2714\ufe0f Ideal p\u00ebr p\u00ebrdorim t\u00eb p\u00ebrditsh\u00ebm<\/li>\n<\/ul>\n<hr data-start=\"1514\" data-end=\"1517\" \/>\n<h4 data-section-id=\"jphyj2\" data-start=\"1519\" data-end=\"1560\">\ud83c\udf31 Kujdes i bute per skalpin sensitiv<\/h4>\n<p data-start=\"1562\" data-end=\"1678\">Formula pa parfum dhe me p\u00ebrb\u00ebr\u00ebs natyral\u00eb ndihmon n\u00eb mb\u00ebshtetjen e barrier\u00ebs natyrale t\u00eb skalpit pa e irrituar at\u00eb.<\/p>\n<h4 data-section-id=\"un7ghd\" data-start=\"1685\" data-end=\"1710\">\ud83c\udf3f P\u00ebrb\u00ebr\u00ebsit kryesor\u00eb<\/h4>\n<ul data-start=\"1712\" data-end=\"1830\">\n<li data-section-id=\"14trad\" data-start=\"1712\" data-end=\"1726\">Aloe Vera*<\/li>\n<li data-section-id=\"cqiea3\" data-start=\"1727\" data-end=\"1749\">Sodium Hyaluronate<\/li>\n<li data-section-id=\"1avdlej\" data-start=\"1750\" data-end=\"1761\">Xylitol<\/li>\n<li data-section-id=\"2hjazg\" data-start=\"1762\" data-end=\"1789\">Vitamin\u00eb E (Tocopherol)<\/li>\n<li data-section-id=\"1byyrj0\" data-start=\"1790\" data-end=\"1802\">Squalene<\/li>\n<li data-section-id=\"1f419nu\" data-start=\"1803\" data-end=\"1830\">Stearyl Glycyrrhetinate<\/li>\n<\/ul>\n<p data-start=\"1832\" data-end=\"1855\">(*nga bujq\u00ebsi organike)<\/p>\n<hr data-start=\"1857\" data-end=\"1860\" \/>\n<h4 data-section-id=\"gnowgi\" data-start=\"1862\" data-end=\"1877\">\ud83e\uddf4 P\u00ebrdorimi<\/h4>\n<ul data-start=\"1879\" data-end=\"2005\">\n<li data-section-id=\"1a82gu8\" data-start=\"1879\" data-end=\"1937\">Aplikoni nj\u00eb sasi t\u00eb vog\u00ebl n\u00eb skalp dhe flok\u00eb t\u00eb lagur<\/li>\n<li data-section-id=\"1qm61j7\" data-start=\"1938\" data-end=\"1978\">Masazhojeni derisa t\u00eb krijoj\u00eb shkum\u00eb<\/li>\n<li data-section-id=\"11mi7d8\" data-start=\"1979\" data-end=\"2005\">Shp\u00eblajeni mir\u00eb me uj\u00eb<\/li>\n<\/ul>\n<p data-start=\"2007\" data-end=\"2094\">\ud83d\udc49 P\u00ebr rezultate m\u00eb t\u00eb mira p\u00ebrdoreni s\u00eb bashku me Urtekram Fragrance Free Conditioner.<\/p>\n<h4 data-section-id=\"1423pgd\" data-start=\"2101\" data-end=\"2130\">\ud83d\udc9a \u00c7far\u00eb e b\u00ebn t\u00eb ve\u00e7ant\u00eb?<\/h4>\n<ul data-start=\"2132\" data-end=\"2297\">\n<li data-section-id=\"1l5mr3k\" data-start=\"2132\" data-end=\"2168\">\u2714\ufe0f Pa parfum dhe aroma sintetike<\/li>\n<li data-section-id=\"cwpm4a\" data-start=\"2169\" data-end=\"2210\">\u2714\ufe0f Me p\u00ebrb\u00ebr\u00ebs organic t\u00eb certifikuar<\/li>\n<li data-section-id=\"nmz3sy\" data-start=\"2211\" data-end=\"2243\">\u2714\ufe0f 100% me origjin\u00eb natyrale<\/li>\n<li data-section-id=\"1dbezdb\" data-start=\"2244\" data-end=\"2265\">\u2714\ufe0f Vegan friendly<\/li>\n<li data-section-id=\"c2931v\" data-start=\"2266\" data-end=\"2297\">\u2714\ufe0f Ideal p\u00ebr skalp sensitiv<\/li>\n<\/ul>\n<hr data-start=\"2299\" data-end=\"2302\" \/>\n<h4 data-section-id=\"ye05kc\" data-start=\"2304\" data-end=\"2322\">\ud83c\udf0d Certifikimet<\/h4>\n<ul data-start=\"2324\" data-end=\"2396\">\n<li data-section-id=\"q6mygb\" data-start=\"2324\" data-end=\"2353\">\u2714\ufe0f Ecocert COSMOS Organic<\/li>\n<li data-section-id=\"1orc9ey\" data-start=\"2354\" data-end=\"2383\">\u2714\ufe0f 100% origjin\u00eb natyrale<\/li>\n<li data-section-id=\"13sw4js\" data-start=\"2384\" data-end=\"2396\">\u2714\ufe0f Vegan<\/li>\n<\/ul>\n<hr data-start=\"2398\" data-end=\"2401\" \/>\n<h4 data-section-id=\"q50m\" data-start=\"2403\" data-end=\"2417\">\ud83d\udc45 Tekstura<\/h4>\n<p data-start=\"2419\" data-end=\"2460\">E but\u00eb, e leht\u00eb dhe delikate p\u00ebr skalpin.<\/p>\n<h4 data-section-id=\"1uolwgc\" data-start=\"2467\" data-end=\"2479\">\u26a0\ufe0f Kujdes<\/h4>\n<ul data-start=\"2481\" data-end=\"2589\">\n<li data-section-id=\"15ge03t\" data-start=\"2481\" data-end=\"2514\">Vet\u00ebm p\u00ebr p\u00ebrdorim t\u00eb jasht\u00ebm<\/li>\n<li data-section-id=\"p581ez\" data-start=\"2515\" data-end=\"2545\">Shmangni kontaktin me syt\u00eb<\/li>\n<li data-section-id=\"uhk3on\" data-start=\"2546\" data-end=\"2589\">Ruajeni n\u00eb vend t\u00eb fresk\u00ebt dhe t\u00eb that\u00eb<\/li>\n<\/ul>\n<hr data-start=\"2591\" data-end=\"2594\" \/>\n<p data-start=\"2596\" data-end=\"2700\">\ud83d\udc49 <strong data-start=\"2599\" data-end=\"2700\">Porosite tani tek Edesia.al dhe kujdesu p\u00ebr flok\u00ebt me shampo per skalp sensitiv bio nga Urtekram.<\/strong><\/p>\n","protected":false},"excerpt":{"rendered":"<p>Shampo per skalp sensitiv bio pa parfum me aloe vera per qetesim dhe hidratim natyral.<\/p>\n","protected":false},"featured_media":14964,"comment_status":"open","ping_status":"closed","template":"","meta":{"_acf_changed":false,"inline_featured_image":false},"kategori-sipas-dietave":[],"kategori-sipas-problemeve-shende":[],"produkte-me-ulje":[],"product_brand":[96,25],"product_cat":[79,56],"product_tag":[],"class_list":{"0":"post-14961","1":"product","2":"type-product","3":"status-publish","4":"has-post-thumbnail","6":"product_brand-beauty-life","7":"product_brand-urtekram","8":"product_cat-kozmetike-kujdes-personal","9":"product_cat-shampo-bio","11":"first","12":"instock","13":"taxable","14":"shipping-taxable","15":"purchasable","16":"product-type-simple"},"acf":[],"yoast_head":"<!-- This site is optimized with the Yoast SEO plugin v27.5 - https:\/\/yoast.com\/product\/yoast-seo-wordpress\/ -->\n<title>Shampo per Skalp Sensitiv Bio pa Parfum - Edesia<\/title>\n<meta name=\"description\" content=\"Shampo per skalp sensitiv bio pa parfum me aloe vera per hidratim, qetesim dhe kujdes natyral te skalpit sensitiv.\" \/>\n<meta name=\"robots\" content=\"index, follow, max-snippet:-1, max-image-preview:large, max-video-preview:-1\" \/>\n<link rel=\"canonical\" href=\"https:\/\/www.edesia.al\/?product=shampo-per-skalp-sensitiv-bio\" \/>\n<meta property=\"og:locale\" content=\"en_US\" \/>\n<meta property=\"og:type\" content=\"article\" \/>\n<meta property=\"og:title\" content=\"Shampo per Skalp Sensitiv Bio pa Parfum - Edesia\" \/>\n<meta property=\"og:description\" content=\"Shampo per skalp sensitiv bio pa parfum me aloe vera per hidratim, qetesim dhe kujdes natyral te skalpit sensitiv.\" \/>\n<meta property=\"og:url\" content=\"https:\/\/www.edesia.al\/?product=shampo-per-skalp-sensitiv-bio\" \/>\n<meta property=\"og:site_name\" content=\"Edesia\" \/>\n<meta property=\"og:image\" content=\"https:\/\/www.edesia.al\/wp-content\/uploads\/2026\/05\/no-perfume-shampoo-500ml-site.jpg\" \/>\n\t<meta property=\"og:image:width\" content=\"600\" \/>\n\t<meta property=\"og:image:height\" content=\"600\" \/>\n\t<meta property=\"og:image:type\" content=\"image\/jpeg\" \/>\n<meta name=\"twitter:card\" content=\"summary_large_image\" \/>\n<meta name=\"twitter:label1\" content=\"Est. reading time\" \/>\n\t<meta name=\"twitter:data1\" content=\"2 minutes\" \/>\n<script type=\"application\/ld+json\" class=\"yoast-schema-graph\">{\"@context\":\"https:\\\/\\\/schema.org\",\"@graph\":[{\"@type\":\"WebPage\",\"@id\":\"https:\\\/\\\/www.edesia.al\\\/?product=shampo-per-skalp-sensitiv-bio\",\"url\":\"https:\\\/\\\/www.edesia.al\\\/?product=shampo-per-skalp-sensitiv-bio\",\"name\":\"Shampo per Skalp Sensitiv Bio pa Parfum - Edesia\",\"isPartOf\":{\"@id\":\"https:\\\/\\\/www.edesia.al\\\/#website\"},\"primaryImageOfPage\":{\"@id\":\"https:\\\/\\\/www.edesia.al\\\/?product=shampo-per-skalp-sensitiv-bio#primaryimage\"},\"image\":{\"@id\":\"https:\\\/\\\/www.edesia.al\\\/?product=shampo-per-skalp-sensitiv-bio#primaryimage\"},\"thumbnailUrl\":\"https:\\\/\\\/www.edesia.al\\\/wp-content\\\/uploads\\\/2026\\\/05\\\/no-perfume-shampoo-500ml-site.jpg\",\"datePublished\":\"2026-05-12T18:18:39+00:00\",\"description\":\"Shampo per skalp sensitiv bio pa parfum me aloe vera per hidratim, qetesim dhe kujdes natyral te skalpit sensitiv.\",\"breadcrumb\":{\"@id\":\"https:\\\/\\\/www.edesia.al\\\/?product=shampo-per-skalp-sensitiv-bio#breadcrumb\"},\"inLanguage\":\"en-US\",\"potentialAction\":[{\"@type\":\"ReadAction\",\"target\":[\"https:\\\/\\\/www.edesia.al\\\/?product=shampo-per-skalp-sensitiv-bio\"]}]},{\"@type\":\"ImageObject\",\"inLanguage\":\"en-US\",\"@id\":\"https:\\\/\\\/www.edesia.al\\\/?product=shampo-per-skalp-sensitiv-bio#primaryimage\",\"url\":\"https:\\\/\\\/www.edesia.al\\\/wp-content\\\/uploads\\\/2026\\\/05\\\/no-perfume-shampoo-500ml-site.jpg\",\"contentUrl\":\"https:\\\/\\\/www.edesia.al\\\/wp-content\\\/uploads\\\/2026\\\/05\\\/no-perfume-shampoo-500ml-site.jpg\",\"width\":600,\"height\":600},{\"@type\":\"BreadcrumbList\",\"@id\":\"https:\\\/\\\/www.edesia.al\\\/?product=shampo-per-skalp-sensitiv-bio#breadcrumb\",\"itemListElement\":[{\"@type\":\"ListItem\",\"position\":1,\"name\":\"Home\",\"item\":\"https:\\\/\\\/www.edesia.al\\\/\"},{\"@type\":\"ListItem\",\"position\":2,\"name\":\"Dyqani\",\"item\":\"https:\\\/\\\/www.edesia.al\\\/?page_id=17\"},{\"@type\":\"ListItem\",\"position\":3,\"name\":\"Shampo per Skalp Sensitiv Bio pa Parfum\"}]},{\"@type\":\"WebSite\",\"@id\":\"https:\\\/\\\/www.edesia.al\\\/#website\",\"url\":\"https:\\\/\\\/www.edesia.al\\\/\",\"name\":\"Edesia\",\"description\":\"\",\"publisher\":{\"@id\":\"https:\\\/\\\/www.edesia.al\\\/#organization\"},\"potentialAction\":[{\"@type\":\"SearchAction\",\"target\":{\"@type\":\"EntryPoint\",\"urlTemplate\":\"https:\\\/\\\/www.edesia.al\\\/?s={search_term_string}\"},\"query-input\":{\"@type\":\"PropertyValueSpecification\",\"valueRequired\":true,\"valueName\":\"search_term_string\"}}],\"inLanguage\":\"en-US\"},{\"@type\":\"Organization\",\"@id\":\"https:\\\/\\\/www.edesia.al\\\/#organization\",\"name\":\"Edesia\",\"url\":\"https:\\\/\\\/www.edesia.al\\\/\",\"logo\":{\"@type\":\"ImageObject\",\"inLanguage\":\"en-US\",\"@id\":\"https:\\\/\\\/www.edesia.al\\\/#\\\/schema\\\/logo\\\/image\\\/\",\"url\":\"https:\\\/\\\/www.edesia.al\\\/wp-content\\\/uploads\\\/2026\\\/02\\\/Logo-Edesia-no-background.png\",\"contentUrl\":\"https:\\\/\\\/www.edesia.al\\\/wp-content\\\/uploads\\\/2026\\\/02\\\/Logo-Edesia-no-background.png\",\"width\":293,\"height\":158,\"caption\":\"Edesia\"},\"image\":{\"@id\":\"https:\\\/\\\/www.edesia.al\\\/#\\\/schema\\\/logo\\\/image\\\/\"}}]}<\/script>\n<!-- \/ Yoast SEO plugin. -->","yoast_head_json":{"title":"Shampo per Skalp Sensitiv Bio pa Parfum - Edesia","description":"Shampo per skalp sensitiv bio pa parfum me aloe vera per hidratim, qetesim dhe kujdes natyral te skalpit sensitiv.","robots":{"index":"index","follow":"follow","max-snippet":"max-snippet:-1","max-image-preview":"max-image-preview:large","max-video-preview":"max-video-preview:-1"},"canonical":"https:\/\/www.edesia.al\/?product=shampo-per-skalp-sensitiv-bio","og_locale":"en_US","og_type":"article","og_title":"Shampo per Skalp Sensitiv Bio pa Parfum - Edesia","og_description":"Shampo per skalp sensitiv bio pa parfum me aloe vera per hidratim, qetesim dhe kujdes natyral te skalpit sensitiv.","og_url":"https:\/\/www.edesia.al\/?product=shampo-per-skalp-sensitiv-bio","og_site_name":"Edesia","og_image":[{"width":600,"height":600,"url":"https:\/\/www.edesia.al\/wp-content\/uploads\/2026\/05\/no-perfume-shampoo-500ml-site.jpg","type":"image\/jpeg"}],"twitter_card":"summary_large_image","twitter_misc":{"Est. reading time":"2 minutes"},"schema":{"@context":"https:\/\/schema.org","@graph":[{"@type":"WebPage","@id":"https:\/\/www.edesia.al\/?product=shampo-per-skalp-sensitiv-bio","url":"https:\/\/www.edesia.al\/?product=shampo-per-skalp-sensitiv-bio","name":"Shampo per Skalp Sensitiv Bio pa Parfum - Edesia","isPartOf":{"@id":"https:\/\/www.edesia.al\/#website"},"primaryImageOfPage":{"@id":"https:\/\/www.edesia.al\/?product=shampo-per-skalp-sensitiv-bio#primaryimage"},"image":{"@id":"https:\/\/www.edesia.al\/?product=shampo-per-skalp-sensitiv-bio#primaryimage"},"thumbnailUrl":"https:\/\/www.edesia.al\/wp-content\/uploads\/2026\/05\/no-perfume-shampoo-500ml-site.jpg","datePublished":"2026-05-12T18:18:39+00:00","description":"Shampo per skalp sensitiv bio pa parfum me aloe vera per hidratim, qetesim dhe kujdes natyral te skalpit sensitiv.","breadcrumb":{"@id":"https:\/\/www.edesia.al\/?product=shampo-per-skalp-sensitiv-bio#breadcrumb"},"inLanguage":"en-US","potentialAction":[{"@type":"ReadAction","target":["https:\/\/www.edesia.al\/?product=shampo-per-skalp-sensitiv-bio"]}]},{"@type":"ImageObject","inLanguage":"en-US","@id":"https:\/\/www.edesia.al\/?product=shampo-per-skalp-sensitiv-bio#primaryimage","url":"https:\/\/www.edesia.al\/wp-content\/uploads\/2026\/05\/no-perfume-shampoo-500ml-site.jpg","contentUrl":"https:\/\/www.edesia.al\/wp-content\/uploads\/2026\/05\/no-perfume-shampoo-500ml-site.jpg","width":600,"height":600},{"@type":"BreadcrumbList","@id":"https:\/\/www.edesia.al\/?product=shampo-per-skalp-sensitiv-bio#breadcrumb","itemListElement":[{"@type":"ListItem","position":1,"name":"Home","item":"https:\/\/www.edesia.al\/"},{"@type":"ListItem","position":2,"name":"Dyqani","item":"https:\/\/www.edesia.al\/?page_id=17"},{"@type":"ListItem","position":3,"name":"Shampo per Skalp Sensitiv Bio pa Parfum"}]},{"@type":"WebSite","@id":"https:\/\/www.edesia.al\/#website","url":"https:\/\/www.edesia.al\/","name":"Edesia","description":"","publisher":{"@id":"https:\/\/www.edesia.al\/#organization"},"potentialAction":[{"@type":"SearchAction","target":{"@type":"EntryPoint","urlTemplate":"https:\/\/www.edesia.al\/?s={search_term_string}"},"query-input":{"@type":"PropertyValueSpecification","valueRequired":true,"valueName":"search_term_string"}}],"inLanguage":"en-US"},{"@type":"Organization","@id":"https:\/\/www.edesia.al\/#organization","name":"Edesia","url":"https:\/\/www.edesia.al\/","logo":{"@type":"ImageObject","inLanguage":"en-US","@id":"https:\/\/www.edesia.al\/#\/schema\/logo\/image\/","url":"https:\/\/www.edesia.al\/wp-content\/uploads\/2026\/02\/Logo-Edesia-no-background.png","contentUrl":"https:\/\/www.edesia.al\/wp-content\/uploads\/2026\/02\/Logo-Edesia-no-background.png","width":293,"height":158,"caption":"Edesia"},"image":{"@id":"https:\/\/www.edesia.al\/#\/schema\/logo\/image\/"}}]}},"_links":{"self":[{"href":"https:\/\/www.edesia.al\/index.php?rest_route=\/wp\/v2\/product\/14961","targetHints":{"allow":["GET"]}}],"collection":[{"href":"https:\/\/www.edesia.al\/index.php?rest_route=\/wp\/v2\/product"}],"about":[{"href":"https:\/\/www.edesia.al\/index.php?rest_route=\/wp\/v2\/types\/product"}],"replies":[{"embeddable":true,"href":"https:\/\/www.edesia.al\/index.php?rest_route=%2Fwp%2Fv2%2Fcomments&post=14961"}],"wp:featuredmedia":[{"embeddable":true,"href":"https:\/\/www.edesia.al\/index.php?rest_route=\/wp\/v2\/media\/14964"}],"wp:attachment":[{"href":"https:\/\/www.edesia.al\/index.php?rest_route=%2Fwp%2Fv2%2Fmedia&parent=14961"}],"wp:term":[{"taxonomy":"kategori-sipas-dietave","embeddable":true,"href":"https:\/\/www.edesia.al\/index.php?rest_route=%2Fwp%2Fv2%2Fkategori-sipas-dietave&post=14961"},{"taxonomy":"kategori-sipas-problemeve-shende","embeddable":true,"href":"https:\/\/www.edesia.al\/index.php?rest_route=%2Fwp%2Fv2%2Fkategori-sipas-problemeve-shende&post=14961"},{"taxonomy":"produkte-me-ulje","embeddable":true,"href":"https:\/\/www.edesia.al\/index.php?rest_route=%2Fwp%2Fv2%2Fprodukte-me-ulje&post=14961"},{"taxonomy":"product_brand","embeddable":true,"href":"https:\/\/www.edesia.al\/index.php?rest_route=%2Fwp%2Fv2%2Fproduct_brand&post=14961"},{"taxonomy":"product_cat","embeddable":true,"href":"https:\/\/www.edesia.al\/index.php?rest_route=%2Fwp%2Fv2%2Fproduct_cat&post=14961"},{"taxonomy":"product_tag","embeddable":true,"href":"https:\/\/www.edesia.al\/index.php?rest_route=%2Fwp%2Fv2%2Fproduct_tag&post=14961"}],"curies":[{"name":"wp","href":"https:\/\/api.w.org\/{rel}","templated":true}]}}