{"id":14986,"date":"2026-05-15T16:33:48","date_gmt":"2026-05-15T14:33:48","guid":{"rendered":"https:\/\/www.edesia.al\/?post_type=product&#038;p=14986"},"modified":"2026-05-15T16:33:49","modified_gmt":"2026-05-15T14:33:49","slug":"spray-conditioner-bio","status":"publish","type":"product","link":"https:\/\/www.edesia.al\/?product=spray-conditioner-bio","title":{"rendered":"Spray Conditioner Bio per Floke te Demtuar 250ml"},"content":{"rendered":"<h3>Spray Conditioner me Nordic Berry 250ml \u2013 Urtekram<\/h3>\n<p data-start=\"457\" data-end=\"768\"><strong data-start=\"457\" data-end=\"768\">Spray conditioner bio \u00ebsht\u00eb nj\u00eb spray leave-in hidratues dhe rikonstruktues nga Urtekram, i krijuar p\u00ebr flok\u00eb normal\u00eb, t\u00eb that\u00eb apo t\u00eb d\u00ebmtuar. Ky spray conditioner bio kombinon aloe vera organike, chia dhe ekstrakte nordic berries p\u00ebr t\u00eb ndihmuar n\u00eb hidratimin, forcimin dhe zbutjen e flok\u00ebve pa i r\u00ebnduar.<\/strong><\/p>\n<p data-start=\"770\" data-end=\"1072\">Formula e tij e leht\u00eb ndihmon n\u00eb krehjen e menj\u00ebhershme t\u00eb flok\u00ebve dhe redukton ngat\u00ebrrimin, nd\u00ebrsa i l\u00eb flok\u00ebt t\u00eb but\u00eb, t\u00eb l\u00ebmuar dhe me shk\u00eblqim natyral. Chia ndihmon n\u00eb forcimin e flok\u00ebve, nd\u00ebrsa cloudberry nordik i pasur me antioksidant\u00eb dhe vitamin\u00eb C mb\u00ebshtet mir\u00ebmbajtjen dhe vitalitetin e tyre.<\/p>\n<p data-start=\"1074\" data-end=\"1194\">Ky spray leave-in \u00ebsht\u00eb ideal p\u00ebr p\u00ebrdorim t\u00eb p\u00ebrditsh\u00ebm n\u00eb flok\u00eb t\u00eb that\u00eb ose t\u00eb lagur dhe nuk ka nevoj\u00eb p\u00ebr shp\u00eblarje.<\/p>\n<hr data-start=\"1196\" data-end=\"1199\" \/>\n<h4 data-section-id=\"j382el\" data-start=\"1201\" data-end=\"1241\">\ud83c\udf3f P\u00ebrfitimet e spray conditioner bio<\/h4>\n<ul data-start=\"1243\" data-end=\"1478\">\n<li data-section-id=\"5jm912\" data-start=\"1243\" data-end=\"1287\">\u2714\ufe0f Ndihmon n\u00eb krehjen e leht\u00eb t\u00eb flok\u00ebve<\/li>\n<li data-section-id=\"10zkmmp\" data-start=\"1288\" data-end=\"1319\">\u2714\ufe0f Hidraton dhe zbut flok\u00ebt<\/li>\n<li data-section-id=\"rtdwqs\" data-start=\"1320\" data-end=\"1364\">\u2714\ufe0f Ndihmon flok\u00ebt e that\u00eb dhe t\u00eb d\u00ebmtuar<\/li>\n<li data-section-id=\"vbuuml\" data-start=\"1365\" data-end=\"1404\">\u2714\ufe0f Jep shk\u00eblqim dhe but\u00ebsi natyrale<\/li>\n<li data-section-id=\"11td24g\" data-start=\"1405\" data-end=\"1429\">\u2714\ufe0f Nuk r\u00ebndon flok\u00ebt<\/li>\n<li data-section-id=\"ectuwr\" data-start=\"1430\" data-end=\"1478\">\u2714\ufe0f I p\u00ebrshtatsh\u00ebm p\u00ebr p\u00ebrdorim t\u00eb p\u00ebrditsh\u00ebm<\/li>\n<\/ul>\n<h4 data-section-id=\"13zmwl3\" data-start=\"1485\" data-end=\"1547\">\ud83d\udca7 Leave-in hidratues per flok\u00eb te bute dhe te shendetshem<\/h4>\n<p data-start=\"1549\" data-end=\"1686\">Kombinimi i aloe vera, chia dhe nordic berries ndihmon n\u00eb rikonstruktimin dhe mir\u00ebmbajtjen e flok\u00ebve duke i l\u00ebn\u00eb t\u00eb leht\u00eb dhe t\u00eb ushqyer.<\/p>\n<hr data-start=\"1688\" data-end=\"1691\" \/>\n<h4 data-section-id=\"1qjcuv3\" data-start=\"1693\" data-end=\"1718\">\ud83c\udf31 P\u00ebrb\u00ebr\u00ebsit kryesor\u00eb<\/h4>\n<ul data-start=\"1720\" data-end=\"1847\">\n<li data-section-id=\"14trad\" data-start=\"1720\" data-end=\"1734\">Aloe Vera*<\/li>\n<li data-section-id=\"y5jzhg\" data-start=\"1735\" data-end=\"1753\">Ekstrakt Chia*<\/li>\n<li data-section-id=\"b9cdz1\" data-start=\"1754\" data-end=\"1784\">Nordic Cloudberry Extract*<\/li>\n<li data-section-id=\"1r9lidl\" data-start=\"1785\" data-end=\"1797\">Glycerin<\/li>\n<li data-section-id=\"f6j9xn\" data-start=\"1798\" data-end=\"1818\">Magnolia Extract<\/li>\n<li data-section-id=\"4s7aq0\" data-start=\"1819\" data-end=\"1847\">Fermente natyrale bimore<\/li>\n<\/ul>\n<p data-start=\"1849\" data-end=\"1872\">(*nga bujq\u00ebsi organike)<\/p>\n<h4 data-section-id=\"gnowgi\" data-start=\"1879\" data-end=\"1894\">\ud83e\uddf4 P\u00ebrdorimi<\/h4>\n<ul data-start=\"1896\" data-end=\"1996\">\n<li data-section-id=\"xfp472\" data-start=\"1896\" data-end=\"1931\">Tundeni mir\u00eb p\u00ebrpara p\u00ebrdorimit<\/li>\n<li data-section-id=\"1rssra0\" data-start=\"1932\" data-end=\"1977\">Sp\u00ebrkateni n\u00eb flok\u00eb t\u00eb that\u00eb ose t\u00eb lagur<\/li>\n<li data-section-id=\"1bf6dqu\" data-start=\"1978\" data-end=\"1996\">Mos e shp\u00eblani<\/li>\n<\/ul>\n<p data-start=\"1998\" data-end=\"2043\">\ud83d\udc49 I p\u00ebrshtatsh\u00ebm p\u00ebr p\u00ebrdorim t\u00eb p\u00ebrditsh\u00ebm.<\/p>\n<hr data-start=\"2045\" data-end=\"2048\" \/>\n<h4 data-section-id=\"1423pgd\" data-start=\"2050\" data-end=\"2079\">\ud83d\udc9a \u00c7far\u00eb e b\u00ebn t\u00eb ve\u00e7ant\u00eb?<\/h4>\n<ul data-start=\"2081\" data-end=\"2239\">\n<li data-section-id=\"1hav90z\" data-start=\"2081\" data-end=\"2112\">\u2714\ufe0f 99% me origjin\u00eb natyrale<\/li>\n<li data-section-id=\"ilgtz6\" data-start=\"2113\" data-end=\"2145\">\u2714\ufe0f Ecocert Organic Certified<\/li>\n<li data-section-id=\"1dbezdb\" data-start=\"2146\" data-end=\"2167\">\u2714\ufe0f Vegan friendly<\/li>\n<li data-section-id=\"9c9uod\" data-start=\"2168\" data-end=\"2204\">\u2714\ufe0f Formula leave-in pa shp\u00eblarje<\/li>\n<li data-section-id=\"17w31ku\" data-start=\"2205\" data-end=\"2239\">\u2714\ufe0f Arom\u00eb e fresk\u00ebt dhe frutore<\/li>\n<\/ul>\n<hr data-start=\"2241\" data-end=\"2244\" \/>\n<h4 data-section-id=\"ye05kc\" data-start=\"2246\" data-end=\"2264\">\ud83c\udf0d Certifikimet<\/h4>\n<ul data-start=\"2266\" data-end=\"2343\">\n<li data-section-id=\"1amzjl1\" data-start=\"2266\" data-end=\"2288\">\u2714\ufe0f Ecocert Organic<\/li>\n<li data-section-id=\"13sw4js\" data-start=\"2289\" data-end=\"2301\">\u2714\ufe0f Vegan<\/li>\n<li data-section-id=\"cwpm4a\" data-start=\"2302\" data-end=\"2343\">\u2714\ufe0f Me p\u00ebrb\u00ebr\u00ebs organic t\u00eb certifikua<\/li>\n<\/ul>\n<h4 data-section-id=\"t21nsd\" data-start=\"2350\" data-end=\"2361\">\ud83d\udc45 Aroma<\/h4>\n<p data-start=\"2363\" data-end=\"2418\">E fresk\u00ebt, frutore dhe delikate me nota nordic berries.<\/p>\n<hr data-start=\"2420\" data-end=\"2423\" \/>\n<h4 data-section-id=\"1uolwgc\" data-start=\"2425\" data-end=\"2437\">\u26a0\ufe0f Kujdes<\/h4>\n<ul data-start=\"2439\" data-end=\"2547\">\n<li data-section-id=\"15ge03t\" data-start=\"2439\" data-end=\"2472\">Vet\u00ebm p\u00ebr p\u00ebrdorim t\u00eb jasht\u00ebm<\/li>\n<li data-section-id=\"p581ez\" data-start=\"2473\" data-end=\"2503\">Shmangni kontaktin me syt\u00eb<\/li>\n<li data-section-id=\"uhk3on\" data-start=\"2504\" data-end=\"2547\">Ruajeni n\u00eb vend t\u00eb fresk\u00ebt dhe t\u00eb that\u00eb<\/li>\n<\/ul>\n<hr data-start=\"2549\" data-end=\"2552\" \/>\n<p data-start=\"2554\" data-end=\"2650\">\ud83d\udc49 <strong data-start=\"2557\" data-end=\"2650\">Porosite tani tek Edesia.al dhe kujdesu p\u00ebr flok\u00ebt me spray conditioner bio nga Urtekram.<\/strong><\/p>\n","protected":false},"excerpt":{"rendered":"<p>Spray conditioner bio me chia dhe nordic berries per hidratim dhe krehje te lehte te flok\u00ebve.<\/p>\n","protected":false},"featured_media":14987,"comment_status":"open","ping_status":"closed","template":"","meta":{"_acf_changed":false,"inline_featured_image":false},"kategori-sipas-dietave":[],"kategori-sipas-problemeve-shende":[],"produkte-me-ulje":[],"product_brand":[96,25],"product_cat":[79,56],"product_tag":[],"class_list":{"0":"post-14986","1":"product","2":"type-product","3":"status-publish","4":"has-post-thumbnail","6":"product_brand-beauty-life","7":"product_brand-urtekram","8":"product_cat-kozmetike-kujdes-personal","9":"product_cat-shampo-bio","11":"first","12":"instock","13":"taxable","14":"shipping-taxable","15":"purchasable","16":"product-type-simple"},"acf":[],"yoast_head":"<!-- This site is optimized with the Yoast SEO plugin v27.5 - https:\/\/yoast.com\/product\/yoast-seo-wordpress\/ -->\n<title>Spray Conditioner Bio per Floke te Demtuar 250ml - Edesia<\/title>\n<meta name=\"description\" content=\"Spray conditioner bio me chia dhe nordic berries per hidratim, rikonstruktim dhe krehje te lehte te flok\u00ebve\" \/>\n<meta name=\"robots\" content=\"index, follow, max-snippet:-1, max-image-preview:large, max-video-preview:-1\" \/>\n<link rel=\"canonical\" href=\"https:\/\/www.edesia.al\/?product=spray-conditioner-bio\" \/>\n<meta property=\"og:locale\" content=\"en_US\" \/>\n<meta property=\"og:type\" content=\"article\" \/>\n<meta property=\"og:title\" content=\"Spray Conditioner Bio per Floke te Demtuar 250ml - Edesia\" \/>\n<meta property=\"og:description\" content=\"Spray conditioner bio me chia dhe nordic berries per hidratim, rikonstruktim dhe krehje te lehte te flok\u00ebve\" \/>\n<meta property=\"og:url\" content=\"https:\/\/www.edesia.al\/?product=spray-conditioner-bio\" \/>\n<meta property=\"og:site_name\" content=\"Edesia\" \/>\n<meta property=\"article:modified_time\" content=\"2026-05-15T14:33:49+00:00\" \/>\n<meta property=\"og:image\" content=\"https:\/\/www.edesia.al\/wp-content\/uploads\/2026\/05\/zbutes-flokesh-leave-in.png\" \/>\n\t<meta property=\"og:image:width\" content=\"600\" \/>\n\t<meta property=\"og:image:height\" content=\"600\" \/>\n\t<meta property=\"og:image:type\" content=\"image\/png\" \/>\n<meta name=\"twitter:card\" content=\"summary_large_image\" \/>\n<meta name=\"twitter:label1\" content=\"Est. reading time\" \/>\n\t<meta name=\"twitter:data1\" content=\"2 minutes\" \/>\n<script type=\"application\/ld+json\" class=\"yoast-schema-graph\">{\"@context\":\"https:\\\/\\\/schema.org\",\"@graph\":[{\"@type\":\"WebPage\",\"@id\":\"https:\\\/\\\/www.edesia.al\\\/?product=spray-conditioner-bio\",\"url\":\"https:\\\/\\\/www.edesia.al\\\/?product=spray-conditioner-bio\",\"name\":\"Spray Conditioner Bio per Floke te Demtuar 250ml - Edesia\",\"isPartOf\":{\"@id\":\"https:\\\/\\\/www.edesia.al\\\/#website\"},\"primaryImageOfPage\":{\"@id\":\"https:\\\/\\\/www.edesia.al\\\/?product=spray-conditioner-bio#primaryimage\"},\"image\":{\"@id\":\"https:\\\/\\\/www.edesia.al\\\/?product=spray-conditioner-bio#primaryimage\"},\"thumbnailUrl\":\"https:\\\/\\\/www.edesia.al\\\/wp-content\\\/uploads\\\/2026\\\/05\\\/zbutes-flokesh-leave-in.png\",\"datePublished\":\"2026-05-15T14:33:48+00:00\",\"dateModified\":\"2026-05-15T14:33:49+00:00\",\"description\":\"Spray conditioner bio me chia dhe nordic berries per hidratim, rikonstruktim dhe krehje te lehte te flok\u00ebve\",\"breadcrumb\":{\"@id\":\"https:\\\/\\\/www.edesia.al\\\/?product=spray-conditioner-bio#breadcrumb\"},\"inLanguage\":\"en-US\",\"potentialAction\":[{\"@type\":\"ReadAction\",\"target\":[\"https:\\\/\\\/www.edesia.al\\\/?product=spray-conditioner-bio\"]}]},{\"@type\":\"ImageObject\",\"inLanguage\":\"en-US\",\"@id\":\"https:\\\/\\\/www.edesia.al\\\/?product=spray-conditioner-bio#primaryimage\",\"url\":\"https:\\\/\\\/www.edesia.al\\\/wp-content\\\/uploads\\\/2026\\\/05\\\/zbutes-flokesh-leave-in.png\",\"contentUrl\":\"https:\\\/\\\/www.edesia.al\\\/wp-content\\\/uploads\\\/2026\\\/05\\\/zbutes-flokesh-leave-in.png\",\"width\":600,\"height\":600},{\"@type\":\"BreadcrumbList\",\"@id\":\"https:\\\/\\\/www.edesia.al\\\/?product=spray-conditioner-bio#breadcrumb\",\"itemListElement\":[{\"@type\":\"ListItem\",\"position\":1,\"name\":\"Home\",\"item\":\"https:\\\/\\\/www.edesia.al\\\/\"},{\"@type\":\"ListItem\",\"position\":2,\"name\":\"Dyqani\",\"item\":\"https:\\\/\\\/www.edesia.al\\\/?page_id=17\"},{\"@type\":\"ListItem\",\"position\":3,\"name\":\"Spray Conditioner Bio per Floke te Demtuar 250ml\"}]},{\"@type\":\"WebSite\",\"@id\":\"https:\\\/\\\/www.edesia.al\\\/#website\",\"url\":\"https:\\\/\\\/www.edesia.al\\\/\",\"name\":\"Edesia\",\"description\":\"\",\"publisher\":{\"@id\":\"https:\\\/\\\/www.edesia.al\\\/#organization\"},\"potentialAction\":[{\"@type\":\"SearchAction\",\"target\":{\"@type\":\"EntryPoint\",\"urlTemplate\":\"https:\\\/\\\/www.edesia.al\\\/?s={search_term_string}\"},\"query-input\":{\"@type\":\"PropertyValueSpecification\",\"valueRequired\":true,\"valueName\":\"search_term_string\"}}],\"inLanguage\":\"en-US\"},{\"@type\":\"Organization\",\"@id\":\"https:\\\/\\\/www.edesia.al\\\/#organization\",\"name\":\"Edesia\",\"url\":\"https:\\\/\\\/www.edesia.al\\\/\",\"logo\":{\"@type\":\"ImageObject\",\"inLanguage\":\"en-US\",\"@id\":\"https:\\\/\\\/www.edesia.al\\\/#\\\/schema\\\/logo\\\/image\\\/\",\"url\":\"https:\\\/\\\/www.edesia.al\\\/wp-content\\\/uploads\\\/2026\\\/02\\\/Logo-Edesia-no-background.png\",\"contentUrl\":\"https:\\\/\\\/www.edesia.al\\\/wp-content\\\/uploads\\\/2026\\\/02\\\/Logo-Edesia-no-background.png\",\"width\":293,\"height\":158,\"caption\":\"Edesia\"},\"image\":{\"@id\":\"https:\\\/\\\/www.edesia.al\\\/#\\\/schema\\\/logo\\\/image\\\/\"}}]}<\/script>\n<!-- \/ Yoast SEO plugin. -->","yoast_head_json":{"title":"Spray Conditioner Bio per Floke te Demtuar 250ml - Edesia","description":"Spray conditioner bio me chia dhe nordic berries per hidratim, rikonstruktim dhe krehje te lehte te flok\u00ebve","robots":{"index":"index","follow":"follow","max-snippet":"max-snippet:-1","max-image-preview":"max-image-preview:large","max-video-preview":"max-video-preview:-1"},"canonical":"https:\/\/www.edesia.al\/?product=spray-conditioner-bio","og_locale":"en_US","og_type":"article","og_title":"Spray Conditioner Bio per Floke te Demtuar 250ml - Edesia","og_description":"Spray conditioner bio me chia dhe nordic berries per hidratim, rikonstruktim dhe krehje te lehte te flok\u00ebve","og_url":"https:\/\/www.edesia.al\/?product=spray-conditioner-bio","og_site_name":"Edesia","article_modified_time":"2026-05-15T14:33:49+00:00","og_image":[{"width":600,"height":600,"url":"https:\/\/www.edesia.al\/wp-content\/uploads\/2026\/05\/zbutes-flokesh-leave-in.png","type":"image\/png"}],"twitter_card":"summary_large_image","twitter_misc":{"Est. reading time":"2 minutes"},"schema":{"@context":"https:\/\/schema.org","@graph":[{"@type":"WebPage","@id":"https:\/\/www.edesia.al\/?product=spray-conditioner-bio","url":"https:\/\/www.edesia.al\/?product=spray-conditioner-bio","name":"Spray Conditioner Bio per Floke te Demtuar 250ml - Edesia","isPartOf":{"@id":"https:\/\/www.edesia.al\/#website"},"primaryImageOfPage":{"@id":"https:\/\/www.edesia.al\/?product=spray-conditioner-bio#primaryimage"},"image":{"@id":"https:\/\/www.edesia.al\/?product=spray-conditioner-bio#primaryimage"},"thumbnailUrl":"https:\/\/www.edesia.al\/wp-content\/uploads\/2026\/05\/zbutes-flokesh-leave-in.png","datePublished":"2026-05-15T14:33:48+00:00","dateModified":"2026-05-15T14:33:49+00:00","description":"Spray conditioner bio me chia dhe nordic berries per hidratim, rikonstruktim dhe krehje te lehte te flok\u00ebve","breadcrumb":{"@id":"https:\/\/www.edesia.al\/?product=spray-conditioner-bio#breadcrumb"},"inLanguage":"en-US","potentialAction":[{"@type":"ReadAction","target":["https:\/\/www.edesia.al\/?product=spray-conditioner-bio"]}]},{"@type":"ImageObject","inLanguage":"en-US","@id":"https:\/\/www.edesia.al\/?product=spray-conditioner-bio#primaryimage","url":"https:\/\/www.edesia.al\/wp-content\/uploads\/2026\/05\/zbutes-flokesh-leave-in.png","contentUrl":"https:\/\/www.edesia.al\/wp-content\/uploads\/2026\/05\/zbutes-flokesh-leave-in.png","width":600,"height":600},{"@type":"BreadcrumbList","@id":"https:\/\/www.edesia.al\/?product=spray-conditioner-bio#breadcrumb","itemListElement":[{"@type":"ListItem","position":1,"name":"Home","item":"https:\/\/www.edesia.al\/"},{"@type":"ListItem","position":2,"name":"Dyqani","item":"https:\/\/www.edesia.al\/?page_id=17"},{"@type":"ListItem","position":3,"name":"Spray Conditioner Bio per Floke te Demtuar 250ml"}]},{"@type":"WebSite","@id":"https:\/\/www.edesia.al\/#website","url":"https:\/\/www.edesia.al\/","name":"Edesia","description":"","publisher":{"@id":"https:\/\/www.edesia.al\/#organization"},"potentialAction":[{"@type":"SearchAction","target":{"@type":"EntryPoint","urlTemplate":"https:\/\/www.edesia.al\/?s={search_term_string}"},"query-input":{"@type":"PropertyValueSpecification","valueRequired":true,"valueName":"search_term_string"}}],"inLanguage":"en-US"},{"@type":"Organization","@id":"https:\/\/www.edesia.al\/#organization","name":"Edesia","url":"https:\/\/www.edesia.al\/","logo":{"@type":"ImageObject","inLanguage":"en-US","@id":"https:\/\/www.edesia.al\/#\/schema\/logo\/image\/","url":"https:\/\/www.edesia.al\/wp-content\/uploads\/2026\/02\/Logo-Edesia-no-background.png","contentUrl":"https:\/\/www.edesia.al\/wp-content\/uploads\/2026\/02\/Logo-Edesia-no-background.png","width":293,"height":158,"caption":"Edesia"},"image":{"@id":"https:\/\/www.edesia.al\/#\/schema\/logo\/image\/"}}]}},"_links":{"self":[{"href":"https:\/\/www.edesia.al\/index.php?rest_route=\/wp\/v2\/product\/14986","targetHints":{"allow":["GET"]}}],"collection":[{"href":"https:\/\/www.edesia.al\/index.php?rest_route=\/wp\/v2\/product"}],"about":[{"href":"https:\/\/www.edesia.al\/index.php?rest_route=\/wp\/v2\/types\/product"}],"replies":[{"embeddable":true,"href":"https:\/\/www.edesia.al\/index.php?rest_route=%2Fwp%2Fv2%2Fcomments&post=14986"}],"wp:featuredmedia":[{"embeddable":true,"href":"https:\/\/www.edesia.al\/index.php?rest_route=\/wp\/v2\/media\/14987"}],"wp:attachment":[{"href":"https:\/\/www.edesia.al\/index.php?rest_route=%2Fwp%2Fv2%2Fmedia&parent=14986"}],"wp:term":[{"taxonomy":"kategori-sipas-dietave","embeddable":true,"href":"https:\/\/www.edesia.al\/index.php?rest_route=%2Fwp%2Fv2%2Fkategori-sipas-dietave&post=14986"},{"taxonomy":"kategori-sipas-problemeve-shende","embeddable":true,"href":"https:\/\/www.edesia.al\/index.php?rest_route=%2Fwp%2Fv2%2Fkategori-sipas-problemeve-shende&post=14986"},{"taxonomy":"produkte-me-ulje","embeddable":true,"href":"https:\/\/www.edesia.al\/index.php?rest_route=%2Fwp%2Fv2%2Fprodukte-me-ulje&post=14986"},{"taxonomy":"product_brand","embeddable":true,"href":"https:\/\/www.edesia.al\/index.php?rest_route=%2Fwp%2Fv2%2Fproduct_brand&post=14986"},{"taxonomy":"product_cat","embeddable":true,"href":"https:\/\/www.edesia.al\/index.php?rest_route=%2Fwp%2Fv2%2Fproduct_cat&post=14986"},{"taxonomy":"product_tag","embeddable":true,"href":"https:\/\/www.edesia.al\/index.php?rest_route=%2Fwp%2Fv2%2Fproduct_tag&post=14986"}],"curies":[{"name":"wp","href":"https:\/\/api.w.org\/{rel}","templated":true}]}}