{"id":15006,"date":"2026-05-15T18:42:34","date_gmt":"2026-05-15T16:42:34","guid":{"rendered":"https:\/\/www.edesia.al\/?post_type=product&#038;p=15006"},"modified":"2026-05-15T18:42:34","modified_gmt":"2026-05-15T16:42:34","slug":"paste-dhembesh-whitening-bio","status":"publish","type":"product","link":"https:\/\/www.edesia.al\/?product=paste-dhembesh-whitening-bio","title":{"rendered":"Paste Dhembesh Whitening Bio pa Fluor"},"content":{"rendered":"<p>Fresh Mint Fluoride Free Whitening Toothpaste<\/p>\n<p data-start=\"454\" data-end=\"791\"><strong data-start=\"454\" data-end=\"791\">Paste dhembesh whitening bio \u00ebsht\u00eb nj\u00eb past\u00eb dh\u00ebmb\u00ebsh natyrale dhe pa fluor nga Urtekram, e krijuar p\u00ebr pastrim efektiv, freski t\u00eb frym\u00ebmarrjes dhe zbardhim natyral t\u00eb dh\u00ebmb\u00ebve. Kjo paste dhembesh whitening bio kombinon mente freskuese, aloe vera dhe hydroxyapatite p\u00ebr t\u00eb ndihmuar n\u00eb mir\u00ebmbajtjen dhe forcimin e smaltit t\u00eb dh\u00ebmb\u00ebve.<\/strong><\/p>\n<p data-start=\"793\" data-end=\"1008\">Formula e saj me p\u00ebrb\u00ebr\u00ebs natyral\u00eb ndihmon n\u00eb pastrimin e dh\u00ebmb\u00ebve pa p\u00ebrdorur p\u00ebrb\u00ebr\u00ebs agresiv\u00eb. Hydroxyapatite ndihmon n\u00eb mb\u00ebshtetjen e smaltit, nd\u00ebrsa mente dhe myrra japin ndjesi freskie dhe past\u00ebrtie afatgjat\u00eb.<\/p>\n<p data-start=\"1010\" data-end=\"1116\">Kjo past\u00eb dh\u00ebmb\u00ebsh \u00ebsht\u00eb ideale p\u00ebr persona q\u00eb preferojn\u00eb produkte oral care natyrale, vegan dhe pa fluor.<\/p>\n<hr data-start=\"1118\" data-end=\"1121\" \/>\n<h4 data-section-id=\"1ax9sxu\" data-start=\"1123\" data-end=\"1170\">\ud83c\udf3f P\u00ebrfitimet e paste dhembesh whitening bio<\/h4>\n<ul data-start=\"1172\" data-end=\"1424\">\n<li data-section-id=\"183b8lj\" data-start=\"1172\" data-end=\"1220\">\u2714\ufe0f Ndihmon n\u00eb zbardhimin natyral t\u00eb dh\u00ebmb\u00ebve<\/li>\n<li data-section-id=\"yfhqz1\" data-start=\"1221\" data-end=\"1254\">\u2714\ufe0f Jep frym\u00ebmarrje t\u00eb fresk\u00ebt<\/li>\n<li data-section-id=\"k9blxu\" data-start=\"1255\" data-end=\"1302\">\u2714\ufe0f Me hydroxyapatite p\u00ebr smaltin e dh\u00ebmb\u00ebve<\/li>\n<li data-section-id=\"mz37o8\" data-start=\"1303\" data-end=\"1336\">\u2714\ufe0f Pastron but\u00ebsisht pa fluor<\/li>\n<li data-section-id=\"qvax0a\" data-start=\"1337\" data-end=\"1375\">\u2714\ufe0f Me aloe vera dhe mente natyrale<\/li>\n<li data-section-id=\"ectuwr\" data-start=\"1376\" data-end=\"1424\">\u2714\ufe0f I p\u00ebrshtatsh\u00ebm p\u00ebr p\u00ebrdorim t\u00eb p\u00ebrditsh\u00ebm<\/li>\n<\/ul>\n<hr data-start=\"1426\" data-end=\"1429\" \/>\n<h4 data-section-id=\"a74nqb\" data-start=\"1431\" data-end=\"1481\">\ud83e\uddb7 Kujdes natyral per dhemb\u00eb me hydroxyapatite<\/h4>\n<p data-start=\"1483\" data-end=\"1598\">Hydroxyapatite ndihmon n\u00eb forcimin dhe mir\u00ebmbajtjen e smaltit t\u00eb dh\u00ebmb\u00ebve duke mb\u00ebshtetur mbrojtjen natyrale orale.<\/p>\n<hr data-start=\"1600\" data-end=\"1603\" \/>\n<h4 data-section-id=\"1qjcuv3\" data-start=\"1605\" data-end=\"1630\">\ud83c\udf31 P\u00ebrb\u00ebr\u00ebsit kryesor\u00eb<\/h4>\n<ul data-start=\"1632\" data-end=\"1728\">\n<li data-section-id=\"4tzfml\" data-start=\"1632\" data-end=\"1650\">Hydroxyapatite<\/li>\n<li data-section-id=\"14trad\" data-start=\"1651\" data-end=\"1665\">Aloe Vera*<\/li>\n<li data-section-id=\"1sekorr\" data-start=\"1666\" data-end=\"1682\">Vaj menteje*<\/li>\n<li data-section-id=\"17s3jib\" data-start=\"1683\" data-end=\"1702\">Vaj peppermint*<\/li>\n<li data-section-id=\"1avdlej\" data-start=\"1703\" data-end=\"1714\">Xylitol<\/li>\n<li data-section-id=\"2pxgpq\" data-start=\"1715\" data-end=\"1728\">Myrrh Oil<\/li>\n<\/ul>\n<p data-start=\"1730\" data-end=\"1753\">(*nga bujq\u00ebsi organike)<\/p>\n<hr data-start=\"1755\" data-end=\"1758\" \/>\n<h4 data-section-id=\"gnowgi\" data-start=\"1760\" data-end=\"1775\">\ud83e\uddf4 P\u00ebrdorimi<\/h4>\n<ul data-start=\"1777\" data-end=\"1887\">\n<li data-section-id=\"bdfd4o\" data-start=\"1777\" data-end=\"1828\">Vendosni nj\u00eb sasi t\u00eb vog\u00ebl n\u00eb fur\u00e7\u00ebn e dh\u00ebmb\u00ebve<\/li>\n<li data-section-id=\"1b8uzz8\" data-start=\"1829\" data-end=\"1858\">Lani dh\u00ebmb\u00ebt p\u00ebr 2 minuta<\/li>\n<li data-section-id=\"1ui0he3\" data-start=\"1859\" data-end=\"1887\">P\u00ebrdoreni 2 her\u00eb n\u00eb dit\u00eb<\/li>\n<\/ul>\n<p data-start=\"1889\" data-end=\"1938\">\ud83d\udc49 I p\u00ebrshtatsh\u00ebm p\u00ebr rutin\u00eb t\u00eb p\u00ebrditshme orale.<\/p>\n<hr data-start=\"1940\" data-end=\"1943\" \/>\n<h4 data-section-id=\"1423pgd\" data-start=\"1945\" data-end=\"1974\">\ud83d\udc9a \u00c7far\u00eb e b\u00ebn t\u00eb ve\u00e7ant\u00eb?<\/h4>\n<ul data-start=\"1976\" data-end=\"2118\">\n<li data-section-id=\"sm5www\" data-start=\"1976\" data-end=\"1991\">\u2714\ufe0f Pa fluor<\/li>\n<li data-section-id=\"1dbezdb\" data-start=\"1992\" data-end=\"2013\">\u2714\ufe0f Vegan friendly<\/li>\n<li data-section-id=\"9fi3gl\" data-start=\"2014\" data-end=\"2045\">\u2714\ufe0f COSMOS ORGANIC Certified<\/li>\n<li data-section-id=\"nmz3sy\" data-start=\"2046\" data-end=\"2078\">\u2714\ufe0f 100% me origjin\u00eb natyrale<\/li>\n<li data-section-id=\"47vwy5\" data-start=\"2079\" data-end=\"2118\">\u2714\ufe0f Me mente freskuese dhe aloe vera<\/li>\n<\/ul>\n<hr data-start=\"2120\" data-end=\"2123\" \/>\n<h4 data-section-id=\"ye05kc\" data-start=\"2125\" data-end=\"2143\">\ud83c\udf0d Certifikimet<\/h4>\n<ul data-start=\"2145\" data-end=\"2217\">\n<li data-section-id=\"q6mygb\" data-start=\"2145\" data-end=\"2174\">\u2714\ufe0f Ecocert COSMOS Organic<\/li>\n<li data-section-id=\"13sw4js\" data-start=\"2175\" data-end=\"2187\">\u2714\ufe0f Vegan<\/li>\n<li data-section-id=\"1orc9ey\" data-start=\"2188\" data-end=\"2217\">\u2714\ufe0f 100% origjin\u00eb natyrale<\/li>\n<\/ul>\n<hr data-start=\"2219\" data-end=\"2222\" \/>\n<h4 data-section-id=\"sv4i2s\" data-start=\"2224\" data-end=\"2235\">\ud83d\udc45 Shija<\/h4>\n<p data-start=\"2237\" data-end=\"2283\">E fresk\u00ebt dhe mentol me nota menteje natyrale.<\/p>\n<hr data-start=\"2285\" data-end=\"2288\" \/>\n<h4 data-section-id=\"1uolwgc\" data-start=\"2290\" data-end=\"2302\">\u26a0\ufe0f Kujdes<\/h4>\n<ul data-start=\"2304\" data-end=\"2387\">\n<li data-section-id=\"9h6dxg\" data-start=\"2304\" data-end=\"2331\">Vet\u00ebm p\u00ebr p\u00ebrdorim oral<\/li>\n<li data-section-id=\"11mwbbt\" data-start=\"2332\" data-end=\"2351\">Mos e g\u00eblltisni<\/li>\n<li data-section-id=\"1podzaj\" data-start=\"2352\" data-end=\"2387\">Mbajeni larg f\u00ebmij\u00ebve t\u00eb vegj\u00ebl<\/li>\n<\/ul>\n<hr data-start=\"2389\" data-end=\"2392\" \/>\n<p data-start=\"2394\" data-end=\"2501\">\ud83d\udc49 <strong data-start=\"2397\" data-end=\"2501\">Porosite tani tek Edesia.al dhe kujdesu natyralisht p\u00ebr buz\u00ebqeshjen me paste dhembesh whitening bio.<\/strong><\/p>\n","protected":false},"excerpt":{"rendered":"<p>\ud83d\udc49 <strong data-start=\"2535\" data-end=\"2637\">Paste dhembesh whitening bio pa fluor me mente dhe hydroxyapatite per freski dhe zbardhim natyral.<\/strong><\/p>\n","protected":false},"featured_media":15007,"comment_status":"open","ping_status":"closed","template":"","meta":{"_acf_changed":false,"inline_featured_image":false},"kategori-sipas-dietave":[],"kategori-sipas-problemeve-shende":[],"produkte-me-ulje":[],"product_brand":[25],"product_cat":[79,72],"product_tag":[],"class_list":{"0":"post-15006","1":"product","2":"type-product","3":"status-publish","4":"has-post-thumbnail","6":"product_brand-urtekram","7":"product_cat-kozmetike-kujdes-personal","8":"product_cat-oral-care","10":"first","11":"instock","12":"taxable","13":"shipping-taxable","14":"purchasable","15":"product-type-simple"},"acf":[],"yoast_head":"<!-- This site is optimized with the Yoast SEO plugin v27.5 - https:\/\/yoast.com\/product\/yoast-seo-wordpress\/ -->\n<title>Paste Dhembesh Whitening Bio pa Fluor - Edesia<\/title>\n<meta name=\"description\" content=\"Paste dhembesh whitening bio pa fluor me mente dhe hydroxyapatite per pastrim, freski dhe zbardhim natyral.\" \/>\n<meta name=\"robots\" content=\"index, follow, max-snippet:-1, max-image-preview:large, max-video-preview:-1\" \/>\n<link rel=\"canonical\" href=\"https:\/\/www.edesia.al\/?product=paste-dhembesh-whitening-bio\" \/>\n<meta property=\"og:locale\" content=\"en_US\" \/>\n<meta property=\"og:type\" content=\"article\" \/>\n<meta property=\"og:title\" content=\"Paste Dhembesh Whitening Bio pa Fluor - Edesia\" \/>\n<meta property=\"og:description\" content=\"Paste dhembesh whitening bio pa fluor me mente dhe hydroxyapatite per pastrim, freski dhe zbardhim natyral.\" \/>\n<meta property=\"og:url\" content=\"https:\/\/www.edesia.al\/?product=paste-dhembesh-whitening-bio\" \/>\n<meta property=\"og:site_name\" content=\"Edesia\" \/>\n<meta property=\"og:image\" content=\"https:\/\/www.edesia.al\/wp-content\/uploads\/2026\/05\/137620-142507-1083609_freshmint_front-367x1024.png\" \/>\n\t<meta property=\"og:image:width\" content=\"367\" \/>\n\t<meta property=\"og:image:height\" content=\"1024\" \/>\n\t<meta property=\"og:image:type\" content=\"image\/png\" \/>\n<meta name=\"twitter:card\" content=\"summary_large_image\" \/>\n<meta name=\"twitter:label1\" content=\"Est. reading time\" \/>\n\t<meta name=\"twitter:data1\" content=\"2 minutes\" \/>\n<script type=\"application\/ld+json\" class=\"yoast-schema-graph\">{\"@context\":\"https:\\\/\\\/schema.org\",\"@graph\":[{\"@type\":\"WebPage\",\"@id\":\"https:\\\/\\\/www.edesia.al\\\/?product=paste-dhembesh-whitening-bio\",\"url\":\"https:\\\/\\\/www.edesia.al\\\/?product=paste-dhembesh-whitening-bio\",\"name\":\"Paste Dhembesh Whitening Bio pa Fluor - Edesia\",\"isPartOf\":{\"@id\":\"https:\\\/\\\/www.edesia.al\\\/#website\"},\"primaryImageOfPage\":{\"@id\":\"https:\\\/\\\/www.edesia.al\\\/?product=paste-dhembesh-whitening-bio#primaryimage\"},\"image\":{\"@id\":\"https:\\\/\\\/www.edesia.al\\\/?product=paste-dhembesh-whitening-bio#primaryimage\"},\"thumbnailUrl\":\"https:\\\/\\\/www.edesia.al\\\/wp-content\\\/uploads\\\/2026\\\/05\\\/137620-142507-1083609_freshmint_front.png\",\"datePublished\":\"2026-05-15T16:42:34+00:00\",\"description\":\"Paste dhembesh whitening bio pa fluor me mente dhe hydroxyapatite per pastrim, freski dhe zbardhim natyral.\",\"breadcrumb\":{\"@id\":\"https:\\\/\\\/www.edesia.al\\\/?product=paste-dhembesh-whitening-bio#breadcrumb\"},\"inLanguage\":\"en-US\",\"potentialAction\":[{\"@type\":\"ReadAction\",\"target\":[\"https:\\\/\\\/www.edesia.al\\\/?product=paste-dhembesh-whitening-bio\"]}]},{\"@type\":\"ImageObject\",\"inLanguage\":\"en-US\",\"@id\":\"https:\\\/\\\/www.edesia.al\\\/?product=paste-dhembesh-whitening-bio#primaryimage\",\"url\":\"https:\\\/\\\/www.edesia.al\\\/wp-content\\\/uploads\\\/2026\\\/05\\\/137620-142507-1083609_freshmint_front.png\",\"contentUrl\":\"https:\\\/\\\/www.edesia.al\\\/wp-content\\\/uploads\\\/2026\\\/05\\\/137620-142507-1083609_freshmint_front.png\",\"width\":938,\"height\":2616,\"caption\":\"Paste natyrale pa fluor me mente\"},{\"@type\":\"BreadcrumbList\",\"@id\":\"https:\\\/\\\/www.edesia.al\\\/?product=paste-dhembesh-whitening-bio#breadcrumb\",\"itemListElement\":[{\"@type\":\"ListItem\",\"position\":1,\"name\":\"Home\",\"item\":\"https:\\\/\\\/www.edesia.al\\\/\"},{\"@type\":\"ListItem\",\"position\":2,\"name\":\"Dyqani\",\"item\":\"https:\\\/\\\/www.edesia.al\\\/?page_id=17\"},{\"@type\":\"ListItem\",\"position\":3,\"name\":\"Paste Dhembesh Whitening Bio pa Fluor\"}]},{\"@type\":\"WebSite\",\"@id\":\"https:\\\/\\\/www.edesia.al\\\/#website\",\"url\":\"https:\\\/\\\/www.edesia.al\\\/\",\"name\":\"Edesia\",\"description\":\"\",\"publisher\":{\"@id\":\"https:\\\/\\\/www.edesia.al\\\/#organization\"},\"potentialAction\":[{\"@type\":\"SearchAction\",\"target\":{\"@type\":\"EntryPoint\",\"urlTemplate\":\"https:\\\/\\\/www.edesia.al\\\/?s={search_term_string}\"},\"query-input\":{\"@type\":\"PropertyValueSpecification\",\"valueRequired\":true,\"valueName\":\"search_term_string\"}}],\"inLanguage\":\"en-US\"},{\"@type\":\"Organization\",\"@id\":\"https:\\\/\\\/www.edesia.al\\\/#organization\",\"name\":\"Edesia\",\"url\":\"https:\\\/\\\/www.edesia.al\\\/\",\"logo\":{\"@type\":\"ImageObject\",\"inLanguage\":\"en-US\",\"@id\":\"https:\\\/\\\/www.edesia.al\\\/#\\\/schema\\\/logo\\\/image\\\/\",\"url\":\"https:\\\/\\\/www.edesia.al\\\/wp-content\\\/uploads\\\/2026\\\/02\\\/Logo-Edesia-no-background.png\",\"contentUrl\":\"https:\\\/\\\/www.edesia.al\\\/wp-content\\\/uploads\\\/2026\\\/02\\\/Logo-Edesia-no-background.png\",\"width\":293,\"height\":158,\"caption\":\"Edesia\"},\"image\":{\"@id\":\"https:\\\/\\\/www.edesia.al\\\/#\\\/schema\\\/logo\\\/image\\\/\"}}]}<\/script>\n<!-- \/ Yoast SEO plugin. -->","yoast_head_json":{"title":"Paste Dhembesh Whitening Bio pa Fluor - Edesia","description":"Paste dhembesh whitening bio pa fluor me mente dhe hydroxyapatite per pastrim, freski dhe zbardhim natyral.","robots":{"index":"index","follow":"follow","max-snippet":"max-snippet:-1","max-image-preview":"max-image-preview:large","max-video-preview":"max-video-preview:-1"},"canonical":"https:\/\/www.edesia.al\/?product=paste-dhembesh-whitening-bio","og_locale":"en_US","og_type":"article","og_title":"Paste Dhembesh Whitening Bio pa Fluor - Edesia","og_description":"Paste dhembesh whitening bio pa fluor me mente dhe hydroxyapatite per pastrim, freski dhe zbardhim natyral.","og_url":"https:\/\/www.edesia.al\/?product=paste-dhembesh-whitening-bio","og_site_name":"Edesia","og_image":[{"width":367,"height":1024,"url":"https:\/\/www.edesia.al\/wp-content\/uploads\/2026\/05\/137620-142507-1083609_freshmint_front-367x1024.png","type":"image\/png"}],"twitter_card":"summary_large_image","twitter_misc":{"Est. reading time":"2 minutes"},"schema":{"@context":"https:\/\/schema.org","@graph":[{"@type":"WebPage","@id":"https:\/\/www.edesia.al\/?product=paste-dhembesh-whitening-bio","url":"https:\/\/www.edesia.al\/?product=paste-dhembesh-whitening-bio","name":"Paste Dhembesh Whitening Bio pa Fluor - Edesia","isPartOf":{"@id":"https:\/\/www.edesia.al\/#website"},"primaryImageOfPage":{"@id":"https:\/\/www.edesia.al\/?product=paste-dhembesh-whitening-bio#primaryimage"},"image":{"@id":"https:\/\/www.edesia.al\/?product=paste-dhembesh-whitening-bio#primaryimage"},"thumbnailUrl":"https:\/\/www.edesia.al\/wp-content\/uploads\/2026\/05\/137620-142507-1083609_freshmint_front.png","datePublished":"2026-05-15T16:42:34+00:00","description":"Paste dhembesh whitening bio pa fluor me mente dhe hydroxyapatite per pastrim, freski dhe zbardhim natyral.","breadcrumb":{"@id":"https:\/\/www.edesia.al\/?product=paste-dhembesh-whitening-bio#breadcrumb"},"inLanguage":"en-US","potentialAction":[{"@type":"ReadAction","target":["https:\/\/www.edesia.al\/?product=paste-dhembesh-whitening-bio"]}]},{"@type":"ImageObject","inLanguage":"en-US","@id":"https:\/\/www.edesia.al\/?product=paste-dhembesh-whitening-bio#primaryimage","url":"https:\/\/www.edesia.al\/wp-content\/uploads\/2026\/05\/137620-142507-1083609_freshmint_front.png","contentUrl":"https:\/\/www.edesia.al\/wp-content\/uploads\/2026\/05\/137620-142507-1083609_freshmint_front.png","width":938,"height":2616,"caption":"Paste natyrale pa fluor me mente"},{"@type":"BreadcrumbList","@id":"https:\/\/www.edesia.al\/?product=paste-dhembesh-whitening-bio#breadcrumb","itemListElement":[{"@type":"ListItem","position":1,"name":"Home","item":"https:\/\/www.edesia.al\/"},{"@type":"ListItem","position":2,"name":"Dyqani","item":"https:\/\/www.edesia.al\/?page_id=17"},{"@type":"ListItem","position":3,"name":"Paste Dhembesh Whitening Bio pa Fluor"}]},{"@type":"WebSite","@id":"https:\/\/www.edesia.al\/#website","url":"https:\/\/www.edesia.al\/","name":"Edesia","description":"","publisher":{"@id":"https:\/\/www.edesia.al\/#organization"},"potentialAction":[{"@type":"SearchAction","target":{"@type":"EntryPoint","urlTemplate":"https:\/\/www.edesia.al\/?s={search_term_string}"},"query-input":{"@type":"PropertyValueSpecification","valueRequired":true,"valueName":"search_term_string"}}],"inLanguage":"en-US"},{"@type":"Organization","@id":"https:\/\/www.edesia.al\/#organization","name":"Edesia","url":"https:\/\/www.edesia.al\/","logo":{"@type":"ImageObject","inLanguage":"en-US","@id":"https:\/\/www.edesia.al\/#\/schema\/logo\/image\/","url":"https:\/\/www.edesia.al\/wp-content\/uploads\/2026\/02\/Logo-Edesia-no-background.png","contentUrl":"https:\/\/www.edesia.al\/wp-content\/uploads\/2026\/02\/Logo-Edesia-no-background.png","width":293,"height":158,"caption":"Edesia"},"image":{"@id":"https:\/\/www.edesia.al\/#\/schema\/logo\/image\/"}}]}},"_links":{"self":[{"href":"https:\/\/www.edesia.al\/index.php?rest_route=\/wp\/v2\/product\/15006","targetHints":{"allow":["GET"]}}],"collection":[{"href":"https:\/\/www.edesia.al\/index.php?rest_route=\/wp\/v2\/product"}],"about":[{"href":"https:\/\/www.edesia.al\/index.php?rest_route=\/wp\/v2\/types\/product"}],"replies":[{"embeddable":true,"href":"https:\/\/www.edesia.al\/index.php?rest_route=%2Fwp%2Fv2%2Fcomments&post=15006"}],"wp:featuredmedia":[{"embeddable":true,"href":"https:\/\/www.edesia.al\/index.php?rest_route=\/wp\/v2\/media\/15007"}],"wp:attachment":[{"href":"https:\/\/www.edesia.al\/index.php?rest_route=%2Fwp%2Fv2%2Fmedia&parent=15006"}],"wp:term":[{"taxonomy":"kategori-sipas-dietave","embeddable":true,"href":"https:\/\/www.edesia.al\/index.php?rest_route=%2Fwp%2Fv2%2Fkategori-sipas-dietave&post=15006"},{"taxonomy":"kategori-sipas-problemeve-shende","embeddable":true,"href":"https:\/\/www.edesia.al\/index.php?rest_route=%2Fwp%2Fv2%2Fkategori-sipas-problemeve-shende&post=15006"},{"taxonomy":"produkte-me-ulje","embeddable":true,"href":"https:\/\/www.edesia.al\/index.php?rest_route=%2Fwp%2Fv2%2Fprodukte-me-ulje&post=15006"},{"taxonomy":"product_brand","embeddable":true,"href":"https:\/\/www.edesia.al\/index.php?rest_route=%2Fwp%2Fv2%2Fproduct_brand&post=15006"},{"taxonomy":"product_cat","embeddable":true,"href":"https:\/\/www.edesia.al\/index.php?rest_route=%2Fwp%2Fv2%2Fproduct_cat&post=15006"},{"taxonomy":"product_tag","embeddable":true,"href":"https:\/\/www.edesia.al\/index.php?rest_route=%2Fwp%2Fv2%2Fproduct_tag&post=15006"}],"curies":[{"name":"wp","href":"https:\/\/api.w.org\/{rel}","templated":true}]}}