{"id":15012,"date":"2026-05-15T19:18:57","date_gmt":"2026-05-15T17:18:57","guid":{"rendered":"https:\/\/www.edesia.al\/?post_type=product&#038;p=15012"},"modified":"2026-05-15T19:18:58","modified_gmt":"2026-05-15T17:18:58","slug":"shampo-kamomil-bio","status":"publish","type":"product","link":"https:\/\/www.edesia.al\/?product=shampo-kamomil-bio","title":{"rendered":"Shampo Kamomil Bio per Floke Blond"},"content":{"rendered":"<p>Camomile Blond Hair Shampoo \u2013 Urtekram<\/p>\n<p data-start=\"420\" data-end=\"708\"><strong data-start=\"420\" data-end=\"708\">Shampo kamomil bio \u00ebsht\u00eb nj\u00eb shampo natyrale dhe hidratuese nga Urtekram, e krijuar posa\u00e7\u00ebrisht p\u00ebr flok\u00eb blond dhe flok\u00eb t\u00eb \u00e7el\u00ebt. Kjo shampo kamomil bio kombinon ekstraktet e kamomilit, aloe vera dhe glycerin p\u00ebr t\u00eb ndihmuar n\u00eb hidratimin, zbutjen dhe shk\u00eblqimin natyral t\u00eb flok\u00ebve.<\/strong><\/p>\n<p data-start=\"710\" data-end=\"1001\">Formula e saj me kamomil ndihmon n\u00eb theksimin e reflektimeve natyrale t\u00eb flok\u00ebve blond, nd\u00ebrsa aloe vera dhe glycerin ndihmojn\u00eb n\u00eb ruajtjen e lag\u00ebshtis\u00eb dhe but\u00ebsis\u00eb s\u00eb flok\u00ebve. Vajrat dhe ekstraktet natyrale t\u00eb kamomilit krijojn\u00eb nj\u00eb rutin\u00eb t\u00eb but\u00eb dhe t\u00eb kujdesshme p\u00ebr flok\u00ebt dhe skalpin.<\/p>\n<p data-start=\"1003\" data-end=\"1132\">Kjo shampo \u00ebsht\u00eb ideale p\u00ebr p\u00ebrdorim t\u00eb p\u00ebrditsh\u00ebm dhe p\u00ebr persona q\u00eb k\u00ebrkojn\u00eb produkte organic p\u00ebr mir\u00ebmbajtjen e flok\u00ebve blond.<\/p>\n<hr data-start=\"1134\" data-end=\"1137\" \/>\n<h4 data-section-id=\"xlc3ag\" data-start=\"1139\" data-end=\"1176\">\ud83c\udf3f P\u00ebrfitimet e shampo kamomil bio<\/h4>\n<ul data-start=\"1178\" data-end=\"1413\">\n<li data-section-id=\"6866pa\" data-start=\"1178\" data-end=\"1219\">\u2714\ufe0f Jep shk\u00eblqim natyral flok\u00ebve blond<\/li>\n<li data-section-id=\"gxjxs3\" data-start=\"1220\" data-end=\"1258\">\u2714\ufe0f Ndihmon n\u00eb hidratimin e flok\u00ebve<\/li>\n<li data-section-id=\"s05q7a\" data-start=\"1259\" data-end=\"1288\">\u2714\ufe0f Zbut dhe ushqen flok\u00ebt<\/li>\n<li data-section-id=\"1ajb0l1\" data-start=\"1289\" data-end=\"1320\">\u2714\ufe0f Me kamomil dhe aloe vera<\/li>\n<li data-section-id=\"hurcoh\" data-start=\"1321\" data-end=\"1364\">\u2714\ufe0f Pastron but\u00ebsisht flok\u00ebt dhe skalpin<\/li>\n<li data-section-id=\"ectuwr\" data-start=\"1365\" data-end=\"1413\">\u2714\ufe0f I p\u00ebrshtatsh\u00ebm p\u00ebr p\u00ebrdorim t\u00eb p\u00ebrditsh\u00ebm<\/li>\n<\/ul>\n<hr data-start=\"1415\" data-end=\"1418\" \/>\n<h4 data-section-id=\"96jmd0\" data-start=\"1420\" data-end=\"1457\">\ud83c\udf3c Kujdes natyral per flok\u00eb blond<\/h4>\n<p data-start=\"1459\" data-end=\"1562\">Kamomili ndihmon n\u00eb theksimin e tonit natyral t\u00eb flok\u00ebve blond duke i l\u00ebn\u00eb m\u00eb t\u00eb ndritsh\u00ebm dhe t\u00eb but\u00eb.<\/p>\n<hr data-start=\"1564\" data-end=\"1567\" \/>\n<h4 data-section-id=\"1qjcuv3\" data-start=\"1569\" data-end=\"1594\">\ud83c\udf31 P\u00ebrb\u00ebr\u00ebsit kryesor\u00eb<\/h4>\n<ul data-start=\"1596\" data-end=\"1705\">\n<li data-section-id=\"14trad\" data-start=\"1596\" data-end=\"1610\">Aloe Vera*<\/li>\n<li data-section-id=\"1acsnym\" data-start=\"1611\" data-end=\"1633\">Ekstrakt Kamomili*<\/li>\n<li data-section-id=\"s080d2\" data-start=\"1634\" data-end=\"1651\">Vaj kamomili*<\/li>\n<li data-section-id=\"1r9lidl\" data-start=\"1652\" data-end=\"1664\">Glycerin<\/li>\n<li data-section-id=\"2hjazg\" data-start=\"1665\" data-end=\"1692\">Vitamin\u00eb E (Tocopherol)<\/li>\n<li data-section-id=\"1byyrj0\" data-start=\"1693\" data-end=\"1705\">Squalene<\/li>\n<\/ul>\n<p data-start=\"1707\" data-end=\"1730\">(*nga bujq\u00ebsi organike)<\/p>\n<hr data-start=\"1732\" data-end=\"1735\" \/>\n<h4 data-section-id=\"gnowgi\" data-start=\"1737\" data-end=\"1752\">\ud83e\uddf4 P\u00ebrdorimi<\/h4>\n<ul data-start=\"1754\" data-end=\"1878\">\n<li data-section-id=\"cojffw\" data-start=\"1754\" data-end=\"1802\">Aplikoni nj\u00eb sasi t\u00eb vog\u00ebl n\u00eb flok\u00eb t\u00eb lagur<\/li>\n<li data-section-id=\"mz8nti\" data-start=\"1803\" data-end=\"1851\">Masazhoni skalpin deri sa t\u00eb krijohet shkum\u00eb<\/li>\n<li data-section-id=\"11mi7d8\" data-start=\"1852\" data-end=\"1878\">Shp\u00eblajeni mir\u00eb me uj\u00eb<\/li>\n<\/ul>\n<p data-start=\"1880\" data-end=\"1932\">\ud83d\udc49 Ideal p\u00ebr flok\u00eb blond dhe p\u00ebrdorim t\u00eb p\u00ebrditsh\u00ebm.<\/p>\n<hr data-start=\"1934\" data-end=\"1937\" \/>\n<h4 data-section-id=\"1423pgd\" data-start=\"1939\" data-end=\"1968\">\ud83d\udc9a \u00c7far\u00eb e b\u00ebn t\u00eb ve\u00e7ant\u00eb?<\/h4>\n<ul data-start=\"1970\" data-end=\"2120\">\n<li data-section-id=\"nmz3sy\" data-start=\"1970\" data-end=\"2002\">\u2714\ufe0f 100% me origjin\u00eb natyrale<\/li>\n<li data-section-id=\"9fi3gl\" data-start=\"2003\" data-end=\"2034\">\u2714\ufe0f COSMOS ORGANIC Certified<\/li>\n<li data-section-id=\"1dbezdb\" data-start=\"2035\" data-end=\"2056\">\u2714\ufe0f Vegan friendly<\/li>\n<li data-section-id=\"1qtttos\" data-start=\"2057\" data-end=\"2082\">\u2714\ufe0f Me kamomil organik<\/li>\n<li data-section-id=\"uyihdj\" data-start=\"2083\" data-end=\"2120\">\u2714\ufe0f Formula e but\u00eb p\u00ebr flok\u00eb blond<\/li>\n<\/ul>\n<hr data-start=\"2122\" data-end=\"2125\" \/>\n<h4 data-section-id=\"ye05kc\" data-start=\"2127\" data-end=\"2145\">\ud83c\udf0d Certifikimet<\/h4>\n<ul data-start=\"2147\" data-end=\"2219\">\n<li data-section-id=\"q6mygb\" data-start=\"2147\" data-end=\"2176\">\u2714\ufe0f Ecocert COSMOS Organic<\/li>\n<li data-section-id=\"13sw4js\" data-start=\"2177\" data-end=\"2189\">\u2714\ufe0f Vegan<\/li>\n<li data-section-id=\"1orc9ey\" data-start=\"2190\" data-end=\"2219\">\u2714\ufe0f 100% origjin\u00eb natyrale<\/li>\n<\/ul>\n<hr data-start=\"2221\" data-end=\"2224\" \/>\n<h4 data-section-id=\"t21nsd\" data-start=\"2226\" data-end=\"2237\">\ud83d\udc45 Aroma<\/h4>\n<p data-start=\"2239\" data-end=\"2285\">E but\u00eb, natyrale dhe florale me nota kamomili.<\/p>\n<hr data-start=\"2287\" data-end=\"2290\" \/>\n<h4 data-section-id=\"1uolwgc\" data-start=\"2292\" data-end=\"2304\">\u26a0\ufe0f Kujdes<\/h4>\n<ul data-start=\"2306\" data-end=\"2414\">\n<li data-section-id=\"15ge03t\" data-start=\"2306\" data-end=\"2339\">Vet\u00ebm p\u00ebr p\u00ebrdorim t\u00eb jasht\u00ebm<\/li>\n<li data-section-id=\"p581ez\" data-start=\"2340\" data-end=\"2370\">Shmangni kontaktin me syt\u00eb<\/li>\n<li data-section-id=\"uhk3on\" data-start=\"2371\" data-end=\"2414\">Ruajeni n\u00eb vend t\u00eb fresk\u00ebt dhe t\u00eb that\u00eb<\/li>\n<\/ul>\n<hr data-start=\"2416\" data-end=\"2419\" \/>\n<p data-start=\"2421\" data-end=\"2517\">\ud83d\udc49 <strong data-start=\"2424\" data-end=\"2517\">Porosite tani tek Edesia.al dhe jepi shk\u00eblqim flok\u00ebve me shampo kamomil bio nga Urtekram.<\/strong><\/p>\n","protected":false},"excerpt":{"rendered":"<p>\ud83d\udc49 <strong data-start=\"2551\" data-end=\"2649\">Shampo kamomil bio per flok\u00eb blond me aloe vera dhe kamomil per shkelqim dhe hidratim natyral.<\/strong><\/p>\n","protected":false},"featured_media":15013,"comment_status":"open","ping_status":"closed","template":"","meta":{"_acf_changed":false,"inline_featured_image":false},"kategori-sipas-dietave":[],"kategori-sipas-problemeve-shende":[],"produkte-me-ulje":[],"product_brand":[25],"product_cat":[79,56],"product_tag":[],"class_list":{"0":"post-15012","1":"product","2":"type-product","3":"status-publish","4":"has-post-thumbnail","6":"product_brand-urtekram","7":"product_cat-kozmetike-kujdes-personal","8":"product_cat-shampo-bio","10":"first","11":"instock","12":"taxable","13":"shipping-taxable","14":"purchasable","15":"product-type-simple"},"acf":[],"yoast_head":"<!-- This site is optimized with the Yoast SEO plugin v27.5 - https:\/\/yoast.com\/product\/yoast-seo-wordpress\/ -->\n<title>Shampo Kamomil Bio per Floke Blond - Edesia<\/title>\n<meta name=\"description\" content=\"Shampo kamomil bio per flok\u00eb blond me aloe vera dhe kamomil per shkelqim, hidratim dhe butesi natyrale.\" \/>\n<meta name=\"robots\" content=\"index, follow, max-snippet:-1, max-image-preview:large, max-video-preview:-1\" \/>\n<link rel=\"canonical\" href=\"https:\/\/www.edesia.al\/?product=shampo-kamomil-bio\" \/>\n<meta property=\"og:locale\" content=\"en_US\" \/>\n<meta property=\"og:type\" content=\"article\" \/>\n<meta property=\"og:title\" content=\"Shampo Kamomil Bio per Floke Blond - Edesia\" \/>\n<meta property=\"og:description\" content=\"Shampo kamomil bio per flok\u00eb blond me aloe vera dhe kamomil per shkelqim, hidratim dhe butesi natyrale.\" \/>\n<meta property=\"og:url\" content=\"https:\/\/www.edesia.al\/?product=shampo-kamomil-bio\" \/>\n<meta property=\"og:site_name\" content=\"Edesia\" \/>\n<meta property=\"article:modified_time\" content=\"2026-05-15T17:18:58+00:00\" \/>\n<meta property=\"og:image\" content=\"https:\/\/www.edesia.al\/wp-content\/uploads\/2026\/05\/138471-122000-1083744_g1n1_camomile_shampoo_500ml-346x1024.png\" \/>\n\t<meta property=\"og:image:width\" content=\"346\" \/>\n\t<meta property=\"og:image:height\" content=\"1024\" \/>\n\t<meta property=\"og:image:type\" content=\"image\/png\" \/>\n<meta name=\"twitter:card\" content=\"summary_large_image\" \/>\n<meta name=\"twitter:label1\" content=\"Est. reading time\" \/>\n\t<meta name=\"twitter:data1\" content=\"2 minutes\" \/>\n<script type=\"application\/ld+json\" class=\"yoast-schema-graph\">{\"@context\":\"https:\\\/\\\/schema.org\",\"@graph\":[{\"@type\":\"WebPage\",\"@id\":\"https:\\\/\\\/www.edesia.al\\\/?product=shampo-kamomil-bio\",\"url\":\"https:\\\/\\\/www.edesia.al\\\/?product=shampo-kamomil-bio\",\"name\":\"Shampo Kamomil Bio per Floke Blond - Edesia\",\"isPartOf\":{\"@id\":\"https:\\\/\\\/www.edesia.al\\\/#website\"},\"primaryImageOfPage\":{\"@id\":\"https:\\\/\\\/www.edesia.al\\\/?product=shampo-kamomil-bio#primaryimage\"},\"image\":{\"@id\":\"https:\\\/\\\/www.edesia.al\\\/?product=shampo-kamomil-bio#primaryimage\"},\"thumbnailUrl\":\"https:\\\/\\\/www.edesia.al\\\/wp-content\\\/uploads\\\/2026\\\/05\\\/138471-122000-1083744_g1n1_camomile_shampoo_500ml.png\",\"datePublished\":\"2026-05-15T17:18:57+00:00\",\"dateModified\":\"2026-05-15T17:18:58+00:00\",\"description\":\"Shampo kamomil bio per flok\u00eb blond me aloe vera dhe kamomil per shkelqim, hidratim dhe butesi natyrale.\",\"breadcrumb\":{\"@id\":\"https:\\\/\\\/www.edesia.al\\\/?product=shampo-kamomil-bio#breadcrumb\"},\"inLanguage\":\"en-US\",\"potentialAction\":[{\"@type\":\"ReadAction\",\"target\":[\"https:\\\/\\\/www.edesia.al\\\/?product=shampo-kamomil-bio\"]}]},{\"@type\":\"ImageObject\",\"inLanguage\":\"en-US\",\"@id\":\"https:\\\/\\\/www.edesia.al\\\/?product=shampo-kamomil-bio#primaryimage\",\"url\":\"https:\\\/\\\/www.edesia.al\\\/wp-content\\\/uploads\\\/2026\\\/05\\\/138471-122000-1083744_g1n1_camomile_shampoo_500ml.png\",\"contentUrl\":\"https:\\\/\\\/www.edesia.al\\\/wp-content\\\/uploads\\\/2026\\\/05\\\/138471-122000-1083744_g1n1_camomile_shampoo_500ml.png\",\"width\":914,\"height\":2702,\"caption\":\"Shampo natyrale per flok\u00eb blond\"},{\"@type\":\"BreadcrumbList\",\"@id\":\"https:\\\/\\\/www.edesia.al\\\/?product=shampo-kamomil-bio#breadcrumb\",\"itemListElement\":[{\"@type\":\"ListItem\",\"position\":1,\"name\":\"Home\",\"item\":\"https:\\\/\\\/www.edesia.al\\\/\"},{\"@type\":\"ListItem\",\"position\":2,\"name\":\"Dyqani\",\"item\":\"https:\\\/\\\/www.edesia.al\\\/?page_id=17\"},{\"@type\":\"ListItem\",\"position\":3,\"name\":\"Shampo Kamomil Bio per Floke Blond\"}]},{\"@type\":\"WebSite\",\"@id\":\"https:\\\/\\\/www.edesia.al\\\/#website\",\"url\":\"https:\\\/\\\/www.edesia.al\\\/\",\"name\":\"Edesia\",\"description\":\"\",\"publisher\":{\"@id\":\"https:\\\/\\\/www.edesia.al\\\/#organization\"},\"potentialAction\":[{\"@type\":\"SearchAction\",\"target\":{\"@type\":\"EntryPoint\",\"urlTemplate\":\"https:\\\/\\\/www.edesia.al\\\/?s={search_term_string}\"},\"query-input\":{\"@type\":\"PropertyValueSpecification\",\"valueRequired\":true,\"valueName\":\"search_term_string\"}}],\"inLanguage\":\"en-US\"},{\"@type\":\"Organization\",\"@id\":\"https:\\\/\\\/www.edesia.al\\\/#organization\",\"name\":\"Edesia\",\"url\":\"https:\\\/\\\/www.edesia.al\\\/\",\"logo\":{\"@type\":\"ImageObject\",\"inLanguage\":\"en-US\",\"@id\":\"https:\\\/\\\/www.edesia.al\\\/#\\\/schema\\\/logo\\\/image\\\/\",\"url\":\"https:\\\/\\\/www.edesia.al\\\/wp-content\\\/uploads\\\/2026\\\/02\\\/Logo-Edesia-no-background.png\",\"contentUrl\":\"https:\\\/\\\/www.edesia.al\\\/wp-content\\\/uploads\\\/2026\\\/02\\\/Logo-Edesia-no-background.png\",\"width\":293,\"height\":158,\"caption\":\"Edesia\"},\"image\":{\"@id\":\"https:\\\/\\\/www.edesia.al\\\/#\\\/schema\\\/logo\\\/image\\\/\"}}]}<\/script>\n<!-- \/ Yoast SEO plugin. -->","yoast_head_json":{"title":"Shampo Kamomil Bio per Floke Blond - Edesia","description":"Shampo kamomil bio per flok\u00eb blond me aloe vera dhe kamomil per shkelqim, hidratim dhe butesi natyrale.","robots":{"index":"index","follow":"follow","max-snippet":"max-snippet:-1","max-image-preview":"max-image-preview:large","max-video-preview":"max-video-preview:-1"},"canonical":"https:\/\/www.edesia.al\/?product=shampo-kamomil-bio","og_locale":"en_US","og_type":"article","og_title":"Shampo Kamomil Bio per Floke Blond - Edesia","og_description":"Shampo kamomil bio per flok\u00eb blond me aloe vera dhe kamomil per shkelqim, hidratim dhe butesi natyrale.","og_url":"https:\/\/www.edesia.al\/?product=shampo-kamomil-bio","og_site_name":"Edesia","article_modified_time":"2026-05-15T17:18:58+00:00","og_image":[{"width":346,"height":1024,"url":"https:\/\/www.edesia.al\/wp-content\/uploads\/2026\/05\/138471-122000-1083744_g1n1_camomile_shampoo_500ml-346x1024.png","type":"image\/png"}],"twitter_card":"summary_large_image","twitter_misc":{"Est. reading time":"2 minutes"},"schema":{"@context":"https:\/\/schema.org","@graph":[{"@type":"WebPage","@id":"https:\/\/www.edesia.al\/?product=shampo-kamomil-bio","url":"https:\/\/www.edesia.al\/?product=shampo-kamomil-bio","name":"Shampo Kamomil Bio per Floke Blond - Edesia","isPartOf":{"@id":"https:\/\/www.edesia.al\/#website"},"primaryImageOfPage":{"@id":"https:\/\/www.edesia.al\/?product=shampo-kamomil-bio#primaryimage"},"image":{"@id":"https:\/\/www.edesia.al\/?product=shampo-kamomil-bio#primaryimage"},"thumbnailUrl":"https:\/\/www.edesia.al\/wp-content\/uploads\/2026\/05\/138471-122000-1083744_g1n1_camomile_shampoo_500ml.png","datePublished":"2026-05-15T17:18:57+00:00","dateModified":"2026-05-15T17:18:58+00:00","description":"Shampo kamomil bio per flok\u00eb blond me aloe vera dhe kamomil per shkelqim, hidratim dhe butesi natyrale.","breadcrumb":{"@id":"https:\/\/www.edesia.al\/?product=shampo-kamomil-bio#breadcrumb"},"inLanguage":"en-US","potentialAction":[{"@type":"ReadAction","target":["https:\/\/www.edesia.al\/?product=shampo-kamomil-bio"]}]},{"@type":"ImageObject","inLanguage":"en-US","@id":"https:\/\/www.edesia.al\/?product=shampo-kamomil-bio#primaryimage","url":"https:\/\/www.edesia.al\/wp-content\/uploads\/2026\/05\/138471-122000-1083744_g1n1_camomile_shampoo_500ml.png","contentUrl":"https:\/\/www.edesia.al\/wp-content\/uploads\/2026\/05\/138471-122000-1083744_g1n1_camomile_shampoo_500ml.png","width":914,"height":2702,"caption":"Shampo natyrale per flok\u00eb blond"},{"@type":"BreadcrumbList","@id":"https:\/\/www.edesia.al\/?product=shampo-kamomil-bio#breadcrumb","itemListElement":[{"@type":"ListItem","position":1,"name":"Home","item":"https:\/\/www.edesia.al\/"},{"@type":"ListItem","position":2,"name":"Dyqani","item":"https:\/\/www.edesia.al\/?page_id=17"},{"@type":"ListItem","position":3,"name":"Shampo Kamomil Bio per Floke Blond"}]},{"@type":"WebSite","@id":"https:\/\/www.edesia.al\/#website","url":"https:\/\/www.edesia.al\/","name":"Edesia","description":"","publisher":{"@id":"https:\/\/www.edesia.al\/#organization"},"potentialAction":[{"@type":"SearchAction","target":{"@type":"EntryPoint","urlTemplate":"https:\/\/www.edesia.al\/?s={search_term_string}"},"query-input":{"@type":"PropertyValueSpecification","valueRequired":true,"valueName":"search_term_string"}}],"inLanguage":"en-US"},{"@type":"Organization","@id":"https:\/\/www.edesia.al\/#organization","name":"Edesia","url":"https:\/\/www.edesia.al\/","logo":{"@type":"ImageObject","inLanguage":"en-US","@id":"https:\/\/www.edesia.al\/#\/schema\/logo\/image\/","url":"https:\/\/www.edesia.al\/wp-content\/uploads\/2026\/02\/Logo-Edesia-no-background.png","contentUrl":"https:\/\/www.edesia.al\/wp-content\/uploads\/2026\/02\/Logo-Edesia-no-background.png","width":293,"height":158,"caption":"Edesia"},"image":{"@id":"https:\/\/www.edesia.al\/#\/schema\/logo\/image\/"}}]}},"_links":{"self":[{"href":"https:\/\/www.edesia.al\/index.php?rest_route=\/wp\/v2\/product\/15012","targetHints":{"allow":["GET"]}}],"collection":[{"href":"https:\/\/www.edesia.al\/index.php?rest_route=\/wp\/v2\/product"}],"about":[{"href":"https:\/\/www.edesia.al\/index.php?rest_route=\/wp\/v2\/types\/product"}],"replies":[{"embeddable":true,"href":"https:\/\/www.edesia.al\/index.php?rest_route=%2Fwp%2Fv2%2Fcomments&post=15012"}],"wp:featuredmedia":[{"embeddable":true,"href":"https:\/\/www.edesia.al\/index.php?rest_route=\/wp\/v2\/media\/15013"}],"wp:attachment":[{"href":"https:\/\/www.edesia.al\/index.php?rest_route=%2Fwp%2Fv2%2Fmedia&parent=15012"}],"wp:term":[{"taxonomy":"kategori-sipas-dietave","embeddable":true,"href":"https:\/\/www.edesia.al\/index.php?rest_route=%2Fwp%2Fv2%2Fkategori-sipas-dietave&post=15012"},{"taxonomy":"kategori-sipas-problemeve-shende","embeddable":true,"href":"https:\/\/www.edesia.al\/index.php?rest_route=%2Fwp%2Fv2%2Fkategori-sipas-problemeve-shende&post=15012"},{"taxonomy":"produkte-me-ulje","embeddable":true,"href":"https:\/\/www.edesia.al\/index.php?rest_route=%2Fwp%2Fv2%2Fprodukte-me-ulje&post=15012"},{"taxonomy":"product_brand","embeddable":true,"href":"https:\/\/www.edesia.al\/index.php?rest_route=%2Fwp%2Fv2%2Fproduct_brand&post=15012"},{"taxonomy":"product_cat","embeddable":true,"href":"https:\/\/www.edesia.al\/index.php?rest_route=%2Fwp%2Fv2%2Fproduct_cat&post=15012"},{"taxonomy":"product_tag","embeddable":true,"href":"https:\/\/www.edesia.al\/index.php?rest_route=%2Fwp%2Fv2%2Fproduct_tag&post=15012"}],"curies":[{"name":"wp","href":"https:\/\/api.w.org\/{rel}","templated":true}]}}