{"id":15029,"date":"2026-05-16T18:19:15","date_gmt":"2026-05-16T16:19:15","guid":{"rendered":"https:\/\/www.edesia.al\/?post_type=product&#038;p=15029"},"modified":"2026-05-16T18:19:15","modified_gmt":"2026-05-16T16:19:15","slug":"shampo-femijesh-bio","status":"publish","type":"product","link":"https:\/\/www.edesia.al\/?product=shampo-femijesh-bio","title":{"rendered":"Shampo Femijesh Bio me Kalendula"},"content":{"rendered":"<p data-start=\"350\" data-end=\"399\"><strong data-start=\"350\" data-end=\"399\">Shampo Femijesh me Kalendula \u2013 Urtekram 500ml<\/strong><\/p>\n<p data-start=\"442\" data-end=\"710\"><strong data-start=\"442\" data-end=\"710\">Shampo femijesh bio nga Urtekram \u00ebsht\u00eb nj\u00eb shampo natyrale dhe e but\u00eb p\u00ebr flok\u00ebt dhe skalpin e ndjesh\u00ebm t\u00eb f\u00ebmij\u00ebve. Formula me kalendula, aloe vera dhe glycerin ndihmon n\u00eb pastrimin delikat t\u00eb flok\u00ebve duke i l\u00ebn\u00eb t\u00eb but\u00eb, t\u00eb hidratuar dhe t\u00eb leht\u00eb p\u00ebr t\u2019u krehur.<\/strong><\/p>\n<p data-start=\"712\" data-end=\"981\">Kjo shampo \u00ebsht\u00eb krijuar posa\u00e7\u00ebrisht p\u00ebr kujdesin e p\u00ebrditsh\u00ebm t\u00eb flok\u00ebve t\u00eb f\u00ebmij\u00ebve, pa irrituar skalpin e tyre delikat. Aloe vera ndihmon n\u00eb hidratimin natyral t\u00eb flok\u00ebve, nd\u00ebrsa ekstrakti i kalendul\u00ebs dhe magnolias ndihmojn\u00eb n\u00eb mir\u00ebmbajtjen dhe qet\u00ebsimin e skalpit.<\/p>\n<p data-start=\"983\" data-end=\"1108\">Formula e saj me p\u00ebrb\u00ebr\u00ebs natyral\u00eb pastron flok\u00ebt pa i thar\u00eb dhe krijon nj\u00eb eksperienc\u00eb t\u00eb but\u00eb dhe t\u00eb k\u00ebndshme gjat\u00eb larjes.<\/p>\n<hr data-start=\"1110\" data-end=\"1113\" \/>\n<h4 data-section-id=\"sy256j\" data-start=\"1115\" data-end=\"1153\">\ud83c\udf3f P\u00ebrfitimet e shampo femijesh bio<\/h4>\n<ul data-start=\"1155\" data-end=\"1393\">\n<li data-section-id=\"1hz3n0k\" data-start=\"1155\" data-end=\"1197\">\u2714\ufe0f Pastron but\u00ebsisht flok\u00ebt e f\u00ebmij\u00ebve<\/li>\n<li data-section-id=\"10zkmmp\" data-start=\"1198\" data-end=\"1229\">\u2714\ufe0f Hidraton dhe zbut flok\u00ebt<\/li>\n<li data-section-id=\"w9ypok\" data-start=\"1230\" data-end=\"1263\">\u2714\ufe0f Me kalendula dhe aloe vera<\/li>\n<li data-section-id=\"1yqnsec\" data-start=\"1264\" data-end=\"1309\">\u2714\ufe0f Ndihmon n\u00eb kujdesin e skalpit sensitiv<\/li>\n<li data-section-id=\"ectuwr\" data-start=\"1310\" data-end=\"1358\">\u2714\ufe0f I p\u00ebrshtatsh\u00ebm p\u00ebr p\u00ebrdorim t\u00eb p\u00ebrditsh\u00ebm<\/li>\n<li data-section-id=\"c8ntwh\" data-start=\"1359\" data-end=\"1393\">\u2714\ufe0f Formula e but\u00eb dhe natyrale<\/li>\n<\/ul>\n<hr data-start=\"1395\" data-end=\"1398\" \/>\n<h4 data-section-id=\"1fxcptn\" data-start=\"1400\" data-end=\"1443\">\ud83d\udca7 Shampo femijesh bio per flok\u00eb te but\u00eb<\/h4>\n<p data-start=\"1445\" data-end=\"1549\">Kombinimi i aloe vera dhe glycerin ndihmon n\u00eb ruajtjen e hidratimit dhe but\u00ebsis\u00eb s\u00eb flok\u00ebve t\u00eb f\u00ebmij\u00ebve.<\/p>\n<hr data-start=\"1551\" data-end=\"1554\" \/>\n<h4 data-section-id=\"1qjcuv3\" data-start=\"1556\" data-end=\"1581\">\ud83c\udf31 P\u00ebrb\u00ebr\u00ebsit kryesor\u00eb<\/h4>\n<ul data-start=\"1583\" data-end=\"1692\">\n<li data-section-id=\"14trad\" data-start=\"1583\" data-end=\"1597\">Aloe Vera*<\/li>\n<li data-section-id=\"1nui01f\" data-start=\"1598\" data-end=\"1612\">Kalendula*<\/li>\n<li data-section-id=\"hcm4b5\" data-start=\"1613\" data-end=\"1638\">Magnolia Bark Extract<\/li>\n<li data-section-id=\"1r9lidl\" data-start=\"1639\" data-end=\"1651\">Glycerin<\/li>\n<li data-section-id=\"2hjazg\" data-start=\"1652\" data-end=\"1679\">Vitamin\u00eb E (Tocopherol)<\/li>\n<li data-section-id=\"1byyrj0\" data-start=\"1680\" data-end=\"1692\">Squalene<\/li>\n<\/ul>\n<p data-start=\"1694\" data-end=\"1717\">(*nga bujq\u00ebsi organike)<\/p>\n<hr data-start=\"1719\" data-end=\"1722\" \/>\n<h4 data-section-id=\"gnowgi\" data-start=\"1724\" data-end=\"1739\">\ud83e\uddf4 P\u00ebrdorimi<\/h4>\n<ul data-start=\"1741\" data-end=\"1855\">\n<li data-section-id=\"cojffw\" data-start=\"1741\" data-end=\"1789\">Aplikoni nj\u00eb sasi t\u00eb vog\u00ebl n\u00eb flok\u00eb t\u00eb lagur<\/li>\n<li data-section-id=\"1tks0zs\" data-start=\"1790\" data-end=\"1828\">Masazhoni leht\u00eb skalpin dhe flok\u00ebt<\/li>\n<li data-section-id=\"11mi7d8\" data-start=\"1829\" data-end=\"1855\">Shp\u00eblajeni mir\u00eb me uj\u00eb<\/li>\n<\/ul>\n<p data-start=\"1857\" data-end=\"1914\">\ud83d\udc49 I p\u00ebrshtatsh\u00ebm p\u00ebr p\u00ebrdorim t\u00eb p\u00ebrditsh\u00ebm tek f\u00ebmij\u00ebt.<\/p>\n<hr data-start=\"1916\" data-end=\"1919\" \/>\n<h4 data-section-id=\"1423pgd\" data-start=\"1921\" data-end=\"1950\">\ud83d\udc9a \u00c7far\u00eb e b\u00ebn t\u00eb ve\u00e7ant\u00eb?<\/h4>\n<ul data-start=\"1952\" data-end=\"2116\">\n<li data-section-id=\"nmz3sy\" data-start=\"1952\" data-end=\"1984\">\u2714\ufe0f 100% me origjin\u00eb natyrale<\/li>\n<li data-section-id=\"9fi3gl\" data-start=\"1985\" data-end=\"2016\">\u2714\ufe0f COSMOS ORGANIC Certified<\/li>\n<li data-section-id=\"1dbezdb\" data-start=\"2017\" data-end=\"2038\">\u2714\ufe0f Vegan friendly<\/li>\n<li data-section-id=\"5vn5k3\" data-start=\"2039\" data-end=\"2073\">\u2714\ufe0f Formula delikate p\u00ebr f\u00ebmij\u00eb<\/li>\n<li data-section-id=\"1my25ue\" data-start=\"2074\" data-end=\"2116\">\u2714\ufe0f Me aloe vera dhe kalendula organike<\/li>\n<\/ul>\n<hr data-start=\"2118\" data-end=\"2121\" \/>\n<h4 data-section-id=\"ye05kc\" data-start=\"2123\" data-end=\"2141\">\ud83c\udf0d Certifikimet<\/h4>\n<ul data-start=\"2143\" data-end=\"2215\">\n<li data-section-id=\"q6mygb\" data-start=\"2143\" data-end=\"2172\">\u2714\ufe0f Ecocert COSMOS Organic<\/li>\n<li data-section-id=\"13sw4js\" data-start=\"2173\" data-end=\"2185\">\u2714\ufe0f Vegan<\/li>\n<li data-section-id=\"1orc9ey\" data-start=\"2186\" data-end=\"2215\">\u2714\ufe0f 100% origjin\u00eb natyrale<\/li>\n<\/ul>\n<hr data-start=\"2217\" data-end=\"2220\" \/>\n<h4 data-section-id=\"t21nsd\" data-start=\"2222\" data-end=\"2233\">\ud83d\udc45 Aroma<\/h4>\n<p data-start=\"2235\" data-end=\"2268\">E but\u00eb dhe e k\u00ebndshme p\u00ebr f\u00ebmij\u00eb.<\/p>\n<hr data-start=\"2270\" data-end=\"2273\" \/>\n<h4 data-section-id=\"1uolwgc\" data-start=\"2275\" data-end=\"2287\">\u26a0\ufe0f Kujdes<\/h4>\n<ul data-start=\"2289\" data-end=\"2393\">\n<li data-section-id=\"15ge03t\" data-start=\"2289\" data-end=\"2322\">Vet\u00ebm p\u00ebr p\u00ebrdorim t\u00eb jasht\u00ebm<\/li>\n<li data-section-id=\"p581ez\" data-start=\"2323\" data-end=\"2353\">Shmangni kontaktin me syt\u00eb<\/li>\n<li data-section-id=\"1ngirvz\" data-start=\"2354\" data-end=\"2393\">Mbajeni larg f\u00ebmij\u00ebve pa mbik\u00ebqyrje<\/li>\n<\/ul>\n<hr data-start=\"2395\" data-end=\"2398\" \/>\n<p data-start=\"2400\" data-end=\"2520\">\ud83d\udc49 <strong data-start=\"2403\" data-end=\"2520\">Porosite tani tek Edesia.al dhe kujdesu natyralisht p\u00ebr flok\u00ebt e t\u00eb vegj\u00eblve me shampo femijesh bio nga Urtekram.<\/strong><\/p>\n","protected":false},"excerpt":{"rendered":"<p data-start=\"2551\" data-end=\"2638\">\ud83d\udc49 <strong data-start=\"2554\" data-end=\"2638\">Shampo femijesh bio me kalendula dhe aloe vera per pastrim dhe hidratim te bute.<\/strong><\/p>\n","protected":false},"featured_media":15030,"comment_status":"open","ping_status":"closed","template":"","meta":{"_acf_changed":false,"inline_featured_image":false},"kategori-sipas-dietave":[],"kategori-sipas-problemeve-shende":[],"produkte-me-ulje":[],"product_brand":[25],"product_cat":[79,56],"product_tag":[],"class_list":{"0":"post-15029","1":"product","2":"type-product","3":"status-publish","4":"has-post-thumbnail","6":"product_brand-urtekram","7":"product_cat-kozmetike-kujdes-personal","8":"product_cat-shampo-bio","10":"first","11":"instock","12":"taxable","13":"shipping-taxable","14":"purchasable","15":"product-type-simple"},"acf":[],"yoast_head":"<!-- This site is optimized with the Yoast SEO plugin v27.5 - https:\/\/yoast.com\/product\/yoast-seo-wordpress\/ -->\n<title>Shampo Femijesh Bio me Kalendula - Edesia<\/title>\n<meta name=\"description\" content=\"Shampo femijesh bio me kalendula dhe aloe vera per pastrim te bute, hidratim dhe kujdes natyral per floket e femijeve.\" \/>\n<meta name=\"robots\" content=\"index, follow, max-snippet:-1, max-image-preview:large, max-video-preview:-1\" \/>\n<link rel=\"canonical\" href=\"https:\/\/www.edesia.al\/?product=shampo-femijesh-bio\" \/>\n<meta property=\"og:locale\" content=\"en_US\" \/>\n<meta property=\"og:type\" content=\"article\" \/>\n<meta property=\"og:title\" content=\"Shampo Femijesh Bio me Kalendula - Edesia\" \/>\n<meta property=\"og:description\" content=\"Shampo femijesh bio me kalendula dhe aloe vera per pastrim te bute, hidratim dhe kujdes natyral per floket e femijeve.\" \/>\n<meta property=\"og:url\" content=\"https:\/\/www.edesia.al\/?product=shampo-femijesh-bio\" \/>\n<meta property=\"og:site_name\" content=\"Edesia\" \/>\n<meta property=\"og:image\" content=\"https:\/\/www.edesia.al\/wp-content\/uploads\/2026\/05\/138886-120807-1083870_g1n1_childrens_shampoo_500ml.webp\" \/>\n\t<meta property=\"og:image:width\" content=\"914\" \/>\n\t<meta property=\"og:image:height\" content=\"2697\" \/>\n\t<meta property=\"og:image:type\" content=\"image\/webp\" \/>\n<meta name=\"twitter:card\" content=\"summary_large_image\" \/>\n<meta name=\"twitter:label1\" content=\"Est. reading time\" \/>\n\t<meta name=\"twitter:data1\" content=\"2 minutes\" \/>\n<script type=\"application\/ld+json\" class=\"yoast-schema-graph\">{\"@context\":\"https:\\\/\\\/schema.org\",\"@graph\":[{\"@type\":\"WebPage\",\"@id\":\"https:\\\/\\\/www.edesia.al\\\/?product=shampo-femijesh-bio\",\"url\":\"https:\\\/\\\/www.edesia.al\\\/?product=shampo-femijesh-bio\",\"name\":\"Shampo Femijesh Bio me Kalendula - Edesia\",\"isPartOf\":{\"@id\":\"https:\\\/\\\/www.edesia.al\\\/#website\"},\"primaryImageOfPage\":{\"@id\":\"https:\\\/\\\/www.edesia.al\\\/?product=shampo-femijesh-bio#primaryimage\"},\"image\":{\"@id\":\"https:\\\/\\\/www.edesia.al\\\/?product=shampo-femijesh-bio#primaryimage\"},\"thumbnailUrl\":\"https:\\\/\\\/www.edesia.al\\\/wp-content\\\/uploads\\\/2026\\\/05\\\/138886-120807-1083870_g1n1_childrens_shampoo_500ml.webp\",\"datePublished\":\"2026-05-16T16:19:15+00:00\",\"description\":\"Shampo femijesh bio me kalendula dhe aloe vera per pastrim te bute, hidratim dhe kujdes natyral per floket e femijeve.\",\"breadcrumb\":{\"@id\":\"https:\\\/\\\/www.edesia.al\\\/?product=shampo-femijesh-bio#breadcrumb\"},\"inLanguage\":\"en-US\",\"potentialAction\":[{\"@type\":\"ReadAction\",\"target\":[\"https:\\\/\\\/www.edesia.al\\\/?product=shampo-femijesh-bio\"]}]},{\"@type\":\"ImageObject\",\"inLanguage\":\"en-US\",\"@id\":\"https:\\\/\\\/www.edesia.al\\\/?product=shampo-femijesh-bio#primaryimage\",\"url\":\"https:\\\/\\\/www.edesia.al\\\/wp-content\\\/uploads\\\/2026\\\/05\\\/138886-120807-1083870_g1n1_childrens_shampoo_500ml.webp\",\"contentUrl\":\"https:\\\/\\\/www.edesia.al\\\/wp-content\\\/uploads\\\/2026\\\/05\\\/138886-120807-1083870_g1n1_childrens_shampoo_500ml.webp\",\"width\":914,\"height\":2697,\"caption\":\"Shampo natyrale me kalendula per femije\"},{\"@type\":\"BreadcrumbList\",\"@id\":\"https:\\\/\\\/www.edesia.al\\\/?product=shampo-femijesh-bio#breadcrumb\",\"itemListElement\":[{\"@type\":\"ListItem\",\"position\":1,\"name\":\"Home\",\"item\":\"https:\\\/\\\/www.edesia.al\\\/\"},{\"@type\":\"ListItem\",\"position\":2,\"name\":\"Dyqani\",\"item\":\"https:\\\/\\\/www.edesia.al\\\/?page_id=17\"},{\"@type\":\"ListItem\",\"position\":3,\"name\":\"Shampo Femijesh Bio me Kalendula\"}]},{\"@type\":\"WebSite\",\"@id\":\"https:\\\/\\\/www.edesia.al\\\/#website\",\"url\":\"https:\\\/\\\/www.edesia.al\\\/\",\"name\":\"Edesia\",\"description\":\"\",\"publisher\":{\"@id\":\"https:\\\/\\\/www.edesia.al\\\/#organization\"},\"potentialAction\":[{\"@type\":\"SearchAction\",\"target\":{\"@type\":\"EntryPoint\",\"urlTemplate\":\"https:\\\/\\\/www.edesia.al\\\/?s={search_term_string}\"},\"query-input\":{\"@type\":\"PropertyValueSpecification\",\"valueRequired\":true,\"valueName\":\"search_term_string\"}}],\"inLanguage\":\"en-US\"},{\"@type\":\"Organization\",\"@id\":\"https:\\\/\\\/www.edesia.al\\\/#organization\",\"name\":\"Edesia\",\"url\":\"https:\\\/\\\/www.edesia.al\\\/\",\"logo\":{\"@type\":\"ImageObject\",\"inLanguage\":\"en-US\",\"@id\":\"https:\\\/\\\/www.edesia.al\\\/#\\\/schema\\\/logo\\\/image\\\/\",\"url\":\"https:\\\/\\\/www.edesia.al\\\/wp-content\\\/uploads\\\/2026\\\/02\\\/Logo-Edesia-no-background.png\",\"contentUrl\":\"https:\\\/\\\/www.edesia.al\\\/wp-content\\\/uploads\\\/2026\\\/02\\\/Logo-Edesia-no-background.png\",\"width\":293,\"height\":158,\"caption\":\"Edesia\"},\"image\":{\"@id\":\"https:\\\/\\\/www.edesia.al\\\/#\\\/schema\\\/logo\\\/image\\\/\"}}]}<\/script>\n<!-- \/ Yoast SEO plugin. -->","yoast_head_json":{"title":"Shampo Femijesh Bio me Kalendula - Edesia","description":"Shampo femijesh bio me kalendula dhe aloe vera per pastrim te bute, hidratim dhe kujdes natyral per floket e femijeve.","robots":{"index":"index","follow":"follow","max-snippet":"max-snippet:-1","max-image-preview":"max-image-preview:large","max-video-preview":"max-video-preview:-1"},"canonical":"https:\/\/www.edesia.al\/?product=shampo-femijesh-bio","og_locale":"en_US","og_type":"article","og_title":"Shampo Femijesh Bio me Kalendula - Edesia","og_description":"Shampo femijesh bio me kalendula dhe aloe vera per pastrim te bute, hidratim dhe kujdes natyral per floket e femijeve.","og_url":"https:\/\/www.edesia.al\/?product=shampo-femijesh-bio","og_site_name":"Edesia","og_image":[{"width":914,"height":2697,"url":"https:\/\/www.edesia.al\/wp-content\/uploads\/2026\/05\/138886-120807-1083870_g1n1_childrens_shampoo_500ml.webp","type":"image\/webp"}],"twitter_card":"summary_large_image","twitter_misc":{"Est. reading time":"2 minutes"},"schema":{"@context":"https:\/\/schema.org","@graph":[{"@type":"WebPage","@id":"https:\/\/www.edesia.al\/?product=shampo-femijesh-bio","url":"https:\/\/www.edesia.al\/?product=shampo-femijesh-bio","name":"Shampo Femijesh Bio me Kalendula - Edesia","isPartOf":{"@id":"https:\/\/www.edesia.al\/#website"},"primaryImageOfPage":{"@id":"https:\/\/www.edesia.al\/?product=shampo-femijesh-bio#primaryimage"},"image":{"@id":"https:\/\/www.edesia.al\/?product=shampo-femijesh-bio#primaryimage"},"thumbnailUrl":"https:\/\/www.edesia.al\/wp-content\/uploads\/2026\/05\/138886-120807-1083870_g1n1_childrens_shampoo_500ml.webp","datePublished":"2026-05-16T16:19:15+00:00","description":"Shampo femijesh bio me kalendula dhe aloe vera per pastrim te bute, hidratim dhe kujdes natyral per floket e femijeve.","breadcrumb":{"@id":"https:\/\/www.edesia.al\/?product=shampo-femijesh-bio#breadcrumb"},"inLanguage":"en-US","potentialAction":[{"@type":"ReadAction","target":["https:\/\/www.edesia.al\/?product=shampo-femijesh-bio"]}]},{"@type":"ImageObject","inLanguage":"en-US","@id":"https:\/\/www.edesia.al\/?product=shampo-femijesh-bio#primaryimage","url":"https:\/\/www.edesia.al\/wp-content\/uploads\/2026\/05\/138886-120807-1083870_g1n1_childrens_shampoo_500ml.webp","contentUrl":"https:\/\/www.edesia.al\/wp-content\/uploads\/2026\/05\/138886-120807-1083870_g1n1_childrens_shampoo_500ml.webp","width":914,"height":2697,"caption":"Shampo natyrale me kalendula per femije"},{"@type":"BreadcrumbList","@id":"https:\/\/www.edesia.al\/?product=shampo-femijesh-bio#breadcrumb","itemListElement":[{"@type":"ListItem","position":1,"name":"Home","item":"https:\/\/www.edesia.al\/"},{"@type":"ListItem","position":2,"name":"Dyqani","item":"https:\/\/www.edesia.al\/?page_id=17"},{"@type":"ListItem","position":3,"name":"Shampo Femijesh Bio me Kalendula"}]},{"@type":"WebSite","@id":"https:\/\/www.edesia.al\/#website","url":"https:\/\/www.edesia.al\/","name":"Edesia","description":"","publisher":{"@id":"https:\/\/www.edesia.al\/#organization"},"potentialAction":[{"@type":"SearchAction","target":{"@type":"EntryPoint","urlTemplate":"https:\/\/www.edesia.al\/?s={search_term_string}"},"query-input":{"@type":"PropertyValueSpecification","valueRequired":true,"valueName":"search_term_string"}}],"inLanguage":"en-US"},{"@type":"Organization","@id":"https:\/\/www.edesia.al\/#organization","name":"Edesia","url":"https:\/\/www.edesia.al\/","logo":{"@type":"ImageObject","inLanguage":"en-US","@id":"https:\/\/www.edesia.al\/#\/schema\/logo\/image\/","url":"https:\/\/www.edesia.al\/wp-content\/uploads\/2026\/02\/Logo-Edesia-no-background.png","contentUrl":"https:\/\/www.edesia.al\/wp-content\/uploads\/2026\/02\/Logo-Edesia-no-background.png","width":293,"height":158,"caption":"Edesia"},"image":{"@id":"https:\/\/www.edesia.al\/#\/schema\/logo\/image\/"}}]}},"_links":{"self":[{"href":"https:\/\/www.edesia.al\/index.php?rest_route=\/wp\/v2\/product\/15029","targetHints":{"allow":["GET"]}}],"collection":[{"href":"https:\/\/www.edesia.al\/index.php?rest_route=\/wp\/v2\/product"}],"about":[{"href":"https:\/\/www.edesia.al\/index.php?rest_route=\/wp\/v2\/types\/product"}],"replies":[{"embeddable":true,"href":"https:\/\/www.edesia.al\/index.php?rest_route=%2Fwp%2Fv2%2Fcomments&post=15029"}],"wp:featuredmedia":[{"embeddable":true,"href":"https:\/\/www.edesia.al\/index.php?rest_route=\/wp\/v2\/media\/15030"}],"wp:attachment":[{"href":"https:\/\/www.edesia.al\/index.php?rest_route=%2Fwp%2Fv2%2Fmedia&parent=15029"}],"wp:term":[{"taxonomy":"kategori-sipas-dietave","embeddable":true,"href":"https:\/\/www.edesia.al\/index.php?rest_route=%2Fwp%2Fv2%2Fkategori-sipas-dietave&post=15029"},{"taxonomy":"kategori-sipas-problemeve-shende","embeddable":true,"href":"https:\/\/www.edesia.al\/index.php?rest_route=%2Fwp%2Fv2%2Fkategori-sipas-problemeve-shende&post=15029"},{"taxonomy":"produkte-me-ulje","embeddable":true,"href":"https:\/\/www.edesia.al\/index.php?rest_route=%2Fwp%2Fv2%2Fprodukte-me-ulje&post=15029"},{"taxonomy":"product_brand","embeddable":true,"href":"https:\/\/www.edesia.al\/index.php?rest_route=%2Fwp%2Fv2%2Fproduct_brand&post=15029"},{"taxonomy":"product_cat","embeddable":true,"href":"https:\/\/www.edesia.al\/index.php?rest_route=%2Fwp%2Fv2%2Fproduct_cat&post=15029"},{"taxonomy":"product_tag","embeddable":true,"href":"https:\/\/www.edesia.al\/index.php?rest_route=%2Fwp%2Fv2%2Fproduct_tag&post=15029"}],"curies":[{"name":"wp","href":"https:\/\/api.w.org\/{rel}","templated":true}]}}