{"id":15031,"date":"2026-05-16T18:25:20","date_gmt":"2026-05-16T16:25:20","guid":{"rendered":"https:\/\/www.edesia.al\/?post_type=product&#038;p=15031"},"modified":"2026-05-16T18:25:20","modified_gmt":"2026-05-16T16:25:20","slug":"zbutes-aloe-vera","status":"publish","type":"product","link":"https:\/\/www.edesia.al\/?product=zbutes-aloe-vera","title":{"rendered":"Zbutes Aloe Vera per Floke"},"content":{"rendered":"<p>Aloe Vera Revitalizing Conditioner \u2013 Zbut\u00ebs p\u00ebr Flok\u00ebt 180ml<\/p>\n<p data-start=\"440\" data-end=\"734\"><strong data-start=\"440\" data-end=\"734\">Zbutes aloe vera nga Urtekram \u00ebsht\u00eb nj\u00eb balsam hidratues dhe revitalizues p\u00ebr flok\u00ebt, i krijuar p\u00ebr t\u00eb ndihmuar flok\u00ebt t\u00eb mbeten t\u00eb but\u00eb, t\u00eb hidratuar dhe t\u00eb leht\u00eb p\u00ebr t\u2019u krehur. Formula me aloe vera organike, lecithin dhe glycerin ndihmon n\u00eb ushqimin dhe mir\u00ebmbajtjen natyrale t\u00eb flok\u00ebve.<\/strong><\/p>\n<p data-start=\"736\" data-end=\"967\">Ky zbut\u00ebs ndihmon n\u00eb hidratimin e flok\u00ebve pa i r\u00ebnduar, nd\u00ebrsa aloe vera dhe glycerin ndihmojn\u00eb n\u00eb ruajtjen e lag\u00ebshtis\u00eb dhe but\u00ebsis\u00eb s\u00eb tyre. Lecithin dhe vajrat natyral\u00eb kontribuojn\u00eb n\u00eb flok\u00eb m\u00eb t\u00eb l\u00ebmuar dhe me shk\u00eblqim natyral.<\/p>\n<p data-start=\"969\" data-end=\"1095\">Aroma e fresk\u00ebt e portokallit t\u00eb pjekur n\u00eb diell dhe lemongrass krijon nj\u00eb ndjesi t\u00eb k\u00ebndshme dhe energjike pas \u00e7do p\u00ebrdorimi.<\/p>\n<hr data-start=\"1097\" data-end=\"1100\" \/>\n<h4 data-section-id=\"vgg8jw\" data-start=\"1102\" data-end=\"1137\">\ud83c\udf3f<span style=\"font-size: 16px;\">P<\/span><span style=\"font-size: 16px;\">\u00ebrfitimet e zbutes aloe vera<\/span><span style=\"font-size: 16px;\">\u00a0<\/span><\/h4>\n<ul data-start=\"1139\" data-end=\"1366\">\n<li data-section-id=\"10zkmmp\" data-start=\"1139\" data-end=\"1170\">\u2714\ufe0f Hidraton dhe zbut flok\u00ebt<\/li>\n<li data-section-id=\"pbec5m\" data-start=\"1171\" data-end=\"1219\">\u2714\ufe0f Ndihmon n\u00eb krehjen m\u00eb t\u00eb leht\u00eb t\u00eb flok\u00ebve<\/li>\n<li data-section-id=\"2l25uc\" data-start=\"1220\" data-end=\"1252\">\u2714\ufe0f Me aloe vera dhe glycerin<\/li>\n<li data-section-id=\"924bj2\" data-start=\"1253\" data-end=\"1299\">\u2714\ufe0f Jep flok\u00ebve but\u00ebsi dhe shk\u00eblqim natyral<\/li>\n<li data-section-id=\"1yr2cjt\" data-start=\"1300\" data-end=\"1326\">\u2714\ufe0f Nuk i r\u00ebndon flok\u00ebt<\/li>\n<li data-section-id=\"p6yyft\" data-start=\"1327\" data-end=\"1366\">\u2714\ufe0f Ideal p\u00ebr p\u00ebrdorim t\u00eb p\u00ebrditsh\u00ebm<\/li>\n<\/ul>\n<hr data-start=\"1368\" data-end=\"1371\" \/>\n<h4 data-section-id=\"6pc1z4\" data-start=\"1373\" data-end=\"1418\">\ud83d\udca7 Zbutes aloe vera per flok\u00eb te hidratuar<\/h4>\n<p data-start=\"1420\" data-end=\"1537\">Kombinimi i aloe vera dhe lecithin ndihmon n\u00eb mir\u00ebmbajtjen e flok\u00ebve t\u00eb but\u00eb, t\u00eb ushqyer dhe me pamje t\u00eb sh\u00ebndetshme.<\/p>\n<hr data-start=\"1539\" data-end=\"1542\" \/>\n<h4 data-section-id=\"1qjcuv3\" data-start=\"1544\" data-end=\"1569\">\ud83c\udf31 P\u00ebrb\u00ebr\u00ebsit kryesor\u00eb<\/h4>\n<ul data-start=\"1571\" data-end=\"1692\">\n<li data-section-id=\"14trad\" data-start=\"1571\" data-end=\"1585\">Aloe Vera*<\/li>\n<li data-section-id=\"1r9lidl\" data-start=\"1586\" data-end=\"1598\">Glycerin<\/li>\n<li data-section-id=\"ma2zyo\" data-start=\"1599\" data-end=\"1611\">Lecithin<\/li>\n<li data-section-id=\"71kyp6\" data-start=\"1612\" data-end=\"1631\">Vaj portokalli*<\/li>\n<li data-section-id=\"yqy0pl\" data-start=\"1632\" data-end=\"1651\">Lemongrass Oil*<\/li>\n<li data-section-id=\"2hjazg\" data-start=\"1652\" data-end=\"1679\">Vitamin\u00eb E (Tocopherol)<\/li>\n<li data-section-id=\"1byyrj0\" data-start=\"1680\" data-end=\"1692\">Squalene<\/li>\n<\/ul>\n<p data-start=\"1694\" data-end=\"1717\">(*nga bujq\u00ebsi organike)<\/p>\n<hr data-start=\"1719\" data-end=\"1722\" \/>\n<h4 data-section-id=\"gnowgi\" data-start=\"1724\" data-end=\"1739\">\ud83e\uddf4 P\u00ebrdorimi<\/h4>\n<ul data-start=\"1741\" data-end=\"1877\">\n<li data-section-id=\"1uggmfv\" data-start=\"1741\" data-end=\"1785\">Aplikojeni n\u00eb flok\u00eb t\u00eb lagur pas shampos<\/li>\n<li data-section-id=\"13s38c9\" data-start=\"1786\" data-end=\"1824\">Masazhojeni n\u00eb gjat\u00ebsin\u00eb e flok\u00ebve<\/li>\n<li data-section-id=\"1t79sby\" data-start=\"1825\" data-end=\"1850\">L\u00ebreni p\u00ebr 2\u20133 minuta<\/li>\n<li data-section-id=\"11mi7d8\" data-start=\"1851\" data-end=\"1877\">Shp\u00eblajeni mir\u00eb me uj\u00eb<\/li>\n<\/ul>\n<p data-start=\"1879\" data-end=\"1915\">\ud83d\udc49 Ideal p\u00ebr p\u00ebrdorim t\u00eb p\u00ebrditsh\u00ebm.<\/p>\n<hr data-start=\"1917\" data-end=\"1920\" \/>\n<h4 data-section-id=\"1423pgd\" data-start=\"1922\" data-end=\"1951\">\ud83d\udc9a \u00c7far\u00eb e b\u00ebn t\u00eb ve\u00e7ant\u00eb?<\/h4>\n<ul data-start=\"1953\" data-end=\"2131\">\n<li data-section-id=\"nmz3sy\" data-start=\"1953\" data-end=\"1985\">\u2714\ufe0f 100% me origjin\u00eb natyrale<\/li>\n<li data-section-id=\"9fi3gl\" data-start=\"1986\" data-end=\"2017\">\u2714\ufe0f COSMOS ORGANIC Certified<\/li>\n<li data-section-id=\"1dbezdb\" data-start=\"2018\" data-end=\"2039\">\u2714\ufe0f Vegan friendly<\/li>\n<li data-section-id=\"109etpw\" data-start=\"2040\" data-end=\"2083\">\u2714\ufe0f Formula hidratuese dhe revitalizuese<\/li>\n<li data-section-id=\"1sajtmn\" data-start=\"2084\" data-end=\"2131\">\u2714\ufe0f Me aloe vera organike dhe vajra natyral\u00eb<\/li>\n<\/ul>\n<hr data-start=\"2133\" data-end=\"2136\" \/>\n<h4 data-section-id=\"ye05kc\" data-start=\"2138\" data-end=\"2156\">\ud83c\udf0d Certifikimet<\/h4>\n<ul data-start=\"2158\" data-end=\"2230\">\n<li data-section-id=\"q6mygb\" data-start=\"2158\" data-end=\"2187\">\u2714\ufe0f Ecocert COSMOS Organic<\/li>\n<li data-section-id=\"13sw4js\" data-start=\"2188\" data-end=\"2200\">\u2714\ufe0f Vegan<\/li>\n<li data-section-id=\"1orc9ey\" data-start=\"2201\" data-end=\"2230\">\u2714\ufe0f 100% origjin\u00eb natyrale<\/li>\n<\/ul>\n<hr data-start=\"2232\" data-end=\"2235\" \/>\n<h4 data-section-id=\"t21nsd\" data-start=\"2237\" data-end=\"2248\">\ud83d\udc45 Aroma<\/h4>\n<p data-start=\"2250\" data-end=\"2305\">E fresk\u00ebt dhe agrume me nota portokalli dhe lemongrass.<\/p>\n<hr data-start=\"2307\" data-end=\"2310\" \/>\n<h4 data-section-id=\"1uolwgc\" data-start=\"2312\" data-end=\"2324\">\u26a0\ufe0f Kujdes<\/h4>\n<ul data-start=\"2326\" data-end=\"2434\">\n<li data-section-id=\"15ge03t\" data-start=\"2326\" data-end=\"2359\">Vet\u00ebm p\u00ebr p\u00ebrdorim t\u00eb jasht\u00ebm<\/li>\n<li data-section-id=\"p581ez\" data-start=\"2360\" data-end=\"2390\">Shmangni kontaktin me syt\u00eb<\/li>\n<li data-section-id=\"uhk3on\" data-start=\"2391\" data-end=\"2434\">Ruajeni n\u00eb vend t\u00eb fresk\u00ebt dhe t\u00eb that\u00eb<\/li>\n<\/ul>\n<hr data-start=\"2436\" data-end=\"2439\" \/>\n<p data-start=\"2441\" data-end=\"2544\">\ud83d\udc49 <strong data-start=\"2444\" data-end=\"2544\">Porosite tani tek Edesia.al dhe kujdesu natyralisht p\u00ebr flok\u00ebt me zbutes aloe vera nga Urtekram.<\/strong><\/p>\n","protected":false},"excerpt":{"rendered":"<p>\ud83d\udc49 <strong data-start=\"2578\" data-end=\"2650\">Zbutes aloe vera per flok\u00eb me hidratim, butesi dhe shk\u00eblqim natyral.<\/strong><\/p>\n","protected":false},"featured_media":15032,"comment_status":"open","ping_status":"closed","template":"","meta":{"_acf_changed":false,"inline_featured_image":false},"kategori-sipas-dietave":[],"kategori-sipas-problemeve-shende":[],"produkte-me-ulje":[],"product_brand":[25],"product_cat":[79,56],"product_tag":[],"class_list":{"0":"post-15031","1":"product","2":"type-product","3":"status-publish","4":"has-post-thumbnail","6":"product_brand-urtekram","7":"product_cat-kozmetike-kujdes-personal","8":"product_cat-shampo-bio","10":"first","11":"instock","12":"taxable","13":"shipping-taxable","14":"purchasable","15":"product-type-simple"},"acf":[],"yoast_head":"<!-- This site is optimized with the Yoast SEO plugin v27.5 - https:\/\/yoast.com\/product\/yoast-seo-wordpress\/ -->\n<title>Zbutes Aloe Vera per Floke - Edesia<\/title>\n<meta name=\"description\" content=\"Zbutes aloe vera per flok\u00eb me aloe vera organike dhe glycerin per hidratim, butesi dhe flok\u00eb me shkelqim natyral.\" \/>\n<meta name=\"robots\" content=\"index, follow, max-snippet:-1, max-image-preview:large, max-video-preview:-1\" \/>\n<link rel=\"canonical\" href=\"https:\/\/www.edesia.al\/?product=zbutes-aloe-vera\" \/>\n<meta property=\"og:locale\" content=\"en_US\" \/>\n<meta property=\"og:type\" content=\"article\" \/>\n<meta property=\"og:title\" content=\"Zbutes Aloe Vera per Floke - Edesia\" \/>\n<meta property=\"og:description\" content=\"Zbutes aloe vera per flok\u00eb me aloe vera organike dhe glycerin per hidratim, butesi dhe flok\u00eb me shkelqim natyral.\" \/>\n<meta property=\"og:url\" content=\"https:\/\/www.edesia.al\/?product=zbutes-aloe-vera\" \/>\n<meta property=\"og:site_name\" content=\"Edesia\" \/>\n<meta property=\"og:image\" content=\"https:\/\/www.edesia.al\/wp-content\/uploads\/2026\/05\/137931-103234-1083929_g1n1_alwaysnatural_conditioner_180ml.png\" \/>\n\t<meta property=\"og:image:width\" content=\"1189\" \/>\n\t<meta property=\"og:image:height\" content=\"2694\" \/>\n\t<meta property=\"og:image:type\" content=\"image\/png\" \/>\n<meta name=\"twitter:card\" content=\"summary_large_image\" \/>\n<meta name=\"twitter:label1\" content=\"Est. reading time\" \/>\n\t<meta name=\"twitter:data1\" content=\"2 minutes\" \/>\n<script type=\"application\/ld+json\" class=\"yoast-schema-graph\">{\"@context\":\"https:\\\/\\\/schema.org\",\"@graph\":[{\"@type\":\"WebPage\",\"@id\":\"https:\\\/\\\/www.edesia.al\\\/?product=zbutes-aloe-vera\",\"url\":\"https:\\\/\\\/www.edesia.al\\\/?product=zbutes-aloe-vera\",\"name\":\"Zbutes Aloe Vera per Floke - Edesia\",\"isPartOf\":{\"@id\":\"https:\\\/\\\/www.edesia.al\\\/#website\"},\"primaryImageOfPage\":{\"@id\":\"https:\\\/\\\/www.edesia.al\\\/?product=zbutes-aloe-vera#primaryimage\"},\"image\":{\"@id\":\"https:\\\/\\\/www.edesia.al\\\/?product=zbutes-aloe-vera#primaryimage\"},\"thumbnailUrl\":\"https:\\\/\\\/www.edesia.al\\\/wp-content\\\/uploads\\\/2026\\\/05\\\/137931-103234-1083929_g1n1_alwaysnatural_conditioner_180ml.png\",\"datePublished\":\"2026-05-16T16:25:20+00:00\",\"description\":\"Zbutes aloe vera per flok\u00eb me aloe vera organike dhe glycerin per hidratim, butesi dhe flok\u00eb me shkelqim natyral.\",\"breadcrumb\":{\"@id\":\"https:\\\/\\\/www.edesia.al\\\/?product=zbutes-aloe-vera#breadcrumb\"},\"inLanguage\":\"en-US\",\"potentialAction\":[{\"@type\":\"ReadAction\",\"target\":[\"https:\\\/\\\/www.edesia.al\\\/?product=zbutes-aloe-vera\"]}]},{\"@type\":\"ImageObject\",\"inLanguage\":\"en-US\",\"@id\":\"https:\\\/\\\/www.edesia.al\\\/?product=zbutes-aloe-vera#primaryimage\",\"url\":\"https:\\\/\\\/www.edesia.al\\\/wp-content\\\/uploads\\\/2026\\\/05\\\/137931-103234-1083929_g1n1_alwaysnatural_conditioner_180ml.png\",\"contentUrl\":\"https:\\\/\\\/www.edesia.al\\\/wp-content\\\/uploads\\\/2026\\\/05\\\/137931-103234-1083929_g1n1_alwaysnatural_conditioner_180ml.png\",\"width\":1189,\"height\":2694,\"caption\":\"Zbutes hidratues me aloe vera\"},{\"@type\":\"BreadcrumbList\",\"@id\":\"https:\\\/\\\/www.edesia.al\\\/?product=zbutes-aloe-vera#breadcrumb\",\"itemListElement\":[{\"@type\":\"ListItem\",\"position\":1,\"name\":\"Home\",\"item\":\"https:\\\/\\\/www.edesia.al\\\/\"},{\"@type\":\"ListItem\",\"position\":2,\"name\":\"Dyqani\",\"item\":\"https:\\\/\\\/www.edesia.al\\\/?page_id=17\"},{\"@type\":\"ListItem\",\"position\":3,\"name\":\"Zbutes Aloe Vera per Floke\"}]},{\"@type\":\"WebSite\",\"@id\":\"https:\\\/\\\/www.edesia.al\\\/#website\",\"url\":\"https:\\\/\\\/www.edesia.al\\\/\",\"name\":\"Edesia\",\"description\":\"\",\"publisher\":{\"@id\":\"https:\\\/\\\/www.edesia.al\\\/#organization\"},\"potentialAction\":[{\"@type\":\"SearchAction\",\"target\":{\"@type\":\"EntryPoint\",\"urlTemplate\":\"https:\\\/\\\/www.edesia.al\\\/?s={search_term_string}\"},\"query-input\":{\"@type\":\"PropertyValueSpecification\",\"valueRequired\":true,\"valueName\":\"search_term_string\"}}],\"inLanguage\":\"en-US\"},{\"@type\":\"Organization\",\"@id\":\"https:\\\/\\\/www.edesia.al\\\/#organization\",\"name\":\"Edesia\",\"url\":\"https:\\\/\\\/www.edesia.al\\\/\",\"logo\":{\"@type\":\"ImageObject\",\"inLanguage\":\"en-US\",\"@id\":\"https:\\\/\\\/www.edesia.al\\\/#\\\/schema\\\/logo\\\/image\\\/\",\"url\":\"https:\\\/\\\/www.edesia.al\\\/wp-content\\\/uploads\\\/2026\\\/02\\\/Logo-Edesia-no-background.png\",\"contentUrl\":\"https:\\\/\\\/www.edesia.al\\\/wp-content\\\/uploads\\\/2026\\\/02\\\/Logo-Edesia-no-background.png\",\"width\":293,\"height\":158,\"caption\":\"Edesia\"},\"image\":{\"@id\":\"https:\\\/\\\/www.edesia.al\\\/#\\\/schema\\\/logo\\\/image\\\/\"}}]}<\/script>\n<!-- \/ Yoast SEO plugin. -->","yoast_head_json":{"title":"Zbutes Aloe Vera per Floke - Edesia","description":"Zbutes aloe vera per flok\u00eb me aloe vera organike dhe glycerin per hidratim, butesi dhe flok\u00eb me shkelqim natyral.","robots":{"index":"index","follow":"follow","max-snippet":"max-snippet:-1","max-image-preview":"max-image-preview:large","max-video-preview":"max-video-preview:-1"},"canonical":"https:\/\/www.edesia.al\/?product=zbutes-aloe-vera","og_locale":"en_US","og_type":"article","og_title":"Zbutes Aloe Vera per Floke - Edesia","og_description":"Zbutes aloe vera per flok\u00eb me aloe vera organike dhe glycerin per hidratim, butesi dhe flok\u00eb me shkelqim natyral.","og_url":"https:\/\/www.edesia.al\/?product=zbutes-aloe-vera","og_site_name":"Edesia","og_image":[{"width":1189,"height":2694,"url":"https:\/\/www.edesia.al\/wp-content\/uploads\/2026\/05\/137931-103234-1083929_g1n1_alwaysnatural_conditioner_180ml.png","type":"image\/png"}],"twitter_card":"summary_large_image","twitter_misc":{"Est. reading time":"2 minutes"},"schema":{"@context":"https:\/\/schema.org","@graph":[{"@type":"WebPage","@id":"https:\/\/www.edesia.al\/?product=zbutes-aloe-vera","url":"https:\/\/www.edesia.al\/?product=zbutes-aloe-vera","name":"Zbutes Aloe Vera per Floke - Edesia","isPartOf":{"@id":"https:\/\/www.edesia.al\/#website"},"primaryImageOfPage":{"@id":"https:\/\/www.edesia.al\/?product=zbutes-aloe-vera#primaryimage"},"image":{"@id":"https:\/\/www.edesia.al\/?product=zbutes-aloe-vera#primaryimage"},"thumbnailUrl":"https:\/\/www.edesia.al\/wp-content\/uploads\/2026\/05\/137931-103234-1083929_g1n1_alwaysnatural_conditioner_180ml.png","datePublished":"2026-05-16T16:25:20+00:00","description":"Zbutes aloe vera per flok\u00eb me aloe vera organike dhe glycerin per hidratim, butesi dhe flok\u00eb me shkelqim natyral.","breadcrumb":{"@id":"https:\/\/www.edesia.al\/?product=zbutes-aloe-vera#breadcrumb"},"inLanguage":"en-US","potentialAction":[{"@type":"ReadAction","target":["https:\/\/www.edesia.al\/?product=zbutes-aloe-vera"]}]},{"@type":"ImageObject","inLanguage":"en-US","@id":"https:\/\/www.edesia.al\/?product=zbutes-aloe-vera#primaryimage","url":"https:\/\/www.edesia.al\/wp-content\/uploads\/2026\/05\/137931-103234-1083929_g1n1_alwaysnatural_conditioner_180ml.png","contentUrl":"https:\/\/www.edesia.al\/wp-content\/uploads\/2026\/05\/137931-103234-1083929_g1n1_alwaysnatural_conditioner_180ml.png","width":1189,"height":2694,"caption":"Zbutes hidratues me aloe vera"},{"@type":"BreadcrumbList","@id":"https:\/\/www.edesia.al\/?product=zbutes-aloe-vera#breadcrumb","itemListElement":[{"@type":"ListItem","position":1,"name":"Home","item":"https:\/\/www.edesia.al\/"},{"@type":"ListItem","position":2,"name":"Dyqani","item":"https:\/\/www.edesia.al\/?page_id=17"},{"@type":"ListItem","position":3,"name":"Zbutes Aloe Vera per Floke"}]},{"@type":"WebSite","@id":"https:\/\/www.edesia.al\/#website","url":"https:\/\/www.edesia.al\/","name":"Edesia","description":"","publisher":{"@id":"https:\/\/www.edesia.al\/#organization"},"potentialAction":[{"@type":"SearchAction","target":{"@type":"EntryPoint","urlTemplate":"https:\/\/www.edesia.al\/?s={search_term_string}"},"query-input":{"@type":"PropertyValueSpecification","valueRequired":true,"valueName":"search_term_string"}}],"inLanguage":"en-US"},{"@type":"Organization","@id":"https:\/\/www.edesia.al\/#organization","name":"Edesia","url":"https:\/\/www.edesia.al\/","logo":{"@type":"ImageObject","inLanguage":"en-US","@id":"https:\/\/www.edesia.al\/#\/schema\/logo\/image\/","url":"https:\/\/www.edesia.al\/wp-content\/uploads\/2026\/02\/Logo-Edesia-no-background.png","contentUrl":"https:\/\/www.edesia.al\/wp-content\/uploads\/2026\/02\/Logo-Edesia-no-background.png","width":293,"height":158,"caption":"Edesia"},"image":{"@id":"https:\/\/www.edesia.al\/#\/schema\/logo\/image\/"}}]}},"_links":{"self":[{"href":"https:\/\/www.edesia.al\/index.php?rest_route=\/wp\/v2\/product\/15031","targetHints":{"allow":["GET"]}}],"collection":[{"href":"https:\/\/www.edesia.al\/index.php?rest_route=\/wp\/v2\/product"}],"about":[{"href":"https:\/\/www.edesia.al\/index.php?rest_route=\/wp\/v2\/types\/product"}],"replies":[{"embeddable":true,"href":"https:\/\/www.edesia.al\/index.php?rest_route=%2Fwp%2Fv2%2Fcomments&post=15031"}],"wp:featuredmedia":[{"embeddable":true,"href":"https:\/\/www.edesia.al\/index.php?rest_route=\/wp\/v2\/media\/15032"}],"wp:attachment":[{"href":"https:\/\/www.edesia.al\/index.php?rest_route=%2Fwp%2Fv2%2Fmedia&parent=15031"}],"wp:term":[{"taxonomy":"kategori-sipas-dietave","embeddable":true,"href":"https:\/\/www.edesia.al\/index.php?rest_route=%2Fwp%2Fv2%2Fkategori-sipas-dietave&post=15031"},{"taxonomy":"kategori-sipas-problemeve-shende","embeddable":true,"href":"https:\/\/www.edesia.al\/index.php?rest_route=%2Fwp%2Fv2%2Fkategori-sipas-problemeve-shende&post=15031"},{"taxonomy":"produkte-me-ulje","embeddable":true,"href":"https:\/\/www.edesia.al\/index.php?rest_route=%2Fwp%2Fv2%2Fprodukte-me-ulje&post=15031"},{"taxonomy":"product_brand","embeddable":true,"href":"https:\/\/www.edesia.al\/index.php?rest_route=%2Fwp%2Fv2%2Fproduct_brand&post=15031"},{"taxonomy":"product_cat","embeddable":true,"href":"https:\/\/www.edesia.al\/index.php?rest_route=%2Fwp%2Fv2%2Fproduct_cat&post=15031"},{"taxonomy":"product_tag","embeddable":true,"href":"https:\/\/www.edesia.al\/index.php?rest_route=%2Fwp%2Fv2%2Fproduct_tag&post=15031"}],"curies":[{"name":"wp","href":"https:\/\/api.w.org\/{rel}","templated":true}]}}