{"id":6111,"date":"2026-02-16T21:05:22","date_gmt":"2026-02-16T21:05:22","guid":{"rendered":"https:\/\/www.edesia.al\/?post_type=product&#038;p=6111"},"modified":"2026-02-20T21:06:31","modified_gmt":"2026-02-20T21:06:31","slug":"kakao-pluhur-1-yndyre","status":"publish","type":"product","link":"https:\/\/www.edesia.al\/?product=kakao-pluhur-1-yndyre","title":{"rendered":"Kakao Pluhur &#8211; 1% Yndyr\u00eb"},"content":{"rendered":"<h3>Kakao Pluhur &#8211; 1% Yndyr\u00eb , 100% Bio-Organike, E C\u00ebrtifikuar.<\/h3>\n<p>Kokrrat e kakaos jan\u00eb fara t\u00eb fermentuara t\u00eb pem\u00ebs s\u00eb kakaos, e cila n\u00eb Latinisht njihet si Theobroma cacao, q\u00eb do t\u00eb thot\u00eb \u201cUshqim p\u00ebr Per\u00ebndin\u00eb\u201d. Pema e kakaos \u00ebsht\u00eb 3-7 metra e lart\u00eb. Ajo rritet n\u00eb vende me klim\u00eb tropikale.<br \/>\nKakaoja \u00ebsht\u00eb e pasur me minerale si\u00e7 jan\u00eb hekuri, magnezi, kalciumi, fosfori, bakri dhe mangani. Ajo \u00ebsht\u00eb nj\u00eb burim i mir\u00eb seleniumi, kaliumi dhe zinku. Kakaoja e ushqen trupin me karbohidrate, proteina dhe fib\u00ebr dietike. P\u00ebr m\u00eb tep\u00ebr, kakaoja p\u00ebrmban nivele shum\u00eb t\u00eb ul\u00ebta kolesteroli. Kakaoja p\u00ebrmban yndyrna mono-t\u00eb-pangopura, si\u00e7 \u00ebsht\u00eb acidi oleik dhe yndyrna t\u00eb ngopura si\u00e7 jan\u00eb acidi palmitik dhe steraik<\/p>\n<h4>Vlerat sh\u00ebndet\u00ebsore t\u00eb kakaos<\/h4>\n<p>Kakaoja lufton inflamacionin, alergjit\u00eb, radikalet e lira dhe p\u00ebrmban shum\u00eb antioksidant\u00eb. Ajo i b\u00ebn mir\u00eb sh\u00ebndetit t\u00eb njeriut p\u00ebrmes disa m\u00ebnyrave.<\/p>\n<ul>\n<li>Tensioni i gjakut:<\/li>\n<\/ul>\n<p>Kakaoja e pasur me flavonoid\u00eb ndihmon n\u00eb uljen e tensionit t\u00eb gjakut dhe p\u00ebrmir\u00ebsimin e elasticitetit t\u00eb en\u00ebve t\u00eb gjakut. Studimet shkencore kan\u00eb treguar se kakaoja ka ndikim pozitiv n\u00eb tensionin e gjakut shum\u00eb m\u00eb tep\u00ebr se \u00e7aji jeshil apo ai i zi. Prania e antioksidant\u00ebve tek kakaoja stimulon prodhimin e oksidit nitrik q\u00eb ndihmon n\u00eb qet\u00ebsimin e en\u00ebve t\u00eb gjakut. P\u00ebr m\u00eb tep\u00ebr, ajo ndihmon n\u00eb ruajtjen e sh\u00ebndetit t\u00eb sistemit qarkullues.<\/p>\n<ul>\n<li>Antioksidant\u00ebt:<\/li>\n<\/ul>\n<p>Studimet krahasimore kan\u00eb treguar se kakaoja p\u00ebrmban m\u00eb shum\u00eb antioksidant\u00eb se \u00e7aji apo vera e kuqe. Antioksidant\u00ebt neutralizojn\u00eb radikalet e lira n\u00eb organiz\u00ebm. P\u00ebr m\u00eb tep\u00ebr, kakaoja \u00ebsht\u00eb e mbushur me substanca t\u00eb dobishme si\u00e7 jan\u00eb flavonoid\u00ebt.<\/p>\n<ul>\n<li>Pamjaftueshm\u00ebria e bakrit:<\/li>\n<\/ul>\n<p>Kakaoja p\u00ebrdoret n\u00eb trajtimin e pamjaftueshm\u00ebris\u00eb s\u00eb bakrit. Studimet kan\u00eb provuar se kakaoja shkakton p\u00ebrmir\u00ebsime dometh\u00ebn\u00ebse n\u00eb nivelet e hemoglobin\u00ebs, likocitet dhe p\u00ebrmbajtjen e bakrit tek pacient\u00ebt. Ajo ndihmon n\u00eb parandalimin dhe trajtimin e s\u00ebmundjeve t\u00eb shkaktuara nga mungesa e bakrit si\u00e7 \u00ebsht\u00eb anemia, neutropenia dhe leukopenia.<\/p>\n<ul>\n<li>Pamjaftueshm\u00ebria e magnezit:<\/li>\n<\/ul>\n<p>Kakaoja luan rol parandalues n\u00eb pamjaftueshm\u00ebrin\u00eb e magnezit. Nj\u00eb studim i koh\u00ebve t\u00eb fundit ka treguar se konsumi i rregullt i produkteve t\u00eb kakaos ka vlera t\u00eb r\u00ebnd\u00ebsishme kund\u00ebr d\u00ebmeve t\u00eb shkaktuara nga mungesa e magnezit p\u00ebr nj\u00eb koh\u00eb t\u00eb gjat\u00eb.<\/p>\n<p>&nbsp;<\/p>\n","protected":false},"excerpt":{"rendered":"<p>Kokrrat e kakaos jan\u00eb fara t\u00eb fermentuara t\u00eb pem\u00ebs s\u00eb kakaos, e cila n\u00eb Latinisht njihet si Theobroma cacao, q\u00eb do t\u00eb thot\u00eb \u201cUshqim p\u00ebr Per\u00ebndin\u00eb\u201d. Kakaoja \u00ebsht\u00eb e pasur me minerale si\u00e7 jan\u00eb hekuri, magnezi, kalciumi, fosfori, bakri dhe mangani. Ajo \u00ebsht\u00eb nj\u00eb burim i mir\u00eb seleniumi, kaliumi dhe zinku. Kakaoja e ushqen trupin me karbohidrate, proteina dhe fib\u00ebr dietike.<\/p>\n","protected":false},"featured_media":6166,"comment_status":"open","ping_status":"closed","template":"","meta":{"_acf_changed":false,"inline_featured_image":false},"kategori-sipas-dietave":[89],"kategori-sipas-problemeve-shende":[87],"product_brand":[32],"product_cat":[36,26],"product_tag":[],"class_list":{"0":"post-6111","1":"product","2":"type-product","3":"status-publish","4":"has-post-thumbnail","6":"kategori-sipas-dietave-vegan","7":"kategori-sipas-problemeve-shende-gluten-free-intolerant","8":"product_brand-bioagros","9":"product_cat-kakao","10":"product_cat-ushqime-bio","12":"first","13":"instock","14":"taxable","15":"shipping-taxable","16":"purchasable","17":"product-type-simple"},"acf":[],"yoast_head":"<!-- This site is optimized with the Yoast SEO plugin v27.4 - https:\/\/yoast.com\/product\/yoast-seo-wordpress\/ -->\n<title>Kakao Pluhur - 1% Yndyr\u00eb - Edesia<\/title>\n<meta name=\"robots\" content=\"index, follow, max-snippet:-1, max-image-preview:large, max-video-preview:-1\" \/>\n<link rel=\"canonical\" href=\"https:\/\/www.edesia.al\/?product=kakao-pluhur-1-yndyre\" \/>\n<meta property=\"og:locale\" content=\"en_US\" \/>\n<meta property=\"og:type\" content=\"article\" \/>\n<meta property=\"og:title\" content=\"Kakao Pluhur - 1% Yndyr\u00eb - Edesia\" \/>\n<meta property=\"og:description\" content=\"Kokrrat e kakaos jan\u00eb fara t\u00eb fermentuara t\u00eb pem\u00ebs s\u00eb kakaos, e cila n\u00eb Latinisht njihet si Theobroma cacao, q\u00eb do t\u00eb thot\u00eb \u201cUshqim p\u00ebr Per\u00ebndin\u00eb\u201d. Kakaoja \u00ebsht\u00eb e pasur me minerale si\u00e7 jan\u00eb hekuri, magnezi, kalciumi, fosfori, bakri dhe mangani. Ajo \u00ebsht\u00eb nj\u00eb burim i mir\u00eb seleniumi, kaliumi dhe zinku. Kakaoja e ushqen trupin me karbohidrate, proteina dhe fib\u00ebr dietike.\" \/>\n<meta property=\"og:url\" content=\"https:\/\/www.edesia.al\/?product=kakao-pluhur-1-yndyre\" \/>\n<meta property=\"og:site_name\" content=\"Edesia\" \/>\n<meta property=\"article:modified_time\" content=\"2026-02-20T21:06:31+00:00\" \/>\n<meta property=\"og:image\" content=\"https:\/\/www.edesia.al\/wp-content\/uploads\/2026\/02\/Kakao-1-1.jpg\" \/>\n\t<meta property=\"og:image:width\" content=\"300\" \/>\n\t<meta property=\"og:image:height\" content=\"300\" \/>\n\t<meta property=\"og:image:type\" content=\"image\/jpeg\" \/>\n<meta name=\"twitter:card\" content=\"summary_large_image\" \/>\n<meta name=\"twitter:label1\" content=\"Est. reading time\" \/>\n\t<meta name=\"twitter:data1\" content=\"2 minutes\" \/>\n<script type=\"application\/ld+json\" class=\"yoast-schema-graph\">{\"@context\":\"https:\\\/\\\/schema.org\",\"@graph\":[{\"@type\":\"WebPage\",\"@id\":\"https:\\\/\\\/www.edesia.al\\\/?product=kakao-pluhur-1-yndyre\",\"url\":\"https:\\\/\\\/www.edesia.al\\\/?product=kakao-pluhur-1-yndyre\",\"name\":\"Kakao Pluhur - 1% Yndyr\u00eb - Edesia\",\"isPartOf\":{\"@id\":\"https:\\\/\\\/www.edesia.al\\\/#website\"},\"primaryImageOfPage\":{\"@id\":\"https:\\\/\\\/www.edesia.al\\\/?product=kakao-pluhur-1-yndyre#primaryimage\"},\"image\":{\"@id\":\"https:\\\/\\\/www.edesia.al\\\/?product=kakao-pluhur-1-yndyre#primaryimage\"},\"thumbnailUrl\":\"https:\\\/\\\/www.edesia.al\\\/wp-content\\\/uploads\\\/2026\\\/02\\\/Kakao-1-1.jpg\",\"datePublished\":\"2026-02-16T21:05:22+00:00\",\"dateModified\":\"2026-02-20T21:06:31+00:00\",\"breadcrumb\":{\"@id\":\"https:\\\/\\\/www.edesia.al\\\/?product=kakao-pluhur-1-yndyre#breadcrumb\"},\"inLanguage\":\"en-US\",\"potentialAction\":[{\"@type\":\"ReadAction\",\"target\":[\"https:\\\/\\\/www.edesia.al\\\/?product=kakao-pluhur-1-yndyre\"]}]},{\"@type\":\"ImageObject\",\"inLanguage\":\"en-US\",\"@id\":\"https:\\\/\\\/www.edesia.al\\\/?product=kakao-pluhur-1-yndyre#primaryimage\",\"url\":\"https:\\\/\\\/www.edesia.al\\\/wp-content\\\/uploads\\\/2026\\\/02\\\/Kakao-1-1.jpg\",\"contentUrl\":\"https:\\\/\\\/www.edesia.al\\\/wp-content\\\/uploads\\\/2026\\\/02\\\/Kakao-1-1.jpg\",\"width\":300,\"height\":300},{\"@type\":\"BreadcrumbList\",\"@id\":\"https:\\\/\\\/www.edesia.al\\\/?product=kakao-pluhur-1-yndyre#breadcrumb\",\"itemListElement\":[{\"@type\":\"ListItem\",\"position\":1,\"name\":\"Home\",\"item\":\"https:\\\/\\\/www.edesia.al\\\/\"},{\"@type\":\"ListItem\",\"position\":2,\"name\":\"Dyqani\",\"item\":\"https:\\\/\\\/www.edesia.al\\\/?page_id=17\"},{\"@type\":\"ListItem\",\"position\":3,\"name\":\"Kakao Pluhur &#8211; 1% Yndyr\u00eb\"}]},{\"@type\":\"WebSite\",\"@id\":\"https:\\\/\\\/www.edesia.al\\\/#website\",\"url\":\"https:\\\/\\\/www.edesia.al\\\/\",\"name\":\"Edesia\",\"description\":\"\",\"publisher\":{\"@id\":\"https:\\\/\\\/www.edesia.al\\\/#organization\"},\"potentialAction\":[{\"@type\":\"SearchAction\",\"target\":{\"@type\":\"EntryPoint\",\"urlTemplate\":\"https:\\\/\\\/www.edesia.al\\\/?s={search_term_string}\"},\"query-input\":{\"@type\":\"PropertyValueSpecification\",\"valueRequired\":true,\"valueName\":\"search_term_string\"}}],\"inLanguage\":\"en-US\"},{\"@type\":\"Organization\",\"@id\":\"https:\\\/\\\/www.edesia.al\\\/#organization\",\"name\":\"Edesia\",\"url\":\"https:\\\/\\\/www.edesia.al\\\/\",\"logo\":{\"@type\":\"ImageObject\",\"inLanguage\":\"en-US\",\"@id\":\"https:\\\/\\\/www.edesia.al\\\/#\\\/schema\\\/logo\\\/image\\\/\",\"url\":\"https:\\\/\\\/www.edesia.al\\\/wp-content\\\/uploads\\\/2026\\\/02\\\/Logo-Edesia-no-background.png\",\"contentUrl\":\"https:\\\/\\\/www.edesia.al\\\/wp-content\\\/uploads\\\/2026\\\/02\\\/Logo-Edesia-no-background.png\",\"width\":293,\"height\":158,\"caption\":\"Edesia\"},\"image\":{\"@id\":\"https:\\\/\\\/www.edesia.al\\\/#\\\/schema\\\/logo\\\/image\\\/\"}}]}<\/script>\n<!-- \/ Yoast SEO plugin. -->","yoast_head_json":{"title":"Kakao Pluhur - 1% Yndyr\u00eb - Edesia","robots":{"index":"index","follow":"follow","max-snippet":"max-snippet:-1","max-image-preview":"max-image-preview:large","max-video-preview":"max-video-preview:-1"},"canonical":"https:\/\/www.edesia.al\/?product=kakao-pluhur-1-yndyre","og_locale":"en_US","og_type":"article","og_title":"Kakao Pluhur - 1% Yndyr\u00eb - Edesia","og_description":"Kokrrat e kakaos jan\u00eb fara t\u00eb fermentuara t\u00eb pem\u00ebs s\u00eb kakaos, e cila n\u00eb Latinisht njihet si Theobroma cacao, q\u00eb do t\u00eb thot\u00eb \u201cUshqim p\u00ebr Per\u00ebndin\u00eb\u201d. Kakaoja \u00ebsht\u00eb e pasur me minerale si\u00e7 jan\u00eb hekuri, magnezi, kalciumi, fosfori, bakri dhe mangani. Ajo \u00ebsht\u00eb nj\u00eb burim i mir\u00eb seleniumi, kaliumi dhe zinku. Kakaoja e ushqen trupin me karbohidrate, proteina dhe fib\u00ebr dietike.","og_url":"https:\/\/www.edesia.al\/?product=kakao-pluhur-1-yndyre","og_site_name":"Edesia","article_modified_time":"2026-02-20T21:06:31+00:00","og_image":[{"width":300,"height":300,"url":"https:\/\/www.edesia.al\/wp-content\/uploads\/2026\/02\/Kakao-1-1.jpg","type":"image\/jpeg"}],"twitter_card":"summary_large_image","twitter_misc":{"Est. reading time":"2 minutes"},"schema":{"@context":"https:\/\/schema.org","@graph":[{"@type":"WebPage","@id":"https:\/\/www.edesia.al\/?product=kakao-pluhur-1-yndyre","url":"https:\/\/www.edesia.al\/?product=kakao-pluhur-1-yndyre","name":"Kakao Pluhur - 1% Yndyr\u00eb - Edesia","isPartOf":{"@id":"https:\/\/www.edesia.al\/#website"},"primaryImageOfPage":{"@id":"https:\/\/www.edesia.al\/?product=kakao-pluhur-1-yndyre#primaryimage"},"image":{"@id":"https:\/\/www.edesia.al\/?product=kakao-pluhur-1-yndyre#primaryimage"},"thumbnailUrl":"https:\/\/www.edesia.al\/wp-content\/uploads\/2026\/02\/Kakao-1-1.jpg","datePublished":"2026-02-16T21:05:22+00:00","dateModified":"2026-02-20T21:06:31+00:00","breadcrumb":{"@id":"https:\/\/www.edesia.al\/?product=kakao-pluhur-1-yndyre#breadcrumb"},"inLanguage":"en-US","potentialAction":[{"@type":"ReadAction","target":["https:\/\/www.edesia.al\/?product=kakao-pluhur-1-yndyre"]}]},{"@type":"ImageObject","inLanguage":"en-US","@id":"https:\/\/www.edesia.al\/?product=kakao-pluhur-1-yndyre#primaryimage","url":"https:\/\/www.edesia.al\/wp-content\/uploads\/2026\/02\/Kakao-1-1.jpg","contentUrl":"https:\/\/www.edesia.al\/wp-content\/uploads\/2026\/02\/Kakao-1-1.jpg","width":300,"height":300},{"@type":"BreadcrumbList","@id":"https:\/\/www.edesia.al\/?product=kakao-pluhur-1-yndyre#breadcrumb","itemListElement":[{"@type":"ListItem","position":1,"name":"Home","item":"https:\/\/www.edesia.al\/"},{"@type":"ListItem","position":2,"name":"Dyqani","item":"https:\/\/www.edesia.al\/?page_id=17"},{"@type":"ListItem","position":3,"name":"Kakao Pluhur &#8211; 1% Yndyr\u00eb"}]},{"@type":"WebSite","@id":"https:\/\/www.edesia.al\/#website","url":"https:\/\/www.edesia.al\/","name":"Edesia","description":"","publisher":{"@id":"https:\/\/www.edesia.al\/#organization"},"potentialAction":[{"@type":"SearchAction","target":{"@type":"EntryPoint","urlTemplate":"https:\/\/www.edesia.al\/?s={search_term_string}"},"query-input":{"@type":"PropertyValueSpecification","valueRequired":true,"valueName":"search_term_string"}}],"inLanguage":"en-US"},{"@type":"Organization","@id":"https:\/\/www.edesia.al\/#organization","name":"Edesia","url":"https:\/\/www.edesia.al\/","logo":{"@type":"ImageObject","inLanguage":"en-US","@id":"https:\/\/www.edesia.al\/#\/schema\/logo\/image\/","url":"https:\/\/www.edesia.al\/wp-content\/uploads\/2026\/02\/Logo-Edesia-no-background.png","contentUrl":"https:\/\/www.edesia.al\/wp-content\/uploads\/2026\/02\/Logo-Edesia-no-background.png","width":293,"height":158,"caption":"Edesia"},"image":{"@id":"https:\/\/www.edesia.al\/#\/schema\/logo\/image\/"}}]}},"_links":{"self":[{"href":"https:\/\/www.edesia.al\/index.php?rest_route=\/wp\/v2\/product\/6111","targetHints":{"allow":["GET"]}}],"collection":[{"href":"https:\/\/www.edesia.al\/index.php?rest_route=\/wp\/v2\/product"}],"about":[{"href":"https:\/\/www.edesia.al\/index.php?rest_route=\/wp\/v2\/types\/product"}],"replies":[{"embeddable":true,"href":"https:\/\/www.edesia.al\/index.php?rest_route=%2Fwp%2Fv2%2Fcomments&post=6111"}],"wp:featuredmedia":[{"embeddable":true,"href":"https:\/\/www.edesia.al\/index.php?rest_route=\/wp\/v2\/media\/6166"}],"wp:attachment":[{"href":"https:\/\/www.edesia.al\/index.php?rest_route=%2Fwp%2Fv2%2Fmedia&parent=6111"}],"wp:term":[{"taxonomy":"kategori-sipas-dietave","embeddable":true,"href":"https:\/\/www.edesia.al\/index.php?rest_route=%2Fwp%2Fv2%2Fkategori-sipas-dietave&post=6111"},{"taxonomy":"kategori-sipas-problemeve-shende","embeddable":true,"href":"https:\/\/www.edesia.al\/index.php?rest_route=%2Fwp%2Fv2%2Fkategori-sipas-problemeve-shende&post=6111"},{"taxonomy":"product_brand","embeddable":true,"href":"https:\/\/www.edesia.al\/index.php?rest_route=%2Fwp%2Fv2%2Fproduct_brand&post=6111"},{"taxonomy":"product_cat","embeddable":true,"href":"https:\/\/www.edesia.al\/index.php?rest_route=%2Fwp%2Fv2%2Fproduct_cat&post=6111"},{"taxonomy":"product_tag","embeddable":true,"href":"https:\/\/www.edesia.al\/index.php?rest_route=%2Fwp%2Fv2%2Fproduct_tag&post=6111"}],"curies":[{"name":"wp","href":"https:\/\/api.w.org\/{rel}","templated":true}]}}