{"id":6113,"date":"2026-02-16T21:05:22","date_gmt":"2026-02-16T21:05:22","guid":{"rendered":"https:\/\/www.edesia.al\/?post_type=product&#038;p=6113"},"modified":"2026-02-25T18:27:53","modified_gmt":"2026-02-25T18:27:53","slug":"pluhur-karobi-organik","status":"publish","type":"product","link":"https:\/\/www.edesia.al\/?product=pluhur-karobi-organik","title":{"rendered":"Pluhur Karobi Organik"},"content":{"rendered":"<h2>Pluhur Karobi Organik (200 gr)<\/h2>\n<p><strong>Pluhuri i karobit<\/strong> prodhohet nga bishtajat e thata dhe t\u00eb pjekura t\u00eb pem\u00ebs s\u00eb karobit . Ai shpesh p\u00ebrdoret si z\u00ebvend\u00ebsues i kakaos n\u00eb receta dhe vler\u00ebsohet p\u00ebr \u00ebmb\u00eblsin\u00eb e tij natyrale dhe p\u00ebrfitimet sh\u00ebndet\u00ebsore.<\/p>\n<p><strong>Karakteristikat e ve\u00e7anta:<\/strong><\/p>\n<ul>\n<li><strong>\u00cbmb\u00eblsi Natyrale<\/strong>: Ndryshe nga pluhuri i kakaos, karobi \u00ebsht\u00eb natyralisht i \u00ebmb\u00ebl dhe nuk ka nevoj\u00eb p\u00ebr sheqer shtes\u00eb n\u00eb receta.<\/li>\n<li><strong>Pa Kafein\u00eb<\/strong>: Karobi nuk p\u00ebrmban kafein\u00eb apo teobromin\u00eb, duke e b\u00ebr\u00eb at\u00eb nj\u00eb zgjedhje t\u00eb shk\u00eblqyer p\u00ebr ata q\u00eb shmangin stimulant\u00ebt.<\/li>\n<li><strong>Z\u00ebvend\u00ebsues i \u00c7okollat\u00ebs<\/strong>: Ka nj\u00eb shije t\u00eb but\u00eb, t\u00eb \u00ebmb\u00ebl ,q\u00eb e b\u00ebn nj\u00eb alternativ\u00eb t\u00eb mir\u00eb ve\u00e7an\u00ebrisht p\u00ebr ata q\u00eb kan\u00eb alergji ndaj \u00e7okollat\u00ebs.<\/li>\n<li><strong>I Pasur me L\u00ebnd\u00eb Ushqyese<\/strong>:\n<ul>\n<li>I pasur me fibra dietike.<\/li>\n<li>Nj\u00eb burim i mir\u00eb kalciumit dhe hekurit.<\/li>\n<li>P\u00ebrmban antioksidant\u00eb si polifenole.<\/li>\n<\/ul>\n<\/li>\n<\/ul>\n<h4><strong>P\u00ebrfitimet Sh\u00ebndet\u00ebsore<\/strong>:<\/h4>\n<ul>\n<li><strong>Mb\u00ebshtet Mir\u00ebqenien e Traktit Gasttro-Intestinal<\/strong>: P\u00ebrmbajtja e lart\u00eb e fibrave ndihmon n\u00eb tretje, redukton konstipacionin dhe p\u00ebrmir\u00ebson sh\u00ebndetin e zorr\u00ebve.<\/li>\n<li><strong>Pa Kafein\u00eb<\/strong>: K\u00ebshtu mund t\u00eb shmangni efektet an\u00ebsore q\u00eb konsumi i kafein\u00ebs ju sjell ,si : pagjum\u00ebsi , rit\u00ebm t\u00eb shpejt\u00eb t\u00eb zemr\u00ebs, nervoz\u00ebm \/ irritabilitet, shqet\u00ebsime gastrointestinale, tremor muskular.<\/li>\n<li><strong>I Sigurt p\u00ebr Alergjit\u00eb<\/strong>: Pa gluten dhe laktoz\u00eb; pluhuri i karobit \u00ebsht\u00eb i p\u00ebrshtatsh\u00ebm p\u00ebr personat me alergji apo intoleranc\u00eb.<\/li>\n<li><strong>I Pasur me Kalcium<\/strong>: Ndihmon n\u00eb forcimin e kockave dhe dh\u00ebmb\u00ebve.<\/li>\n<li><strong>I Ul\u00ebt n\u00eb Yndyrna dhe Kalori<\/strong>: Nj\u00eb opsion m\u00eb i sh\u00ebndetsh\u00ebm p\u00ebr menaxhimin e pesh\u00ebs krahasuar me kakaon.<\/li>\n<li><strong>Veti Antioksiduese<\/strong>: Mbron nga stresi oksidativ dhe mb\u00ebshtet mir\u00ebqenien e p\u00ebrgjithshme.<\/li>\n<li><strong>Pa tiramin\u00eb<\/strong>: Tiramina \u00ebsht\u00eb nj\u00eb substanc\u00eb q\u00eb mund t\u00eb nxisi migren\u00ebn. Meqen\u00ebse \u00e7okollata p\u00ebrmban tiramin\u00eb, nuk rekomandohet p\u00ebr njer\u00ebzit q\u00eb vuajn\u00eb nga migrena, ndryshe nga KKarobi p\u00ebrderisa nuk p\u00ebrmban tiramin\u00eb ,konsiderohet i sigurt p\u00ebr personat q\u00eb vuajn\u00eb nga migrena.<\/li>\n<\/ul>\n<p><strong>Si ta p\u00ebrdorni Pluhurin e Karobit?<\/strong><\/p>\n<ol>\n<li><strong>Pjekje<\/strong>: P\u00ebrdoret n\u00eb torta, biskota dhe \u00ebmb\u00eblsira si z\u00ebvend\u00ebsues i kakaos.<\/li>\n<li><strong>Smoothie<\/strong>: Shton \u00ebmb\u00eblsi natyrale dhe shije n\u00eb smoothies.<\/li>\n<li><strong>Pije t\u00eb Ngrohta<\/strong>: Mund t\u00eb p\u00ebrzihet me qum\u00ebsht ose alternativa bimore p\u00ebr t\u00eb krijuar nj\u00eb &#8220;\u00e7okollat\u00eb t\u00eb ngroht\u00eb&#8221; pa kafein\u00eb.<\/li>\n<li><strong>Snacks<\/strong>: P\u00ebrdoret n\u00eb snacks \/ toptha energjike.<\/li>\n<li><strong>Ushqim p\u00ebr F\u00ebmij\u00eb<\/strong>: Nj\u00eb arom\u00eb e sigurt dhe e but\u00eb p\u00ebr drith\u00ebra dhe pure p\u00ebr foshnjat.<\/li>\n<\/ol>\n<h4><strong>KUJDES !<\/strong><\/h4>\n<ul>\n<li>Njer\u00ebzit me alergji ndaj bishtajoreve (si soja, kikirik\u00ebt ose bishtajat e tjera) duhet t\u00eb jen\u00eb t\u00eb kujdessh\u00ebm pasi mund t\u00eb ndodh\u00eb reaksion alergjik i kryq\u00ebzuar.<\/li>\n<li>N\u00ebse keni ndonj\u00eb gjendje sh\u00ebndet\u00ebsore specifike ose merrni medikamente, konsultohuni me mjekun para konsumit.<\/li>\n<li>Zgjidhni produkte t\u00eb certifikuara organike p\u00ebr t\u00eb shmangur pesticide ose aditiv\u00eb t\u00eb mundsh\u00ebm, si dhe shtesa te sheqernave &#8211;\u00a0 P\u00ebr k\u00ebt\u00eb kemi menduar ne !<\/li>\n<\/ul>\n","protected":false},"excerpt":{"rendered":"<p>Pluhur Karobi Organik (200 gr) Pluhuri i karobit prodhohet nga bishtajat e thata dhe t\u00eb pjekura t\u00eb pem\u00ebs s\u00eb karobit . Ai shpesh p\u00ebrdoret si z\u00ebvend\u00ebsues i kakaos n\u00eb receta dhe vler\u00ebsohet p\u00ebr \u00ebmb\u00eblsin\u00eb e tij natyrale dhe p\u00ebrfitimet sh\u00ebndet\u00ebsore. Karakteristikat e ve\u00e7anta: \u00cbmb\u00eblsi Natyrale: Ndryshe nga pluhuri i kakaos, karobi \u00ebsht\u00eb natyralisht i \u00ebmb\u00ebl[&#8230;]<\/p>\n","protected":false},"featured_media":7235,"comment_status":"open","ping_status":"closed","template":"","meta":{"_acf_changed":false,"inline_featured_image":false},"kategori-sipas-dietave":[93],"kategori-sipas-problemeve-shende":[83],"product_brand":[32],"product_cat":[36,26],"product_tag":[148],"class_list":{"0":"post-6113","1":"product","2":"type-product","3":"status-publish","4":"has-post-thumbnail","6":"kategori-sipas-dietave-high-fiber","7":"kategori-sipas-problemeve-shende-tretje-detox","8":"product_brand-bioagros","9":"product_cat-kakao","10":"product_cat-ushqime-bio","11":"product_tag-organic-kakao","13":"first","14":"instock","15":"taxable","16":"shipping-taxable","17":"purchasable","18":"product-type-simple"},"acf":[],"yoast_head":"<!-- This site is optimized with the Yoast SEO plugin v27.4 - https:\/\/yoast.com\/product\/yoast-seo-wordpress\/ -->\n<title>Pluhur Karobi Organik - Edesia<\/title>\n<meta name=\"robots\" content=\"index, follow, max-snippet:-1, max-image-preview:large, max-video-preview:-1\" \/>\n<link rel=\"canonical\" href=\"https:\/\/www.edesia.al\/?product=pluhur-karobi-organik\" \/>\n<meta property=\"og:locale\" content=\"en_US\" \/>\n<meta property=\"og:type\" content=\"article\" \/>\n<meta property=\"og:title\" content=\"Pluhur Karobi Organik - Edesia\" \/>\n<meta property=\"og:description\" content=\"Pluhur Karobi Organik (200 gr) Pluhuri i karobit prodhohet nga bishtajat e thata dhe t\u00eb pjekura t\u00eb pem\u00ebs s\u00eb karobit . Ai shpesh p\u00ebrdoret si z\u00ebvend\u00ebsues i kakaos n\u00eb receta dhe vler\u00ebsohet p\u00ebr \u00ebmb\u00eblsin\u00eb e tij natyrale dhe p\u00ebrfitimet sh\u00ebndet\u00ebsore. Karakteristikat e ve\u00e7anta: \u00cbmb\u00eblsi Natyrale: Ndryshe nga pluhuri i kakaos, karobi \u00ebsht\u00eb natyralisht i \u00ebmb\u00ebl[...]\" \/>\n<meta property=\"og:url\" content=\"https:\/\/www.edesia.al\/?product=pluhur-karobi-organik\" \/>\n<meta property=\"og:site_name\" content=\"Edesia\" \/>\n<meta property=\"article:modified_time\" content=\"2026-02-25T18:27:53+00:00\" \/>\n<meta property=\"og:image\" content=\"https:\/\/www.edesia.al\/wp-content\/uploads\/2026\/02\/Pluhur-karobi-1.png\" \/>\n\t<meta property=\"og:image:width\" content=\"434\" \/>\n\t<meta property=\"og:image:height\" content=\"516\" \/>\n\t<meta property=\"og:image:type\" content=\"image\/png\" \/>\n<meta name=\"twitter:card\" content=\"summary_large_image\" \/>\n<meta name=\"twitter:label1\" content=\"Est. reading time\" \/>\n\t<meta name=\"twitter:data1\" content=\"3 minutes\" \/>\n<script type=\"application\/ld+json\" class=\"yoast-schema-graph\">{\"@context\":\"https:\\\/\\\/schema.org\",\"@graph\":[{\"@type\":\"WebPage\",\"@id\":\"https:\\\/\\\/www.edesia.al\\\/?product=pluhur-karobi-organik\",\"url\":\"https:\\\/\\\/www.edesia.al\\\/?product=pluhur-karobi-organik\",\"name\":\"Pluhur Karobi Organik - Edesia\",\"isPartOf\":{\"@id\":\"https:\\\/\\\/www.edesia.al\\\/#website\"},\"primaryImageOfPage\":{\"@id\":\"https:\\\/\\\/www.edesia.al\\\/?product=pluhur-karobi-organik#primaryimage\"},\"image\":{\"@id\":\"https:\\\/\\\/www.edesia.al\\\/?product=pluhur-karobi-organik#primaryimage\"},\"thumbnailUrl\":\"https:\\\/\\\/www.edesia.al\\\/wp-content\\\/uploads\\\/2026\\\/02\\\/Pluhur-karobi-1.png\",\"datePublished\":\"2026-02-16T21:05:22+00:00\",\"dateModified\":\"2026-02-25T18:27:53+00:00\",\"breadcrumb\":{\"@id\":\"https:\\\/\\\/www.edesia.al\\\/?product=pluhur-karobi-organik#breadcrumb\"},\"inLanguage\":\"en-US\",\"potentialAction\":[{\"@type\":\"ReadAction\",\"target\":[\"https:\\\/\\\/www.edesia.al\\\/?product=pluhur-karobi-organik\"]}]},{\"@type\":\"ImageObject\",\"inLanguage\":\"en-US\",\"@id\":\"https:\\\/\\\/www.edesia.al\\\/?product=pluhur-karobi-organik#primaryimage\",\"url\":\"https:\\\/\\\/www.edesia.al\\\/wp-content\\\/uploads\\\/2026\\\/02\\\/Pluhur-karobi-1.png\",\"contentUrl\":\"https:\\\/\\\/www.edesia.al\\\/wp-content\\\/uploads\\\/2026\\\/02\\\/Pluhur-karobi-1.png\",\"width\":434,\"height\":516},{\"@type\":\"BreadcrumbList\",\"@id\":\"https:\\\/\\\/www.edesia.al\\\/?product=pluhur-karobi-organik#breadcrumb\",\"itemListElement\":[{\"@type\":\"ListItem\",\"position\":1,\"name\":\"Home\",\"item\":\"https:\\\/\\\/www.edesia.al\\\/\"},{\"@type\":\"ListItem\",\"position\":2,\"name\":\"Dyqani\",\"item\":\"https:\\\/\\\/www.edesia.al\\\/?page_id=17\"},{\"@type\":\"ListItem\",\"position\":3,\"name\":\"Pluhur Karobi Organik\"}]},{\"@type\":\"WebSite\",\"@id\":\"https:\\\/\\\/www.edesia.al\\\/#website\",\"url\":\"https:\\\/\\\/www.edesia.al\\\/\",\"name\":\"Edesia\",\"description\":\"\",\"publisher\":{\"@id\":\"https:\\\/\\\/www.edesia.al\\\/#organization\"},\"potentialAction\":[{\"@type\":\"SearchAction\",\"target\":{\"@type\":\"EntryPoint\",\"urlTemplate\":\"https:\\\/\\\/www.edesia.al\\\/?s={search_term_string}\"},\"query-input\":{\"@type\":\"PropertyValueSpecification\",\"valueRequired\":true,\"valueName\":\"search_term_string\"}}],\"inLanguage\":\"en-US\"},{\"@type\":\"Organization\",\"@id\":\"https:\\\/\\\/www.edesia.al\\\/#organization\",\"name\":\"Edesia\",\"url\":\"https:\\\/\\\/www.edesia.al\\\/\",\"logo\":{\"@type\":\"ImageObject\",\"inLanguage\":\"en-US\",\"@id\":\"https:\\\/\\\/www.edesia.al\\\/#\\\/schema\\\/logo\\\/image\\\/\",\"url\":\"https:\\\/\\\/www.edesia.al\\\/wp-content\\\/uploads\\\/2026\\\/02\\\/Logo-Edesia-no-background.png\",\"contentUrl\":\"https:\\\/\\\/www.edesia.al\\\/wp-content\\\/uploads\\\/2026\\\/02\\\/Logo-Edesia-no-background.png\",\"width\":293,\"height\":158,\"caption\":\"Edesia\"},\"image\":{\"@id\":\"https:\\\/\\\/www.edesia.al\\\/#\\\/schema\\\/logo\\\/image\\\/\"}}]}<\/script>\n<!-- \/ Yoast SEO plugin. -->","yoast_head_json":{"title":"Pluhur Karobi Organik - Edesia","robots":{"index":"index","follow":"follow","max-snippet":"max-snippet:-1","max-image-preview":"max-image-preview:large","max-video-preview":"max-video-preview:-1"},"canonical":"https:\/\/www.edesia.al\/?product=pluhur-karobi-organik","og_locale":"en_US","og_type":"article","og_title":"Pluhur Karobi Organik - Edesia","og_description":"Pluhur Karobi Organik (200 gr) Pluhuri i karobit prodhohet nga bishtajat e thata dhe t\u00eb pjekura t\u00eb pem\u00ebs s\u00eb karobit . Ai shpesh p\u00ebrdoret si z\u00ebvend\u00ebsues i kakaos n\u00eb receta dhe vler\u00ebsohet p\u00ebr \u00ebmb\u00eblsin\u00eb e tij natyrale dhe p\u00ebrfitimet sh\u00ebndet\u00ebsore. Karakteristikat e ve\u00e7anta: \u00cbmb\u00eblsi Natyrale: Ndryshe nga pluhuri i kakaos, karobi \u00ebsht\u00eb natyralisht i \u00ebmb\u00ebl[...]","og_url":"https:\/\/www.edesia.al\/?product=pluhur-karobi-organik","og_site_name":"Edesia","article_modified_time":"2026-02-25T18:27:53+00:00","og_image":[{"width":434,"height":516,"url":"https:\/\/www.edesia.al\/wp-content\/uploads\/2026\/02\/Pluhur-karobi-1.png","type":"image\/png"}],"twitter_card":"summary_large_image","twitter_misc":{"Est. reading time":"3 minutes"},"schema":{"@context":"https:\/\/schema.org","@graph":[{"@type":"WebPage","@id":"https:\/\/www.edesia.al\/?product=pluhur-karobi-organik","url":"https:\/\/www.edesia.al\/?product=pluhur-karobi-organik","name":"Pluhur Karobi Organik - Edesia","isPartOf":{"@id":"https:\/\/www.edesia.al\/#website"},"primaryImageOfPage":{"@id":"https:\/\/www.edesia.al\/?product=pluhur-karobi-organik#primaryimage"},"image":{"@id":"https:\/\/www.edesia.al\/?product=pluhur-karobi-organik#primaryimage"},"thumbnailUrl":"https:\/\/www.edesia.al\/wp-content\/uploads\/2026\/02\/Pluhur-karobi-1.png","datePublished":"2026-02-16T21:05:22+00:00","dateModified":"2026-02-25T18:27:53+00:00","breadcrumb":{"@id":"https:\/\/www.edesia.al\/?product=pluhur-karobi-organik#breadcrumb"},"inLanguage":"en-US","potentialAction":[{"@type":"ReadAction","target":["https:\/\/www.edesia.al\/?product=pluhur-karobi-organik"]}]},{"@type":"ImageObject","inLanguage":"en-US","@id":"https:\/\/www.edesia.al\/?product=pluhur-karobi-organik#primaryimage","url":"https:\/\/www.edesia.al\/wp-content\/uploads\/2026\/02\/Pluhur-karobi-1.png","contentUrl":"https:\/\/www.edesia.al\/wp-content\/uploads\/2026\/02\/Pluhur-karobi-1.png","width":434,"height":516},{"@type":"BreadcrumbList","@id":"https:\/\/www.edesia.al\/?product=pluhur-karobi-organik#breadcrumb","itemListElement":[{"@type":"ListItem","position":1,"name":"Home","item":"https:\/\/www.edesia.al\/"},{"@type":"ListItem","position":2,"name":"Dyqani","item":"https:\/\/www.edesia.al\/?page_id=17"},{"@type":"ListItem","position":3,"name":"Pluhur Karobi Organik"}]},{"@type":"WebSite","@id":"https:\/\/www.edesia.al\/#website","url":"https:\/\/www.edesia.al\/","name":"Edesia","description":"","publisher":{"@id":"https:\/\/www.edesia.al\/#organization"},"potentialAction":[{"@type":"SearchAction","target":{"@type":"EntryPoint","urlTemplate":"https:\/\/www.edesia.al\/?s={search_term_string}"},"query-input":{"@type":"PropertyValueSpecification","valueRequired":true,"valueName":"search_term_string"}}],"inLanguage":"en-US"},{"@type":"Organization","@id":"https:\/\/www.edesia.al\/#organization","name":"Edesia","url":"https:\/\/www.edesia.al\/","logo":{"@type":"ImageObject","inLanguage":"en-US","@id":"https:\/\/www.edesia.al\/#\/schema\/logo\/image\/","url":"https:\/\/www.edesia.al\/wp-content\/uploads\/2026\/02\/Logo-Edesia-no-background.png","contentUrl":"https:\/\/www.edesia.al\/wp-content\/uploads\/2026\/02\/Logo-Edesia-no-background.png","width":293,"height":158,"caption":"Edesia"},"image":{"@id":"https:\/\/www.edesia.al\/#\/schema\/logo\/image\/"}}]}},"_links":{"self":[{"href":"https:\/\/www.edesia.al\/index.php?rest_route=\/wp\/v2\/product\/6113","targetHints":{"allow":["GET"]}}],"collection":[{"href":"https:\/\/www.edesia.al\/index.php?rest_route=\/wp\/v2\/product"}],"about":[{"href":"https:\/\/www.edesia.al\/index.php?rest_route=\/wp\/v2\/types\/product"}],"replies":[{"embeddable":true,"href":"https:\/\/www.edesia.al\/index.php?rest_route=%2Fwp%2Fv2%2Fcomments&post=6113"}],"wp:featuredmedia":[{"embeddable":true,"href":"https:\/\/www.edesia.al\/index.php?rest_route=\/wp\/v2\/media\/7235"}],"wp:attachment":[{"href":"https:\/\/www.edesia.al\/index.php?rest_route=%2Fwp%2Fv2%2Fmedia&parent=6113"}],"wp:term":[{"taxonomy":"kategori-sipas-dietave","embeddable":true,"href":"https:\/\/www.edesia.al\/index.php?rest_route=%2Fwp%2Fv2%2Fkategori-sipas-dietave&post=6113"},{"taxonomy":"kategori-sipas-problemeve-shende","embeddable":true,"href":"https:\/\/www.edesia.al\/index.php?rest_route=%2Fwp%2Fv2%2Fkategori-sipas-problemeve-shende&post=6113"},{"taxonomy":"product_brand","embeddable":true,"href":"https:\/\/www.edesia.al\/index.php?rest_route=%2Fwp%2Fv2%2Fproduct_brand&post=6113"},{"taxonomy":"product_cat","embeddable":true,"href":"https:\/\/www.edesia.al\/index.php?rest_route=%2Fwp%2Fv2%2Fproduct_cat&post=6113"},{"taxonomy":"product_tag","embeddable":true,"href":"https:\/\/www.edesia.al\/index.php?rest_route=%2Fwp%2Fv2%2Fproduct_tag&post=6113"}],"curies":[{"name":"wp","href":"https:\/\/api.w.org\/{rel}","templated":true}]}}