{"id":6115,"date":"2026-02-16T21:05:23","date_gmt":"2026-02-16T21:05:23","guid":{"rendered":"https:\/\/www.edesia.al\/?post_type=product&#038;p=6115"},"modified":"2026-02-25T10:15:26","modified_gmt":"2026-02-25T10:15:26","slug":"spirulina-ne-tableta","status":"publish","type":"product","link":"https:\/\/www.edesia.al\/?product=spirulina-ne-tableta","title":{"rendered":"Spirulina N\u00eb Tableta"},"content":{"rendered":"<h3>Spirulina N\u00eb Tableta &#8211; 100% Bio Organik, I Certifikuar ( 200 Tableta)<\/h3>\n<h4>\u00c7far\u00eb jan\u00eb tabletat Organike Spirulina Raab Vitalfood dhe si funksionojn\u00eb?<\/h4>\n<p>Tabletat Organike Spirulina merren nga algat Spirulina dhe jan\u00eb ve\u00e7an\u00ebrisht te pasura n\u00eb shtesa elementesh ushqyes. P\u00ebrmbajtja e tyre e lart\u00eb me vitamin\u00eb A, vitamin\u00eb K dhe hekur ndihmon trupin n\u00eb shum\u00eb funksione p\u00ebrmes formimit t\u00eb gjakut dhe forcimin e sistemit imunitar. Fenomeni i lodhjes mund t\u00eb reduktohet, forma fizike te forcohet dhe performanca te rritet.<\/p>\n<h4>P\u00ebr k\u00eb kategori \u00ebsht\u00eb i p\u00ebrshtatsh\u00ebm ky produkt?<\/h4>\n<p>Tabletat Organike Spirulina Raab Vitalfood kan\u00eb n\u00eb fokus t\u00eb gjith\u00eb njer\u00ebzit, q\u00eb duan te furnizojne trupin e tyre me element\u00eb ushqyes thelb\u00ebsore, q\u00eb e ndihmojn\u00eb t\u00eb q\u00ebndroj\u00eb i sh\u00ebndetsh\u00ebm dhe n\u00eb form\u00eb fizike t\u00eb lart\u00eb.<\/p>\n<h4>K\u00ebshilla p\u00ebr p\u00ebrdorim \/ dozimi:<\/h4>\n<p>Merrni 3 her\u00eb n\u00eb dit\u00eb 2-3 tableta Spirulina e Raab Vitalfood para ngr\u00ebnies, me nj\u00eb got\u00eb l\u00ebng t\u00eb vog\u00ebl ose g\u00eblltitini ato drejtp\u00ebrdrejt. Kini kujdes t\u00eb mos tejkaloni doz\u00ebn e rekomanduar ditore.<\/p>\n<p>Doza e rekomanduar: 2-3 tableta 3 her\u00eb n\u00eb dit\u00eb p\u00ebr t&#8217;u g\u00eblltitur apo p\u00ebr t&#8217;u shoq\u00ebruar me l\u00ebng para ngr\u00ebnies.<\/p>\n<h5>Ruajtja:<\/h5>\n<p>Mbajini larg nga f\u00ebmij\u00ebt e vegj\u00ebl.<\/p>\n<h4>Paralajmerim:<\/h4>\n<p>Doza e rekomanduar nuk duhet t\u00eb tejkalohet. Plot\u00ebsuesit ushqimor\u00eb nuk konsiderohen si z\u00ebvend\u00ebsim p\u00ebr nj\u00eb diet\u00eb t\u00eb ndryshme dhe t\u00eb ekuilibruar.<\/p>\n<p><em>Pesha Neto: 200 tableta = 80g<\/em><\/p>\n<p>100% koncentrat pluhur i mikroalgave Spirulina *<br \/>\n(* nga akuakulture organike e certifikuar)<\/p>\n","protected":false},"excerpt":{"rendered":"<p><span id=\"result_box\" class=\"\" lang=\"sq\"><span class=\"hps alt-edited\">Tableta<\/span> <\/span>t\u00eb <span id=\"result_box\" class=\"\" lang=\"sq\"><span class=\"hps alt-edited\">p\u00ebrftuara nga<\/span> Alga <span class=\"hps\">Spirulina<\/span>. Nd\u00ebr t\u00eb tjera p\u00ebrmban <span class=\"hps\">Vitamin\u00eb<\/span> <span class=\"hps\">A,<\/span> V<span class=\"hps\">itamin\u00eb<\/span> <span class=\"hps\">K<\/span> <span class=\"hps\">dhe<\/span> H<span class=\"hps\">ekur<\/span>. K<span class=\"hps\">ontribuon n\u00eb arritjen e nj\u00eb regjimi ushqimor t\u00eb <\/span><span class=\"hps\">ekuilibruar<\/span>.<\/span><\/p>\n<p>&nbsp;<\/p>\n<p><span id=\"result_box\" class=\"\" lang=\"sq\">\u00a0<\/span><\/p>\n","protected":false},"featured_media":6153,"comment_status":"open","ping_status":"closed","template":"","meta":{"_acf_changed":false,"inline_featured_image":false},"kategori-sipas-dietave":[89],"kategori-sipas-problemeve-shende":[83],"product_brand":[32],"product_cat":[80,42],"product_tag":[],"class_list":{"0":"post-6115","1":"product","2":"type-product","3":"status-publish","4":"has-post-thumbnail","6":"kategori-sipas-dietave-vegan","7":"kategori-sipas-problemeve-shende-tretje-detox","8":"product_brand-bioagros","9":"product_cat-suplemente-superfoods","10":"product_cat-suplemente-bio","12":"first","13":"outofstock","14":"featured","15":"taxable","16":"shipping-taxable","17":"purchasable","18":"product-type-simple"},"acf":[],"yoast_head":"<!-- This site is optimized with the Yoast SEO plugin v27.4 - https:\/\/yoast.com\/product\/yoast-seo-wordpress\/ -->\n<title>Spirulina N\u00eb Tableta - Edesia<\/title>\n<meta name=\"robots\" content=\"index, follow, max-snippet:-1, max-image-preview:large, max-video-preview:-1\" \/>\n<link rel=\"canonical\" href=\"https:\/\/www.edesia.al\/?product=spirulina-ne-tableta\" \/>\n<meta property=\"og:locale\" content=\"sq_AL\" \/>\n<meta property=\"og:type\" content=\"article\" \/>\n<meta property=\"og:title\" content=\"Spirulina N\u00eb Tableta - Edesia\" \/>\n<meta property=\"og:description\" content=\"Tableta t\u00eb p\u00ebrftuara nga Alga Spirulina. Nd\u00ebr t\u00eb tjera p\u00ebrmban Vitamin\u00eb A, Vitamin\u00eb K dhe Hekur. Kontribuon n\u00eb arritjen e nj\u00eb regjimi ushqimor t\u00eb ekuilibruar.  &nbsp;  \u00a0\" \/>\n<meta property=\"og:url\" content=\"https:\/\/www.edesia.al\/?product=spirulina-ne-tableta\" \/>\n<meta property=\"og:site_name\" content=\"Edesia\" \/>\n<meta property=\"article:modified_time\" content=\"2026-02-25T10:15:26+00:00\" \/>\n<meta property=\"og:image\" content=\"https:\/\/www.edesia.al\/wp-content\/uploads\/2026\/02\/Spirulina-1.jpg\" \/>\n\t<meta property=\"og:image:width\" content=\"360\" \/>\n\t<meta property=\"og:image:height\" content=\"300\" \/>\n\t<meta property=\"og:image:type\" content=\"image\/jpeg\" \/>\n<meta name=\"twitter:card\" content=\"summary_large_image\" \/>\n<meta name=\"twitter:label1\" content=\"Est. reading time\" \/>\n\t<meta name=\"twitter:data1\" content=\"1 minut\u00eb\" \/>\n<script type=\"application\/ld+json\" class=\"yoast-schema-graph\">{\"@context\":\"https:\\\/\\\/schema.org\",\"@graph\":[{\"@type\":\"WebPage\",\"@id\":\"https:\\\/\\\/www.edesia.al\\\/?product=spirulina-ne-tableta\",\"url\":\"https:\\\/\\\/www.edesia.al\\\/?product=spirulina-ne-tableta\",\"name\":\"Spirulina N\u00eb Tableta - Edesia\",\"isPartOf\":{\"@id\":\"https:\\\/\\\/www.edesia.al\\\/#website\"},\"primaryImageOfPage\":{\"@id\":\"https:\\\/\\\/www.edesia.al\\\/?product=spirulina-ne-tableta#primaryimage\"},\"image\":{\"@id\":\"https:\\\/\\\/www.edesia.al\\\/?product=spirulina-ne-tableta#primaryimage\"},\"thumbnailUrl\":\"https:\\\/\\\/www.edesia.al\\\/wp-content\\\/uploads\\\/2026\\\/02\\\/Spirulina-1.jpg\",\"datePublished\":\"2026-02-16T21:05:23+00:00\",\"dateModified\":\"2026-02-25T10:15:26+00:00\",\"breadcrumb\":{\"@id\":\"https:\\\/\\\/www.edesia.al\\\/?product=spirulina-ne-tableta#breadcrumb\"},\"inLanguage\":\"sq\",\"potentialAction\":[{\"@type\":\"ReadAction\",\"target\":[\"https:\\\/\\\/www.edesia.al\\\/?product=spirulina-ne-tableta\"]}]},{\"@type\":\"ImageObject\",\"inLanguage\":\"sq\",\"@id\":\"https:\\\/\\\/www.edesia.al\\\/?product=spirulina-ne-tableta#primaryimage\",\"url\":\"https:\\\/\\\/www.edesia.al\\\/wp-content\\\/uploads\\\/2026\\\/02\\\/Spirulina-1.jpg\",\"contentUrl\":\"https:\\\/\\\/www.edesia.al\\\/wp-content\\\/uploads\\\/2026\\\/02\\\/Spirulina-1.jpg\",\"width\":360,\"height\":300},{\"@type\":\"BreadcrumbList\",\"@id\":\"https:\\\/\\\/www.edesia.al\\\/?product=spirulina-ne-tableta#breadcrumb\",\"itemListElement\":[{\"@type\":\"ListItem\",\"position\":1,\"name\":\"Home\",\"item\":\"https:\\\/\\\/www.edesia.al\\\/\"},{\"@type\":\"ListItem\",\"position\":2,\"name\":\"Dyqani\",\"item\":\"https:\\\/\\\/www.edesia.al\\\/?page_id=17\"},{\"@type\":\"ListItem\",\"position\":3,\"name\":\"Spirulina N\u00eb Tableta\"}]},{\"@type\":\"WebSite\",\"@id\":\"https:\\\/\\\/www.edesia.al\\\/#website\",\"url\":\"https:\\\/\\\/www.edesia.al\\\/\",\"name\":\"Edesia\",\"description\":\"\",\"publisher\":{\"@id\":\"https:\\\/\\\/www.edesia.al\\\/#organization\"},\"potentialAction\":[{\"@type\":\"SearchAction\",\"target\":{\"@type\":\"EntryPoint\",\"urlTemplate\":\"https:\\\/\\\/www.edesia.al\\\/?s={search_term_string}\"},\"query-input\":{\"@type\":\"PropertyValueSpecification\",\"valueRequired\":true,\"valueName\":\"search_term_string\"}}],\"inLanguage\":\"sq\"},{\"@type\":\"Organization\",\"@id\":\"https:\\\/\\\/www.edesia.al\\\/#organization\",\"name\":\"Edesia\",\"url\":\"https:\\\/\\\/www.edesia.al\\\/\",\"logo\":{\"@type\":\"ImageObject\",\"inLanguage\":\"sq\",\"@id\":\"https:\\\/\\\/www.edesia.al\\\/#\\\/schema\\\/logo\\\/image\\\/\",\"url\":\"https:\\\/\\\/www.edesia.al\\\/wp-content\\\/uploads\\\/2026\\\/02\\\/Logo-Edesia-no-background.png\",\"contentUrl\":\"https:\\\/\\\/www.edesia.al\\\/wp-content\\\/uploads\\\/2026\\\/02\\\/Logo-Edesia-no-background.png\",\"width\":293,\"height\":158,\"caption\":\"Edesia\"},\"image\":{\"@id\":\"https:\\\/\\\/www.edesia.al\\\/#\\\/schema\\\/logo\\\/image\\\/\"}}]}<\/script>\n<!-- \/ Yoast SEO plugin. -->","yoast_head_json":{"title":"Spirulina N\u00eb Tableta - Edesia","robots":{"index":"index","follow":"follow","max-snippet":"max-snippet:-1","max-image-preview":"max-image-preview:large","max-video-preview":"max-video-preview:-1"},"canonical":"https:\/\/www.edesia.al\/?product=spirulina-ne-tableta","og_locale":"sq_AL","og_type":"article","og_title":"Spirulina N\u00eb Tableta - Edesia","og_description":"Tableta t\u00eb p\u00ebrftuara nga Alga Spirulina. Nd\u00ebr t\u00eb tjera p\u00ebrmban Vitamin\u00eb A, Vitamin\u00eb K dhe Hekur. Kontribuon n\u00eb arritjen e nj\u00eb regjimi ushqimor t\u00eb ekuilibruar.  &nbsp;  \u00a0","og_url":"https:\/\/www.edesia.al\/?product=spirulina-ne-tableta","og_site_name":"Edesia","article_modified_time":"2026-02-25T10:15:26+00:00","og_image":[{"width":360,"height":300,"url":"https:\/\/www.edesia.al\/wp-content\/uploads\/2026\/02\/Spirulina-1.jpg","type":"image\/jpeg"}],"twitter_card":"summary_large_image","twitter_misc":{"Est. reading time":"1 minut\u00eb"},"schema":{"@context":"https:\/\/schema.org","@graph":[{"@type":"WebPage","@id":"https:\/\/www.edesia.al\/?product=spirulina-ne-tableta","url":"https:\/\/www.edesia.al\/?product=spirulina-ne-tableta","name":"Spirulina N\u00eb Tableta - Edesia","isPartOf":{"@id":"https:\/\/www.edesia.al\/#website"},"primaryImageOfPage":{"@id":"https:\/\/www.edesia.al\/?product=spirulina-ne-tableta#primaryimage"},"image":{"@id":"https:\/\/www.edesia.al\/?product=spirulina-ne-tableta#primaryimage"},"thumbnailUrl":"https:\/\/www.edesia.al\/wp-content\/uploads\/2026\/02\/Spirulina-1.jpg","datePublished":"2026-02-16T21:05:23+00:00","dateModified":"2026-02-25T10:15:26+00:00","breadcrumb":{"@id":"https:\/\/www.edesia.al\/?product=spirulina-ne-tableta#breadcrumb"},"inLanguage":"sq","potentialAction":[{"@type":"ReadAction","target":["https:\/\/www.edesia.al\/?product=spirulina-ne-tableta"]}]},{"@type":"ImageObject","inLanguage":"sq","@id":"https:\/\/www.edesia.al\/?product=spirulina-ne-tableta#primaryimage","url":"https:\/\/www.edesia.al\/wp-content\/uploads\/2026\/02\/Spirulina-1.jpg","contentUrl":"https:\/\/www.edesia.al\/wp-content\/uploads\/2026\/02\/Spirulina-1.jpg","width":360,"height":300},{"@type":"BreadcrumbList","@id":"https:\/\/www.edesia.al\/?product=spirulina-ne-tableta#breadcrumb","itemListElement":[{"@type":"ListItem","position":1,"name":"Home","item":"https:\/\/www.edesia.al\/"},{"@type":"ListItem","position":2,"name":"Dyqani","item":"https:\/\/www.edesia.al\/?page_id=17"},{"@type":"ListItem","position":3,"name":"Spirulina N\u00eb Tableta"}]},{"@type":"WebSite","@id":"https:\/\/www.edesia.al\/#website","url":"https:\/\/www.edesia.al\/","name":"Edesia","description":"","publisher":{"@id":"https:\/\/www.edesia.al\/#organization"},"potentialAction":[{"@type":"SearchAction","target":{"@type":"EntryPoint","urlTemplate":"https:\/\/www.edesia.al\/?s={search_term_string}"},"query-input":{"@type":"PropertyValueSpecification","valueRequired":true,"valueName":"search_term_string"}}],"inLanguage":"sq"},{"@type":"Organization","@id":"https:\/\/www.edesia.al\/#organization","name":"Edesia","url":"https:\/\/www.edesia.al\/","logo":{"@type":"ImageObject","inLanguage":"sq","@id":"https:\/\/www.edesia.al\/#\/schema\/logo\/image\/","url":"https:\/\/www.edesia.al\/wp-content\/uploads\/2026\/02\/Logo-Edesia-no-background.png","contentUrl":"https:\/\/www.edesia.al\/wp-content\/uploads\/2026\/02\/Logo-Edesia-no-background.png","width":293,"height":158,"caption":"Edesia"},"image":{"@id":"https:\/\/www.edesia.al\/#\/schema\/logo\/image\/"}}]}},"_links":{"self":[{"href":"https:\/\/www.edesia.al\/index.php?rest_route=\/wp\/v2\/product\/6115","targetHints":{"allow":["GET"]}}],"collection":[{"href":"https:\/\/www.edesia.al\/index.php?rest_route=\/wp\/v2\/product"}],"about":[{"href":"https:\/\/www.edesia.al\/index.php?rest_route=\/wp\/v2\/types\/product"}],"replies":[{"embeddable":true,"href":"https:\/\/www.edesia.al\/index.php?rest_route=%2Fwp%2Fv2%2Fcomments&post=6115"}],"wp:featuredmedia":[{"embeddable":true,"href":"https:\/\/www.edesia.al\/index.php?rest_route=\/wp\/v2\/media\/6153"}],"wp:attachment":[{"href":"https:\/\/www.edesia.al\/index.php?rest_route=%2Fwp%2Fv2%2Fmedia&parent=6115"}],"wp:term":[{"taxonomy":"kategori-sipas-dietave","embeddable":true,"href":"https:\/\/www.edesia.al\/index.php?rest_route=%2Fwp%2Fv2%2Fkategori-sipas-dietave&post=6115"},{"taxonomy":"kategori-sipas-problemeve-shende","embeddable":true,"href":"https:\/\/www.edesia.al\/index.php?rest_route=%2Fwp%2Fv2%2Fkategori-sipas-problemeve-shende&post=6115"},{"taxonomy":"product_brand","embeddable":true,"href":"https:\/\/www.edesia.al\/index.php?rest_route=%2Fwp%2Fv2%2Fproduct_brand&post=6115"},{"taxonomy":"product_cat","embeddable":true,"href":"https:\/\/www.edesia.al\/index.php?rest_route=%2Fwp%2Fv2%2Fproduct_cat&post=6115"},{"taxonomy":"product_tag","embeddable":true,"href":"https:\/\/www.edesia.al\/index.php?rest_route=%2Fwp%2Fv2%2Fproduct_tag&post=6115"}],"curies":[{"name":"wp","href":"https:\/\/api.w.org\/{rel}","templated":true}]}}