{"id":6116,"date":"2026-02-16T21:05:23","date_gmt":"2026-02-16T21:05:23","guid":{"rendered":"https:\/\/www.edesia.al\/?post_type=product&#038;p=6116"},"modified":"2026-02-20T21:00:16","modified_gmt":"2026-02-20T21:00:16","slug":"shurup-agave","status":"publish","type":"product","link":"https:\/\/www.edesia.al\/?product=shurup-agave","title":{"rendered":"Shurup Agave"},"content":{"rendered":"<p data-start=\"135\" data-end=\"496\"><strong data-start=\"135\" data-end=\"179\">Shurup Agave Raw Organic \u2013 i Certifikuar<\/strong><\/p>\n<p data-start=\"135\" data-end=\"496\">Shurupi i agaves vjen nga bima <strong data-start=\"213\" data-end=\"232\">Agave tequilana<\/strong>, nj\u00eb bim\u00eb me gjethe t\u00eb trasha dhe t\u00eb mprehta q\u00eb rritet kryesisht n\u00eb Meksik\u00eb. Nga zemra e saj nxirret nj\u00eb l\u00ebng i pasur, i cili p\u00ebrpunohet n\u00eb temperatura t\u00eb ul\u00ebta p\u00ebr t\u00eb ruajtur enzimat dhe l\u00ebnd\u00ebt ushqyese \u2013 duke rezultuar n\u00eb nj\u00eb \u00ebmb\u00eblsues natyral, raw dhe organik.<\/p>\n<h3 data-start=\"498\" data-end=\"528\">\u2705 P\u00ebrfitimet sh\u00ebndet\u00ebsore:<\/h3>\n<ul data-start=\"529\" data-end=\"910\">\n<li data-start=\"529\" data-end=\"627\">\n<p data-start=\"531\" data-end=\"627\"><strong data-start=\"531\" data-end=\"557\">Indeks i ul\u00ebt glicemik<\/strong> \u2013 ndihmon n\u00eb mbajtjen e niveleve t\u00eb q\u00ebndrueshme t\u00eb sheqerit n\u00eb gjak<\/p>\n<\/li>\n<li data-start=\"628\" data-end=\"718\">\n<p data-start=\"630\" data-end=\"718\"><strong data-start=\"630\" data-end=\"650\">Mb\u00ebshtet tretjen<\/strong> \u2013 p\u00ebrmban inulin, nj\u00eb fib\u00ebr prebiotike q\u00eb ushqen flor\u00ebn e zorr\u00ebve<\/p>\n<\/li>\n<li data-start=\"719\" data-end=\"823\">\n<p data-start=\"721\" data-end=\"823\"><strong data-start=\"721\" data-end=\"770\">Alternativ\u00eb m\u00eb e mir\u00eb ndaj sheqerit t\u00eb bardh\u00eb<\/strong> \u2013 nuk shkakton rritje t\u00eb menj\u00ebhershme t\u00eb energjis\u00eb<\/p>\n<\/li>\n<li data-start=\"824\" data-end=\"910\">\n<p data-start=\"826\" data-end=\"910\"><strong data-start=\"826\" data-end=\"867\">I pasur me minerale dhe antioksidant\u00eb<\/strong> \u2013 ve\u00e7an\u00ebrisht kur p\u00ebrdoret n\u00eb form\u00ebn <em data-start=\"905\" data-end=\"910\">raw<\/em><\/p>\n<\/li>\n<\/ul>\n<h3 data-start=\"912\" data-end=\"931\">\ud83e\udd44 P\u00ebrdorimi:<\/h3>\n<p data-start=\"932\" data-end=\"1105\">Shurupi i agaves \u00ebsht\u00eb i p\u00ebrshtatsh\u00ebm p\u00ebr \u00ebmb\u00eblsira, smoothie, kos, kafe apo p\u00ebr \u00e7do recet\u00eb ku k\u00ebrkohet \u00ebmb\u00eblsi natyrale. Ka shije t\u00eb but\u00eb dhe neutrale, ideale p\u00ebr \u00e7do dit\u00eb.<\/p>\n","protected":false},"excerpt":{"rendered":"<p>Shurup agave i pap\u00ebrpunuar, organik dhe i certifikuar. Index t\u00eb ul\u00ebt glicemik.<\/p>\n","protected":false},"featured_media":6154,"comment_status":"open","ping_status":"closed","template":"","meta":{"_acf_changed":false,"inline_featured_image":false},"kategori-sipas-dietave":[89],"kategori-sipas-problemeve-shende":[84],"product_brand":[],"product_cat":[28,26],"product_tag":[],"class_list":{"0":"post-6116","1":"product","2":"type-product","3":"status-publish","4":"has-post-thumbnail","6":"kategori-sipas-dietave-vegan","7":"kategori-sipas-problemeve-shende-suport-hormonal","8":"product_cat-superfoods","9":"product_cat-ushqime-bio","11":"first","12":"instock","13":"taxable","14":"shipping-taxable","15":"purchasable","16":"product-type-simple"},"acf":[],"yoast_head":"<!-- This site is optimized with the Yoast SEO plugin v27.4 - https:\/\/yoast.com\/product\/yoast-seo-wordpress\/ -->\n<title>Shurup Agave - Edesia<\/title>\n<meta name=\"robots\" content=\"index, follow, max-snippet:-1, max-image-preview:large, max-video-preview:-1\" \/>\n<link rel=\"canonical\" href=\"https:\/\/www.edesia.al\/?product=shurup-agave\" \/>\n<meta property=\"og:locale\" content=\"en_US\" \/>\n<meta property=\"og:type\" content=\"article\" \/>\n<meta property=\"og:title\" content=\"Shurup Agave - Edesia\" \/>\n<meta property=\"og:description\" content=\"Shurup agave i pap\u00ebrpunuar, organik dhe i certifikuar. Index t\u00eb ul\u00ebt glicemik.\" \/>\n<meta property=\"og:url\" content=\"https:\/\/www.edesia.al\/?product=shurup-agave\" \/>\n<meta property=\"og:site_name\" content=\"Edesia\" \/>\n<meta property=\"article:modified_time\" content=\"2026-02-20T21:00:16+00:00\" \/>\n<meta property=\"og:image\" content=\"https:\/\/www.edesia.al\/wp-content\/uploads\/2026\/02\/Shurup-Agave-1.png\" \/>\n\t<meta property=\"og:image:width\" content=\"593\" \/>\n\t<meta property=\"og:image:height\" content=\"593\" \/>\n\t<meta property=\"og:image:type\" content=\"image\/png\" \/>\n<meta name=\"twitter:card\" content=\"summary_large_image\" \/>\n<meta name=\"twitter:label1\" content=\"Est. reading time\" \/>\n\t<meta name=\"twitter:data1\" content=\"1 minute\" \/>\n<script type=\"application\/ld+json\" class=\"yoast-schema-graph\">{\"@context\":\"https:\\\/\\\/schema.org\",\"@graph\":[{\"@type\":\"WebPage\",\"@id\":\"https:\\\/\\\/www.edesia.al\\\/?product=shurup-agave\",\"url\":\"https:\\\/\\\/www.edesia.al\\\/?product=shurup-agave\",\"name\":\"Shurup Agave - Edesia\",\"isPartOf\":{\"@id\":\"https:\\\/\\\/www.edesia.al\\\/#website\"},\"primaryImageOfPage\":{\"@id\":\"https:\\\/\\\/www.edesia.al\\\/?product=shurup-agave#primaryimage\"},\"image\":{\"@id\":\"https:\\\/\\\/www.edesia.al\\\/?product=shurup-agave#primaryimage\"},\"thumbnailUrl\":\"https:\\\/\\\/www.edesia.al\\\/wp-content\\\/uploads\\\/2026\\\/02\\\/Shurup-Agave-1.png\",\"datePublished\":\"2026-02-16T21:05:23+00:00\",\"dateModified\":\"2026-02-20T21:00:16+00:00\",\"breadcrumb\":{\"@id\":\"https:\\\/\\\/www.edesia.al\\\/?product=shurup-agave#breadcrumb\"},\"inLanguage\":\"en-US\",\"potentialAction\":[{\"@type\":\"ReadAction\",\"target\":[\"https:\\\/\\\/www.edesia.al\\\/?product=shurup-agave\"]}]},{\"@type\":\"ImageObject\",\"inLanguage\":\"en-US\",\"@id\":\"https:\\\/\\\/www.edesia.al\\\/?product=shurup-agave#primaryimage\",\"url\":\"https:\\\/\\\/www.edesia.al\\\/wp-content\\\/uploads\\\/2026\\\/02\\\/Shurup-Agave-1.png\",\"contentUrl\":\"https:\\\/\\\/www.edesia.al\\\/wp-content\\\/uploads\\\/2026\\\/02\\\/Shurup-Agave-1.png\",\"width\":593,\"height\":593},{\"@type\":\"BreadcrumbList\",\"@id\":\"https:\\\/\\\/www.edesia.al\\\/?product=shurup-agave#breadcrumb\",\"itemListElement\":[{\"@type\":\"ListItem\",\"position\":1,\"name\":\"Home\",\"item\":\"https:\\\/\\\/www.edesia.al\\\/\"},{\"@type\":\"ListItem\",\"position\":2,\"name\":\"Dyqani\",\"item\":\"https:\\\/\\\/www.edesia.al\\\/?page_id=17\"},{\"@type\":\"ListItem\",\"position\":3,\"name\":\"Shurup Agave\"}]},{\"@type\":\"WebSite\",\"@id\":\"https:\\\/\\\/www.edesia.al\\\/#website\",\"url\":\"https:\\\/\\\/www.edesia.al\\\/\",\"name\":\"Edesia\",\"description\":\"\",\"publisher\":{\"@id\":\"https:\\\/\\\/www.edesia.al\\\/#organization\"},\"potentialAction\":[{\"@type\":\"SearchAction\",\"target\":{\"@type\":\"EntryPoint\",\"urlTemplate\":\"https:\\\/\\\/www.edesia.al\\\/?s={search_term_string}\"},\"query-input\":{\"@type\":\"PropertyValueSpecification\",\"valueRequired\":true,\"valueName\":\"search_term_string\"}}],\"inLanguage\":\"en-US\"},{\"@type\":\"Organization\",\"@id\":\"https:\\\/\\\/www.edesia.al\\\/#organization\",\"name\":\"Edesia\",\"url\":\"https:\\\/\\\/www.edesia.al\\\/\",\"logo\":{\"@type\":\"ImageObject\",\"inLanguage\":\"en-US\",\"@id\":\"https:\\\/\\\/www.edesia.al\\\/#\\\/schema\\\/logo\\\/image\\\/\",\"url\":\"https:\\\/\\\/www.edesia.al\\\/wp-content\\\/uploads\\\/2026\\\/02\\\/Logo-Edesia-no-background.png\",\"contentUrl\":\"https:\\\/\\\/www.edesia.al\\\/wp-content\\\/uploads\\\/2026\\\/02\\\/Logo-Edesia-no-background.png\",\"width\":293,\"height\":158,\"caption\":\"Edesia\"},\"image\":{\"@id\":\"https:\\\/\\\/www.edesia.al\\\/#\\\/schema\\\/logo\\\/image\\\/\"}}]}<\/script>\n<!-- \/ Yoast SEO plugin. -->","yoast_head_json":{"title":"Shurup Agave - Edesia","robots":{"index":"index","follow":"follow","max-snippet":"max-snippet:-1","max-image-preview":"max-image-preview:large","max-video-preview":"max-video-preview:-1"},"canonical":"https:\/\/www.edesia.al\/?product=shurup-agave","og_locale":"en_US","og_type":"article","og_title":"Shurup Agave - Edesia","og_description":"Shurup agave i pap\u00ebrpunuar, organik dhe i certifikuar. Index t\u00eb ul\u00ebt glicemik.","og_url":"https:\/\/www.edesia.al\/?product=shurup-agave","og_site_name":"Edesia","article_modified_time":"2026-02-20T21:00:16+00:00","og_image":[{"width":593,"height":593,"url":"https:\/\/www.edesia.al\/wp-content\/uploads\/2026\/02\/Shurup-Agave-1.png","type":"image\/png"}],"twitter_card":"summary_large_image","twitter_misc":{"Est. reading time":"1 minute"},"schema":{"@context":"https:\/\/schema.org","@graph":[{"@type":"WebPage","@id":"https:\/\/www.edesia.al\/?product=shurup-agave","url":"https:\/\/www.edesia.al\/?product=shurup-agave","name":"Shurup Agave - Edesia","isPartOf":{"@id":"https:\/\/www.edesia.al\/#website"},"primaryImageOfPage":{"@id":"https:\/\/www.edesia.al\/?product=shurup-agave#primaryimage"},"image":{"@id":"https:\/\/www.edesia.al\/?product=shurup-agave#primaryimage"},"thumbnailUrl":"https:\/\/www.edesia.al\/wp-content\/uploads\/2026\/02\/Shurup-Agave-1.png","datePublished":"2026-02-16T21:05:23+00:00","dateModified":"2026-02-20T21:00:16+00:00","breadcrumb":{"@id":"https:\/\/www.edesia.al\/?product=shurup-agave#breadcrumb"},"inLanguage":"en-US","potentialAction":[{"@type":"ReadAction","target":["https:\/\/www.edesia.al\/?product=shurup-agave"]}]},{"@type":"ImageObject","inLanguage":"en-US","@id":"https:\/\/www.edesia.al\/?product=shurup-agave#primaryimage","url":"https:\/\/www.edesia.al\/wp-content\/uploads\/2026\/02\/Shurup-Agave-1.png","contentUrl":"https:\/\/www.edesia.al\/wp-content\/uploads\/2026\/02\/Shurup-Agave-1.png","width":593,"height":593},{"@type":"BreadcrumbList","@id":"https:\/\/www.edesia.al\/?product=shurup-agave#breadcrumb","itemListElement":[{"@type":"ListItem","position":1,"name":"Home","item":"https:\/\/www.edesia.al\/"},{"@type":"ListItem","position":2,"name":"Dyqani","item":"https:\/\/www.edesia.al\/?page_id=17"},{"@type":"ListItem","position":3,"name":"Shurup Agave"}]},{"@type":"WebSite","@id":"https:\/\/www.edesia.al\/#website","url":"https:\/\/www.edesia.al\/","name":"Edesia","description":"","publisher":{"@id":"https:\/\/www.edesia.al\/#organization"},"potentialAction":[{"@type":"SearchAction","target":{"@type":"EntryPoint","urlTemplate":"https:\/\/www.edesia.al\/?s={search_term_string}"},"query-input":{"@type":"PropertyValueSpecification","valueRequired":true,"valueName":"search_term_string"}}],"inLanguage":"en-US"},{"@type":"Organization","@id":"https:\/\/www.edesia.al\/#organization","name":"Edesia","url":"https:\/\/www.edesia.al\/","logo":{"@type":"ImageObject","inLanguage":"en-US","@id":"https:\/\/www.edesia.al\/#\/schema\/logo\/image\/","url":"https:\/\/www.edesia.al\/wp-content\/uploads\/2026\/02\/Logo-Edesia-no-background.png","contentUrl":"https:\/\/www.edesia.al\/wp-content\/uploads\/2026\/02\/Logo-Edesia-no-background.png","width":293,"height":158,"caption":"Edesia"},"image":{"@id":"https:\/\/www.edesia.al\/#\/schema\/logo\/image\/"}}]}},"_links":{"self":[{"href":"https:\/\/www.edesia.al\/index.php?rest_route=\/wp\/v2\/product\/6116","targetHints":{"allow":["GET"]}}],"collection":[{"href":"https:\/\/www.edesia.al\/index.php?rest_route=\/wp\/v2\/product"}],"about":[{"href":"https:\/\/www.edesia.al\/index.php?rest_route=\/wp\/v2\/types\/product"}],"replies":[{"embeddable":true,"href":"https:\/\/www.edesia.al\/index.php?rest_route=%2Fwp%2Fv2%2Fcomments&post=6116"}],"wp:featuredmedia":[{"embeddable":true,"href":"https:\/\/www.edesia.al\/index.php?rest_route=\/wp\/v2\/media\/6154"}],"wp:attachment":[{"href":"https:\/\/www.edesia.al\/index.php?rest_route=%2Fwp%2Fv2%2Fmedia&parent=6116"}],"wp:term":[{"taxonomy":"kategori-sipas-dietave","embeddable":true,"href":"https:\/\/www.edesia.al\/index.php?rest_route=%2Fwp%2Fv2%2Fkategori-sipas-dietave&post=6116"},{"taxonomy":"kategori-sipas-problemeve-shende","embeddable":true,"href":"https:\/\/www.edesia.al\/index.php?rest_route=%2Fwp%2Fv2%2Fkategori-sipas-problemeve-shende&post=6116"},{"taxonomy":"product_brand","embeddable":true,"href":"https:\/\/www.edesia.al\/index.php?rest_route=%2Fwp%2Fv2%2Fproduct_brand&post=6116"},{"taxonomy":"product_cat","embeddable":true,"href":"https:\/\/www.edesia.al\/index.php?rest_route=%2Fwp%2Fv2%2Fproduct_cat&post=6116"},{"taxonomy":"product_tag","embeddable":true,"href":"https:\/\/www.edesia.al\/index.php?rest_route=%2Fwp%2Fv2%2Fproduct_tag&post=6116"}],"curies":[{"name":"wp","href":"https:\/\/api.w.org\/{rel}","templated":true}]}}