{"id":6119,"date":"2026-02-16T21:05:23","date_gmt":"2026-02-16T21:05:23","guid":{"rendered":"https:\/\/www.edesia.al\/?post_type=product&#038;p=6119"},"modified":"2026-02-24T18:45:49","modified_gmt":"2026-02-24T18:45:49","slug":"shurup-panje","status":"publish","type":"product","link":"https:\/\/www.edesia.al\/?product=shurup-panje","title":{"rendered":"Shurup Panje"},"content":{"rendered":"<h3>Shurup Panje (250ml)<\/h3>\n<p>Shurupi i Panj\u00ebs \u00ebsht\u00eb nj\u00eb produkt natyral q\u00eb p\u00ebrgatitet nga l\u00ebngu i panj\u00ebs, i cili prodhohet nga rr\u00ebnj\u00ebt e panj\u00ebs s\u00eb fresk\u00ebt. Shurupi i Panj\u00ebs ka nj\u00eb shije t\u00eb \u00ebmb\u00ebl dhe nj\u00eb arom\u00eb unike.<\/p>\n<h4>P\u00ebrfitimet sh\u00ebndet\u00ebsore t\u00eb shurupit t\u00eb Panj\u00ebs:<\/h4>\n<ul>\n<li>Ndihmon n\u00eb kontrollin e niveleve t\u00eb sheqerit n\u00eb gjak<\/li>\n<\/ul>\n<p>Shurupi i Panj\u00ebs \u00ebsht\u00eb i pasur me insulin\u00eb, nj\u00eb lloj fibra dietike q\u00eb ndihmon n\u00eb uljen e nivelit t\u00eb sheqerit n\u00eb gjak dhe n\u00eb rregullimin e nivelit t\u00eb insulin\u00ebs.<\/p>\n<ul>\n<li>Ndihmon n\u00eb sh\u00ebndetin e zorr\u00ebve<\/li>\n<\/ul>\n<p>Shurupi i Panj\u00ebs ka nj\u00eb efekt prebiotik dhe mund t\u00eb ndihmoj\u00eb n\u00eb uljen e numrit t\u00eb baktereve n\u00eb zorr\u00eb dhe n\u00eb p\u00ebrmir\u00ebsimin e funksionit t\u00eb tyre.<\/p>\n<ul>\n<li>Mund t\u00eb ndihmoj\u00eb n\u00eb r\u00ebnien e pesh\u00ebs<\/li>\n<\/ul>\n<p>Shurupi i Panj\u00ebs \u00ebsht\u00eb relativisht i ul\u00ebt n\u00eb kalori dhe mund t\u00eb ndihmoj\u00eb n\u00eb zvog\u00eblimin e sasis\u00eb s\u00eb sheqerit dhe yndyr\u00ebs n\u00eb diet\u00eb.<\/p>\n<ul>\n<li>Ndihmon n\u00eb mbrojtjen e sh\u00ebndetit t\u00eb l\u00ebkur\u00ebs<\/li>\n<\/ul>\n<p>Shurupi i Panj\u00ebs mund t\u00eb ndihmoj\u00eb n\u00eb p\u00ebrmir\u00ebsimin e sh\u00ebndetit t\u00eb l\u00ebkur\u00ebs dhe n\u00eb parandalimin e plakjes s\u00eb l\u00ebkur\u00ebs.<\/p>\n<ul>\n<li>Ndihmon n\u00eb p\u00ebrmir\u00ebsimin e funksionimit t\u00eb zemr\u00ebs<\/li>\n<\/ul>\n<p>Shurupi i Panj\u00ebs mund t\u00eb ndihmoj\u00eb n\u00eb rregullimin e niveleve t\u00eb kolesterolit dhe n\u00eb mbrojtjen e sh\u00ebndetit t\u00eb zemr\u00ebs.<\/p>\n<p>Shurupi i Panj\u00ebs mund t\u00eb p\u00ebrdoret si nj\u00eb z\u00ebvend\u00ebsues i sheqerit n\u00eb ushqim, ose mund t\u00eb p\u00ebrdoret si nj\u00eb shtes\u00eb n\u00eb pije t\u00eb ndryshme, si n\u00eb \u00e7aj, kafe, apo n\u00eb l\u00ebngje frutash.<\/p>\n","protected":false},"excerpt":{"rendered":"<p>Shurup Panje (250ml) Shurupi i Panj\u00ebs \u00ebsht\u00eb nj\u00eb produkt natyral q\u00eb p\u00ebrgatitet nga l\u00ebngu i panj\u00ebs, i cili prodhohet nga rr\u00ebnj\u00ebt e panj\u00ebs s\u00eb fresk\u00ebt. Shurupi i Panj\u00ebs ka nj\u00eb shije t\u00eb \u00ebmb\u00ebl dhe nj\u00eb arom\u00eb unike. P\u00ebrfitimet sh\u00ebndet\u00ebsore t\u00eb shurupit t\u00eb Panj\u00ebs: Ndihmon n\u00eb kontrollin e niveleve t\u00eb sheqerit n\u00eb gjak Shurupi i Panj\u00ebs[&#8230;]<\/p>\n","protected":false},"featured_media":0,"comment_status":"open","ping_status":"closed","template":"","meta":{"_acf_changed":false,"inline_featured_image":false},"kategori-sipas-dietave":[],"kategori-sipas-problemeve-shende":[],"product_brand":[32],"product_cat":[30,26],"product_tag":[155],"class_list":{"0":"post-6119","1":"product","2":"type-product","3":"status-publish","5":"product_brand-bioagros","6":"product_cat-embelsues-natyral","7":"product_cat-ushqime-bio","8":"product_tag-ebmbelsues-organic","10":"first","11":"instock","12":"taxable","13":"shipping-taxable","14":"purchasable","15":"product-type-simple"},"acf":[],"yoast_head":"<!-- This site is optimized with the Yoast SEO plugin v27.4 - https:\/\/yoast.com\/product\/yoast-seo-wordpress\/ -->\n<title>Shurup Panje - Edesia<\/title>\n<meta name=\"robots\" content=\"index, follow, max-snippet:-1, max-image-preview:large, max-video-preview:-1\" \/>\n<link rel=\"canonical\" href=\"https:\/\/www.edesia.al\/?product=shurup-panje\" \/>\n<meta property=\"og:locale\" content=\"en_US\" \/>\n<meta property=\"og:type\" content=\"article\" \/>\n<meta property=\"og:title\" content=\"Shurup Panje - Edesia\" \/>\n<meta property=\"og:description\" content=\"Shurup Panje (250ml) Shurupi i Panj\u00ebs \u00ebsht\u00eb nj\u00eb produkt natyral q\u00eb p\u00ebrgatitet nga l\u00ebngu i panj\u00ebs, i cili prodhohet nga rr\u00ebnj\u00ebt e panj\u00ebs s\u00eb fresk\u00ebt. Shurupi i Panj\u00ebs ka nj\u00eb shije t\u00eb \u00ebmb\u00ebl dhe nj\u00eb arom\u00eb unike. P\u00ebrfitimet sh\u00ebndet\u00ebsore t\u00eb shurupit t\u00eb Panj\u00ebs: Ndihmon n\u00eb kontrollin e niveleve t\u00eb sheqerit n\u00eb gjak Shurupi i Panj\u00ebs[...]\" \/>\n<meta property=\"og:url\" content=\"https:\/\/www.edesia.al\/?product=shurup-panje\" \/>\n<meta property=\"og:site_name\" content=\"Edesia\" \/>\n<meta property=\"article:modified_time\" content=\"2026-02-24T18:45:49+00:00\" \/>\n<meta name=\"twitter:card\" content=\"summary_large_image\" \/>\n<meta name=\"twitter:label1\" content=\"Est. reading time\" \/>\n\t<meta name=\"twitter:data1\" content=\"1 minute\" \/>\n<script type=\"application\/ld+json\" class=\"yoast-schema-graph\">{\"@context\":\"https:\\\/\\\/schema.org\",\"@graph\":[{\"@type\":\"WebPage\",\"@id\":\"https:\\\/\\\/www.edesia.al\\\/?product=shurup-panje\",\"url\":\"https:\\\/\\\/www.edesia.al\\\/?product=shurup-panje\",\"name\":\"Shurup Panje - Edesia\",\"isPartOf\":{\"@id\":\"https:\\\/\\\/www.edesia.al\\\/#website\"},\"datePublished\":\"2026-02-16T21:05:23+00:00\",\"dateModified\":\"2026-02-24T18:45:49+00:00\",\"breadcrumb\":{\"@id\":\"https:\\\/\\\/www.edesia.al\\\/?product=shurup-panje#breadcrumb\"},\"inLanguage\":\"en-US\",\"potentialAction\":[{\"@type\":\"ReadAction\",\"target\":[\"https:\\\/\\\/www.edesia.al\\\/?product=shurup-panje\"]}]},{\"@type\":\"BreadcrumbList\",\"@id\":\"https:\\\/\\\/www.edesia.al\\\/?product=shurup-panje#breadcrumb\",\"itemListElement\":[{\"@type\":\"ListItem\",\"position\":1,\"name\":\"Home\",\"item\":\"https:\\\/\\\/www.edesia.al\\\/\"},{\"@type\":\"ListItem\",\"position\":2,\"name\":\"Dyqani\",\"item\":\"https:\\\/\\\/www.edesia.al\\\/?page_id=17\"},{\"@type\":\"ListItem\",\"position\":3,\"name\":\"Shurup Panje\"}]},{\"@type\":\"WebSite\",\"@id\":\"https:\\\/\\\/www.edesia.al\\\/#website\",\"url\":\"https:\\\/\\\/www.edesia.al\\\/\",\"name\":\"Edesia\",\"description\":\"\",\"publisher\":{\"@id\":\"https:\\\/\\\/www.edesia.al\\\/#organization\"},\"potentialAction\":[{\"@type\":\"SearchAction\",\"target\":{\"@type\":\"EntryPoint\",\"urlTemplate\":\"https:\\\/\\\/www.edesia.al\\\/?s={search_term_string}\"},\"query-input\":{\"@type\":\"PropertyValueSpecification\",\"valueRequired\":true,\"valueName\":\"search_term_string\"}}],\"inLanguage\":\"en-US\"},{\"@type\":\"Organization\",\"@id\":\"https:\\\/\\\/www.edesia.al\\\/#organization\",\"name\":\"Edesia\",\"url\":\"https:\\\/\\\/www.edesia.al\\\/\",\"logo\":{\"@type\":\"ImageObject\",\"inLanguage\":\"en-US\",\"@id\":\"https:\\\/\\\/www.edesia.al\\\/#\\\/schema\\\/logo\\\/image\\\/\",\"url\":\"https:\\\/\\\/www.edesia.al\\\/wp-content\\\/uploads\\\/2026\\\/02\\\/Logo-Edesia-no-background.png\",\"contentUrl\":\"https:\\\/\\\/www.edesia.al\\\/wp-content\\\/uploads\\\/2026\\\/02\\\/Logo-Edesia-no-background.png\",\"width\":293,\"height\":158,\"caption\":\"Edesia\"},\"image\":{\"@id\":\"https:\\\/\\\/www.edesia.al\\\/#\\\/schema\\\/logo\\\/image\\\/\"}}]}<\/script>\n<!-- \/ Yoast SEO plugin. -->","yoast_head_json":{"title":"Shurup Panje - Edesia","robots":{"index":"index","follow":"follow","max-snippet":"max-snippet:-1","max-image-preview":"max-image-preview:large","max-video-preview":"max-video-preview:-1"},"canonical":"https:\/\/www.edesia.al\/?product=shurup-panje","og_locale":"en_US","og_type":"article","og_title":"Shurup Panje - Edesia","og_description":"Shurup Panje (250ml) Shurupi i Panj\u00ebs \u00ebsht\u00eb nj\u00eb produkt natyral q\u00eb p\u00ebrgatitet nga l\u00ebngu i panj\u00ebs, i cili prodhohet nga rr\u00ebnj\u00ebt e panj\u00ebs s\u00eb fresk\u00ebt. Shurupi i Panj\u00ebs ka nj\u00eb shije t\u00eb \u00ebmb\u00ebl dhe nj\u00eb arom\u00eb unike. P\u00ebrfitimet sh\u00ebndet\u00ebsore t\u00eb shurupit t\u00eb Panj\u00ebs: Ndihmon n\u00eb kontrollin e niveleve t\u00eb sheqerit n\u00eb gjak Shurupi i Panj\u00ebs[...]","og_url":"https:\/\/www.edesia.al\/?product=shurup-panje","og_site_name":"Edesia","article_modified_time":"2026-02-24T18:45:49+00:00","twitter_card":"summary_large_image","twitter_misc":{"Est. reading time":"1 minute"},"schema":{"@context":"https:\/\/schema.org","@graph":[{"@type":"WebPage","@id":"https:\/\/www.edesia.al\/?product=shurup-panje","url":"https:\/\/www.edesia.al\/?product=shurup-panje","name":"Shurup Panje - Edesia","isPartOf":{"@id":"https:\/\/www.edesia.al\/#website"},"datePublished":"2026-02-16T21:05:23+00:00","dateModified":"2026-02-24T18:45:49+00:00","breadcrumb":{"@id":"https:\/\/www.edesia.al\/?product=shurup-panje#breadcrumb"},"inLanguage":"en-US","potentialAction":[{"@type":"ReadAction","target":["https:\/\/www.edesia.al\/?product=shurup-panje"]}]},{"@type":"BreadcrumbList","@id":"https:\/\/www.edesia.al\/?product=shurup-panje#breadcrumb","itemListElement":[{"@type":"ListItem","position":1,"name":"Home","item":"https:\/\/www.edesia.al\/"},{"@type":"ListItem","position":2,"name":"Dyqani","item":"https:\/\/www.edesia.al\/?page_id=17"},{"@type":"ListItem","position":3,"name":"Shurup Panje"}]},{"@type":"WebSite","@id":"https:\/\/www.edesia.al\/#website","url":"https:\/\/www.edesia.al\/","name":"Edesia","description":"","publisher":{"@id":"https:\/\/www.edesia.al\/#organization"},"potentialAction":[{"@type":"SearchAction","target":{"@type":"EntryPoint","urlTemplate":"https:\/\/www.edesia.al\/?s={search_term_string}"},"query-input":{"@type":"PropertyValueSpecification","valueRequired":true,"valueName":"search_term_string"}}],"inLanguage":"en-US"},{"@type":"Organization","@id":"https:\/\/www.edesia.al\/#organization","name":"Edesia","url":"https:\/\/www.edesia.al\/","logo":{"@type":"ImageObject","inLanguage":"en-US","@id":"https:\/\/www.edesia.al\/#\/schema\/logo\/image\/","url":"https:\/\/www.edesia.al\/wp-content\/uploads\/2026\/02\/Logo-Edesia-no-background.png","contentUrl":"https:\/\/www.edesia.al\/wp-content\/uploads\/2026\/02\/Logo-Edesia-no-background.png","width":293,"height":158,"caption":"Edesia"},"image":{"@id":"https:\/\/www.edesia.al\/#\/schema\/logo\/image\/"}}]}},"_links":{"self":[{"href":"https:\/\/www.edesia.al\/index.php?rest_route=\/wp\/v2\/product\/6119","targetHints":{"allow":["GET"]}}],"collection":[{"href":"https:\/\/www.edesia.al\/index.php?rest_route=\/wp\/v2\/product"}],"about":[{"href":"https:\/\/www.edesia.al\/index.php?rest_route=\/wp\/v2\/types\/product"}],"replies":[{"embeddable":true,"href":"https:\/\/www.edesia.al\/index.php?rest_route=%2Fwp%2Fv2%2Fcomments&post=6119"}],"wp:attachment":[{"href":"https:\/\/www.edesia.al\/index.php?rest_route=%2Fwp%2Fv2%2Fmedia&parent=6119"}],"wp:term":[{"taxonomy":"kategori-sipas-dietave","embeddable":true,"href":"https:\/\/www.edesia.al\/index.php?rest_route=%2Fwp%2Fv2%2Fkategori-sipas-dietave&post=6119"},{"taxonomy":"kategori-sipas-problemeve-shende","embeddable":true,"href":"https:\/\/www.edesia.al\/index.php?rest_route=%2Fwp%2Fv2%2Fkategori-sipas-problemeve-shende&post=6119"},{"taxonomy":"product_brand","embeddable":true,"href":"https:\/\/www.edesia.al\/index.php?rest_route=%2Fwp%2Fv2%2Fproduct_brand&post=6119"},{"taxonomy":"product_cat","embeddable":true,"href":"https:\/\/www.edesia.al\/index.php?rest_route=%2Fwp%2Fv2%2Fproduct_cat&post=6119"},{"taxonomy":"product_tag","embeddable":true,"href":"https:\/\/www.edesia.al\/index.php?rest_route=%2Fwp%2Fv2%2Fproduct_tag&post=6119"}],"curies":[{"name":"wp","href":"https:\/\/api.w.org\/{rel}","templated":true}]}}