{"id":6121,"date":"2026-02-16T21:05:24","date_gmt":"2026-02-16T21:05:24","guid":{"rendered":"https:\/\/www.edesia.al\/?post_type=product&#038;p=6121"},"modified":"2026-02-16T21:05:36","modified_gmt":"2026-02-16T21:05:36","slug":"goji-berries","status":"publish","type":"product","link":"https:\/\/www.edesia.al\/?product=goji-berries","title":{"rendered":"Goji Berries"},"content":{"rendered":"<p><strong>Goji Berries &#8211; 100% Bio Organike, I Certifikuar (100 g)<\/strong><\/p>\n<p><strong>Fruti i thate.<\/strong><\/p>\n<p>Goji Berry konsiderohet tradicionalisht si Super-Ushqim (Super Foods),\u00a0 Goji Berry jan\u00eb kokrra t\u00eb kuqe ose ndryshe quhen farat e lumturis\u00eb . Ato jan\u00eb endemike n\u00eb Evrop\u00ebn Juglindore dhe Azin\u00eb. Goji Berry jan\u00eb t\u00eb njohura p\u00ebr shekuj n\u00eb Kin\u00eb dhe n\u00eb rajonin e Tibetit. Kina e ka p\u00ebrdorur k\u00ebt\u00eb frut q\u00eb nga viti 2800 para Krishtit. P\u00ebrdoret n\u00eb mjek\u00ebsin\u00eb kineze p\u00ebr efektet e saj t\u00eb dobishme n\u00eb drejtim t\u00eb stimulimit, funksionit t\u00eb m\u00ebl\u00e7is\u00eb dhe t\u00eb veshkave.<\/p>\n<p><strong>Goji Berry konsiderohet si nj\u00eb nga burimet m\u00eb t\u00eb pasura natyrore t\u00eb ushqyesve sepse :<\/strong><br \/>\n\u2022 P\u00ebrmban beta-carotene, vitamin\u00eb C, vitamin\u00eb B1 dhe B2, dhe nj\u00eb num\u00ebr t\u00eb vitaminave t\u00eb tjera, minerale, antioksidant\u00eb , aminoacide .<br \/>\n\u2022 P\u00ebrmban phytosterols si anti-inflamator B-sitosterol, i cili zvog\u00eblon absorbimin e kolesterolit dhe p\u00ebrmir\u00ebson energji seksuale.<br \/>\n\u2022 P\u00ebrmban yndyrna &#8220;t\u00eb dobishme&#8221; si omega-6 ,acid linoleik, t\u00eb cilat jan\u00eb modulatorsit e funksionit t\u00eb hormoneve.<br \/>\n\u2022 Ka veti antibakterial.<br \/>\n\u2022 Lufton pagjum\u00ebsin\u00eb dhe rrit kujtes\u00ebn .<br \/>\n\u2022 Goji Berry nxit metabolizmin dhe sistemin imunitar.<br \/>\nGoji Berry \u00ebsht\u00eb p\u00ebrdorur me sukses p\u00ebr humbje peshe, pastron gjakun dhe ndihmon t\u00eb \u00e7\u2019helmoj trupin. Jep ndjenj\u00ebn e mir\u00ebqenies dhe optimizmi. Goji Berry p\u00ebrmban germanium, nj\u00eb mineral q\u00eb besohet t\u00eb ket\u00eb fuqish\u00ebm anti-kancer.<br \/>\n\u2022 K\u00ebto fruta kan\u00eb aft\u00ebsin\u00eb p\u00ebr t\u00eb luftuar dy faktor\u00eb baz\u00eb q\u00eb nxisin s\u00ebmundjet e zemr\u00ebs, kolesterolin dhe tensionin e lart\u00eb.<\/p>\n<p><strong>Perdorimi:<\/strong><\/p>\n<p>Rekomandohet t\u00eb konsumohet n\u00eb nj\u00eb sasi 20-30 gr n\u00eb dit\u00eb.<\/p>\n","protected":false},"excerpt":{"rendered":"<p>Goji Berries &#8211; 100% Bio Organike, I Certifikuar (100 g) Fruti i thate. Goji Berry konsiderohet tradicionalisht si Super-Ushqim (Super Foods),\u00a0 Goji Berry jan\u00eb kokrra t\u00eb kuqe ose ndryshe quhen farat e lumturis\u00eb . Ato jan\u00eb endemike n\u00eb Evrop\u00ebn Juglindore dhe Azin\u00eb. Goji Berry jan\u00eb t\u00eb njohura p\u00ebr shekuj n\u00eb Kin\u00eb dhe n\u00eb rajonin e[&#8230;]<\/p>\n","protected":false},"featured_media":6155,"comment_status":"open","ping_status":"closed","template":"","meta":{"_acf_changed":false,"inline_featured_image":false},"kategori-sipas-dietave":[],"kategori-sipas-problemeve-shende":[],"product_brand":[32],"product_cat":[31,28],"product_tag":[],"class_list":{"0":"post-6121","1":"product","2":"type-product","3":"status-publish","4":"has-post-thumbnail","6":"product_brand-bioagros","7":"product_cat-fruta-te-thata","8":"product_cat-superfoods","10":"first","11":"instock","12":"taxable","13":"shipping-taxable","14":"purchasable","15":"product-type-simple"},"acf":[],"yoast_head":"<!-- This site is optimized with the Yoast SEO plugin v27.4 - https:\/\/yoast.com\/product\/yoast-seo-wordpress\/ -->\n<title>Goji Berries - Edesia<\/title>\n<meta name=\"robots\" content=\"index, follow, max-snippet:-1, max-image-preview:large, max-video-preview:-1\" \/>\n<link rel=\"canonical\" href=\"https:\/\/www.edesia.al\/?product=goji-berries\" \/>\n<meta property=\"og:locale\" content=\"en_US\" \/>\n<meta property=\"og:type\" content=\"article\" \/>\n<meta property=\"og:title\" content=\"Goji Berries - Edesia\" \/>\n<meta property=\"og:description\" content=\"Goji Berries &#8211; 100% Bio Organike, I Certifikuar (100 g) Fruti i thate. Goji Berry konsiderohet tradicionalisht si Super-Ushqim (Super Foods),\u00a0 Goji Berry jan\u00eb kokrra t\u00eb kuqe ose ndryshe quhen farat e lumturis\u00eb . Ato jan\u00eb endemike n\u00eb Evrop\u00ebn Juglindore dhe Azin\u00eb. Goji Berry jan\u00eb t\u00eb njohura p\u00ebr shekuj n\u00eb Kin\u00eb dhe n\u00eb rajonin e[...]\" \/>\n<meta property=\"og:url\" content=\"https:\/\/www.edesia.al\/?product=goji-berries\" \/>\n<meta property=\"og:site_name\" content=\"Edesia\" \/>\n<meta property=\"article:modified_time\" content=\"2026-02-16T21:05:36+00:00\" \/>\n<meta property=\"og:image\" content=\"https:\/\/www.edesia.al\/wp-content\/uploads\/2026\/02\/Goji-Berries-1.png\" \/>\n\t<meta property=\"og:image:width\" content=\"593\" \/>\n\t<meta property=\"og:image:height\" content=\"593\" \/>\n\t<meta property=\"og:image:type\" content=\"image\/png\" \/>\n<meta name=\"twitter:card\" content=\"summary_large_image\" \/>\n<meta name=\"twitter:label1\" content=\"Est. reading time\" \/>\n\t<meta name=\"twitter:data1\" content=\"1 minute\" \/>\n<script type=\"application\/ld+json\" class=\"yoast-schema-graph\">{\"@context\":\"https:\\\/\\\/schema.org\",\"@graph\":[{\"@type\":\"WebPage\",\"@id\":\"https:\\\/\\\/www.edesia.al\\\/?product=goji-berries\",\"url\":\"https:\\\/\\\/www.edesia.al\\\/?product=goji-berries\",\"name\":\"Goji Berries - Edesia\",\"isPartOf\":{\"@id\":\"https:\\\/\\\/www.edesia.al\\\/#website\"},\"primaryImageOfPage\":{\"@id\":\"https:\\\/\\\/www.edesia.al\\\/?product=goji-berries#primaryimage\"},\"image\":{\"@id\":\"https:\\\/\\\/www.edesia.al\\\/?product=goji-berries#primaryimage\"},\"thumbnailUrl\":\"https:\\\/\\\/www.edesia.al\\\/wp-content\\\/uploads\\\/2026\\\/02\\\/Goji-Berries-1.png\",\"datePublished\":\"2026-02-16T21:05:24+00:00\",\"dateModified\":\"2026-02-16T21:05:36+00:00\",\"breadcrumb\":{\"@id\":\"https:\\\/\\\/www.edesia.al\\\/?product=goji-berries#breadcrumb\"},\"inLanguage\":\"en-US\",\"potentialAction\":[{\"@type\":\"ReadAction\",\"target\":[\"https:\\\/\\\/www.edesia.al\\\/?product=goji-berries\"]}]},{\"@type\":\"ImageObject\",\"inLanguage\":\"en-US\",\"@id\":\"https:\\\/\\\/www.edesia.al\\\/?product=goji-berries#primaryimage\",\"url\":\"https:\\\/\\\/www.edesia.al\\\/wp-content\\\/uploads\\\/2026\\\/02\\\/Goji-Berries-1.png\",\"contentUrl\":\"https:\\\/\\\/www.edesia.al\\\/wp-content\\\/uploads\\\/2026\\\/02\\\/Goji-Berries-1.png\",\"width\":593,\"height\":593},{\"@type\":\"BreadcrumbList\",\"@id\":\"https:\\\/\\\/www.edesia.al\\\/?product=goji-berries#breadcrumb\",\"itemListElement\":[{\"@type\":\"ListItem\",\"position\":1,\"name\":\"Home\",\"item\":\"https:\\\/\\\/www.edesia.al\\\/\"},{\"@type\":\"ListItem\",\"position\":2,\"name\":\"Dyqani\",\"item\":\"https:\\\/\\\/www.edesia.al\\\/?page_id=17\"},{\"@type\":\"ListItem\",\"position\":3,\"name\":\"Goji Berries\"}]},{\"@type\":\"WebSite\",\"@id\":\"https:\\\/\\\/www.edesia.al\\\/#website\",\"url\":\"https:\\\/\\\/www.edesia.al\\\/\",\"name\":\"Edesia\",\"description\":\"\",\"publisher\":{\"@id\":\"https:\\\/\\\/www.edesia.al\\\/#organization\"},\"potentialAction\":[{\"@type\":\"SearchAction\",\"target\":{\"@type\":\"EntryPoint\",\"urlTemplate\":\"https:\\\/\\\/www.edesia.al\\\/?s={search_term_string}\"},\"query-input\":{\"@type\":\"PropertyValueSpecification\",\"valueRequired\":true,\"valueName\":\"search_term_string\"}}],\"inLanguage\":\"en-US\"},{\"@type\":\"Organization\",\"@id\":\"https:\\\/\\\/www.edesia.al\\\/#organization\",\"name\":\"Edesia\",\"url\":\"https:\\\/\\\/www.edesia.al\\\/\",\"logo\":{\"@type\":\"ImageObject\",\"inLanguage\":\"en-US\",\"@id\":\"https:\\\/\\\/www.edesia.al\\\/#\\\/schema\\\/logo\\\/image\\\/\",\"url\":\"https:\\\/\\\/www.edesia.al\\\/wp-content\\\/uploads\\\/2026\\\/02\\\/Logo-Edesia-no-background.png\",\"contentUrl\":\"https:\\\/\\\/www.edesia.al\\\/wp-content\\\/uploads\\\/2026\\\/02\\\/Logo-Edesia-no-background.png\",\"width\":293,\"height\":158,\"caption\":\"Edesia\"},\"image\":{\"@id\":\"https:\\\/\\\/www.edesia.al\\\/#\\\/schema\\\/logo\\\/image\\\/\"}}]}<\/script>\n<!-- \/ Yoast SEO plugin. -->","yoast_head_json":{"title":"Goji Berries - Edesia","robots":{"index":"index","follow":"follow","max-snippet":"max-snippet:-1","max-image-preview":"max-image-preview:large","max-video-preview":"max-video-preview:-1"},"canonical":"https:\/\/www.edesia.al\/?product=goji-berries","og_locale":"en_US","og_type":"article","og_title":"Goji Berries - Edesia","og_description":"Goji Berries &#8211; 100% Bio Organike, I Certifikuar (100 g) Fruti i thate. Goji Berry konsiderohet tradicionalisht si Super-Ushqim (Super Foods),\u00a0 Goji Berry jan\u00eb kokrra t\u00eb kuqe ose ndryshe quhen farat e lumturis\u00eb . Ato jan\u00eb endemike n\u00eb Evrop\u00ebn Juglindore dhe Azin\u00eb. Goji Berry jan\u00eb t\u00eb njohura p\u00ebr shekuj n\u00eb Kin\u00eb dhe n\u00eb rajonin e[...]","og_url":"https:\/\/www.edesia.al\/?product=goji-berries","og_site_name":"Edesia","article_modified_time":"2026-02-16T21:05:36+00:00","og_image":[{"width":593,"height":593,"url":"https:\/\/www.edesia.al\/wp-content\/uploads\/2026\/02\/Goji-Berries-1.png","type":"image\/png"}],"twitter_card":"summary_large_image","twitter_misc":{"Est. reading time":"1 minute"},"schema":{"@context":"https:\/\/schema.org","@graph":[{"@type":"WebPage","@id":"https:\/\/www.edesia.al\/?product=goji-berries","url":"https:\/\/www.edesia.al\/?product=goji-berries","name":"Goji Berries - Edesia","isPartOf":{"@id":"https:\/\/www.edesia.al\/#website"},"primaryImageOfPage":{"@id":"https:\/\/www.edesia.al\/?product=goji-berries#primaryimage"},"image":{"@id":"https:\/\/www.edesia.al\/?product=goji-berries#primaryimage"},"thumbnailUrl":"https:\/\/www.edesia.al\/wp-content\/uploads\/2026\/02\/Goji-Berries-1.png","datePublished":"2026-02-16T21:05:24+00:00","dateModified":"2026-02-16T21:05:36+00:00","breadcrumb":{"@id":"https:\/\/www.edesia.al\/?product=goji-berries#breadcrumb"},"inLanguage":"en-US","potentialAction":[{"@type":"ReadAction","target":["https:\/\/www.edesia.al\/?product=goji-berries"]}]},{"@type":"ImageObject","inLanguage":"en-US","@id":"https:\/\/www.edesia.al\/?product=goji-berries#primaryimage","url":"https:\/\/www.edesia.al\/wp-content\/uploads\/2026\/02\/Goji-Berries-1.png","contentUrl":"https:\/\/www.edesia.al\/wp-content\/uploads\/2026\/02\/Goji-Berries-1.png","width":593,"height":593},{"@type":"BreadcrumbList","@id":"https:\/\/www.edesia.al\/?product=goji-berries#breadcrumb","itemListElement":[{"@type":"ListItem","position":1,"name":"Home","item":"https:\/\/www.edesia.al\/"},{"@type":"ListItem","position":2,"name":"Dyqani","item":"https:\/\/www.edesia.al\/?page_id=17"},{"@type":"ListItem","position":3,"name":"Goji Berries"}]},{"@type":"WebSite","@id":"https:\/\/www.edesia.al\/#website","url":"https:\/\/www.edesia.al\/","name":"Edesia","description":"","publisher":{"@id":"https:\/\/www.edesia.al\/#organization"},"potentialAction":[{"@type":"SearchAction","target":{"@type":"EntryPoint","urlTemplate":"https:\/\/www.edesia.al\/?s={search_term_string}"},"query-input":{"@type":"PropertyValueSpecification","valueRequired":true,"valueName":"search_term_string"}}],"inLanguage":"en-US"},{"@type":"Organization","@id":"https:\/\/www.edesia.al\/#organization","name":"Edesia","url":"https:\/\/www.edesia.al\/","logo":{"@type":"ImageObject","inLanguage":"en-US","@id":"https:\/\/www.edesia.al\/#\/schema\/logo\/image\/","url":"https:\/\/www.edesia.al\/wp-content\/uploads\/2026\/02\/Logo-Edesia-no-background.png","contentUrl":"https:\/\/www.edesia.al\/wp-content\/uploads\/2026\/02\/Logo-Edesia-no-background.png","width":293,"height":158,"caption":"Edesia"},"image":{"@id":"https:\/\/www.edesia.al\/#\/schema\/logo\/image\/"}}]}},"_links":{"self":[{"href":"https:\/\/www.edesia.al\/index.php?rest_route=\/wp\/v2\/product\/6121","targetHints":{"allow":["GET"]}}],"collection":[{"href":"https:\/\/www.edesia.al\/index.php?rest_route=\/wp\/v2\/product"}],"about":[{"href":"https:\/\/www.edesia.al\/index.php?rest_route=\/wp\/v2\/types\/product"}],"replies":[{"embeddable":true,"href":"https:\/\/www.edesia.al\/index.php?rest_route=%2Fwp%2Fv2%2Fcomments&post=6121"}],"wp:featuredmedia":[{"embeddable":true,"href":"https:\/\/www.edesia.al\/index.php?rest_route=\/wp\/v2\/media\/6155"}],"wp:attachment":[{"href":"https:\/\/www.edesia.al\/index.php?rest_route=%2Fwp%2Fv2%2Fmedia&parent=6121"}],"wp:term":[{"taxonomy":"kategori-sipas-dietave","embeddable":true,"href":"https:\/\/www.edesia.al\/index.php?rest_route=%2Fwp%2Fv2%2Fkategori-sipas-dietave&post=6121"},{"taxonomy":"kategori-sipas-problemeve-shende","embeddable":true,"href":"https:\/\/www.edesia.al\/index.php?rest_route=%2Fwp%2Fv2%2Fkategori-sipas-problemeve-shende&post=6121"},{"taxonomy":"product_brand","embeddable":true,"href":"https:\/\/www.edesia.al\/index.php?rest_route=%2Fwp%2Fv2%2Fproduct_brand&post=6121"},{"taxonomy":"product_cat","embeddable":true,"href":"https:\/\/www.edesia.al\/index.php?rest_route=%2Fwp%2Fv2%2Fproduct_cat&post=6121"},{"taxonomy":"product_tag","embeddable":true,"href":"https:\/\/www.edesia.al\/index.php?rest_route=%2Fwp%2Fv2%2Fproduct_tag&post=6121"}],"curies":[{"name":"wp","href":"https:\/\/api.w.org\/{rel}","templated":true}]}}