{"id":6123,"date":"2026-02-16T21:05:24","date_gmt":"2026-02-16T21:05:24","guid":{"rendered":"https:\/\/www.edesia.al\/?post_type=product&#038;p=6123"},"modified":"2026-02-20T21:01:13","modified_gmt":"2026-02-20T21:01:13","slug":"fara-chia","status":"publish","type":"product","link":"https:\/\/www.edesia.al\/?product=fara-chia","title":{"rendered":"Fara Chia"},"content":{"rendered":"<h3><strong>Fara Chia (200gr)<\/strong><\/h3>\n<p>Chia \u00ebsht\u00eb bim\u00eb e pasur me acide yndyrore omega-3, proteina dhe fibra, dhe gjithashtu p\u00ebrmban nj\u00eb sasi t\u00eb konsiderueshme t\u00eb vitaminave, mineraleve dhe antioksidant\u00ebve. Fara Chia \u00ebsht\u00eb e shk\u00eblqyeshme p\u00ebr rigjenerimin e l\u00ebkur\u00ebs, por edhe p\u00ebr djegien e yndyr\u00ebs, forcon organizmin dhe ndikon pozitivisht n\u00eb organet e tretjes.<\/p>\n<p><strong>Perdorimi:<\/strong><\/p>\n<p>Nj\u00eb lug\u00eb e madhe me fara Chia n\u00eb dit\u00eb \u00ebsht\u00eb e rekomanduar, por jo m\u00eb shum\u00eb se kaq, sepse Chia p\u00ebrmban shum\u00eb fibra, t\u00eb cilat mund t\u2019i mbingarkojn\u00eb t\u00eb gjith\u00eb ata q\u00eb kan\u00eb stomak t\u00eb ndjesh\u00ebm.<\/p>\n<p>Fara Chia ka shije shum\u00eb t\u00eb but\u00eb dhe t\u00eb k\u00ebndshme, nd\u00ebrsa m\u00ebnyra m\u00eb e thjesht\u00eb \u00ebsht\u00eb q\u00eb farat t\u2019i p\u00ebrzieni me ndonj\u00eb smoothie, apo t\u2019i vendosni n\u00eb ndonj\u00eb sallat\u00eb vitaminoze dhe t\u00eb leht\u00eb, por mund t\u2019i hani edhe t\u00eb pastra. Mund\u00a0 q\u00eb t\u2019i zhytni p\u00ebr 15 minuta n\u00eb uj\u00eb, derisa t\u00eb rriten n\u00eb madh\u00ebsin\u00eb q\u00eb \u00ebsht\u00eb 10 her\u00eb m\u00eb e madhe se madh\u00ebsia e tyre e zakonshme.<\/p>\n","protected":false},"excerpt":{"rendered":"<p>Fara Chia (200gr) Chia \u00ebsht\u00eb bim\u00eb e pasur me acide yndyrore omega-3, proteina dhe fibra, dhe gjithashtu p\u00ebrmban nj\u00eb sasi t\u00eb konsiderueshme t\u00eb vitaminave, mineraleve dhe antioksidant\u00ebve. Fara Chia \u00ebsht\u00eb e shk\u00eblqyeshme p\u00ebr rigjenerimin e l\u00ebkur\u00ebs, por edhe p\u00ebr djegien e yndyr\u00ebs, forcon organizmin dhe ndikon pozitivisht n\u00eb organet e tretjes. Perdorimi: Nj\u00eb lug\u00eb e[&#8230;]<\/p>\n","protected":false},"featured_media":6158,"comment_status":"open","ping_status":"closed","template":"","meta":{"_acf_changed":false,"inline_featured_image":false},"kategori-sipas-dietave":[89],"kategori-sipas-problemeve-shende":[83],"product_brand":[32],"product_cat":[33,26],"product_tag":[],"class_list":{"0":"post-6123","1":"product","2":"type-product","3":"status-publish","4":"has-post-thumbnail","6":"kategori-sipas-dietave-vegan","7":"kategori-sipas-problemeve-shende-tretje-detox","8":"product_brand-bioagros","9":"product_cat-fara-bio","10":"product_cat-ushqime-bio","12":"first","13":"instock","14":"taxable","15":"shipping-taxable","16":"purchasable","17":"product-type-simple"},"acf":[],"yoast_head":"<!-- This site is optimized with the Yoast SEO plugin v27.4 - https:\/\/yoast.com\/product\/yoast-seo-wordpress\/ -->\n<title>Fara Chia - Edesia<\/title>\n<meta name=\"robots\" content=\"index, follow, max-snippet:-1, max-image-preview:large, max-video-preview:-1\" \/>\n<link rel=\"canonical\" href=\"https:\/\/www.edesia.al\/?product=fara-chia\" \/>\n<meta property=\"og:locale\" content=\"en_US\" \/>\n<meta property=\"og:type\" content=\"article\" \/>\n<meta property=\"og:title\" content=\"Fara Chia - Edesia\" \/>\n<meta property=\"og:description\" content=\"Fara Chia (200gr) Chia \u00ebsht\u00eb bim\u00eb e pasur me acide yndyrore omega-3, proteina dhe fibra, dhe gjithashtu p\u00ebrmban nj\u00eb sasi t\u00eb konsiderueshme t\u00eb vitaminave, mineraleve dhe antioksidant\u00ebve. Fara Chia \u00ebsht\u00eb e shk\u00eblqyeshme p\u00ebr rigjenerimin e l\u00ebkur\u00ebs, por edhe p\u00ebr djegien e yndyr\u00ebs, forcon organizmin dhe ndikon pozitivisht n\u00eb organet e tretjes. Perdorimi: Nj\u00eb lug\u00eb e[...]\" \/>\n<meta property=\"og:url\" content=\"https:\/\/www.edesia.al\/?product=fara-chia\" \/>\n<meta property=\"og:site_name\" content=\"Edesia\" \/>\n<meta property=\"article:modified_time\" content=\"2026-02-20T21:01:13+00:00\" \/>\n<meta property=\"og:image\" content=\"https:\/\/www.edesia.al\/wp-content\/uploads\/2026\/02\/Fara-Chia-1.png\" \/>\n\t<meta property=\"og:image:width\" content=\"593\" \/>\n\t<meta property=\"og:image:height\" content=\"593\" \/>\n\t<meta property=\"og:image:type\" content=\"image\/png\" \/>\n<meta name=\"twitter:card\" content=\"summary_large_image\" \/>\n<meta name=\"twitter:label1\" content=\"Est. reading time\" \/>\n\t<meta name=\"twitter:data1\" content=\"1 minute\" \/>\n<script type=\"application\/ld+json\" class=\"yoast-schema-graph\">{\"@context\":\"https:\\\/\\\/schema.org\",\"@graph\":[{\"@type\":\"WebPage\",\"@id\":\"https:\\\/\\\/www.edesia.al\\\/?product=fara-chia\",\"url\":\"https:\\\/\\\/www.edesia.al\\\/?product=fara-chia\",\"name\":\"Fara Chia - Edesia\",\"isPartOf\":{\"@id\":\"https:\\\/\\\/www.edesia.al\\\/#website\"},\"primaryImageOfPage\":{\"@id\":\"https:\\\/\\\/www.edesia.al\\\/?product=fara-chia#primaryimage\"},\"image\":{\"@id\":\"https:\\\/\\\/www.edesia.al\\\/?product=fara-chia#primaryimage\"},\"thumbnailUrl\":\"https:\\\/\\\/www.edesia.al\\\/wp-content\\\/uploads\\\/2026\\\/02\\\/Fara-Chia-1.png\",\"datePublished\":\"2026-02-16T21:05:24+00:00\",\"dateModified\":\"2026-02-20T21:01:13+00:00\",\"breadcrumb\":{\"@id\":\"https:\\\/\\\/www.edesia.al\\\/?product=fara-chia#breadcrumb\"},\"inLanguage\":\"en-US\",\"potentialAction\":[{\"@type\":\"ReadAction\",\"target\":[\"https:\\\/\\\/www.edesia.al\\\/?product=fara-chia\"]}]},{\"@type\":\"ImageObject\",\"inLanguage\":\"en-US\",\"@id\":\"https:\\\/\\\/www.edesia.al\\\/?product=fara-chia#primaryimage\",\"url\":\"https:\\\/\\\/www.edesia.al\\\/wp-content\\\/uploads\\\/2026\\\/02\\\/Fara-Chia-1.png\",\"contentUrl\":\"https:\\\/\\\/www.edesia.al\\\/wp-content\\\/uploads\\\/2026\\\/02\\\/Fara-Chia-1.png\",\"width\":593,\"height\":593},{\"@type\":\"BreadcrumbList\",\"@id\":\"https:\\\/\\\/www.edesia.al\\\/?product=fara-chia#breadcrumb\",\"itemListElement\":[{\"@type\":\"ListItem\",\"position\":1,\"name\":\"Home\",\"item\":\"https:\\\/\\\/www.edesia.al\\\/\"},{\"@type\":\"ListItem\",\"position\":2,\"name\":\"Dyqani\",\"item\":\"https:\\\/\\\/www.edesia.al\\\/?page_id=17\"},{\"@type\":\"ListItem\",\"position\":3,\"name\":\"Fara Chia\"}]},{\"@type\":\"WebSite\",\"@id\":\"https:\\\/\\\/www.edesia.al\\\/#website\",\"url\":\"https:\\\/\\\/www.edesia.al\\\/\",\"name\":\"Edesia\",\"description\":\"\",\"publisher\":{\"@id\":\"https:\\\/\\\/www.edesia.al\\\/#organization\"},\"potentialAction\":[{\"@type\":\"SearchAction\",\"target\":{\"@type\":\"EntryPoint\",\"urlTemplate\":\"https:\\\/\\\/www.edesia.al\\\/?s={search_term_string}\"},\"query-input\":{\"@type\":\"PropertyValueSpecification\",\"valueRequired\":true,\"valueName\":\"search_term_string\"}}],\"inLanguage\":\"en-US\"},{\"@type\":\"Organization\",\"@id\":\"https:\\\/\\\/www.edesia.al\\\/#organization\",\"name\":\"Edesia\",\"url\":\"https:\\\/\\\/www.edesia.al\\\/\",\"logo\":{\"@type\":\"ImageObject\",\"inLanguage\":\"en-US\",\"@id\":\"https:\\\/\\\/www.edesia.al\\\/#\\\/schema\\\/logo\\\/image\\\/\",\"url\":\"https:\\\/\\\/www.edesia.al\\\/wp-content\\\/uploads\\\/2026\\\/02\\\/Logo-Edesia-no-background.png\",\"contentUrl\":\"https:\\\/\\\/www.edesia.al\\\/wp-content\\\/uploads\\\/2026\\\/02\\\/Logo-Edesia-no-background.png\",\"width\":293,\"height\":158,\"caption\":\"Edesia\"},\"image\":{\"@id\":\"https:\\\/\\\/www.edesia.al\\\/#\\\/schema\\\/logo\\\/image\\\/\"}}]}<\/script>\n<!-- \/ Yoast SEO plugin. -->","yoast_head_json":{"title":"Fara Chia - Edesia","robots":{"index":"index","follow":"follow","max-snippet":"max-snippet:-1","max-image-preview":"max-image-preview:large","max-video-preview":"max-video-preview:-1"},"canonical":"https:\/\/www.edesia.al\/?product=fara-chia","og_locale":"en_US","og_type":"article","og_title":"Fara Chia - Edesia","og_description":"Fara Chia (200gr) Chia \u00ebsht\u00eb bim\u00eb e pasur me acide yndyrore omega-3, proteina dhe fibra, dhe gjithashtu p\u00ebrmban nj\u00eb sasi t\u00eb konsiderueshme t\u00eb vitaminave, mineraleve dhe antioksidant\u00ebve. Fara Chia \u00ebsht\u00eb e shk\u00eblqyeshme p\u00ebr rigjenerimin e l\u00ebkur\u00ebs, por edhe p\u00ebr djegien e yndyr\u00ebs, forcon organizmin dhe ndikon pozitivisht n\u00eb organet e tretjes. Perdorimi: Nj\u00eb lug\u00eb e[...]","og_url":"https:\/\/www.edesia.al\/?product=fara-chia","og_site_name":"Edesia","article_modified_time":"2026-02-20T21:01:13+00:00","og_image":[{"width":593,"height":593,"url":"https:\/\/www.edesia.al\/wp-content\/uploads\/2026\/02\/Fara-Chia-1.png","type":"image\/png"}],"twitter_card":"summary_large_image","twitter_misc":{"Est. reading time":"1 minute"},"schema":{"@context":"https:\/\/schema.org","@graph":[{"@type":"WebPage","@id":"https:\/\/www.edesia.al\/?product=fara-chia","url":"https:\/\/www.edesia.al\/?product=fara-chia","name":"Fara Chia - Edesia","isPartOf":{"@id":"https:\/\/www.edesia.al\/#website"},"primaryImageOfPage":{"@id":"https:\/\/www.edesia.al\/?product=fara-chia#primaryimage"},"image":{"@id":"https:\/\/www.edesia.al\/?product=fara-chia#primaryimage"},"thumbnailUrl":"https:\/\/www.edesia.al\/wp-content\/uploads\/2026\/02\/Fara-Chia-1.png","datePublished":"2026-02-16T21:05:24+00:00","dateModified":"2026-02-20T21:01:13+00:00","breadcrumb":{"@id":"https:\/\/www.edesia.al\/?product=fara-chia#breadcrumb"},"inLanguage":"en-US","potentialAction":[{"@type":"ReadAction","target":["https:\/\/www.edesia.al\/?product=fara-chia"]}]},{"@type":"ImageObject","inLanguage":"en-US","@id":"https:\/\/www.edesia.al\/?product=fara-chia#primaryimage","url":"https:\/\/www.edesia.al\/wp-content\/uploads\/2026\/02\/Fara-Chia-1.png","contentUrl":"https:\/\/www.edesia.al\/wp-content\/uploads\/2026\/02\/Fara-Chia-1.png","width":593,"height":593},{"@type":"BreadcrumbList","@id":"https:\/\/www.edesia.al\/?product=fara-chia#breadcrumb","itemListElement":[{"@type":"ListItem","position":1,"name":"Home","item":"https:\/\/www.edesia.al\/"},{"@type":"ListItem","position":2,"name":"Dyqani","item":"https:\/\/www.edesia.al\/?page_id=17"},{"@type":"ListItem","position":3,"name":"Fara Chia"}]},{"@type":"WebSite","@id":"https:\/\/www.edesia.al\/#website","url":"https:\/\/www.edesia.al\/","name":"Edesia","description":"","publisher":{"@id":"https:\/\/www.edesia.al\/#organization"},"potentialAction":[{"@type":"SearchAction","target":{"@type":"EntryPoint","urlTemplate":"https:\/\/www.edesia.al\/?s={search_term_string}"},"query-input":{"@type":"PropertyValueSpecification","valueRequired":true,"valueName":"search_term_string"}}],"inLanguage":"en-US"},{"@type":"Organization","@id":"https:\/\/www.edesia.al\/#organization","name":"Edesia","url":"https:\/\/www.edesia.al\/","logo":{"@type":"ImageObject","inLanguage":"en-US","@id":"https:\/\/www.edesia.al\/#\/schema\/logo\/image\/","url":"https:\/\/www.edesia.al\/wp-content\/uploads\/2026\/02\/Logo-Edesia-no-background.png","contentUrl":"https:\/\/www.edesia.al\/wp-content\/uploads\/2026\/02\/Logo-Edesia-no-background.png","width":293,"height":158,"caption":"Edesia"},"image":{"@id":"https:\/\/www.edesia.al\/#\/schema\/logo\/image\/"}}]}},"_links":{"self":[{"href":"https:\/\/www.edesia.al\/index.php?rest_route=\/wp\/v2\/product\/6123","targetHints":{"allow":["GET"]}}],"collection":[{"href":"https:\/\/www.edesia.al\/index.php?rest_route=\/wp\/v2\/product"}],"about":[{"href":"https:\/\/www.edesia.al\/index.php?rest_route=\/wp\/v2\/types\/product"}],"replies":[{"embeddable":true,"href":"https:\/\/www.edesia.al\/index.php?rest_route=%2Fwp%2Fv2%2Fcomments&post=6123"}],"wp:featuredmedia":[{"embeddable":true,"href":"https:\/\/www.edesia.al\/index.php?rest_route=\/wp\/v2\/media\/6158"}],"wp:attachment":[{"href":"https:\/\/www.edesia.al\/index.php?rest_route=%2Fwp%2Fv2%2Fmedia&parent=6123"}],"wp:term":[{"taxonomy":"kategori-sipas-dietave","embeddable":true,"href":"https:\/\/www.edesia.al\/index.php?rest_route=%2Fwp%2Fv2%2Fkategori-sipas-dietave&post=6123"},{"taxonomy":"kategori-sipas-problemeve-shende","embeddable":true,"href":"https:\/\/www.edesia.al\/index.php?rest_route=%2Fwp%2Fv2%2Fkategori-sipas-problemeve-shende&post=6123"},{"taxonomy":"product_brand","embeddable":true,"href":"https:\/\/www.edesia.al\/index.php?rest_route=%2Fwp%2Fv2%2Fproduct_brand&post=6123"},{"taxonomy":"product_cat","embeddable":true,"href":"https:\/\/www.edesia.al\/index.php?rest_route=%2Fwp%2Fv2%2Fproduct_cat&post=6123"},{"taxonomy":"product_tag","embeddable":true,"href":"https:\/\/www.edesia.al\/index.php?rest_route=%2Fwp%2Fv2%2Fproduct_tag&post=6123"}],"curies":[{"name":"wp","href":"https:\/\/api.w.org\/{rel}","templated":true}]}}