{"id":6125,"date":"2026-02-16T21:05:24","date_gmt":"2026-02-16T21:05:24","guid":{"rendered":"https:\/\/www.edesia.al\/?post_type=product&#038;p=6125"},"modified":"2026-02-20T21:02:58","modified_gmt":"2026-02-20T21:02:58","slug":"fara-kerpi","status":"publish","type":"product","link":"https:\/\/www.edesia.al\/?product=fara-kerpi","title":{"rendered":"Fara Kerpi"},"content":{"rendered":"<p><strong>Fara Kerpi (150 g)<\/strong><\/p>\n<p>Farat e k\u00ebrpit jan\u00eb fara t\u00eb bim\u00ebs s\u00eb k\u00ebrpit, Kanabis sativa. Ato jan\u00eb nga t\u00eb nj\u00ebjtat lloje si kanabisi (marihuana), por nj\u00eb larmi e ndryshme. Megjithat\u00eb, ato p\u00ebrmbajn\u00eb vet\u00ebm gjurm\u00eb t\u00eb THC, p\u00ebrb\u00ebrja psikoaktive n\u00eb marihuan\u00ebn.Farat e k\u00ebrpit jan\u00eb jasht\u00ebzakonisht ushqyese dhe t\u00eb pasura me yndyrna t\u00eb sh\u00ebndetshme, proteina dhe minerale t\u00eb ndryshme.<\/p>\n<p><strong>Perfitimet shendetsore:<\/strong><\/p>\n<ul>\n<li>Farat e k\u00ebrpit jan\u00eb jasht\u00ebzakonisht ushqyese.Ata kan\u00eb nj\u00eb arom\u00eb t\u00eb but\u00eb dhe t\u00eb shijshme dhe shpesh p\u00ebrmenden si zemra k\u00ebrpi. Fara e k\u00ebrpit p\u00ebrmban m\u00eb shum\u00eb se 30% yndyr\u00eb. Ato jan\u00eb jasht\u00ebzakonisht t\u00eb pasura me dy acide yndyrore esenciale, acid linoleik (omega-6) dhe acid alfa-linolenik (omega-3).P\u00ebrmbajn\u00eb acid gama-linolenik, i cili ka qen\u00eb i lidhur me disa p\u00ebrfitime sh\u00ebndet\u00ebsore. Farat e k\u00ebrpit jan\u00eb nj\u00eb burim i madh proteinash, pasi m\u00eb shum\u00eb se 25% e kalorive t\u00eb tyre totale jan\u00eb nga proteina me cil\u00ebsi t\u00eb lart\u00eb. Farat e k\u00ebrpit jan\u00eb gjithashtu nj\u00eb burim i madh vitamin\u00eb E dhe minerale, si fosfor, kalium, natrium, magnez, squfur, kalcium, hekur dhe zink.<\/li>\n<li>Ngr\u00ebnja e farave t\u00eb k\u00ebrpit mund t\u00eb ul\u00eb rrezikun e s\u00ebmundjeve t\u00eb zemr\u00ebs.<\/li>\n<\/ul>\n<p style=\"padding-left: 40px;\">Farat p\u00ebrmbajn\u00eb sasi t\u00eb larta t\u00eb aminoacid\u00ebs arginine, e cila prodhon oksid nitrik n\u00eb trupin tuaj. Oksid nitrik \u00ebsht\u00eb nj\u00eb molekul\u00eb e gazit q\u00eb i b\u00ebn en\u00ebt tuaja t\u00eb gjakut t\u00eb zgjerohen dhe t\u00eb relaksohen, duke \u00e7uar n\u00eb uljen e presionit t\u00eb gjakut dhe n\u00eb uljen e rrezikut t\u00eb s\u00ebmundjeve t\u00eb zemr\u00ebs.<\/p>\n<ul>\n<li>Farat e k\u00ebrpit mund t\u00eb ndihmoj\u00eb p\u00ebr \u00e7rregullimet e l\u00ebkur\u00ebsAcidet yndyrore mund t\u00eb ndikojn\u00eb n\u00eb p\u00ebrgjigjet imune n\u00eb trupin tuaj. Studimet sugjerojn\u00eb se sistemi imunitar varet nga ekuilibri i omega-6 dhe omega-3 acide yndyrore.Studimet kan\u00eb treguar se dh\u00ebnia e vajit t\u00eb far\u00ebs s\u00eb k\u00ebrpit p\u00ebr njer\u00ebzit me ekzem\u00eb mund t\u00eb p\u00ebrmir\u00ebsoj\u00eb nivelet e gjakut t\u00eb acideve yndyrore esenciale.<\/li>\n<li>Farat e k\u00ebrpit mund t\u00eb zvog\u00ebloj\u00eb simptomat e PMS dhe menopauz\u00ebsDeri n\u00eb 80% t\u00eb grave t\u00eb mosh\u00ebs riprodhuese mund t\u00eb vuajn\u00eb nga simptoma fizike ose emocionale t\u00eb shkaktuara nga sindromi premenstrual (SP). K\u00ebto simptoma jan\u00eb shum\u00eb t\u00eb ngjar\u00eb t\u00eb shkaktohen nga ndjeshm\u00ebria ndaj prolaktin\u00ebs s\u00eb hormoneve.<\/li>\n<\/ul>\n<p><strong>Perdorimi:\u00a0<\/strong><\/p>\n<p>Farat e k\u00ebrpit mund t\u00eb konsumohen t\u00eb pap\u00ebrpunuara, t\u00eb gatuara ose t\u00eb pjekura. Rekomandohet nje sasi prej 30 gr ne dite.<\/p>\n","protected":false},"excerpt":{"rendered":"<p><strong>Farat e k\u00ebrpit<\/strong> jan\u00eb fara t\u00eb bim\u00ebs s\u00eb k\u00ebrpit, Kanabis sativa. Jan\u00eb jasht\u00ebzakonisht ushqyese dhe t\u00eb pasura me yndyrna t\u00eb sh\u00ebndetshme, proteina dhe minerale t\u00eb ndryshme , Ato kan\u00eb nj\u00eb arom\u00eb t\u00eb but\u00eb dhe t\u00eb shijshme.<\/p>\n","protected":false},"featured_media":6159,"comment_status":"open","ping_status":"closed","template":"","meta":{"_acf_changed":false,"inline_featured_image":false},"kategori-sipas-dietave":[91],"kategori-sipas-problemeve-shende":[84],"product_brand":[32],"product_cat":[33,26],"product_tag":[],"class_list":{"0":"post-6125","1":"product","2":"type-product","3":"status-publish","4":"has-post-thumbnail","6":"kategori-sipas-dietave-high-protein","7":"kategori-sipas-problemeve-shende-suport-hormonal","8":"product_brand-bioagros","9":"product_cat-fara-bio","10":"product_cat-ushqime-bio","12":"first","13":"instock","14":"taxable","15":"shipping-taxable","16":"purchasable","17":"product-type-simple"},"acf":[],"yoast_head":"<!-- This site is optimized with the Yoast SEO plugin v27.4 - https:\/\/yoast.com\/product\/yoast-seo-wordpress\/ -->\n<title>Fara Kerpi - Edesia<\/title>\n<meta name=\"robots\" content=\"index, follow, max-snippet:-1, max-image-preview:large, max-video-preview:-1\" \/>\n<link rel=\"canonical\" href=\"https:\/\/www.edesia.al\/?product=fara-kerpi\" \/>\n<meta property=\"og:locale\" content=\"en_US\" \/>\n<meta property=\"og:type\" content=\"article\" \/>\n<meta property=\"og:title\" content=\"Fara Kerpi - Edesia\" \/>\n<meta property=\"og:description\" content=\"Farat e k\u00ebrpit jan\u00eb fara t\u00eb bim\u00ebs s\u00eb k\u00ebrpit, Kanabis sativa. Jan\u00eb jasht\u00ebzakonisht ushqyese dhe t\u00eb pasura me yndyrna t\u00eb sh\u00ebndetshme, proteina dhe minerale t\u00eb ndryshme , Ato kan\u00eb nj\u00eb arom\u00eb t\u00eb but\u00eb dhe t\u00eb shijshme.\" \/>\n<meta property=\"og:url\" content=\"https:\/\/www.edesia.al\/?product=fara-kerpi\" \/>\n<meta property=\"og:site_name\" content=\"Edesia\" \/>\n<meta property=\"article:modified_time\" content=\"2026-02-20T21:02:58+00:00\" \/>\n<meta property=\"og:image\" content=\"https:\/\/www.edesia.al\/wp-content\/uploads\/2026\/02\/Fara-Kerpi-1.png\" \/>\n\t<meta property=\"og:image:width\" content=\"593\" \/>\n\t<meta property=\"og:image:height\" content=\"593\" \/>\n\t<meta property=\"og:image:type\" content=\"image\/png\" \/>\n<meta name=\"twitter:card\" content=\"summary_large_image\" \/>\n<meta name=\"twitter:label1\" content=\"Est. reading time\" \/>\n\t<meta name=\"twitter:data1\" content=\"2 minutes\" \/>\n<script type=\"application\/ld+json\" class=\"yoast-schema-graph\">{\"@context\":\"https:\\\/\\\/schema.org\",\"@graph\":[{\"@type\":\"WebPage\",\"@id\":\"https:\\\/\\\/www.edesia.al\\\/?product=fara-kerpi\",\"url\":\"https:\\\/\\\/www.edesia.al\\\/?product=fara-kerpi\",\"name\":\"Fara Kerpi - Edesia\",\"isPartOf\":{\"@id\":\"https:\\\/\\\/www.edesia.al\\\/#website\"},\"primaryImageOfPage\":{\"@id\":\"https:\\\/\\\/www.edesia.al\\\/?product=fara-kerpi#primaryimage\"},\"image\":{\"@id\":\"https:\\\/\\\/www.edesia.al\\\/?product=fara-kerpi#primaryimage\"},\"thumbnailUrl\":\"https:\\\/\\\/www.edesia.al\\\/wp-content\\\/uploads\\\/2026\\\/02\\\/Fara-Kerpi-1.png\",\"datePublished\":\"2026-02-16T21:05:24+00:00\",\"dateModified\":\"2026-02-20T21:02:58+00:00\",\"breadcrumb\":{\"@id\":\"https:\\\/\\\/www.edesia.al\\\/?product=fara-kerpi#breadcrumb\"},\"inLanguage\":\"en-US\",\"potentialAction\":[{\"@type\":\"ReadAction\",\"target\":[\"https:\\\/\\\/www.edesia.al\\\/?product=fara-kerpi\"]}]},{\"@type\":\"ImageObject\",\"inLanguage\":\"en-US\",\"@id\":\"https:\\\/\\\/www.edesia.al\\\/?product=fara-kerpi#primaryimage\",\"url\":\"https:\\\/\\\/www.edesia.al\\\/wp-content\\\/uploads\\\/2026\\\/02\\\/Fara-Kerpi-1.png\",\"contentUrl\":\"https:\\\/\\\/www.edesia.al\\\/wp-content\\\/uploads\\\/2026\\\/02\\\/Fara-Kerpi-1.png\",\"width\":593,\"height\":593},{\"@type\":\"BreadcrumbList\",\"@id\":\"https:\\\/\\\/www.edesia.al\\\/?product=fara-kerpi#breadcrumb\",\"itemListElement\":[{\"@type\":\"ListItem\",\"position\":1,\"name\":\"Home\",\"item\":\"https:\\\/\\\/www.edesia.al\\\/\"},{\"@type\":\"ListItem\",\"position\":2,\"name\":\"Dyqani\",\"item\":\"https:\\\/\\\/www.edesia.al\\\/?page_id=17\"},{\"@type\":\"ListItem\",\"position\":3,\"name\":\"Fara Kerpi\"}]},{\"@type\":\"WebSite\",\"@id\":\"https:\\\/\\\/www.edesia.al\\\/#website\",\"url\":\"https:\\\/\\\/www.edesia.al\\\/\",\"name\":\"Edesia\",\"description\":\"\",\"publisher\":{\"@id\":\"https:\\\/\\\/www.edesia.al\\\/#organization\"},\"potentialAction\":[{\"@type\":\"SearchAction\",\"target\":{\"@type\":\"EntryPoint\",\"urlTemplate\":\"https:\\\/\\\/www.edesia.al\\\/?s={search_term_string}\"},\"query-input\":{\"@type\":\"PropertyValueSpecification\",\"valueRequired\":true,\"valueName\":\"search_term_string\"}}],\"inLanguage\":\"en-US\"},{\"@type\":\"Organization\",\"@id\":\"https:\\\/\\\/www.edesia.al\\\/#organization\",\"name\":\"Edesia\",\"url\":\"https:\\\/\\\/www.edesia.al\\\/\",\"logo\":{\"@type\":\"ImageObject\",\"inLanguage\":\"en-US\",\"@id\":\"https:\\\/\\\/www.edesia.al\\\/#\\\/schema\\\/logo\\\/image\\\/\",\"url\":\"https:\\\/\\\/www.edesia.al\\\/wp-content\\\/uploads\\\/2026\\\/02\\\/Logo-Edesia-no-background.png\",\"contentUrl\":\"https:\\\/\\\/www.edesia.al\\\/wp-content\\\/uploads\\\/2026\\\/02\\\/Logo-Edesia-no-background.png\",\"width\":293,\"height\":158,\"caption\":\"Edesia\"},\"image\":{\"@id\":\"https:\\\/\\\/www.edesia.al\\\/#\\\/schema\\\/logo\\\/image\\\/\"}}]}<\/script>\n<!-- \/ Yoast SEO plugin. -->","yoast_head_json":{"title":"Fara Kerpi - Edesia","robots":{"index":"index","follow":"follow","max-snippet":"max-snippet:-1","max-image-preview":"max-image-preview:large","max-video-preview":"max-video-preview:-1"},"canonical":"https:\/\/www.edesia.al\/?product=fara-kerpi","og_locale":"en_US","og_type":"article","og_title":"Fara Kerpi - Edesia","og_description":"Farat e k\u00ebrpit jan\u00eb fara t\u00eb bim\u00ebs s\u00eb k\u00ebrpit, Kanabis sativa. Jan\u00eb jasht\u00ebzakonisht ushqyese dhe t\u00eb pasura me yndyrna t\u00eb sh\u00ebndetshme, proteina dhe minerale t\u00eb ndryshme , Ato kan\u00eb nj\u00eb arom\u00eb t\u00eb but\u00eb dhe t\u00eb shijshme.","og_url":"https:\/\/www.edesia.al\/?product=fara-kerpi","og_site_name":"Edesia","article_modified_time":"2026-02-20T21:02:58+00:00","og_image":[{"width":593,"height":593,"url":"https:\/\/www.edesia.al\/wp-content\/uploads\/2026\/02\/Fara-Kerpi-1.png","type":"image\/png"}],"twitter_card":"summary_large_image","twitter_misc":{"Est. reading time":"2 minutes"},"schema":{"@context":"https:\/\/schema.org","@graph":[{"@type":"WebPage","@id":"https:\/\/www.edesia.al\/?product=fara-kerpi","url":"https:\/\/www.edesia.al\/?product=fara-kerpi","name":"Fara Kerpi - Edesia","isPartOf":{"@id":"https:\/\/www.edesia.al\/#website"},"primaryImageOfPage":{"@id":"https:\/\/www.edesia.al\/?product=fara-kerpi#primaryimage"},"image":{"@id":"https:\/\/www.edesia.al\/?product=fara-kerpi#primaryimage"},"thumbnailUrl":"https:\/\/www.edesia.al\/wp-content\/uploads\/2026\/02\/Fara-Kerpi-1.png","datePublished":"2026-02-16T21:05:24+00:00","dateModified":"2026-02-20T21:02:58+00:00","breadcrumb":{"@id":"https:\/\/www.edesia.al\/?product=fara-kerpi#breadcrumb"},"inLanguage":"en-US","potentialAction":[{"@type":"ReadAction","target":["https:\/\/www.edesia.al\/?product=fara-kerpi"]}]},{"@type":"ImageObject","inLanguage":"en-US","@id":"https:\/\/www.edesia.al\/?product=fara-kerpi#primaryimage","url":"https:\/\/www.edesia.al\/wp-content\/uploads\/2026\/02\/Fara-Kerpi-1.png","contentUrl":"https:\/\/www.edesia.al\/wp-content\/uploads\/2026\/02\/Fara-Kerpi-1.png","width":593,"height":593},{"@type":"BreadcrumbList","@id":"https:\/\/www.edesia.al\/?product=fara-kerpi#breadcrumb","itemListElement":[{"@type":"ListItem","position":1,"name":"Home","item":"https:\/\/www.edesia.al\/"},{"@type":"ListItem","position":2,"name":"Dyqani","item":"https:\/\/www.edesia.al\/?page_id=17"},{"@type":"ListItem","position":3,"name":"Fara Kerpi"}]},{"@type":"WebSite","@id":"https:\/\/www.edesia.al\/#website","url":"https:\/\/www.edesia.al\/","name":"Edesia","description":"","publisher":{"@id":"https:\/\/www.edesia.al\/#organization"},"potentialAction":[{"@type":"SearchAction","target":{"@type":"EntryPoint","urlTemplate":"https:\/\/www.edesia.al\/?s={search_term_string}"},"query-input":{"@type":"PropertyValueSpecification","valueRequired":true,"valueName":"search_term_string"}}],"inLanguage":"en-US"},{"@type":"Organization","@id":"https:\/\/www.edesia.al\/#organization","name":"Edesia","url":"https:\/\/www.edesia.al\/","logo":{"@type":"ImageObject","inLanguage":"en-US","@id":"https:\/\/www.edesia.al\/#\/schema\/logo\/image\/","url":"https:\/\/www.edesia.al\/wp-content\/uploads\/2026\/02\/Logo-Edesia-no-background.png","contentUrl":"https:\/\/www.edesia.al\/wp-content\/uploads\/2026\/02\/Logo-Edesia-no-background.png","width":293,"height":158,"caption":"Edesia"},"image":{"@id":"https:\/\/www.edesia.al\/#\/schema\/logo\/image\/"}}]}},"_links":{"self":[{"href":"https:\/\/www.edesia.al\/index.php?rest_route=\/wp\/v2\/product\/6125","targetHints":{"allow":["GET"]}}],"collection":[{"href":"https:\/\/www.edesia.al\/index.php?rest_route=\/wp\/v2\/product"}],"about":[{"href":"https:\/\/www.edesia.al\/index.php?rest_route=\/wp\/v2\/types\/product"}],"replies":[{"embeddable":true,"href":"https:\/\/www.edesia.al\/index.php?rest_route=%2Fwp%2Fv2%2Fcomments&post=6125"}],"wp:featuredmedia":[{"embeddable":true,"href":"https:\/\/www.edesia.al\/index.php?rest_route=\/wp\/v2\/media\/6159"}],"wp:attachment":[{"href":"https:\/\/www.edesia.al\/index.php?rest_route=%2Fwp%2Fv2%2Fmedia&parent=6125"}],"wp:term":[{"taxonomy":"kategori-sipas-dietave","embeddable":true,"href":"https:\/\/www.edesia.al\/index.php?rest_route=%2Fwp%2Fv2%2Fkategori-sipas-dietave&post=6125"},{"taxonomy":"kategori-sipas-problemeve-shende","embeddable":true,"href":"https:\/\/www.edesia.al\/index.php?rest_route=%2Fwp%2Fv2%2Fkategori-sipas-problemeve-shende&post=6125"},{"taxonomy":"product_brand","embeddable":true,"href":"https:\/\/www.edesia.al\/index.php?rest_route=%2Fwp%2Fv2%2Fproduct_brand&post=6125"},{"taxonomy":"product_cat","embeddable":true,"href":"https:\/\/www.edesia.al\/index.php?rest_route=%2Fwp%2Fv2%2Fproduct_cat&post=6125"},{"taxonomy":"product_tag","embeddable":true,"href":"https:\/\/www.edesia.al\/index.php?rest_route=%2Fwp%2Fv2%2Fproduct_tag&post=6125"}],"curies":[{"name":"wp","href":"https:\/\/api.w.org\/{rel}","templated":true}]}}