{"id":6127,"date":"2026-02-16T21:05:25","date_gmt":"2026-02-16T21:05:25","guid":{"rendered":"https:\/\/www.edesia.al\/?post_type=product&#038;p=6127"},"modified":"2026-02-20T21:04:48","modified_gmt":"2026-02-20T21:04:48","slug":"mjalte-manuka-i-certifikuar-bio-organik","status":"publish","type":"product","link":"https:\/\/www.edesia.al\/?product=mjalte-manuka-i-certifikuar-bio-organik","title":{"rendered":"Mjalte Manuka- I Certifikuar Bio-organik"},"content":{"rendered":"<p><strong>Mjalte Manuka- I Certifikuar Bio-organik<\/strong><\/p>\n<p>Mjalti Manuka i prodhuar ne \u00a0Zelanda e Re dhe \u00ebsht\u00eb nj\u00eb antibiotik natyral i v\u00ebrtete me aft\u00ebsi t\u00eb shk\u00eblqyera dezinfektuese.<\/p>\n<p><strong>Dobit\u00eb e mjaltit manuka:<\/strong><br \/>\n\u2022 Ndalon rritjen e qelizave kancerogjene i afte gjithashtu te reduktoje dhe efektet an\u00ebsore te proceseve si rrezatim, kimioterapia etj.<br \/>\n\u2022 Redukton kolesterolin e lart\u00eb<br \/>\n\u2022 Trajton diabetin<br \/>\n\u2022 Lufton fort Escherichia Coli, Staphylococcus Aureus, Helicobacter Pylori, q\u00eb paraqiten si rezistente ndaj antibiotikeve normale.<br \/>\n\u2022 Trajton infeksionet e syve, veshit dhe sinuseve.<br \/>\n\u2022 Redukton inflamacionet n\u00eb organiz\u00ebm.<br \/>\n\u2022 I afte t\u00eb p\u00ebrshpejtoje rinovimin e qelizave, paraqitet i shk\u00eblqyer p\u00ebr mykun, aknet, plag\u00ebt, gastritin e refluksin, djegiet, ulcer\u00ebn, kolitin etj.<br \/>\n\u2022 Mjalti manuka konsiderohet i shk\u00eblqyer p\u00ebr rrug\u00ebt e frym\u00ebmarrjes, sidomos ne bllokimet e sip\u00ebrme.<\/p>\n<p><strong>Perdorimi:\u00a0<\/strong><\/p>\n<p>Rekomandohet nje luge e vogel ne dite.<\/p>\n","protected":false},"excerpt":{"rendered":"<p>Manuka \u00ebsht\u00eb mjalti q\u00eb kryeson n\u00eb bot\u00eb p\u00ebr nga cilesia dhe efekti sh\u00ebrues.<br \/>\nMjalti Manuka importohet nga Zelanda e Re dhe \u00ebsht\u00eb nj\u00eb antibiotik i v\u00ebrtete natyral me aft\u00ebsi t\u00eb shk\u00eblqyera dezinfektuese. 100 % Bio-Organik i c\u00ebrtifikuar.<\/p>\n","protected":false},"featured_media":6161,"comment_status":"open","ping_status":"closed","template":"","meta":{"_acf_changed":false,"inline_featured_image":false},"kategori-sipas-dietave":[89],"kategori-sipas-problemeve-shende":[85],"product_brand":[32],"product_cat":[39,26],"product_tag":[],"class_list":{"0":"post-6127","1":"product","2":"type-product","3":"status-publish","4":"has-post-thumbnail","6":"kategori-sipas-dietave-vegan","7":"kategori-sipas-problemeve-shende-imuniteti","8":"product_brand-bioagros","9":"product_cat-mjalte","10":"product_cat-ushqime-bio","12":"first","13":"instock","14":"taxable","15":"shipping-taxable","16":"purchasable","17":"product-type-simple"},"acf":[],"yoast_head":"<!-- This site is optimized with the Yoast SEO plugin v27.4 - https:\/\/yoast.com\/product\/yoast-seo-wordpress\/ -->\n<title>Mjalte Manuka- I Certifikuar Bio-organik - Edesia<\/title>\n<meta name=\"robots\" content=\"index, follow, max-snippet:-1, max-image-preview:large, max-video-preview:-1\" \/>\n<link rel=\"canonical\" href=\"https:\/\/www.edesia.al\/?product=mjalte-manuka-i-certifikuar-bio-organik\" \/>\n<meta property=\"og:locale\" content=\"en_US\" \/>\n<meta property=\"og:type\" content=\"article\" \/>\n<meta property=\"og:title\" content=\"Mjalte Manuka- I Certifikuar Bio-organik - Edesia\" \/>\n<meta property=\"og:description\" content=\"Manuka \u00ebsht\u00eb mjalti q\u00eb kryeson n\u00eb bot\u00eb p\u00ebr nga cilesia dhe efekti sh\u00ebrues. Mjalti Manuka importohet nga Zelanda e Re dhe \u00ebsht\u00eb nj\u00eb antibiotik i v\u00ebrtete natyral me aft\u00ebsi t\u00eb shk\u00eblqyera dezinfektuese. 100 % Bio-Organik i c\u00ebrtifikuar.\" \/>\n<meta property=\"og:url\" content=\"https:\/\/www.edesia.al\/?product=mjalte-manuka-i-certifikuar-bio-organik\" \/>\n<meta property=\"og:site_name\" content=\"Edesia\" \/>\n<meta property=\"article:modified_time\" content=\"2026-02-20T21:04:48+00:00\" \/>\n<meta property=\"og:image\" content=\"https:\/\/www.edesia.al\/wp-content\/uploads\/2026\/02\/manuka-1.jpg\" \/>\n\t<meta property=\"og:image:width\" content=\"400\" \/>\n\t<meta property=\"og:image:height\" content=\"400\" \/>\n\t<meta property=\"og:image:type\" content=\"image\/jpeg\" \/>\n<meta name=\"twitter:card\" content=\"summary_large_image\" \/>\n<meta name=\"twitter:label1\" content=\"Est. reading time\" \/>\n\t<meta name=\"twitter:data1\" content=\"1 minute\" \/>\n<script type=\"application\/ld+json\" class=\"yoast-schema-graph\">{\"@context\":\"https:\\\/\\\/schema.org\",\"@graph\":[{\"@type\":\"WebPage\",\"@id\":\"https:\\\/\\\/www.edesia.al\\\/?product=mjalte-manuka-i-certifikuar-bio-organik\",\"url\":\"https:\\\/\\\/www.edesia.al\\\/?product=mjalte-manuka-i-certifikuar-bio-organik\",\"name\":\"Mjalte Manuka- I Certifikuar Bio-organik - Edesia\",\"isPartOf\":{\"@id\":\"https:\\\/\\\/www.edesia.al\\\/#website\"},\"primaryImageOfPage\":{\"@id\":\"https:\\\/\\\/www.edesia.al\\\/?product=mjalte-manuka-i-certifikuar-bio-organik#primaryimage\"},\"image\":{\"@id\":\"https:\\\/\\\/www.edesia.al\\\/?product=mjalte-manuka-i-certifikuar-bio-organik#primaryimage\"},\"thumbnailUrl\":\"https:\\\/\\\/www.edesia.al\\\/wp-content\\\/uploads\\\/2026\\\/02\\\/manuka-1.jpg\",\"datePublished\":\"2026-02-16T21:05:25+00:00\",\"dateModified\":\"2026-02-20T21:04:48+00:00\",\"breadcrumb\":{\"@id\":\"https:\\\/\\\/www.edesia.al\\\/?product=mjalte-manuka-i-certifikuar-bio-organik#breadcrumb\"},\"inLanguage\":\"en-US\",\"potentialAction\":[{\"@type\":\"ReadAction\",\"target\":[\"https:\\\/\\\/www.edesia.al\\\/?product=mjalte-manuka-i-certifikuar-bio-organik\"]}]},{\"@type\":\"ImageObject\",\"inLanguage\":\"en-US\",\"@id\":\"https:\\\/\\\/www.edesia.al\\\/?product=mjalte-manuka-i-certifikuar-bio-organik#primaryimage\",\"url\":\"https:\\\/\\\/www.edesia.al\\\/wp-content\\\/uploads\\\/2026\\\/02\\\/manuka-1.jpg\",\"contentUrl\":\"https:\\\/\\\/www.edesia.al\\\/wp-content\\\/uploads\\\/2026\\\/02\\\/manuka-1.jpg\",\"width\":400,\"height\":400},{\"@type\":\"BreadcrumbList\",\"@id\":\"https:\\\/\\\/www.edesia.al\\\/?product=mjalte-manuka-i-certifikuar-bio-organik#breadcrumb\",\"itemListElement\":[{\"@type\":\"ListItem\",\"position\":1,\"name\":\"Home\",\"item\":\"https:\\\/\\\/www.edesia.al\\\/\"},{\"@type\":\"ListItem\",\"position\":2,\"name\":\"Dyqani\",\"item\":\"https:\\\/\\\/www.edesia.al\\\/?page_id=17\"},{\"@type\":\"ListItem\",\"position\":3,\"name\":\"Mjalte Manuka- I Certifikuar Bio-organik\"}]},{\"@type\":\"WebSite\",\"@id\":\"https:\\\/\\\/www.edesia.al\\\/#website\",\"url\":\"https:\\\/\\\/www.edesia.al\\\/\",\"name\":\"Edesia\",\"description\":\"\",\"publisher\":{\"@id\":\"https:\\\/\\\/www.edesia.al\\\/#organization\"},\"potentialAction\":[{\"@type\":\"SearchAction\",\"target\":{\"@type\":\"EntryPoint\",\"urlTemplate\":\"https:\\\/\\\/www.edesia.al\\\/?s={search_term_string}\"},\"query-input\":{\"@type\":\"PropertyValueSpecification\",\"valueRequired\":true,\"valueName\":\"search_term_string\"}}],\"inLanguage\":\"en-US\"},{\"@type\":\"Organization\",\"@id\":\"https:\\\/\\\/www.edesia.al\\\/#organization\",\"name\":\"Edesia\",\"url\":\"https:\\\/\\\/www.edesia.al\\\/\",\"logo\":{\"@type\":\"ImageObject\",\"inLanguage\":\"en-US\",\"@id\":\"https:\\\/\\\/www.edesia.al\\\/#\\\/schema\\\/logo\\\/image\\\/\",\"url\":\"https:\\\/\\\/www.edesia.al\\\/wp-content\\\/uploads\\\/2026\\\/02\\\/Logo-Edesia-no-background.png\",\"contentUrl\":\"https:\\\/\\\/www.edesia.al\\\/wp-content\\\/uploads\\\/2026\\\/02\\\/Logo-Edesia-no-background.png\",\"width\":293,\"height\":158,\"caption\":\"Edesia\"},\"image\":{\"@id\":\"https:\\\/\\\/www.edesia.al\\\/#\\\/schema\\\/logo\\\/image\\\/\"}}]}<\/script>\n<!-- \/ Yoast SEO plugin. -->","yoast_head_json":{"title":"Mjalte Manuka- I Certifikuar Bio-organik - Edesia","robots":{"index":"index","follow":"follow","max-snippet":"max-snippet:-1","max-image-preview":"max-image-preview:large","max-video-preview":"max-video-preview:-1"},"canonical":"https:\/\/www.edesia.al\/?product=mjalte-manuka-i-certifikuar-bio-organik","og_locale":"en_US","og_type":"article","og_title":"Mjalte Manuka- I Certifikuar Bio-organik - Edesia","og_description":"Manuka \u00ebsht\u00eb mjalti q\u00eb kryeson n\u00eb bot\u00eb p\u00ebr nga cilesia dhe efekti sh\u00ebrues. Mjalti Manuka importohet nga Zelanda e Re dhe \u00ebsht\u00eb nj\u00eb antibiotik i v\u00ebrtete natyral me aft\u00ebsi t\u00eb shk\u00eblqyera dezinfektuese. 100 % Bio-Organik i c\u00ebrtifikuar.","og_url":"https:\/\/www.edesia.al\/?product=mjalte-manuka-i-certifikuar-bio-organik","og_site_name":"Edesia","article_modified_time":"2026-02-20T21:04:48+00:00","og_image":[{"width":400,"height":400,"url":"https:\/\/www.edesia.al\/wp-content\/uploads\/2026\/02\/manuka-1.jpg","type":"image\/jpeg"}],"twitter_card":"summary_large_image","twitter_misc":{"Est. reading time":"1 minute"},"schema":{"@context":"https:\/\/schema.org","@graph":[{"@type":"WebPage","@id":"https:\/\/www.edesia.al\/?product=mjalte-manuka-i-certifikuar-bio-organik","url":"https:\/\/www.edesia.al\/?product=mjalte-manuka-i-certifikuar-bio-organik","name":"Mjalte Manuka- I Certifikuar Bio-organik - Edesia","isPartOf":{"@id":"https:\/\/www.edesia.al\/#website"},"primaryImageOfPage":{"@id":"https:\/\/www.edesia.al\/?product=mjalte-manuka-i-certifikuar-bio-organik#primaryimage"},"image":{"@id":"https:\/\/www.edesia.al\/?product=mjalte-manuka-i-certifikuar-bio-organik#primaryimage"},"thumbnailUrl":"https:\/\/www.edesia.al\/wp-content\/uploads\/2026\/02\/manuka-1.jpg","datePublished":"2026-02-16T21:05:25+00:00","dateModified":"2026-02-20T21:04:48+00:00","breadcrumb":{"@id":"https:\/\/www.edesia.al\/?product=mjalte-manuka-i-certifikuar-bio-organik#breadcrumb"},"inLanguage":"en-US","potentialAction":[{"@type":"ReadAction","target":["https:\/\/www.edesia.al\/?product=mjalte-manuka-i-certifikuar-bio-organik"]}]},{"@type":"ImageObject","inLanguage":"en-US","@id":"https:\/\/www.edesia.al\/?product=mjalte-manuka-i-certifikuar-bio-organik#primaryimage","url":"https:\/\/www.edesia.al\/wp-content\/uploads\/2026\/02\/manuka-1.jpg","contentUrl":"https:\/\/www.edesia.al\/wp-content\/uploads\/2026\/02\/manuka-1.jpg","width":400,"height":400},{"@type":"BreadcrumbList","@id":"https:\/\/www.edesia.al\/?product=mjalte-manuka-i-certifikuar-bio-organik#breadcrumb","itemListElement":[{"@type":"ListItem","position":1,"name":"Home","item":"https:\/\/www.edesia.al\/"},{"@type":"ListItem","position":2,"name":"Dyqani","item":"https:\/\/www.edesia.al\/?page_id=17"},{"@type":"ListItem","position":3,"name":"Mjalte Manuka- I Certifikuar Bio-organik"}]},{"@type":"WebSite","@id":"https:\/\/www.edesia.al\/#website","url":"https:\/\/www.edesia.al\/","name":"Edesia","description":"","publisher":{"@id":"https:\/\/www.edesia.al\/#organization"},"potentialAction":[{"@type":"SearchAction","target":{"@type":"EntryPoint","urlTemplate":"https:\/\/www.edesia.al\/?s={search_term_string}"},"query-input":{"@type":"PropertyValueSpecification","valueRequired":true,"valueName":"search_term_string"}}],"inLanguage":"en-US"},{"@type":"Organization","@id":"https:\/\/www.edesia.al\/#organization","name":"Edesia","url":"https:\/\/www.edesia.al\/","logo":{"@type":"ImageObject","inLanguage":"en-US","@id":"https:\/\/www.edesia.al\/#\/schema\/logo\/image\/","url":"https:\/\/www.edesia.al\/wp-content\/uploads\/2026\/02\/Logo-Edesia-no-background.png","contentUrl":"https:\/\/www.edesia.al\/wp-content\/uploads\/2026\/02\/Logo-Edesia-no-background.png","width":293,"height":158,"caption":"Edesia"},"image":{"@id":"https:\/\/www.edesia.al\/#\/schema\/logo\/image\/"}}]}},"_links":{"self":[{"href":"https:\/\/www.edesia.al\/index.php?rest_route=\/wp\/v2\/product\/6127","targetHints":{"allow":["GET"]}}],"collection":[{"href":"https:\/\/www.edesia.al\/index.php?rest_route=\/wp\/v2\/product"}],"about":[{"href":"https:\/\/www.edesia.al\/index.php?rest_route=\/wp\/v2\/types\/product"}],"replies":[{"embeddable":true,"href":"https:\/\/www.edesia.al\/index.php?rest_route=%2Fwp%2Fv2%2Fcomments&post=6127"}],"wp:featuredmedia":[{"embeddable":true,"href":"https:\/\/www.edesia.al\/index.php?rest_route=\/wp\/v2\/media\/6161"}],"wp:attachment":[{"href":"https:\/\/www.edesia.al\/index.php?rest_route=%2Fwp%2Fv2%2Fmedia&parent=6127"}],"wp:term":[{"taxonomy":"kategori-sipas-dietave","embeddable":true,"href":"https:\/\/www.edesia.al\/index.php?rest_route=%2Fwp%2Fv2%2Fkategori-sipas-dietave&post=6127"},{"taxonomy":"kategori-sipas-problemeve-shende","embeddable":true,"href":"https:\/\/www.edesia.al\/index.php?rest_route=%2Fwp%2Fv2%2Fkategori-sipas-problemeve-shende&post=6127"},{"taxonomy":"product_brand","embeddable":true,"href":"https:\/\/www.edesia.al\/index.php?rest_route=%2Fwp%2Fv2%2Fproduct_brand&post=6127"},{"taxonomy":"product_cat","embeddable":true,"href":"https:\/\/www.edesia.al\/index.php?rest_route=%2Fwp%2Fv2%2Fproduct_cat&post=6127"},{"taxonomy":"product_tag","embeddable":true,"href":"https:\/\/www.edesia.al\/index.php?rest_route=%2Fwp%2Fv2%2Fproduct_tag&post=6127"}],"curies":[{"name":"wp","href":"https:\/\/api.w.org\/{rel}","templated":true}]}}