{"id":6128,"date":"2026-02-16T21:05:25","date_gmt":"2026-02-16T21:05:25","guid":{"rendered":"https:\/\/www.edesia.al\/?post_type=product&#038;p=6128"},"modified":"2026-02-20T21:05:47","modified_gmt":"2026-02-20T21:05:47","slug":"tahini-bio-organik-i-certifikuar","status":"publish","type":"product","link":"https:\/\/www.edesia.al\/?product=tahini-bio-organik-i-certifikuar","title":{"rendered":"Tahini  Bio-Organik I Certifikuar"},"content":{"rendered":"<p><strong>Tahini Bio-Organik I Certifikuar (650g)<\/strong><\/p>\n<p>Tahini \u00ebsht\u00eb nj\u00eb salc\u00eb e trash\u00eb ngjit\u00ebse e b\u00ebr\u00eb nga farat e susamit<strong>,<\/strong>\u00a0me pak vaj t\u00eb p\u00ebrzjer\u00eb p\u00ebr ta b\u00ebr\u00eb at\u00eb konsistenc\u00ebn e duhur dhe zakonisht asgj\u00eb tjet\u00ebr. Tahini \u00ebsht\u00eb nj\u00eb far\u00eb pluhur far\u00eb susam, e ngjashme me gjalp\u00eb badiava n\u00eb cil\u00ebsi. \u00cbsht\u00eb nj\u00eb gjalp\u00eb i but\u00eb, me vaj dhe i but\u00eb i pasur me kalcium.<\/p>\n<p><strong>Benefitet e Tahini:<\/strong><\/p>\n<p>Tahini \u00ebsht\u00eb nj\u00eb ushqim me vlera t\u00eb larta ushqyese, \u00ebsht\u00eb i pasur me proteina, vitamina, minerale dhe acide yndyrore t\u00eb dobishme p\u00ebr funksionin e mir\u00eb t\u00eb organizmit.Nuk \u00ebsht\u00eb rast\u00ebsi, q\u00eb n\u00eb vendet e Lindjes s\u00eb Mesme, tahini p\u00ebrb\u00ebn komponent ky\u00e7 i ushqyerjes s\u00eb p\u00ebrditshme, pasi p\u00ebrdoret n\u00eb pjes\u00ebn m\u00eb t\u00eb madhe t\u00eb gatimeve.<\/p>\n<div class=\"text_exposed_show\">\n<ul>\n<li>Parandalon s\u00ebmundjet kardiovaskulare, s\u00ebmundjen e sheqerit dhe llojeve t\u00eb ndryshme t\u00eb kancerit.<\/li>\n<li>Lufton krijimin e radikaleve t\u00eb lira, q\u00eb lidhen me plakjen e qelizave t\u00eb trupit.<\/li>\n<li>Ul vlerat e kolesterolit n\u00eb gjak.<\/li>\n<li>P\u00ebr shkak t\u00eb lignaneve ndihmon n\u00eb rregullimin e presionit t\u00eb gjakut.<\/li>\n<li>Fal\u00eb komponent\u00ebve q\u00eb p\u00ebrmban, pengon oksidimin e acideve yndyrore n\u00eb trup, q\u00eb p\u00ebrb\u00ebn faz\u00ebn e par\u00eb p\u00ebr krijimin e arterioskleroz\u00ebs.<\/li>\n<li>\u00cbsht\u00eb ideal p\u00ebr diabetik\u00ebt, pasi ka nj\u00eb indeks relativisht t\u00eb ul\u00ebt glycemik.<\/li>\n<\/ul>\n<p><strong>Perdorimi:<\/strong><\/p>\n<p>Gj\u00ebja e par\u00eb q\u00eb duhet t\u00eb dim\u00eb rreth p\u00ebrdorimit t\u00eb tahinit \u00ebsht\u00eb : si gjalpi natyror i badiave, vajrat natyrore q\u00eb ndodhin n\u00eb tahini do t\u00eb ndahen, prej l\u00ebnd\u00ebve t\u00eb ngurta k\u00ebshtu planifikoni t\u00eb nxisni tahini tuaj mjaft kur e hapni at\u00eb fillimisht, pasi q\u00eb t\u00eb gjitha vajrat do t\u00eb jen\u00eb ne krye. Kjo \u00ebsht\u00eb nj\u00eb gj\u00eb e mir\u00eb, n\u00eb t\u00eb v\u00ebrtet\u00eb! Kjo do t\u00eb thot\u00eb se nuk ka aditiv\u00eb ose kimikate t\u00eb shtuar n\u00eb tahini tuaj p\u00ebr t\u00eb parandaluar at\u00eb nga ndarja!<\/p>\n<\/div>\n","protected":false},"excerpt":{"rendered":"<p>Tahini \u00ebsht\u00eb nj\u00eb salc\u00eb e b\u00ebr\u00eb nga farat e susamit. Esht\u00eb nj\u00eb ushqim me vlera t\u00eb larta ushqyese, \u00ebsht\u00eb i pasur me proteina, vitamina, minerale dhe acide yndyrore t\u00eb dobishme p\u00ebr funksionin e mir\u00eb t\u00eb organizmit.<\/p>\n","protected":false},"featured_media":6162,"comment_status":"open","ping_status":"closed","template":"","meta":{"_acf_changed":false,"inline_featured_image":false},"kategori-sipas-dietave":[92],"kategori-sipas-problemeve-shende":[86],"product_brand":[32],"product_cat":[61,26],"product_tag":[],"class_list":{"0":"post-6128","1":"product","2":"type-product","3":"status-publish","4":"has-post-thumbnail","6":"kategori-sipas-dietave-keto","7":"kategori-sipas-problemeve-shende-shendeti-i-kockave","8":"product_brand-bioagros","9":"product_cat-gjalp-bimore","10":"product_cat-ushqime-bio","12":"first","13":"instock","14":"taxable","15":"shipping-taxable","16":"purchasable","17":"product-type-simple"},"acf":[],"yoast_head":"<!-- This site is optimized with the Yoast SEO plugin v27.4 - https:\/\/yoast.com\/product\/yoast-seo-wordpress\/ -->\n<title>Tahini Bio-Organik I Certifikuar - Edesia<\/title>\n<meta name=\"robots\" content=\"index, follow, max-snippet:-1, max-image-preview:large, max-video-preview:-1\" \/>\n<link rel=\"canonical\" href=\"https:\/\/www.edesia.al\/?product=tahini-bio-organik-i-certifikuar\" \/>\n<meta property=\"og:locale\" content=\"en_US\" \/>\n<meta property=\"og:type\" content=\"article\" \/>\n<meta property=\"og:title\" content=\"Tahini Bio-Organik I Certifikuar - Edesia\" \/>\n<meta property=\"og:description\" content=\"Tahini \u00ebsht\u00eb nj\u00eb salc\u00eb e b\u00ebr\u00eb nga farat e susamit. Esht\u00eb nj\u00eb ushqim me vlera t\u00eb larta ushqyese, \u00ebsht\u00eb i pasur me proteina, vitamina, minerale dhe acide yndyrore t\u00eb dobishme p\u00ebr funksionin e mir\u00eb t\u00eb organizmit.\" \/>\n<meta property=\"og:url\" content=\"https:\/\/www.edesia.al\/?product=tahini-bio-organik-i-certifikuar\" \/>\n<meta property=\"og:site_name\" content=\"Edesia\" \/>\n<meta property=\"article:modified_time\" content=\"2026-02-20T21:05:47+00:00\" \/>\n<meta property=\"og:image\" content=\"https:\/\/www.edesia.al\/wp-content\/uploads\/2026\/02\/tahini500-1.png\" \/>\n\t<meta property=\"og:image:width\" content=\"593\" \/>\n\t<meta property=\"og:image:height\" content=\"593\" \/>\n\t<meta property=\"og:image:type\" content=\"image\/png\" \/>\n<meta name=\"twitter:card\" content=\"summary_large_image\" \/>\n<meta name=\"twitter:label1\" content=\"Est. reading time\" \/>\n\t<meta name=\"twitter:data1\" content=\"2 minutes\" \/>\n<script type=\"application\/ld+json\" class=\"yoast-schema-graph\">{\"@context\":\"https:\\\/\\\/schema.org\",\"@graph\":[{\"@type\":\"WebPage\",\"@id\":\"https:\\\/\\\/www.edesia.al\\\/?product=tahini-bio-organik-i-certifikuar\",\"url\":\"https:\\\/\\\/www.edesia.al\\\/?product=tahini-bio-organik-i-certifikuar\",\"name\":\"Tahini Bio-Organik I Certifikuar - Edesia\",\"isPartOf\":{\"@id\":\"https:\\\/\\\/www.edesia.al\\\/#website\"},\"primaryImageOfPage\":{\"@id\":\"https:\\\/\\\/www.edesia.al\\\/?product=tahini-bio-organik-i-certifikuar#primaryimage\"},\"image\":{\"@id\":\"https:\\\/\\\/www.edesia.al\\\/?product=tahini-bio-organik-i-certifikuar#primaryimage\"},\"thumbnailUrl\":\"https:\\\/\\\/www.edesia.al\\\/wp-content\\\/uploads\\\/2026\\\/02\\\/tahini500-1.png\",\"datePublished\":\"2026-02-16T21:05:25+00:00\",\"dateModified\":\"2026-02-20T21:05:47+00:00\",\"breadcrumb\":{\"@id\":\"https:\\\/\\\/www.edesia.al\\\/?product=tahini-bio-organik-i-certifikuar#breadcrumb\"},\"inLanguage\":\"en-US\",\"potentialAction\":[{\"@type\":\"ReadAction\",\"target\":[\"https:\\\/\\\/www.edesia.al\\\/?product=tahini-bio-organik-i-certifikuar\"]}]},{\"@type\":\"ImageObject\",\"inLanguage\":\"en-US\",\"@id\":\"https:\\\/\\\/www.edesia.al\\\/?product=tahini-bio-organik-i-certifikuar#primaryimage\",\"url\":\"https:\\\/\\\/www.edesia.al\\\/wp-content\\\/uploads\\\/2026\\\/02\\\/tahini500-1.png\",\"contentUrl\":\"https:\\\/\\\/www.edesia.al\\\/wp-content\\\/uploads\\\/2026\\\/02\\\/tahini500-1.png\",\"width\":593,\"height\":593},{\"@type\":\"BreadcrumbList\",\"@id\":\"https:\\\/\\\/www.edesia.al\\\/?product=tahini-bio-organik-i-certifikuar#breadcrumb\",\"itemListElement\":[{\"@type\":\"ListItem\",\"position\":1,\"name\":\"Home\",\"item\":\"https:\\\/\\\/www.edesia.al\\\/\"},{\"@type\":\"ListItem\",\"position\":2,\"name\":\"Dyqani\",\"item\":\"https:\\\/\\\/www.edesia.al\\\/?page_id=17\"},{\"@type\":\"ListItem\",\"position\":3,\"name\":\"Tahini Bio-Organik I Certifikuar\"}]},{\"@type\":\"WebSite\",\"@id\":\"https:\\\/\\\/www.edesia.al\\\/#website\",\"url\":\"https:\\\/\\\/www.edesia.al\\\/\",\"name\":\"Edesia\",\"description\":\"\",\"publisher\":{\"@id\":\"https:\\\/\\\/www.edesia.al\\\/#organization\"},\"potentialAction\":[{\"@type\":\"SearchAction\",\"target\":{\"@type\":\"EntryPoint\",\"urlTemplate\":\"https:\\\/\\\/www.edesia.al\\\/?s={search_term_string}\"},\"query-input\":{\"@type\":\"PropertyValueSpecification\",\"valueRequired\":true,\"valueName\":\"search_term_string\"}}],\"inLanguage\":\"en-US\"},{\"@type\":\"Organization\",\"@id\":\"https:\\\/\\\/www.edesia.al\\\/#organization\",\"name\":\"Edesia\",\"url\":\"https:\\\/\\\/www.edesia.al\\\/\",\"logo\":{\"@type\":\"ImageObject\",\"inLanguage\":\"en-US\",\"@id\":\"https:\\\/\\\/www.edesia.al\\\/#\\\/schema\\\/logo\\\/image\\\/\",\"url\":\"https:\\\/\\\/www.edesia.al\\\/wp-content\\\/uploads\\\/2026\\\/02\\\/Logo-Edesia-no-background.png\",\"contentUrl\":\"https:\\\/\\\/www.edesia.al\\\/wp-content\\\/uploads\\\/2026\\\/02\\\/Logo-Edesia-no-background.png\",\"width\":293,\"height\":158,\"caption\":\"Edesia\"},\"image\":{\"@id\":\"https:\\\/\\\/www.edesia.al\\\/#\\\/schema\\\/logo\\\/image\\\/\"}}]}<\/script>\n<!-- \/ Yoast SEO plugin. -->","yoast_head_json":{"title":"Tahini Bio-Organik I Certifikuar - Edesia","robots":{"index":"index","follow":"follow","max-snippet":"max-snippet:-1","max-image-preview":"max-image-preview:large","max-video-preview":"max-video-preview:-1"},"canonical":"https:\/\/www.edesia.al\/?product=tahini-bio-organik-i-certifikuar","og_locale":"en_US","og_type":"article","og_title":"Tahini Bio-Organik I Certifikuar - Edesia","og_description":"Tahini \u00ebsht\u00eb nj\u00eb salc\u00eb e b\u00ebr\u00eb nga farat e susamit. Esht\u00eb nj\u00eb ushqim me vlera t\u00eb larta ushqyese, \u00ebsht\u00eb i pasur me proteina, vitamina, minerale dhe acide yndyrore t\u00eb dobishme p\u00ebr funksionin e mir\u00eb t\u00eb organizmit.","og_url":"https:\/\/www.edesia.al\/?product=tahini-bio-organik-i-certifikuar","og_site_name":"Edesia","article_modified_time":"2026-02-20T21:05:47+00:00","og_image":[{"width":593,"height":593,"url":"https:\/\/www.edesia.al\/wp-content\/uploads\/2026\/02\/tahini500-1.png","type":"image\/png"}],"twitter_card":"summary_large_image","twitter_misc":{"Est. reading time":"2 minutes"},"schema":{"@context":"https:\/\/schema.org","@graph":[{"@type":"WebPage","@id":"https:\/\/www.edesia.al\/?product=tahini-bio-organik-i-certifikuar","url":"https:\/\/www.edesia.al\/?product=tahini-bio-organik-i-certifikuar","name":"Tahini Bio-Organik I Certifikuar - Edesia","isPartOf":{"@id":"https:\/\/www.edesia.al\/#website"},"primaryImageOfPage":{"@id":"https:\/\/www.edesia.al\/?product=tahini-bio-organik-i-certifikuar#primaryimage"},"image":{"@id":"https:\/\/www.edesia.al\/?product=tahini-bio-organik-i-certifikuar#primaryimage"},"thumbnailUrl":"https:\/\/www.edesia.al\/wp-content\/uploads\/2026\/02\/tahini500-1.png","datePublished":"2026-02-16T21:05:25+00:00","dateModified":"2026-02-20T21:05:47+00:00","breadcrumb":{"@id":"https:\/\/www.edesia.al\/?product=tahini-bio-organik-i-certifikuar#breadcrumb"},"inLanguage":"en-US","potentialAction":[{"@type":"ReadAction","target":["https:\/\/www.edesia.al\/?product=tahini-bio-organik-i-certifikuar"]}]},{"@type":"ImageObject","inLanguage":"en-US","@id":"https:\/\/www.edesia.al\/?product=tahini-bio-organik-i-certifikuar#primaryimage","url":"https:\/\/www.edesia.al\/wp-content\/uploads\/2026\/02\/tahini500-1.png","contentUrl":"https:\/\/www.edesia.al\/wp-content\/uploads\/2026\/02\/tahini500-1.png","width":593,"height":593},{"@type":"BreadcrumbList","@id":"https:\/\/www.edesia.al\/?product=tahini-bio-organik-i-certifikuar#breadcrumb","itemListElement":[{"@type":"ListItem","position":1,"name":"Home","item":"https:\/\/www.edesia.al\/"},{"@type":"ListItem","position":2,"name":"Dyqani","item":"https:\/\/www.edesia.al\/?page_id=17"},{"@type":"ListItem","position":3,"name":"Tahini Bio-Organik I Certifikuar"}]},{"@type":"WebSite","@id":"https:\/\/www.edesia.al\/#website","url":"https:\/\/www.edesia.al\/","name":"Edesia","description":"","publisher":{"@id":"https:\/\/www.edesia.al\/#organization"},"potentialAction":[{"@type":"SearchAction","target":{"@type":"EntryPoint","urlTemplate":"https:\/\/www.edesia.al\/?s={search_term_string}"},"query-input":{"@type":"PropertyValueSpecification","valueRequired":true,"valueName":"search_term_string"}}],"inLanguage":"en-US"},{"@type":"Organization","@id":"https:\/\/www.edesia.al\/#organization","name":"Edesia","url":"https:\/\/www.edesia.al\/","logo":{"@type":"ImageObject","inLanguage":"en-US","@id":"https:\/\/www.edesia.al\/#\/schema\/logo\/image\/","url":"https:\/\/www.edesia.al\/wp-content\/uploads\/2026\/02\/Logo-Edesia-no-background.png","contentUrl":"https:\/\/www.edesia.al\/wp-content\/uploads\/2026\/02\/Logo-Edesia-no-background.png","width":293,"height":158,"caption":"Edesia"},"image":{"@id":"https:\/\/www.edesia.al\/#\/schema\/logo\/image\/"}}]}},"_links":{"self":[{"href":"https:\/\/www.edesia.al\/index.php?rest_route=\/wp\/v2\/product\/6128","targetHints":{"allow":["GET"]}}],"collection":[{"href":"https:\/\/www.edesia.al\/index.php?rest_route=\/wp\/v2\/product"}],"about":[{"href":"https:\/\/www.edesia.al\/index.php?rest_route=\/wp\/v2\/types\/product"}],"replies":[{"embeddable":true,"href":"https:\/\/www.edesia.al\/index.php?rest_route=%2Fwp%2Fv2%2Fcomments&post=6128"}],"wp:featuredmedia":[{"embeddable":true,"href":"https:\/\/www.edesia.al\/index.php?rest_route=\/wp\/v2\/media\/6162"}],"wp:attachment":[{"href":"https:\/\/www.edesia.al\/index.php?rest_route=%2Fwp%2Fv2%2Fmedia&parent=6128"}],"wp:term":[{"taxonomy":"kategori-sipas-dietave","embeddable":true,"href":"https:\/\/www.edesia.al\/index.php?rest_route=%2Fwp%2Fv2%2Fkategori-sipas-dietave&post=6128"},{"taxonomy":"kategori-sipas-problemeve-shende","embeddable":true,"href":"https:\/\/www.edesia.al\/index.php?rest_route=%2Fwp%2Fv2%2Fkategori-sipas-problemeve-shende&post=6128"},{"taxonomy":"product_brand","embeddable":true,"href":"https:\/\/www.edesia.al\/index.php?rest_route=%2Fwp%2Fv2%2Fproduct_brand&post=6128"},{"taxonomy":"product_cat","embeddable":true,"href":"https:\/\/www.edesia.al\/index.php?rest_route=%2Fwp%2Fv2%2Fproduct_cat&post=6128"},{"taxonomy":"product_tag","embeddable":true,"href":"https:\/\/www.edesia.al\/index.php?rest_route=%2Fwp%2Fv2%2Fproduct_tag&post=6128"}],"curies":[{"name":"wp","href":"https:\/\/api.w.org\/{rel}","templated":true}]}}