{"id":6132,"date":"2026-02-16T21:05:25","date_gmt":"2026-02-16T21:05:25","guid":{"rendered":"https:\/\/www.edesia.al\/?post_type=product&#038;p=6132"},"modified":"2026-02-20T21:22:13","modified_gmt":"2026-02-20T21:22:13","slug":"gjalpe-kikiriku","status":"publish","type":"product","link":"https:\/\/www.edesia.al\/?product=gjalpe-kikiriku","title":{"rendered":"Gjalp\u00eb Kikiriku"},"content":{"rendered":"<h3>Gjalp\u00eb Kikiriku &#8211; 100% Bio Organik, I Certifikuar (250g)<\/h3>\n<p>Gjalpi i kikirikut \u00ebsht\u00eb nj\u00eb thesar n\u00eb dieten tuaj ditore. P\u00ebrmban vitamina, minerale t\u00eb dobishme dhe plot yndyrna t\u00eb sh\u00ebndetshme.<\/p>\n<h4>Perfitimet shendetsore te gjalpit te kikirikut:<\/h4>\n<ul>\n<li>Ndihmon p\u00ebr t\u00eb zvog\u00ebluar shanset e kancerit t\u00eb gjirit:<\/li>\n<\/ul>\n<p>Proteinat natyrale dhe yndyrnat n\u00eb kikirik\u00eb mund t\u00eb zvog\u00eblojn\u00eb ndjesh\u00ebm rrezikun e s\u00ebmundjeve t\u00eb gjirit si kanceri. Kjo u mb\u00ebshtet nga nj\u00eb studim q\u00eb u b\u00eb nga Fondacioni i K\u00ebrkimit t\u00eb Kancerit t\u00eb Gjirit dhe Instituti Komb\u00ebtar i Sh\u00ebndetit i Sh.B.A. Ushqimi i k\u00ebtij produkti \u00e7do dit\u00eb ka nj\u00eb efekt pozitiv n\u00eb trupin tuaj, dhe n\u00eb gjinjt\u00eb tuaj n\u00eb ve\u00e7anti. Pra, \u00a0n\u00ebse nuk jeni alergjik ndaj tij, sigurohuni q\u00eb ta shtoni n\u00eb menun\u00eb tuaj.<\/p>\n<ul>\n<li>Ndihmon n\u00eb humbjen e pesh\u00ebs:<\/li>\n<\/ul>\n<p>Rezulton se gjalpi i kikirikut \u00ebsht\u00eb hequr padrejt\u00ebsisht nga shum\u00eb plane diete, pasi ata e konsiderojn\u00eb tep\u00ebr t\u00eb yndyrsh\u00ebm. P\u00ebrkundrazi, gjalpi i kikirikut \u00ebsht\u00eb nj\u00eb burim i shk\u00eblqyesh\u00ebm i proteinave, fibrave dhe ushqimit. Ai nuk ndryshon nivelet e sheqerit n\u00eb gjak dhe gjithashtu i siguron trupit tuaj element\u00eb t\u00eb sh\u00ebndetsh\u00ebm. Konsumimi i 2 lug\u00eb, 2 her\u00eb n\u00eb jav\u00eb mund t\u00eb \u00e7oj\u00eb n\u00eb ulje t\u00eb pesh\u00ebs.<\/p>\n<ul>\n<li>Zvog\u00eblon nivelin e stresit:<\/li>\n<\/ul>\n<p>Ai p\u00ebrmban nj\u00eb sterol bimor \u2013 t\u00eb quajtur beta-sitosterol, i cili mund t\u00eb ndihmoj\u00eb n\u00eb normalizimin e niveleve t\u00eb kortizolit, t\u00eb hormonit t\u00eb stresit. Yndyrnat e tij t\u00eb sh\u00ebndetshme, antioksidant\u00ebt, hekuri, magnezi, kalciumi dhe vitamina C ju ndihmojn\u00eb t\u00eb kompensoni munges\u00ebn e k\u00ebtyre elementeve n\u00eb trupin tuaj, gj\u00eb q\u00eb do t\u2019ju b\u00ebj\u00eb t\u00eb ndiheni m\u00eb mir\u00eb. Gjithashtu, e kombinuar me ushqimin tuaj t\u00eb preferuar, do t\u00eb ket\u00eb nj\u00eb efekt edhe m\u00eb t\u00eb mir\u00eb n\u00eb gjendjen shpirt\u00ebrore.<\/p>\n<ul>\n<li>Promovon aktivitetin e trurit dhe forcon kujtes\u00ebn:<\/li>\n<\/ul>\n<p>Vitamina E, zinku, magnezi dhe niacina n\u00eb kikirik\u00eb mb\u00ebshtesin aktivitetin e trurit. Vitamina E \u00ebsht\u00eb gjithashtu n\u00eb gjendje t\u00eb forcoj\u00eb kujtes\u00ebn, ve\u00e7an\u00ebrisht p\u00ebr njer\u00ebzit e moshuar. Madje u zbulua se ndihmon p\u00ebr t\u00eb moderuar s\u00ebmundjen e Alzheimerit. Pra, nj\u00eb kavanoz me gjalp\u00eb kikiriku mund t\u00eb jet\u00eb nj\u00eb ide e mir\u00eb p\u00ebr gjysh\u00ebrit tuaj t\u00eb dashur!<\/p>\n<ul>\n<li>Ndihmon muskujt t\u00eb rikuperohen pas nj\u00eb st\u00ebrvitje:<\/li>\n<\/ul>\n<p>\u00cbsht\u00eb nj\u00eb ushqim i shk\u00eblqyesh\u00ebm para dhe pas st\u00ebrvitjes. Yndyrnat dhe karbohidratet e saj do t\u2019ju mbushin me energji t\u00eb mjaftueshme p\u00ebr t\u00eb gjith\u00eb st\u00ebrvitjen. \u00cbsht\u00eb gjithashtu i pasur me kalium i cili luan nj\u00eb rol kryesor n\u00eb sh\u00ebndetin e muskujve n\u00eb drejtim t\u00eb rikuperimit. P\u00ebr m\u00eb tep\u00ebr, mund t\u2019ju \u200b\u200bndaloj\u00eb t\u00eb keni dhimbje muskulore dhe dhimbje barku, k\u00ebshtu q\u00eb st\u00ebrvitja juaj do t\u00eb shnd\u00ebrrohet n\u00eb nj\u00eb k\u00ebnaq\u00ebsi.<\/p>\n<p>&nbsp;<\/p>\n<h4>Kujdes!<\/h4>\n<p>\u00cbsht\u00eb e r\u00ebnd\u00ebsishme q\u00eb gjalpi i kikirikut t\u00eb jet\u00eb 100% Bio Organik pa krip\u00eb dhe vajra t\u00eb shtuar.<\/p>\n<p>P\u00ebrsonat alergjik ndaj kikirikut nuk duhet ta konsumojn\u00eb at\u00eb.<\/p>\n","protected":false},"excerpt":{"rendered":"<p>Gjalp\u00eb Kikiriku &#8211; 100% Bio Organik, I Certifikuar (250g) Gjalpi i kikirikut \u00ebsht\u00eb nj\u00eb thesar n\u00eb dieten tuaj ditore. P\u00ebrmban vitamina, minerale t\u00eb dobishme dhe plot yndyrna t\u00eb sh\u00ebndetshme. Perfitimet shendetsore te gjalpit te kikirikut: Ndihmon p\u00ebr t\u00eb zvog\u00ebluar shanset e kancerit t\u00eb gjirit: Proteinat natyrale dhe yndyrnat n\u00eb kikirik\u00eb mund t\u00eb zvog\u00eblojn\u00eb ndjesh\u00ebm rrezikun[&#8230;]<\/p>\n","protected":false},"featured_media":6258,"comment_status":"open","ping_status":"closed","template":"","meta":{"_acf_changed":false,"inline_featured_image":false},"kategori-sipas-dietave":[91],"kategori-sipas-problemeve-shende":[],"product_brand":[32],"product_cat":[62,26],"product_tag":[],"class_list":{"0":"post-6132","1":"product","2":"type-product","3":"status-publish","4":"has-post-thumbnail","6":"kategori-sipas-dietave-high-protein","7":"product_brand-bioagros","8":"product_cat-gjalp-arroresh","9":"product_cat-ushqime-bio","11":"first","12":"instock","13":"taxable","14":"shipping-taxable","15":"purchasable","16":"product-type-simple"},"acf":[],"yoast_head":"<!-- This site is optimized with the Yoast SEO plugin v27.4 - https:\/\/yoast.com\/product\/yoast-seo-wordpress\/ -->\n<title>Gjalp\u00eb Kikiriku - Edesia<\/title>\n<meta name=\"robots\" content=\"index, follow, max-snippet:-1, max-image-preview:large, max-video-preview:-1\" \/>\n<link rel=\"canonical\" href=\"https:\/\/www.edesia.al\/?product=gjalpe-kikiriku\" \/>\n<meta property=\"og:locale\" content=\"en_US\" \/>\n<meta property=\"og:type\" content=\"article\" \/>\n<meta property=\"og:title\" content=\"Gjalp\u00eb Kikiriku - Edesia\" \/>\n<meta property=\"og:description\" content=\"Gjalp\u00eb Kikiriku &#8211; 100% Bio Organik, I Certifikuar (250g) Gjalpi i kikirikut \u00ebsht\u00eb nj\u00eb thesar n\u00eb dieten tuaj ditore. P\u00ebrmban vitamina, minerale t\u00eb dobishme dhe plot yndyrna t\u00eb sh\u00ebndetshme. Perfitimet shendetsore te gjalpit te kikirikut: Ndihmon p\u00ebr t\u00eb zvog\u00ebluar shanset e kancerit t\u00eb gjirit: Proteinat natyrale dhe yndyrnat n\u00eb kikirik\u00eb mund t\u00eb zvog\u00eblojn\u00eb ndjesh\u00ebm rrezikun[...]\" \/>\n<meta property=\"og:url\" content=\"https:\/\/www.edesia.al\/?product=gjalpe-kikiriku\" \/>\n<meta property=\"og:site_name\" content=\"Edesia\" \/>\n<meta property=\"article:modified_time\" content=\"2026-02-20T21:22:13+00:00\" \/>\n<meta property=\"og:image\" content=\"https:\/\/www.edesia.al\/wp-content\/uploads\/2026\/02\/Gjalpe-Kikiriku-1.png\" \/>\n\t<meta property=\"og:image:width\" content=\"593\" \/>\n\t<meta property=\"og:image:height\" content=\"593\" \/>\n\t<meta property=\"og:image:type\" content=\"image\/png\" \/>\n<meta name=\"twitter:card\" content=\"summary_large_image\" \/>\n<meta name=\"twitter:label1\" content=\"Est. reading time\" \/>\n\t<meta name=\"twitter:data1\" content=\"2 minutes\" \/>\n<script type=\"application\/ld+json\" class=\"yoast-schema-graph\">{\"@context\":\"https:\\\/\\\/schema.org\",\"@graph\":[{\"@type\":\"WebPage\",\"@id\":\"https:\\\/\\\/www.edesia.al\\\/?product=gjalpe-kikiriku\",\"url\":\"https:\\\/\\\/www.edesia.al\\\/?product=gjalpe-kikiriku\",\"name\":\"Gjalp\u00eb Kikiriku - Edesia\",\"isPartOf\":{\"@id\":\"https:\\\/\\\/www.edesia.al\\\/#website\"},\"primaryImageOfPage\":{\"@id\":\"https:\\\/\\\/www.edesia.al\\\/?product=gjalpe-kikiriku#primaryimage\"},\"image\":{\"@id\":\"https:\\\/\\\/www.edesia.al\\\/?product=gjalpe-kikiriku#primaryimage\"},\"thumbnailUrl\":\"https:\\\/\\\/www.edesia.al\\\/wp-content\\\/uploads\\\/2026\\\/02\\\/Gjalpe-Kikiriku-1.png\",\"datePublished\":\"2026-02-16T21:05:25+00:00\",\"dateModified\":\"2026-02-20T21:22:13+00:00\",\"breadcrumb\":{\"@id\":\"https:\\\/\\\/www.edesia.al\\\/?product=gjalpe-kikiriku#breadcrumb\"},\"inLanguage\":\"en-US\",\"potentialAction\":[{\"@type\":\"ReadAction\",\"target\":[\"https:\\\/\\\/www.edesia.al\\\/?product=gjalpe-kikiriku\"]}]},{\"@type\":\"ImageObject\",\"inLanguage\":\"en-US\",\"@id\":\"https:\\\/\\\/www.edesia.al\\\/?product=gjalpe-kikiriku#primaryimage\",\"url\":\"https:\\\/\\\/www.edesia.al\\\/wp-content\\\/uploads\\\/2026\\\/02\\\/Gjalpe-Kikiriku-1.png\",\"contentUrl\":\"https:\\\/\\\/www.edesia.al\\\/wp-content\\\/uploads\\\/2026\\\/02\\\/Gjalpe-Kikiriku-1.png\",\"width\":593,\"height\":593},{\"@type\":\"BreadcrumbList\",\"@id\":\"https:\\\/\\\/www.edesia.al\\\/?product=gjalpe-kikiriku#breadcrumb\",\"itemListElement\":[{\"@type\":\"ListItem\",\"position\":1,\"name\":\"Home\",\"item\":\"https:\\\/\\\/www.edesia.al\\\/\"},{\"@type\":\"ListItem\",\"position\":2,\"name\":\"Dyqani\",\"item\":\"https:\\\/\\\/www.edesia.al\\\/?page_id=17\"},{\"@type\":\"ListItem\",\"position\":3,\"name\":\"Gjalp\u00eb Kikiriku\"}]},{\"@type\":\"WebSite\",\"@id\":\"https:\\\/\\\/www.edesia.al\\\/#website\",\"url\":\"https:\\\/\\\/www.edesia.al\\\/\",\"name\":\"Edesia\",\"description\":\"\",\"publisher\":{\"@id\":\"https:\\\/\\\/www.edesia.al\\\/#organization\"},\"potentialAction\":[{\"@type\":\"SearchAction\",\"target\":{\"@type\":\"EntryPoint\",\"urlTemplate\":\"https:\\\/\\\/www.edesia.al\\\/?s={search_term_string}\"},\"query-input\":{\"@type\":\"PropertyValueSpecification\",\"valueRequired\":true,\"valueName\":\"search_term_string\"}}],\"inLanguage\":\"en-US\"},{\"@type\":\"Organization\",\"@id\":\"https:\\\/\\\/www.edesia.al\\\/#organization\",\"name\":\"Edesia\",\"url\":\"https:\\\/\\\/www.edesia.al\\\/\",\"logo\":{\"@type\":\"ImageObject\",\"inLanguage\":\"en-US\",\"@id\":\"https:\\\/\\\/www.edesia.al\\\/#\\\/schema\\\/logo\\\/image\\\/\",\"url\":\"https:\\\/\\\/www.edesia.al\\\/wp-content\\\/uploads\\\/2026\\\/02\\\/Logo-Edesia-no-background.png\",\"contentUrl\":\"https:\\\/\\\/www.edesia.al\\\/wp-content\\\/uploads\\\/2026\\\/02\\\/Logo-Edesia-no-background.png\",\"width\":293,\"height\":158,\"caption\":\"Edesia\"},\"image\":{\"@id\":\"https:\\\/\\\/www.edesia.al\\\/#\\\/schema\\\/logo\\\/image\\\/\"}}]}<\/script>\n<!-- \/ Yoast SEO plugin. -->","yoast_head_json":{"title":"Gjalp\u00eb Kikiriku - Edesia","robots":{"index":"index","follow":"follow","max-snippet":"max-snippet:-1","max-image-preview":"max-image-preview:large","max-video-preview":"max-video-preview:-1"},"canonical":"https:\/\/www.edesia.al\/?product=gjalpe-kikiriku","og_locale":"en_US","og_type":"article","og_title":"Gjalp\u00eb Kikiriku - Edesia","og_description":"Gjalp\u00eb Kikiriku &#8211; 100% Bio Organik, I Certifikuar (250g) Gjalpi i kikirikut \u00ebsht\u00eb nj\u00eb thesar n\u00eb dieten tuaj ditore. P\u00ebrmban vitamina, minerale t\u00eb dobishme dhe plot yndyrna t\u00eb sh\u00ebndetshme. Perfitimet shendetsore te gjalpit te kikirikut: Ndihmon p\u00ebr t\u00eb zvog\u00ebluar shanset e kancerit t\u00eb gjirit: Proteinat natyrale dhe yndyrnat n\u00eb kikirik\u00eb mund t\u00eb zvog\u00eblojn\u00eb ndjesh\u00ebm rrezikun[...]","og_url":"https:\/\/www.edesia.al\/?product=gjalpe-kikiriku","og_site_name":"Edesia","article_modified_time":"2026-02-20T21:22:13+00:00","og_image":[{"width":593,"height":593,"url":"https:\/\/www.edesia.al\/wp-content\/uploads\/2026\/02\/Gjalpe-Kikiriku-1.png","type":"image\/png"}],"twitter_card":"summary_large_image","twitter_misc":{"Est. reading time":"2 minutes"},"schema":{"@context":"https:\/\/schema.org","@graph":[{"@type":"WebPage","@id":"https:\/\/www.edesia.al\/?product=gjalpe-kikiriku","url":"https:\/\/www.edesia.al\/?product=gjalpe-kikiriku","name":"Gjalp\u00eb Kikiriku - Edesia","isPartOf":{"@id":"https:\/\/www.edesia.al\/#website"},"primaryImageOfPage":{"@id":"https:\/\/www.edesia.al\/?product=gjalpe-kikiriku#primaryimage"},"image":{"@id":"https:\/\/www.edesia.al\/?product=gjalpe-kikiriku#primaryimage"},"thumbnailUrl":"https:\/\/www.edesia.al\/wp-content\/uploads\/2026\/02\/Gjalpe-Kikiriku-1.png","datePublished":"2026-02-16T21:05:25+00:00","dateModified":"2026-02-20T21:22:13+00:00","breadcrumb":{"@id":"https:\/\/www.edesia.al\/?product=gjalpe-kikiriku#breadcrumb"},"inLanguage":"en-US","potentialAction":[{"@type":"ReadAction","target":["https:\/\/www.edesia.al\/?product=gjalpe-kikiriku"]}]},{"@type":"ImageObject","inLanguage":"en-US","@id":"https:\/\/www.edesia.al\/?product=gjalpe-kikiriku#primaryimage","url":"https:\/\/www.edesia.al\/wp-content\/uploads\/2026\/02\/Gjalpe-Kikiriku-1.png","contentUrl":"https:\/\/www.edesia.al\/wp-content\/uploads\/2026\/02\/Gjalpe-Kikiriku-1.png","width":593,"height":593},{"@type":"BreadcrumbList","@id":"https:\/\/www.edesia.al\/?product=gjalpe-kikiriku#breadcrumb","itemListElement":[{"@type":"ListItem","position":1,"name":"Home","item":"https:\/\/www.edesia.al\/"},{"@type":"ListItem","position":2,"name":"Dyqani","item":"https:\/\/www.edesia.al\/?page_id=17"},{"@type":"ListItem","position":3,"name":"Gjalp\u00eb Kikiriku"}]},{"@type":"WebSite","@id":"https:\/\/www.edesia.al\/#website","url":"https:\/\/www.edesia.al\/","name":"Edesia","description":"","publisher":{"@id":"https:\/\/www.edesia.al\/#organization"},"potentialAction":[{"@type":"SearchAction","target":{"@type":"EntryPoint","urlTemplate":"https:\/\/www.edesia.al\/?s={search_term_string}"},"query-input":{"@type":"PropertyValueSpecification","valueRequired":true,"valueName":"search_term_string"}}],"inLanguage":"en-US"},{"@type":"Organization","@id":"https:\/\/www.edesia.al\/#organization","name":"Edesia","url":"https:\/\/www.edesia.al\/","logo":{"@type":"ImageObject","inLanguage":"en-US","@id":"https:\/\/www.edesia.al\/#\/schema\/logo\/image\/","url":"https:\/\/www.edesia.al\/wp-content\/uploads\/2026\/02\/Logo-Edesia-no-background.png","contentUrl":"https:\/\/www.edesia.al\/wp-content\/uploads\/2026\/02\/Logo-Edesia-no-background.png","width":293,"height":158,"caption":"Edesia"},"image":{"@id":"https:\/\/www.edesia.al\/#\/schema\/logo\/image\/"}}]}},"_links":{"self":[{"href":"https:\/\/www.edesia.al\/index.php?rest_route=\/wp\/v2\/product\/6132","targetHints":{"allow":["GET"]}}],"collection":[{"href":"https:\/\/www.edesia.al\/index.php?rest_route=\/wp\/v2\/product"}],"about":[{"href":"https:\/\/www.edesia.al\/index.php?rest_route=\/wp\/v2\/types\/product"}],"replies":[{"embeddable":true,"href":"https:\/\/www.edesia.al\/index.php?rest_route=%2Fwp%2Fv2%2Fcomments&post=6132"}],"wp:featuredmedia":[{"embeddable":true,"href":"https:\/\/www.edesia.al\/index.php?rest_route=\/wp\/v2\/media\/6258"}],"wp:attachment":[{"href":"https:\/\/www.edesia.al\/index.php?rest_route=%2Fwp%2Fv2%2Fmedia&parent=6132"}],"wp:term":[{"taxonomy":"kategori-sipas-dietave","embeddable":true,"href":"https:\/\/www.edesia.al\/index.php?rest_route=%2Fwp%2Fv2%2Fkategori-sipas-dietave&post=6132"},{"taxonomy":"kategori-sipas-problemeve-shende","embeddable":true,"href":"https:\/\/www.edesia.al\/index.php?rest_route=%2Fwp%2Fv2%2Fkategori-sipas-problemeve-shende&post=6132"},{"taxonomy":"product_brand","embeddable":true,"href":"https:\/\/www.edesia.al\/index.php?rest_route=%2Fwp%2Fv2%2Fproduct_brand&post=6132"},{"taxonomy":"product_cat","embeddable":true,"href":"https:\/\/www.edesia.al\/index.php?rest_route=%2Fwp%2Fv2%2Fproduct_cat&post=6132"},{"taxonomy":"product_tag","embeddable":true,"href":"https:\/\/www.edesia.al\/index.php?rest_route=%2Fwp%2Fv2%2Fproduct_tag&post=6132"}],"curies":[{"name":"wp","href":"https:\/\/api.w.org\/{rel}","templated":true}]}}