{"id":6135,"date":"2026-02-16T21:05:26","date_gmt":"2026-02-16T21:05:26","guid":{"rendered":"https:\/\/www.edesia.al\/?post_type=product&#038;p=6135"},"modified":"2026-02-25T11:25:22","modified_gmt":"2026-02-25T11:25:22","slug":"tahini-me-cokollate","status":"publish","type":"product","link":"https:\/\/www.edesia.al\/?product=tahini-me-cokollate","title":{"rendered":"Tahini me \u00c7okollat\u00eb"},"content":{"rendered":"<h3>Tahini me \u00c7okollat\u00eb 190 g<\/h3>\n<p>Tahini \u00ebsht\u00eb nj\u00eb salc\u00eb e trash\u00eb ngjit\u00ebse e b\u00ebr\u00eb nga farat e susamit<strong>,<\/strong> me pak vaj t\u00eb p\u00ebrzjer\u00eb p\u00ebr ta b\u00ebr\u00eb at\u00eb konsistenc\u00ebn e duhur dhe zakonisht asgj\u00eb tjet\u00ebr. Tahini \u00ebsht\u00eb nj\u00eb far\u00eb pluhur far\u00eb susam, e ngjashme me gjalp\u00eb badiava n\u00eb cil\u00ebsi. \u00cbsht\u00eb nj\u00eb gjalp\u00eb i but\u00eb, me vaj dhe i pasur me kalcium.<\/p>\n<p>Disa nga p\u00ebrfitimet e Tahinit:<\/p>\n<ul>\n<li>Parandalon s\u00ebmundjet kardiovaskulare, s\u00ebmundjen e sheqerit dhe llojeve t\u00eb ndryshme t\u00eb kancerit.<\/li>\n<li>Lufton krijimin e radikaleve t\u00eb lira, q\u00eb lidhen me plakjen e qelizave t\u00eb trupit.<\/li>\n<li>Ul vlerat e kolesterolit n\u00eb gjak.<\/li>\n<li>P\u00ebr shkak t\u00eb lignaneve ndihmon n\u00eb rregullimin e presionit t\u00eb gjakut.<\/li>\n<li>Fal\u00eb komponent\u00ebve q\u00eb p\u00ebrmban, pengon oksidimin e acideve yndyrore n\u00eb trup, q\u00eb p\u00ebrb\u00ebn faz\u00ebn e par\u00eb p\u00ebr krijimin e arterioskleroz\u00ebs.<\/li>\n<li>\u00cbsht\u00eb ideal p\u00ebr diabetik\u00ebt, pasi ka nj\u00eb indeks relativisht t\u00eb ul\u00ebt glycemik.<\/li>\n<\/ul>\n<p>Tahini me \u00e7okollat\u00eb (10% \u00e7okollat\u00eb) \u00ebsht\u00eb nj\u00eb zgjedhje perfekte p\u00ebr f\u00ebmij\u00ebt si n\u00eb krepa, pancakes si dhe n\u00eb shum\u00eb receta t\u00eb ndryshme si p\u00ebr f\u00ebmij\u00eb dhe t\u00eb rritur.<\/p>\n","protected":false},"excerpt":{"rendered":"<p>Tahini me \u00c7okollat\u00eb 190 g Tahini \u00ebsht\u00eb nj\u00eb salc\u00eb e trash\u00eb ngjit\u00ebse e b\u00ebr\u00eb nga farat e susamit, me pak vaj t\u00eb p\u00ebrzjer\u00eb p\u00ebr ta b\u00ebr\u00eb at\u00eb konsistenc\u00ebn e duhur dhe zakonisht asgj\u00eb tjet\u00ebr. Tahini \u00ebsht\u00eb nj\u00eb far\u00eb pluhur far\u00eb susam, e ngjashme me gjalp\u00eb badiava n\u00eb cil\u00ebsi. \u00cbsht\u00eb nj\u00eb gjalp\u00eb i but\u00eb, me vaj[&#8230;]<\/p>\n","protected":false},"featured_media":7091,"comment_status":"open","ping_status":"closed","template":"","meta":{"_acf_changed":false,"inline_featured_image":false},"kategori-sipas-dietave":[89],"kategori-sipas-problemeve-shende":[86],"product_brand":[32],"product_cat":[62,61,26],"product_tag":[],"class_list":{"0":"post-6135","1":"product","2":"type-product","3":"status-publish","4":"has-post-thumbnail","6":"kategori-sipas-dietave-vegan","7":"kategori-sipas-problemeve-shende-shendeti-i-kockave","8":"product_brand-bioagros","9":"product_cat-gjalp-arroresh","10":"product_cat-gjalp-bimore","11":"product_cat-ushqime-bio","13":"first","14":"instock","15":"taxable","16":"shipping-taxable","17":"purchasable","18":"product-type-simple"},"acf":[],"yoast_head":"<!-- This site is optimized with the Yoast SEO plugin v27.4 - https:\/\/yoast.com\/product\/yoast-seo-wordpress\/ -->\n<title>Tahini me \u00c7okollat\u00eb - Edesia<\/title>\n<meta name=\"robots\" content=\"index, follow, max-snippet:-1, max-image-preview:large, max-video-preview:-1\" \/>\n<link rel=\"canonical\" href=\"https:\/\/www.edesia.al\/?product=tahini-me-cokollate\" \/>\n<meta property=\"og:locale\" content=\"en_US\" \/>\n<meta property=\"og:type\" content=\"article\" \/>\n<meta property=\"og:title\" content=\"Tahini me \u00c7okollat\u00eb - Edesia\" \/>\n<meta property=\"og:description\" content=\"Tahini me \u00c7okollat\u00eb 190 g Tahini \u00ebsht\u00eb nj\u00eb salc\u00eb e trash\u00eb ngjit\u00ebse e b\u00ebr\u00eb nga farat e susamit, me pak vaj t\u00eb p\u00ebrzjer\u00eb p\u00ebr ta b\u00ebr\u00eb at\u00eb konsistenc\u00ebn e duhur dhe zakonisht asgj\u00eb tjet\u00ebr. Tahini \u00ebsht\u00eb nj\u00eb far\u00eb pluhur far\u00eb susam, e ngjashme me gjalp\u00eb badiava n\u00eb cil\u00ebsi. \u00cbsht\u00eb nj\u00eb gjalp\u00eb i but\u00eb, me vaj[...]\" \/>\n<meta property=\"og:url\" content=\"https:\/\/www.edesia.al\/?product=tahini-me-cokollate\" \/>\n<meta property=\"og:site_name\" content=\"Edesia\" \/>\n<meta property=\"article:modified_time\" content=\"2026-02-25T11:25:22+00:00\" \/>\n<meta property=\"og:image\" content=\"https:\/\/www.edesia.al\/wp-content\/uploads\/2026\/02\/221029603-1.png\" \/>\n\t<meta property=\"og:image:width\" content=\"200\" \/>\n\t<meta property=\"og:image:height\" content=\"200\" \/>\n\t<meta property=\"og:image:type\" content=\"image\/png\" \/>\n<meta name=\"twitter:card\" content=\"summary_large_image\" \/>\n<meta name=\"twitter:label1\" content=\"Est. reading time\" \/>\n\t<meta name=\"twitter:data1\" content=\"1 minute\" \/>\n<script type=\"application\/ld+json\" class=\"yoast-schema-graph\">{\"@context\":\"https:\\\/\\\/schema.org\",\"@graph\":[{\"@type\":\"WebPage\",\"@id\":\"https:\\\/\\\/www.edesia.al\\\/?product=tahini-me-cokollate\",\"url\":\"https:\\\/\\\/www.edesia.al\\\/?product=tahini-me-cokollate\",\"name\":\"Tahini me \u00c7okollat\u00eb - Edesia\",\"isPartOf\":{\"@id\":\"https:\\\/\\\/www.edesia.al\\\/#website\"},\"primaryImageOfPage\":{\"@id\":\"https:\\\/\\\/www.edesia.al\\\/?product=tahini-me-cokollate#primaryimage\"},\"image\":{\"@id\":\"https:\\\/\\\/www.edesia.al\\\/?product=tahini-me-cokollate#primaryimage\"},\"thumbnailUrl\":\"https:\\\/\\\/www.edesia.al\\\/wp-content\\\/uploads\\\/2026\\\/02\\\/221029603-1.png\",\"datePublished\":\"2026-02-16T21:05:26+00:00\",\"dateModified\":\"2026-02-25T11:25:22+00:00\",\"breadcrumb\":{\"@id\":\"https:\\\/\\\/www.edesia.al\\\/?product=tahini-me-cokollate#breadcrumb\"},\"inLanguage\":\"en-US\",\"potentialAction\":[{\"@type\":\"ReadAction\",\"target\":[\"https:\\\/\\\/www.edesia.al\\\/?product=tahini-me-cokollate\"]}]},{\"@type\":\"ImageObject\",\"inLanguage\":\"en-US\",\"@id\":\"https:\\\/\\\/www.edesia.al\\\/?product=tahini-me-cokollate#primaryimage\",\"url\":\"https:\\\/\\\/www.edesia.al\\\/wp-content\\\/uploads\\\/2026\\\/02\\\/221029603-1.png\",\"contentUrl\":\"https:\\\/\\\/www.edesia.al\\\/wp-content\\\/uploads\\\/2026\\\/02\\\/221029603-1.png\",\"width\":200,\"height\":200},{\"@type\":\"BreadcrumbList\",\"@id\":\"https:\\\/\\\/www.edesia.al\\\/?product=tahini-me-cokollate#breadcrumb\",\"itemListElement\":[{\"@type\":\"ListItem\",\"position\":1,\"name\":\"Home\",\"item\":\"https:\\\/\\\/www.edesia.al\\\/\"},{\"@type\":\"ListItem\",\"position\":2,\"name\":\"Dyqani\",\"item\":\"https:\\\/\\\/www.edesia.al\\\/?page_id=17\"},{\"@type\":\"ListItem\",\"position\":3,\"name\":\"Tahini me \u00c7okollat\u00eb\"}]},{\"@type\":\"WebSite\",\"@id\":\"https:\\\/\\\/www.edesia.al\\\/#website\",\"url\":\"https:\\\/\\\/www.edesia.al\\\/\",\"name\":\"Edesia\",\"description\":\"\",\"publisher\":{\"@id\":\"https:\\\/\\\/www.edesia.al\\\/#organization\"},\"potentialAction\":[{\"@type\":\"SearchAction\",\"target\":{\"@type\":\"EntryPoint\",\"urlTemplate\":\"https:\\\/\\\/www.edesia.al\\\/?s={search_term_string}\"},\"query-input\":{\"@type\":\"PropertyValueSpecification\",\"valueRequired\":true,\"valueName\":\"search_term_string\"}}],\"inLanguage\":\"en-US\"},{\"@type\":\"Organization\",\"@id\":\"https:\\\/\\\/www.edesia.al\\\/#organization\",\"name\":\"Edesia\",\"url\":\"https:\\\/\\\/www.edesia.al\\\/\",\"logo\":{\"@type\":\"ImageObject\",\"inLanguage\":\"en-US\",\"@id\":\"https:\\\/\\\/www.edesia.al\\\/#\\\/schema\\\/logo\\\/image\\\/\",\"url\":\"https:\\\/\\\/www.edesia.al\\\/wp-content\\\/uploads\\\/2026\\\/02\\\/Logo-Edesia-no-background.png\",\"contentUrl\":\"https:\\\/\\\/www.edesia.al\\\/wp-content\\\/uploads\\\/2026\\\/02\\\/Logo-Edesia-no-background.png\",\"width\":293,\"height\":158,\"caption\":\"Edesia\"},\"image\":{\"@id\":\"https:\\\/\\\/www.edesia.al\\\/#\\\/schema\\\/logo\\\/image\\\/\"}}]}<\/script>\n<!-- \/ Yoast SEO plugin. -->","yoast_head_json":{"title":"Tahini me \u00c7okollat\u00eb - Edesia","robots":{"index":"index","follow":"follow","max-snippet":"max-snippet:-1","max-image-preview":"max-image-preview:large","max-video-preview":"max-video-preview:-1"},"canonical":"https:\/\/www.edesia.al\/?product=tahini-me-cokollate","og_locale":"en_US","og_type":"article","og_title":"Tahini me \u00c7okollat\u00eb - Edesia","og_description":"Tahini me \u00c7okollat\u00eb 190 g Tahini \u00ebsht\u00eb nj\u00eb salc\u00eb e trash\u00eb ngjit\u00ebse e b\u00ebr\u00eb nga farat e susamit, me pak vaj t\u00eb p\u00ebrzjer\u00eb p\u00ebr ta b\u00ebr\u00eb at\u00eb konsistenc\u00ebn e duhur dhe zakonisht asgj\u00eb tjet\u00ebr. Tahini \u00ebsht\u00eb nj\u00eb far\u00eb pluhur far\u00eb susam, e ngjashme me gjalp\u00eb badiava n\u00eb cil\u00ebsi. \u00cbsht\u00eb nj\u00eb gjalp\u00eb i but\u00eb, me vaj[...]","og_url":"https:\/\/www.edesia.al\/?product=tahini-me-cokollate","og_site_name":"Edesia","article_modified_time":"2026-02-25T11:25:22+00:00","og_image":[{"width":200,"height":200,"url":"https:\/\/www.edesia.al\/wp-content\/uploads\/2026\/02\/221029603-1.png","type":"image\/png"}],"twitter_card":"summary_large_image","twitter_misc":{"Est. reading time":"1 minute"},"schema":{"@context":"https:\/\/schema.org","@graph":[{"@type":"WebPage","@id":"https:\/\/www.edesia.al\/?product=tahini-me-cokollate","url":"https:\/\/www.edesia.al\/?product=tahini-me-cokollate","name":"Tahini me \u00c7okollat\u00eb - Edesia","isPartOf":{"@id":"https:\/\/www.edesia.al\/#website"},"primaryImageOfPage":{"@id":"https:\/\/www.edesia.al\/?product=tahini-me-cokollate#primaryimage"},"image":{"@id":"https:\/\/www.edesia.al\/?product=tahini-me-cokollate#primaryimage"},"thumbnailUrl":"https:\/\/www.edesia.al\/wp-content\/uploads\/2026\/02\/221029603-1.png","datePublished":"2026-02-16T21:05:26+00:00","dateModified":"2026-02-25T11:25:22+00:00","breadcrumb":{"@id":"https:\/\/www.edesia.al\/?product=tahini-me-cokollate#breadcrumb"},"inLanguage":"en-US","potentialAction":[{"@type":"ReadAction","target":["https:\/\/www.edesia.al\/?product=tahini-me-cokollate"]}]},{"@type":"ImageObject","inLanguage":"en-US","@id":"https:\/\/www.edesia.al\/?product=tahini-me-cokollate#primaryimage","url":"https:\/\/www.edesia.al\/wp-content\/uploads\/2026\/02\/221029603-1.png","contentUrl":"https:\/\/www.edesia.al\/wp-content\/uploads\/2026\/02\/221029603-1.png","width":200,"height":200},{"@type":"BreadcrumbList","@id":"https:\/\/www.edesia.al\/?product=tahini-me-cokollate#breadcrumb","itemListElement":[{"@type":"ListItem","position":1,"name":"Home","item":"https:\/\/www.edesia.al\/"},{"@type":"ListItem","position":2,"name":"Dyqani","item":"https:\/\/www.edesia.al\/?page_id=17"},{"@type":"ListItem","position":3,"name":"Tahini me \u00c7okollat\u00eb"}]},{"@type":"WebSite","@id":"https:\/\/www.edesia.al\/#website","url":"https:\/\/www.edesia.al\/","name":"Edesia","description":"","publisher":{"@id":"https:\/\/www.edesia.al\/#organization"},"potentialAction":[{"@type":"SearchAction","target":{"@type":"EntryPoint","urlTemplate":"https:\/\/www.edesia.al\/?s={search_term_string}"},"query-input":{"@type":"PropertyValueSpecification","valueRequired":true,"valueName":"search_term_string"}}],"inLanguage":"en-US"},{"@type":"Organization","@id":"https:\/\/www.edesia.al\/#organization","name":"Edesia","url":"https:\/\/www.edesia.al\/","logo":{"@type":"ImageObject","inLanguage":"en-US","@id":"https:\/\/www.edesia.al\/#\/schema\/logo\/image\/","url":"https:\/\/www.edesia.al\/wp-content\/uploads\/2026\/02\/Logo-Edesia-no-background.png","contentUrl":"https:\/\/www.edesia.al\/wp-content\/uploads\/2026\/02\/Logo-Edesia-no-background.png","width":293,"height":158,"caption":"Edesia"},"image":{"@id":"https:\/\/www.edesia.al\/#\/schema\/logo\/image\/"}}]}},"_links":{"self":[{"href":"https:\/\/www.edesia.al\/index.php?rest_route=\/wp\/v2\/product\/6135","targetHints":{"allow":["GET"]}}],"collection":[{"href":"https:\/\/www.edesia.al\/index.php?rest_route=\/wp\/v2\/product"}],"about":[{"href":"https:\/\/www.edesia.al\/index.php?rest_route=\/wp\/v2\/types\/product"}],"replies":[{"embeddable":true,"href":"https:\/\/www.edesia.al\/index.php?rest_route=%2Fwp%2Fv2%2Fcomments&post=6135"}],"wp:featuredmedia":[{"embeddable":true,"href":"https:\/\/www.edesia.al\/index.php?rest_route=\/wp\/v2\/media\/7091"}],"wp:attachment":[{"href":"https:\/\/www.edesia.al\/index.php?rest_route=%2Fwp%2Fv2%2Fmedia&parent=6135"}],"wp:term":[{"taxonomy":"kategori-sipas-dietave","embeddable":true,"href":"https:\/\/www.edesia.al\/index.php?rest_route=%2Fwp%2Fv2%2Fkategori-sipas-dietave&post=6135"},{"taxonomy":"kategori-sipas-problemeve-shende","embeddable":true,"href":"https:\/\/www.edesia.al\/index.php?rest_route=%2Fwp%2Fv2%2Fkategori-sipas-problemeve-shende&post=6135"},{"taxonomy":"product_brand","embeddable":true,"href":"https:\/\/www.edesia.al\/index.php?rest_route=%2Fwp%2Fv2%2Fproduct_brand&post=6135"},{"taxonomy":"product_cat","embeddable":true,"href":"https:\/\/www.edesia.al\/index.php?rest_route=%2Fwp%2Fv2%2Fproduct_cat&post=6135"},{"taxonomy":"product_tag","embeddable":true,"href":"https:\/\/www.edesia.al\/index.php?rest_route=%2Fwp%2Fv2%2Fproduct_tag&post=6135"}],"curies":[{"name":"wp","href":"https:\/\/api.w.org\/{rel}","templated":true}]}}