{"id":6169,"date":"2026-02-16T21:05:45","date_gmt":"2026-02-16T21:05:45","guid":{"rendered":"https:\/\/www.edesia.al\/?post_type=product&#038;p=6169"},"modified":"2026-02-20T21:08:17","modified_gmt":"2026-02-20T21:08:17","slug":"vaj-i-farave-te-lirit","status":"publish","type":"product","link":"https:\/\/www.edesia.al\/?product=vaj-i-farave-te-lirit","title":{"rendered":"Vaj I Farave Te Lirit"},"content":{"rendered":"<p><strong>Vaj I Farave Te Lirit &#8211; 100% Bio-Organik, I presuar n\u00eb t\u00eb ftoht\u00eb<\/strong><\/p>\n<p>Liri\u00a0 \u00ebsht\u00eb nj\u00eb lule me petale ngjyr\u00eb blu. Ky vaj natyral rekomandohet shum\u00eb p\u00ebr mir\u00ebqenie dhe ushqim t\u00eb trupit e konsiderohet t\u00eb jet\u00eb burimi m\u00eb i pasur n\u00eb natyr\u00eb me acide yndyrore omega-3 q\u00eb k\u00ebrkohen p\u00ebr sh\u00ebndetin e mir\u00eb t\u00eb gati secilit sistem trupor.<\/p>\n<p>&nbsp;<\/p>\n<p><strong>Benefitet sh\u00ebndetsore te vajit te farave te lirit:<\/strong><\/p>\n<ul>\n<li>K\u00ebrkimet tregojn\u00eb m\u00eb pak raste t\u00eb kancerit n\u00eb gji dhe n\u00eb zorr\u00eb t\u00eb trash n\u00eb popullata q\u00eb kan\u00eb sasi t\u00eb larta t\u00eb lignanit n\u00eb diet\u00ebn e tyre. Lini \u00ebsht\u00eb 100 her\u00eb m\u00eb i pasur me lignan se sa cilido drith\u00ebrat tjera.<\/li>\n<li>Studimet tregojn\u00eb se Acidet Yndyrore Omega-3 ndihmojn\u00eb n\u00eb uljen e kolesterines dhe triglicerideve t\u00eb gjakut, dhe parandalojn\u00eb mpiksjen e gjakut n\u00eb arterie, q\u00eb mund t\u00eb shpie te goditja n\u00eb tru, sulm ne zemer dhe tromboz\u00eb.<\/li>\n<li>Ndihmon trupin kund\u00ebr shtypjes se larte te gjakut, inflamacionit, mbajtjes s\u00eb ujit dhe funksionit t\u00eb ul\u00ebt imunitar.<\/li>\n<li>Shkurton koh\u00ebn e m\u00ebk\u00ebmbjes t\u00eb muskujve t\u00eb lodhur pas ushtrimeve.<\/li>\n<li>Shton prodhimin e energjis\u00eb e gjithashtu shton q\u00ebndrueshm\u00ebrin\u00eb (stamin\u00ebn).<\/li>\n<li>P\u00ebrshpejton sh\u00ebrimin e ndrydhjeve dhe t\u00eb mavijosjes.<\/li>\n<li>Rrit norm\u00ebn metabolike duke e b\u00ebr\u00eb m\u00eb t\u00eb leht\u00eb p\u00ebr t\u00eb djegur yndyr\u00ebn e tep\u00ebrt (dhjamin).<\/li>\n<li>P\u00ebrmir\u00ebson absorbimin e Kalciumit.<\/li>\n<li>Forcon thonjt\u00eb e duarve dhe t\u00eb k\u00ebmb\u00ebve.<\/li>\n<li>Mund t\u00eb p\u00ebrmir\u00ebsoj pamjen dhe perceptimin e ngjyrave.<\/li>\n<li>Shpesh p\u00ebrmir\u00ebson funksionimin e m\u00ebl\u00e7is\u00eb.<\/li>\n<li>Leht\u00ebson disa raste t\u00eb astm\u00ebs.<\/li>\n<li>Ndihmon n\u00eb trajtimin e ekzem\u00ebs, psoriasit dhe zbokthit.<\/li>\n<li>Leht\u00ebson simptomat e Artriti Reumatoid.<\/li>\n<li>Leht\u00ebson disa alergji<\/li>\n<li>Ndihmon n\u00eb parandalimin e arterioskleroz\u00ebs (akumulimit t\u00eb depozitave yndyrore brenda en\u00ebve t\u00eb gjakut, ve\u00e7an\u00ebrisht tek arteriet e m\u00ebdha dhe ato t\u00eb madh\u00ebsis\u00eb mesatare, q\u00eb shum\u00eb njer\u00ebz vuajn\u00eb prej saj gjat\u00eb procesit t\u00eb plakjes).<\/li>\n<li>Ul\u00eb shtypjen e lart\u00eb t\u00eb gjakut tek ata q\u00eb vuajn\u00eb nga hipertensioni.<\/li>\n<\/ul>\n<p><strong>P\u00ebrdorimi:<\/strong><\/p>\n<p>Doza ditore q\u00eb rekomandohet p\u00ebr shumic\u00ebn e njer\u00ebzve \u00ebsht\u00eb 5ml nj\u00eb her\u00eb deri 3 her\u00eb n\u00eb dit\u00eb. Edhe m\u00eb mir\u00eb do t\u00eb ishte n\u00ebse ushqimeve si buka dhe sallatat q\u00eb hani ju shtoni vaj lini. Mund te perdoret deri 10ml vaj lini n\u00eb dit\u00eb sigurt dhe pa efekte an\u00ebsore.<\/p>\n","protected":false},"excerpt":{"rendered":"<p>Vaji i lirit p\u00ebrmban acide yndyrore esenciale omega-6 dhe omega-9, Vitaminat B, potas, leitin, magnez, fiber, protein dhe zink, e gjithashtu ofron rreth 50% m\u00eb shum\u00eb omega-3 vaj se sa do t\u00eb mund t\u00eb marr\u00ebsh duke marr vaj peshku, plus nuk e ka shijen e tmerrshme ashtu sikur pasi te marresh vaj peshku.<\/p>\n","protected":false},"featured_media":6202,"comment_status":"open","ping_status":"closed","template":"","meta":{"_acf_changed":false,"inline_featured_image":false},"kategori-sipas-dietave":[89],"kategori-sipas-problemeve-shende":[84],"product_brand":[32],"product_cat":[26,41],"product_tag":[],"class_list":{"0":"post-6169","1":"product","2":"type-product","3":"status-publish","4":"has-post-thumbnail","6":"kategori-sipas-dietave-vegan","7":"kategori-sipas-problemeve-shende-suport-hormonal","8":"product_brand-bioagros","9":"product_cat-ushqime-bio","10":"product_cat-vajra-te-presuar-ne-te-ftohte","12":"first","13":"instock","14":"taxable","15":"shipping-taxable","16":"purchasable","17":"product-type-simple"},"acf":[],"yoast_head":"<!-- This site is optimized with the Yoast SEO plugin v27.4 - https:\/\/yoast.com\/product\/yoast-seo-wordpress\/ -->\n<title>Vaj I Farave Te Lirit - Edesia<\/title>\n<meta name=\"robots\" content=\"index, follow, max-snippet:-1, max-image-preview:large, max-video-preview:-1\" \/>\n<link rel=\"canonical\" href=\"https:\/\/www.edesia.al\/?product=vaj-i-farave-te-lirit\" \/>\n<meta property=\"og:locale\" content=\"en_US\" \/>\n<meta property=\"og:type\" content=\"article\" \/>\n<meta property=\"og:title\" content=\"Vaj I Farave Te Lirit - Edesia\" \/>\n<meta property=\"og:description\" content=\"Vaji i lirit p\u00ebrmban acide yndyrore esenciale omega-6 dhe omega-9, Vitaminat B, potas, leitin, magnez, fiber, protein dhe zink, e gjithashtu ofron rreth 50% m\u00eb shum\u00eb omega-3 vaj se sa do t\u00eb mund t\u00eb marr\u00ebsh duke marr vaj peshku, plus nuk e ka shijen e tmerrshme ashtu sikur pasi te marresh vaj peshku.\" \/>\n<meta property=\"og:url\" content=\"https:\/\/www.edesia.al\/?product=vaj-i-farave-te-lirit\" \/>\n<meta property=\"og:site_name\" content=\"Edesia\" \/>\n<meta property=\"article:modified_time\" content=\"2026-02-20T21:08:17+00:00\" \/>\n<meta property=\"og:image\" content=\"https:\/\/www.edesia.al\/wp-content\/uploads\/2026\/02\/vaj-i-farave-te-liri-1.jpg\" \/>\n\t<meta property=\"og:image:width\" content=\"800\" \/>\n\t<meta property=\"og:image:height\" content=\"800\" \/>\n\t<meta property=\"og:image:type\" content=\"image\/jpeg\" \/>\n<meta name=\"twitter:card\" content=\"summary_large_image\" \/>\n<meta name=\"twitter:label1\" content=\"Est. reading time\" \/>\n\t<meta name=\"twitter:data1\" content=\"2 minutes\" \/>\n<script type=\"application\/ld+json\" class=\"yoast-schema-graph\">{\"@context\":\"https:\\\/\\\/schema.org\",\"@graph\":[{\"@type\":\"WebPage\",\"@id\":\"https:\\\/\\\/www.edesia.al\\\/?product=vaj-i-farave-te-lirit\",\"url\":\"https:\\\/\\\/www.edesia.al\\\/?product=vaj-i-farave-te-lirit\",\"name\":\"Vaj I Farave Te Lirit - Edesia\",\"isPartOf\":{\"@id\":\"https:\\\/\\\/www.edesia.al\\\/#website\"},\"primaryImageOfPage\":{\"@id\":\"https:\\\/\\\/www.edesia.al\\\/?product=vaj-i-farave-te-lirit#primaryimage\"},\"image\":{\"@id\":\"https:\\\/\\\/www.edesia.al\\\/?product=vaj-i-farave-te-lirit#primaryimage\"},\"thumbnailUrl\":\"https:\\\/\\\/www.edesia.al\\\/wp-content\\\/uploads\\\/2026\\\/02\\\/vaj-i-farave-te-liri-1.jpg\",\"datePublished\":\"2026-02-16T21:05:45+00:00\",\"dateModified\":\"2026-02-20T21:08:17+00:00\",\"breadcrumb\":{\"@id\":\"https:\\\/\\\/www.edesia.al\\\/?product=vaj-i-farave-te-lirit#breadcrumb\"},\"inLanguage\":\"en-US\",\"potentialAction\":[{\"@type\":\"ReadAction\",\"target\":[\"https:\\\/\\\/www.edesia.al\\\/?product=vaj-i-farave-te-lirit\"]}]},{\"@type\":\"ImageObject\",\"inLanguage\":\"en-US\",\"@id\":\"https:\\\/\\\/www.edesia.al\\\/?product=vaj-i-farave-te-lirit#primaryimage\",\"url\":\"https:\\\/\\\/www.edesia.al\\\/wp-content\\\/uploads\\\/2026\\\/02\\\/vaj-i-farave-te-liri-1.jpg\",\"contentUrl\":\"https:\\\/\\\/www.edesia.al\\\/wp-content\\\/uploads\\\/2026\\\/02\\\/vaj-i-farave-te-liri-1.jpg\",\"width\":800,\"height\":800},{\"@type\":\"BreadcrumbList\",\"@id\":\"https:\\\/\\\/www.edesia.al\\\/?product=vaj-i-farave-te-lirit#breadcrumb\",\"itemListElement\":[{\"@type\":\"ListItem\",\"position\":1,\"name\":\"Home\",\"item\":\"https:\\\/\\\/www.edesia.al\\\/\"},{\"@type\":\"ListItem\",\"position\":2,\"name\":\"Dyqani\",\"item\":\"https:\\\/\\\/www.edesia.al\\\/?page_id=17\"},{\"@type\":\"ListItem\",\"position\":3,\"name\":\"Vaj I Farave Te Lirit\"}]},{\"@type\":\"WebSite\",\"@id\":\"https:\\\/\\\/www.edesia.al\\\/#website\",\"url\":\"https:\\\/\\\/www.edesia.al\\\/\",\"name\":\"Edesia\",\"description\":\"\",\"publisher\":{\"@id\":\"https:\\\/\\\/www.edesia.al\\\/#organization\"},\"potentialAction\":[{\"@type\":\"SearchAction\",\"target\":{\"@type\":\"EntryPoint\",\"urlTemplate\":\"https:\\\/\\\/www.edesia.al\\\/?s={search_term_string}\"},\"query-input\":{\"@type\":\"PropertyValueSpecification\",\"valueRequired\":true,\"valueName\":\"search_term_string\"}}],\"inLanguage\":\"en-US\"},{\"@type\":\"Organization\",\"@id\":\"https:\\\/\\\/www.edesia.al\\\/#organization\",\"name\":\"Edesia\",\"url\":\"https:\\\/\\\/www.edesia.al\\\/\",\"logo\":{\"@type\":\"ImageObject\",\"inLanguage\":\"en-US\",\"@id\":\"https:\\\/\\\/www.edesia.al\\\/#\\\/schema\\\/logo\\\/image\\\/\",\"url\":\"https:\\\/\\\/www.edesia.al\\\/wp-content\\\/uploads\\\/2026\\\/02\\\/Logo-Edesia-no-background.png\",\"contentUrl\":\"https:\\\/\\\/www.edesia.al\\\/wp-content\\\/uploads\\\/2026\\\/02\\\/Logo-Edesia-no-background.png\",\"width\":293,\"height\":158,\"caption\":\"Edesia\"},\"image\":{\"@id\":\"https:\\\/\\\/www.edesia.al\\\/#\\\/schema\\\/logo\\\/image\\\/\"}}]}<\/script>\n<!-- \/ Yoast SEO plugin. -->","yoast_head_json":{"title":"Vaj I Farave Te Lirit - Edesia","robots":{"index":"index","follow":"follow","max-snippet":"max-snippet:-1","max-image-preview":"max-image-preview:large","max-video-preview":"max-video-preview:-1"},"canonical":"https:\/\/www.edesia.al\/?product=vaj-i-farave-te-lirit","og_locale":"en_US","og_type":"article","og_title":"Vaj I Farave Te Lirit - Edesia","og_description":"Vaji i lirit p\u00ebrmban acide yndyrore esenciale omega-6 dhe omega-9, Vitaminat B, potas, leitin, magnez, fiber, protein dhe zink, e gjithashtu ofron rreth 50% m\u00eb shum\u00eb omega-3 vaj se sa do t\u00eb mund t\u00eb marr\u00ebsh duke marr vaj peshku, plus nuk e ka shijen e tmerrshme ashtu sikur pasi te marresh vaj peshku.","og_url":"https:\/\/www.edesia.al\/?product=vaj-i-farave-te-lirit","og_site_name":"Edesia","article_modified_time":"2026-02-20T21:08:17+00:00","og_image":[{"width":800,"height":800,"url":"https:\/\/www.edesia.al\/wp-content\/uploads\/2026\/02\/vaj-i-farave-te-liri-1.jpg","type":"image\/jpeg"}],"twitter_card":"summary_large_image","twitter_misc":{"Est. reading time":"2 minutes"},"schema":{"@context":"https:\/\/schema.org","@graph":[{"@type":"WebPage","@id":"https:\/\/www.edesia.al\/?product=vaj-i-farave-te-lirit","url":"https:\/\/www.edesia.al\/?product=vaj-i-farave-te-lirit","name":"Vaj I Farave Te Lirit - Edesia","isPartOf":{"@id":"https:\/\/www.edesia.al\/#website"},"primaryImageOfPage":{"@id":"https:\/\/www.edesia.al\/?product=vaj-i-farave-te-lirit#primaryimage"},"image":{"@id":"https:\/\/www.edesia.al\/?product=vaj-i-farave-te-lirit#primaryimage"},"thumbnailUrl":"https:\/\/www.edesia.al\/wp-content\/uploads\/2026\/02\/vaj-i-farave-te-liri-1.jpg","datePublished":"2026-02-16T21:05:45+00:00","dateModified":"2026-02-20T21:08:17+00:00","breadcrumb":{"@id":"https:\/\/www.edesia.al\/?product=vaj-i-farave-te-lirit#breadcrumb"},"inLanguage":"en-US","potentialAction":[{"@type":"ReadAction","target":["https:\/\/www.edesia.al\/?product=vaj-i-farave-te-lirit"]}]},{"@type":"ImageObject","inLanguage":"en-US","@id":"https:\/\/www.edesia.al\/?product=vaj-i-farave-te-lirit#primaryimage","url":"https:\/\/www.edesia.al\/wp-content\/uploads\/2026\/02\/vaj-i-farave-te-liri-1.jpg","contentUrl":"https:\/\/www.edesia.al\/wp-content\/uploads\/2026\/02\/vaj-i-farave-te-liri-1.jpg","width":800,"height":800},{"@type":"BreadcrumbList","@id":"https:\/\/www.edesia.al\/?product=vaj-i-farave-te-lirit#breadcrumb","itemListElement":[{"@type":"ListItem","position":1,"name":"Home","item":"https:\/\/www.edesia.al\/"},{"@type":"ListItem","position":2,"name":"Dyqani","item":"https:\/\/www.edesia.al\/?page_id=17"},{"@type":"ListItem","position":3,"name":"Vaj I Farave Te Lirit"}]},{"@type":"WebSite","@id":"https:\/\/www.edesia.al\/#website","url":"https:\/\/www.edesia.al\/","name":"Edesia","description":"","publisher":{"@id":"https:\/\/www.edesia.al\/#organization"},"potentialAction":[{"@type":"SearchAction","target":{"@type":"EntryPoint","urlTemplate":"https:\/\/www.edesia.al\/?s={search_term_string}"},"query-input":{"@type":"PropertyValueSpecification","valueRequired":true,"valueName":"search_term_string"}}],"inLanguage":"en-US"},{"@type":"Organization","@id":"https:\/\/www.edesia.al\/#organization","name":"Edesia","url":"https:\/\/www.edesia.al\/","logo":{"@type":"ImageObject","inLanguage":"en-US","@id":"https:\/\/www.edesia.al\/#\/schema\/logo\/image\/","url":"https:\/\/www.edesia.al\/wp-content\/uploads\/2026\/02\/Logo-Edesia-no-background.png","contentUrl":"https:\/\/www.edesia.al\/wp-content\/uploads\/2026\/02\/Logo-Edesia-no-background.png","width":293,"height":158,"caption":"Edesia"},"image":{"@id":"https:\/\/www.edesia.al\/#\/schema\/logo\/image\/"}}]}},"_links":{"self":[{"href":"https:\/\/www.edesia.al\/index.php?rest_route=\/wp\/v2\/product\/6169","targetHints":{"allow":["GET"]}}],"collection":[{"href":"https:\/\/www.edesia.al\/index.php?rest_route=\/wp\/v2\/product"}],"about":[{"href":"https:\/\/www.edesia.al\/index.php?rest_route=\/wp\/v2\/types\/product"}],"replies":[{"embeddable":true,"href":"https:\/\/www.edesia.al\/index.php?rest_route=%2Fwp%2Fv2%2Fcomments&post=6169"}],"wp:featuredmedia":[{"embeddable":true,"href":"https:\/\/www.edesia.al\/index.php?rest_route=\/wp\/v2\/media\/6202"}],"wp:attachment":[{"href":"https:\/\/www.edesia.al\/index.php?rest_route=%2Fwp%2Fv2%2Fmedia&parent=6169"}],"wp:term":[{"taxonomy":"kategori-sipas-dietave","embeddable":true,"href":"https:\/\/www.edesia.al\/index.php?rest_route=%2Fwp%2Fv2%2Fkategori-sipas-dietave&post=6169"},{"taxonomy":"kategori-sipas-problemeve-shende","embeddable":true,"href":"https:\/\/www.edesia.al\/index.php?rest_route=%2Fwp%2Fv2%2Fkategori-sipas-problemeve-shende&post=6169"},{"taxonomy":"product_brand","embeddable":true,"href":"https:\/\/www.edesia.al\/index.php?rest_route=%2Fwp%2Fv2%2Fproduct_brand&post=6169"},{"taxonomy":"product_cat","embeddable":true,"href":"https:\/\/www.edesia.al\/index.php?rest_route=%2Fwp%2Fv2%2Fproduct_cat&post=6169"},{"taxonomy":"product_tag","embeddable":true,"href":"https:\/\/www.edesia.al\/index.php?rest_route=%2Fwp%2Fv2%2Fproduct_tag&post=6169"}],"curies":[{"name":"wp","href":"https:\/\/api.w.org\/{rel}","templated":true}]}}