{"id":6171,"date":"2026-02-16T21:05:46","date_gmt":"2026-02-16T21:05:46","guid":{"rendered":"https:\/\/www.edesia.al\/?post_type=product&#038;p=6171"},"modified":"2026-02-20T21:09:23","modified_gmt":"2026-02-20T21:09:23","slug":"uje-kokosi","status":"publish","type":"product","link":"https:\/\/www.edesia.al\/?product=uje-kokosi","title":{"rendered":"Uje Kokosi"},"content":{"rendered":"<h3>Uj\u00eb Kokosi Bio- Organik, I C\u00ebrtifikuar (330 ml)<\/h3>\n<div dir=\"auto\">Njer\u00ebzit pretendojn\u00eb se arra e kokosit ka nj\u00eb efekt thuajse \u201cmagjik\u201d n\u00eb trupin e njeriut, me p\u00ebrfitime te shumta sh\u00ebndet\u00ebsore.<\/div>\n<h3 dir=\"auto\">Perfitimet shendetsore te ujit te kokosit:<\/h3>\n<ul>\n<li dir=\"auto\">Pirja e ujit t\u00eb kokosit forcon sistemin tuaj imunitar dhe eliminon bakteret q\u00eb shkaktojn\u00eb infeksionet e traktit urinar, gonorrea, s\u00ebmundje \u00e7am\u00e7ak\u00ebz, si dhe viruset q\u00eb shkaktojn\u00eb ftohjet, s\u00ebmundjet ngjit\u00ebse dhe tifo.<\/li>\n<\/ul>\n<div dir=\"auto\">\n<ul>\n<li dir=\"auto\">Rrite energjin\u00eb tuaj, mb\u00ebshtet hormonet tiroide dhe funksionin e veshkave. Ai do t\u00eb pastroj\u00eb traktit urinar dhe kanalet e fshik\u00ebz\u00ebs s\u00eb urin\u00ebs dhe eliminimin toksinat nga trupi. Uji i arr\u00ebs s\u00eb kokosit ndihmon p\u00ebr gur\u00ebt n\u00eb veshka duke e holluar urin\u00ebn n\u00eb m\u00ebnyr\u00eb q\u00eb kimikatet e ndryshme n\u00eb veshka si, kalcium, fosfateve, acidi i urin\u00ebs, etj t\u00eb pak\u00ebsohen.<\/li>\n<li dir=\"auto\">P\u00ebr shkak t\u00eb fibr\u00ebs dietike, ai \u00ebsht\u00eb gjithashtu i dobish\u00ebm p\u00ebr tretje. Pirja rregullisht e ujit t\u00eb koskosit ndihmon n\u00eb eliminimin e acidit t\u00eb stomakut. Ai ndihmon njer\u00ebzit t\u00eb humbin pesh\u00eb edhe pse n\u00eb r\u00ebnien e nivelit t\u00eb oreksit.<\/li>\n<li dir=\"auto\">N\u00ebse keni pu\u00e7rra n\u00eb fytyr\u00eb, l\u00ebkur\u00eb yndyrore ose t\u00eb that\u00eb, ajo q\u00eb duhet t\u00eb b\u00ebni, \u00ebsht\u00eb q\u00eb t\u00eb thithni me pambuk ujin e kokosit dhe ta aplikoni at\u00eb direkt n\u00eb zon\u00ebn e prekur dhe ai do t\u00eb mbaj\u00eb t\u00eb hapur poret. N\u00ebse p\u00ebrzjeni ujin e kokosit me vaj ulliri, ju mund t\u00eb pastroni trupin dhe p\u00ebr t\u00eb eleminuar parazit\u00ebt e zorr\u00ebve.<\/li>\n<li dir=\"auto\">Shum\u00eb ekspert\u00eb thon\u00eb se shum\u00eb probleme sh\u00ebndet\u00ebsore gjat\u00eb shtatz\u00ebnis\u00eb mund t\u00eb zgjidhen me ndihm\u00ebn e ujit t\u00eb kokosit. Grat\u00eb shtatz\u00ebna duhet t\u00eb pin\u00eb nj\u00eb got\u00eb uj\u00eb kokosi \u00e7do m\u00ebngjes p\u00ebr t\u00eb balancuar elektrolite p\u00ebr t\u00eb parandaluar hipertensionin (tensioni i lart\u00eb).<\/li>\n<li dir=\"auto\">\u00a0Gjithashtu, uji i kokosit do t\u2019ju ndihmoj\u00eb p\u00ebr t\u00eb rifituar energjin\u00eb tuaj pas aktiviteve fizike.<\/li>\n<\/ul>\n<h4>Perdorimi:<\/h4>\n<p>Nje gote uje kokosi ne dite eshte mjaftueshem per te balancuar dieten tuaj ditore.<\/p>\n<\/div>\n","protected":false},"excerpt":{"rendered":"<div dir=\"auto\">Uji i arr\u00ebs s\u00eb kokosit ka nj\u00eb struktur\u00eb praktike dhe n\u00eb p\u00ebrputhje me plazm\u00ebn e gjakut n\u00eb kuad\u00ebr t\u00eb qarkullimit t\u00eb gjakut t\u00eb njeriut. Ai ka qen\u00eb p\u00ebrdorur n\u00eb konfliktet e armatosura n\u00eb t\u00eb kaluar\u00ebn, si nj\u00eb z\u00ebvend\u00ebsim p\u00ebr gjakun e humbur dhe ka shp\u00ebtuar jet\u00eb t\u00eb shumta.<\/div>\n","protected":false},"featured_media":6204,"comment_status":"open","ping_status":"closed","template":"","meta":{"_acf_changed":false,"inline_featured_image":false},"kategori-sipas-dietave":[89],"kategori-sipas-problemeve-shende":[83],"product_brand":[32],"product_cat":[38,26],"product_tag":[],"class_list":{"0":"post-6171","1":"product","2":"type-product","3":"status-publish","4":"has-post-thumbnail","6":"kategori-sipas-dietave-vegan","7":"kategori-sipas-problemeve-shende-tretje-detox","8":"product_brand-bioagros","9":"product_cat-uje-dhe-lengje-ushqime-bio","10":"product_cat-ushqime-bio","12":"first","13":"outofstock","14":"taxable","15":"shipping-taxable","16":"purchasable","17":"product-type-simple"},"acf":[],"yoast_head":"<!-- This site is optimized with the Yoast SEO plugin v27.4 - https:\/\/yoast.com\/product\/yoast-seo-wordpress\/ -->\n<title>Uje Kokosi - Edesia<\/title>\n<meta name=\"robots\" content=\"index, follow, max-snippet:-1, max-image-preview:large, max-video-preview:-1\" \/>\n<link rel=\"canonical\" href=\"https:\/\/www.edesia.al\/?product=uje-kokosi\" \/>\n<meta property=\"og:locale\" content=\"en_US\" \/>\n<meta property=\"og:type\" content=\"article\" \/>\n<meta property=\"og:title\" content=\"Uje Kokosi - Edesia\" \/>\n<meta property=\"og:description\" content=\"Uji i arr\u00ebs s\u00eb kokosit ka nj\u00eb struktur\u00eb praktike dhe n\u00eb p\u00ebrputhje me plazm\u00ebn e gjakut n\u00eb kuad\u00ebr t\u00eb qarkullimit t\u00eb gjakut t\u00eb njeriut. Ai ka qen\u00eb p\u00ebrdorur n\u00eb konfliktet e armatosura n\u00eb t\u00eb kaluar\u00ebn, si nj\u00eb z\u00ebvend\u00ebsim p\u00ebr gjakun e humbur dhe ka shp\u00ebtuar jet\u00eb t\u00eb shumta.\" \/>\n<meta property=\"og:url\" content=\"https:\/\/www.edesia.al\/?product=uje-kokosi\" \/>\n<meta property=\"og:site_name\" content=\"Edesia\" \/>\n<meta property=\"article:modified_time\" content=\"2026-02-20T21:09:23+00:00\" \/>\n<meta property=\"og:image\" content=\"https:\/\/www.edesia.al\/wp-content\/uploads\/2026\/02\/uje-kokosi-1.png\" \/>\n\t<meta property=\"og:image:width\" content=\"350\" \/>\n\t<meta property=\"og:image:height\" content=\"610\" \/>\n\t<meta property=\"og:image:type\" content=\"image\/png\" \/>\n<meta name=\"twitter:card\" content=\"summary_large_image\" \/>\n<meta name=\"twitter:label1\" content=\"Est. reading time\" \/>\n\t<meta name=\"twitter:data1\" content=\"2 minutes\" \/>\n<script type=\"application\/ld+json\" class=\"yoast-schema-graph\">{\"@context\":\"https:\\\/\\\/schema.org\",\"@graph\":[{\"@type\":\"WebPage\",\"@id\":\"https:\\\/\\\/www.edesia.al\\\/?product=uje-kokosi\",\"url\":\"https:\\\/\\\/www.edesia.al\\\/?product=uje-kokosi\",\"name\":\"Uje Kokosi - Edesia\",\"isPartOf\":{\"@id\":\"https:\\\/\\\/www.edesia.al\\\/#website\"},\"primaryImageOfPage\":{\"@id\":\"https:\\\/\\\/www.edesia.al\\\/?product=uje-kokosi#primaryimage\"},\"image\":{\"@id\":\"https:\\\/\\\/www.edesia.al\\\/?product=uje-kokosi#primaryimage\"},\"thumbnailUrl\":\"https:\\\/\\\/www.edesia.al\\\/wp-content\\\/uploads\\\/2026\\\/02\\\/uje-kokosi-1.png\",\"datePublished\":\"2026-02-16T21:05:46+00:00\",\"dateModified\":\"2026-02-20T21:09:23+00:00\",\"breadcrumb\":{\"@id\":\"https:\\\/\\\/www.edesia.al\\\/?product=uje-kokosi#breadcrumb\"},\"inLanguage\":\"en-US\",\"potentialAction\":[{\"@type\":\"ReadAction\",\"target\":[\"https:\\\/\\\/www.edesia.al\\\/?product=uje-kokosi\"]}]},{\"@type\":\"ImageObject\",\"inLanguage\":\"en-US\",\"@id\":\"https:\\\/\\\/www.edesia.al\\\/?product=uje-kokosi#primaryimage\",\"url\":\"https:\\\/\\\/www.edesia.al\\\/wp-content\\\/uploads\\\/2026\\\/02\\\/uje-kokosi-1.png\",\"contentUrl\":\"https:\\\/\\\/www.edesia.al\\\/wp-content\\\/uploads\\\/2026\\\/02\\\/uje-kokosi-1.png\",\"width\":350,\"height\":610},{\"@type\":\"BreadcrumbList\",\"@id\":\"https:\\\/\\\/www.edesia.al\\\/?product=uje-kokosi#breadcrumb\",\"itemListElement\":[{\"@type\":\"ListItem\",\"position\":1,\"name\":\"Home\",\"item\":\"https:\\\/\\\/www.edesia.al\\\/\"},{\"@type\":\"ListItem\",\"position\":2,\"name\":\"Dyqani\",\"item\":\"https:\\\/\\\/www.edesia.al\\\/?page_id=17\"},{\"@type\":\"ListItem\",\"position\":3,\"name\":\"Uje Kokosi\"}]},{\"@type\":\"WebSite\",\"@id\":\"https:\\\/\\\/www.edesia.al\\\/#website\",\"url\":\"https:\\\/\\\/www.edesia.al\\\/\",\"name\":\"Edesia\",\"description\":\"\",\"publisher\":{\"@id\":\"https:\\\/\\\/www.edesia.al\\\/#organization\"},\"potentialAction\":[{\"@type\":\"SearchAction\",\"target\":{\"@type\":\"EntryPoint\",\"urlTemplate\":\"https:\\\/\\\/www.edesia.al\\\/?s={search_term_string}\"},\"query-input\":{\"@type\":\"PropertyValueSpecification\",\"valueRequired\":true,\"valueName\":\"search_term_string\"}}],\"inLanguage\":\"en-US\"},{\"@type\":\"Organization\",\"@id\":\"https:\\\/\\\/www.edesia.al\\\/#organization\",\"name\":\"Edesia\",\"url\":\"https:\\\/\\\/www.edesia.al\\\/\",\"logo\":{\"@type\":\"ImageObject\",\"inLanguage\":\"en-US\",\"@id\":\"https:\\\/\\\/www.edesia.al\\\/#\\\/schema\\\/logo\\\/image\\\/\",\"url\":\"https:\\\/\\\/www.edesia.al\\\/wp-content\\\/uploads\\\/2026\\\/02\\\/Logo-Edesia-no-background.png\",\"contentUrl\":\"https:\\\/\\\/www.edesia.al\\\/wp-content\\\/uploads\\\/2026\\\/02\\\/Logo-Edesia-no-background.png\",\"width\":293,\"height\":158,\"caption\":\"Edesia\"},\"image\":{\"@id\":\"https:\\\/\\\/www.edesia.al\\\/#\\\/schema\\\/logo\\\/image\\\/\"}}]}<\/script>\n<!-- \/ Yoast SEO plugin. -->","yoast_head_json":{"title":"Uje Kokosi - Edesia","robots":{"index":"index","follow":"follow","max-snippet":"max-snippet:-1","max-image-preview":"max-image-preview:large","max-video-preview":"max-video-preview:-1"},"canonical":"https:\/\/www.edesia.al\/?product=uje-kokosi","og_locale":"en_US","og_type":"article","og_title":"Uje Kokosi - Edesia","og_description":"Uji i arr\u00ebs s\u00eb kokosit ka nj\u00eb struktur\u00eb praktike dhe n\u00eb p\u00ebrputhje me plazm\u00ebn e gjakut n\u00eb kuad\u00ebr t\u00eb qarkullimit t\u00eb gjakut t\u00eb njeriut. Ai ka qen\u00eb p\u00ebrdorur n\u00eb konfliktet e armatosura n\u00eb t\u00eb kaluar\u00ebn, si nj\u00eb z\u00ebvend\u00ebsim p\u00ebr gjakun e humbur dhe ka shp\u00ebtuar jet\u00eb t\u00eb shumta.","og_url":"https:\/\/www.edesia.al\/?product=uje-kokosi","og_site_name":"Edesia","article_modified_time":"2026-02-20T21:09:23+00:00","og_image":[{"width":350,"height":610,"url":"https:\/\/www.edesia.al\/wp-content\/uploads\/2026\/02\/uje-kokosi-1.png","type":"image\/png"}],"twitter_card":"summary_large_image","twitter_misc":{"Est. reading time":"2 minutes"},"schema":{"@context":"https:\/\/schema.org","@graph":[{"@type":"WebPage","@id":"https:\/\/www.edesia.al\/?product=uje-kokosi","url":"https:\/\/www.edesia.al\/?product=uje-kokosi","name":"Uje Kokosi - Edesia","isPartOf":{"@id":"https:\/\/www.edesia.al\/#website"},"primaryImageOfPage":{"@id":"https:\/\/www.edesia.al\/?product=uje-kokosi#primaryimage"},"image":{"@id":"https:\/\/www.edesia.al\/?product=uje-kokosi#primaryimage"},"thumbnailUrl":"https:\/\/www.edesia.al\/wp-content\/uploads\/2026\/02\/uje-kokosi-1.png","datePublished":"2026-02-16T21:05:46+00:00","dateModified":"2026-02-20T21:09:23+00:00","breadcrumb":{"@id":"https:\/\/www.edesia.al\/?product=uje-kokosi#breadcrumb"},"inLanguage":"en-US","potentialAction":[{"@type":"ReadAction","target":["https:\/\/www.edesia.al\/?product=uje-kokosi"]}]},{"@type":"ImageObject","inLanguage":"en-US","@id":"https:\/\/www.edesia.al\/?product=uje-kokosi#primaryimage","url":"https:\/\/www.edesia.al\/wp-content\/uploads\/2026\/02\/uje-kokosi-1.png","contentUrl":"https:\/\/www.edesia.al\/wp-content\/uploads\/2026\/02\/uje-kokosi-1.png","width":350,"height":610},{"@type":"BreadcrumbList","@id":"https:\/\/www.edesia.al\/?product=uje-kokosi#breadcrumb","itemListElement":[{"@type":"ListItem","position":1,"name":"Home","item":"https:\/\/www.edesia.al\/"},{"@type":"ListItem","position":2,"name":"Dyqani","item":"https:\/\/www.edesia.al\/?page_id=17"},{"@type":"ListItem","position":3,"name":"Uje Kokosi"}]},{"@type":"WebSite","@id":"https:\/\/www.edesia.al\/#website","url":"https:\/\/www.edesia.al\/","name":"Edesia","description":"","publisher":{"@id":"https:\/\/www.edesia.al\/#organization"},"potentialAction":[{"@type":"SearchAction","target":{"@type":"EntryPoint","urlTemplate":"https:\/\/www.edesia.al\/?s={search_term_string}"},"query-input":{"@type":"PropertyValueSpecification","valueRequired":true,"valueName":"search_term_string"}}],"inLanguage":"en-US"},{"@type":"Organization","@id":"https:\/\/www.edesia.al\/#organization","name":"Edesia","url":"https:\/\/www.edesia.al\/","logo":{"@type":"ImageObject","inLanguage":"en-US","@id":"https:\/\/www.edesia.al\/#\/schema\/logo\/image\/","url":"https:\/\/www.edesia.al\/wp-content\/uploads\/2026\/02\/Logo-Edesia-no-background.png","contentUrl":"https:\/\/www.edesia.al\/wp-content\/uploads\/2026\/02\/Logo-Edesia-no-background.png","width":293,"height":158,"caption":"Edesia"},"image":{"@id":"https:\/\/www.edesia.al\/#\/schema\/logo\/image\/"}}]}},"_links":{"self":[{"href":"https:\/\/www.edesia.al\/index.php?rest_route=\/wp\/v2\/product\/6171","targetHints":{"allow":["GET"]}}],"collection":[{"href":"https:\/\/www.edesia.al\/index.php?rest_route=\/wp\/v2\/product"}],"about":[{"href":"https:\/\/www.edesia.al\/index.php?rest_route=\/wp\/v2\/types\/product"}],"replies":[{"embeddable":true,"href":"https:\/\/www.edesia.al\/index.php?rest_route=%2Fwp%2Fv2%2Fcomments&post=6171"}],"wp:featuredmedia":[{"embeddable":true,"href":"https:\/\/www.edesia.al\/index.php?rest_route=\/wp\/v2\/media\/6204"}],"wp:attachment":[{"href":"https:\/\/www.edesia.al\/index.php?rest_route=%2Fwp%2Fv2%2Fmedia&parent=6171"}],"wp:term":[{"taxonomy":"kategori-sipas-dietave","embeddable":true,"href":"https:\/\/www.edesia.al\/index.php?rest_route=%2Fwp%2Fv2%2Fkategori-sipas-dietave&post=6171"},{"taxonomy":"kategori-sipas-problemeve-shende","embeddable":true,"href":"https:\/\/www.edesia.al\/index.php?rest_route=%2Fwp%2Fv2%2Fkategori-sipas-problemeve-shende&post=6171"},{"taxonomy":"product_brand","embeddable":true,"href":"https:\/\/www.edesia.al\/index.php?rest_route=%2Fwp%2Fv2%2Fproduct_brand&post=6171"},{"taxonomy":"product_cat","embeddable":true,"href":"https:\/\/www.edesia.al\/index.php?rest_route=%2Fwp%2Fv2%2Fproduct_cat&post=6171"},{"taxonomy":"product_tag","embeddable":true,"href":"https:\/\/www.edesia.al\/index.php?rest_route=%2Fwp%2Fv2%2Fproduct_tag&post=6171"}],"curies":[{"name":"wp","href":"https:\/\/api.w.org\/{rel}","templated":true}]}}