{"id":6181,"date":"2026-02-16T21:05:47","date_gmt":"2026-02-16T21:05:47","guid":{"rendered":"https:\/\/www.edesia.al\/?post_type=product&#038;p=6181"},"modified":"2026-02-20T21:14:09","modified_gmt":"2026-02-20T21:14:09","slug":"vaj-i-farave-te-susami","status":"publish","type":"product","link":"https:\/\/www.edesia.al\/?product=vaj-i-farave-te-susami","title":{"rendered":"Vaj I Farave T\u00eb Susami"},"content":{"rendered":"<h3>Vaj I Farave T\u00eb Susami &#8211; 100% Bio Organik, I Presuar n\u00eb t\u00eb ftoht\u00eb (500ml)<\/h3>\n<p>Vajin e Susamit konsiderohet si \u201cmbreti i vajrave\u201d p\u00ebr benefitet e tij t\u00eb mrekullueshme p\u00ebr organizmin dhe dermo-estetik\u00ebn.<\/p>\n<h4>Benefitet sh\u00ebndetsore t\u00eb vajit t\u00eb farave t\u00eb susamit:<\/h4>\n<ul>\n<li>\u00a0Vler\u00ebsohet maksimalisht p\u00ebr veprimin e fuqish\u00ebm antibakterial, antimykotik dhe antiinflamator.<\/li>\n<li>Antioksidant i fuqish\u00ebm,vaji i susamit neutralizon radikalet e lira, duke e detoksifikuar organizmin.<\/li>\n<li>Ul nivelin kolesterolit t\u00eb keq n\u00eb gjak, parandalon s\u00ebmundjet kardiovaskulare.<\/li>\n<li>Susami \u00ebsht\u00eb nj\u00eb burim i mir\u00eb i vitaminave B kompleks, acidit folik, riboflavin\u00ebs, kalciumit, hekurit, manganit, zinkut, magnezit, selenit dhe bakrit, t\u00eb cilat kan\u00eb rol ky\u00e7 p\u00ebr kockat, ruajn\u00eb sh\u00ebndetin e qelizave t\u00eb kuqe t\u00eb gjakut, si dhe rregullojn\u00eb pun\u00ebn e muskujve dhe t\u00eb zemr\u00ebs, nd\u00ebrsa parandalojn\u00eb disa lloje kanceri (I zorr\u00ebs s\u00eb trash\u00eb, i prostates, i gjirit, i mushk\u00ebrive, i pankreasit dhe leu\u00e7emis\u00eb).<\/li>\n<li>\u00a0I shk\u00eblqyer p\u00ebr mir\u00ebfunksionimin e aparatit tret\u00ebs.<\/li>\n<li>Mbron dhe ushqen lekur\u00ebn, p\u00ebrdoret n\u00eb receta t\u00eb ndryshme p\u00ebr trajtimin e saj.<\/li>\n<li>Tirosina \u00ebsht\u00eb nj\u00eb amino-acid q\u00eb gjendet n\u00eb vajin e susamit, gj\u00eb q\u00eb lufton ankthin dhe depresionin.<\/li>\n<\/ul>\n<h4>P\u00ebrdorimi:<\/h4>\n<p>Vaj i farave t\u00eb susamit mund t\u00eb perdoret kudo n\u00eb salltra, sup\u00ebra apo dhe n\u00eb kos. Gjithashtu merret si kur\u00eb p\u00ebr problemet e r\u00ebnditura m\u00eb lart\u00eb, dy her\u00eb n\u00eb dit\u00eb n\u00eb m\u00ebngjes\u00a0 dhe\u00a0 n\u00eb dark\u00eb nga nj\u00eb lug\u00eb caji.<\/p>\n<p>&nbsp;<\/p>\n","protected":false},"excerpt":{"rendered":"<p>Susami \u00ebsht\u00eb nj\u00eb nga farat m\u00eb t\u00eb vjetra n\u00eb bot\u00eb me nj\u00eb histori mbi 5000-vje\u00e7are dhe p\u00ebr vetit\u00eb e m\u00ebdha sh\u00ebruese renditet p\u00ebrkrah me mjaltin, shafranin e Indis\u00eb, hudhr\u00ebn, xhenxhefilin etj<\/p>\n","protected":false},"featured_media":6213,"comment_status":"open","ping_status":"closed","template":"","meta":{"_acf_changed":false,"inline_featured_image":false},"kategori-sipas-dietave":[89],"kategori-sipas-problemeve-shende":[86],"product_brand":[32],"product_cat":[26,41],"product_tag":[],"class_list":{"0":"post-6181","1":"product","2":"type-product","3":"status-publish","4":"has-post-thumbnail","6":"kategori-sipas-dietave-vegan","7":"kategori-sipas-problemeve-shende-shendeti-i-kockave","8":"product_brand-bioagros","9":"product_cat-ushqime-bio","10":"product_cat-vajra-te-presuar-ne-te-ftohte","12":"first","13":"instock","14":"taxable","15":"shipping-taxable","16":"purchasable","17":"product-type-simple"},"acf":[],"yoast_head":"<!-- This site is optimized with the Yoast SEO plugin v27.4 - https:\/\/yoast.com\/product\/yoast-seo-wordpress\/ -->\n<title>Vaj I Farave T\u00eb Susami - Edesia<\/title>\n<meta name=\"robots\" content=\"index, follow, max-snippet:-1, max-image-preview:large, max-video-preview:-1\" \/>\n<link rel=\"canonical\" href=\"https:\/\/www.edesia.al\/?product=vaj-i-farave-te-susami\" \/>\n<meta property=\"og:locale\" content=\"en_US\" \/>\n<meta property=\"og:type\" content=\"article\" \/>\n<meta property=\"og:title\" content=\"Vaj I Farave T\u00eb Susami - Edesia\" \/>\n<meta property=\"og:description\" content=\"Susami \u00ebsht\u00eb nj\u00eb nga farat m\u00eb t\u00eb vjetra n\u00eb bot\u00eb me nj\u00eb histori mbi 5000-vje\u00e7are dhe p\u00ebr vetit\u00eb e m\u00ebdha sh\u00ebruese renditet p\u00ebrkrah me mjaltin, shafranin e Indis\u00eb, hudhr\u00ebn, xhenxhefilin etj\" \/>\n<meta property=\"og:url\" content=\"https:\/\/www.edesia.al\/?product=vaj-i-farave-te-susami\" \/>\n<meta property=\"og:site_name\" content=\"Edesia\" \/>\n<meta property=\"article:modified_time\" content=\"2026-02-20T21:14:09+00:00\" \/>\n<meta property=\"og:image\" content=\"https:\/\/www.edesia.al\/wp-content\/uploads\/2026\/02\/vaj-susami-1-1.jpg\" \/>\n\t<meta property=\"og:image:width\" content=\"300\" \/>\n\t<meta property=\"og:image:height\" content=\"300\" \/>\n\t<meta property=\"og:image:type\" content=\"image\/jpeg\" \/>\n<meta name=\"twitter:card\" content=\"summary_large_image\" \/>\n<meta name=\"twitter:label1\" content=\"Est. reading time\" \/>\n\t<meta name=\"twitter:data1\" content=\"1 minute\" \/>\n<script type=\"application\/ld+json\" class=\"yoast-schema-graph\">{\"@context\":\"https:\\\/\\\/schema.org\",\"@graph\":[{\"@type\":\"WebPage\",\"@id\":\"https:\\\/\\\/www.edesia.al\\\/?product=vaj-i-farave-te-susami\",\"url\":\"https:\\\/\\\/www.edesia.al\\\/?product=vaj-i-farave-te-susami\",\"name\":\"Vaj I Farave T\u00eb Susami - Edesia\",\"isPartOf\":{\"@id\":\"https:\\\/\\\/www.edesia.al\\\/#website\"},\"primaryImageOfPage\":{\"@id\":\"https:\\\/\\\/www.edesia.al\\\/?product=vaj-i-farave-te-susami#primaryimage\"},\"image\":{\"@id\":\"https:\\\/\\\/www.edesia.al\\\/?product=vaj-i-farave-te-susami#primaryimage\"},\"thumbnailUrl\":\"https:\\\/\\\/www.edesia.al\\\/wp-content\\\/uploads\\\/2026\\\/02\\\/vaj-susami-1-1.jpg\",\"datePublished\":\"2026-02-16T21:05:47+00:00\",\"dateModified\":\"2026-02-20T21:14:09+00:00\",\"breadcrumb\":{\"@id\":\"https:\\\/\\\/www.edesia.al\\\/?product=vaj-i-farave-te-susami#breadcrumb\"},\"inLanguage\":\"en-US\",\"potentialAction\":[{\"@type\":\"ReadAction\",\"target\":[\"https:\\\/\\\/www.edesia.al\\\/?product=vaj-i-farave-te-susami\"]}]},{\"@type\":\"ImageObject\",\"inLanguage\":\"en-US\",\"@id\":\"https:\\\/\\\/www.edesia.al\\\/?product=vaj-i-farave-te-susami#primaryimage\",\"url\":\"https:\\\/\\\/www.edesia.al\\\/wp-content\\\/uploads\\\/2026\\\/02\\\/vaj-susami-1-1.jpg\",\"contentUrl\":\"https:\\\/\\\/www.edesia.al\\\/wp-content\\\/uploads\\\/2026\\\/02\\\/vaj-susami-1-1.jpg\",\"width\":300,\"height\":300},{\"@type\":\"BreadcrumbList\",\"@id\":\"https:\\\/\\\/www.edesia.al\\\/?product=vaj-i-farave-te-susami#breadcrumb\",\"itemListElement\":[{\"@type\":\"ListItem\",\"position\":1,\"name\":\"Home\",\"item\":\"https:\\\/\\\/www.edesia.al\\\/\"},{\"@type\":\"ListItem\",\"position\":2,\"name\":\"Dyqani\",\"item\":\"https:\\\/\\\/www.edesia.al\\\/?page_id=17\"},{\"@type\":\"ListItem\",\"position\":3,\"name\":\"Vaj I Farave T\u00eb Susami\"}]},{\"@type\":\"WebSite\",\"@id\":\"https:\\\/\\\/www.edesia.al\\\/#website\",\"url\":\"https:\\\/\\\/www.edesia.al\\\/\",\"name\":\"Edesia\",\"description\":\"\",\"publisher\":{\"@id\":\"https:\\\/\\\/www.edesia.al\\\/#organization\"},\"potentialAction\":[{\"@type\":\"SearchAction\",\"target\":{\"@type\":\"EntryPoint\",\"urlTemplate\":\"https:\\\/\\\/www.edesia.al\\\/?s={search_term_string}\"},\"query-input\":{\"@type\":\"PropertyValueSpecification\",\"valueRequired\":true,\"valueName\":\"search_term_string\"}}],\"inLanguage\":\"en-US\"},{\"@type\":\"Organization\",\"@id\":\"https:\\\/\\\/www.edesia.al\\\/#organization\",\"name\":\"Edesia\",\"url\":\"https:\\\/\\\/www.edesia.al\\\/\",\"logo\":{\"@type\":\"ImageObject\",\"inLanguage\":\"en-US\",\"@id\":\"https:\\\/\\\/www.edesia.al\\\/#\\\/schema\\\/logo\\\/image\\\/\",\"url\":\"https:\\\/\\\/www.edesia.al\\\/wp-content\\\/uploads\\\/2026\\\/02\\\/Logo-Edesia-no-background.png\",\"contentUrl\":\"https:\\\/\\\/www.edesia.al\\\/wp-content\\\/uploads\\\/2026\\\/02\\\/Logo-Edesia-no-background.png\",\"width\":293,\"height\":158,\"caption\":\"Edesia\"},\"image\":{\"@id\":\"https:\\\/\\\/www.edesia.al\\\/#\\\/schema\\\/logo\\\/image\\\/\"}}]}<\/script>\n<!-- \/ Yoast SEO plugin. -->","yoast_head_json":{"title":"Vaj I Farave T\u00eb Susami - Edesia","robots":{"index":"index","follow":"follow","max-snippet":"max-snippet:-1","max-image-preview":"max-image-preview:large","max-video-preview":"max-video-preview:-1"},"canonical":"https:\/\/www.edesia.al\/?product=vaj-i-farave-te-susami","og_locale":"en_US","og_type":"article","og_title":"Vaj I Farave T\u00eb Susami - Edesia","og_description":"Susami \u00ebsht\u00eb nj\u00eb nga farat m\u00eb t\u00eb vjetra n\u00eb bot\u00eb me nj\u00eb histori mbi 5000-vje\u00e7are dhe p\u00ebr vetit\u00eb e m\u00ebdha sh\u00ebruese renditet p\u00ebrkrah me mjaltin, shafranin e Indis\u00eb, hudhr\u00ebn, xhenxhefilin etj","og_url":"https:\/\/www.edesia.al\/?product=vaj-i-farave-te-susami","og_site_name":"Edesia","article_modified_time":"2026-02-20T21:14:09+00:00","og_image":[{"width":300,"height":300,"url":"https:\/\/www.edesia.al\/wp-content\/uploads\/2026\/02\/vaj-susami-1-1.jpg","type":"image\/jpeg"}],"twitter_card":"summary_large_image","twitter_misc":{"Est. reading time":"1 minute"},"schema":{"@context":"https:\/\/schema.org","@graph":[{"@type":"WebPage","@id":"https:\/\/www.edesia.al\/?product=vaj-i-farave-te-susami","url":"https:\/\/www.edesia.al\/?product=vaj-i-farave-te-susami","name":"Vaj I Farave T\u00eb Susami - Edesia","isPartOf":{"@id":"https:\/\/www.edesia.al\/#website"},"primaryImageOfPage":{"@id":"https:\/\/www.edesia.al\/?product=vaj-i-farave-te-susami#primaryimage"},"image":{"@id":"https:\/\/www.edesia.al\/?product=vaj-i-farave-te-susami#primaryimage"},"thumbnailUrl":"https:\/\/www.edesia.al\/wp-content\/uploads\/2026\/02\/vaj-susami-1-1.jpg","datePublished":"2026-02-16T21:05:47+00:00","dateModified":"2026-02-20T21:14:09+00:00","breadcrumb":{"@id":"https:\/\/www.edesia.al\/?product=vaj-i-farave-te-susami#breadcrumb"},"inLanguage":"en-US","potentialAction":[{"@type":"ReadAction","target":["https:\/\/www.edesia.al\/?product=vaj-i-farave-te-susami"]}]},{"@type":"ImageObject","inLanguage":"en-US","@id":"https:\/\/www.edesia.al\/?product=vaj-i-farave-te-susami#primaryimage","url":"https:\/\/www.edesia.al\/wp-content\/uploads\/2026\/02\/vaj-susami-1-1.jpg","contentUrl":"https:\/\/www.edesia.al\/wp-content\/uploads\/2026\/02\/vaj-susami-1-1.jpg","width":300,"height":300},{"@type":"BreadcrumbList","@id":"https:\/\/www.edesia.al\/?product=vaj-i-farave-te-susami#breadcrumb","itemListElement":[{"@type":"ListItem","position":1,"name":"Home","item":"https:\/\/www.edesia.al\/"},{"@type":"ListItem","position":2,"name":"Dyqani","item":"https:\/\/www.edesia.al\/?page_id=17"},{"@type":"ListItem","position":3,"name":"Vaj I Farave T\u00eb Susami"}]},{"@type":"WebSite","@id":"https:\/\/www.edesia.al\/#website","url":"https:\/\/www.edesia.al\/","name":"Edesia","description":"","publisher":{"@id":"https:\/\/www.edesia.al\/#organization"},"potentialAction":[{"@type":"SearchAction","target":{"@type":"EntryPoint","urlTemplate":"https:\/\/www.edesia.al\/?s={search_term_string}"},"query-input":{"@type":"PropertyValueSpecification","valueRequired":true,"valueName":"search_term_string"}}],"inLanguage":"en-US"},{"@type":"Organization","@id":"https:\/\/www.edesia.al\/#organization","name":"Edesia","url":"https:\/\/www.edesia.al\/","logo":{"@type":"ImageObject","inLanguage":"en-US","@id":"https:\/\/www.edesia.al\/#\/schema\/logo\/image\/","url":"https:\/\/www.edesia.al\/wp-content\/uploads\/2026\/02\/Logo-Edesia-no-background.png","contentUrl":"https:\/\/www.edesia.al\/wp-content\/uploads\/2026\/02\/Logo-Edesia-no-background.png","width":293,"height":158,"caption":"Edesia"},"image":{"@id":"https:\/\/www.edesia.al\/#\/schema\/logo\/image\/"}}]}},"_links":{"self":[{"href":"https:\/\/www.edesia.al\/index.php?rest_route=\/wp\/v2\/product\/6181","targetHints":{"allow":["GET"]}}],"collection":[{"href":"https:\/\/www.edesia.al\/index.php?rest_route=\/wp\/v2\/product"}],"about":[{"href":"https:\/\/www.edesia.al\/index.php?rest_route=\/wp\/v2\/types\/product"}],"replies":[{"embeddable":true,"href":"https:\/\/www.edesia.al\/index.php?rest_route=%2Fwp%2Fv2%2Fcomments&post=6181"}],"wp:featuredmedia":[{"embeddable":true,"href":"https:\/\/www.edesia.al\/index.php?rest_route=\/wp\/v2\/media\/6213"}],"wp:attachment":[{"href":"https:\/\/www.edesia.al\/index.php?rest_route=%2Fwp%2Fv2%2Fmedia&parent=6181"}],"wp:term":[{"taxonomy":"kategori-sipas-dietave","embeddable":true,"href":"https:\/\/www.edesia.al\/index.php?rest_route=%2Fwp%2Fv2%2Fkategori-sipas-dietave&post=6181"},{"taxonomy":"kategori-sipas-problemeve-shende","embeddable":true,"href":"https:\/\/www.edesia.al\/index.php?rest_route=%2Fwp%2Fv2%2Fkategori-sipas-problemeve-shende&post=6181"},{"taxonomy":"product_brand","embeddable":true,"href":"https:\/\/www.edesia.al\/index.php?rest_route=%2Fwp%2Fv2%2Fproduct_brand&post=6181"},{"taxonomy":"product_cat","embeddable":true,"href":"https:\/\/www.edesia.al\/index.php?rest_route=%2Fwp%2Fv2%2Fproduct_cat&post=6181"},{"taxonomy":"product_tag","embeddable":true,"href":"https:\/\/www.edesia.al\/index.php?rest_route=%2Fwp%2Fv2%2Fproduct_tag&post=6181"}],"curies":[{"name":"wp","href":"https:\/\/api.w.org\/{rel}","templated":true}]}}