{"id":6184,"date":"2026-02-16T21:05:47","date_gmt":"2026-02-16T21:05:47","guid":{"rendered":"https:\/\/www.edesia.al\/?post_type=product&#038;p=6184"},"modified":"2026-02-20T21:14:54","modified_gmt":"2026-02-20T21:14:54","slug":"propolis","status":"publish","type":"product","link":"https:\/\/www.edesia.al\/?product=propolis","title":{"rendered":"Propolis"},"content":{"rendered":"<h3>Propolis &#8211; 100% Bio Organik , I Pa P\u00ebrzier (20ml)<\/h3>\n<p>Propolisi \u00ebsht\u00eb nj\u00eb substanc\u00eb rr\u00ebshinore q\u00eb blet\u00ebt mbledhin nga l\u00ebvoret e disa bim\u00ebve, t\u00eb tilla si plep, shelg, verr, lisi, ahu, g\u00ebshtenj\u00eb, etj. Edhe n\u00ebse blet\u00ebt ri-p\u00ebrpunojn\u00eb at\u00eb dhe e p\u00ebrziejn\u00eb at\u00eb me polen, dylli dhe enzimat e prodhuara nga organizmi i tyre, \u00ebsht\u00eb nj\u00eb substanc\u00eb krejt\u00ebsisht bimore. Ngjyra e saj mund t\u00eb ndryshoj\u00eb nga e verdha n\u00eb t\u00eb kuqe, deri n\u00eb kafe t\u00eb err\u00ebt dhe aroma, shum\u00eb e fort\u00eb, ndryshon n\u00eb var\u00ebsi t\u00eb bim\u00ebs nga e cila vjen.<\/p>\n<h4>Perfitime shendetsore te propolisit:<\/h4>\n<ul>\n<li>Antibiotik Natyral:<br \/>\nPropolisi \u00ebsht\u00eb nj\u00eb antibiotik natyral i fuqish\u00ebm. Ekspert\u00ebt kan\u00eb konfirmuar se p\u00ebrdorimi i propolisit ndihmon n\u00eb shkat\u00ebrrimin e shum\u00eb baktereve p\u00ebrgjegj\u00ebse p\u00ebr nj\u00eb s\u00ebr\u00eb infeksionesh q\u00eb trajtohen me v\u00ebshtir\u00ebsi. Ata sugjerojn\u00eb q\u00eb propolis t\u00eb shfryt\u00ebzohet p\u00ebr p\u00ebrgatitjen e ila\u00e7eve m\u00eb t\u00eb avancuara kund\u00ebr mikrobeve q\u00eb i rezistojn\u00eb antibiotik\u00ebve tradicional\u00eb.<\/li>\n<li>Sh\u00ebndeti Dentar:<br \/>\nPropolis \u00ebsht\u00eb fantastik p\u00ebr p\u00ebrmir\u00ebsimin e sh\u00ebndetit t\u00eb goj\u00ebs. Duke qen\u00eb se ai \u00ebsht\u00eb antibiotik i fuqish\u00ebm, pastron mishrat e dh\u00ebmb\u00ebve dhe vet\u00eb ato nga akumulimi i baktereve t\u00eb d\u00ebmshme.<\/li>\n<li>Imuniteti:<br \/>\nPropolisi p\u00ebrmir\u00ebson rigjenerimin e qelizave dhe forcon sistemin imunitar duke e furnizuar at\u00eb me flavonoid\u00eb. N\u00ebse imuniteti \u00ebsht\u00eb i dob\u00ebt, njeriu \u00ebsht\u00eb m\u00eb i predispozuar t\u00eb preket nga s\u00ebmundje serioze si\u00e7 \u00ebsht\u00eb kanceri.<\/li>\n<li>Ulja e Tensionit T\u00eb Gjakut:<br \/>\nKonsumi i propolisit ndihmon n\u00eb uljen e tensionit t\u00eb gjakut por edhe n\u00eb p\u00ebrmir\u00ebsimin e sh\u00ebndetit t\u00eb zemr\u00ebs. Ekspert\u00ebt thon\u00eb se kjo substanc\u00eb ndihmon n\u00eb mbajtjen n\u00ebn kontroll t\u00eb tensionit t\u00eb gjakut.<\/li>\n<li>Alergjit\u00eb:<br \/>\nNj\u00eb studim Brazilian ka zbuluar se konsumi i propolisit ka efekt n\u00eb zbutjen e simptomave t\u00eb alergjis\u00eb duke penguar \u00e7lirimin e histamin\u00ebs.<\/li>\n<li>Helmimi Nga Ushqimi:<br \/>\nEkspert\u00ebt thon\u00eb se propolisi duhet p\u00ebrdorur n\u00eb terapit\u00eb tradicionale kund\u00ebr infeksioneve por edhe helmimit nga ushqimi. Propolisi \u00ebsht\u00eb efikas sepse si\u00e7 e tham\u00eb m\u00eb lart ka nj\u00eb nivel t\u00eb lart\u00eb flavonoid\u00ebsh.<\/li>\n<li>Infeksionet e Veshit:<br \/>\nK\u00ebto infeksione jan\u00eb m\u00eb t\u00eb p\u00ebrhapura tek f\u00ebmij\u00ebt. Ekspert\u00ebt thon\u00eb se p\u00ebrdorimi i propolisit bashk\u00eb me zinkun ul rrezikun e infeksioneve t\u00eb veshit dhe nevoj\u00ebn p\u00ebr p\u00ebrdorimin e antibiotik\u00ebve.<\/li>\n<li>Sh\u00ebndeti I L\u00ebkur\u00ebs:<br \/>\nKleopatra e Egjipitit t\u00eb Lasht\u00eb ka qen\u00eb nj\u00eb prej p\u00ebrdoruesve m\u00eb fanatike t\u00eb propolisit. Ai p\u00ebrmir\u00ebson dhe zbut l\u00ebkur\u00ebn, p\u00ebrshpejton rritjen e qelizave dhe zhbllokon poret. Propolis \u00ebsht\u00eb efikas kund\u00ebr psoriaz\u00ebs por edhe ekzem\u00ebs.<\/li>\n<li>Infeksionet e Rrug\u00ebve T\u00eb Frym\u00ebmarrjes<br \/>\nStudimet tregojn\u00eb se kombinimi i propolisit me vitamin\u00ebn C mund t\u00eb parandaloj\u00eb\u00a0infeksionte e frym\u00ebmarrjes.<\/li>\n<\/ul>\n<h4>P\u00ebrdorimi:<\/h4>\n<p>Nuk duhet te perdoret per femijet nen nje vjec. Doza dhe koha e saj percaktohet nga mjeku kurues, ne varesi te semundjes. Esence e propolisit (50-100% perqendrim): 5-30 pika, tre here ne dite, me mjalte te holluar me uje ose me lemonade. Preferohet qe ajo te ruhet ne vende ku nuk deberton drita, dhe larg nxehtesise.<\/p>\n","protected":false},"excerpt":{"rendered":"<p>Shum\u00eb vlera terapeutike t\u00eb k\u00ebsaj substance kan\u00eb qen\u00eb t\u00eb njohura p\u00ebr shekuj dhe jan\u00eb provuar nga studimet moderne shkencore: n\u00eb t\u00eb gjenden disa p\u00ebrb\u00ebr\u00ebs aktiv\u00eb, vitamina, flavonoide (t\u00eb r\u00ebnd\u00ebsishme p\u00ebr forcimin e sistemit imunitar), aminoacidet dhe element\u00ebt gjurm\u00eb, p\u00ebrfshir\u00eb bakrin, zinkun,\u00a0 dhe hekur.<\/p>\n","protected":false},"featured_media":6216,"comment_status":"open","ping_status":"closed","template":"","meta":{"_acf_changed":false,"inline_featured_image":false},"kategori-sipas-dietave":[89],"kategori-sipas-problemeve-shende":[84],"product_brand":[35],"product_cat":[80,42],"product_tag":[],"class_list":{"0":"post-6184","1":"product","2":"type-product","3":"status-publish","4":"has-post-thumbnail","6":"kategori-sipas-dietave-vegan","7":"kategori-sipas-problemeve-shende-suport-hormonal","8":"product_brand-sonnentor-sh-p-k","9":"product_cat-suplemente-superfoods","10":"product_cat-suplemente-bio","12":"first","13":"instock","14":"taxable","15":"shipping-taxable","16":"purchasable","17":"product-type-simple"},"acf":[],"yoast_head":"<!-- This site is optimized with the Yoast SEO plugin v27.4 - https:\/\/yoast.com\/product\/yoast-seo-wordpress\/ -->\n<title>Propolis - Edesia<\/title>\n<meta name=\"robots\" content=\"index, follow, max-snippet:-1, max-image-preview:large, max-video-preview:-1\" \/>\n<link rel=\"canonical\" href=\"https:\/\/www.edesia.al\/?product=propolis\" \/>\n<meta property=\"og:locale\" content=\"en_US\" \/>\n<meta property=\"og:type\" content=\"article\" \/>\n<meta property=\"og:title\" content=\"Propolis - Edesia\" \/>\n<meta property=\"og:description\" content=\"Shum\u00eb vlera terapeutike t\u00eb k\u00ebsaj substance kan\u00eb qen\u00eb t\u00eb njohura p\u00ebr shekuj dhe jan\u00eb provuar nga studimet moderne shkencore: n\u00eb t\u00eb gjenden disa p\u00ebrb\u00ebr\u00ebs aktiv\u00eb, vitamina, flavonoide (t\u00eb r\u00ebnd\u00ebsishme p\u00ebr forcimin e sistemit imunitar), aminoacidet dhe element\u00ebt gjurm\u00eb, p\u00ebrfshir\u00eb bakrin, zinkun,\u00a0 dhe hekur.\" \/>\n<meta property=\"og:url\" content=\"https:\/\/www.edesia.al\/?product=propolis\" \/>\n<meta property=\"og:site_name\" content=\"Edesia\" \/>\n<meta property=\"article:modified_time\" content=\"2026-02-20T21:14:54+00:00\" \/>\n<meta property=\"og:image\" content=\"https:\/\/www.edesia.al\/wp-content\/uploads\/2026\/02\/propolis-1-1.jpg\" \/>\n\t<meta property=\"og:image:width\" content=\"300\" \/>\n\t<meta property=\"og:image:height\" content=\"300\" \/>\n\t<meta property=\"og:image:type\" content=\"image\/jpeg\" \/>\n<meta name=\"twitter:card\" content=\"summary_large_image\" \/>\n<meta name=\"twitter:label1\" content=\"Est. reading time\" \/>\n\t<meta name=\"twitter:data1\" content=\"3 minutes\" \/>\n<script type=\"application\/ld+json\" class=\"yoast-schema-graph\">{\"@context\":\"https:\\\/\\\/schema.org\",\"@graph\":[{\"@type\":\"WebPage\",\"@id\":\"https:\\\/\\\/www.edesia.al\\\/?product=propolis\",\"url\":\"https:\\\/\\\/www.edesia.al\\\/?product=propolis\",\"name\":\"Propolis - Edesia\",\"isPartOf\":{\"@id\":\"https:\\\/\\\/www.edesia.al\\\/#website\"},\"primaryImageOfPage\":{\"@id\":\"https:\\\/\\\/www.edesia.al\\\/?product=propolis#primaryimage\"},\"image\":{\"@id\":\"https:\\\/\\\/www.edesia.al\\\/?product=propolis#primaryimage\"},\"thumbnailUrl\":\"https:\\\/\\\/www.edesia.al\\\/wp-content\\\/uploads\\\/2026\\\/02\\\/propolis-1-1.jpg\",\"datePublished\":\"2026-02-16T21:05:47+00:00\",\"dateModified\":\"2026-02-20T21:14:54+00:00\",\"breadcrumb\":{\"@id\":\"https:\\\/\\\/www.edesia.al\\\/?product=propolis#breadcrumb\"},\"inLanguage\":\"en-US\",\"potentialAction\":[{\"@type\":\"ReadAction\",\"target\":[\"https:\\\/\\\/www.edesia.al\\\/?product=propolis\"]}]},{\"@type\":\"ImageObject\",\"inLanguage\":\"en-US\",\"@id\":\"https:\\\/\\\/www.edesia.al\\\/?product=propolis#primaryimage\",\"url\":\"https:\\\/\\\/www.edesia.al\\\/wp-content\\\/uploads\\\/2026\\\/02\\\/propolis-1-1.jpg\",\"contentUrl\":\"https:\\\/\\\/www.edesia.al\\\/wp-content\\\/uploads\\\/2026\\\/02\\\/propolis-1-1.jpg\",\"width\":300,\"height\":300},{\"@type\":\"BreadcrumbList\",\"@id\":\"https:\\\/\\\/www.edesia.al\\\/?product=propolis#breadcrumb\",\"itemListElement\":[{\"@type\":\"ListItem\",\"position\":1,\"name\":\"Home\",\"item\":\"https:\\\/\\\/www.edesia.al\\\/\"},{\"@type\":\"ListItem\",\"position\":2,\"name\":\"Dyqani\",\"item\":\"https:\\\/\\\/www.edesia.al\\\/?page_id=17\"},{\"@type\":\"ListItem\",\"position\":3,\"name\":\"Propolis\"}]},{\"@type\":\"WebSite\",\"@id\":\"https:\\\/\\\/www.edesia.al\\\/#website\",\"url\":\"https:\\\/\\\/www.edesia.al\\\/\",\"name\":\"Edesia\",\"description\":\"\",\"publisher\":{\"@id\":\"https:\\\/\\\/www.edesia.al\\\/#organization\"},\"potentialAction\":[{\"@type\":\"SearchAction\",\"target\":{\"@type\":\"EntryPoint\",\"urlTemplate\":\"https:\\\/\\\/www.edesia.al\\\/?s={search_term_string}\"},\"query-input\":{\"@type\":\"PropertyValueSpecification\",\"valueRequired\":true,\"valueName\":\"search_term_string\"}}],\"inLanguage\":\"en-US\"},{\"@type\":\"Organization\",\"@id\":\"https:\\\/\\\/www.edesia.al\\\/#organization\",\"name\":\"Edesia\",\"url\":\"https:\\\/\\\/www.edesia.al\\\/\",\"logo\":{\"@type\":\"ImageObject\",\"inLanguage\":\"en-US\",\"@id\":\"https:\\\/\\\/www.edesia.al\\\/#\\\/schema\\\/logo\\\/image\\\/\",\"url\":\"https:\\\/\\\/www.edesia.al\\\/wp-content\\\/uploads\\\/2026\\\/02\\\/Logo-Edesia-no-background.png\",\"contentUrl\":\"https:\\\/\\\/www.edesia.al\\\/wp-content\\\/uploads\\\/2026\\\/02\\\/Logo-Edesia-no-background.png\",\"width\":293,\"height\":158,\"caption\":\"Edesia\"},\"image\":{\"@id\":\"https:\\\/\\\/www.edesia.al\\\/#\\\/schema\\\/logo\\\/image\\\/\"}}]}<\/script>\n<!-- \/ Yoast SEO plugin. -->","yoast_head_json":{"title":"Propolis - Edesia","robots":{"index":"index","follow":"follow","max-snippet":"max-snippet:-1","max-image-preview":"max-image-preview:large","max-video-preview":"max-video-preview:-1"},"canonical":"https:\/\/www.edesia.al\/?product=propolis","og_locale":"en_US","og_type":"article","og_title":"Propolis - Edesia","og_description":"Shum\u00eb vlera terapeutike t\u00eb k\u00ebsaj substance kan\u00eb qen\u00eb t\u00eb njohura p\u00ebr shekuj dhe jan\u00eb provuar nga studimet moderne shkencore: n\u00eb t\u00eb gjenden disa p\u00ebrb\u00ebr\u00ebs aktiv\u00eb, vitamina, flavonoide (t\u00eb r\u00ebnd\u00ebsishme p\u00ebr forcimin e sistemit imunitar), aminoacidet dhe element\u00ebt gjurm\u00eb, p\u00ebrfshir\u00eb bakrin, zinkun,\u00a0 dhe hekur.","og_url":"https:\/\/www.edesia.al\/?product=propolis","og_site_name":"Edesia","article_modified_time":"2026-02-20T21:14:54+00:00","og_image":[{"width":300,"height":300,"url":"https:\/\/www.edesia.al\/wp-content\/uploads\/2026\/02\/propolis-1-1.jpg","type":"image\/jpeg"}],"twitter_card":"summary_large_image","twitter_misc":{"Est. reading time":"3 minutes"},"schema":{"@context":"https:\/\/schema.org","@graph":[{"@type":"WebPage","@id":"https:\/\/www.edesia.al\/?product=propolis","url":"https:\/\/www.edesia.al\/?product=propolis","name":"Propolis - Edesia","isPartOf":{"@id":"https:\/\/www.edesia.al\/#website"},"primaryImageOfPage":{"@id":"https:\/\/www.edesia.al\/?product=propolis#primaryimage"},"image":{"@id":"https:\/\/www.edesia.al\/?product=propolis#primaryimage"},"thumbnailUrl":"https:\/\/www.edesia.al\/wp-content\/uploads\/2026\/02\/propolis-1-1.jpg","datePublished":"2026-02-16T21:05:47+00:00","dateModified":"2026-02-20T21:14:54+00:00","breadcrumb":{"@id":"https:\/\/www.edesia.al\/?product=propolis#breadcrumb"},"inLanguage":"en-US","potentialAction":[{"@type":"ReadAction","target":["https:\/\/www.edesia.al\/?product=propolis"]}]},{"@type":"ImageObject","inLanguage":"en-US","@id":"https:\/\/www.edesia.al\/?product=propolis#primaryimage","url":"https:\/\/www.edesia.al\/wp-content\/uploads\/2026\/02\/propolis-1-1.jpg","contentUrl":"https:\/\/www.edesia.al\/wp-content\/uploads\/2026\/02\/propolis-1-1.jpg","width":300,"height":300},{"@type":"BreadcrumbList","@id":"https:\/\/www.edesia.al\/?product=propolis#breadcrumb","itemListElement":[{"@type":"ListItem","position":1,"name":"Home","item":"https:\/\/www.edesia.al\/"},{"@type":"ListItem","position":2,"name":"Dyqani","item":"https:\/\/www.edesia.al\/?page_id=17"},{"@type":"ListItem","position":3,"name":"Propolis"}]},{"@type":"WebSite","@id":"https:\/\/www.edesia.al\/#website","url":"https:\/\/www.edesia.al\/","name":"Edesia","description":"","publisher":{"@id":"https:\/\/www.edesia.al\/#organization"},"potentialAction":[{"@type":"SearchAction","target":{"@type":"EntryPoint","urlTemplate":"https:\/\/www.edesia.al\/?s={search_term_string}"},"query-input":{"@type":"PropertyValueSpecification","valueRequired":true,"valueName":"search_term_string"}}],"inLanguage":"en-US"},{"@type":"Organization","@id":"https:\/\/www.edesia.al\/#organization","name":"Edesia","url":"https:\/\/www.edesia.al\/","logo":{"@type":"ImageObject","inLanguage":"en-US","@id":"https:\/\/www.edesia.al\/#\/schema\/logo\/image\/","url":"https:\/\/www.edesia.al\/wp-content\/uploads\/2026\/02\/Logo-Edesia-no-background.png","contentUrl":"https:\/\/www.edesia.al\/wp-content\/uploads\/2026\/02\/Logo-Edesia-no-background.png","width":293,"height":158,"caption":"Edesia"},"image":{"@id":"https:\/\/www.edesia.al\/#\/schema\/logo\/image\/"}}]}},"_links":{"self":[{"href":"https:\/\/www.edesia.al\/index.php?rest_route=\/wp\/v2\/product\/6184","targetHints":{"allow":["GET"]}}],"collection":[{"href":"https:\/\/www.edesia.al\/index.php?rest_route=\/wp\/v2\/product"}],"about":[{"href":"https:\/\/www.edesia.al\/index.php?rest_route=\/wp\/v2\/types\/product"}],"replies":[{"embeddable":true,"href":"https:\/\/www.edesia.al\/index.php?rest_route=%2Fwp%2Fv2%2Fcomments&post=6184"}],"wp:featuredmedia":[{"embeddable":true,"href":"https:\/\/www.edesia.al\/index.php?rest_route=\/wp\/v2\/media\/6216"}],"wp:attachment":[{"href":"https:\/\/www.edesia.al\/index.php?rest_route=%2Fwp%2Fv2%2Fmedia&parent=6184"}],"wp:term":[{"taxonomy":"kategori-sipas-dietave","embeddable":true,"href":"https:\/\/www.edesia.al\/index.php?rest_route=%2Fwp%2Fv2%2Fkategori-sipas-dietave&post=6184"},{"taxonomy":"kategori-sipas-problemeve-shende","embeddable":true,"href":"https:\/\/www.edesia.al\/index.php?rest_route=%2Fwp%2Fv2%2Fkategori-sipas-problemeve-shende&post=6184"},{"taxonomy":"product_brand","embeddable":true,"href":"https:\/\/www.edesia.al\/index.php?rest_route=%2Fwp%2Fv2%2Fproduct_brand&post=6184"},{"taxonomy":"product_cat","embeddable":true,"href":"https:\/\/www.edesia.al\/index.php?rest_route=%2Fwp%2Fv2%2Fproduct_cat&post=6184"},{"taxonomy":"product_tag","embeddable":true,"href":"https:\/\/www.edesia.al\/index.php?rest_route=%2Fwp%2Fv2%2Fproduct_tag&post=6184"}],"curies":[{"name":"wp","href":"https:\/\/api.w.org\/{rel}","templated":true}]}}