{"id":6188,"date":"2026-02-16T21:05:48","date_gmt":"2026-02-16T21:05:48","guid":{"rendered":"https:\/\/www.edesia.al\/?post_type=product&#038;p=6188"},"modified":"2026-02-20T21:15:48","modified_gmt":"2026-02-20T21:15:48","slug":"vaj-esencial-trendafili","status":"publish","type":"product","link":"https:\/\/www.edesia.al\/?product=vaj-esencial-trendafili","title":{"rendered":"Vaj Esencial Trendafili"},"content":{"rendered":"<h3>Vaj Esencial Tr\u00ebndafili &#8211; 100% Bio Organik, I C\u00ebrtifikuar<\/h3>\n<p>Vaji esencial i tr\u00ebndafilit ka nj\u00eb larmi p\u00ebrfitimesh si p\u00ebr trupin dhe mendjen, dhe \u00ebsht\u00eb p\u00ebrdorur prej koh\u00ebsh n\u00eb aplikime terapeutike dhe aromatike.<\/p>\n<ul>\n<li>P\u00ebrmban vitamine A,e njohur si retinol,e cila ndihmon p\u00ebr t\u00eb luftuar l\u00ebkur\u00ebn me yndyr\u00eb.<\/li>\n<li>Sh\u00ebrben si hidratues shum\u00eb i mir\u00eb p\u00ebr l\u00ebkur\u00ebn.<\/li>\n<li>Lufton rrudhat dhe defektet e l\u00ebkur\u00ebs n\u00eb p\u00ebrgjith\u00ebsi.<\/li>\n<li>Esht\u00eb aromatizues dhe dezefektues p\u00ebrfekt p\u00ebr ambjentin tuaj.<\/li>\n<li>Ka veti qetesuese dhe antidepresive.<\/li>\n<\/ul>\n","protected":false},"excerpt":{"rendered":"<p>Vaji i tr\u00ebndafilit p\u00ebrvec benefiteve t\u00eb shk\u00eblqyera q\u00eb ka p\u00ebr l\u00ebkur\u00ebn gjithashtu ndikon n\u00eb uljen tensionit t\u00eb gjakut dhe ritmeve t\u00eb frym\u00ebmarrjes. Ata jan\u00eb t\u00eb mendimit se ky vaj zbeh ankthin dhe stresin, madje mund t\u00eb sh\u00ebrbej\u00eb edhe kund\u00ebr depresionit.<\/p>\n","protected":false},"featured_media":6219,"comment_status":"open","ping_status":"closed","template":"","meta":{"_acf_changed":false,"inline_featured_image":false},"kategori-sipas-dietave":[],"kategori-sipas-problemeve-shende":[],"product_brand":[35],"product_cat":[44,45],"product_tag":[],"class_list":{"0":"post-6188","1":"product","2":"type-product","3":"status-publish","4":"has-post-thumbnail","6":"product_brand-sonnentor-sh-p-k","7":"product_cat-shtepi-stil-jetese","8":"product_cat-vajra-esenciale","10":"first","11":"instock","12":"taxable","13":"shipping-taxable","14":"purchasable","15":"product-type-simple"},"acf":[],"yoast_head":"<!-- This site is optimized with the Yoast SEO plugin v27.4 - https:\/\/yoast.com\/product\/yoast-seo-wordpress\/ -->\n<title>Vaj Esencial Trendafili - Edesia<\/title>\n<meta name=\"robots\" content=\"index, follow, max-snippet:-1, max-image-preview:large, max-video-preview:-1\" \/>\n<link rel=\"canonical\" href=\"https:\/\/www.edesia.al\/?product=vaj-esencial-trendafili\" \/>\n<meta property=\"og:locale\" content=\"en_US\" \/>\n<meta property=\"og:type\" content=\"article\" \/>\n<meta property=\"og:title\" content=\"Vaj Esencial Trendafili - Edesia\" \/>\n<meta property=\"og:description\" content=\"Vaji i tr\u00ebndafilit p\u00ebrvec benefiteve t\u00eb shk\u00eblqyera q\u00eb ka p\u00ebr l\u00ebkur\u00ebn gjithashtu ndikon n\u00eb uljen tensionit t\u00eb gjakut dhe ritmeve t\u00eb frym\u00ebmarrjes. Ata jan\u00eb t\u00eb mendimit se ky vaj zbeh ankthin dhe stresin, madje mund t\u00eb sh\u00ebrbej\u00eb edhe kund\u00ebr depresionit.\" \/>\n<meta property=\"og:url\" content=\"https:\/\/www.edesia.al\/?product=vaj-esencial-trendafili\" \/>\n<meta property=\"og:site_name\" content=\"Edesia\" \/>\n<meta property=\"article:modified_time\" content=\"2026-02-20T21:15:48+00:00\" \/>\n<meta property=\"og:image\" content=\"https:\/\/www.edesia.al\/wp-content\/uploads\/2026\/02\/Rose-bulgarisch-1.webp\" \/>\n\t<meta property=\"og:image:width\" content=\"593\" \/>\n\t<meta property=\"og:image:height\" content=\"593\" \/>\n\t<meta property=\"og:image:type\" content=\"image\/webp\" \/>\n<meta name=\"twitter:card\" content=\"summary_large_image\" \/>\n<script type=\"application\/ld+json\" class=\"yoast-schema-graph\">{\"@context\":\"https:\\\/\\\/schema.org\",\"@graph\":[{\"@type\":\"WebPage\",\"@id\":\"https:\\\/\\\/www.edesia.al\\\/?product=vaj-esencial-trendafili\",\"url\":\"https:\\\/\\\/www.edesia.al\\\/?product=vaj-esencial-trendafili\",\"name\":\"Vaj Esencial Trendafili - Edesia\",\"isPartOf\":{\"@id\":\"https:\\\/\\\/www.edesia.al\\\/#website\"},\"primaryImageOfPage\":{\"@id\":\"https:\\\/\\\/www.edesia.al\\\/?product=vaj-esencial-trendafili#primaryimage\"},\"image\":{\"@id\":\"https:\\\/\\\/www.edesia.al\\\/?product=vaj-esencial-trendafili#primaryimage\"},\"thumbnailUrl\":\"https:\\\/\\\/www.edesia.al\\\/wp-content\\\/uploads\\\/2026\\\/02\\\/Rose-bulgarisch-1.webp\",\"datePublished\":\"2026-02-16T21:05:48+00:00\",\"dateModified\":\"2026-02-20T21:15:48+00:00\",\"breadcrumb\":{\"@id\":\"https:\\\/\\\/www.edesia.al\\\/?product=vaj-esencial-trendafili#breadcrumb\"},\"inLanguage\":\"en-US\",\"potentialAction\":[{\"@type\":\"ReadAction\",\"target\":[\"https:\\\/\\\/www.edesia.al\\\/?product=vaj-esencial-trendafili\"]}]},{\"@type\":\"ImageObject\",\"inLanguage\":\"en-US\",\"@id\":\"https:\\\/\\\/www.edesia.al\\\/?product=vaj-esencial-trendafili#primaryimage\",\"url\":\"https:\\\/\\\/www.edesia.al\\\/wp-content\\\/uploads\\\/2026\\\/02\\\/Rose-bulgarisch-1.webp\",\"contentUrl\":\"https:\\\/\\\/www.edesia.al\\\/wp-content\\\/uploads\\\/2026\\\/02\\\/Rose-bulgarisch-1.webp\",\"width\":593,\"height\":593},{\"@type\":\"BreadcrumbList\",\"@id\":\"https:\\\/\\\/www.edesia.al\\\/?product=vaj-esencial-trendafili#breadcrumb\",\"itemListElement\":[{\"@type\":\"ListItem\",\"position\":1,\"name\":\"Home\",\"item\":\"https:\\\/\\\/www.edesia.al\\\/\"},{\"@type\":\"ListItem\",\"position\":2,\"name\":\"Dyqani\",\"item\":\"https:\\\/\\\/www.edesia.al\\\/?page_id=17\"},{\"@type\":\"ListItem\",\"position\":3,\"name\":\"Vaj Esencial Trendafili\"}]},{\"@type\":\"WebSite\",\"@id\":\"https:\\\/\\\/www.edesia.al\\\/#website\",\"url\":\"https:\\\/\\\/www.edesia.al\\\/\",\"name\":\"Edesia\",\"description\":\"\",\"publisher\":{\"@id\":\"https:\\\/\\\/www.edesia.al\\\/#organization\"},\"potentialAction\":[{\"@type\":\"SearchAction\",\"target\":{\"@type\":\"EntryPoint\",\"urlTemplate\":\"https:\\\/\\\/www.edesia.al\\\/?s={search_term_string}\"},\"query-input\":{\"@type\":\"PropertyValueSpecification\",\"valueRequired\":true,\"valueName\":\"search_term_string\"}}],\"inLanguage\":\"en-US\"},{\"@type\":\"Organization\",\"@id\":\"https:\\\/\\\/www.edesia.al\\\/#organization\",\"name\":\"Edesia\",\"url\":\"https:\\\/\\\/www.edesia.al\\\/\",\"logo\":{\"@type\":\"ImageObject\",\"inLanguage\":\"en-US\",\"@id\":\"https:\\\/\\\/www.edesia.al\\\/#\\\/schema\\\/logo\\\/image\\\/\",\"url\":\"https:\\\/\\\/www.edesia.al\\\/wp-content\\\/uploads\\\/2026\\\/02\\\/Logo-Edesia-no-background.png\",\"contentUrl\":\"https:\\\/\\\/www.edesia.al\\\/wp-content\\\/uploads\\\/2026\\\/02\\\/Logo-Edesia-no-background.png\",\"width\":293,\"height\":158,\"caption\":\"Edesia\"},\"image\":{\"@id\":\"https:\\\/\\\/www.edesia.al\\\/#\\\/schema\\\/logo\\\/image\\\/\"}}]}<\/script>\n<!-- \/ Yoast SEO plugin. -->","yoast_head_json":{"title":"Vaj Esencial Trendafili - Edesia","robots":{"index":"index","follow":"follow","max-snippet":"max-snippet:-1","max-image-preview":"max-image-preview:large","max-video-preview":"max-video-preview:-1"},"canonical":"https:\/\/www.edesia.al\/?product=vaj-esencial-trendafili","og_locale":"en_US","og_type":"article","og_title":"Vaj Esencial Trendafili - Edesia","og_description":"Vaji i tr\u00ebndafilit p\u00ebrvec benefiteve t\u00eb shk\u00eblqyera q\u00eb ka p\u00ebr l\u00ebkur\u00ebn gjithashtu ndikon n\u00eb uljen tensionit t\u00eb gjakut dhe ritmeve t\u00eb frym\u00ebmarrjes. Ata jan\u00eb t\u00eb mendimit se ky vaj zbeh ankthin dhe stresin, madje mund t\u00eb sh\u00ebrbej\u00eb edhe kund\u00ebr depresionit.","og_url":"https:\/\/www.edesia.al\/?product=vaj-esencial-trendafili","og_site_name":"Edesia","article_modified_time":"2026-02-20T21:15:48+00:00","og_image":[{"width":593,"height":593,"url":"https:\/\/www.edesia.al\/wp-content\/uploads\/2026\/02\/Rose-bulgarisch-1.webp","type":"image\/webp"}],"twitter_card":"summary_large_image","schema":{"@context":"https:\/\/schema.org","@graph":[{"@type":"WebPage","@id":"https:\/\/www.edesia.al\/?product=vaj-esencial-trendafili","url":"https:\/\/www.edesia.al\/?product=vaj-esencial-trendafili","name":"Vaj Esencial Trendafili - Edesia","isPartOf":{"@id":"https:\/\/www.edesia.al\/#website"},"primaryImageOfPage":{"@id":"https:\/\/www.edesia.al\/?product=vaj-esencial-trendafili#primaryimage"},"image":{"@id":"https:\/\/www.edesia.al\/?product=vaj-esencial-trendafili#primaryimage"},"thumbnailUrl":"https:\/\/www.edesia.al\/wp-content\/uploads\/2026\/02\/Rose-bulgarisch-1.webp","datePublished":"2026-02-16T21:05:48+00:00","dateModified":"2026-02-20T21:15:48+00:00","breadcrumb":{"@id":"https:\/\/www.edesia.al\/?product=vaj-esencial-trendafili#breadcrumb"},"inLanguage":"en-US","potentialAction":[{"@type":"ReadAction","target":["https:\/\/www.edesia.al\/?product=vaj-esencial-trendafili"]}]},{"@type":"ImageObject","inLanguage":"en-US","@id":"https:\/\/www.edesia.al\/?product=vaj-esencial-trendafili#primaryimage","url":"https:\/\/www.edesia.al\/wp-content\/uploads\/2026\/02\/Rose-bulgarisch-1.webp","contentUrl":"https:\/\/www.edesia.al\/wp-content\/uploads\/2026\/02\/Rose-bulgarisch-1.webp","width":593,"height":593},{"@type":"BreadcrumbList","@id":"https:\/\/www.edesia.al\/?product=vaj-esencial-trendafili#breadcrumb","itemListElement":[{"@type":"ListItem","position":1,"name":"Home","item":"https:\/\/www.edesia.al\/"},{"@type":"ListItem","position":2,"name":"Dyqani","item":"https:\/\/www.edesia.al\/?page_id=17"},{"@type":"ListItem","position":3,"name":"Vaj Esencial Trendafili"}]},{"@type":"WebSite","@id":"https:\/\/www.edesia.al\/#website","url":"https:\/\/www.edesia.al\/","name":"Edesia","description":"","publisher":{"@id":"https:\/\/www.edesia.al\/#organization"},"potentialAction":[{"@type":"SearchAction","target":{"@type":"EntryPoint","urlTemplate":"https:\/\/www.edesia.al\/?s={search_term_string}"},"query-input":{"@type":"PropertyValueSpecification","valueRequired":true,"valueName":"search_term_string"}}],"inLanguage":"en-US"},{"@type":"Organization","@id":"https:\/\/www.edesia.al\/#organization","name":"Edesia","url":"https:\/\/www.edesia.al\/","logo":{"@type":"ImageObject","inLanguage":"en-US","@id":"https:\/\/www.edesia.al\/#\/schema\/logo\/image\/","url":"https:\/\/www.edesia.al\/wp-content\/uploads\/2026\/02\/Logo-Edesia-no-background.png","contentUrl":"https:\/\/www.edesia.al\/wp-content\/uploads\/2026\/02\/Logo-Edesia-no-background.png","width":293,"height":158,"caption":"Edesia"},"image":{"@id":"https:\/\/www.edesia.al\/#\/schema\/logo\/image\/"}}]}},"_links":{"self":[{"href":"https:\/\/www.edesia.al\/index.php?rest_route=\/wp\/v2\/product\/6188","targetHints":{"allow":["GET"]}}],"collection":[{"href":"https:\/\/www.edesia.al\/index.php?rest_route=\/wp\/v2\/product"}],"about":[{"href":"https:\/\/www.edesia.al\/index.php?rest_route=\/wp\/v2\/types\/product"}],"replies":[{"embeddable":true,"href":"https:\/\/www.edesia.al\/index.php?rest_route=%2Fwp%2Fv2%2Fcomments&post=6188"}],"wp:featuredmedia":[{"embeddable":true,"href":"https:\/\/www.edesia.al\/index.php?rest_route=\/wp\/v2\/media\/6219"}],"wp:attachment":[{"href":"https:\/\/www.edesia.al\/index.php?rest_route=%2Fwp%2Fv2%2Fmedia&parent=6188"}],"wp:term":[{"taxonomy":"kategori-sipas-dietave","embeddable":true,"href":"https:\/\/www.edesia.al\/index.php?rest_route=%2Fwp%2Fv2%2Fkategori-sipas-dietave&post=6188"},{"taxonomy":"kategori-sipas-problemeve-shende","embeddable":true,"href":"https:\/\/www.edesia.al\/index.php?rest_route=%2Fwp%2Fv2%2Fkategori-sipas-problemeve-shende&post=6188"},{"taxonomy":"product_brand","embeddable":true,"href":"https:\/\/www.edesia.al\/index.php?rest_route=%2Fwp%2Fv2%2Fproduct_brand&post=6188"},{"taxonomy":"product_cat","embeddable":true,"href":"https:\/\/www.edesia.al\/index.php?rest_route=%2Fwp%2Fv2%2Fproduct_cat&post=6188"},{"taxonomy":"product_tag","embeddable":true,"href":"https:\/\/www.edesia.al\/index.php?rest_route=%2Fwp%2Fv2%2Fproduct_tag&post=6188"}],"curies":[{"name":"wp","href":"https:\/\/api.w.org\/{rel}","templated":true}]}}