{"id":6189,"date":"2026-02-16T21:05:48","date_gmt":"2026-02-16T21:05:48","guid":{"rendered":"https:\/\/www.edesia.al\/?post_type=product&#038;p=6189"},"modified":"2026-02-20T21:16:09","modified_gmt":"2026-02-20T21:16:09","slug":"vaj-esencial-tea-tree","status":"publish","type":"product","link":"https:\/\/www.edesia.al\/?product=vaj-esencial-tea-tree","title":{"rendered":"Vaj Esencial Tea Tree"},"content":{"rendered":"<h3>Vaj Esencial Tea Tree &#8211; 100% Bio Organik (10ml)<\/h3>\n<p>Vaji Tea tree oil (Pema e Cajit) \u00ebsht\u00eb ndoshta nj\u00eb prej vajrave esenciale m\u00eb t\u00eb njohur p\u00ebr vetite dhe benefitet e tij n\u00eb fush\u00ebn e mjek\u00ebsise bimore dhe kozmetik\u00ebs, si antiseptik dhe antibakterial.<\/p>\n<p>Vaji i pem\u00ebs s\u00eb \u00e7ajit p\u00ebrmban shum\u00eb veti antibakteriale, antimykotike,antivirale, anti-inflamatore dhe stimulon mir\u00ebfunksionimin e sistemit imunitar. \u00cbsht\u00eb nj\u00eb vaj esencial shum\u00eb i koncentruar, mjaftojn\u00eb vet\u00ebm disa pika dhe tretet shum\u00eb leht\u00eb. P\u00ebrdoret p\u00ebr t\u00eb kuruar s\u00ebmundje t\u00eb ndryshme si problemet e l\u00ebkur\u00ebs, problemet me frym\u00ebmarrjen, alergjit\u00eb e ndryshme dhe rruf\u00ebn.<\/p>\n<ul>\n<li>Zbut kutikulat e thata t\u00eb thonjve\u00a0: Duke qen\u00eb se vaji i pem\u00ebs s\u00eb \u00e7ajit ka veti anti-mykotike arrin t\u00eb qet\u00ebsoj\u00eb l\u00ebkur\u00ebn e that\u00eb t\u00eb thonjve. <em>Hidhni 5 pika nga vaji i pem\u00ebs s\u00eb \u00e7ajit dhe 1 lug\u00eb vaj ulliri. Me nj\u00eb tampon pambuku lyeni kutikulat dhe me pas pritini. Ju mund t\u00eb hidhni gjithashtu disa pika t\u00eb k\u00ebtij vaji n\u00eb manikyr. Thonjt\u00eb tuaj do t\u00eb jen\u00eb m\u00eb t\u00eb fort\u00eb.<\/em><\/li>\n<li>Lufton mykun e thonjve t\u00eb k\u00ebmb\u00ebs: Myku i thonjve t\u00eb k\u00ebmb\u00ebs ose \u2018\u2019k\u00ebmba e atletit\u2019\u2019 \u00ebsht\u00eb nj\u00eb inflamacion dermatik shum\u00eb i p\u00ebrhapur. <em>N\u00eb nj\u00eb legen shtoni uj\u00eb t\u00eb vak\u00ebt, 10 pika vaj rozmarine dhe 10 pika t\u00eb vajit t\u00eb pem\u00ebs s\u00eb \u00e7ajit. M\u00eb pas masazhoni k\u00ebmb\u00ebt nd\u00ebrkoh\u00eb q\u00eb i mbani n\u00eb uj\u00eb. Ky veprim duhet b\u00ebr\u00eb 5 her\u00eb n\u00eb jav\u00eb.<\/em><\/li>\n<li><em>Kuron aknet :<\/em>\u00a0Aknet nuk jan\u00eb edhe aq t\u00eb dashura p\u00ebr fytyr\u00ebn. Vaji i pem\u00ebs s\u00eb \u00e7ajit mund t\u2019ju ndihmoj\u00eb t\u2019i kuroni dhe t\u2019i zhdukni dal\u00ebngadal\u00eb. Kujdes ai nuk duhet aplikuar kurr\u00eb i vet\u00ebm n\u00eb l\u00ebkur\u00eb<em>. N\u00eb nj\u00eb kontenitor hidhni 5 pika vaj t\u00eb pem\u00ebs s\u00eb \u00e7ajit, 3 lug\u00eb vaj lini, 10 pika uj\u00eb dhe pak uthull molle. P\u00ebrdoreni k\u00ebt\u00eb mask\u00eb dy her\u00eb n\u00eb dit\u00eb, n\u00eb m\u00ebngjes dhe para se t\u00eb flini gjum\u00eb. Fytyra juaj do t\u00eb duket shum\u00eb ndryshe pas disa dit\u00ebsh.<\/em><\/li>\n<li>Qet\u00ebson koll\u00ebn e that\u00eb dhe rruf\u00ebn :\u00a0Ju mund t\u00eb shtoni disa pika vaj t\u00eb pem\u00ebs s\u00eb \u00e7ajit n\u00eb \u00e7aj\u00ebrat tuaj t\u00eb preferuar ose mund t\u00eb zieni 100 ml uj\u00eb, 1 lug\u00eb kanell\u00eb dhe 10 pika vaj t\u00eb pem\u00ebs s\u00eb \u00e7ajit. Kjo p\u00ebrzierje rekomandohet t\u00eb konsumohet esull p\u00ebr t\u00eb gjitha moshat.<\/li>\n<\/ul>\n<h4>Kujdes!<\/h4>\n<p>Vajrat esencial jan\u00eb shum\u00eb t\u00eb koncentruar nuk p\u00ebrdoren asnj\u00ebher\u00eb t\u00eb pa holluar me\u00a0 nj\u00eb produkt tjet\u00ebr bimor. P\u00ebr p\u00ebrdorim t\u00eb brendsh\u00ebm lexoni me kujdes specifikimet n\u00eb paketim, duhet patjet\u00ebr t\u00eb shkruaj q\u00eb mund t\u00eb konsumohet.<\/p>\n<p><em>Nuk rekomandohet:<\/em><\/p>\n<p>1. Grat\u00eb shtatz\u00ebn\u00eb<br \/>\n2. Grat\u00eb q\u00eb kan\u00eb femij\u00ebt n\u00eb gji<br \/>\n3. Pacientet Diabetik<\/p>\n","protected":false},"excerpt":{"rendered":"<p>Vaji esencial i pem\u00ebs s\u00eb \u00e7ajit (tea tree oil) ka vlera t\u00eb jasht\u00ebzakonshme kund\u00ebr akneve. Veprimi antibakterial dhe anti-inflamator e b\u00ebjn\u00eb k\u00ebt\u00eb lloj vaji nj\u00eb trajtues t\u00eb shk\u00eblqyesh\u00ebm kund\u00ebr akneve<\/p>\n","protected":false},"featured_media":6220,"comment_status":"open","ping_status":"closed","template":"","meta":{"_acf_changed":false,"inline_featured_image":false},"kategori-sipas-dietave":[],"kategori-sipas-problemeve-shende":[],"product_brand":[35],"product_cat":[44,45],"product_tag":[],"class_list":{"0":"post-6189","1":"product","2":"type-product","3":"status-publish","4":"has-post-thumbnail","6":"product_brand-sonnentor-sh-p-k","7":"product_cat-shtepi-stil-jetese","8":"product_cat-vajra-esenciale","10":"first","11":"instock","12":"taxable","13":"shipping-taxable","14":"purchasable","15":"product-type-simple"},"acf":[],"yoast_head":"<!-- This site is optimized with the Yoast SEO plugin v27.4 - https:\/\/yoast.com\/product\/yoast-seo-wordpress\/ -->\n<title>Vaj Esencial Tea Tree - Edesia<\/title>\n<meta name=\"robots\" content=\"index, follow, max-snippet:-1, max-image-preview:large, max-video-preview:-1\" \/>\n<link rel=\"canonical\" href=\"https:\/\/www.edesia.al\/?product=vaj-esencial-tea-tree\" \/>\n<meta property=\"og:locale\" content=\"en_US\" \/>\n<meta property=\"og:type\" content=\"article\" \/>\n<meta property=\"og:title\" content=\"Vaj Esencial Tea Tree - Edesia\" \/>\n<meta property=\"og:description\" content=\"Vaji esencial i pem\u00ebs s\u00eb \u00e7ajit (tea tree oil) ka vlera t\u00eb jasht\u00ebzakonshme kund\u00ebr akneve. Veprimi antibakterial dhe anti-inflamator e b\u00ebjn\u00eb k\u00ebt\u00eb lloj vaji nj\u00eb trajtues t\u00eb shk\u00eblqyesh\u00ebm kund\u00ebr akneve\" \/>\n<meta property=\"og:url\" content=\"https:\/\/www.edesia.al\/?product=vaj-esencial-tea-tree\" \/>\n<meta property=\"og:site_name\" content=\"Edesia\" \/>\n<meta property=\"article:modified_time\" content=\"2026-02-20T21:16:09+00:00\" \/>\n<meta property=\"og:image\" content=\"https:\/\/www.edesia.al\/wp-content\/uploads\/2026\/02\/tea-tree-1.webp\" \/>\n\t<meta property=\"og:image:width\" content=\"593\" \/>\n\t<meta property=\"og:image:height\" content=\"593\" \/>\n\t<meta property=\"og:image:type\" content=\"image\/webp\" \/>\n<meta name=\"twitter:card\" content=\"summary_large_image\" \/>\n<meta name=\"twitter:label1\" content=\"Est. reading time\" \/>\n\t<meta name=\"twitter:data1\" content=\"2 minutes\" \/>\n<script type=\"application\/ld+json\" class=\"yoast-schema-graph\">{\"@context\":\"https:\\\/\\\/schema.org\",\"@graph\":[{\"@type\":\"WebPage\",\"@id\":\"https:\\\/\\\/www.edesia.al\\\/?product=vaj-esencial-tea-tree\",\"url\":\"https:\\\/\\\/www.edesia.al\\\/?product=vaj-esencial-tea-tree\",\"name\":\"Vaj Esencial Tea Tree - Edesia\",\"isPartOf\":{\"@id\":\"https:\\\/\\\/www.edesia.al\\\/#website\"},\"primaryImageOfPage\":{\"@id\":\"https:\\\/\\\/www.edesia.al\\\/?product=vaj-esencial-tea-tree#primaryimage\"},\"image\":{\"@id\":\"https:\\\/\\\/www.edesia.al\\\/?product=vaj-esencial-tea-tree#primaryimage\"},\"thumbnailUrl\":\"https:\\\/\\\/www.edesia.al\\\/wp-content\\\/uploads\\\/2026\\\/02\\\/tea-tree-1.webp\",\"datePublished\":\"2026-02-16T21:05:48+00:00\",\"dateModified\":\"2026-02-20T21:16:09+00:00\",\"breadcrumb\":{\"@id\":\"https:\\\/\\\/www.edesia.al\\\/?product=vaj-esencial-tea-tree#breadcrumb\"},\"inLanguage\":\"en-US\",\"potentialAction\":[{\"@type\":\"ReadAction\",\"target\":[\"https:\\\/\\\/www.edesia.al\\\/?product=vaj-esencial-tea-tree\"]}]},{\"@type\":\"ImageObject\",\"inLanguage\":\"en-US\",\"@id\":\"https:\\\/\\\/www.edesia.al\\\/?product=vaj-esencial-tea-tree#primaryimage\",\"url\":\"https:\\\/\\\/www.edesia.al\\\/wp-content\\\/uploads\\\/2026\\\/02\\\/tea-tree-1.webp\",\"contentUrl\":\"https:\\\/\\\/www.edesia.al\\\/wp-content\\\/uploads\\\/2026\\\/02\\\/tea-tree-1.webp\",\"width\":593,\"height\":593},{\"@type\":\"BreadcrumbList\",\"@id\":\"https:\\\/\\\/www.edesia.al\\\/?product=vaj-esencial-tea-tree#breadcrumb\",\"itemListElement\":[{\"@type\":\"ListItem\",\"position\":1,\"name\":\"Home\",\"item\":\"https:\\\/\\\/www.edesia.al\\\/\"},{\"@type\":\"ListItem\",\"position\":2,\"name\":\"Dyqani\",\"item\":\"https:\\\/\\\/www.edesia.al\\\/?page_id=17\"},{\"@type\":\"ListItem\",\"position\":3,\"name\":\"Vaj Esencial Tea Tree\"}]},{\"@type\":\"WebSite\",\"@id\":\"https:\\\/\\\/www.edesia.al\\\/#website\",\"url\":\"https:\\\/\\\/www.edesia.al\\\/\",\"name\":\"Edesia\",\"description\":\"\",\"publisher\":{\"@id\":\"https:\\\/\\\/www.edesia.al\\\/#organization\"},\"potentialAction\":[{\"@type\":\"SearchAction\",\"target\":{\"@type\":\"EntryPoint\",\"urlTemplate\":\"https:\\\/\\\/www.edesia.al\\\/?s={search_term_string}\"},\"query-input\":{\"@type\":\"PropertyValueSpecification\",\"valueRequired\":true,\"valueName\":\"search_term_string\"}}],\"inLanguage\":\"en-US\"},{\"@type\":\"Organization\",\"@id\":\"https:\\\/\\\/www.edesia.al\\\/#organization\",\"name\":\"Edesia\",\"url\":\"https:\\\/\\\/www.edesia.al\\\/\",\"logo\":{\"@type\":\"ImageObject\",\"inLanguage\":\"en-US\",\"@id\":\"https:\\\/\\\/www.edesia.al\\\/#\\\/schema\\\/logo\\\/image\\\/\",\"url\":\"https:\\\/\\\/www.edesia.al\\\/wp-content\\\/uploads\\\/2026\\\/02\\\/Logo-Edesia-no-background.png\",\"contentUrl\":\"https:\\\/\\\/www.edesia.al\\\/wp-content\\\/uploads\\\/2026\\\/02\\\/Logo-Edesia-no-background.png\",\"width\":293,\"height\":158,\"caption\":\"Edesia\"},\"image\":{\"@id\":\"https:\\\/\\\/www.edesia.al\\\/#\\\/schema\\\/logo\\\/image\\\/\"}}]}<\/script>\n<!-- \/ Yoast SEO plugin. -->","yoast_head_json":{"title":"Vaj Esencial Tea Tree - Edesia","robots":{"index":"index","follow":"follow","max-snippet":"max-snippet:-1","max-image-preview":"max-image-preview:large","max-video-preview":"max-video-preview:-1"},"canonical":"https:\/\/www.edesia.al\/?product=vaj-esencial-tea-tree","og_locale":"en_US","og_type":"article","og_title":"Vaj Esencial Tea Tree - Edesia","og_description":"Vaji esencial i pem\u00ebs s\u00eb \u00e7ajit (tea tree oil) ka vlera t\u00eb jasht\u00ebzakonshme kund\u00ebr akneve. Veprimi antibakterial dhe anti-inflamator e b\u00ebjn\u00eb k\u00ebt\u00eb lloj vaji nj\u00eb trajtues t\u00eb shk\u00eblqyesh\u00ebm kund\u00ebr akneve","og_url":"https:\/\/www.edesia.al\/?product=vaj-esencial-tea-tree","og_site_name":"Edesia","article_modified_time":"2026-02-20T21:16:09+00:00","og_image":[{"width":593,"height":593,"url":"https:\/\/www.edesia.al\/wp-content\/uploads\/2026\/02\/tea-tree-1.webp","type":"image\/webp"}],"twitter_card":"summary_large_image","twitter_misc":{"Est. reading time":"2 minutes"},"schema":{"@context":"https:\/\/schema.org","@graph":[{"@type":"WebPage","@id":"https:\/\/www.edesia.al\/?product=vaj-esencial-tea-tree","url":"https:\/\/www.edesia.al\/?product=vaj-esencial-tea-tree","name":"Vaj Esencial Tea Tree - Edesia","isPartOf":{"@id":"https:\/\/www.edesia.al\/#website"},"primaryImageOfPage":{"@id":"https:\/\/www.edesia.al\/?product=vaj-esencial-tea-tree#primaryimage"},"image":{"@id":"https:\/\/www.edesia.al\/?product=vaj-esencial-tea-tree#primaryimage"},"thumbnailUrl":"https:\/\/www.edesia.al\/wp-content\/uploads\/2026\/02\/tea-tree-1.webp","datePublished":"2026-02-16T21:05:48+00:00","dateModified":"2026-02-20T21:16:09+00:00","breadcrumb":{"@id":"https:\/\/www.edesia.al\/?product=vaj-esencial-tea-tree#breadcrumb"},"inLanguage":"en-US","potentialAction":[{"@type":"ReadAction","target":["https:\/\/www.edesia.al\/?product=vaj-esencial-tea-tree"]}]},{"@type":"ImageObject","inLanguage":"en-US","@id":"https:\/\/www.edesia.al\/?product=vaj-esencial-tea-tree#primaryimage","url":"https:\/\/www.edesia.al\/wp-content\/uploads\/2026\/02\/tea-tree-1.webp","contentUrl":"https:\/\/www.edesia.al\/wp-content\/uploads\/2026\/02\/tea-tree-1.webp","width":593,"height":593},{"@type":"BreadcrumbList","@id":"https:\/\/www.edesia.al\/?product=vaj-esencial-tea-tree#breadcrumb","itemListElement":[{"@type":"ListItem","position":1,"name":"Home","item":"https:\/\/www.edesia.al\/"},{"@type":"ListItem","position":2,"name":"Dyqani","item":"https:\/\/www.edesia.al\/?page_id=17"},{"@type":"ListItem","position":3,"name":"Vaj Esencial Tea Tree"}]},{"@type":"WebSite","@id":"https:\/\/www.edesia.al\/#website","url":"https:\/\/www.edesia.al\/","name":"Edesia","description":"","publisher":{"@id":"https:\/\/www.edesia.al\/#organization"},"potentialAction":[{"@type":"SearchAction","target":{"@type":"EntryPoint","urlTemplate":"https:\/\/www.edesia.al\/?s={search_term_string}"},"query-input":{"@type":"PropertyValueSpecification","valueRequired":true,"valueName":"search_term_string"}}],"inLanguage":"en-US"},{"@type":"Organization","@id":"https:\/\/www.edesia.al\/#organization","name":"Edesia","url":"https:\/\/www.edesia.al\/","logo":{"@type":"ImageObject","inLanguage":"en-US","@id":"https:\/\/www.edesia.al\/#\/schema\/logo\/image\/","url":"https:\/\/www.edesia.al\/wp-content\/uploads\/2026\/02\/Logo-Edesia-no-background.png","contentUrl":"https:\/\/www.edesia.al\/wp-content\/uploads\/2026\/02\/Logo-Edesia-no-background.png","width":293,"height":158,"caption":"Edesia"},"image":{"@id":"https:\/\/www.edesia.al\/#\/schema\/logo\/image\/"}}]}},"_links":{"self":[{"href":"https:\/\/www.edesia.al\/index.php?rest_route=\/wp\/v2\/product\/6189","targetHints":{"allow":["GET"]}}],"collection":[{"href":"https:\/\/www.edesia.al\/index.php?rest_route=\/wp\/v2\/product"}],"about":[{"href":"https:\/\/www.edesia.al\/index.php?rest_route=\/wp\/v2\/types\/product"}],"replies":[{"embeddable":true,"href":"https:\/\/www.edesia.al\/index.php?rest_route=%2Fwp%2Fv2%2Fcomments&post=6189"}],"wp:featuredmedia":[{"embeddable":true,"href":"https:\/\/www.edesia.al\/index.php?rest_route=\/wp\/v2\/media\/6220"}],"wp:attachment":[{"href":"https:\/\/www.edesia.al\/index.php?rest_route=%2Fwp%2Fv2%2Fmedia&parent=6189"}],"wp:term":[{"taxonomy":"kategori-sipas-dietave","embeddable":true,"href":"https:\/\/www.edesia.al\/index.php?rest_route=%2Fwp%2Fv2%2Fkategori-sipas-dietave&post=6189"},{"taxonomy":"kategori-sipas-problemeve-shende","embeddable":true,"href":"https:\/\/www.edesia.al\/index.php?rest_route=%2Fwp%2Fv2%2Fkategori-sipas-problemeve-shende&post=6189"},{"taxonomy":"product_brand","embeddable":true,"href":"https:\/\/www.edesia.al\/index.php?rest_route=%2Fwp%2Fv2%2Fproduct_brand&post=6189"},{"taxonomy":"product_cat","embeddable":true,"href":"https:\/\/www.edesia.al\/index.php?rest_route=%2Fwp%2Fv2%2Fproduct_cat&post=6189"},{"taxonomy":"product_tag","embeddable":true,"href":"https:\/\/www.edesia.al\/index.php?rest_route=%2Fwp%2Fv2%2Fproduct_tag&post=6189"}],"curies":[{"name":"wp","href":"https:\/\/api.w.org\/{rel}","templated":true}]}}