{"id":6190,"date":"2026-02-16T21:05:48","date_gmt":"2026-02-16T21:05:48","guid":{"rendered":"https:\/\/www.edesia.al\/?post_type=product&#038;p=6190"},"modified":"2026-02-20T21:16:31","modified_gmt":"2026-02-20T21:16:31","slug":"vaj-esencial-livando","status":"publish","type":"product","link":"https:\/\/www.edesia.al\/?product=vaj-esencial-livando","title":{"rendered":"Vaj Esencial Livando"},"content":{"rendered":"<h3>Vaj Esencial Livando &#8211; 100% Bio Organik, I \u00c7\u00ebrtifikuar (10ml)<\/h3>\n<p>Vaji esencial i livandos \u00ebsht\u00eb nj\u00eb nga vajrat esencial\u00eb m\u00eb t\u00eb p\u00ebrdorur n\u00eb bot\u00eb, por efektet e tij u zbuluan mbi 2500 vite m\u00eb par\u00eb. P\u00ebr shkak t\u00eb vetive t\u00eb tij t\u00eb fuqishme antioksidante, antimikrobiale, sedative, qet\u00ebsuese dhe antidepresive, p\u00ebrfitimet nga vaji i livandos jan\u00eb t\u00eb shumta dhe p\u00ebrdoret si p\u00ebr terapi ashtu edhe p\u00ebr kozmetik\u00eb nd\u00ebr shekuj.\u00a0<u><\/u><\/p>\n<h4>P\u00ebrfitimet e vaj esencial t\u00eb livandos:<\/h4>\n<ul>\n<li>Redukton ankthin dhe stresin emocional<\/li>\n<li>Mbron ndaj simptomave t\u00eb diabetit<\/li>\n<li>P\u00ebrmir\u00ebson funksionin e trurit<\/li>\n<li>Ndihmon n\u00eb sh\u00ebrimin e djegieve dhe plag\u00ebve<\/li>\n<li>P\u00ebrmir\u00ebson gjumin<\/li>\n<li>Rigjeneron l\u00ebkur\u00ebn dhe redukton aknet.<\/li>\n<li>Ngadal\u00ebson plakjen<\/li>\n<li>Leht\u00ebson dhimbjen<\/li>\n<li>\u00c7liron dhimbjen e kok\u00ebs<\/li>\n<li>Aromatizon dhe dezefekton ambjentin.<\/li>\n<\/ul>\n<div class=\"woocommerce-tabs wc-tabs-wrapper\">\n<div id=\"tab-description\" class=\"woocommerce-Tabs-panel woocommerce-Tabs-panel--description panel entry-content wc-tab\" role=\"tabpanel\" aria-labelledby=\"tab-title-description\">\n<h4>Kujdes!<\/h4>\n<p>Vajrat esencial jan\u00eb shum\u00eb t\u00eb koncentruar nuk p\u00ebrdoren asnj\u00ebher\u00eb t\u00eb pa holluar me\u00a0 nj\u00eb produkt tjet\u00ebr bimor. P\u00ebr p\u00ebrdorim t\u00eb brendsh\u00ebm lexoni me kujdes specifikimet n\u00eb paketim, duhet patjet\u00ebr t\u00eb shkruaj q\u00eb mund t\u00eb konsumohet.<\/p>\n<p><em>Nuk rekomandohet:<\/em><\/p>\n<p>1. Grat\u00eb shtatz\u00ebn\u00eb<br \/>\n2. Grat\u00eb q\u00eb kan\u00eb femij\u00ebt n\u00eb gji<br \/>\n3. Pacientet Diabetik<\/p>\n<p>&nbsp;<\/p>\n<\/div>\n<\/div>\n","protected":false},"excerpt":{"rendered":"<p>Vaj esencial livando \u00ebsht\u00eb nj\u00eb mrekulli natyrore p\u00ebr leht\u00ebsimin e pagjum\u00ebsis\u00eb, zvog\u00eblimin e stresit, leht\u00ebsimin e ankthit dhe dhimbjeve t\u00eb kok\u00ebs. P\u00ebrdorimi i k\u00ebtij vaji rekomandohet gjithashtu p\u00ebr masazhe dhe banjot relaksuese kund\u00ebr dhimbjeve t\u00eb muskujve si dhe ne mir\u00ebmbajtjen e l\u00ebkur\u00ebs.<\/p>\n","protected":false},"featured_media":6221,"comment_status":"open","ping_status":"closed","template":"","meta":{"_acf_changed":false,"inline_featured_image":false},"kategori-sipas-dietave":[],"kategori-sipas-problemeve-shende":[],"product_brand":[35],"product_cat":[44,45],"product_tag":[],"class_list":{"0":"post-6190","1":"product","2":"type-product","3":"status-publish","4":"has-post-thumbnail","6":"product_brand-sonnentor-sh-p-k","7":"product_cat-shtepi-stil-jetese","8":"product_cat-vajra-esenciale","10":"first","11":"instock","12":"taxable","13":"shipping-taxable","14":"purchasable","15":"product-type-simple"},"acf":[],"yoast_head":"<!-- This site is optimized with the Yoast SEO plugin v27.4 - https:\/\/yoast.com\/product\/yoast-seo-wordpress\/ -->\n<title>Vaj Esencial Livando - Edesia<\/title>\n<meta name=\"robots\" content=\"index, follow, max-snippet:-1, max-image-preview:large, max-video-preview:-1\" \/>\n<link rel=\"canonical\" href=\"https:\/\/www.edesia.al\/?product=vaj-esencial-livando\" \/>\n<meta property=\"og:locale\" content=\"en_US\" \/>\n<meta property=\"og:type\" content=\"article\" \/>\n<meta property=\"og:title\" content=\"Vaj Esencial Livando - Edesia\" \/>\n<meta property=\"og:description\" content=\"Vaj esencial livando \u00ebsht\u00eb nj\u00eb mrekulli natyrore p\u00ebr leht\u00ebsimin e pagjum\u00ebsis\u00eb, zvog\u00eblimin e stresit, leht\u00ebsimin e ankthit dhe dhimbjeve t\u00eb kok\u00ebs. P\u00ebrdorimi i k\u00ebtij vaji rekomandohet gjithashtu p\u00ebr masazhe dhe banjot relaksuese kund\u00ebr dhimbjeve t\u00eb muskujve si dhe ne mir\u00ebmbajtjen e l\u00ebkur\u00ebs.\" \/>\n<meta property=\"og:url\" content=\"https:\/\/www.edesia.al\/?product=vaj-esencial-livando\" \/>\n<meta property=\"og:site_name\" content=\"Edesia\" \/>\n<meta property=\"article:modified_time\" content=\"2026-02-20T21:16:31+00:00\" \/>\n<meta property=\"og:image\" content=\"https:\/\/www.edesia.al\/wp-content\/uploads\/2026\/02\/Livando-1.webp\" \/>\n\t<meta property=\"og:image:width\" content=\"593\" \/>\n\t<meta property=\"og:image:height\" content=\"593\" \/>\n\t<meta property=\"og:image:type\" content=\"image\/webp\" \/>\n<meta name=\"twitter:card\" content=\"summary_large_image\" \/>\n<meta name=\"twitter:label1\" content=\"Est. reading time\" \/>\n\t<meta name=\"twitter:data1\" content=\"1 minute\" \/>\n<script type=\"application\/ld+json\" class=\"yoast-schema-graph\">{\"@context\":\"https:\\\/\\\/schema.org\",\"@graph\":[{\"@type\":\"WebPage\",\"@id\":\"https:\\\/\\\/www.edesia.al\\\/?product=vaj-esencial-livando\",\"url\":\"https:\\\/\\\/www.edesia.al\\\/?product=vaj-esencial-livando\",\"name\":\"Vaj Esencial Livando - Edesia\",\"isPartOf\":{\"@id\":\"https:\\\/\\\/www.edesia.al\\\/#website\"},\"primaryImageOfPage\":{\"@id\":\"https:\\\/\\\/www.edesia.al\\\/?product=vaj-esencial-livando#primaryimage\"},\"image\":{\"@id\":\"https:\\\/\\\/www.edesia.al\\\/?product=vaj-esencial-livando#primaryimage\"},\"thumbnailUrl\":\"https:\\\/\\\/www.edesia.al\\\/wp-content\\\/uploads\\\/2026\\\/02\\\/Livando-1.webp\",\"datePublished\":\"2026-02-16T21:05:48+00:00\",\"dateModified\":\"2026-02-20T21:16:31+00:00\",\"breadcrumb\":{\"@id\":\"https:\\\/\\\/www.edesia.al\\\/?product=vaj-esencial-livando#breadcrumb\"},\"inLanguage\":\"en-US\",\"potentialAction\":[{\"@type\":\"ReadAction\",\"target\":[\"https:\\\/\\\/www.edesia.al\\\/?product=vaj-esencial-livando\"]}]},{\"@type\":\"ImageObject\",\"inLanguage\":\"en-US\",\"@id\":\"https:\\\/\\\/www.edesia.al\\\/?product=vaj-esencial-livando#primaryimage\",\"url\":\"https:\\\/\\\/www.edesia.al\\\/wp-content\\\/uploads\\\/2026\\\/02\\\/Livando-1.webp\",\"contentUrl\":\"https:\\\/\\\/www.edesia.al\\\/wp-content\\\/uploads\\\/2026\\\/02\\\/Livando-1.webp\",\"width\":593,\"height\":593},{\"@type\":\"BreadcrumbList\",\"@id\":\"https:\\\/\\\/www.edesia.al\\\/?product=vaj-esencial-livando#breadcrumb\",\"itemListElement\":[{\"@type\":\"ListItem\",\"position\":1,\"name\":\"Home\",\"item\":\"https:\\\/\\\/www.edesia.al\\\/\"},{\"@type\":\"ListItem\",\"position\":2,\"name\":\"Dyqani\",\"item\":\"https:\\\/\\\/www.edesia.al\\\/?page_id=17\"},{\"@type\":\"ListItem\",\"position\":3,\"name\":\"Vaj Esencial Livando\"}]},{\"@type\":\"WebSite\",\"@id\":\"https:\\\/\\\/www.edesia.al\\\/#website\",\"url\":\"https:\\\/\\\/www.edesia.al\\\/\",\"name\":\"Edesia\",\"description\":\"\",\"publisher\":{\"@id\":\"https:\\\/\\\/www.edesia.al\\\/#organization\"},\"potentialAction\":[{\"@type\":\"SearchAction\",\"target\":{\"@type\":\"EntryPoint\",\"urlTemplate\":\"https:\\\/\\\/www.edesia.al\\\/?s={search_term_string}\"},\"query-input\":{\"@type\":\"PropertyValueSpecification\",\"valueRequired\":true,\"valueName\":\"search_term_string\"}}],\"inLanguage\":\"en-US\"},{\"@type\":\"Organization\",\"@id\":\"https:\\\/\\\/www.edesia.al\\\/#organization\",\"name\":\"Edesia\",\"url\":\"https:\\\/\\\/www.edesia.al\\\/\",\"logo\":{\"@type\":\"ImageObject\",\"inLanguage\":\"en-US\",\"@id\":\"https:\\\/\\\/www.edesia.al\\\/#\\\/schema\\\/logo\\\/image\\\/\",\"url\":\"https:\\\/\\\/www.edesia.al\\\/wp-content\\\/uploads\\\/2026\\\/02\\\/Logo-Edesia-no-background.png\",\"contentUrl\":\"https:\\\/\\\/www.edesia.al\\\/wp-content\\\/uploads\\\/2026\\\/02\\\/Logo-Edesia-no-background.png\",\"width\":293,\"height\":158,\"caption\":\"Edesia\"},\"image\":{\"@id\":\"https:\\\/\\\/www.edesia.al\\\/#\\\/schema\\\/logo\\\/image\\\/\"}}]}<\/script>\n<!-- \/ Yoast SEO plugin. -->","yoast_head_json":{"title":"Vaj Esencial Livando - Edesia","robots":{"index":"index","follow":"follow","max-snippet":"max-snippet:-1","max-image-preview":"max-image-preview:large","max-video-preview":"max-video-preview:-1"},"canonical":"https:\/\/www.edesia.al\/?product=vaj-esencial-livando","og_locale":"en_US","og_type":"article","og_title":"Vaj Esencial Livando - Edesia","og_description":"Vaj esencial livando \u00ebsht\u00eb nj\u00eb mrekulli natyrore p\u00ebr leht\u00ebsimin e pagjum\u00ebsis\u00eb, zvog\u00eblimin e stresit, leht\u00ebsimin e ankthit dhe dhimbjeve t\u00eb kok\u00ebs. P\u00ebrdorimi i k\u00ebtij vaji rekomandohet gjithashtu p\u00ebr masazhe dhe banjot relaksuese kund\u00ebr dhimbjeve t\u00eb muskujve si dhe ne mir\u00ebmbajtjen e l\u00ebkur\u00ebs.","og_url":"https:\/\/www.edesia.al\/?product=vaj-esencial-livando","og_site_name":"Edesia","article_modified_time":"2026-02-20T21:16:31+00:00","og_image":[{"width":593,"height":593,"url":"https:\/\/www.edesia.al\/wp-content\/uploads\/2026\/02\/Livando-1.webp","type":"image\/webp"}],"twitter_card":"summary_large_image","twitter_misc":{"Est. reading time":"1 minute"},"schema":{"@context":"https:\/\/schema.org","@graph":[{"@type":"WebPage","@id":"https:\/\/www.edesia.al\/?product=vaj-esencial-livando","url":"https:\/\/www.edesia.al\/?product=vaj-esencial-livando","name":"Vaj Esencial Livando - Edesia","isPartOf":{"@id":"https:\/\/www.edesia.al\/#website"},"primaryImageOfPage":{"@id":"https:\/\/www.edesia.al\/?product=vaj-esencial-livando#primaryimage"},"image":{"@id":"https:\/\/www.edesia.al\/?product=vaj-esencial-livando#primaryimage"},"thumbnailUrl":"https:\/\/www.edesia.al\/wp-content\/uploads\/2026\/02\/Livando-1.webp","datePublished":"2026-02-16T21:05:48+00:00","dateModified":"2026-02-20T21:16:31+00:00","breadcrumb":{"@id":"https:\/\/www.edesia.al\/?product=vaj-esencial-livando#breadcrumb"},"inLanguage":"en-US","potentialAction":[{"@type":"ReadAction","target":["https:\/\/www.edesia.al\/?product=vaj-esencial-livando"]}]},{"@type":"ImageObject","inLanguage":"en-US","@id":"https:\/\/www.edesia.al\/?product=vaj-esencial-livando#primaryimage","url":"https:\/\/www.edesia.al\/wp-content\/uploads\/2026\/02\/Livando-1.webp","contentUrl":"https:\/\/www.edesia.al\/wp-content\/uploads\/2026\/02\/Livando-1.webp","width":593,"height":593},{"@type":"BreadcrumbList","@id":"https:\/\/www.edesia.al\/?product=vaj-esencial-livando#breadcrumb","itemListElement":[{"@type":"ListItem","position":1,"name":"Home","item":"https:\/\/www.edesia.al\/"},{"@type":"ListItem","position":2,"name":"Dyqani","item":"https:\/\/www.edesia.al\/?page_id=17"},{"@type":"ListItem","position":3,"name":"Vaj Esencial Livando"}]},{"@type":"WebSite","@id":"https:\/\/www.edesia.al\/#website","url":"https:\/\/www.edesia.al\/","name":"Edesia","description":"","publisher":{"@id":"https:\/\/www.edesia.al\/#organization"},"potentialAction":[{"@type":"SearchAction","target":{"@type":"EntryPoint","urlTemplate":"https:\/\/www.edesia.al\/?s={search_term_string}"},"query-input":{"@type":"PropertyValueSpecification","valueRequired":true,"valueName":"search_term_string"}}],"inLanguage":"en-US"},{"@type":"Organization","@id":"https:\/\/www.edesia.al\/#organization","name":"Edesia","url":"https:\/\/www.edesia.al\/","logo":{"@type":"ImageObject","inLanguage":"en-US","@id":"https:\/\/www.edesia.al\/#\/schema\/logo\/image\/","url":"https:\/\/www.edesia.al\/wp-content\/uploads\/2026\/02\/Logo-Edesia-no-background.png","contentUrl":"https:\/\/www.edesia.al\/wp-content\/uploads\/2026\/02\/Logo-Edesia-no-background.png","width":293,"height":158,"caption":"Edesia"},"image":{"@id":"https:\/\/www.edesia.al\/#\/schema\/logo\/image\/"}}]}},"_links":{"self":[{"href":"https:\/\/www.edesia.al\/index.php?rest_route=\/wp\/v2\/product\/6190","targetHints":{"allow":["GET"]}}],"collection":[{"href":"https:\/\/www.edesia.al\/index.php?rest_route=\/wp\/v2\/product"}],"about":[{"href":"https:\/\/www.edesia.al\/index.php?rest_route=\/wp\/v2\/types\/product"}],"replies":[{"embeddable":true,"href":"https:\/\/www.edesia.al\/index.php?rest_route=%2Fwp%2Fv2%2Fcomments&post=6190"}],"wp:featuredmedia":[{"embeddable":true,"href":"https:\/\/www.edesia.al\/index.php?rest_route=\/wp\/v2\/media\/6221"}],"wp:attachment":[{"href":"https:\/\/www.edesia.al\/index.php?rest_route=%2Fwp%2Fv2%2Fmedia&parent=6190"}],"wp:term":[{"taxonomy":"kategori-sipas-dietave","embeddable":true,"href":"https:\/\/www.edesia.al\/index.php?rest_route=%2Fwp%2Fv2%2Fkategori-sipas-dietave&post=6190"},{"taxonomy":"kategori-sipas-problemeve-shende","embeddable":true,"href":"https:\/\/www.edesia.al\/index.php?rest_route=%2Fwp%2Fv2%2Fkategori-sipas-problemeve-shende&post=6190"},{"taxonomy":"product_brand","embeddable":true,"href":"https:\/\/www.edesia.al\/index.php?rest_route=%2Fwp%2Fv2%2Fproduct_brand&post=6190"},{"taxonomy":"product_cat","embeddable":true,"href":"https:\/\/www.edesia.al\/index.php?rest_route=%2Fwp%2Fv2%2Fproduct_cat&post=6190"},{"taxonomy":"product_tag","embeddable":true,"href":"https:\/\/www.edesia.al\/index.php?rest_route=%2Fwp%2Fv2%2Fproduct_tag&post=6190"}],"curies":[{"name":"wp","href":"https:\/\/api.w.org\/{rel}","templated":true}]}}