{"id":6191,"date":"2026-02-16T21:05:48","date_gmt":"2026-02-16T21:05:48","guid":{"rendered":"https:\/\/www.edesia.al\/?post_type=product&#038;p=6191"},"modified":"2026-02-20T21:16:48","modified_gmt":"2026-02-20T21:16:48","slug":"vaj-esencial-rozmarine","status":"publish","type":"product","link":"https:\/\/www.edesia.al\/?product=vaj-esencial-rozmarine","title":{"rendered":"Vaj Esencial Rozmarine"},"content":{"rendered":"<h3>Vaj Esencial Rozmarine &#8211; 100% Bio Organike, I Certifikuar (10ml)<\/h3>\n<p>Vaj esencial i Rozmarin\u00ebs (Rosmarinus officinalis) konsiderohet i shenjt\u00eb nga grek\u00ebt e lasht\u00eb, romak\u00ebt, egjiptian\u00ebt dhe hebrenjve, \u00ebsht\u00eb shum\u00eb m\u00eb tep\u00ebr se nj\u00eb bim\u00eb aromatike e cila i jep shije t\u00eb mir\u00eb gatimeve sidomos t\u00eb pjekura. \u00cbsht\u00eb gjithashtu nj\u00eb prej bim\u00ebve dhe vajrave esenciale m\u00eb t\u00eb fuqishme n\u00eb planet.<\/p>\n<h4><strong>P\u00ebrfitimet e vajit esencial t\u00eb rozmarin\u00ebs:<\/strong><\/h4>\n<ul>\n<li>Parandalon r\u00ebnien e flok\u00ebve dhe stimulon rritjen<\/li>\n<\/ul>\n<p>Alopecia androgjenike, zakonisht e njohur si r\u00ebnia e flok\u00ebve me zona, \u00ebsht\u00eb nj\u00eb form\u00eb e zakonshme e humbjes s\u00eb flok\u00ebve q\u00eb besohet t\u00eb jet\u00eb i lidhur me gjenetik\u00ebn dhe hormonet seksuale t\u00eb nj\u00eb personi. Nj\u00eb n\u00ebnprodukt i testosteronit i quajtur dihydrotestosterone (DHT) \u00ebsht\u00eb i njohur p\u00ebr t\u00eb sulmuar folikulat e flok\u00ebve q\u00eb \u00e7ojn\u00eb n\u00eb humbjen e flok\u00ebve t\u00eb p\u00ebrhersh\u00ebm, e cila \u00ebsht\u00eb nj\u00eb problem p\u00ebr t\u00eb dy gjinit\u00eb, por sidomos p\u00ebr burrat q\u00eb prodhojn\u00eb m\u00eb shum\u00eb testosterone se grat\u00eb.<\/p>\n<ul>\n<li>P\u00ebrmir\u00ebson memorien<\/li>\n<\/ul>\n<ol>\n<li>Vaji i Rozmarin\u00ebs p\u00ebrmir\u00ebsoi duksh\u00ebm cil\u00ebsin\u00eb e p\u00ebrgjithshme t\u00eb kujtes\u00ebs dhe faktor\u00ebt e memories sekondare. &#8220;<\/li>\n<li>Vaji i Rozmarin\u00ebs ndihmoi njer\u00ebzit t\u00eb b\u00ebheshin m\u00eb t\u00eb v\u00ebmendsh\u00ebm.<\/li>\n<li>Vaji i Livandos dhe rozmarin\u00ebs ndihmuan t\u00eb shfaqej nj\u00eb ndjenj\u00eb &#8220;k\u00ebnaq\u00ebsie&#8221; tek vullnetar\u00ebt.<\/li>\n<li>Duke\u00a0 pasur nj\u00eb ndikim m\u00eb t\u00eb gj\u00ebr\u00eb se vet\u00ebm tek, studimet kan\u00eb zbuluar gjithashtu se vaj esencial i rozmarin\u00ebs mund t\u00eb ndihmoj\u00eb n\u00eb trajtimin dhe parandalimin e s\u00ebmundjes Alzheimer.<\/li>\n<\/ol>\n<ul>\n<li>Mir\u00ebfunksionimi i M\u00ebl\u00e7is\u00eb:<\/li>\n<\/ul>\n<p>Tradicionalisht i p\u00ebrdorur p\u00ebr aft\u00ebsin\u00eb e saj p\u00ebr t\u00eb ndihmuar me problemet gastrointestinale, rozmarina \u00ebsht\u00eb gjithashtu nj\u00eb pastrues fantastik i m\u00ebl\u00e7is\u00eb. \u00cbsht\u00eb nj\u00eb barishte e njohur p\u00ebr efektet e saj choleretic-e dhe hepatoprotective.&#8221;Choleretic&#8221; do t\u00eb thot\u00eb se rozmarina \u00ebsht\u00eb nj\u00eb substanc\u00eb q\u00eb rrit sasin\u00eb e bilirubin\u00ebs. Hepatoprotektivi n\u00ebnkupton aft\u00ebsin\u00eb p\u00ebr t\u00eb parandaluar d\u00ebmtimin e m\u00ebl\u00e7is\u00eb..<\/p>\n<ul>\n<li>Zvog\u00eblon kortizolin<\/li>\n<\/ul>\n<p>Nj\u00eb studim i kryer nga Universiteti Meikai, Shkolla e Stomatologjis\u00eb n\u00eb Japoni\u00a0 vler\u00ebsoi se si pes\u00eb minuta e aromaterapis\u00eb me vaj esencial livandoje dhe rozmarine preku nivelet e kortizolit t\u00eb p\u00ebshtym\u00ebs (hormon &#8220;stresi&#8221;) t\u00eb 22 vullnetar\u00ebve t\u00eb sh\u00ebndetsh\u00ebm.<br \/>\nPas v\u00ebzhgimit q\u00eb t\u00eb dy vajrat esenciale rrisin aktivitetin e pastrimit t\u00eb radikaleve t\u00eb lira, ata gjithashtu zbuluan se nivelet e kortizolit n\u00eb mas\u00eb t\u00eb madhe reduktohen, gj\u00eb q\u00eb mbron trupin nga s\u00ebmundja kronike p\u00ebr shkak t\u00eb stresit oksidativ.<\/p>\n<ul>\n<li>\u00a0Lufton kancerin<\/li>\n<\/ul>\n<p>P\u00ebrve\u00e7 se \u00ebsht\u00eb nj\u00eb antioksidant i pasur, rozmarina \u00ebsht\u00eb gjithashtu e njohur p\u00ebr vetit\u00eb anti-kancer dhe anti-inflamatore. Nj\u00eb nga komponent\u00ebt kryesor aktiv t\u00eb rozmaris\u00eb \u00ebsht\u00eb karnosoli. Karnosol \u00ebsht\u00eb vler\u00ebsuar p\u00ebr vetit\u00eb e saj kund\u00ebr kancerit n\u00eb prostat\u00eb, gji, l\u00ebkur\u00eb, leu\u00e7emi dhe kancer t\u00eb zorr\u00ebs s\u00eb trash\u00eb me rezultate premtuese. P\u00ebrve\u00e7 k\u00ebsaj, karnosol duket se ka &#8220;nj\u00eb toksicitet selektiv ndaj qelizave t\u00eb kancerit kundrejt qelizave jo tumorogjenike\u201d.<\/p>\n<h4>Kujdes!<\/h4>\n<p>Vajrat esencial jan\u00eb shum\u00eb t\u00eb koncentruar nuk p\u00ebrdoren asnj\u00ebher\u00eb t\u00eb pa holluar me\u00a0 nj\u00eb produkt tjet\u00ebr bimor. P\u00ebr p\u00ebrdorim t\u00eb brendsh\u00ebm lexoni me kujdes specifikimet n\u00eb paketim, duhet patjet\u00ebr t\u00eb shkruaj q\u00eb mund t\u00eb konsumohet.<\/p>\n<p><em>Nuk rekomandohet:<\/em><\/p>\n<p>1. Grat\u00eb shtatz\u00ebna.<br \/>\n2. Grat\u00eb q\u00eb kan\u00eb femij\u00ebt n\u00eb gji.<br \/>\n3. Pacientet Diabetik.<\/p>\n<p>&nbsp;<\/p>\n<p>&nbsp;<\/p>\n","protected":false},"excerpt":{"rendered":"<p>Vaj esencial i rozmarin\u00ebs \u00ebsht\u00eb nxjerr\u00eb nga gjethet dhe majat e lul\u00ebzuara t\u00eb bim\u00ebve. Me nj\u00eb arom\u00eb dhe me gjelb\u00ebrim t\u00eb p\u00ebrhersh\u00ebm, vaji i\u00a0 rozmarin\u00ebs\u00a0 zakonisht p\u00ebrshkruhet si gjall\u00ebrues dhe pastrues.<br \/>\nShumica e efekteve t\u00eb dobishme sh\u00ebndet\u00ebsore t\u00eb rozmarin\u00ebs i atribuohet aktivitetit t\u00eb lart\u00eb antioksidues t\u00eb p\u00ebrb\u00ebr\u00ebsve t\u00eb saj kryesor\u00eb kimik\u00eb, duke p\u00ebrfshir\u00eb carnosol, acid karnozik, acid ursolik, acid rosmarinik dhe acid kafeik.<\/p>\n","protected":false},"featured_media":6222,"comment_status":"open","ping_status":"closed","template":"","meta":{"_acf_changed":false,"inline_featured_image":false},"kategori-sipas-dietave":[],"kategori-sipas-problemeve-shende":[],"product_brand":[35],"product_cat":[44,45],"product_tag":[],"class_list":{"0":"post-6191","1":"product","2":"type-product","3":"status-publish","4":"has-post-thumbnail","6":"product_brand-sonnentor-sh-p-k","7":"product_cat-shtepi-stil-jetese","8":"product_cat-vajra-esenciale","10":"first","11":"instock","12":"taxable","13":"shipping-taxable","14":"purchasable","15":"product-type-simple"},"acf":[],"yoast_head":"<!-- This site is optimized with the Yoast SEO plugin v27.4 - https:\/\/yoast.com\/product\/yoast-seo-wordpress\/ -->\n<title>Vaj Esencial Rozmarine - Edesia<\/title>\n<meta name=\"robots\" content=\"index, follow, max-snippet:-1, max-image-preview:large, max-video-preview:-1\" \/>\n<link rel=\"canonical\" href=\"https:\/\/www.edesia.al\/?product=vaj-esencial-rozmarine\" \/>\n<meta property=\"og:locale\" content=\"en_US\" \/>\n<meta property=\"og:type\" content=\"article\" \/>\n<meta property=\"og:title\" content=\"Vaj Esencial Rozmarine - Edesia\" \/>\n<meta property=\"og:description\" content=\"Vaj esencial i rozmarin\u00ebs \u00ebsht\u00eb nxjerr\u00eb nga gjethet dhe majat e lul\u00ebzuara t\u00eb bim\u00ebve. Me nj\u00eb arom\u00eb dhe me gjelb\u00ebrim t\u00eb p\u00ebrhersh\u00ebm, vaji i\u00a0 rozmarin\u00ebs\u00a0 zakonisht p\u00ebrshkruhet si gjall\u00ebrues dhe pastrues. Shumica e efekteve t\u00eb dobishme sh\u00ebndet\u00ebsore t\u00eb rozmarin\u00ebs i atribuohet aktivitetit t\u00eb lart\u00eb antioksidues t\u00eb p\u00ebrb\u00ebr\u00ebsve t\u00eb saj kryesor\u00eb kimik\u00eb, duke p\u00ebrfshir\u00eb carnosol, acid karnozik, acid ursolik, acid rosmarinik dhe acid kafeik.\" \/>\n<meta property=\"og:url\" content=\"https:\/\/www.edesia.al\/?product=vaj-esencial-rozmarine\" \/>\n<meta property=\"og:site_name\" content=\"Edesia\" \/>\n<meta property=\"article:modified_time\" content=\"2026-02-20T21:16:48+00:00\" \/>\n<meta property=\"og:image\" content=\"https:\/\/www.edesia.al\/wp-content\/uploads\/2026\/02\/Rosmarin-2.webp\" \/>\n\t<meta property=\"og:image:width\" content=\"593\" \/>\n\t<meta property=\"og:image:height\" content=\"593\" \/>\n\t<meta property=\"og:image:type\" content=\"image\/webp\" \/>\n<meta name=\"twitter:card\" content=\"summary_large_image\" \/>\n<meta name=\"twitter:label1\" content=\"Est. reading time\" \/>\n\t<meta name=\"twitter:data1\" content=\"3 minutes\" \/>\n<script type=\"application\/ld+json\" class=\"yoast-schema-graph\">{\"@context\":\"https:\\\/\\\/schema.org\",\"@graph\":[{\"@type\":\"WebPage\",\"@id\":\"https:\\\/\\\/www.edesia.al\\\/?product=vaj-esencial-rozmarine\",\"url\":\"https:\\\/\\\/www.edesia.al\\\/?product=vaj-esencial-rozmarine\",\"name\":\"Vaj Esencial Rozmarine - Edesia\",\"isPartOf\":{\"@id\":\"https:\\\/\\\/www.edesia.al\\\/#website\"},\"primaryImageOfPage\":{\"@id\":\"https:\\\/\\\/www.edesia.al\\\/?product=vaj-esencial-rozmarine#primaryimage\"},\"image\":{\"@id\":\"https:\\\/\\\/www.edesia.al\\\/?product=vaj-esencial-rozmarine#primaryimage\"},\"thumbnailUrl\":\"https:\\\/\\\/www.edesia.al\\\/wp-content\\\/uploads\\\/2026\\\/02\\\/Rosmarin-2.webp\",\"datePublished\":\"2026-02-16T21:05:48+00:00\",\"dateModified\":\"2026-02-20T21:16:48+00:00\",\"breadcrumb\":{\"@id\":\"https:\\\/\\\/www.edesia.al\\\/?product=vaj-esencial-rozmarine#breadcrumb\"},\"inLanguage\":\"en-US\",\"potentialAction\":[{\"@type\":\"ReadAction\",\"target\":[\"https:\\\/\\\/www.edesia.al\\\/?product=vaj-esencial-rozmarine\"]}]},{\"@type\":\"ImageObject\",\"inLanguage\":\"en-US\",\"@id\":\"https:\\\/\\\/www.edesia.al\\\/?product=vaj-esencial-rozmarine#primaryimage\",\"url\":\"https:\\\/\\\/www.edesia.al\\\/wp-content\\\/uploads\\\/2026\\\/02\\\/Rosmarin-2.webp\",\"contentUrl\":\"https:\\\/\\\/www.edesia.al\\\/wp-content\\\/uploads\\\/2026\\\/02\\\/Rosmarin-2.webp\",\"width\":593,\"height\":593},{\"@type\":\"BreadcrumbList\",\"@id\":\"https:\\\/\\\/www.edesia.al\\\/?product=vaj-esencial-rozmarine#breadcrumb\",\"itemListElement\":[{\"@type\":\"ListItem\",\"position\":1,\"name\":\"Home\",\"item\":\"https:\\\/\\\/www.edesia.al\\\/\"},{\"@type\":\"ListItem\",\"position\":2,\"name\":\"Dyqani\",\"item\":\"https:\\\/\\\/www.edesia.al\\\/?page_id=17\"},{\"@type\":\"ListItem\",\"position\":3,\"name\":\"Vaj Esencial Rozmarine\"}]},{\"@type\":\"WebSite\",\"@id\":\"https:\\\/\\\/www.edesia.al\\\/#website\",\"url\":\"https:\\\/\\\/www.edesia.al\\\/\",\"name\":\"Edesia\",\"description\":\"\",\"publisher\":{\"@id\":\"https:\\\/\\\/www.edesia.al\\\/#organization\"},\"potentialAction\":[{\"@type\":\"SearchAction\",\"target\":{\"@type\":\"EntryPoint\",\"urlTemplate\":\"https:\\\/\\\/www.edesia.al\\\/?s={search_term_string}\"},\"query-input\":{\"@type\":\"PropertyValueSpecification\",\"valueRequired\":true,\"valueName\":\"search_term_string\"}}],\"inLanguage\":\"en-US\"},{\"@type\":\"Organization\",\"@id\":\"https:\\\/\\\/www.edesia.al\\\/#organization\",\"name\":\"Edesia\",\"url\":\"https:\\\/\\\/www.edesia.al\\\/\",\"logo\":{\"@type\":\"ImageObject\",\"inLanguage\":\"en-US\",\"@id\":\"https:\\\/\\\/www.edesia.al\\\/#\\\/schema\\\/logo\\\/image\\\/\",\"url\":\"https:\\\/\\\/www.edesia.al\\\/wp-content\\\/uploads\\\/2026\\\/02\\\/Logo-Edesia-no-background.png\",\"contentUrl\":\"https:\\\/\\\/www.edesia.al\\\/wp-content\\\/uploads\\\/2026\\\/02\\\/Logo-Edesia-no-background.png\",\"width\":293,\"height\":158,\"caption\":\"Edesia\"},\"image\":{\"@id\":\"https:\\\/\\\/www.edesia.al\\\/#\\\/schema\\\/logo\\\/image\\\/\"}}]}<\/script>\n<!-- \/ Yoast SEO plugin. -->","yoast_head_json":{"title":"Vaj Esencial Rozmarine - Edesia","robots":{"index":"index","follow":"follow","max-snippet":"max-snippet:-1","max-image-preview":"max-image-preview:large","max-video-preview":"max-video-preview:-1"},"canonical":"https:\/\/www.edesia.al\/?product=vaj-esencial-rozmarine","og_locale":"en_US","og_type":"article","og_title":"Vaj Esencial Rozmarine - Edesia","og_description":"Vaj esencial i rozmarin\u00ebs \u00ebsht\u00eb nxjerr\u00eb nga gjethet dhe majat e lul\u00ebzuara t\u00eb bim\u00ebve. Me nj\u00eb arom\u00eb dhe me gjelb\u00ebrim t\u00eb p\u00ebrhersh\u00ebm, vaji i\u00a0 rozmarin\u00ebs\u00a0 zakonisht p\u00ebrshkruhet si gjall\u00ebrues dhe pastrues. Shumica e efekteve t\u00eb dobishme sh\u00ebndet\u00ebsore t\u00eb rozmarin\u00ebs i atribuohet aktivitetit t\u00eb lart\u00eb antioksidues t\u00eb p\u00ebrb\u00ebr\u00ebsve t\u00eb saj kryesor\u00eb kimik\u00eb, duke p\u00ebrfshir\u00eb carnosol, acid karnozik, acid ursolik, acid rosmarinik dhe acid kafeik.","og_url":"https:\/\/www.edesia.al\/?product=vaj-esencial-rozmarine","og_site_name":"Edesia","article_modified_time":"2026-02-20T21:16:48+00:00","og_image":[{"width":593,"height":593,"url":"https:\/\/www.edesia.al\/wp-content\/uploads\/2026\/02\/Rosmarin-2.webp","type":"image\/webp"}],"twitter_card":"summary_large_image","twitter_misc":{"Est. reading time":"3 minutes"},"schema":{"@context":"https:\/\/schema.org","@graph":[{"@type":"WebPage","@id":"https:\/\/www.edesia.al\/?product=vaj-esencial-rozmarine","url":"https:\/\/www.edesia.al\/?product=vaj-esencial-rozmarine","name":"Vaj Esencial Rozmarine - Edesia","isPartOf":{"@id":"https:\/\/www.edesia.al\/#website"},"primaryImageOfPage":{"@id":"https:\/\/www.edesia.al\/?product=vaj-esencial-rozmarine#primaryimage"},"image":{"@id":"https:\/\/www.edesia.al\/?product=vaj-esencial-rozmarine#primaryimage"},"thumbnailUrl":"https:\/\/www.edesia.al\/wp-content\/uploads\/2026\/02\/Rosmarin-2.webp","datePublished":"2026-02-16T21:05:48+00:00","dateModified":"2026-02-20T21:16:48+00:00","breadcrumb":{"@id":"https:\/\/www.edesia.al\/?product=vaj-esencial-rozmarine#breadcrumb"},"inLanguage":"en-US","potentialAction":[{"@type":"ReadAction","target":["https:\/\/www.edesia.al\/?product=vaj-esencial-rozmarine"]}]},{"@type":"ImageObject","inLanguage":"en-US","@id":"https:\/\/www.edesia.al\/?product=vaj-esencial-rozmarine#primaryimage","url":"https:\/\/www.edesia.al\/wp-content\/uploads\/2026\/02\/Rosmarin-2.webp","contentUrl":"https:\/\/www.edesia.al\/wp-content\/uploads\/2026\/02\/Rosmarin-2.webp","width":593,"height":593},{"@type":"BreadcrumbList","@id":"https:\/\/www.edesia.al\/?product=vaj-esencial-rozmarine#breadcrumb","itemListElement":[{"@type":"ListItem","position":1,"name":"Home","item":"https:\/\/www.edesia.al\/"},{"@type":"ListItem","position":2,"name":"Dyqani","item":"https:\/\/www.edesia.al\/?page_id=17"},{"@type":"ListItem","position":3,"name":"Vaj Esencial Rozmarine"}]},{"@type":"WebSite","@id":"https:\/\/www.edesia.al\/#website","url":"https:\/\/www.edesia.al\/","name":"Edesia","description":"","publisher":{"@id":"https:\/\/www.edesia.al\/#organization"},"potentialAction":[{"@type":"SearchAction","target":{"@type":"EntryPoint","urlTemplate":"https:\/\/www.edesia.al\/?s={search_term_string}"},"query-input":{"@type":"PropertyValueSpecification","valueRequired":true,"valueName":"search_term_string"}}],"inLanguage":"en-US"},{"@type":"Organization","@id":"https:\/\/www.edesia.al\/#organization","name":"Edesia","url":"https:\/\/www.edesia.al\/","logo":{"@type":"ImageObject","inLanguage":"en-US","@id":"https:\/\/www.edesia.al\/#\/schema\/logo\/image\/","url":"https:\/\/www.edesia.al\/wp-content\/uploads\/2026\/02\/Logo-Edesia-no-background.png","contentUrl":"https:\/\/www.edesia.al\/wp-content\/uploads\/2026\/02\/Logo-Edesia-no-background.png","width":293,"height":158,"caption":"Edesia"},"image":{"@id":"https:\/\/www.edesia.al\/#\/schema\/logo\/image\/"}}]}},"_links":{"self":[{"href":"https:\/\/www.edesia.al\/index.php?rest_route=\/wp\/v2\/product\/6191","targetHints":{"allow":["GET"]}}],"collection":[{"href":"https:\/\/www.edesia.al\/index.php?rest_route=\/wp\/v2\/product"}],"about":[{"href":"https:\/\/www.edesia.al\/index.php?rest_route=\/wp\/v2\/types\/product"}],"replies":[{"embeddable":true,"href":"https:\/\/www.edesia.al\/index.php?rest_route=%2Fwp%2Fv2%2Fcomments&post=6191"}],"wp:featuredmedia":[{"embeddable":true,"href":"https:\/\/www.edesia.al\/index.php?rest_route=\/wp\/v2\/media\/6222"}],"wp:attachment":[{"href":"https:\/\/www.edesia.al\/index.php?rest_route=%2Fwp%2Fv2%2Fmedia&parent=6191"}],"wp:term":[{"taxonomy":"kategori-sipas-dietave","embeddable":true,"href":"https:\/\/www.edesia.al\/index.php?rest_route=%2Fwp%2Fv2%2Fkategori-sipas-dietave&post=6191"},{"taxonomy":"kategori-sipas-problemeve-shende","embeddable":true,"href":"https:\/\/www.edesia.al\/index.php?rest_route=%2Fwp%2Fv2%2Fkategori-sipas-problemeve-shende&post=6191"},{"taxonomy":"product_brand","embeddable":true,"href":"https:\/\/www.edesia.al\/index.php?rest_route=%2Fwp%2Fv2%2Fproduct_brand&post=6191"},{"taxonomy":"product_cat","embeddable":true,"href":"https:\/\/www.edesia.al\/index.php?rest_route=%2Fwp%2Fv2%2Fproduct_cat&post=6191"},{"taxonomy":"product_tag","embeddable":true,"href":"https:\/\/www.edesia.al\/index.php?rest_route=%2Fwp%2Fv2%2Fproduct_tag&post=6191"}],"curies":[{"name":"wp","href":"https:\/\/api.w.org\/{rel}","templated":true}]}}