{"id":6192,"date":"2026-02-16T21:05:48","date_gmt":"2026-02-16T21:05:48","guid":{"rendered":"https:\/\/www.edesia.al\/?post_type=product&#038;p=6192"},"modified":"2026-02-20T21:17:22","modified_gmt":"2026-02-20T21:17:22","slug":"vaj-esencial-patchouli","status":"publish","type":"product","link":"https:\/\/www.edesia.al\/?product=vaj-esencial-patchouli","title":{"rendered":"Vaj Esencial Patchouli"},"content":{"rendered":"<h3>Vaj Esencial Patchouli &#8211; 100% Bio Organik, I c\u00ebrtifikuar (10ml)<\/h3>\n<p>Prodhuar n\u00eb Azin Juglindore dhe m\u00eb pas n\u00eb Amerik\u00ebn e Jugut, vaji i patchouli tani p\u00ebrdoret gjer\u00ebsisht n\u00eb mjek\u00ebsi dhe kozmetologji. Nxirret n\u00eb m\u00ebnyr\u00eb aktive me distilim me avull t\u00eb gjetheve dhe tuf\u00eb lulesh t\u00eb bim\u00ebs.<\/p>\n<h4>P\u00ebrfitimet e vajit esencial te paschoulit:<\/h4>\n<ul>\n<li>Anti-inflamator;<\/li>\n<li>Antifungale; ndihmon p\u00ebr t\u00eb hequr qafe s\u00ebmundjet k\u00ebrpudhore t\u00eb thonjve, herpesin dhe likenin;<\/li>\n<li>Antiseptik, mund t\u00eb p\u00ebrdoret p\u00ebr t\u00eb trajtuar plag\u00ebt;<\/li>\n<li>Tonik; p\u00ebrkryer forcon l\u00ebkur\u00ebn dhe barazon tonin e saj;<\/li>\n<li>Tet\u00ebsues; aroma e bim\u00ebs ka nj\u00eb efekt t\u00eb dobish\u00ebm n\u00eb sistemin nervor, duke sjell\u00eb nj\u00eb person nga nj\u00eb gjendje stresi, depresioni;<\/li>\n<li>Antipiretik;<\/li>\n<li>Diuretik, largon l\u00ebngun e tep\u00ebrt nga trupi dhe leht\u00ebson \u00ebnjtjen;<\/li>\n<li>Emocionuese, p\u00ebrmir\u00ebson fuqin\u00eb mashkullore, vepron si afrodiziak p\u00ebr grat\u00eb;<\/li>\n<li>Insekticid, aroma i b\u00ebn insektet t\u00eb largohen nga dhoma n\u00eb t\u00eb cil\u00ebn jetojn\u00eb;<\/li>\n<li>P\u00ebrmir\u00ebsimi i kujtes\u00ebs dhe p\u00ebrqendrimit;<\/li>\n<li>Puftimi i ftohjeve; thithja me avull eter leht\u00ebson shpejt rrjedhjen e hund\u00ebve, koll\u00ebn dhe dhimbjen e fytit;<\/li>\n<li>P\u00ebrmir\u00ebsimin e metabolizmit.<\/li>\n<\/ul>\n<h4>Kujdes!<\/h4>\n<p>Vajrat esencial jan\u00eb shum\u00eb t\u00eb koncentruar nuk p\u00ebrdoren asnj\u00ebher\u00eb t\u00eb pa holluar me\u00a0 nj\u00eb produkt tjet\u00ebr bimor. P\u00ebr p\u00ebrdorim t\u00eb brendsh\u00ebm lexoni me kujdes specifikimet n\u00eb paketim, duhet patjet\u00ebr t\u00eb shkruaj q\u00eb mund t\u00eb konsumohet.<\/p>\n<p><em>Nuk rekomandohet:<\/em><\/p>\n<p>1. Grat\u00eb shtatz\u00ebn\u00eb<br \/>\n2. Grat\u00eb q\u00eb kan\u00eb femij\u00ebt n\u00eb gji<br \/>\n3. Pacientet Diabetik<\/p>\n","protected":false},"excerpt":{"rendered":"<p>Karakteristikat e dobishme t\u00eb vajit patchouli jan\u00eb njohur q\u00eb nga koh\u00ebrat antike. P\u00ebr shkak t\u00eb fitokompozimit t\u00eb tij t\u00eb pasur, ky ester ndihmon n\u00eb m\u00ebnyr\u00eb t\u00eb p\u00ebrsosur p\u00ebr t\u00eb p\u00ebrballuar shum\u00eb s\u00ebmundje, rikthen rinin\u00eb e l\u00ebkur\u00ebs dhe i jep qart\u00ebsi mendjes.<\/p>\n","protected":false},"featured_media":6223,"comment_status":"open","ping_status":"closed","template":"","meta":{"_acf_changed":false,"inline_featured_image":false},"kategori-sipas-dietave":[],"kategori-sipas-problemeve-shende":[],"product_brand":[35],"product_cat":[44,45],"product_tag":[],"class_list":{"0":"post-6192","1":"product","2":"type-product","3":"status-publish","4":"has-post-thumbnail","6":"product_brand-sonnentor-sh-p-k","7":"product_cat-shtepi-stil-jetese","8":"product_cat-vajra-esenciale","10":"first","11":"instock","12":"taxable","13":"shipping-taxable","14":"purchasable","15":"product-type-simple"},"acf":[],"yoast_head":"<!-- This site is optimized with the Yoast SEO plugin v27.4 - https:\/\/yoast.com\/product\/yoast-seo-wordpress\/ -->\n<title>Vaj Esencial Patchouli - Edesia<\/title>\n<meta name=\"robots\" content=\"index, follow, max-snippet:-1, max-image-preview:large, max-video-preview:-1\" \/>\n<link rel=\"canonical\" href=\"https:\/\/www.edesia.al\/?product=vaj-esencial-patchouli\" \/>\n<meta property=\"og:locale\" content=\"en_US\" \/>\n<meta property=\"og:type\" content=\"article\" \/>\n<meta property=\"og:title\" content=\"Vaj Esencial Patchouli - Edesia\" \/>\n<meta property=\"og:description\" content=\"Karakteristikat e dobishme t\u00eb vajit patchouli jan\u00eb njohur q\u00eb nga koh\u00ebrat antike. P\u00ebr shkak t\u00eb fitokompozimit t\u00eb tij t\u00eb pasur, ky ester ndihmon n\u00eb m\u00ebnyr\u00eb t\u00eb p\u00ebrsosur p\u00ebr t\u00eb p\u00ebrballuar shum\u00eb s\u00ebmundje, rikthen rinin\u00eb e l\u00ebkur\u00ebs dhe i jep qart\u00ebsi mendjes.\" \/>\n<meta property=\"og:url\" content=\"https:\/\/www.edesia.al\/?product=vaj-esencial-patchouli\" \/>\n<meta property=\"og:site_name\" content=\"Edesia\" \/>\n<meta property=\"article:modified_time\" content=\"2026-02-20T21:17:22+00:00\" \/>\n<meta property=\"og:image\" content=\"https:\/\/www.edesia.al\/wp-content\/uploads\/2026\/02\/Patchouli-1.webp\" \/>\n\t<meta property=\"og:image:width\" content=\"593\" \/>\n\t<meta property=\"og:image:height\" content=\"593\" \/>\n\t<meta property=\"og:image:type\" content=\"image\/webp\" \/>\n<meta name=\"twitter:card\" content=\"summary_large_image\" \/>\n<meta name=\"twitter:label1\" content=\"Est. reading time\" \/>\n\t<meta name=\"twitter:data1\" content=\"1 minute\" \/>\n<script type=\"application\/ld+json\" class=\"yoast-schema-graph\">{\"@context\":\"https:\\\/\\\/schema.org\",\"@graph\":[{\"@type\":\"WebPage\",\"@id\":\"https:\\\/\\\/www.edesia.al\\\/?product=vaj-esencial-patchouli\",\"url\":\"https:\\\/\\\/www.edesia.al\\\/?product=vaj-esencial-patchouli\",\"name\":\"Vaj Esencial Patchouli - Edesia\",\"isPartOf\":{\"@id\":\"https:\\\/\\\/www.edesia.al\\\/#website\"},\"primaryImageOfPage\":{\"@id\":\"https:\\\/\\\/www.edesia.al\\\/?product=vaj-esencial-patchouli#primaryimage\"},\"image\":{\"@id\":\"https:\\\/\\\/www.edesia.al\\\/?product=vaj-esencial-patchouli#primaryimage\"},\"thumbnailUrl\":\"https:\\\/\\\/www.edesia.al\\\/wp-content\\\/uploads\\\/2026\\\/02\\\/Patchouli-1.webp\",\"datePublished\":\"2026-02-16T21:05:48+00:00\",\"dateModified\":\"2026-02-20T21:17:22+00:00\",\"breadcrumb\":{\"@id\":\"https:\\\/\\\/www.edesia.al\\\/?product=vaj-esencial-patchouli#breadcrumb\"},\"inLanguage\":\"en-US\",\"potentialAction\":[{\"@type\":\"ReadAction\",\"target\":[\"https:\\\/\\\/www.edesia.al\\\/?product=vaj-esencial-patchouli\"]}]},{\"@type\":\"ImageObject\",\"inLanguage\":\"en-US\",\"@id\":\"https:\\\/\\\/www.edesia.al\\\/?product=vaj-esencial-patchouli#primaryimage\",\"url\":\"https:\\\/\\\/www.edesia.al\\\/wp-content\\\/uploads\\\/2026\\\/02\\\/Patchouli-1.webp\",\"contentUrl\":\"https:\\\/\\\/www.edesia.al\\\/wp-content\\\/uploads\\\/2026\\\/02\\\/Patchouli-1.webp\",\"width\":593,\"height\":593},{\"@type\":\"BreadcrumbList\",\"@id\":\"https:\\\/\\\/www.edesia.al\\\/?product=vaj-esencial-patchouli#breadcrumb\",\"itemListElement\":[{\"@type\":\"ListItem\",\"position\":1,\"name\":\"Home\",\"item\":\"https:\\\/\\\/www.edesia.al\\\/\"},{\"@type\":\"ListItem\",\"position\":2,\"name\":\"Dyqani\",\"item\":\"https:\\\/\\\/www.edesia.al\\\/?page_id=17\"},{\"@type\":\"ListItem\",\"position\":3,\"name\":\"Vaj Esencial Patchouli\"}]},{\"@type\":\"WebSite\",\"@id\":\"https:\\\/\\\/www.edesia.al\\\/#website\",\"url\":\"https:\\\/\\\/www.edesia.al\\\/\",\"name\":\"Edesia\",\"description\":\"\",\"publisher\":{\"@id\":\"https:\\\/\\\/www.edesia.al\\\/#organization\"},\"potentialAction\":[{\"@type\":\"SearchAction\",\"target\":{\"@type\":\"EntryPoint\",\"urlTemplate\":\"https:\\\/\\\/www.edesia.al\\\/?s={search_term_string}\"},\"query-input\":{\"@type\":\"PropertyValueSpecification\",\"valueRequired\":true,\"valueName\":\"search_term_string\"}}],\"inLanguage\":\"en-US\"},{\"@type\":\"Organization\",\"@id\":\"https:\\\/\\\/www.edesia.al\\\/#organization\",\"name\":\"Edesia\",\"url\":\"https:\\\/\\\/www.edesia.al\\\/\",\"logo\":{\"@type\":\"ImageObject\",\"inLanguage\":\"en-US\",\"@id\":\"https:\\\/\\\/www.edesia.al\\\/#\\\/schema\\\/logo\\\/image\\\/\",\"url\":\"https:\\\/\\\/www.edesia.al\\\/wp-content\\\/uploads\\\/2026\\\/02\\\/Logo-Edesia-no-background.png\",\"contentUrl\":\"https:\\\/\\\/www.edesia.al\\\/wp-content\\\/uploads\\\/2026\\\/02\\\/Logo-Edesia-no-background.png\",\"width\":293,\"height\":158,\"caption\":\"Edesia\"},\"image\":{\"@id\":\"https:\\\/\\\/www.edesia.al\\\/#\\\/schema\\\/logo\\\/image\\\/\"}}]}<\/script>\n<!-- \/ Yoast SEO plugin. -->","yoast_head_json":{"title":"Vaj Esencial Patchouli - Edesia","robots":{"index":"index","follow":"follow","max-snippet":"max-snippet:-1","max-image-preview":"max-image-preview:large","max-video-preview":"max-video-preview:-1"},"canonical":"https:\/\/www.edesia.al\/?product=vaj-esencial-patchouli","og_locale":"en_US","og_type":"article","og_title":"Vaj Esencial Patchouli - Edesia","og_description":"Karakteristikat e dobishme t\u00eb vajit patchouli jan\u00eb njohur q\u00eb nga koh\u00ebrat antike. P\u00ebr shkak t\u00eb fitokompozimit t\u00eb tij t\u00eb pasur, ky ester ndihmon n\u00eb m\u00ebnyr\u00eb t\u00eb p\u00ebrsosur p\u00ebr t\u00eb p\u00ebrballuar shum\u00eb s\u00ebmundje, rikthen rinin\u00eb e l\u00ebkur\u00ebs dhe i jep qart\u00ebsi mendjes.","og_url":"https:\/\/www.edesia.al\/?product=vaj-esencial-patchouli","og_site_name":"Edesia","article_modified_time":"2026-02-20T21:17:22+00:00","og_image":[{"width":593,"height":593,"url":"https:\/\/www.edesia.al\/wp-content\/uploads\/2026\/02\/Patchouli-1.webp","type":"image\/webp"}],"twitter_card":"summary_large_image","twitter_misc":{"Est. reading time":"1 minute"},"schema":{"@context":"https:\/\/schema.org","@graph":[{"@type":"WebPage","@id":"https:\/\/www.edesia.al\/?product=vaj-esencial-patchouli","url":"https:\/\/www.edesia.al\/?product=vaj-esencial-patchouli","name":"Vaj Esencial Patchouli - Edesia","isPartOf":{"@id":"https:\/\/www.edesia.al\/#website"},"primaryImageOfPage":{"@id":"https:\/\/www.edesia.al\/?product=vaj-esencial-patchouli#primaryimage"},"image":{"@id":"https:\/\/www.edesia.al\/?product=vaj-esencial-patchouli#primaryimage"},"thumbnailUrl":"https:\/\/www.edesia.al\/wp-content\/uploads\/2026\/02\/Patchouli-1.webp","datePublished":"2026-02-16T21:05:48+00:00","dateModified":"2026-02-20T21:17:22+00:00","breadcrumb":{"@id":"https:\/\/www.edesia.al\/?product=vaj-esencial-patchouli#breadcrumb"},"inLanguage":"en-US","potentialAction":[{"@type":"ReadAction","target":["https:\/\/www.edesia.al\/?product=vaj-esencial-patchouli"]}]},{"@type":"ImageObject","inLanguage":"en-US","@id":"https:\/\/www.edesia.al\/?product=vaj-esencial-patchouli#primaryimage","url":"https:\/\/www.edesia.al\/wp-content\/uploads\/2026\/02\/Patchouli-1.webp","contentUrl":"https:\/\/www.edesia.al\/wp-content\/uploads\/2026\/02\/Patchouli-1.webp","width":593,"height":593},{"@type":"BreadcrumbList","@id":"https:\/\/www.edesia.al\/?product=vaj-esencial-patchouli#breadcrumb","itemListElement":[{"@type":"ListItem","position":1,"name":"Home","item":"https:\/\/www.edesia.al\/"},{"@type":"ListItem","position":2,"name":"Dyqani","item":"https:\/\/www.edesia.al\/?page_id=17"},{"@type":"ListItem","position":3,"name":"Vaj Esencial Patchouli"}]},{"@type":"WebSite","@id":"https:\/\/www.edesia.al\/#website","url":"https:\/\/www.edesia.al\/","name":"Edesia","description":"","publisher":{"@id":"https:\/\/www.edesia.al\/#organization"},"potentialAction":[{"@type":"SearchAction","target":{"@type":"EntryPoint","urlTemplate":"https:\/\/www.edesia.al\/?s={search_term_string}"},"query-input":{"@type":"PropertyValueSpecification","valueRequired":true,"valueName":"search_term_string"}}],"inLanguage":"en-US"},{"@type":"Organization","@id":"https:\/\/www.edesia.al\/#organization","name":"Edesia","url":"https:\/\/www.edesia.al\/","logo":{"@type":"ImageObject","inLanguage":"en-US","@id":"https:\/\/www.edesia.al\/#\/schema\/logo\/image\/","url":"https:\/\/www.edesia.al\/wp-content\/uploads\/2026\/02\/Logo-Edesia-no-background.png","contentUrl":"https:\/\/www.edesia.al\/wp-content\/uploads\/2026\/02\/Logo-Edesia-no-background.png","width":293,"height":158,"caption":"Edesia"},"image":{"@id":"https:\/\/www.edesia.al\/#\/schema\/logo\/image\/"}}]}},"_links":{"self":[{"href":"https:\/\/www.edesia.al\/index.php?rest_route=\/wp\/v2\/product\/6192","targetHints":{"allow":["GET"]}}],"collection":[{"href":"https:\/\/www.edesia.al\/index.php?rest_route=\/wp\/v2\/product"}],"about":[{"href":"https:\/\/www.edesia.al\/index.php?rest_route=\/wp\/v2\/types\/product"}],"replies":[{"embeddable":true,"href":"https:\/\/www.edesia.al\/index.php?rest_route=%2Fwp%2Fv2%2Fcomments&post=6192"}],"wp:featuredmedia":[{"embeddable":true,"href":"https:\/\/www.edesia.al\/index.php?rest_route=\/wp\/v2\/media\/6223"}],"wp:attachment":[{"href":"https:\/\/www.edesia.al\/index.php?rest_route=%2Fwp%2Fv2%2Fmedia&parent=6192"}],"wp:term":[{"taxonomy":"kategori-sipas-dietave","embeddable":true,"href":"https:\/\/www.edesia.al\/index.php?rest_route=%2Fwp%2Fv2%2Fkategori-sipas-dietave&post=6192"},{"taxonomy":"kategori-sipas-problemeve-shende","embeddable":true,"href":"https:\/\/www.edesia.al\/index.php?rest_route=%2Fwp%2Fv2%2Fkategori-sipas-problemeve-shende&post=6192"},{"taxonomy":"product_brand","embeddable":true,"href":"https:\/\/www.edesia.al\/index.php?rest_route=%2Fwp%2Fv2%2Fproduct_brand&post=6192"},{"taxonomy":"product_cat","embeddable":true,"href":"https:\/\/www.edesia.al\/index.php?rest_route=%2Fwp%2Fv2%2Fproduct_cat&post=6192"},{"taxonomy":"product_tag","embeddable":true,"href":"https:\/\/www.edesia.al\/index.php?rest_route=%2Fwp%2Fv2%2Fproduct_tag&post=6192"}],"curies":[{"name":"wp","href":"https:\/\/api.w.org\/{rel}","templated":true}]}}