{"id":6195,"date":"2026-02-16T21:05:49","date_gmt":"2026-02-16T21:05:49","guid":{"rendered":"https:\/\/www.edesia.al\/?post_type=product&#038;p=6195"},"modified":"2026-02-20T21:19:45","modified_gmt":"2026-02-20T21:19:45","slug":"sheqer-kokosi","status":"publish","type":"product","link":"https:\/\/www.edesia.al\/?product=sheqer-kokosi","title":{"rendered":"Sheqer Kokosi"},"content":{"rendered":"<h3>Sheqer Kokosi &#8211; 100 Bio Organik, I \u00c7ertifikuar (250g)<\/h3>\n<p>Sheqeri i kokosit prodhohet nga nektari i \u00ebmb\u00ebl i palm\u00ebs s\u00eb kokosit (Coco Nucifera) e cila rritet n\u00eb ishujt dhe n\u00eb zonat bregdetare tropikale. Origjina e tij \u00ebsht\u00eb t\u00ebr\u00ebsisht bimore dhe nuk p\u00ebrpunohet. Pema e kokosit rritet n\u00eb nj\u00eb lart\u00ebsi 30 metra dhe jet\u00ebgjat\u00ebsia e saj shkon mesatarisht deri n\u00eb 80 vjet.<\/p>\n<h4>Benefitet e sheqerit te kokosit:<\/h4>\n<ul>\n<li>Sheqeri i kokosit \u00ebsht\u00eb m\u00eb i mir\u00eb se sheqeri i zakonsh\u00ebm p\u00ebr diabetik\u00ebt dhe zorr\u00ebt pasi ka sasi t\u00eb madhe t\u00eb vitaminave dhe mineraleve.<\/li>\n<li>Ka shije karamele dhe mund t\u00eb z\u00ebvend\u00ebsoj\u00eb sheqerin e zakonsh\u00ebm n\u00eb \u00e7do \u00ebmb\u00eblsir\u00eb.<\/li>\n<li>Ka indeks t\u00eb ul\u00ebt t\u00eb glicemis\u00eb, \u00e7liron glukoz\u00ebn m\u00eb ngadal\u00eb dhe n\u00eb m\u00ebnyr\u00eb t\u00eb q\u00ebndrueshme duke u tretur m\u00eb mir\u00eb n\u00eb organiz\u00ebm.<\/li>\n<li>Kontrollon nivelin e sheqerit n\u00eb gjak.<\/li>\n<li>\u00cbsht\u00eb i pasur me l\u00ebnd\u00eb ushqyese p\u00ebrmban hekur, zink, kal\u00e7ium, kalium, acide ynyrore, polifenole, antioksidant\u00eb dhe fibra.<\/li>\n<li>P\u00ebrmban 16 aminoacide, t\u00eb cilat ndihmojn\u00eb metabolizmin, rritjen, riparimin dhe zhvillimin e indeve t\u00eb trupit, hormoneve dhe enzimave.<\/li>\n<\/ul>\n<h4>P\u00ebrdorimi:<\/h4>\n<p>P\u00ebrdoret si cdo sheqer tjeter n\u00eb kafe, caj apo ne receta t\u00eb ndryshme.<\/p>\n","protected":false},"excerpt":{"rendered":"<p>Sheqeri i kokosit p\u00ebrvec shijes s\u00eb mir\u00eb t\u00eb tij gjithashtu \u00ebsht\u00eb konsideruar si nj\u00eb nga \u00ebmb\u00eblsuesit m\u00eb t\u00eb sh\u00ebndetsh\u00ebm.<\/p>\n","protected":false},"featured_media":6226,"comment_status":"open","ping_status":"closed","template":"","meta":{"_acf_changed":false,"inline_featured_image":false},"kategori-sipas-dietave":[],"kategori-sipas-problemeve-shende":[],"product_brand":[32],"product_cat":[46,26],"product_tag":[],"class_list":{"0":"post-6195","1":"product","2":"type-product","3":"status-publish","4":"has-post-thumbnail","6":"product_brand-bioagros","7":"product_cat-sheqer-bio","8":"product_cat-ushqime-bio","10":"first","11":"instock","12":"taxable","13":"shipping-taxable","14":"purchasable","15":"product-type-simple"},"acf":[],"yoast_head":"<!-- This site is optimized with the Yoast SEO plugin v27.4 - https:\/\/yoast.com\/product\/yoast-seo-wordpress\/ -->\n<title>Sheqer Kokosi - Edesia<\/title>\n<meta name=\"robots\" content=\"index, follow, max-snippet:-1, max-image-preview:large, max-video-preview:-1\" \/>\n<link rel=\"canonical\" href=\"https:\/\/www.edesia.al\/?product=sheqer-kokosi\" \/>\n<meta property=\"og:locale\" content=\"en_US\" \/>\n<meta property=\"og:type\" content=\"article\" \/>\n<meta property=\"og:title\" content=\"Sheqer Kokosi - Edesia\" \/>\n<meta property=\"og:description\" content=\"Sheqeri i kokosit p\u00ebrvec shijes s\u00eb mir\u00eb t\u00eb tij gjithashtu \u00ebsht\u00eb konsideruar si nj\u00eb nga \u00ebmb\u00eblsuesit m\u00eb t\u00eb sh\u00ebndetsh\u00ebm.\" \/>\n<meta property=\"og:url\" content=\"https:\/\/www.edesia.al\/?product=sheqer-kokosi\" \/>\n<meta property=\"og:site_name\" content=\"Edesia\" \/>\n<meta property=\"article:modified_time\" content=\"2026-02-20T21:19:45+00:00\" \/>\n<meta property=\"og:image\" content=\"https:\/\/www.edesia.al\/wp-content\/uploads\/2026\/02\/sgq-1.png\" \/>\n\t<meta property=\"og:image:width\" content=\"300\" \/>\n\t<meta property=\"og:image:height\" content=\"300\" \/>\n\t<meta property=\"og:image:type\" content=\"image\/png\" \/>\n<meta name=\"twitter:card\" content=\"summary_large_image\" \/>\n<meta name=\"twitter:label1\" content=\"Est. reading time\" \/>\n\t<meta name=\"twitter:data1\" content=\"1 minute\" \/>\n<script type=\"application\/ld+json\" class=\"yoast-schema-graph\">{\"@context\":\"https:\\\/\\\/schema.org\",\"@graph\":[{\"@type\":\"WebPage\",\"@id\":\"https:\\\/\\\/www.edesia.al\\\/?product=sheqer-kokosi\",\"url\":\"https:\\\/\\\/www.edesia.al\\\/?product=sheqer-kokosi\",\"name\":\"Sheqer Kokosi - Edesia\",\"isPartOf\":{\"@id\":\"https:\\\/\\\/www.edesia.al\\\/#website\"},\"primaryImageOfPage\":{\"@id\":\"https:\\\/\\\/www.edesia.al\\\/?product=sheqer-kokosi#primaryimage\"},\"image\":{\"@id\":\"https:\\\/\\\/www.edesia.al\\\/?product=sheqer-kokosi#primaryimage\"},\"thumbnailUrl\":\"https:\\\/\\\/www.edesia.al\\\/wp-content\\\/uploads\\\/2026\\\/02\\\/sgq-1.png\",\"datePublished\":\"2026-02-16T21:05:49+00:00\",\"dateModified\":\"2026-02-20T21:19:45+00:00\",\"breadcrumb\":{\"@id\":\"https:\\\/\\\/www.edesia.al\\\/?product=sheqer-kokosi#breadcrumb\"},\"inLanguage\":\"en-US\",\"potentialAction\":[{\"@type\":\"ReadAction\",\"target\":[\"https:\\\/\\\/www.edesia.al\\\/?product=sheqer-kokosi\"]}]},{\"@type\":\"ImageObject\",\"inLanguage\":\"en-US\",\"@id\":\"https:\\\/\\\/www.edesia.al\\\/?product=sheqer-kokosi#primaryimage\",\"url\":\"https:\\\/\\\/www.edesia.al\\\/wp-content\\\/uploads\\\/2026\\\/02\\\/sgq-1.png\",\"contentUrl\":\"https:\\\/\\\/www.edesia.al\\\/wp-content\\\/uploads\\\/2026\\\/02\\\/sgq-1.png\",\"width\":300,\"height\":300},{\"@type\":\"BreadcrumbList\",\"@id\":\"https:\\\/\\\/www.edesia.al\\\/?product=sheqer-kokosi#breadcrumb\",\"itemListElement\":[{\"@type\":\"ListItem\",\"position\":1,\"name\":\"Home\",\"item\":\"https:\\\/\\\/www.edesia.al\\\/\"},{\"@type\":\"ListItem\",\"position\":2,\"name\":\"Dyqani\",\"item\":\"https:\\\/\\\/www.edesia.al\\\/?page_id=17\"},{\"@type\":\"ListItem\",\"position\":3,\"name\":\"Sheqer Kokosi\"}]},{\"@type\":\"WebSite\",\"@id\":\"https:\\\/\\\/www.edesia.al\\\/#website\",\"url\":\"https:\\\/\\\/www.edesia.al\\\/\",\"name\":\"Edesia\",\"description\":\"\",\"publisher\":{\"@id\":\"https:\\\/\\\/www.edesia.al\\\/#organization\"},\"potentialAction\":[{\"@type\":\"SearchAction\",\"target\":{\"@type\":\"EntryPoint\",\"urlTemplate\":\"https:\\\/\\\/www.edesia.al\\\/?s={search_term_string}\"},\"query-input\":{\"@type\":\"PropertyValueSpecification\",\"valueRequired\":true,\"valueName\":\"search_term_string\"}}],\"inLanguage\":\"en-US\"},{\"@type\":\"Organization\",\"@id\":\"https:\\\/\\\/www.edesia.al\\\/#organization\",\"name\":\"Edesia\",\"url\":\"https:\\\/\\\/www.edesia.al\\\/\",\"logo\":{\"@type\":\"ImageObject\",\"inLanguage\":\"en-US\",\"@id\":\"https:\\\/\\\/www.edesia.al\\\/#\\\/schema\\\/logo\\\/image\\\/\",\"url\":\"https:\\\/\\\/www.edesia.al\\\/wp-content\\\/uploads\\\/2026\\\/02\\\/Logo-Edesia-no-background.png\",\"contentUrl\":\"https:\\\/\\\/www.edesia.al\\\/wp-content\\\/uploads\\\/2026\\\/02\\\/Logo-Edesia-no-background.png\",\"width\":293,\"height\":158,\"caption\":\"Edesia\"},\"image\":{\"@id\":\"https:\\\/\\\/www.edesia.al\\\/#\\\/schema\\\/logo\\\/image\\\/\"}}]}<\/script>\n<!-- \/ Yoast SEO plugin. -->","yoast_head_json":{"title":"Sheqer Kokosi - Edesia","robots":{"index":"index","follow":"follow","max-snippet":"max-snippet:-1","max-image-preview":"max-image-preview:large","max-video-preview":"max-video-preview:-1"},"canonical":"https:\/\/www.edesia.al\/?product=sheqer-kokosi","og_locale":"en_US","og_type":"article","og_title":"Sheqer Kokosi - Edesia","og_description":"Sheqeri i kokosit p\u00ebrvec shijes s\u00eb mir\u00eb t\u00eb tij gjithashtu \u00ebsht\u00eb konsideruar si nj\u00eb nga \u00ebmb\u00eblsuesit m\u00eb t\u00eb sh\u00ebndetsh\u00ebm.","og_url":"https:\/\/www.edesia.al\/?product=sheqer-kokosi","og_site_name":"Edesia","article_modified_time":"2026-02-20T21:19:45+00:00","og_image":[{"width":300,"height":300,"url":"https:\/\/www.edesia.al\/wp-content\/uploads\/2026\/02\/sgq-1.png","type":"image\/png"}],"twitter_card":"summary_large_image","twitter_misc":{"Est. reading time":"1 minute"},"schema":{"@context":"https:\/\/schema.org","@graph":[{"@type":"WebPage","@id":"https:\/\/www.edesia.al\/?product=sheqer-kokosi","url":"https:\/\/www.edesia.al\/?product=sheqer-kokosi","name":"Sheqer Kokosi - Edesia","isPartOf":{"@id":"https:\/\/www.edesia.al\/#website"},"primaryImageOfPage":{"@id":"https:\/\/www.edesia.al\/?product=sheqer-kokosi#primaryimage"},"image":{"@id":"https:\/\/www.edesia.al\/?product=sheqer-kokosi#primaryimage"},"thumbnailUrl":"https:\/\/www.edesia.al\/wp-content\/uploads\/2026\/02\/sgq-1.png","datePublished":"2026-02-16T21:05:49+00:00","dateModified":"2026-02-20T21:19:45+00:00","breadcrumb":{"@id":"https:\/\/www.edesia.al\/?product=sheqer-kokosi#breadcrumb"},"inLanguage":"en-US","potentialAction":[{"@type":"ReadAction","target":["https:\/\/www.edesia.al\/?product=sheqer-kokosi"]}]},{"@type":"ImageObject","inLanguage":"en-US","@id":"https:\/\/www.edesia.al\/?product=sheqer-kokosi#primaryimage","url":"https:\/\/www.edesia.al\/wp-content\/uploads\/2026\/02\/sgq-1.png","contentUrl":"https:\/\/www.edesia.al\/wp-content\/uploads\/2026\/02\/sgq-1.png","width":300,"height":300},{"@type":"BreadcrumbList","@id":"https:\/\/www.edesia.al\/?product=sheqer-kokosi#breadcrumb","itemListElement":[{"@type":"ListItem","position":1,"name":"Home","item":"https:\/\/www.edesia.al\/"},{"@type":"ListItem","position":2,"name":"Dyqani","item":"https:\/\/www.edesia.al\/?page_id=17"},{"@type":"ListItem","position":3,"name":"Sheqer Kokosi"}]},{"@type":"WebSite","@id":"https:\/\/www.edesia.al\/#website","url":"https:\/\/www.edesia.al\/","name":"Edesia","description":"","publisher":{"@id":"https:\/\/www.edesia.al\/#organization"},"potentialAction":[{"@type":"SearchAction","target":{"@type":"EntryPoint","urlTemplate":"https:\/\/www.edesia.al\/?s={search_term_string}"},"query-input":{"@type":"PropertyValueSpecification","valueRequired":true,"valueName":"search_term_string"}}],"inLanguage":"en-US"},{"@type":"Organization","@id":"https:\/\/www.edesia.al\/#organization","name":"Edesia","url":"https:\/\/www.edesia.al\/","logo":{"@type":"ImageObject","inLanguage":"en-US","@id":"https:\/\/www.edesia.al\/#\/schema\/logo\/image\/","url":"https:\/\/www.edesia.al\/wp-content\/uploads\/2026\/02\/Logo-Edesia-no-background.png","contentUrl":"https:\/\/www.edesia.al\/wp-content\/uploads\/2026\/02\/Logo-Edesia-no-background.png","width":293,"height":158,"caption":"Edesia"},"image":{"@id":"https:\/\/www.edesia.al\/#\/schema\/logo\/image\/"}}]}},"_links":{"self":[{"href":"https:\/\/www.edesia.al\/index.php?rest_route=\/wp\/v2\/product\/6195","targetHints":{"allow":["GET"]}}],"collection":[{"href":"https:\/\/www.edesia.al\/index.php?rest_route=\/wp\/v2\/product"}],"about":[{"href":"https:\/\/www.edesia.al\/index.php?rest_route=\/wp\/v2\/types\/product"}],"replies":[{"embeddable":true,"href":"https:\/\/www.edesia.al\/index.php?rest_route=%2Fwp%2Fv2%2Fcomments&post=6195"}],"wp:featuredmedia":[{"embeddable":true,"href":"https:\/\/www.edesia.al\/index.php?rest_route=\/wp\/v2\/media\/6226"}],"wp:attachment":[{"href":"https:\/\/www.edesia.al\/index.php?rest_route=%2Fwp%2Fv2%2Fmedia&parent=6195"}],"wp:term":[{"taxonomy":"kategori-sipas-dietave","embeddable":true,"href":"https:\/\/www.edesia.al\/index.php?rest_route=%2Fwp%2Fv2%2Fkategori-sipas-dietave&post=6195"},{"taxonomy":"kategori-sipas-problemeve-shende","embeddable":true,"href":"https:\/\/www.edesia.al\/index.php?rest_route=%2Fwp%2Fv2%2Fkategori-sipas-problemeve-shende&post=6195"},{"taxonomy":"product_brand","embeddable":true,"href":"https:\/\/www.edesia.al\/index.php?rest_route=%2Fwp%2Fv2%2Fproduct_brand&post=6195"},{"taxonomy":"product_cat","embeddable":true,"href":"https:\/\/www.edesia.al\/index.php?rest_route=%2Fwp%2Fv2%2Fproduct_cat&post=6195"},{"taxonomy":"product_tag","embeddable":true,"href":"https:\/\/www.edesia.al\/index.php?rest_route=%2Fwp%2Fv2%2Fproduct_tag&post=6195"}],"curies":[{"name":"wp","href":"https:\/\/api.w.org\/{rel}","templated":true}]}}