{"id":6196,"date":"2026-02-16T21:05:49","date_gmt":"2026-02-16T21:05:49","guid":{"rendered":"https:\/\/www.edesia.al\/?post_type=product&#038;p=6196"},"modified":"2026-02-16T21:06:06","modified_gmt":"2026-02-16T21:06:06","slug":"miell-arre-kokosi","status":"publish","type":"product","link":"https:\/\/www.edesia.al\/?product=miell-arre-kokosi","title":{"rendered":"Miell Arre Kokosi"},"content":{"rendered":"<h3>Miell\u00a0 Arr\u00eb Kokosi &#8211; 100 Bio Organik, I \u00c7ertifikuar (250g)<\/h3>\n<p>Mielli kokosit \u00ebsht\u00eb n\u00ebnprodukt i arr\u00ebs s\u00eb kokosit, nxirret nga tuli i saj, \u00ebsht\u00eb nj\u00eb miell pa gluten dhe shum\u00eb i sh\u00ebndetsh\u00ebm.<\/p>\n<h4>P\u00ebrmbajtja:<\/h4>\n<ul>\n<li>Minerale<br \/>\nMielli i kokosit \u00ebsht\u00eb nj\u00eb burim i elektroliteve sepse \u00ebsht\u00eb i pasur me mangan, kalcium, selenium, fosfor dhe kalium.<\/li>\n<li>Aminoacide<br \/>\nMielli i kokosit siguron 18 aminoacide t\u00eb ndryshme, t\u00eb nevojshme p\u00ebr nxitjen e sh\u00ebndetit t\u00eb njeriut.<\/li>\n<li>Vitamina<br \/>\nKokosi p\u00ebrmban 11 vitamina t\u00eb disponueshme p\u00ebr thithjen nga trupi i njeriut, p\u00ebrfshir\u00eb folatin, vitamin\u00ebn B6 dhe niacin\u00ebn. P\u00ebrqendrim m\u00eb t\u00eb madh ka vitamina C.<\/li>\n<\/ul>\n<h4>P\u00ebrfitimet sh\u00ebndetsore t\u00eb miellit t\u00eb kokosit:<\/h4>\n<ul>\n<li>Mielli i kokosit ka nivel t\u00eb ul\u00ebt t\u00eb glikemin\u00ebs<\/li>\n<li>Zvog\u00eblon rrezikun p\u00ebr diabet<\/li>\n<li>Ka p\u00ebrmbajtje t\u00eb lart\u00eb t\u00eb fibrave<\/li>\n<li>P\u00ebrmbajtja e lart\u00eb e fibrave t\u00eb miellit t\u00eb kokosit e b\u00ebn at\u00eb nj\u00eb arm\u00eb t\u00eb shk\u00eblqyer n\u00eb luft\u00ebn kund\u00ebr kancerit t\u00eb zorr\u00ebs s\u00eb trash\u00eb<\/li>\n<li>Mielli i kokosit p\u00ebrmban yndyrna t\u00eb sh\u00ebndetshme<\/li>\n<li>Trajtim t\u00eb l\u00ebkur\u00ebs<\/li>\n<li>Antiviral<\/li>\n<li>Mielli i kokosit \u00ebsht\u00eb pa gluten<\/li>\n<li>Studimet kan\u00eb treguar se kur mielli i kokosit konsumohet \u00e7do dit\u00eb, ka nj\u00eb reduktim t\u00eb madh n\u00eb nivelet e kolesterolit.<\/li>\n<\/ul>\n<h4>P\u00ebrdorimi:<\/h4>\n<p>Mund ta p\u00ebrdorini n\u00eb vend t\u00eb miellit t\u00eb zakonsh\u00ebm n\u00eb \u00ebmb\u00eblsirat tuaja t\u00eb preferuar apo n\u00eb pjata t\u00eb ndryshme.<\/p>\n","protected":false},"excerpt":{"rendered":"<p>Mielli i Arr\u00ebs s\u00eb Kokosit \u00ebsht\u00eb praktikisht frut i thar\u00eb n\u00eb form\u00eb pluhuri pa gluten, me pak karbohidrate, shum\u00eb fib\u00ebr dhe \u00ebsh\u00eb ideal p\u00ebr pjekje.<\/p>\n","protected":false},"featured_media":0,"comment_status":"open","ping_status":"closed","template":"","meta":{"_acf_changed":false,"inline_featured_image":false},"kategori-sipas-dietave":[],"kategori-sipas-problemeve-shende":[],"product_brand":[32],"product_cat":[47,26],"product_tag":[],"class_list":{"0":"post-6196","1":"product","2":"type-product","3":"status-publish","5":"product_brand-bioagros","6":"product_cat-miell","7":"product_cat-ushqime-bio","9":"first","10":"instock","11":"taxable","12":"shipping-taxable","13":"purchasable","14":"product-type-simple"},"acf":[],"yoast_head":"<!-- This site is optimized with the Yoast SEO plugin v27.4 - https:\/\/yoast.com\/product\/yoast-seo-wordpress\/ -->\n<title>Miell Arre Kokosi - Edesia<\/title>\n<meta name=\"robots\" content=\"index, follow, max-snippet:-1, max-image-preview:large, max-video-preview:-1\" \/>\n<link rel=\"canonical\" href=\"https:\/\/www.edesia.al\/?product=miell-arre-kokosi\" \/>\n<meta property=\"og:locale\" content=\"en_US\" \/>\n<meta property=\"og:type\" content=\"article\" \/>\n<meta property=\"og:title\" content=\"Miell Arre Kokosi - Edesia\" \/>\n<meta property=\"og:description\" content=\"Mielli i Arr\u00ebs s\u00eb Kokosit \u00ebsht\u00eb praktikisht frut i thar\u00eb n\u00eb form\u00eb pluhuri pa gluten, me pak karbohidrate, shum\u00eb fib\u00ebr dhe \u00ebsh\u00eb ideal p\u00ebr pjekje.\" \/>\n<meta property=\"og:url\" content=\"https:\/\/www.edesia.al\/?product=miell-arre-kokosi\" \/>\n<meta property=\"og:site_name\" content=\"Edesia\" \/>\n<meta property=\"article:modified_time\" content=\"2026-02-16T21:06:06+00:00\" \/>\n<meta name=\"twitter:card\" content=\"summary_large_image\" \/>\n<meta name=\"twitter:label1\" content=\"Est. reading time\" \/>\n\t<meta name=\"twitter:data1\" content=\"1 minute\" \/>\n<script type=\"application\/ld+json\" class=\"yoast-schema-graph\">{\"@context\":\"https:\\\/\\\/schema.org\",\"@graph\":[{\"@type\":\"WebPage\",\"@id\":\"https:\\\/\\\/www.edesia.al\\\/?product=miell-arre-kokosi\",\"url\":\"https:\\\/\\\/www.edesia.al\\\/?product=miell-arre-kokosi\",\"name\":\"Miell Arre Kokosi - Edesia\",\"isPartOf\":{\"@id\":\"https:\\\/\\\/www.edesia.al\\\/#website\"},\"datePublished\":\"2026-02-16T21:05:49+00:00\",\"dateModified\":\"2026-02-16T21:06:06+00:00\",\"breadcrumb\":{\"@id\":\"https:\\\/\\\/www.edesia.al\\\/?product=miell-arre-kokosi#breadcrumb\"},\"inLanguage\":\"en-US\",\"potentialAction\":[{\"@type\":\"ReadAction\",\"target\":[\"https:\\\/\\\/www.edesia.al\\\/?product=miell-arre-kokosi\"]}]},{\"@type\":\"BreadcrumbList\",\"@id\":\"https:\\\/\\\/www.edesia.al\\\/?product=miell-arre-kokosi#breadcrumb\",\"itemListElement\":[{\"@type\":\"ListItem\",\"position\":1,\"name\":\"Home\",\"item\":\"https:\\\/\\\/www.edesia.al\\\/\"},{\"@type\":\"ListItem\",\"position\":2,\"name\":\"Dyqani\",\"item\":\"https:\\\/\\\/www.edesia.al\\\/?page_id=17\"},{\"@type\":\"ListItem\",\"position\":3,\"name\":\"Miell Arre Kokosi\"}]},{\"@type\":\"WebSite\",\"@id\":\"https:\\\/\\\/www.edesia.al\\\/#website\",\"url\":\"https:\\\/\\\/www.edesia.al\\\/\",\"name\":\"Edesia\",\"description\":\"\",\"publisher\":{\"@id\":\"https:\\\/\\\/www.edesia.al\\\/#organization\"},\"potentialAction\":[{\"@type\":\"SearchAction\",\"target\":{\"@type\":\"EntryPoint\",\"urlTemplate\":\"https:\\\/\\\/www.edesia.al\\\/?s={search_term_string}\"},\"query-input\":{\"@type\":\"PropertyValueSpecification\",\"valueRequired\":true,\"valueName\":\"search_term_string\"}}],\"inLanguage\":\"en-US\"},{\"@type\":\"Organization\",\"@id\":\"https:\\\/\\\/www.edesia.al\\\/#organization\",\"name\":\"Edesia\",\"url\":\"https:\\\/\\\/www.edesia.al\\\/\",\"logo\":{\"@type\":\"ImageObject\",\"inLanguage\":\"en-US\",\"@id\":\"https:\\\/\\\/www.edesia.al\\\/#\\\/schema\\\/logo\\\/image\\\/\",\"url\":\"https:\\\/\\\/www.edesia.al\\\/wp-content\\\/uploads\\\/2026\\\/02\\\/Logo-Edesia-no-background.png\",\"contentUrl\":\"https:\\\/\\\/www.edesia.al\\\/wp-content\\\/uploads\\\/2026\\\/02\\\/Logo-Edesia-no-background.png\",\"width\":293,\"height\":158,\"caption\":\"Edesia\"},\"image\":{\"@id\":\"https:\\\/\\\/www.edesia.al\\\/#\\\/schema\\\/logo\\\/image\\\/\"}}]}<\/script>\n<!-- \/ Yoast SEO plugin. -->","yoast_head_json":{"title":"Miell Arre Kokosi - Edesia","robots":{"index":"index","follow":"follow","max-snippet":"max-snippet:-1","max-image-preview":"max-image-preview:large","max-video-preview":"max-video-preview:-1"},"canonical":"https:\/\/www.edesia.al\/?product=miell-arre-kokosi","og_locale":"en_US","og_type":"article","og_title":"Miell Arre Kokosi - Edesia","og_description":"Mielli i Arr\u00ebs s\u00eb Kokosit \u00ebsht\u00eb praktikisht frut i thar\u00eb n\u00eb form\u00eb pluhuri pa gluten, me pak karbohidrate, shum\u00eb fib\u00ebr dhe \u00ebsh\u00eb ideal p\u00ebr pjekje.","og_url":"https:\/\/www.edesia.al\/?product=miell-arre-kokosi","og_site_name":"Edesia","article_modified_time":"2026-02-16T21:06:06+00:00","twitter_card":"summary_large_image","twitter_misc":{"Est. reading time":"1 minute"},"schema":{"@context":"https:\/\/schema.org","@graph":[{"@type":"WebPage","@id":"https:\/\/www.edesia.al\/?product=miell-arre-kokosi","url":"https:\/\/www.edesia.al\/?product=miell-arre-kokosi","name":"Miell Arre Kokosi - Edesia","isPartOf":{"@id":"https:\/\/www.edesia.al\/#website"},"datePublished":"2026-02-16T21:05:49+00:00","dateModified":"2026-02-16T21:06:06+00:00","breadcrumb":{"@id":"https:\/\/www.edesia.al\/?product=miell-arre-kokosi#breadcrumb"},"inLanguage":"en-US","potentialAction":[{"@type":"ReadAction","target":["https:\/\/www.edesia.al\/?product=miell-arre-kokosi"]}]},{"@type":"BreadcrumbList","@id":"https:\/\/www.edesia.al\/?product=miell-arre-kokosi#breadcrumb","itemListElement":[{"@type":"ListItem","position":1,"name":"Home","item":"https:\/\/www.edesia.al\/"},{"@type":"ListItem","position":2,"name":"Dyqani","item":"https:\/\/www.edesia.al\/?page_id=17"},{"@type":"ListItem","position":3,"name":"Miell Arre Kokosi"}]},{"@type":"WebSite","@id":"https:\/\/www.edesia.al\/#website","url":"https:\/\/www.edesia.al\/","name":"Edesia","description":"","publisher":{"@id":"https:\/\/www.edesia.al\/#organization"},"potentialAction":[{"@type":"SearchAction","target":{"@type":"EntryPoint","urlTemplate":"https:\/\/www.edesia.al\/?s={search_term_string}"},"query-input":{"@type":"PropertyValueSpecification","valueRequired":true,"valueName":"search_term_string"}}],"inLanguage":"en-US"},{"@type":"Organization","@id":"https:\/\/www.edesia.al\/#organization","name":"Edesia","url":"https:\/\/www.edesia.al\/","logo":{"@type":"ImageObject","inLanguage":"en-US","@id":"https:\/\/www.edesia.al\/#\/schema\/logo\/image\/","url":"https:\/\/www.edesia.al\/wp-content\/uploads\/2026\/02\/Logo-Edesia-no-background.png","contentUrl":"https:\/\/www.edesia.al\/wp-content\/uploads\/2026\/02\/Logo-Edesia-no-background.png","width":293,"height":158,"caption":"Edesia"},"image":{"@id":"https:\/\/www.edesia.al\/#\/schema\/logo\/image\/"}}]}},"_links":{"self":[{"href":"https:\/\/www.edesia.al\/index.php?rest_route=\/wp\/v2\/product\/6196","targetHints":{"allow":["GET"]}}],"collection":[{"href":"https:\/\/www.edesia.al\/index.php?rest_route=\/wp\/v2\/product"}],"about":[{"href":"https:\/\/www.edesia.al\/index.php?rest_route=\/wp\/v2\/types\/product"}],"replies":[{"embeddable":true,"href":"https:\/\/www.edesia.al\/index.php?rest_route=%2Fwp%2Fv2%2Fcomments&post=6196"}],"wp:attachment":[{"href":"https:\/\/www.edesia.al\/index.php?rest_route=%2Fwp%2Fv2%2Fmedia&parent=6196"}],"wp:term":[{"taxonomy":"kategori-sipas-dietave","embeddable":true,"href":"https:\/\/www.edesia.al\/index.php?rest_route=%2Fwp%2Fv2%2Fkategori-sipas-dietave&post=6196"},{"taxonomy":"kategori-sipas-problemeve-shende","embeddable":true,"href":"https:\/\/www.edesia.al\/index.php?rest_route=%2Fwp%2Fv2%2Fkategori-sipas-problemeve-shende&post=6196"},{"taxonomy":"product_brand","embeddable":true,"href":"https:\/\/www.edesia.al\/index.php?rest_route=%2Fwp%2Fv2%2Fproduct_brand&post=6196"},{"taxonomy":"product_cat","embeddable":true,"href":"https:\/\/www.edesia.al\/index.php?rest_route=%2Fwp%2Fv2%2Fproduct_cat&post=6196"},{"taxonomy":"product_tag","embeddable":true,"href":"https:\/\/www.edesia.al\/index.php?rest_route=%2Fwp%2Fv2%2Fproduct_tag&post=6196"}],"curies":[{"name":"wp","href":"https:\/\/api.w.org\/{rel}","templated":true}]}}