{"id":6228,"date":"2026-02-16T21:06:08","date_gmt":"2026-02-16T21:06:08","guid":{"rendered":"https:\/\/www.edesia.al\/?post_type=product&#038;p=6228"},"modified":"2026-04-14T10:33:26","modified_gmt":"2026-04-14T08:33:26","slug":"stika-pishe","status":"publish","type":"product","link":"https:\/\/www.edesia.al\/?product=stika-pishe","title":{"rendered":"Stika Pishe"},"content":{"rendered":"<h3>Stika Pishe &#8211; Bio Organike, E \u00c7ertifkuar (50g)<\/h3>\n<p data-start=\"185\" data-end=\"584\">Stikat e pish\u00ebs jan\u00eb nd\u00ebr frutat m\u00eb t\u00eb \u00e7muara t\u00eb natyr\u00ebs, t\u00eb njohura p\u00ebr shijen e tyre t\u00eb but\u00eb, tekstur\u00ebn delikate dhe vlerat e jasht\u00ebzakonshme ushqyese. T\u00eb pasura me <strong data-start=\"379\" data-end=\"480\">proteina bimore, acide yndyrore t\u00eb sh\u00ebndetshme (Omega-3 dhe Omega-6), vitamin\u00eb E, magnez dhe zink<\/strong>, ato ofrojn\u00eb energji t\u00eb q\u00ebndrueshme dhe mb\u00ebshtesin funksionet e zemr\u00ebs, trurit dhe sistemit imunitar.<\/p>\n<p data-start=\"586\" data-end=\"808\">Konsumi i tyre ndihmon n\u00eb:<br data-start=\"612\" data-end=\"615\" \/>\u2013 p\u00ebrmir\u00ebsimin e kolesterolit dhe sh\u00ebndetit kardiovaskular\u00a0<br data-start=\"676\" data-end=\"679\" \/>\u2013 ruajtjen e ekuilibrit hormonal dhe elasticitetit t\u00eb l\u00ebkur\u00ebs\u00a0<br data-start=\"742\" data-end=\"745\" \/>\u2013 ndjenj\u00ebn e ngopjes, duke ndihmuar n\u00eb menaxhimin e pesh\u00ebs<\/p>\n<p data-start=\"810\" data-end=\"1038\"><strong data-start=\"810\" data-end=\"824\">P\u00ebrdorime:<\/strong><br data-start=\"824\" data-end=\"827\" \/>Shum\u00ebp\u00ebrdorim\u00ebshe n\u00eb kuzhin\u00eb \u2013 shtohen n\u00eb <strong data-start=\"869\" data-end=\"955\">sallata, pesto, oriz, pasta, \u00ebmb\u00eblsira, buk\u00eb artizanale ose si snack i sh\u00ebndetsh\u00ebm<\/strong> gjat\u00eb dit\u00ebs. P\u00ebr nj\u00eb arom\u00eb m\u00eb intensive, mund t\u00eb piqen leht\u00eb n\u00eb tigan ose furr\u00eb.<\/p>\n<p data-start=\"1040\" data-end=\"1342\"><strong data-start=\"1040\" data-end=\"1060\">Rekomandohen n\u00eb:<\/strong><br data-start=\"1060\" data-end=\"1063\" \/>\ud83d\udc49 <strong data-start=\"1066\" data-end=\"1086\">Dieta mesdhetare<\/strong>, fal\u00eb p\u00ebrmbajtjes s\u00eb yndyrave t\u00eb mira.<br data-start=\"1125\" data-end=\"1128\" \/>\ud83d\udc49 <strong data-start=\"1131\" data-end=\"1155\">Dieta keto dhe paleo<\/strong>, p\u00ebr shkak t\u00eb nivelit t\u00eb ul\u00ebt t\u00eb karbohidrateve dhe p\u00ebrmbajtjes s\u00eb lart\u00eb t\u00eb yndyrave t\u00eb sh\u00ebndetshme.<br data-start=\"1256\" data-end=\"1259\" \/>\ud83d\udc49 <strong data-start=\"1262\" data-end=\"1295\">Dieta vegane dhe vegjetariane<\/strong>, si burim natyral proteinash dhe mineralesh.<\/p>\n","protected":false},"excerpt":{"rendered":"<p>Stikat e pish\u00ebs renditen n\u00eb mesin e superushqimeve. Ato p\u00ebrmbajn\u00eb kryesisht acide yndyrore, proteina, karbohidrate, kalcium, hekur, fosfor.<\/p>\n","protected":false},"featured_media":6256,"comment_status":"open","ping_status":"closed","template":"","meta":{"_acf_changed":false,"inline_featured_image":false},"kategori-sipas-dietave":[],"kategori-sipas-problemeve-shende":[],"product_brand":[32],"product_cat":[31,26],"product_tag":[],"class_list":{"0":"post-6228","1":"product","2":"type-product","3":"status-publish","4":"has-post-thumbnail","6":"product_brand-bioagros","7":"product_cat-fruta-te-thata","8":"product_cat-ushqime-bio","10":"first","11":"instock","12":"taxable","13":"shipping-taxable","14":"purchasable","15":"product-type-simple"},"acf":[],"yoast_head":"<!-- This site is optimized with the Yoast SEO plugin v27.4 - https:\/\/yoast.com\/product\/yoast-seo-wordpress\/ -->\n<title>Stika Pishe - Edesia<\/title>\n<meta name=\"robots\" content=\"index, follow, max-snippet:-1, max-image-preview:large, max-video-preview:-1\" \/>\n<link rel=\"canonical\" href=\"https:\/\/www.edesia.al\/?product=stika-pishe\" \/>\n<meta property=\"og:locale\" content=\"en_US\" \/>\n<meta property=\"og:type\" content=\"article\" \/>\n<meta property=\"og:title\" content=\"Stika Pishe - Edesia\" \/>\n<meta property=\"og:description\" content=\"Stikat e pish\u00ebs renditen n\u00eb mesin e superushqimeve. Ato p\u00ebrmbajn\u00eb kryesisht acide yndyrore, proteina, karbohidrate, kalcium, hekur, fosfor.\" \/>\n<meta property=\"og:url\" content=\"https:\/\/www.edesia.al\/?product=stika-pishe\" \/>\n<meta property=\"og:site_name\" content=\"Edesia\" \/>\n<meta property=\"article:modified_time\" content=\"2026-04-14T08:33:26+00:00\" \/>\n<meta property=\"og:image\" content=\"https:\/\/www.edesia.al\/wp-content\/uploads\/2026\/02\/stika-pishe-1.jpg\" \/>\n\t<meta property=\"og:image:width\" content=\"300\" \/>\n\t<meta property=\"og:image:height\" content=\"300\" \/>\n\t<meta property=\"og:image:type\" content=\"image\/jpeg\" \/>\n<meta name=\"twitter:card\" content=\"summary_large_image\" \/>\n<meta name=\"twitter:label1\" content=\"Est. reading time\" \/>\n\t<meta name=\"twitter:data1\" content=\"1 minute\" \/>\n<script type=\"application\/ld+json\" class=\"yoast-schema-graph\">{\"@context\":\"https:\\\/\\\/schema.org\",\"@graph\":[{\"@type\":\"WebPage\",\"@id\":\"https:\\\/\\\/www.edesia.al\\\/?product=stika-pishe\",\"url\":\"https:\\\/\\\/www.edesia.al\\\/?product=stika-pishe\",\"name\":\"Stika Pishe - Edesia\",\"isPartOf\":{\"@id\":\"https:\\\/\\\/www.edesia.al\\\/#website\"},\"primaryImageOfPage\":{\"@id\":\"https:\\\/\\\/www.edesia.al\\\/?product=stika-pishe#primaryimage\"},\"image\":{\"@id\":\"https:\\\/\\\/www.edesia.al\\\/?product=stika-pishe#primaryimage\"},\"thumbnailUrl\":\"https:\\\/\\\/www.edesia.al\\\/wp-content\\\/uploads\\\/2026\\\/02\\\/stika-pishe-1.jpg\",\"datePublished\":\"2026-02-16T21:06:08+00:00\",\"dateModified\":\"2026-04-14T08:33:26+00:00\",\"breadcrumb\":{\"@id\":\"https:\\\/\\\/www.edesia.al\\\/?product=stika-pishe#breadcrumb\"},\"inLanguage\":\"en-US\",\"potentialAction\":[{\"@type\":\"ReadAction\",\"target\":[\"https:\\\/\\\/www.edesia.al\\\/?product=stika-pishe\"]}]},{\"@type\":\"ImageObject\",\"inLanguage\":\"en-US\",\"@id\":\"https:\\\/\\\/www.edesia.al\\\/?product=stika-pishe#primaryimage\",\"url\":\"https:\\\/\\\/www.edesia.al\\\/wp-content\\\/uploads\\\/2026\\\/02\\\/stika-pishe-1.jpg\",\"contentUrl\":\"https:\\\/\\\/www.edesia.al\\\/wp-content\\\/uploads\\\/2026\\\/02\\\/stika-pishe-1.jpg\",\"width\":300,\"height\":300},{\"@type\":\"BreadcrumbList\",\"@id\":\"https:\\\/\\\/www.edesia.al\\\/?product=stika-pishe#breadcrumb\",\"itemListElement\":[{\"@type\":\"ListItem\",\"position\":1,\"name\":\"Home\",\"item\":\"https:\\\/\\\/www.edesia.al\\\/\"},{\"@type\":\"ListItem\",\"position\":2,\"name\":\"Dyqani\",\"item\":\"https:\\\/\\\/www.edesia.al\\\/?page_id=17\"},{\"@type\":\"ListItem\",\"position\":3,\"name\":\"Stika Pishe\"}]},{\"@type\":\"WebSite\",\"@id\":\"https:\\\/\\\/www.edesia.al\\\/#website\",\"url\":\"https:\\\/\\\/www.edesia.al\\\/\",\"name\":\"Edesia\",\"description\":\"\",\"publisher\":{\"@id\":\"https:\\\/\\\/www.edesia.al\\\/#organization\"},\"potentialAction\":[{\"@type\":\"SearchAction\",\"target\":{\"@type\":\"EntryPoint\",\"urlTemplate\":\"https:\\\/\\\/www.edesia.al\\\/?s={search_term_string}\"},\"query-input\":{\"@type\":\"PropertyValueSpecification\",\"valueRequired\":true,\"valueName\":\"search_term_string\"}}],\"inLanguage\":\"en-US\"},{\"@type\":\"Organization\",\"@id\":\"https:\\\/\\\/www.edesia.al\\\/#organization\",\"name\":\"Edesia\",\"url\":\"https:\\\/\\\/www.edesia.al\\\/\",\"logo\":{\"@type\":\"ImageObject\",\"inLanguage\":\"en-US\",\"@id\":\"https:\\\/\\\/www.edesia.al\\\/#\\\/schema\\\/logo\\\/image\\\/\",\"url\":\"https:\\\/\\\/www.edesia.al\\\/wp-content\\\/uploads\\\/2026\\\/02\\\/Logo-Edesia-no-background.png\",\"contentUrl\":\"https:\\\/\\\/www.edesia.al\\\/wp-content\\\/uploads\\\/2026\\\/02\\\/Logo-Edesia-no-background.png\",\"width\":293,\"height\":158,\"caption\":\"Edesia\"},\"image\":{\"@id\":\"https:\\\/\\\/www.edesia.al\\\/#\\\/schema\\\/logo\\\/image\\\/\"}}]}<\/script>\n<!-- \/ Yoast SEO plugin. -->","yoast_head_json":{"title":"Stika Pishe - Edesia","robots":{"index":"index","follow":"follow","max-snippet":"max-snippet:-1","max-image-preview":"max-image-preview:large","max-video-preview":"max-video-preview:-1"},"canonical":"https:\/\/www.edesia.al\/?product=stika-pishe","og_locale":"en_US","og_type":"article","og_title":"Stika Pishe - Edesia","og_description":"Stikat e pish\u00ebs renditen n\u00eb mesin e superushqimeve. Ato p\u00ebrmbajn\u00eb kryesisht acide yndyrore, proteina, karbohidrate, kalcium, hekur, fosfor.","og_url":"https:\/\/www.edesia.al\/?product=stika-pishe","og_site_name":"Edesia","article_modified_time":"2026-04-14T08:33:26+00:00","og_image":[{"width":300,"height":300,"url":"https:\/\/www.edesia.al\/wp-content\/uploads\/2026\/02\/stika-pishe-1.jpg","type":"image\/jpeg"}],"twitter_card":"summary_large_image","twitter_misc":{"Est. reading time":"1 minute"},"schema":{"@context":"https:\/\/schema.org","@graph":[{"@type":"WebPage","@id":"https:\/\/www.edesia.al\/?product=stika-pishe","url":"https:\/\/www.edesia.al\/?product=stika-pishe","name":"Stika Pishe - Edesia","isPartOf":{"@id":"https:\/\/www.edesia.al\/#website"},"primaryImageOfPage":{"@id":"https:\/\/www.edesia.al\/?product=stika-pishe#primaryimage"},"image":{"@id":"https:\/\/www.edesia.al\/?product=stika-pishe#primaryimage"},"thumbnailUrl":"https:\/\/www.edesia.al\/wp-content\/uploads\/2026\/02\/stika-pishe-1.jpg","datePublished":"2026-02-16T21:06:08+00:00","dateModified":"2026-04-14T08:33:26+00:00","breadcrumb":{"@id":"https:\/\/www.edesia.al\/?product=stika-pishe#breadcrumb"},"inLanguage":"en-US","potentialAction":[{"@type":"ReadAction","target":["https:\/\/www.edesia.al\/?product=stika-pishe"]}]},{"@type":"ImageObject","inLanguage":"en-US","@id":"https:\/\/www.edesia.al\/?product=stika-pishe#primaryimage","url":"https:\/\/www.edesia.al\/wp-content\/uploads\/2026\/02\/stika-pishe-1.jpg","contentUrl":"https:\/\/www.edesia.al\/wp-content\/uploads\/2026\/02\/stika-pishe-1.jpg","width":300,"height":300},{"@type":"BreadcrumbList","@id":"https:\/\/www.edesia.al\/?product=stika-pishe#breadcrumb","itemListElement":[{"@type":"ListItem","position":1,"name":"Home","item":"https:\/\/www.edesia.al\/"},{"@type":"ListItem","position":2,"name":"Dyqani","item":"https:\/\/www.edesia.al\/?page_id=17"},{"@type":"ListItem","position":3,"name":"Stika Pishe"}]},{"@type":"WebSite","@id":"https:\/\/www.edesia.al\/#website","url":"https:\/\/www.edesia.al\/","name":"Edesia","description":"","publisher":{"@id":"https:\/\/www.edesia.al\/#organization"},"potentialAction":[{"@type":"SearchAction","target":{"@type":"EntryPoint","urlTemplate":"https:\/\/www.edesia.al\/?s={search_term_string}"},"query-input":{"@type":"PropertyValueSpecification","valueRequired":true,"valueName":"search_term_string"}}],"inLanguage":"en-US"},{"@type":"Organization","@id":"https:\/\/www.edesia.al\/#organization","name":"Edesia","url":"https:\/\/www.edesia.al\/","logo":{"@type":"ImageObject","inLanguage":"en-US","@id":"https:\/\/www.edesia.al\/#\/schema\/logo\/image\/","url":"https:\/\/www.edesia.al\/wp-content\/uploads\/2026\/02\/Logo-Edesia-no-background.png","contentUrl":"https:\/\/www.edesia.al\/wp-content\/uploads\/2026\/02\/Logo-Edesia-no-background.png","width":293,"height":158,"caption":"Edesia"},"image":{"@id":"https:\/\/www.edesia.al\/#\/schema\/logo\/image\/"}}]}},"_links":{"self":[{"href":"https:\/\/www.edesia.al\/index.php?rest_route=\/wp\/v2\/product\/6228","targetHints":{"allow":["GET"]}}],"collection":[{"href":"https:\/\/www.edesia.al\/index.php?rest_route=\/wp\/v2\/product"}],"about":[{"href":"https:\/\/www.edesia.al\/index.php?rest_route=\/wp\/v2\/types\/product"}],"replies":[{"embeddable":true,"href":"https:\/\/www.edesia.al\/index.php?rest_route=%2Fwp%2Fv2%2Fcomments&post=6228"}],"wp:featuredmedia":[{"embeddable":true,"href":"https:\/\/www.edesia.al\/index.php?rest_route=\/wp\/v2\/media\/6256"}],"wp:attachment":[{"href":"https:\/\/www.edesia.al\/index.php?rest_route=%2Fwp%2Fv2%2Fmedia&parent=6228"}],"wp:term":[{"taxonomy":"kategori-sipas-dietave","embeddable":true,"href":"https:\/\/www.edesia.al\/index.php?rest_route=%2Fwp%2Fv2%2Fkategori-sipas-dietave&post=6228"},{"taxonomy":"kategori-sipas-problemeve-shende","embeddable":true,"href":"https:\/\/www.edesia.al\/index.php?rest_route=%2Fwp%2Fv2%2Fkategori-sipas-problemeve-shende&post=6228"},{"taxonomy":"product_brand","embeddable":true,"href":"https:\/\/www.edesia.al\/index.php?rest_route=%2Fwp%2Fv2%2Fproduct_brand&post=6228"},{"taxonomy":"product_cat","embeddable":true,"href":"https:\/\/www.edesia.al\/index.php?rest_route=%2Fwp%2Fv2%2Fproduct_cat&post=6228"},{"taxonomy":"product_tag","embeddable":true,"href":"https:\/\/www.edesia.al\/index.php?rest_route=%2Fwp%2Fv2%2Fproduct_tag&post=6228"}],"curies":[{"name":"wp","href":"https:\/\/api.w.org\/{rel}","templated":true}]}}