{"id":6231,"date":"2026-02-16T21:06:08","date_gmt":"2026-02-16T21:06:08","guid":{"rendered":"https:\/\/www.edesia.al\/?post_type=product&#038;p=6231"},"modified":"2026-02-20T21:23:38","modified_gmt":"2026-02-20T21:23:38","slug":"caj-echinacea","status":"publish","type":"product","link":"https:\/\/www.edesia.al\/?product=caj-echinacea","title":{"rendered":"\u00c7aj Echinacea"},"content":{"rendered":"<h3 class=\"product_title entry-title\">\u00c7aj Echinacea &#8211; Bio Organik, I Certifikuar (20g)<\/h3>\n<p>Rr\u00ebnja e Echinacea p\u00ebrmban polisakarid\u00eb q\u00eb i dhurojn\u00eb lules aft\u00ebsi imunostimuluese, p\u00ebr k\u00ebt\u00eb arsye p\u00ebrdoret n\u00eb fitoterapi p\u00ebr t\u00eb favorizuar mbrojtjen natyrale, p\u00ebr m\u00eb tep\u00ebr stimulon sistemin imunitar duke mbeshtetur organizmin ndaj sulmeve infektive.<\/p>\n<h4>P\u00ebrfitimet sh\u00ebndetsore t\u00eb cajit te echinacea:<\/h4>\n<ul>\n<li>Nuk lejon viruset t\u00eb dep\u00ebrtojn\u00eb n\u00eb qelizat e sh\u00ebndosha.<\/li>\n<li>Kuron infeksionet, ethet, infeksionet e sistemit respirator(koll\u00eb,ftohje) t\u00eb cilat organizmi I merr n\u00eb momentet e ndikimit t\u00eb stresit t\u00eb madh.<\/li>\n<li>Infeksionet urinare dhe cistike.<\/li>\n<li>\u00cbsht\u00eb p\u00ebr p\u00ebrdorim t\u00eb jasht\u00ebm, ekinakea p\u00ebrdoret dhe n\u00eb p\u00ebrgatitje pomadash dhe locioneve t\u00eb ndryshme t\u00eb l\u00ebkur\u00ebs, me nj\u00eb veprim imunostimulues, protektiv, antiinflamator si psh, n\u00eb rastet e \u00e7arjeve plag\u00ebve, ul\u00e7erat e l\u00ebkur\u00ebs dhe problemeve t\u00eb m\u00ebdhaja t\u00eb l\u00ebkur\u00ebs n\u00eb p\u00ebrgjith\u00ebsi.<\/li>\n<li>Aft\u00ebsia e bim\u00ebs \u00ebsht\u00eb rigjeneruese dhe lokalizuese e vatr\u00ebs s\u00eb infeksionit.<\/li>\n<\/ul>\n<h4>P\u00ebrdorimi:<\/h4>\n<p>Hidhni nj\u00eb lug\u00eb \u00e7aj nje filxhal uj\u00eb, zihet p\u00ebr rreth 10 minuta \u00ebmb\u00eblsojeni me \u00ebmb\u00eblsuesin tuaj t\u00eb preferuar dhe \u00ebsht\u00eb gati.<\/p>\n<h4>Kujdes!<\/h4>\n<p>N\u00ebse merrni ilaqe apo jeni duke u kuruar nga nj\u00eb s\u00ebmundje, ju lutem konsultohuni me mjekun tuaj p\u00ebrpara p\u00ebrdorimit t\u00eb \u00e7ajit echinacea.<\/p>\n","protected":false},"excerpt":{"rendered":"<p>Nj\u00eb \u00e7aj kurativ q\u00eb forcon imunitetin dhe mbron ndaj gripit dhe virozave.<\/p>\n","protected":false},"featured_media":6259,"comment_status":"open","ping_status":"closed","template":"","meta":{"_acf_changed":false,"inline_featured_image":false},"kategori-sipas-dietave":[89],"kategori-sipas-problemeve-shende":[85],"product_brand":[32],"product_cat":[81,43,26],"product_tag":[],"class_list":{"0":"post-6231","1":"product","2":"type-product","3":"status-publish","4":"has-post-thumbnail","6":"kategori-sipas-dietave-vegan","7":"kategori-sipas-problemeve-shende-imuniteti","8":"product_brand-bioagros","9":"product_cat-caj-bime-mjekesore","10":"product_cat-cajra","11":"product_cat-ushqime-bio","13":"first","14":"instock","15":"taxable","16":"shipping-taxable","17":"purchasable","18":"product-type-simple"},"acf":[],"yoast_head":"<!-- This site is optimized with the Yoast SEO plugin v27.4 - https:\/\/yoast.com\/product\/yoast-seo-wordpress\/ -->\n<title>\u00c7aj Echinacea - Edesia<\/title>\n<meta name=\"robots\" content=\"index, follow, max-snippet:-1, max-image-preview:large, max-video-preview:-1\" \/>\n<link rel=\"canonical\" href=\"https:\/\/www.edesia.al\/?product=caj-echinacea\" \/>\n<meta property=\"og:locale\" content=\"en_US\" \/>\n<meta property=\"og:type\" content=\"article\" \/>\n<meta property=\"og:title\" content=\"\u00c7aj Echinacea - Edesia\" \/>\n<meta property=\"og:description\" content=\"Nj\u00eb \u00e7aj kurativ q\u00eb forcon imunitetin dhe mbron ndaj gripit dhe virozave.\" \/>\n<meta property=\"og:url\" content=\"https:\/\/www.edesia.al\/?product=caj-echinacea\" \/>\n<meta property=\"og:site_name\" content=\"Edesia\" \/>\n<meta property=\"article:modified_time\" content=\"2026-02-20T21:23:38+00:00\" \/>\n<meta property=\"og:image\" content=\"https:\/\/www.edesia.al\/wp-content\/uploads\/2026\/02\/Caj-Echinacea-1.png\" \/>\n\t<meta property=\"og:image:width\" content=\"593\" \/>\n\t<meta property=\"og:image:height\" content=\"593\" \/>\n\t<meta property=\"og:image:type\" content=\"image\/png\" \/>\n<meta name=\"twitter:card\" content=\"summary_large_image\" \/>\n<meta name=\"twitter:label1\" content=\"Est. reading time\" \/>\n\t<meta name=\"twitter:data1\" content=\"1 minute\" \/>\n<script type=\"application\/ld+json\" class=\"yoast-schema-graph\">{\"@context\":\"https:\\\/\\\/schema.org\",\"@graph\":[{\"@type\":\"WebPage\",\"@id\":\"https:\\\/\\\/www.edesia.al\\\/?product=caj-echinacea\",\"url\":\"https:\\\/\\\/www.edesia.al\\\/?product=caj-echinacea\",\"name\":\"\u00c7aj Echinacea - Edesia\",\"isPartOf\":{\"@id\":\"https:\\\/\\\/www.edesia.al\\\/#website\"},\"primaryImageOfPage\":{\"@id\":\"https:\\\/\\\/www.edesia.al\\\/?product=caj-echinacea#primaryimage\"},\"image\":{\"@id\":\"https:\\\/\\\/www.edesia.al\\\/?product=caj-echinacea#primaryimage\"},\"thumbnailUrl\":\"https:\\\/\\\/www.edesia.al\\\/wp-content\\\/uploads\\\/2026\\\/02\\\/Caj-Echinacea-1.png\",\"datePublished\":\"2026-02-16T21:06:08+00:00\",\"dateModified\":\"2026-02-20T21:23:38+00:00\",\"breadcrumb\":{\"@id\":\"https:\\\/\\\/www.edesia.al\\\/?product=caj-echinacea#breadcrumb\"},\"inLanguage\":\"en-US\",\"potentialAction\":[{\"@type\":\"ReadAction\",\"target\":[\"https:\\\/\\\/www.edesia.al\\\/?product=caj-echinacea\"]}]},{\"@type\":\"ImageObject\",\"inLanguage\":\"en-US\",\"@id\":\"https:\\\/\\\/www.edesia.al\\\/?product=caj-echinacea#primaryimage\",\"url\":\"https:\\\/\\\/www.edesia.al\\\/wp-content\\\/uploads\\\/2026\\\/02\\\/Caj-Echinacea-1.png\",\"contentUrl\":\"https:\\\/\\\/www.edesia.al\\\/wp-content\\\/uploads\\\/2026\\\/02\\\/Caj-Echinacea-1.png\",\"width\":593,\"height\":593},{\"@type\":\"BreadcrumbList\",\"@id\":\"https:\\\/\\\/www.edesia.al\\\/?product=caj-echinacea#breadcrumb\",\"itemListElement\":[{\"@type\":\"ListItem\",\"position\":1,\"name\":\"Home\",\"item\":\"https:\\\/\\\/www.edesia.al\\\/\"},{\"@type\":\"ListItem\",\"position\":2,\"name\":\"Dyqani\",\"item\":\"https:\\\/\\\/www.edesia.al\\\/?page_id=17\"},{\"@type\":\"ListItem\",\"position\":3,\"name\":\"\u00c7aj Echinacea\"}]},{\"@type\":\"WebSite\",\"@id\":\"https:\\\/\\\/www.edesia.al\\\/#website\",\"url\":\"https:\\\/\\\/www.edesia.al\\\/\",\"name\":\"Edesia\",\"description\":\"\",\"publisher\":{\"@id\":\"https:\\\/\\\/www.edesia.al\\\/#organization\"},\"potentialAction\":[{\"@type\":\"SearchAction\",\"target\":{\"@type\":\"EntryPoint\",\"urlTemplate\":\"https:\\\/\\\/www.edesia.al\\\/?s={search_term_string}\"},\"query-input\":{\"@type\":\"PropertyValueSpecification\",\"valueRequired\":true,\"valueName\":\"search_term_string\"}}],\"inLanguage\":\"en-US\"},{\"@type\":\"Organization\",\"@id\":\"https:\\\/\\\/www.edesia.al\\\/#organization\",\"name\":\"Edesia\",\"url\":\"https:\\\/\\\/www.edesia.al\\\/\",\"logo\":{\"@type\":\"ImageObject\",\"inLanguage\":\"en-US\",\"@id\":\"https:\\\/\\\/www.edesia.al\\\/#\\\/schema\\\/logo\\\/image\\\/\",\"url\":\"https:\\\/\\\/www.edesia.al\\\/wp-content\\\/uploads\\\/2026\\\/02\\\/Logo-Edesia-no-background.png\",\"contentUrl\":\"https:\\\/\\\/www.edesia.al\\\/wp-content\\\/uploads\\\/2026\\\/02\\\/Logo-Edesia-no-background.png\",\"width\":293,\"height\":158,\"caption\":\"Edesia\"},\"image\":{\"@id\":\"https:\\\/\\\/www.edesia.al\\\/#\\\/schema\\\/logo\\\/image\\\/\"}}]}<\/script>\n<!-- \/ Yoast SEO plugin. -->","yoast_head_json":{"title":"\u00c7aj Echinacea - Edesia","robots":{"index":"index","follow":"follow","max-snippet":"max-snippet:-1","max-image-preview":"max-image-preview:large","max-video-preview":"max-video-preview:-1"},"canonical":"https:\/\/www.edesia.al\/?product=caj-echinacea","og_locale":"en_US","og_type":"article","og_title":"\u00c7aj Echinacea - Edesia","og_description":"Nj\u00eb \u00e7aj kurativ q\u00eb forcon imunitetin dhe mbron ndaj gripit dhe virozave.","og_url":"https:\/\/www.edesia.al\/?product=caj-echinacea","og_site_name":"Edesia","article_modified_time":"2026-02-20T21:23:38+00:00","og_image":[{"width":593,"height":593,"url":"https:\/\/www.edesia.al\/wp-content\/uploads\/2026\/02\/Caj-Echinacea-1.png","type":"image\/png"}],"twitter_card":"summary_large_image","twitter_misc":{"Est. reading time":"1 minute"},"schema":{"@context":"https:\/\/schema.org","@graph":[{"@type":"WebPage","@id":"https:\/\/www.edesia.al\/?product=caj-echinacea","url":"https:\/\/www.edesia.al\/?product=caj-echinacea","name":"\u00c7aj Echinacea - Edesia","isPartOf":{"@id":"https:\/\/www.edesia.al\/#website"},"primaryImageOfPage":{"@id":"https:\/\/www.edesia.al\/?product=caj-echinacea#primaryimage"},"image":{"@id":"https:\/\/www.edesia.al\/?product=caj-echinacea#primaryimage"},"thumbnailUrl":"https:\/\/www.edesia.al\/wp-content\/uploads\/2026\/02\/Caj-Echinacea-1.png","datePublished":"2026-02-16T21:06:08+00:00","dateModified":"2026-02-20T21:23:38+00:00","breadcrumb":{"@id":"https:\/\/www.edesia.al\/?product=caj-echinacea#breadcrumb"},"inLanguage":"en-US","potentialAction":[{"@type":"ReadAction","target":["https:\/\/www.edesia.al\/?product=caj-echinacea"]}]},{"@type":"ImageObject","inLanguage":"en-US","@id":"https:\/\/www.edesia.al\/?product=caj-echinacea#primaryimage","url":"https:\/\/www.edesia.al\/wp-content\/uploads\/2026\/02\/Caj-Echinacea-1.png","contentUrl":"https:\/\/www.edesia.al\/wp-content\/uploads\/2026\/02\/Caj-Echinacea-1.png","width":593,"height":593},{"@type":"BreadcrumbList","@id":"https:\/\/www.edesia.al\/?product=caj-echinacea#breadcrumb","itemListElement":[{"@type":"ListItem","position":1,"name":"Home","item":"https:\/\/www.edesia.al\/"},{"@type":"ListItem","position":2,"name":"Dyqani","item":"https:\/\/www.edesia.al\/?page_id=17"},{"@type":"ListItem","position":3,"name":"\u00c7aj Echinacea"}]},{"@type":"WebSite","@id":"https:\/\/www.edesia.al\/#website","url":"https:\/\/www.edesia.al\/","name":"Edesia","description":"","publisher":{"@id":"https:\/\/www.edesia.al\/#organization"},"potentialAction":[{"@type":"SearchAction","target":{"@type":"EntryPoint","urlTemplate":"https:\/\/www.edesia.al\/?s={search_term_string}"},"query-input":{"@type":"PropertyValueSpecification","valueRequired":true,"valueName":"search_term_string"}}],"inLanguage":"en-US"},{"@type":"Organization","@id":"https:\/\/www.edesia.al\/#organization","name":"Edesia","url":"https:\/\/www.edesia.al\/","logo":{"@type":"ImageObject","inLanguage":"en-US","@id":"https:\/\/www.edesia.al\/#\/schema\/logo\/image\/","url":"https:\/\/www.edesia.al\/wp-content\/uploads\/2026\/02\/Logo-Edesia-no-background.png","contentUrl":"https:\/\/www.edesia.al\/wp-content\/uploads\/2026\/02\/Logo-Edesia-no-background.png","width":293,"height":158,"caption":"Edesia"},"image":{"@id":"https:\/\/www.edesia.al\/#\/schema\/logo\/image\/"}}]}},"_links":{"self":[{"href":"https:\/\/www.edesia.al\/index.php?rest_route=\/wp\/v2\/product\/6231","targetHints":{"allow":["GET"]}}],"collection":[{"href":"https:\/\/www.edesia.al\/index.php?rest_route=\/wp\/v2\/product"}],"about":[{"href":"https:\/\/www.edesia.al\/index.php?rest_route=\/wp\/v2\/types\/product"}],"replies":[{"embeddable":true,"href":"https:\/\/www.edesia.al\/index.php?rest_route=%2Fwp%2Fv2%2Fcomments&post=6231"}],"wp:featuredmedia":[{"embeddable":true,"href":"https:\/\/www.edesia.al\/index.php?rest_route=\/wp\/v2\/media\/6259"}],"wp:attachment":[{"href":"https:\/\/www.edesia.al\/index.php?rest_route=%2Fwp%2Fv2%2Fmedia&parent=6231"}],"wp:term":[{"taxonomy":"kategori-sipas-dietave","embeddable":true,"href":"https:\/\/www.edesia.al\/index.php?rest_route=%2Fwp%2Fv2%2Fkategori-sipas-dietave&post=6231"},{"taxonomy":"kategori-sipas-problemeve-shende","embeddable":true,"href":"https:\/\/www.edesia.al\/index.php?rest_route=%2Fwp%2Fv2%2Fkategori-sipas-problemeve-shende&post=6231"},{"taxonomy":"product_brand","embeddable":true,"href":"https:\/\/www.edesia.al\/index.php?rest_route=%2Fwp%2Fv2%2Fproduct_brand&post=6231"},{"taxonomy":"product_cat","embeddable":true,"href":"https:\/\/www.edesia.al\/index.php?rest_route=%2Fwp%2Fv2%2Fproduct_cat&post=6231"},{"taxonomy":"product_tag","embeddable":true,"href":"https:\/\/www.edesia.al\/index.php?rest_route=%2Fwp%2Fv2%2Fproduct_tag&post=6231"}],"curies":[{"name":"wp","href":"https:\/\/api.w.org\/{rel}","templated":true}]}}