{"id":6239,"date":"2026-02-16T21:06:09","date_gmt":"2026-02-16T21:06:09","guid":{"rendered":"https:\/\/www.edesia.al\/?post_type=product&#038;p=6239"},"modified":"2026-02-20T21:27:34","modified_gmt":"2026-02-20T21:27:34","slug":"kajsi-te-thata","status":"publish","type":"product","link":"https:\/\/www.edesia.al\/?product=kajsi-te-thata","title":{"rendered":"Kajsi T\u00eb Thata"},"content":{"rendered":"<h3>Kajsi T\u00eb Thata &#8211; 100% Bio Organike, E Certifikuar (250g)<\/h3>\n<p>Kajsia \u00ebsht\u00eb nj\u00eb nga frutat q\u00eb p\u00ebrban m\u00eb shum\u00eb vlera ushqyese q\u00eb ndihmojn\u00eb organizmin ton\u00eb t\u00eb jet\u00eb i sh\u00ebndetsh\u00ebm. T\u00eb thata kajsit\u00eb kan\u00eb m\u00eb shum\u00eb vlera se sa t\u00eb fresk\u00ebta. Fruti humbet gjith\u00eb p\u00ebrmbajtjen ujore, por vlerat e tij ushqimore mbeten t\u00eb paprekura dhe ky \u00ebsht\u00eb fakt i rrall\u00eb me frutat q\u00eb thahen. Rrjedhimisht, ushqyesit jan\u00eb m\u00eb t\u00eb p\u00ebrqendruar dhe m\u00eb t\u00eb fuqish\u00ebm. Vlerat e kajsive t\u00eb thata dalin n\u00eb pah si rezultat i nivelit t\u00eb lart\u00eb t\u00eb beta karotenit, nj\u00eb substanc\u00eb e dobishme q\u00eb ka rolin e formimit t\u00eb vitamin\u00ebs A. \u00c7do doz\u00eb e beta karotenit ofron shikim t\u00eb mir\u00eb dhe mbron syt\u00eb nga \u00e7do \u00e7rregullim, mang\u00ebsi ose problem.<\/p>\n<h4>P\u00ebrfitimet sh\u00ebndetsore t\u00eb kajsive t\u00eb thata:<\/h4>\n<ul>\n<li>P\u00ebrmir\u00ebson dhe mbron sh\u00ebndetin e syve.<\/li>\n<li>Ndihmon n\u00eb mir\u00ebmbajtjen e kockave n\u00eb saj t\u00eb p\u00ebrmbajtjes s\u00eb kaliumit.<\/li>\n<li>Forcon sistemin imunitar pasi p\u00ebrban vitamin\u00eb C.<\/li>\n<li>Hekuri ndihmon prodhimin e hemoglobines n\u00eb gjak.<\/li>\n<li>Ndihmojn\u00eb e mir\u00ebfunksionimin e aparatit tret\u00ebs.<\/li>\n<li>Parandalojn\u00eb problemet m\u00eb l\u00ebkur\u00ebn.<\/li>\n<li>Kontrollojn\u00eb depozitimin e yndyrnave n\u00eb trup.<\/li>\n<\/ul>\n<p>&nbsp;<\/p>\n<h4>P\u00ebrdorimi:<\/h4>\n<p>Rekomandohet 8-10 kajsi t\u00eb thata e dit\u00eb.<\/p>\n<p>&nbsp;<\/p>\n","protected":false},"excerpt":{"rendered":"<p>Kajsit\u00eb e thata kan\u00eb n\u00eb p\u00ebrmbajtjen e tyre shum\u00eb minerale si\u00e7 jan\u00eb hekuri, kalciumi, kaliumi, fosfori dhe vitamina C. K\u00ebto minerale jan\u00eb p\u00ebrgjegj\u00ebse p\u00ebr t\u00eb rregulluar nj\u00eb s\u00ebr\u00eb procesesh natyrale n\u00eb organiz\u00ebm t\u00eb cilat nuk do t\u00eb ndodhnin pa pranin\u00eb e tyre.<\/p>\n","protected":false},"featured_media":6268,"comment_status":"open","ping_status":"closed","template":"","meta":{"_acf_changed":false,"inline_featured_image":false},"kategori-sipas-dietave":[],"kategori-sipas-problemeve-shende":[],"product_brand":[32],"product_cat":[31,26],"product_tag":[],"class_list":{"0":"post-6239","1":"product","2":"type-product","3":"status-publish","4":"has-post-thumbnail","6":"product_brand-bioagros","7":"product_cat-fruta-te-thata","8":"product_cat-ushqime-bio","10":"first","11":"instock","12":"taxable","13":"shipping-taxable","14":"purchasable","15":"product-type-simple"},"acf":[],"yoast_head":"<!-- This site is optimized with the Yoast SEO plugin v27.4 - https:\/\/yoast.com\/product\/yoast-seo-wordpress\/ -->\n<title>Kajsi T\u00eb Thata - Edesia<\/title>\n<meta name=\"robots\" content=\"index, follow, max-snippet:-1, max-image-preview:large, max-video-preview:-1\" \/>\n<link rel=\"canonical\" href=\"https:\/\/www.edesia.al\/?product=kajsi-te-thata\" \/>\n<meta property=\"og:locale\" content=\"en_US\" \/>\n<meta property=\"og:type\" content=\"article\" \/>\n<meta property=\"og:title\" content=\"Kajsi T\u00eb Thata - Edesia\" \/>\n<meta property=\"og:description\" content=\"Kajsit\u00eb e thata kan\u00eb n\u00eb p\u00ebrmbajtjen e tyre shum\u00eb minerale si\u00e7 jan\u00eb hekuri, kalciumi, kaliumi, fosfori dhe vitamina C. K\u00ebto minerale jan\u00eb p\u00ebrgjegj\u00ebse p\u00ebr t\u00eb rregulluar nj\u00eb s\u00ebr\u00eb procesesh natyrale n\u00eb organiz\u00ebm t\u00eb cilat nuk do t\u00eb ndodhnin pa pranin\u00eb e tyre.\" \/>\n<meta property=\"og:url\" content=\"https:\/\/www.edesia.al\/?product=kajsi-te-thata\" \/>\n<meta property=\"og:site_name\" content=\"Edesia\" \/>\n<meta property=\"article:modified_time\" content=\"2026-02-20T21:27:34+00:00\" \/>\n<meta property=\"og:image\" content=\"https:\/\/www.edesia.al\/wp-content\/uploads\/2026\/02\/Kajsi-te-Thata-1.png\" \/>\n\t<meta property=\"og:image:width\" content=\"593\" \/>\n\t<meta property=\"og:image:height\" content=\"593\" \/>\n\t<meta property=\"og:image:type\" content=\"image\/png\" \/>\n<meta name=\"twitter:card\" content=\"summary_large_image\" \/>\n<meta name=\"twitter:label1\" content=\"Est. reading time\" \/>\n\t<meta name=\"twitter:data1\" content=\"1 minute\" \/>\n<script type=\"application\/ld+json\" class=\"yoast-schema-graph\">{\"@context\":\"https:\\\/\\\/schema.org\",\"@graph\":[{\"@type\":\"WebPage\",\"@id\":\"https:\\\/\\\/www.edesia.al\\\/?product=kajsi-te-thata\",\"url\":\"https:\\\/\\\/www.edesia.al\\\/?product=kajsi-te-thata\",\"name\":\"Kajsi T\u00eb Thata - Edesia\",\"isPartOf\":{\"@id\":\"https:\\\/\\\/www.edesia.al\\\/#website\"},\"primaryImageOfPage\":{\"@id\":\"https:\\\/\\\/www.edesia.al\\\/?product=kajsi-te-thata#primaryimage\"},\"image\":{\"@id\":\"https:\\\/\\\/www.edesia.al\\\/?product=kajsi-te-thata#primaryimage\"},\"thumbnailUrl\":\"https:\\\/\\\/www.edesia.al\\\/wp-content\\\/uploads\\\/2026\\\/02\\\/Kajsi-te-Thata-1.png\",\"datePublished\":\"2026-02-16T21:06:09+00:00\",\"dateModified\":\"2026-02-20T21:27:34+00:00\",\"breadcrumb\":{\"@id\":\"https:\\\/\\\/www.edesia.al\\\/?product=kajsi-te-thata#breadcrumb\"},\"inLanguage\":\"en-US\",\"potentialAction\":[{\"@type\":\"ReadAction\",\"target\":[\"https:\\\/\\\/www.edesia.al\\\/?product=kajsi-te-thata\"]}]},{\"@type\":\"ImageObject\",\"inLanguage\":\"en-US\",\"@id\":\"https:\\\/\\\/www.edesia.al\\\/?product=kajsi-te-thata#primaryimage\",\"url\":\"https:\\\/\\\/www.edesia.al\\\/wp-content\\\/uploads\\\/2026\\\/02\\\/Kajsi-te-Thata-1.png\",\"contentUrl\":\"https:\\\/\\\/www.edesia.al\\\/wp-content\\\/uploads\\\/2026\\\/02\\\/Kajsi-te-Thata-1.png\",\"width\":593,\"height\":593},{\"@type\":\"BreadcrumbList\",\"@id\":\"https:\\\/\\\/www.edesia.al\\\/?product=kajsi-te-thata#breadcrumb\",\"itemListElement\":[{\"@type\":\"ListItem\",\"position\":1,\"name\":\"Home\",\"item\":\"https:\\\/\\\/www.edesia.al\\\/\"},{\"@type\":\"ListItem\",\"position\":2,\"name\":\"Dyqani\",\"item\":\"https:\\\/\\\/www.edesia.al\\\/?page_id=17\"},{\"@type\":\"ListItem\",\"position\":3,\"name\":\"Kajsi T\u00eb Thata\"}]},{\"@type\":\"WebSite\",\"@id\":\"https:\\\/\\\/www.edesia.al\\\/#website\",\"url\":\"https:\\\/\\\/www.edesia.al\\\/\",\"name\":\"Edesia\",\"description\":\"\",\"publisher\":{\"@id\":\"https:\\\/\\\/www.edesia.al\\\/#organization\"},\"potentialAction\":[{\"@type\":\"SearchAction\",\"target\":{\"@type\":\"EntryPoint\",\"urlTemplate\":\"https:\\\/\\\/www.edesia.al\\\/?s={search_term_string}\"},\"query-input\":{\"@type\":\"PropertyValueSpecification\",\"valueRequired\":true,\"valueName\":\"search_term_string\"}}],\"inLanguage\":\"en-US\"},{\"@type\":\"Organization\",\"@id\":\"https:\\\/\\\/www.edesia.al\\\/#organization\",\"name\":\"Edesia\",\"url\":\"https:\\\/\\\/www.edesia.al\\\/\",\"logo\":{\"@type\":\"ImageObject\",\"inLanguage\":\"en-US\",\"@id\":\"https:\\\/\\\/www.edesia.al\\\/#\\\/schema\\\/logo\\\/image\\\/\",\"url\":\"https:\\\/\\\/www.edesia.al\\\/wp-content\\\/uploads\\\/2026\\\/02\\\/Logo-Edesia-no-background.png\",\"contentUrl\":\"https:\\\/\\\/www.edesia.al\\\/wp-content\\\/uploads\\\/2026\\\/02\\\/Logo-Edesia-no-background.png\",\"width\":293,\"height\":158,\"caption\":\"Edesia\"},\"image\":{\"@id\":\"https:\\\/\\\/www.edesia.al\\\/#\\\/schema\\\/logo\\\/image\\\/\"}}]}<\/script>\n<!-- \/ Yoast SEO plugin. -->","yoast_head_json":{"title":"Kajsi T\u00eb Thata - Edesia","robots":{"index":"index","follow":"follow","max-snippet":"max-snippet:-1","max-image-preview":"max-image-preview:large","max-video-preview":"max-video-preview:-1"},"canonical":"https:\/\/www.edesia.al\/?product=kajsi-te-thata","og_locale":"en_US","og_type":"article","og_title":"Kajsi T\u00eb Thata - Edesia","og_description":"Kajsit\u00eb e thata kan\u00eb n\u00eb p\u00ebrmbajtjen e tyre shum\u00eb minerale si\u00e7 jan\u00eb hekuri, kalciumi, kaliumi, fosfori dhe vitamina C. K\u00ebto minerale jan\u00eb p\u00ebrgjegj\u00ebse p\u00ebr t\u00eb rregulluar nj\u00eb s\u00ebr\u00eb procesesh natyrale n\u00eb organiz\u00ebm t\u00eb cilat nuk do t\u00eb ndodhnin pa pranin\u00eb e tyre.","og_url":"https:\/\/www.edesia.al\/?product=kajsi-te-thata","og_site_name":"Edesia","article_modified_time":"2026-02-20T21:27:34+00:00","og_image":[{"width":593,"height":593,"url":"https:\/\/www.edesia.al\/wp-content\/uploads\/2026\/02\/Kajsi-te-Thata-1.png","type":"image\/png"}],"twitter_card":"summary_large_image","twitter_misc":{"Est. reading time":"1 minute"},"schema":{"@context":"https:\/\/schema.org","@graph":[{"@type":"WebPage","@id":"https:\/\/www.edesia.al\/?product=kajsi-te-thata","url":"https:\/\/www.edesia.al\/?product=kajsi-te-thata","name":"Kajsi T\u00eb Thata - Edesia","isPartOf":{"@id":"https:\/\/www.edesia.al\/#website"},"primaryImageOfPage":{"@id":"https:\/\/www.edesia.al\/?product=kajsi-te-thata#primaryimage"},"image":{"@id":"https:\/\/www.edesia.al\/?product=kajsi-te-thata#primaryimage"},"thumbnailUrl":"https:\/\/www.edesia.al\/wp-content\/uploads\/2026\/02\/Kajsi-te-Thata-1.png","datePublished":"2026-02-16T21:06:09+00:00","dateModified":"2026-02-20T21:27:34+00:00","breadcrumb":{"@id":"https:\/\/www.edesia.al\/?product=kajsi-te-thata#breadcrumb"},"inLanguage":"en-US","potentialAction":[{"@type":"ReadAction","target":["https:\/\/www.edesia.al\/?product=kajsi-te-thata"]}]},{"@type":"ImageObject","inLanguage":"en-US","@id":"https:\/\/www.edesia.al\/?product=kajsi-te-thata#primaryimage","url":"https:\/\/www.edesia.al\/wp-content\/uploads\/2026\/02\/Kajsi-te-Thata-1.png","contentUrl":"https:\/\/www.edesia.al\/wp-content\/uploads\/2026\/02\/Kajsi-te-Thata-1.png","width":593,"height":593},{"@type":"BreadcrumbList","@id":"https:\/\/www.edesia.al\/?product=kajsi-te-thata#breadcrumb","itemListElement":[{"@type":"ListItem","position":1,"name":"Home","item":"https:\/\/www.edesia.al\/"},{"@type":"ListItem","position":2,"name":"Dyqani","item":"https:\/\/www.edesia.al\/?page_id=17"},{"@type":"ListItem","position":3,"name":"Kajsi T\u00eb Thata"}]},{"@type":"WebSite","@id":"https:\/\/www.edesia.al\/#website","url":"https:\/\/www.edesia.al\/","name":"Edesia","description":"","publisher":{"@id":"https:\/\/www.edesia.al\/#organization"},"potentialAction":[{"@type":"SearchAction","target":{"@type":"EntryPoint","urlTemplate":"https:\/\/www.edesia.al\/?s={search_term_string}"},"query-input":{"@type":"PropertyValueSpecification","valueRequired":true,"valueName":"search_term_string"}}],"inLanguage":"en-US"},{"@type":"Organization","@id":"https:\/\/www.edesia.al\/#organization","name":"Edesia","url":"https:\/\/www.edesia.al\/","logo":{"@type":"ImageObject","inLanguage":"en-US","@id":"https:\/\/www.edesia.al\/#\/schema\/logo\/image\/","url":"https:\/\/www.edesia.al\/wp-content\/uploads\/2026\/02\/Logo-Edesia-no-background.png","contentUrl":"https:\/\/www.edesia.al\/wp-content\/uploads\/2026\/02\/Logo-Edesia-no-background.png","width":293,"height":158,"caption":"Edesia"},"image":{"@id":"https:\/\/www.edesia.al\/#\/schema\/logo\/image\/"}}]}},"_links":{"self":[{"href":"https:\/\/www.edesia.al\/index.php?rest_route=\/wp\/v2\/product\/6239","targetHints":{"allow":["GET"]}}],"collection":[{"href":"https:\/\/www.edesia.al\/index.php?rest_route=\/wp\/v2\/product"}],"about":[{"href":"https:\/\/www.edesia.al\/index.php?rest_route=\/wp\/v2\/types\/product"}],"replies":[{"embeddable":true,"href":"https:\/\/www.edesia.al\/index.php?rest_route=%2Fwp%2Fv2%2Fcomments&post=6239"}],"wp:featuredmedia":[{"embeddable":true,"href":"https:\/\/www.edesia.al\/index.php?rest_route=\/wp\/v2\/media\/6268"}],"wp:attachment":[{"href":"https:\/\/www.edesia.al\/index.php?rest_route=%2Fwp%2Fv2%2Fmedia&parent=6239"}],"wp:term":[{"taxonomy":"kategori-sipas-dietave","embeddable":true,"href":"https:\/\/www.edesia.al\/index.php?rest_route=%2Fwp%2Fv2%2Fkategori-sipas-dietave&post=6239"},{"taxonomy":"kategori-sipas-problemeve-shende","embeddable":true,"href":"https:\/\/www.edesia.al\/index.php?rest_route=%2Fwp%2Fv2%2Fkategori-sipas-problemeve-shende&post=6239"},{"taxonomy":"product_brand","embeddable":true,"href":"https:\/\/www.edesia.al\/index.php?rest_route=%2Fwp%2Fv2%2Fproduct_brand&post=6239"},{"taxonomy":"product_cat","embeddable":true,"href":"https:\/\/www.edesia.al\/index.php?rest_route=%2Fwp%2Fv2%2Fproduct_cat&post=6239"},{"taxonomy":"product_tag","embeddable":true,"href":"https:\/\/www.edesia.al\/index.php?rest_route=%2Fwp%2Fv2%2Fproduct_tag&post=6239"}],"curies":[{"name":"wp","href":"https:\/\/api.w.org\/{rel}","templated":true}]}}