{"id":6240,"date":"2026-02-16T21:06:09","date_gmt":"2026-02-16T21:06:09","guid":{"rendered":"https:\/\/www.edesia.al\/?post_type=product&#038;p=6240"},"modified":"2026-02-20T21:28:20","modified_gmt":"2026-02-20T21:28:20","slug":"mana-te-bardhe-te-thate","status":"publish","type":"product","link":"https:\/\/www.edesia.al\/?product=mana-te-bardhe-te-thate","title":{"rendered":"Mana T\u00eb Bardh\u00eb, T\u00eb That\u00eb"},"content":{"rendered":"<h3>Mana T\u00eb Bardh\u00eb, T\u00eb That\u00eb &#8211; 100% Bio Organik, I Certifikuar (150g)<\/h3>\n<p>N\u00eb kokrrat e manit gjenden vitaminat B1, B2, C, PP, karotina, flavonoidet, acide organike, l\u00ebnd\u00eb pektive, ngjyros\u00ebse, hekur, sasi t\u00eb konsiderueshme sheqeri, p\u00ebrfshi k\u00ebtu dhe glukoz\u00ebn, fruktoz\u00ebn, saharoz\u00ebn. N\u00eb far\u00eb gjendet dhe vaj yndyror. Te gjitha keto vlera behen dhe me te koncetruara kur fruti eshte i thate.<\/p>\n<h4>P\u00ebrfitimet sh\u00ebndetsore t\u00eb manave t\u00eb that\u00eb:<\/h4>\n<p>Manat e bardh\u00eb kan\u00eb cil\u00ebsi antiflamative, antiseptive, kundra koll\u00ebs s\u00eb that\u00eb, shkarkimit t\u00eb urin\u00ebs, si dhe veti sh\u00ebruese t\u00eb plag\u00ebve.<\/p>\n<p>&nbsp;<\/p>\n<h4>P\u00ebrdorimi:<\/h4>\n<p>Konsumohet si frut i that\u00eb n\u00eb cdo koh\u00eb te dit\u00ebs.<\/p>\n","protected":false},"excerpt":{"rendered":"<p>Mana T\u00eb Bardh\u00eb, T\u00eb That\u00eb &#8211; 100% Bio Organik, I Certifikuar (150g) N\u00eb kokrrat e manit gjenden vitaminat B1, B2, C, PP, karotina, flavonoidet, acide organike, l\u00ebnd\u00eb pektive, ngjyros\u00ebse, hekur, sasi t\u00eb konsiderueshme sheqeri, p\u00ebrfshi k\u00ebtu dhe glukoz\u00ebn, fruktoz\u00ebn, saharoz\u00ebn. N\u00eb far\u00eb gjendet dhe vaj yndyror. Te gjitha keto vlera behen dhe me te koncetruara[&#8230;]<\/p>\n","protected":false},"featured_media":6269,"comment_status":"open","ping_status":"closed","template":"","meta":{"_acf_changed":false,"inline_featured_image":false},"kategori-sipas-dietave":[89],"kategori-sipas-problemeve-shende":[83],"product_brand":[32],"product_cat":[31,26],"product_tag":[],"class_list":{"0":"post-6240","1":"product","2":"type-product","3":"status-publish","4":"has-post-thumbnail","6":"kategori-sipas-dietave-vegan","7":"kategori-sipas-problemeve-shende-tretje-detox","8":"product_brand-bioagros","9":"product_cat-fruta-te-thata","10":"product_cat-ushqime-bio","12":"first","13":"instock","14":"taxable","15":"shipping-taxable","16":"purchasable","17":"product-type-simple"},"acf":[],"yoast_head":"<!-- This site is optimized with the Yoast SEO plugin v27.4 - https:\/\/yoast.com\/product\/yoast-seo-wordpress\/ -->\n<title>Mana T\u00eb Bardh\u00eb, T\u00eb That\u00eb - Edesia<\/title>\n<meta name=\"robots\" content=\"index, follow, max-snippet:-1, max-image-preview:large, max-video-preview:-1\" \/>\n<link rel=\"canonical\" href=\"https:\/\/www.edesia.al\/?product=mana-te-bardhe-te-thate\" \/>\n<meta property=\"og:locale\" content=\"en_US\" \/>\n<meta property=\"og:type\" content=\"article\" \/>\n<meta property=\"og:title\" content=\"Mana T\u00eb Bardh\u00eb, T\u00eb That\u00eb - Edesia\" \/>\n<meta property=\"og:description\" content=\"Mana T\u00eb Bardh\u00eb, T\u00eb That\u00eb &#8211; 100% Bio Organik, I Certifikuar (150g) N\u00eb kokrrat e manit gjenden vitaminat B1, B2, C, PP, karotina, flavonoidet, acide organike, l\u00ebnd\u00eb pektive, ngjyros\u00ebse, hekur, sasi t\u00eb konsiderueshme sheqeri, p\u00ebrfshi k\u00ebtu dhe glukoz\u00ebn, fruktoz\u00ebn, saharoz\u00ebn. N\u00eb far\u00eb gjendet dhe vaj yndyror. Te gjitha keto vlera behen dhe me te koncetruara[...]\" \/>\n<meta property=\"og:url\" content=\"https:\/\/www.edesia.al\/?product=mana-te-bardhe-te-thate\" \/>\n<meta property=\"og:site_name\" content=\"Edesia\" \/>\n<meta property=\"article:modified_time\" content=\"2026-02-20T21:28:20+00:00\" \/>\n<meta property=\"og:image\" content=\"https:\/\/www.edesia.al\/wp-content\/uploads\/2026\/02\/mana-te-thate-1.jpg\" \/>\n\t<meta property=\"og:image:width\" content=\"300\" \/>\n\t<meta property=\"og:image:height\" content=\"300\" \/>\n\t<meta property=\"og:image:type\" content=\"image\/jpeg\" \/>\n<meta name=\"twitter:card\" content=\"summary_large_image\" \/>\n<meta name=\"twitter:label1\" content=\"Est. reading time\" \/>\n\t<meta name=\"twitter:data1\" content=\"1 minute\" \/>\n<script type=\"application\/ld+json\" class=\"yoast-schema-graph\">{\"@context\":\"https:\\\/\\\/schema.org\",\"@graph\":[{\"@type\":\"WebPage\",\"@id\":\"https:\\\/\\\/www.edesia.al\\\/?product=mana-te-bardhe-te-thate\",\"url\":\"https:\\\/\\\/www.edesia.al\\\/?product=mana-te-bardhe-te-thate\",\"name\":\"Mana T\u00eb Bardh\u00eb, T\u00eb That\u00eb - Edesia\",\"isPartOf\":{\"@id\":\"https:\\\/\\\/www.edesia.al\\\/#website\"},\"primaryImageOfPage\":{\"@id\":\"https:\\\/\\\/www.edesia.al\\\/?product=mana-te-bardhe-te-thate#primaryimage\"},\"image\":{\"@id\":\"https:\\\/\\\/www.edesia.al\\\/?product=mana-te-bardhe-te-thate#primaryimage\"},\"thumbnailUrl\":\"https:\\\/\\\/www.edesia.al\\\/wp-content\\\/uploads\\\/2026\\\/02\\\/mana-te-thate-1.jpg\",\"datePublished\":\"2026-02-16T21:06:09+00:00\",\"dateModified\":\"2026-02-20T21:28:20+00:00\",\"breadcrumb\":{\"@id\":\"https:\\\/\\\/www.edesia.al\\\/?product=mana-te-bardhe-te-thate#breadcrumb\"},\"inLanguage\":\"en-US\",\"potentialAction\":[{\"@type\":\"ReadAction\",\"target\":[\"https:\\\/\\\/www.edesia.al\\\/?product=mana-te-bardhe-te-thate\"]}]},{\"@type\":\"ImageObject\",\"inLanguage\":\"en-US\",\"@id\":\"https:\\\/\\\/www.edesia.al\\\/?product=mana-te-bardhe-te-thate#primaryimage\",\"url\":\"https:\\\/\\\/www.edesia.al\\\/wp-content\\\/uploads\\\/2026\\\/02\\\/mana-te-thate-1.jpg\",\"contentUrl\":\"https:\\\/\\\/www.edesia.al\\\/wp-content\\\/uploads\\\/2026\\\/02\\\/mana-te-thate-1.jpg\",\"width\":300,\"height\":300},{\"@type\":\"BreadcrumbList\",\"@id\":\"https:\\\/\\\/www.edesia.al\\\/?product=mana-te-bardhe-te-thate#breadcrumb\",\"itemListElement\":[{\"@type\":\"ListItem\",\"position\":1,\"name\":\"Home\",\"item\":\"https:\\\/\\\/www.edesia.al\\\/\"},{\"@type\":\"ListItem\",\"position\":2,\"name\":\"Dyqani\",\"item\":\"https:\\\/\\\/www.edesia.al\\\/?page_id=17\"},{\"@type\":\"ListItem\",\"position\":3,\"name\":\"Mana T\u00eb Bardh\u00eb, T\u00eb That\u00eb\"}]},{\"@type\":\"WebSite\",\"@id\":\"https:\\\/\\\/www.edesia.al\\\/#website\",\"url\":\"https:\\\/\\\/www.edesia.al\\\/\",\"name\":\"Edesia\",\"description\":\"\",\"publisher\":{\"@id\":\"https:\\\/\\\/www.edesia.al\\\/#organization\"},\"potentialAction\":[{\"@type\":\"SearchAction\",\"target\":{\"@type\":\"EntryPoint\",\"urlTemplate\":\"https:\\\/\\\/www.edesia.al\\\/?s={search_term_string}\"},\"query-input\":{\"@type\":\"PropertyValueSpecification\",\"valueRequired\":true,\"valueName\":\"search_term_string\"}}],\"inLanguage\":\"en-US\"},{\"@type\":\"Organization\",\"@id\":\"https:\\\/\\\/www.edesia.al\\\/#organization\",\"name\":\"Edesia\",\"url\":\"https:\\\/\\\/www.edesia.al\\\/\",\"logo\":{\"@type\":\"ImageObject\",\"inLanguage\":\"en-US\",\"@id\":\"https:\\\/\\\/www.edesia.al\\\/#\\\/schema\\\/logo\\\/image\\\/\",\"url\":\"https:\\\/\\\/www.edesia.al\\\/wp-content\\\/uploads\\\/2026\\\/02\\\/Logo-Edesia-no-background.png\",\"contentUrl\":\"https:\\\/\\\/www.edesia.al\\\/wp-content\\\/uploads\\\/2026\\\/02\\\/Logo-Edesia-no-background.png\",\"width\":293,\"height\":158,\"caption\":\"Edesia\"},\"image\":{\"@id\":\"https:\\\/\\\/www.edesia.al\\\/#\\\/schema\\\/logo\\\/image\\\/\"}}]}<\/script>\n<!-- \/ Yoast SEO plugin. -->","yoast_head_json":{"title":"Mana T\u00eb Bardh\u00eb, T\u00eb That\u00eb - Edesia","robots":{"index":"index","follow":"follow","max-snippet":"max-snippet:-1","max-image-preview":"max-image-preview:large","max-video-preview":"max-video-preview:-1"},"canonical":"https:\/\/www.edesia.al\/?product=mana-te-bardhe-te-thate","og_locale":"en_US","og_type":"article","og_title":"Mana T\u00eb Bardh\u00eb, T\u00eb That\u00eb - Edesia","og_description":"Mana T\u00eb Bardh\u00eb, T\u00eb That\u00eb &#8211; 100% Bio Organik, I Certifikuar (150g) N\u00eb kokrrat e manit gjenden vitaminat B1, B2, C, PP, karotina, flavonoidet, acide organike, l\u00ebnd\u00eb pektive, ngjyros\u00ebse, hekur, sasi t\u00eb konsiderueshme sheqeri, p\u00ebrfshi k\u00ebtu dhe glukoz\u00ebn, fruktoz\u00ebn, saharoz\u00ebn. N\u00eb far\u00eb gjendet dhe vaj yndyror. Te gjitha keto vlera behen dhe me te koncetruara[...]","og_url":"https:\/\/www.edesia.al\/?product=mana-te-bardhe-te-thate","og_site_name":"Edesia","article_modified_time":"2026-02-20T21:28:20+00:00","og_image":[{"width":300,"height":300,"url":"https:\/\/www.edesia.al\/wp-content\/uploads\/2026\/02\/mana-te-thate-1.jpg","type":"image\/jpeg"}],"twitter_card":"summary_large_image","twitter_misc":{"Est. reading time":"1 minute"},"schema":{"@context":"https:\/\/schema.org","@graph":[{"@type":"WebPage","@id":"https:\/\/www.edesia.al\/?product=mana-te-bardhe-te-thate","url":"https:\/\/www.edesia.al\/?product=mana-te-bardhe-te-thate","name":"Mana T\u00eb Bardh\u00eb, T\u00eb That\u00eb - Edesia","isPartOf":{"@id":"https:\/\/www.edesia.al\/#website"},"primaryImageOfPage":{"@id":"https:\/\/www.edesia.al\/?product=mana-te-bardhe-te-thate#primaryimage"},"image":{"@id":"https:\/\/www.edesia.al\/?product=mana-te-bardhe-te-thate#primaryimage"},"thumbnailUrl":"https:\/\/www.edesia.al\/wp-content\/uploads\/2026\/02\/mana-te-thate-1.jpg","datePublished":"2026-02-16T21:06:09+00:00","dateModified":"2026-02-20T21:28:20+00:00","breadcrumb":{"@id":"https:\/\/www.edesia.al\/?product=mana-te-bardhe-te-thate#breadcrumb"},"inLanguage":"en-US","potentialAction":[{"@type":"ReadAction","target":["https:\/\/www.edesia.al\/?product=mana-te-bardhe-te-thate"]}]},{"@type":"ImageObject","inLanguage":"en-US","@id":"https:\/\/www.edesia.al\/?product=mana-te-bardhe-te-thate#primaryimage","url":"https:\/\/www.edesia.al\/wp-content\/uploads\/2026\/02\/mana-te-thate-1.jpg","contentUrl":"https:\/\/www.edesia.al\/wp-content\/uploads\/2026\/02\/mana-te-thate-1.jpg","width":300,"height":300},{"@type":"BreadcrumbList","@id":"https:\/\/www.edesia.al\/?product=mana-te-bardhe-te-thate#breadcrumb","itemListElement":[{"@type":"ListItem","position":1,"name":"Home","item":"https:\/\/www.edesia.al\/"},{"@type":"ListItem","position":2,"name":"Dyqani","item":"https:\/\/www.edesia.al\/?page_id=17"},{"@type":"ListItem","position":3,"name":"Mana T\u00eb Bardh\u00eb, T\u00eb That\u00eb"}]},{"@type":"WebSite","@id":"https:\/\/www.edesia.al\/#website","url":"https:\/\/www.edesia.al\/","name":"Edesia","description":"","publisher":{"@id":"https:\/\/www.edesia.al\/#organization"},"potentialAction":[{"@type":"SearchAction","target":{"@type":"EntryPoint","urlTemplate":"https:\/\/www.edesia.al\/?s={search_term_string}"},"query-input":{"@type":"PropertyValueSpecification","valueRequired":true,"valueName":"search_term_string"}}],"inLanguage":"en-US"},{"@type":"Organization","@id":"https:\/\/www.edesia.al\/#organization","name":"Edesia","url":"https:\/\/www.edesia.al\/","logo":{"@type":"ImageObject","inLanguage":"en-US","@id":"https:\/\/www.edesia.al\/#\/schema\/logo\/image\/","url":"https:\/\/www.edesia.al\/wp-content\/uploads\/2026\/02\/Logo-Edesia-no-background.png","contentUrl":"https:\/\/www.edesia.al\/wp-content\/uploads\/2026\/02\/Logo-Edesia-no-background.png","width":293,"height":158,"caption":"Edesia"},"image":{"@id":"https:\/\/www.edesia.al\/#\/schema\/logo\/image\/"}}]}},"_links":{"self":[{"href":"https:\/\/www.edesia.al\/index.php?rest_route=\/wp\/v2\/product\/6240","targetHints":{"allow":["GET"]}}],"collection":[{"href":"https:\/\/www.edesia.al\/index.php?rest_route=\/wp\/v2\/product"}],"about":[{"href":"https:\/\/www.edesia.al\/index.php?rest_route=\/wp\/v2\/types\/product"}],"replies":[{"embeddable":true,"href":"https:\/\/www.edesia.al\/index.php?rest_route=%2Fwp%2Fv2%2Fcomments&post=6240"}],"wp:featuredmedia":[{"embeddable":true,"href":"https:\/\/www.edesia.al\/index.php?rest_route=\/wp\/v2\/media\/6269"}],"wp:attachment":[{"href":"https:\/\/www.edesia.al\/index.php?rest_route=%2Fwp%2Fv2%2Fmedia&parent=6240"}],"wp:term":[{"taxonomy":"kategori-sipas-dietave","embeddable":true,"href":"https:\/\/www.edesia.al\/index.php?rest_route=%2Fwp%2Fv2%2Fkategori-sipas-dietave&post=6240"},{"taxonomy":"kategori-sipas-problemeve-shende","embeddable":true,"href":"https:\/\/www.edesia.al\/index.php?rest_route=%2Fwp%2Fv2%2Fkategori-sipas-problemeve-shende&post=6240"},{"taxonomy":"product_brand","embeddable":true,"href":"https:\/\/www.edesia.al\/index.php?rest_route=%2Fwp%2Fv2%2Fproduct_brand&post=6240"},{"taxonomy":"product_cat","embeddable":true,"href":"https:\/\/www.edesia.al\/index.php?rest_route=%2Fwp%2Fv2%2Fproduct_cat&post=6240"},{"taxonomy":"product_tag","embeddable":true,"href":"https:\/\/www.edesia.al\/index.php?rest_route=%2Fwp%2Fv2%2Fproduct_tag&post=6240"}],"curies":[{"name":"wp","href":"https:\/\/api.w.org\/{rel}","templated":true}]}}