{"id":6249,"date":"2026-02-16T21:06:11","date_gmt":"2026-02-16T21:06:11","guid":{"rendered":"https:\/\/www.edesia.al\/?post_type=product&#038;p=6249"},"modified":"2026-02-20T21:33:16","modified_gmt":"2026-02-20T21:33:16","slug":"fara-susami","status":"publish","type":"product","link":"https:\/\/www.edesia.al\/?product=fara-susami","title":{"rendered":"Fara Susami"},"content":{"rendered":"<h3>Fara Susami &#8211; 100% Bio Organike, E Certifikuar (350g)<\/h3>\n<p>Farat e susamit jan\u00eb far\u00ebra t\u00eb vogla, t\u00eb pasura me vaj, t\u00eb cilat rriten n\u00eb g\u00ebzhoj\u00ebn e bim\u00ebs\u00a0<i>Sesamum indicum.\u00a0<\/i>Farat e paq\u00ebruara kan\u00eb l\u00ebvor\u00ebn e jashtme, t\u00eb ngr\u00ebnshme t\u00eb paprekur, nd\u00ebrsa farat e q\u00ebruara vijn\u00eb pa l\u00ebvozhg\u00eb. L\u00ebvorja u jep farave nj\u00eb ngjyr\u00eb kafe t\u00eb art\u00eb. Far\u00ebrat e q\u00ebruara kan\u00eb ngjyr\u00eb t\u00eb bardh\u00eb, por kthehen n\u00eb ngjyr\u00eb kafe kur pjeken. Farat e susamit kan\u00eb shum\u00eb p\u00ebrfitime t\u00eb mundshme sh\u00ebndet\u00ebsore dhe jan\u00eb p\u00ebrdorur n\u00eb mjek\u00ebsin\u00eb popullore p\u00ebr mij\u00ebra vjet. Ata mund t\u00eb mbrojn\u00eb kund\u00ebr s\u00ebmundjeve t\u00eb zemr\u00ebs, diabetit dhe artritit.<\/p>\n<h4>P\u00ebrfitimet sh\u00ebndetsore t\u00eb farave t\u00eb susamit:<\/h4>\n<ul>\n<li>Redukton stresin. Ato ndihmojn\u00eb n\u00eb prodhimin e serotin\u00ebs q\u00eb ul dhimbjen, rregullon humorin dhe lufton m\u00ebrzin\u00eb.Farat e zeza t\u00eb susamit jan\u00eb t\u00eb pasura me hekur. Ato rekomandohen p\u00ebr njer\u00ebzit q\u00eb vuajn\u00eb nga dob\u00ebsia dhe anemia.<\/li>\n<li>Farat e susamit parandalojn\u00eb d\u00ebmin q\u00eb shkaktojn\u00eb rrezet ultraviolet n\u00eb l\u00ebkur\u00eb, duke luftuar k\u00ebshtu rrudhat.<\/li>\n<li>Nj\u00eb grusht me fara susami ka tri her\u00eb m\u00eb shum\u00eb kalcium se nj\u00eb got\u00eb qum\u00ebshti.<\/li>\n<li>Farat e susamit sidomos ato t\u00eb zeza p\u00ebrmir\u00ebsojn\u00eb shikimin.<\/li>\n<li>Kalciumi ndihmon n\u00eb parandalimin e problemeve me qelizat e d\u00ebmshme t\u00eb zorr\u00ebs s\u00eb trash\u00eb, osteoporoz\u00ebs, migren\u00ebs dhe problemeve menstruale.<\/li>\n<\/ul>\n<h4>P\u00ebrdorimi:<\/h4>\n<p>Farat e susamit gjejn\u00eb p\u00ebrdorim t\u00eb gj\u00ebr\u00eb n\u00eb kuzhin\u00eb si n\u00eb pjatat e kripura dhe n\u00eb ato t\u00eb \u00ebmbla.<\/p>\n","protected":false},"excerpt":{"rendered":"<p>Farat e susamit jan\u00eb nj\u00eb burim i shk\u00eblqyer i bakrit, magnezit, manganit, kalciumit, hekurit, fosforit, vitamin\u00ebs B1, zinkut, seleniumit dhe fibrave. Ato p\u00ebrmbajn\u00eb sesamin\u00eb dhe sesamolin\u00eb, dy substanca\u00a0shkenc\u00ebrisht t\u00eb njohura p\u00ebr aft\u00ebsit\u00eb n\u00eb uljen e kolesterolit, parandalimin e tensionit t\u00eb gjakut dhe pastrimin e m\u00ebl\u00e7is\u00eb.<\/p>\n","protected":false},"featured_media":6278,"comment_status":"open","ping_status":"closed","template":"","meta":{"_acf_changed":false,"inline_featured_image":false},"kategori-sipas-dietave":[89],"kategori-sipas-problemeve-shende":[86],"product_brand":[32],"product_cat":[33,26],"product_tag":[],"class_list":{"0":"post-6249","1":"product","2":"type-product","3":"status-publish","4":"has-post-thumbnail","6":"kategori-sipas-dietave-vegan","7":"kategori-sipas-problemeve-shende-shendeti-i-kockave","8":"product_brand-bioagros","9":"product_cat-fara-bio","10":"product_cat-ushqime-bio","12":"first","13":"instock","14":"taxable","15":"shipping-taxable","16":"purchasable","17":"product-type-simple"},"acf":[],"yoast_head":"<!-- This site is optimized with the Yoast SEO plugin v27.4 - https:\/\/yoast.com\/product\/yoast-seo-wordpress\/ -->\n<title>Fara Susami - Edesia<\/title>\n<meta name=\"robots\" content=\"index, follow, max-snippet:-1, max-image-preview:large, max-video-preview:-1\" \/>\n<link rel=\"canonical\" href=\"https:\/\/www.edesia.al\/?product=fara-susami\" \/>\n<meta property=\"og:locale\" content=\"en_US\" \/>\n<meta property=\"og:type\" content=\"article\" \/>\n<meta property=\"og:title\" content=\"Fara Susami - Edesia\" \/>\n<meta property=\"og:description\" content=\"Farat e susamit jan\u00eb nj\u00eb burim i shk\u00eblqyer i bakrit, magnezit, manganit, kalciumit, hekurit, fosforit, vitamin\u00ebs B1, zinkut, seleniumit dhe fibrave. Ato p\u00ebrmbajn\u00eb sesamin\u00eb dhe sesamolin\u00eb, dy substanca\u00a0shkenc\u00ebrisht t\u00eb njohura p\u00ebr aft\u00ebsit\u00eb n\u00eb uljen e kolesterolit, parandalimin e tensionit t\u00eb gjakut dhe pastrimin e m\u00ebl\u00e7is\u00eb.\" \/>\n<meta property=\"og:url\" content=\"https:\/\/www.edesia.al\/?product=fara-susami\" \/>\n<meta property=\"og:site_name\" content=\"Edesia\" \/>\n<meta property=\"article:modified_time\" content=\"2026-02-20T21:33:16+00:00\" \/>\n<meta property=\"og:image\" content=\"https:\/\/www.edesia.al\/wp-content\/uploads\/2026\/02\/Fara-Susami-1.png\" \/>\n\t<meta property=\"og:image:width\" content=\"593\" \/>\n\t<meta property=\"og:image:height\" content=\"593\" \/>\n\t<meta property=\"og:image:type\" content=\"image\/png\" \/>\n<meta name=\"twitter:card\" content=\"summary_large_image\" \/>\n<meta name=\"twitter:label1\" content=\"Est. reading time\" \/>\n\t<meta name=\"twitter:data1\" content=\"1 minute\" \/>\n<script type=\"application\/ld+json\" class=\"yoast-schema-graph\">{\"@context\":\"https:\\\/\\\/schema.org\",\"@graph\":[{\"@type\":\"WebPage\",\"@id\":\"https:\\\/\\\/www.edesia.al\\\/?product=fara-susami\",\"url\":\"https:\\\/\\\/www.edesia.al\\\/?product=fara-susami\",\"name\":\"Fara Susami - Edesia\",\"isPartOf\":{\"@id\":\"https:\\\/\\\/www.edesia.al\\\/#website\"},\"primaryImageOfPage\":{\"@id\":\"https:\\\/\\\/www.edesia.al\\\/?product=fara-susami#primaryimage\"},\"image\":{\"@id\":\"https:\\\/\\\/www.edesia.al\\\/?product=fara-susami#primaryimage\"},\"thumbnailUrl\":\"https:\\\/\\\/www.edesia.al\\\/wp-content\\\/uploads\\\/2026\\\/02\\\/Fara-Susami-1.png\",\"datePublished\":\"2026-02-16T21:06:11+00:00\",\"dateModified\":\"2026-02-20T21:33:16+00:00\",\"breadcrumb\":{\"@id\":\"https:\\\/\\\/www.edesia.al\\\/?product=fara-susami#breadcrumb\"},\"inLanguage\":\"en-US\",\"potentialAction\":[{\"@type\":\"ReadAction\",\"target\":[\"https:\\\/\\\/www.edesia.al\\\/?product=fara-susami\"]}]},{\"@type\":\"ImageObject\",\"inLanguage\":\"en-US\",\"@id\":\"https:\\\/\\\/www.edesia.al\\\/?product=fara-susami#primaryimage\",\"url\":\"https:\\\/\\\/www.edesia.al\\\/wp-content\\\/uploads\\\/2026\\\/02\\\/Fara-Susami-1.png\",\"contentUrl\":\"https:\\\/\\\/www.edesia.al\\\/wp-content\\\/uploads\\\/2026\\\/02\\\/Fara-Susami-1.png\",\"width\":593,\"height\":593},{\"@type\":\"BreadcrumbList\",\"@id\":\"https:\\\/\\\/www.edesia.al\\\/?product=fara-susami#breadcrumb\",\"itemListElement\":[{\"@type\":\"ListItem\",\"position\":1,\"name\":\"Home\",\"item\":\"https:\\\/\\\/www.edesia.al\\\/\"},{\"@type\":\"ListItem\",\"position\":2,\"name\":\"Dyqani\",\"item\":\"https:\\\/\\\/www.edesia.al\\\/?page_id=17\"},{\"@type\":\"ListItem\",\"position\":3,\"name\":\"Fara Susami\"}]},{\"@type\":\"WebSite\",\"@id\":\"https:\\\/\\\/www.edesia.al\\\/#website\",\"url\":\"https:\\\/\\\/www.edesia.al\\\/\",\"name\":\"Edesia\",\"description\":\"\",\"publisher\":{\"@id\":\"https:\\\/\\\/www.edesia.al\\\/#organization\"},\"potentialAction\":[{\"@type\":\"SearchAction\",\"target\":{\"@type\":\"EntryPoint\",\"urlTemplate\":\"https:\\\/\\\/www.edesia.al\\\/?s={search_term_string}\"},\"query-input\":{\"@type\":\"PropertyValueSpecification\",\"valueRequired\":true,\"valueName\":\"search_term_string\"}}],\"inLanguage\":\"en-US\"},{\"@type\":\"Organization\",\"@id\":\"https:\\\/\\\/www.edesia.al\\\/#organization\",\"name\":\"Edesia\",\"url\":\"https:\\\/\\\/www.edesia.al\\\/\",\"logo\":{\"@type\":\"ImageObject\",\"inLanguage\":\"en-US\",\"@id\":\"https:\\\/\\\/www.edesia.al\\\/#\\\/schema\\\/logo\\\/image\\\/\",\"url\":\"https:\\\/\\\/www.edesia.al\\\/wp-content\\\/uploads\\\/2026\\\/02\\\/Logo-Edesia-no-background.png\",\"contentUrl\":\"https:\\\/\\\/www.edesia.al\\\/wp-content\\\/uploads\\\/2026\\\/02\\\/Logo-Edesia-no-background.png\",\"width\":293,\"height\":158,\"caption\":\"Edesia\"},\"image\":{\"@id\":\"https:\\\/\\\/www.edesia.al\\\/#\\\/schema\\\/logo\\\/image\\\/\"}}]}<\/script>\n<!-- \/ Yoast SEO plugin. -->","yoast_head_json":{"title":"Fara Susami - Edesia","robots":{"index":"index","follow":"follow","max-snippet":"max-snippet:-1","max-image-preview":"max-image-preview:large","max-video-preview":"max-video-preview:-1"},"canonical":"https:\/\/www.edesia.al\/?product=fara-susami","og_locale":"en_US","og_type":"article","og_title":"Fara Susami - Edesia","og_description":"Farat e susamit jan\u00eb nj\u00eb burim i shk\u00eblqyer i bakrit, magnezit, manganit, kalciumit, hekurit, fosforit, vitamin\u00ebs B1, zinkut, seleniumit dhe fibrave. Ato p\u00ebrmbajn\u00eb sesamin\u00eb dhe sesamolin\u00eb, dy substanca\u00a0shkenc\u00ebrisht t\u00eb njohura p\u00ebr aft\u00ebsit\u00eb n\u00eb uljen e kolesterolit, parandalimin e tensionit t\u00eb gjakut dhe pastrimin e m\u00ebl\u00e7is\u00eb.","og_url":"https:\/\/www.edesia.al\/?product=fara-susami","og_site_name":"Edesia","article_modified_time":"2026-02-20T21:33:16+00:00","og_image":[{"width":593,"height":593,"url":"https:\/\/www.edesia.al\/wp-content\/uploads\/2026\/02\/Fara-Susami-1.png","type":"image\/png"}],"twitter_card":"summary_large_image","twitter_misc":{"Est. reading time":"1 minute"},"schema":{"@context":"https:\/\/schema.org","@graph":[{"@type":"WebPage","@id":"https:\/\/www.edesia.al\/?product=fara-susami","url":"https:\/\/www.edesia.al\/?product=fara-susami","name":"Fara Susami - Edesia","isPartOf":{"@id":"https:\/\/www.edesia.al\/#website"},"primaryImageOfPage":{"@id":"https:\/\/www.edesia.al\/?product=fara-susami#primaryimage"},"image":{"@id":"https:\/\/www.edesia.al\/?product=fara-susami#primaryimage"},"thumbnailUrl":"https:\/\/www.edesia.al\/wp-content\/uploads\/2026\/02\/Fara-Susami-1.png","datePublished":"2026-02-16T21:06:11+00:00","dateModified":"2026-02-20T21:33:16+00:00","breadcrumb":{"@id":"https:\/\/www.edesia.al\/?product=fara-susami#breadcrumb"},"inLanguage":"en-US","potentialAction":[{"@type":"ReadAction","target":["https:\/\/www.edesia.al\/?product=fara-susami"]}]},{"@type":"ImageObject","inLanguage":"en-US","@id":"https:\/\/www.edesia.al\/?product=fara-susami#primaryimage","url":"https:\/\/www.edesia.al\/wp-content\/uploads\/2026\/02\/Fara-Susami-1.png","contentUrl":"https:\/\/www.edesia.al\/wp-content\/uploads\/2026\/02\/Fara-Susami-1.png","width":593,"height":593},{"@type":"BreadcrumbList","@id":"https:\/\/www.edesia.al\/?product=fara-susami#breadcrumb","itemListElement":[{"@type":"ListItem","position":1,"name":"Home","item":"https:\/\/www.edesia.al\/"},{"@type":"ListItem","position":2,"name":"Dyqani","item":"https:\/\/www.edesia.al\/?page_id=17"},{"@type":"ListItem","position":3,"name":"Fara Susami"}]},{"@type":"WebSite","@id":"https:\/\/www.edesia.al\/#website","url":"https:\/\/www.edesia.al\/","name":"Edesia","description":"","publisher":{"@id":"https:\/\/www.edesia.al\/#organization"},"potentialAction":[{"@type":"SearchAction","target":{"@type":"EntryPoint","urlTemplate":"https:\/\/www.edesia.al\/?s={search_term_string}"},"query-input":{"@type":"PropertyValueSpecification","valueRequired":true,"valueName":"search_term_string"}}],"inLanguage":"en-US"},{"@type":"Organization","@id":"https:\/\/www.edesia.al\/#organization","name":"Edesia","url":"https:\/\/www.edesia.al\/","logo":{"@type":"ImageObject","inLanguage":"en-US","@id":"https:\/\/www.edesia.al\/#\/schema\/logo\/image\/","url":"https:\/\/www.edesia.al\/wp-content\/uploads\/2026\/02\/Logo-Edesia-no-background.png","contentUrl":"https:\/\/www.edesia.al\/wp-content\/uploads\/2026\/02\/Logo-Edesia-no-background.png","width":293,"height":158,"caption":"Edesia"},"image":{"@id":"https:\/\/www.edesia.al\/#\/schema\/logo\/image\/"}}]}},"_links":{"self":[{"href":"https:\/\/www.edesia.al\/index.php?rest_route=\/wp\/v2\/product\/6249","targetHints":{"allow":["GET"]}}],"collection":[{"href":"https:\/\/www.edesia.al\/index.php?rest_route=\/wp\/v2\/product"}],"about":[{"href":"https:\/\/www.edesia.al\/index.php?rest_route=\/wp\/v2\/types\/product"}],"replies":[{"embeddable":true,"href":"https:\/\/www.edesia.al\/index.php?rest_route=%2Fwp%2Fv2%2Fcomments&post=6249"}],"wp:featuredmedia":[{"embeddable":true,"href":"https:\/\/www.edesia.al\/index.php?rest_route=\/wp\/v2\/media\/6278"}],"wp:attachment":[{"href":"https:\/\/www.edesia.al\/index.php?rest_route=%2Fwp%2Fv2%2Fmedia&parent=6249"}],"wp:term":[{"taxonomy":"kategori-sipas-dietave","embeddable":true,"href":"https:\/\/www.edesia.al\/index.php?rest_route=%2Fwp%2Fv2%2Fkategori-sipas-dietave&post=6249"},{"taxonomy":"kategori-sipas-problemeve-shende","embeddable":true,"href":"https:\/\/www.edesia.al\/index.php?rest_route=%2Fwp%2Fv2%2Fkategori-sipas-problemeve-shende&post=6249"},{"taxonomy":"product_brand","embeddable":true,"href":"https:\/\/www.edesia.al\/index.php?rest_route=%2Fwp%2Fv2%2Fproduct_brand&post=6249"},{"taxonomy":"product_cat","embeddable":true,"href":"https:\/\/www.edesia.al\/index.php?rest_route=%2Fwp%2Fv2%2Fproduct_cat&post=6249"},{"taxonomy":"product_tag","embeddable":true,"href":"https:\/\/www.edesia.al\/index.php?rest_route=%2Fwp%2Fv2%2Fproduct_tag&post=6249"}],"curies":[{"name":"wp","href":"https:\/\/api.w.org\/{rel}","templated":true}]}}