{"id":6287,"date":"2026-02-16T21:06:31","date_gmt":"2026-02-16T21:06:31","guid":{"rendered":"https:\/\/www.edesia.al\/?post_type=product&#038;p=6287"},"modified":"2026-02-20T21:34:35","modified_gmt":"2026-02-20T21:34:35","slug":"kuinoa-flakes","status":"publish","type":"product","link":"https:\/\/www.edesia.al\/?product=kuinoa-flakes","title":{"rendered":"Kuinoa Flakes"},"content":{"rendered":"<h3>Kuinoa Flakes\u00a0&#8211; Bio Organike, E \u00c7ertifikuar (250g)<\/h3>\n<p>Flet\u00ebza Kuinoa, vet\u00eb kinoa nihet \u00a0shum\u00eb p\u00ebr vlerat e saj ushqyese dhe konsiderohet si nj\u00eb superushqim p\u00ebr shkak t\u00eb p\u00ebrmbajtjes s\u00eb lart\u00eb t\u00eb proteinave 13. Quinoa siguron 10 aminoacide thelb\u00ebsore, \u00ebsht\u00eb plot me minerale. \u00cbsht\u00eb nj\u00eb burim i mir\u00eb i fibrave, p\u00ebrve\u00e7 k\u00ebsaj p\u00ebrmban yndyrna Omega 3, \u00ebsht\u00eb nj\u00eb burim i mir\u00eb i fosforit dhe ka shum\u00eb magnez dhe hekur. Nuk ka gluten dhe tretet leht\u00eb.<\/p>\n<p>Flet\u00ebza Kuinoa jan\u00eb shum\u00eb t\u00eb p\u00ebrshtatshme p\u00ebr nj\u00eb m\u00ebngjes\u00a0 t\u00eb sh\u00ebndetsh\u00ebm dhe kombinohen leht\u00eb me fruta apo gjithcka tjet\u00ebr sipas shijeve t\u00eb tuaj.<\/p>\n","protected":false},"excerpt":{"rendered":"<p>Kuinoa Flakes\u00a0&#8211; Bio Organike, E \u00c7ertifikuar (250g) Flet\u00ebza Kuinoa, vet\u00eb kinoa nihet \u00a0shum\u00eb p\u00ebr vlerat e saj ushqyese dhe konsiderohet si nj\u00eb superushqim p\u00ebr shkak t\u00eb p\u00ebrmbajtjes s\u00eb lart\u00eb t\u00eb proteinave 13. Quinoa siguron 10 aminoacide thelb\u00ebsore, \u00ebsht\u00eb plot me minerale. \u00cbsht\u00eb nj\u00eb burim i mir\u00eb i fibrave, p\u00ebrve\u00e7 k\u00ebsaj p\u00ebrmban yndyrna Omega 3, \u00ebsht\u00eb[&#8230;]<\/p>\n","protected":false},"featured_media":6317,"comment_status":"open","ping_status":"closed","template":"","meta":{"_acf_changed":false,"inline_featured_image":false},"kategori-sipas-dietave":[95],"kategori-sipas-problemeve-shende":[87],"product_brand":[32],"product_cat":[63,26],"product_tag":[],"class_list":{"0":"post-6287","1":"product","2":"type-product","3":"status-publish","4":"has-post-thumbnail","6":"kategori-sipas-dietave-pa-gluten","7":"kategori-sipas-problemeve-shende-gluten-free-intolerant","8":"product_brand-bioagros","9":"product_cat-flakes-muesli","10":"product_cat-ushqime-bio","12":"first","13":"instock","14":"taxable","15":"shipping-taxable","16":"product-type-simple"},"acf":[],"yoast_head":"<!-- This site is optimized with the Yoast SEO plugin v27.4 - https:\/\/yoast.com\/product\/yoast-seo-wordpress\/ -->\n<title>Kuinoa Flakes - Edesia<\/title>\n<meta name=\"robots\" content=\"index, follow, max-snippet:-1, max-image-preview:large, max-video-preview:-1\" \/>\n<link rel=\"canonical\" href=\"https:\/\/www.edesia.al\/?product=kuinoa-flakes\" \/>\n<meta property=\"og:locale\" content=\"en_US\" \/>\n<meta property=\"og:type\" content=\"article\" \/>\n<meta property=\"og:title\" content=\"Kuinoa Flakes - Edesia\" \/>\n<meta property=\"og:description\" content=\"Kuinoa Flakes\u00a0&#8211; Bio Organike, E \u00c7ertifikuar (250g) Flet\u00ebza Kuinoa, vet\u00eb kinoa nihet \u00a0shum\u00eb p\u00ebr vlerat e saj ushqyese dhe konsiderohet si nj\u00eb superushqim p\u00ebr shkak t\u00eb p\u00ebrmbajtjes s\u00eb lart\u00eb t\u00eb proteinave 13. Quinoa siguron 10 aminoacide thelb\u00ebsore, \u00ebsht\u00eb plot me minerale. \u00cbsht\u00eb nj\u00eb burim i mir\u00eb i fibrave, p\u00ebrve\u00e7 k\u00ebsaj p\u00ebrmban yndyrna Omega 3, \u00ebsht\u00eb[...]\" \/>\n<meta property=\"og:url\" content=\"https:\/\/www.edesia.al\/?product=kuinoa-flakes\" \/>\n<meta property=\"og:site_name\" content=\"Edesia\" \/>\n<meta property=\"article:modified_time\" content=\"2026-02-20T21:34:35+00:00\" \/>\n<meta property=\"og:image\" content=\"https:\/\/www.edesia.al\/wp-content\/uploads\/2026\/02\/Kinoa-Flakes-1-1.jpg\" \/>\n\t<meta property=\"og:image:width\" content=\"300\" \/>\n\t<meta property=\"og:image:height\" content=\"300\" \/>\n\t<meta property=\"og:image:type\" content=\"image\/jpeg\" \/>\n<meta name=\"twitter:card\" content=\"summary_large_image\" \/>\n<meta name=\"twitter:label1\" content=\"Est. reading time\" \/>\n\t<meta name=\"twitter:data1\" content=\"1 minute\" \/>\n<script type=\"application\/ld+json\" class=\"yoast-schema-graph\">{\"@context\":\"https:\\\/\\\/schema.org\",\"@graph\":[{\"@type\":\"WebPage\",\"@id\":\"https:\\\/\\\/www.edesia.al\\\/?product=kuinoa-flakes\",\"url\":\"https:\\\/\\\/www.edesia.al\\\/?product=kuinoa-flakes\",\"name\":\"Kuinoa Flakes - Edesia\",\"isPartOf\":{\"@id\":\"https:\\\/\\\/www.edesia.al\\\/#website\"},\"primaryImageOfPage\":{\"@id\":\"https:\\\/\\\/www.edesia.al\\\/?product=kuinoa-flakes#primaryimage\"},\"image\":{\"@id\":\"https:\\\/\\\/www.edesia.al\\\/?product=kuinoa-flakes#primaryimage\"},\"thumbnailUrl\":\"https:\\\/\\\/www.edesia.al\\\/wp-content\\\/uploads\\\/2026\\\/02\\\/Kinoa-Flakes-1-1.jpg\",\"datePublished\":\"2026-02-16T21:06:31+00:00\",\"dateModified\":\"2026-02-20T21:34:35+00:00\",\"breadcrumb\":{\"@id\":\"https:\\\/\\\/www.edesia.al\\\/?product=kuinoa-flakes#breadcrumb\"},\"inLanguage\":\"en-US\",\"potentialAction\":[{\"@type\":\"ReadAction\",\"target\":[\"https:\\\/\\\/www.edesia.al\\\/?product=kuinoa-flakes\"]}]},{\"@type\":\"ImageObject\",\"inLanguage\":\"en-US\",\"@id\":\"https:\\\/\\\/www.edesia.al\\\/?product=kuinoa-flakes#primaryimage\",\"url\":\"https:\\\/\\\/www.edesia.al\\\/wp-content\\\/uploads\\\/2026\\\/02\\\/Kinoa-Flakes-1-1.jpg\",\"contentUrl\":\"https:\\\/\\\/www.edesia.al\\\/wp-content\\\/uploads\\\/2026\\\/02\\\/Kinoa-Flakes-1-1.jpg\",\"width\":300,\"height\":300},{\"@type\":\"BreadcrumbList\",\"@id\":\"https:\\\/\\\/www.edesia.al\\\/?product=kuinoa-flakes#breadcrumb\",\"itemListElement\":[{\"@type\":\"ListItem\",\"position\":1,\"name\":\"Home\",\"item\":\"https:\\\/\\\/www.edesia.al\\\/\"},{\"@type\":\"ListItem\",\"position\":2,\"name\":\"Dyqani\",\"item\":\"https:\\\/\\\/www.edesia.al\\\/?page_id=17\"},{\"@type\":\"ListItem\",\"position\":3,\"name\":\"Kuinoa Flakes\"}]},{\"@type\":\"WebSite\",\"@id\":\"https:\\\/\\\/www.edesia.al\\\/#website\",\"url\":\"https:\\\/\\\/www.edesia.al\\\/\",\"name\":\"Edesia\",\"description\":\"\",\"publisher\":{\"@id\":\"https:\\\/\\\/www.edesia.al\\\/#organization\"},\"potentialAction\":[{\"@type\":\"SearchAction\",\"target\":{\"@type\":\"EntryPoint\",\"urlTemplate\":\"https:\\\/\\\/www.edesia.al\\\/?s={search_term_string}\"},\"query-input\":{\"@type\":\"PropertyValueSpecification\",\"valueRequired\":true,\"valueName\":\"search_term_string\"}}],\"inLanguage\":\"en-US\"},{\"@type\":\"Organization\",\"@id\":\"https:\\\/\\\/www.edesia.al\\\/#organization\",\"name\":\"Edesia\",\"url\":\"https:\\\/\\\/www.edesia.al\\\/\",\"logo\":{\"@type\":\"ImageObject\",\"inLanguage\":\"en-US\",\"@id\":\"https:\\\/\\\/www.edesia.al\\\/#\\\/schema\\\/logo\\\/image\\\/\",\"url\":\"https:\\\/\\\/www.edesia.al\\\/wp-content\\\/uploads\\\/2026\\\/02\\\/Logo-Edesia-no-background.png\",\"contentUrl\":\"https:\\\/\\\/www.edesia.al\\\/wp-content\\\/uploads\\\/2026\\\/02\\\/Logo-Edesia-no-background.png\",\"width\":293,\"height\":158,\"caption\":\"Edesia\"},\"image\":{\"@id\":\"https:\\\/\\\/www.edesia.al\\\/#\\\/schema\\\/logo\\\/image\\\/\"}}]}<\/script>\n<!-- \/ Yoast SEO plugin. -->","yoast_head_json":{"title":"Kuinoa Flakes - Edesia","robots":{"index":"index","follow":"follow","max-snippet":"max-snippet:-1","max-image-preview":"max-image-preview:large","max-video-preview":"max-video-preview:-1"},"canonical":"https:\/\/www.edesia.al\/?product=kuinoa-flakes","og_locale":"en_US","og_type":"article","og_title":"Kuinoa Flakes - Edesia","og_description":"Kuinoa Flakes\u00a0&#8211; Bio Organike, E \u00c7ertifikuar (250g) Flet\u00ebza Kuinoa, vet\u00eb kinoa nihet \u00a0shum\u00eb p\u00ebr vlerat e saj ushqyese dhe konsiderohet si nj\u00eb superushqim p\u00ebr shkak t\u00eb p\u00ebrmbajtjes s\u00eb lart\u00eb t\u00eb proteinave 13. Quinoa siguron 10 aminoacide thelb\u00ebsore, \u00ebsht\u00eb plot me minerale. \u00cbsht\u00eb nj\u00eb burim i mir\u00eb i fibrave, p\u00ebrve\u00e7 k\u00ebsaj p\u00ebrmban yndyrna Omega 3, \u00ebsht\u00eb[...]","og_url":"https:\/\/www.edesia.al\/?product=kuinoa-flakes","og_site_name":"Edesia","article_modified_time":"2026-02-20T21:34:35+00:00","og_image":[{"width":300,"height":300,"url":"https:\/\/www.edesia.al\/wp-content\/uploads\/2026\/02\/Kinoa-Flakes-1-1.jpg","type":"image\/jpeg"}],"twitter_card":"summary_large_image","twitter_misc":{"Est. reading time":"1 minute"},"schema":{"@context":"https:\/\/schema.org","@graph":[{"@type":"WebPage","@id":"https:\/\/www.edesia.al\/?product=kuinoa-flakes","url":"https:\/\/www.edesia.al\/?product=kuinoa-flakes","name":"Kuinoa Flakes - Edesia","isPartOf":{"@id":"https:\/\/www.edesia.al\/#website"},"primaryImageOfPage":{"@id":"https:\/\/www.edesia.al\/?product=kuinoa-flakes#primaryimage"},"image":{"@id":"https:\/\/www.edesia.al\/?product=kuinoa-flakes#primaryimage"},"thumbnailUrl":"https:\/\/www.edesia.al\/wp-content\/uploads\/2026\/02\/Kinoa-Flakes-1-1.jpg","datePublished":"2026-02-16T21:06:31+00:00","dateModified":"2026-02-20T21:34:35+00:00","breadcrumb":{"@id":"https:\/\/www.edesia.al\/?product=kuinoa-flakes#breadcrumb"},"inLanguage":"en-US","potentialAction":[{"@type":"ReadAction","target":["https:\/\/www.edesia.al\/?product=kuinoa-flakes"]}]},{"@type":"ImageObject","inLanguage":"en-US","@id":"https:\/\/www.edesia.al\/?product=kuinoa-flakes#primaryimage","url":"https:\/\/www.edesia.al\/wp-content\/uploads\/2026\/02\/Kinoa-Flakes-1-1.jpg","contentUrl":"https:\/\/www.edesia.al\/wp-content\/uploads\/2026\/02\/Kinoa-Flakes-1-1.jpg","width":300,"height":300},{"@type":"BreadcrumbList","@id":"https:\/\/www.edesia.al\/?product=kuinoa-flakes#breadcrumb","itemListElement":[{"@type":"ListItem","position":1,"name":"Home","item":"https:\/\/www.edesia.al\/"},{"@type":"ListItem","position":2,"name":"Dyqani","item":"https:\/\/www.edesia.al\/?page_id=17"},{"@type":"ListItem","position":3,"name":"Kuinoa Flakes"}]},{"@type":"WebSite","@id":"https:\/\/www.edesia.al\/#website","url":"https:\/\/www.edesia.al\/","name":"Edesia","description":"","publisher":{"@id":"https:\/\/www.edesia.al\/#organization"},"potentialAction":[{"@type":"SearchAction","target":{"@type":"EntryPoint","urlTemplate":"https:\/\/www.edesia.al\/?s={search_term_string}"},"query-input":{"@type":"PropertyValueSpecification","valueRequired":true,"valueName":"search_term_string"}}],"inLanguage":"en-US"},{"@type":"Organization","@id":"https:\/\/www.edesia.al\/#organization","name":"Edesia","url":"https:\/\/www.edesia.al\/","logo":{"@type":"ImageObject","inLanguage":"en-US","@id":"https:\/\/www.edesia.al\/#\/schema\/logo\/image\/","url":"https:\/\/www.edesia.al\/wp-content\/uploads\/2026\/02\/Logo-Edesia-no-background.png","contentUrl":"https:\/\/www.edesia.al\/wp-content\/uploads\/2026\/02\/Logo-Edesia-no-background.png","width":293,"height":158,"caption":"Edesia"},"image":{"@id":"https:\/\/www.edesia.al\/#\/schema\/logo\/image\/"}}]}},"_links":{"self":[{"href":"https:\/\/www.edesia.al\/index.php?rest_route=\/wp\/v2\/product\/6287","targetHints":{"allow":["GET"]}}],"collection":[{"href":"https:\/\/www.edesia.al\/index.php?rest_route=\/wp\/v2\/product"}],"about":[{"href":"https:\/\/www.edesia.al\/index.php?rest_route=\/wp\/v2\/types\/product"}],"replies":[{"embeddable":true,"href":"https:\/\/www.edesia.al\/index.php?rest_route=%2Fwp%2Fv2%2Fcomments&post=6287"}],"wp:featuredmedia":[{"embeddable":true,"href":"https:\/\/www.edesia.al\/index.php?rest_route=\/wp\/v2\/media\/6317"}],"wp:attachment":[{"href":"https:\/\/www.edesia.al\/index.php?rest_route=%2Fwp%2Fv2%2Fmedia&parent=6287"}],"wp:term":[{"taxonomy":"kategori-sipas-dietave","embeddable":true,"href":"https:\/\/www.edesia.al\/index.php?rest_route=%2Fwp%2Fv2%2Fkategori-sipas-dietave&post=6287"},{"taxonomy":"kategori-sipas-problemeve-shende","embeddable":true,"href":"https:\/\/www.edesia.al\/index.php?rest_route=%2Fwp%2Fv2%2Fkategori-sipas-problemeve-shende&post=6287"},{"taxonomy":"product_brand","embeddable":true,"href":"https:\/\/www.edesia.al\/index.php?rest_route=%2Fwp%2Fv2%2Fproduct_brand&post=6287"},{"taxonomy":"product_cat","embeddable":true,"href":"https:\/\/www.edesia.al\/index.php?rest_route=%2Fwp%2Fv2%2Fproduct_cat&post=6287"},{"taxonomy":"product_tag","embeddable":true,"href":"https:\/\/www.edesia.al\/index.php?rest_route=%2Fwp%2Fv2%2Fproduct_tag&post=6287"}],"curies":[{"name":"wp","href":"https:\/\/api.w.org\/{rel}","templated":true}]}}