{"id":6299,"date":"2026-02-16T21:06:33","date_gmt":"2026-02-16T21:06:33","guid":{"rendered":"https:\/\/www.edesia.al\/?post_type=product&#038;p=6299"},"modified":"2026-02-20T21:37:40","modified_gmt":"2026-02-20T21:37:40","slug":"caj-xhinxher","status":"publish","type":"product","link":"https:\/\/www.edesia.al\/?product=caj-xhinxher","title":{"rendered":"\u00c7aj Xhinxher"},"content":{"rendered":"<h3>\u00c7aj Xhinxher (23.4g)<\/h3>\n<p>Xhinxher (Zingiber Officinale) \u00ebsht\u00eb nj\u00eb bim\u00ebt m\u00eb t\u00eb vjetra t\u00eb kultivuara. Historian\u00ebt besojn\u00eb q\u00eb xhinxheri \u00ebsht\u00eb kultivuar p\u00ebr m\u00eb shum\u00eb se 5000 vjet, q\u00ebkur indian\u00ebt dhe kinez\u00ebt e zbuluan dhe p\u00ebrdor\u00ebn si tonik rr\u00ebnj\u00ebt e tij p\u00ebr t\u00eb sh\u00ebruar nj\u00eb s\u00ebr\u00eb gjendjesh sh\u00ebndet\u00ebsore. Xhinxheri \u00ebsht\u00eb nj\u00eb bim\u00eb q\u00eb nuk p\u00ebrmban as kafein\u00eb as sheqer, por p\u00ebrmban nj\u00eb p\u00ebrzierje vitaminash dhe mineralesh q\u00eb funksionojn\u00eb s\u00eb bashku p\u00ebr t\u00eb sjell\u00eb benefite p\u00ebr sh\u00ebndetin tuaj.P\u00ebr m\u00eb tej, xhinxheri p\u00ebrmban xhinxherol, nj\u00eb p\u00ebrzierje unike q\u00eb mund t\u00eb ndihmoj\u00eb qarkullimin kardiovaskular.<\/p>\n<h4><strong>Benefitet sh\u00ebndetsore t\u00eb xhinxherit jan\u00eb t\u00eb pafundme:<br \/>\n<\/strong><strong><br \/>\n<\/strong><\/h4>\n<ul>\n<li>T\u00eb leht\u00ebson t\u00eb vjellat. N\u00ebse keni p\u00ebrzierje p\u00ebr \u00e7far\u00ebdolloj arsyeje, t\u00eb pini \u00e7aj xhinxheri mund t\u2019ju ndihmoj\u00eb t\u00eb ndiheni m\u00eb mir\u00eb.<\/li>\n<li>Sjellin\u00a0 leht\u00ebsim n\u00eb problemet e stomakut.\u00a0T\u00eb pini \u00e7aj xhinxheri mund t\u00eb p\u00ebrmir\u00ebsoj\u00eb sh\u00ebndetin e stomakut duke reduktuar efektet e tretjes jo-t\u00eb rregullt kronike.<\/li>\n<li>Vetit\u00eb anti-inflamatore t\u00eb xhinxherit tashm\u00eb njihen. T\u00eb pini \u00e7aj xhinxheri ndihmon n\u00eb leht\u00ebsimin e dhimbjes s\u00eb muskujve pas nj\u00eb st\u00ebrvitjeje intensive.<\/li>\n<li>L\u00ebht\u00ebson gjendjet respiratore. \u00c7aji i xhinxherit mund t\u00eb ndihmoj\u00eb n\u00eb leht\u00ebsimin e inflamacionit q\u00eb lidhet me sistemin respirator si astma, duke ju lejuar t\u00eb merrni frym\u00eb lirisht.<\/li>\n<li>P\u00ebrmir\u00ebson funksionin e sistemit nervor. N\u00eb nj\u00eb studim, ku mor\u00ebn pjes\u00eb femra t\u00eb sh\u00ebndetshme (t\u00eb mosh\u00ebs s\u00eb mesme), studiuesit zbuluan q\u00eb xhinxheri mund t\u00eb p\u00ebrmir\u00ebsoj\u00eb v\u00ebmendjen dhe proceset njoh\u00ebse pa shkaktuar efekte an\u00ebsore.<\/li>\n<li>Leht\u00ebson dhimbjet menstruale. Vetit\u00eb e xhinxherit p\u00ebr relaksimin e muskujve mund t\u00eb sjellin leht\u00ebsim p\u00ebr \u00a0dhimbjet menstruale, sic \u00ebsht\u00eb treguar n\u00eb nj\u00eb stuim.<\/li>\n<li>Forcon sistemin imunitar. Antioksidant\u00ebt e shumt\u00eb q\u00eb gjenden n\u00eb \u00e7ajin e xhinxherit mund t\u00eb forcojn\u00eb sistemin imunitar, duke reduktuar rrezikun p\u00ebr t\u2019u prekur nga s\u00ebmundjet infektive.<\/li>\n<\/ul>\n<h4>P\u00ebrgatitja:<\/h4>\n<p>Hidhni uj\u00eb t\u00eb ngroht\u00eb n\u00eb nj\u00eb filxhan, zhysni brenda nj\u00eb bustin\u00eb caji xhixher lereni 2-3 minuta, emb\u00eblsojeni me emb\u00eblsuesin tuaj t\u00eb preferuar dhe \u00ebsht\u00eb gati.<\/p>\n","protected":false},"excerpt":{"rendered":"<p>Nj\u00eb nga m\u00ebnyrat m\u00eb t\u00eb mira m\u00eb t\u00eb marr\u00eb benefitet maksimale nga xhinxheri t\u00eb \u00ebsht\u00eb t\u00eb b\u00ebni nj\u00eb \u00e7aj me rr\u00ebnj\u00ebt e xhinxherit. Ky paketim i ndar\u00eb n\u00eb bustina q\u00eb jan\u00eb n\u00eb p\u00ebrb\u00ebrje 100% organike pa p\u00ebrmbajtje plastike, \u00ebsht\u00eb nj\u00eb zgjidhje e thjesht\u00eb dhe mjaft efektive.<\/p>\n","protected":false},"featured_media":6327,"comment_status":"open","ping_status":"closed","template":"","meta":{"_acf_changed":false,"inline_featured_image":false},"kategori-sipas-dietave":[89],"kategori-sipas-problemeve-shende":[83],"product_brand":[35],"product_cat":[81,43],"product_tag":[],"class_list":{"0":"post-6299","1":"product","2":"type-product","3":"status-publish","4":"has-post-thumbnail","6":"kategori-sipas-dietave-vegan","7":"kategori-sipas-problemeve-shende-tretje-detox","8":"product_brand-sonnentor-sh-p-k","9":"product_cat-caj-bime-mjekesore","10":"product_cat-cajra","12":"first","13":"instock","14":"taxable","15":"shipping-taxable","16":"purchasable","17":"product-type-simple"},"acf":[],"yoast_head":"<!-- This site is optimized with the Yoast SEO plugin v27.4 - https:\/\/yoast.com\/product\/yoast-seo-wordpress\/ -->\n<title>\u00c7aj Xhinxher - Edesia<\/title>\n<meta name=\"robots\" content=\"index, follow, max-snippet:-1, max-image-preview:large, max-video-preview:-1\" \/>\n<link rel=\"canonical\" href=\"https:\/\/www.edesia.al\/?product=caj-xhinxher\" \/>\n<meta property=\"og:locale\" content=\"en_US\" \/>\n<meta property=\"og:type\" content=\"article\" \/>\n<meta property=\"og:title\" content=\"\u00c7aj Xhinxher - Edesia\" \/>\n<meta property=\"og:description\" content=\"Nj\u00eb nga m\u00ebnyrat m\u00eb t\u00eb mira m\u00eb t\u00eb marr\u00eb benefitet maksimale nga xhinxheri t\u00eb \u00ebsht\u00eb t\u00eb b\u00ebni nj\u00eb \u00e7aj me rr\u00ebnj\u00ebt e xhinxherit. Ky paketim i ndar\u00eb n\u00eb bustina q\u00eb jan\u00eb n\u00eb p\u00ebrb\u00ebrje 100% organike pa p\u00ebrmbajtje plastike, \u00ebsht\u00eb nj\u00eb zgjidhje e thjesht\u00eb dhe mjaft efektive.\" \/>\n<meta property=\"og:url\" content=\"https:\/\/www.edesia.al\/?product=caj-xhinxher\" \/>\n<meta property=\"og:site_name\" content=\"Edesia\" \/>\n<meta property=\"article:modified_time\" content=\"2026-02-20T21:37:40+00:00\" \/>\n<meta property=\"og:image\" content=\"https:\/\/www.edesia.al\/wp-content\/uploads\/2026\/02\/xhinxher-bustine-1.webp\" \/>\n\t<meta property=\"og:image:width\" content=\"593\" \/>\n\t<meta property=\"og:image:height\" content=\"593\" \/>\n\t<meta property=\"og:image:type\" content=\"image\/webp\" \/>\n<meta name=\"twitter:card\" content=\"summary_large_image\" \/>\n<meta name=\"twitter:label1\" content=\"Est. reading time\" \/>\n\t<meta name=\"twitter:data1\" content=\"2 minutes\" \/>\n<script type=\"application\/ld+json\" class=\"yoast-schema-graph\">{\"@context\":\"https:\\\/\\\/schema.org\",\"@graph\":[{\"@type\":\"WebPage\",\"@id\":\"https:\\\/\\\/www.edesia.al\\\/?product=caj-xhinxher\",\"url\":\"https:\\\/\\\/www.edesia.al\\\/?product=caj-xhinxher\",\"name\":\"\u00c7aj Xhinxher - Edesia\",\"isPartOf\":{\"@id\":\"https:\\\/\\\/www.edesia.al\\\/#website\"},\"primaryImageOfPage\":{\"@id\":\"https:\\\/\\\/www.edesia.al\\\/?product=caj-xhinxher#primaryimage\"},\"image\":{\"@id\":\"https:\\\/\\\/www.edesia.al\\\/?product=caj-xhinxher#primaryimage\"},\"thumbnailUrl\":\"https:\\\/\\\/www.edesia.al\\\/wp-content\\\/uploads\\\/2026\\\/02\\\/xhinxher-bustine-1.webp\",\"datePublished\":\"2026-02-16T21:06:33+00:00\",\"dateModified\":\"2026-02-20T21:37:40+00:00\",\"breadcrumb\":{\"@id\":\"https:\\\/\\\/www.edesia.al\\\/?product=caj-xhinxher#breadcrumb\"},\"inLanguage\":\"en-US\",\"potentialAction\":[{\"@type\":\"ReadAction\",\"target\":[\"https:\\\/\\\/www.edesia.al\\\/?product=caj-xhinxher\"]}]},{\"@type\":\"ImageObject\",\"inLanguage\":\"en-US\",\"@id\":\"https:\\\/\\\/www.edesia.al\\\/?product=caj-xhinxher#primaryimage\",\"url\":\"https:\\\/\\\/www.edesia.al\\\/wp-content\\\/uploads\\\/2026\\\/02\\\/xhinxher-bustine-1.webp\",\"contentUrl\":\"https:\\\/\\\/www.edesia.al\\\/wp-content\\\/uploads\\\/2026\\\/02\\\/xhinxher-bustine-1.webp\",\"width\":593,\"height\":593},{\"@type\":\"BreadcrumbList\",\"@id\":\"https:\\\/\\\/www.edesia.al\\\/?product=caj-xhinxher#breadcrumb\",\"itemListElement\":[{\"@type\":\"ListItem\",\"position\":1,\"name\":\"Home\",\"item\":\"https:\\\/\\\/www.edesia.al\\\/\"},{\"@type\":\"ListItem\",\"position\":2,\"name\":\"Dyqani\",\"item\":\"https:\\\/\\\/www.edesia.al\\\/?page_id=17\"},{\"@type\":\"ListItem\",\"position\":3,\"name\":\"\u00c7aj Xhinxher\"}]},{\"@type\":\"WebSite\",\"@id\":\"https:\\\/\\\/www.edesia.al\\\/#website\",\"url\":\"https:\\\/\\\/www.edesia.al\\\/\",\"name\":\"Edesia\",\"description\":\"\",\"publisher\":{\"@id\":\"https:\\\/\\\/www.edesia.al\\\/#organization\"},\"potentialAction\":[{\"@type\":\"SearchAction\",\"target\":{\"@type\":\"EntryPoint\",\"urlTemplate\":\"https:\\\/\\\/www.edesia.al\\\/?s={search_term_string}\"},\"query-input\":{\"@type\":\"PropertyValueSpecification\",\"valueRequired\":true,\"valueName\":\"search_term_string\"}}],\"inLanguage\":\"en-US\"},{\"@type\":\"Organization\",\"@id\":\"https:\\\/\\\/www.edesia.al\\\/#organization\",\"name\":\"Edesia\",\"url\":\"https:\\\/\\\/www.edesia.al\\\/\",\"logo\":{\"@type\":\"ImageObject\",\"inLanguage\":\"en-US\",\"@id\":\"https:\\\/\\\/www.edesia.al\\\/#\\\/schema\\\/logo\\\/image\\\/\",\"url\":\"https:\\\/\\\/www.edesia.al\\\/wp-content\\\/uploads\\\/2026\\\/02\\\/Logo-Edesia-no-background.png\",\"contentUrl\":\"https:\\\/\\\/www.edesia.al\\\/wp-content\\\/uploads\\\/2026\\\/02\\\/Logo-Edesia-no-background.png\",\"width\":293,\"height\":158,\"caption\":\"Edesia\"},\"image\":{\"@id\":\"https:\\\/\\\/www.edesia.al\\\/#\\\/schema\\\/logo\\\/image\\\/\"}}]}<\/script>\n<!-- \/ Yoast SEO plugin. -->","yoast_head_json":{"title":"\u00c7aj Xhinxher - Edesia","robots":{"index":"index","follow":"follow","max-snippet":"max-snippet:-1","max-image-preview":"max-image-preview:large","max-video-preview":"max-video-preview:-1"},"canonical":"https:\/\/www.edesia.al\/?product=caj-xhinxher","og_locale":"en_US","og_type":"article","og_title":"\u00c7aj Xhinxher - Edesia","og_description":"Nj\u00eb nga m\u00ebnyrat m\u00eb t\u00eb mira m\u00eb t\u00eb marr\u00eb benefitet maksimale nga xhinxheri t\u00eb \u00ebsht\u00eb t\u00eb b\u00ebni nj\u00eb \u00e7aj me rr\u00ebnj\u00ebt e xhinxherit. Ky paketim i ndar\u00eb n\u00eb bustina q\u00eb jan\u00eb n\u00eb p\u00ebrb\u00ebrje 100% organike pa p\u00ebrmbajtje plastike, \u00ebsht\u00eb nj\u00eb zgjidhje e thjesht\u00eb dhe mjaft efektive.","og_url":"https:\/\/www.edesia.al\/?product=caj-xhinxher","og_site_name":"Edesia","article_modified_time":"2026-02-20T21:37:40+00:00","og_image":[{"width":593,"height":593,"url":"https:\/\/www.edesia.al\/wp-content\/uploads\/2026\/02\/xhinxher-bustine-1.webp","type":"image\/webp"}],"twitter_card":"summary_large_image","twitter_misc":{"Est. reading time":"2 minutes"},"schema":{"@context":"https:\/\/schema.org","@graph":[{"@type":"WebPage","@id":"https:\/\/www.edesia.al\/?product=caj-xhinxher","url":"https:\/\/www.edesia.al\/?product=caj-xhinxher","name":"\u00c7aj Xhinxher - Edesia","isPartOf":{"@id":"https:\/\/www.edesia.al\/#website"},"primaryImageOfPage":{"@id":"https:\/\/www.edesia.al\/?product=caj-xhinxher#primaryimage"},"image":{"@id":"https:\/\/www.edesia.al\/?product=caj-xhinxher#primaryimage"},"thumbnailUrl":"https:\/\/www.edesia.al\/wp-content\/uploads\/2026\/02\/xhinxher-bustine-1.webp","datePublished":"2026-02-16T21:06:33+00:00","dateModified":"2026-02-20T21:37:40+00:00","breadcrumb":{"@id":"https:\/\/www.edesia.al\/?product=caj-xhinxher#breadcrumb"},"inLanguage":"en-US","potentialAction":[{"@type":"ReadAction","target":["https:\/\/www.edesia.al\/?product=caj-xhinxher"]}]},{"@type":"ImageObject","inLanguage":"en-US","@id":"https:\/\/www.edesia.al\/?product=caj-xhinxher#primaryimage","url":"https:\/\/www.edesia.al\/wp-content\/uploads\/2026\/02\/xhinxher-bustine-1.webp","contentUrl":"https:\/\/www.edesia.al\/wp-content\/uploads\/2026\/02\/xhinxher-bustine-1.webp","width":593,"height":593},{"@type":"BreadcrumbList","@id":"https:\/\/www.edesia.al\/?product=caj-xhinxher#breadcrumb","itemListElement":[{"@type":"ListItem","position":1,"name":"Home","item":"https:\/\/www.edesia.al\/"},{"@type":"ListItem","position":2,"name":"Dyqani","item":"https:\/\/www.edesia.al\/?page_id=17"},{"@type":"ListItem","position":3,"name":"\u00c7aj Xhinxher"}]},{"@type":"WebSite","@id":"https:\/\/www.edesia.al\/#website","url":"https:\/\/www.edesia.al\/","name":"Edesia","description":"","publisher":{"@id":"https:\/\/www.edesia.al\/#organization"},"potentialAction":[{"@type":"SearchAction","target":{"@type":"EntryPoint","urlTemplate":"https:\/\/www.edesia.al\/?s={search_term_string}"},"query-input":{"@type":"PropertyValueSpecification","valueRequired":true,"valueName":"search_term_string"}}],"inLanguage":"en-US"},{"@type":"Organization","@id":"https:\/\/www.edesia.al\/#organization","name":"Edesia","url":"https:\/\/www.edesia.al\/","logo":{"@type":"ImageObject","inLanguage":"en-US","@id":"https:\/\/www.edesia.al\/#\/schema\/logo\/image\/","url":"https:\/\/www.edesia.al\/wp-content\/uploads\/2026\/02\/Logo-Edesia-no-background.png","contentUrl":"https:\/\/www.edesia.al\/wp-content\/uploads\/2026\/02\/Logo-Edesia-no-background.png","width":293,"height":158,"caption":"Edesia"},"image":{"@id":"https:\/\/www.edesia.al\/#\/schema\/logo\/image\/"}}]}},"_links":{"self":[{"href":"https:\/\/www.edesia.al\/index.php?rest_route=\/wp\/v2\/product\/6299","targetHints":{"allow":["GET"]}}],"collection":[{"href":"https:\/\/www.edesia.al\/index.php?rest_route=\/wp\/v2\/product"}],"about":[{"href":"https:\/\/www.edesia.al\/index.php?rest_route=\/wp\/v2\/types\/product"}],"replies":[{"embeddable":true,"href":"https:\/\/www.edesia.al\/index.php?rest_route=%2Fwp%2Fv2%2Fcomments&post=6299"}],"wp:featuredmedia":[{"embeddable":true,"href":"https:\/\/www.edesia.al\/index.php?rest_route=\/wp\/v2\/media\/6327"}],"wp:attachment":[{"href":"https:\/\/www.edesia.al\/index.php?rest_route=%2Fwp%2Fv2%2Fmedia&parent=6299"}],"wp:term":[{"taxonomy":"kategori-sipas-dietave","embeddable":true,"href":"https:\/\/www.edesia.al\/index.php?rest_route=%2Fwp%2Fv2%2Fkategori-sipas-dietave&post=6299"},{"taxonomy":"kategori-sipas-problemeve-shende","embeddable":true,"href":"https:\/\/www.edesia.al\/index.php?rest_route=%2Fwp%2Fv2%2Fkategori-sipas-problemeve-shende&post=6299"},{"taxonomy":"product_brand","embeddable":true,"href":"https:\/\/www.edesia.al\/index.php?rest_route=%2Fwp%2Fv2%2Fproduct_brand&post=6299"},{"taxonomy":"product_cat","embeddable":true,"href":"https:\/\/www.edesia.al\/index.php?rest_route=%2Fwp%2Fv2%2Fproduct_cat&post=6299"},{"taxonomy":"product_tag","embeddable":true,"href":"https:\/\/www.edesia.al\/index.php?rest_route=%2Fwp%2Fv2%2Fproduct_tag&post=6299"}],"curies":[{"name":"wp","href":"https:\/\/api.w.org\/{rel}","templated":true}]}}