{"id":6301,"date":"2026-02-16T21:06:33","date_gmt":"2026-02-16T21:06:33","guid":{"rendered":"https:\/\/www.edesia.al\/?post_type=product&#038;p=6301"},"modified":"2026-02-20T21:38:21","modified_gmt":"2026-02-20T21:38:21","slug":"caj-kamomil-2","status":"publish","type":"product","link":"https:\/\/www.edesia.al\/?product=caj-kamomil-2","title":{"rendered":"\u00c7aj Kamomil"},"content":{"rendered":"<h3>\u00c7aj Kamomil Me Bustin\u00eb (14.4g)<\/h3>\n<p>\u00c7aj i kamomilit ka aft\u00ebsin\u00eb qet\u00ebsuese dhe nxit\u00ebse t\u00eb gjumit. Lulja p\u00ebrmban flavonoid\u00eb q\u00eb jan\u00eb pjes\u00ebrisht p\u00ebrgjegj\u00ebs p\u00ebr nxitjen e gjumit. Eshte nj\u00eb \u00e7aji bimor me arom\u00eb frutash t\u00eb ngjashme me moll\u00ebn, \u00ebsht\u00eb i shijsh\u00ebm dhe ka vlera terapeutike.<\/p>\n<h4><strong>P\u00ebrfitimet sh\u00ebndetsore t\u00eb \u00e7ajit t\u00eb kamomilit:<\/strong><\/h4>\n<ul>\n<li>Kund\u00ebr dhimbjeve t\u00eb stomakut:<\/li>\n<\/ul>\n<p>\u00c7aji i kamomilit \u00ebsht\u00eb nj\u00eb kur\u00eb ideale kund\u00ebr dhimbjeve t\u00eb stomakut sepse p\u00ebrmban substanca q\u00eb luftojn\u00eb inflamacionin. Pijeni \u00e7ajin n\u00eb m\u00ebngjes dhe n\u00eb dark\u00eb kund\u00ebr dhimbjeve.<\/p>\n<ul>\n<li>Nxit gjumin:<\/li>\n<\/ul>\n<p>Pijeni nj\u00eb filxhan me \u00e7aj kamomili 30 minuta p\u00ebrpara se t\u00eb shkoni n\u00eb shtrat. \u00c7aji ka efekt qet\u00ebsues dhe largon shqet\u00ebsimet q\u00eb t\u00eb l\u00ebn\u00eb pa gjum\u00eb.<\/p>\n<ul>\n<li>Migrena:<\/li>\n<\/ul>\n<p>Sapo t\u00eb ndjeni trokitjen e migren\u00ebs, pini nj\u00eb got\u00eb me \u00e7aj kamomili. \u00cbsht\u00eb e r\u00ebnd\u00ebsishme q\u00eb ta pini \u00e7ajin kur dhimbja sapo ka nisur dhe jo kur ajo \u00ebsht\u00eb n\u00eb kulmin e vet.<\/p>\n<ul>\n<li>Zorr\u00ebt;<\/li>\n<\/ul>\n<p>\u00c7aji i ngroht\u00eb i kamomilit rekomandohet kund\u00ebr dhimbjeve dhe simptomave t\u00eb sindrom\u00ebs s\u00eb zorr\u00ebs s\u00eb irrituar. Ai funksionon edhe kund\u00ebr gazrave dhe fryrjeve.<\/p>\n<ul>\n<li>P\u00ebr nj\u00eb imunitet t\u00eb fort\u00eb:<\/li>\n<\/ul>\n<p>N\u00ebse prekeni rregullisht nga gripi apo e ftohura, at\u00ebher\u00eb pini nj\u00eb ose dy filxhan\u00eb me \u00e7aj kamomili n\u00eb dit\u00eb.Ky \u00e7aj shkat\u00ebrron ndjesh\u00ebm bakteret e k\u00ebqija n\u00eb organiz\u00ebm.<\/p>\n<ul>\n<li>Kund\u00ebr t\u00eb djegurave:<\/li>\n<\/ul>\n<p>Egjiptian\u00ebt dhe Grek\u00ebt e lasht\u00eb e p\u00ebrdornin kamomilin edhe p\u00ebr t\u00eb sh\u00ebruar plag\u00ebt dhe t\u00eb djegurat n\u00eb l\u00ebkur\u00eb.P\u00ebrdoreni \u00e7ajin n\u00eb kompresa dhe vendosini ato n\u00eb zonat e l\u00ebnduara t\u00eb l\u00ebkur\u00ebs.<\/p>\n<ul>\n<li>Kund\u00ebr rrath\u00ebve t\u00eb zinj:<\/li>\n<\/ul>\n<p>P\u00ebrdoreni \u00e7ajin kund\u00ebr rrath\u00ebve t\u00eb zinj. \u00c7aji largon inflamacionin n\u00eb l\u00ebkur\u00eb, e freskon dhe i jep asaj m\u00eb shum\u00eb gjall\u00ebri. P\u00ebrdorni bustina organike ose kompresa p\u00ebr t\u00eb qet\u00ebsuar syt\u00eb.<\/p>\n<ul>\n<li>Zbardhja e l\u00ebkur\u00ebs:<\/li>\n<\/ul>\n<p>Kamomili e ushqen dhe e zbardh l\u00ebkur\u00ebn. Zieni dy bustina organike n\u00eb nj\u00eb \u00e7ajnik dhe q\u00ebndroni sip\u00ebr avullit t\u00eb l\u00ebshuar duke mbuluar kok\u00ebn me peshqir. Kjo do ju qet\u00ebsoj\u00eb dhe do zbardh\u00eb l\u00ebkur\u00ebn.<\/p>\n<ul>\n<li>Parandalon aknet:<\/li>\n<\/ul>\n<p>Kamomili \u00ebsht\u00eb plot me antioksidant\u00eb q\u00eb luftojn\u00eb radikalet e lira. Rrjedhimisht ai rekomandohet kund\u00ebr akneve, p\u00ebr hapjen e poreve dhe largimin e baktereve.<\/p>\n<ul>\n<li>Kund\u00ebr enjtjeve:<\/li>\n<\/ul>\n<p>Pini disa filxhan\u00eb me \u00e7aj p\u00ebr t\u00eb qet\u00ebsuar muskujt ose b\u00ebni kompresa me \u00e7aj p\u00ebr t\u00eb qet\u00ebsuar dhe zbutur enjtjet n\u00eb gjymtyr\u00eb.<\/p>\n<ul>\n<li>Ul sheqerin n\u00eb gjak:<\/li>\n<\/ul>\n<p>K\u00ebrkimet shkencore konfirmojn\u00eb se pirja e nj\u00eb ose dy filxhan\u00ebve me \u00e7aj kamomili \u00ebsht\u00eb nj\u00eb m\u00ebnyr\u00eb efikase p\u00ebr t\u00eb nivelin e sheqerit n\u00eb gjak, p\u00ebrmir\u00ebsuar shikimin, nervat dhe funksionin e veshkave.<\/p>\n<ul>\n<li>Irritimet e l\u00ebkur\u00ebs:<\/li>\n<\/ul>\n<p>T\u00eb djegurat nga dielli, njollat, ekzema, dhe pickimet e insekteve mund t\u00eb zbuten dhe kurohen me \u00e7aj kamomili.<\/p>\n<ul>\n<li>Kontraktimet muskulare:<\/li>\n<\/ul>\n<p>\u00c7aji i kamomilit qet\u00ebson muskujt sepse p\u00ebrmban glycine. Kjo substanc\u00eb qet\u00ebson nervat dhe \u00ebsht\u00eb e dobishme edhe kund\u00ebr ankthit dhe stresit.<\/p>\n<ul>\n<li>P\u00ebrdorime t\u00eb tjera t\u00eb \u00e7ajit t\u00eb kamomilit:<\/li>\n<\/ul>\n<p>Me \u00e7ajin e kamomilit ju mund t\u00eb b\u00ebni banj\u00eb, ta p\u00ebrdorni p\u00ebr gargare kund\u00ebr inflamacionit n\u00eb goj\u00eb dhe fyt por edhe ta p\u00ebrdorni n\u00eb avull.<\/p>\n","protected":false},"excerpt":{"rendered":"<p>Kamomili \u00ebsht\u00eb p\u00ebrdorur si ila\u00e7 tradicional p\u00ebr mij\u00ebra vjet p\u00ebr t\u00eb qet\u00ebsuar ankthin apo dhimbjet e barkut. Ky paketim me bustina \u00ebsht\u00eb shum\u00eb praktik dhe i sigurt, ju ndihmon ta p\u00ebrfshini leht\u00ebsisht k\u00ebt\u00eb \u00e7aj n\u00eb rutin\u00ebn tuaj ditore.<\/p>\n","protected":false},"featured_media":6329,"comment_status":"open","ping_status":"closed","template":"","meta":{"_acf_changed":false,"inline_featured_image":false},"kategori-sipas-dietave":[89],"kategori-sipas-problemeve-shende":[84],"product_brand":[],"product_cat":[81,43],"product_tag":[],"class_list":{"0":"post-6301","1":"product","2":"type-product","3":"status-publish","4":"has-post-thumbnail","6":"kategori-sipas-dietave-vegan","7":"kategori-sipas-problemeve-shende-suport-hormonal","8":"product_cat-caj-bime-mjekesore","9":"product_cat-cajra","11":"first","12":"instock","13":"taxable","14":"shipping-taxable","15":"purchasable","16":"product-type-simple"},"acf":[],"yoast_head":"<!-- This site is optimized with the Yoast SEO plugin v27.4 - https:\/\/yoast.com\/product\/yoast-seo-wordpress\/ -->\n<title>\u00c7aj Kamomil - Edesia<\/title>\n<meta name=\"robots\" content=\"index, follow, max-snippet:-1, max-image-preview:large, max-video-preview:-1\" \/>\n<link rel=\"canonical\" href=\"https:\/\/www.edesia.al\/?product=caj-kamomil-2\" \/>\n<meta property=\"og:locale\" content=\"en_US\" \/>\n<meta property=\"og:type\" content=\"article\" \/>\n<meta property=\"og:title\" content=\"\u00c7aj Kamomil - Edesia\" \/>\n<meta property=\"og:description\" content=\"Kamomili \u00ebsht\u00eb p\u00ebrdorur si ila\u00e7 tradicional p\u00ebr mij\u00ebra vjet p\u00ebr t\u00eb qet\u00ebsuar ankthin apo dhimbjet e barkut. Ky paketim me bustina \u00ebsht\u00eb shum\u00eb praktik dhe i sigurt, ju ndihmon ta p\u00ebrfshini leht\u00ebsisht k\u00ebt\u00eb \u00e7aj n\u00eb rutin\u00ebn tuaj ditore.\" \/>\n<meta property=\"og:url\" content=\"https:\/\/www.edesia.al\/?product=caj-kamomil-2\" \/>\n<meta property=\"og:site_name\" content=\"Edesia\" \/>\n<meta property=\"article:modified_time\" content=\"2026-02-20T21:38:21+00:00\" \/>\n<meta property=\"og:image\" content=\"https:\/\/www.edesia.al\/wp-content\/uploads\/2026\/02\/kamomile-2.webp\" \/>\n\t<meta property=\"og:image:width\" content=\"593\" \/>\n\t<meta property=\"og:image:height\" content=\"593\" \/>\n\t<meta property=\"og:image:type\" content=\"image\/webp\" \/>\n<meta name=\"twitter:card\" content=\"summary_large_image\" \/>\n<meta name=\"twitter:label1\" content=\"Est. reading time\" \/>\n\t<meta name=\"twitter:data1\" content=\"3 minutes\" \/>\n<script type=\"application\/ld+json\" class=\"yoast-schema-graph\">{\"@context\":\"https:\\\/\\\/schema.org\",\"@graph\":[{\"@type\":\"WebPage\",\"@id\":\"https:\\\/\\\/www.edesia.al\\\/?product=caj-kamomil-2\",\"url\":\"https:\\\/\\\/www.edesia.al\\\/?product=caj-kamomil-2\",\"name\":\"\u00c7aj Kamomil - Edesia\",\"isPartOf\":{\"@id\":\"https:\\\/\\\/www.edesia.al\\\/#website\"},\"primaryImageOfPage\":{\"@id\":\"https:\\\/\\\/www.edesia.al\\\/?product=caj-kamomil-2#primaryimage\"},\"image\":{\"@id\":\"https:\\\/\\\/www.edesia.al\\\/?product=caj-kamomil-2#primaryimage\"},\"thumbnailUrl\":\"https:\\\/\\\/www.edesia.al\\\/wp-content\\\/uploads\\\/2026\\\/02\\\/kamomile-2.webp\",\"datePublished\":\"2026-02-16T21:06:33+00:00\",\"dateModified\":\"2026-02-20T21:38:21+00:00\",\"breadcrumb\":{\"@id\":\"https:\\\/\\\/www.edesia.al\\\/?product=caj-kamomil-2#breadcrumb\"},\"inLanguage\":\"en-US\",\"potentialAction\":[{\"@type\":\"ReadAction\",\"target\":[\"https:\\\/\\\/www.edesia.al\\\/?product=caj-kamomil-2\"]}]},{\"@type\":\"ImageObject\",\"inLanguage\":\"en-US\",\"@id\":\"https:\\\/\\\/www.edesia.al\\\/?product=caj-kamomil-2#primaryimage\",\"url\":\"https:\\\/\\\/www.edesia.al\\\/wp-content\\\/uploads\\\/2026\\\/02\\\/kamomile-2.webp\",\"contentUrl\":\"https:\\\/\\\/www.edesia.al\\\/wp-content\\\/uploads\\\/2026\\\/02\\\/kamomile-2.webp\",\"width\":593,\"height\":593},{\"@type\":\"BreadcrumbList\",\"@id\":\"https:\\\/\\\/www.edesia.al\\\/?product=caj-kamomil-2#breadcrumb\",\"itemListElement\":[{\"@type\":\"ListItem\",\"position\":1,\"name\":\"Home\",\"item\":\"https:\\\/\\\/www.edesia.al\\\/\"},{\"@type\":\"ListItem\",\"position\":2,\"name\":\"Dyqani\",\"item\":\"https:\\\/\\\/www.edesia.al\\\/?page_id=17\"},{\"@type\":\"ListItem\",\"position\":3,\"name\":\"\u00c7aj Kamomil\"}]},{\"@type\":\"WebSite\",\"@id\":\"https:\\\/\\\/www.edesia.al\\\/#website\",\"url\":\"https:\\\/\\\/www.edesia.al\\\/\",\"name\":\"Edesia\",\"description\":\"\",\"publisher\":{\"@id\":\"https:\\\/\\\/www.edesia.al\\\/#organization\"},\"potentialAction\":[{\"@type\":\"SearchAction\",\"target\":{\"@type\":\"EntryPoint\",\"urlTemplate\":\"https:\\\/\\\/www.edesia.al\\\/?s={search_term_string}\"},\"query-input\":{\"@type\":\"PropertyValueSpecification\",\"valueRequired\":true,\"valueName\":\"search_term_string\"}}],\"inLanguage\":\"en-US\"},{\"@type\":\"Organization\",\"@id\":\"https:\\\/\\\/www.edesia.al\\\/#organization\",\"name\":\"Edesia\",\"url\":\"https:\\\/\\\/www.edesia.al\\\/\",\"logo\":{\"@type\":\"ImageObject\",\"inLanguage\":\"en-US\",\"@id\":\"https:\\\/\\\/www.edesia.al\\\/#\\\/schema\\\/logo\\\/image\\\/\",\"url\":\"https:\\\/\\\/www.edesia.al\\\/wp-content\\\/uploads\\\/2026\\\/02\\\/Logo-Edesia-no-background.png\",\"contentUrl\":\"https:\\\/\\\/www.edesia.al\\\/wp-content\\\/uploads\\\/2026\\\/02\\\/Logo-Edesia-no-background.png\",\"width\":293,\"height\":158,\"caption\":\"Edesia\"},\"image\":{\"@id\":\"https:\\\/\\\/www.edesia.al\\\/#\\\/schema\\\/logo\\\/image\\\/\"}}]}<\/script>\n<!-- \/ Yoast SEO plugin. -->","yoast_head_json":{"title":"\u00c7aj Kamomil - Edesia","robots":{"index":"index","follow":"follow","max-snippet":"max-snippet:-1","max-image-preview":"max-image-preview:large","max-video-preview":"max-video-preview:-1"},"canonical":"https:\/\/www.edesia.al\/?product=caj-kamomil-2","og_locale":"en_US","og_type":"article","og_title":"\u00c7aj Kamomil - Edesia","og_description":"Kamomili \u00ebsht\u00eb p\u00ebrdorur si ila\u00e7 tradicional p\u00ebr mij\u00ebra vjet p\u00ebr t\u00eb qet\u00ebsuar ankthin apo dhimbjet e barkut. Ky paketim me bustina \u00ebsht\u00eb shum\u00eb praktik dhe i sigurt, ju ndihmon ta p\u00ebrfshini leht\u00ebsisht k\u00ebt\u00eb \u00e7aj n\u00eb rutin\u00ebn tuaj ditore.","og_url":"https:\/\/www.edesia.al\/?product=caj-kamomil-2","og_site_name":"Edesia","article_modified_time":"2026-02-20T21:38:21+00:00","og_image":[{"width":593,"height":593,"url":"https:\/\/www.edesia.al\/wp-content\/uploads\/2026\/02\/kamomile-2.webp","type":"image\/webp"}],"twitter_card":"summary_large_image","twitter_misc":{"Est. reading time":"3 minutes"},"schema":{"@context":"https:\/\/schema.org","@graph":[{"@type":"WebPage","@id":"https:\/\/www.edesia.al\/?product=caj-kamomil-2","url":"https:\/\/www.edesia.al\/?product=caj-kamomil-2","name":"\u00c7aj Kamomil - Edesia","isPartOf":{"@id":"https:\/\/www.edesia.al\/#website"},"primaryImageOfPage":{"@id":"https:\/\/www.edesia.al\/?product=caj-kamomil-2#primaryimage"},"image":{"@id":"https:\/\/www.edesia.al\/?product=caj-kamomil-2#primaryimage"},"thumbnailUrl":"https:\/\/www.edesia.al\/wp-content\/uploads\/2026\/02\/kamomile-2.webp","datePublished":"2026-02-16T21:06:33+00:00","dateModified":"2026-02-20T21:38:21+00:00","breadcrumb":{"@id":"https:\/\/www.edesia.al\/?product=caj-kamomil-2#breadcrumb"},"inLanguage":"en-US","potentialAction":[{"@type":"ReadAction","target":["https:\/\/www.edesia.al\/?product=caj-kamomil-2"]}]},{"@type":"ImageObject","inLanguage":"en-US","@id":"https:\/\/www.edesia.al\/?product=caj-kamomil-2#primaryimage","url":"https:\/\/www.edesia.al\/wp-content\/uploads\/2026\/02\/kamomile-2.webp","contentUrl":"https:\/\/www.edesia.al\/wp-content\/uploads\/2026\/02\/kamomile-2.webp","width":593,"height":593},{"@type":"BreadcrumbList","@id":"https:\/\/www.edesia.al\/?product=caj-kamomil-2#breadcrumb","itemListElement":[{"@type":"ListItem","position":1,"name":"Home","item":"https:\/\/www.edesia.al\/"},{"@type":"ListItem","position":2,"name":"Dyqani","item":"https:\/\/www.edesia.al\/?page_id=17"},{"@type":"ListItem","position":3,"name":"\u00c7aj Kamomil"}]},{"@type":"WebSite","@id":"https:\/\/www.edesia.al\/#website","url":"https:\/\/www.edesia.al\/","name":"Edesia","description":"","publisher":{"@id":"https:\/\/www.edesia.al\/#organization"},"potentialAction":[{"@type":"SearchAction","target":{"@type":"EntryPoint","urlTemplate":"https:\/\/www.edesia.al\/?s={search_term_string}"},"query-input":{"@type":"PropertyValueSpecification","valueRequired":true,"valueName":"search_term_string"}}],"inLanguage":"en-US"},{"@type":"Organization","@id":"https:\/\/www.edesia.al\/#organization","name":"Edesia","url":"https:\/\/www.edesia.al\/","logo":{"@type":"ImageObject","inLanguage":"en-US","@id":"https:\/\/www.edesia.al\/#\/schema\/logo\/image\/","url":"https:\/\/www.edesia.al\/wp-content\/uploads\/2026\/02\/Logo-Edesia-no-background.png","contentUrl":"https:\/\/www.edesia.al\/wp-content\/uploads\/2026\/02\/Logo-Edesia-no-background.png","width":293,"height":158,"caption":"Edesia"},"image":{"@id":"https:\/\/www.edesia.al\/#\/schema\/logo\/image\/"}}]}},"_links":{"self":[{"href":"https:\/\/www.edesia.al\/index.php?rest_route=\/wp\/v2\/product\/6301","targetHints":{"allow":["GET"]}}],"collection":[{"href":"https:\/\/www.edesia.al\/index.php?rest_route=\/wp\/v2\/product"}],"about":[{"href":"https:\/\/www.edesia.al\/index.php?rest_route=\/wp\/v2\/types\/product"}],"replies":[{"embeddable":true,"href":"https:\/\/www.edesia.al\/index.php?rest_route=%2Fwp%2Fv2%2Fcomments&post=6301"}],"wp:featuredmedia":[{"embeddable":true,"href":"https:\/\/www.edesia.al\/index.php?rest_route=\/wp\/v2\/media\/6329"}],"wp:attachment":[{"href":"https:\/\/www.edesia.al\/index.php?rest_route=%2Fwp%2Fv2%2Fmedia&parent=6301"}],"wp:term":[{"taxonomy":"kategori-sipas-dietave","embeddable":true,"href":"https:\/\/www.edesia.al\/index.php?rest_route=%2Fwp%2Fv2%2Fkategori-sipas-dietave&post=6301"},{"taxonomy":"kategori-sipas-problemeve-shende","embeddable":true,"href":"https:\/\/www.edesia.al\/index.php?rest_route=%2Fwp%2Fv2%2Fkategori-sipas-problemeve-shende&post=6301"},{"taxonomy":"product_brand","embeddable":true,"href":"https:\/\/www.edesia.al\/index.php?rest_route=%2Fwp%2Fv2%2Fproduct_brand&post=6301"},{"taxonomy":"product_cat","embeddable":true,"href":"https:\/\/www.edesia.al\/index.php?rest_route=%2Fwp%2Fv2%2Fproduct_cat&post=6301"},{"taxonomy":"product_tag","embeddable":true,"href":"https:\/\/www.edesia.al\/index.php?rest_route=%2Fwp%2Fv2%2Fproduct_tag&post=6301"}],"curies":[{"name":"wp","href":"https:\/\/api.w.org\/{rel}","templated":true}]}}