{"id":6306,"date":"2026-02-16T21:06:34","date_gmt":"2026-02-16T21:06:34","guid":{"rendered":"https:\/\/www.edesia.al\/?post_type=product&#038;p=6306"},"modified":"2026-02-20T21:39:21","modified_gmt":"2026-02-20T21:39:21","slug":"caj-hibiskus-2","status":"publish","type":"product","link":"https:\/\/www.edesia.al\/?product=caj-hibiskus-2","title":{"rendered":"\u00c7aj Hibiskus"},"content":{"rendered":"<h3>\u00c7aj Hibiskus (54 g)<\/h3>\n<p>Bima e hibiskus e ka orijin\u00ebn n\u00eb Afrik\u00ebn e Veriut dhe Azin\u00eb Julindore, tashm\u00eb kjo bim\u00eb rritet thuajse kudo n\u00eb zonat e e nxehta tropikale. Nd\u00ebr vite jan\u00eb perdorur pjes\u00eb te ndryshme t\u00eb k\u00ebsaj bime qoft\u00eb n\u00eb kuzhin\u00eb apo dhe mjek\u00ebsi. Por lulja e hibiskus \u00ebsht\u00eb shum\u00eb e pasur n\u00eb antioksidant duke e b\u00ebr\u00eb at\u00eb perfekte p\u00ebr tu konsumuar si \u00e7aj.<\/p>\n<h4>P\u00ebrfitimet sh\u00ebndetsore t\u00eb \u00e7ajit t\u00eb hibiskus:<\/h4>\n<ul>\n<li>Ndihmon n\u00eb uljen e presionint t\u00eb lart\u00eb t\u00eb gjakut dhe ruan nj\u00eb sh\u00ebndet t\u00eb mir\u00eb t\u00eb zemr\u00ebs.<\/li>\n<li>Ul temperatur\u00ebn e lart\u00eb, zbut fytin e acaruar dhe leht\u00ebson gjendjet gripale.<\/li>\n<li>Ul nivelin e koletserolit t\u00eb keq n\u00eb gjak.<\/li>\n<li>P\u00ebrshpejton metabolizmin dhe ndihmon n\u00eb humbjen e pesh\u00ebs. Hibiskus nuk p\u00ebrban kalori apo kafein\u00eb.<\/li>\n<li>Ndihmon n\u00eb balancimin hormonal. Shum\u00eb i k\u00ebshilluesh\u00ebm p\u00ebr grat\u00eb n\u00eb menopauze.<\/li>\n<li>P\u00ebrmban nivele t\u00eb larta t\u00eb vitamin\u00ebs C, e cila ndihmon n\u00eb rritjen\u00a0 e sistemit ton\u00eb imunitar.<\/li>\n<li>Ai prandalon krijimin dhe zhvillimin e qelizave tumoriale.<\/li>\n<\/ul>\n<h4>P\u00ebrgatitja:<\/h4>\n<p>Zijeni uji deri n\u00eb vlim, hidhni brenda lulet e thara t\u00eb hibiskus, lerini dhe p\u00ebr 2-3 minuta t\u00eb tjer\u00eb s\u00ebbashku. Prisni sa t\u00eb ftohet pak, emb\u00eblsojeni me emb\u00eblsuesin tuaj t\u00eb preferuar dhe \u00ebsht\u00eb gati.<\/p>\n<h4>Kujdes:<\/h4>\n<p>Nuk rekomandohet p\u00ebr grat\u00eb shtat\u00ebzan\u00eb apo me gji.<\/p>\n","protected":false},"excerpt":{"rendered":"<p>\u00c7aji Hibiscus i b\u00ebr\u00eb nga lulet e thara t\u00eb bim\u00ebs hibiscus,me\u00a0 ngjyr\u00eb t\u00eb kuqe t\u00eb thell\u00eb. Ka shije t\u00eb \u00ebmb\u00ebl n\u00eb t\u00eb thart\u00eb, t\u00eb ngjashme me boronic\u00eb, dhe mund t\u00eb konsumohet si \u00e7aj i nxeht\u00eb apo dhe si nj\u00eb pije e\u00a0 ftoht\u00eb me shije dhe arom\u00eb shum\u00eb t\u00eb k\u00ebndshme. Ky paketim me bustina 100% organike pa plastik \u00ebsht\u00eb shum\u00eb praktik.<\/p>\n","protected":false},"featured_media":6356,"comment_status":"open","ping_status":"closed","template":"","meta":{"_acf_changed":false,"inline_featured_image":false},"kategori-sipas-dietave":[89],"kategori-sipas-problemeve-shende":[85],"product_brand":[35],"product_cat":[81,43],"product_tag":[],"class_list":{"0":"post-6306","1":"product","2":"type-product","3":"status-publish","4":"has-post-thumbnail","6":"kategori-sipas-dietave-vegan","7":"kategori-sipas-problemeve-shende-imuniteti","8":"product_brand-sonnentor-sh-p-k","9":"product_cat-caj-bime-mjekesore","10":"product_cat-cajra","12":"first","13":"outofstock","14":"taxable","15":"shipping-taxable","16":"purchasable","17":"product-type-simple"},"acf":[],"yoast_head":"<!-- This site is optimized with the Yoast SEO plugin v27.4 - https:\/\/yoast.com\/product\/yoast-seo-wordpress\/ -->\n<title>\u00c7aj Hibiskus - Edesia<\/title>\n<meta name=\"robots\" content=\"index, follow, max-snippet:-1, max-image-preview:large, max-video-preview:-1\" \/>\n<link rel=\"canonical\" href=\"https:\/\/www.edesia.al\/?product=caj-hibiskus-2\" \/>\n<meta property=\"og:locale\" content=\"en_US\" \/>\n<meta property=\"og:type\" content=\"article\" \/>\n<meta property=\"og:title\" content=\"\u00c7aj Hibiskus - Edesia\" \/>\n<meta property=\"og:description\" content=\"\u00c7aji Hibiscus i b\u00ebr\u00eb nga lulet e thara t\u00eb bim\u00ebs hibiscus,me\u00a0 ngjyr\u00eb t\u00eb kuqe t\u00eb thell\u00eb. Ka shije t\u00eb \u00ebmb\u00ebl n\u00eb t\u00eb thart\u00eb, t\u00eb ngjashme me boronic\u00eb, dhe mund t\u00eb konsumohet si \u00e7aj i nxeht\u00eb apo dhe si nj\u00eb pije e\u00a0 ftoht\u00eb me shije dhe arom\u00eb shum\u00eb t\u00eb k\u00ebndshme. Ky paketim me bustina 100% organike pa plastik \u00ebsht\u00eb shum\u00eb praktik.\" \/>\n<meta property=\"og:url\" content=\"https:\/\/www.edesia.al\/?product=caj-hibiskus-2\" \/>\n<meta property=\"og:site_name\" content=\"Edesia\" \/>\n<meta property=\"article:modified_time\" content=\"2026-02-20T21:39:21+00:00\" \/>\n<meta property=\"og:image\" content=\"https:\/\/www.edesia.al\/wp-content\/uploads\/2026\/02\/hibiskus-bustine-1.webp\" \/>\n\t<meta property=\"og:image:width\" content=\"593\" \/>\n\t<meta property=\"og:image:height\" content=\"593\" \/>\n\t<meta property=\"og:image:type\" content=\"image\/webp\" \/>\n<meta name=\"twitter:card\" content=\"summary_large_image\" \/>\n<meta name=\"twitter:label1\" content=\"Est. reading time\" \/>\n\t<meta name=\"twitter:data1\" content=\"1 minute\" \/>\n<script type=\"application\/ld+json\" class=\"yoast-schema-graph\">{\"@context\":\"https:\\\/\\\/schema.org\",\"@graph\":[{\"@type\":\"WebPage\",\"@id\":\"https:\\\/\\\/www.edesia.al\\\/?product=caj-hibiskus-2\",\"url\":\"https:\\\/\\\/www.edesia.al\\\/?product=caj-hibiskus-2\",\"name\":\"\u00c7aj Hibiskus - Edesia\",\"isPartOf\":{\"@id\":\"https:\\\/\\\/www.edesia.al\\\/#website\"},\"primaryImageOfPage\":{\"@id\":\"https:\\\/\\\/www.edesia.al\\\/?product=caj-hibiskus-2#primaryimage\"},\"image\":{\"@id\":\"https:\\\/\\\/www.edesia.al\\\/?product=caj-hibiskus-2#primaryimage\"},\"thumbnailUrl\":\"https:\\\/\\\/www.edesia.al\\\/wp-content\\\/uploads\\\/2026\\\/02\\\/hibiskus-bustine-1.webp\",\"datePublished\":\"2026-02-16T21:06:34+00:00\",\"dateModified\":\"2026-02-20T21:39:21+00:00\",\"breadcrumb\":{\"@id\":\"https:\\\/\\\/www.edesia.al\\\/?product=caj-hibiskus-2#breadcrumb\"},\"inLanguage\":\"en-US\",\"potentialAction\":[{\"@type\":\"ReadAction\",\"target\":[\"https:\\\/\\\/www.edesia.al\\\/?product=caj-hibiskus-2\"]}]},{\"@type\":\"ImageObject\",\"inLanguage\":\"en-US\",\"@id\":\"https:\\\/\\\/www.edesia.al\\\/?product=caj-hibiskus-2#primaryimage\",\"url\":\"https:\\\/\\\/www.edesia.al\\\/wp-content\\\/uploads\\\/2026\\\/02\\\/hibiskus-bustine-1.webp\",\"contentUrl\":\"https:\\\/\\\/www.edesia.al\\\/wp-content\\\/uploads\\\/2026\\\/02\\\/hibiskus-bustine-1.webp\",\"width\":593,\"height\":593},{\"@type\":\"BreadcrumbList\",\"@id\":\"https:\\\/\\\/www.edesia.al\\\/?product=caj-hibiskus-2#breadcrumb\",\"itemListElement\":[{\"@type\":\"ListItem\",\"position\":1,\"name\":\"Home\",\"item\":\"https:\\\/\\\/www.edesia.al\\\/\"},{\"@type\":\"ListItem\",\"position\":2,\"name\":\"Dyqani\",\"item\":\"https:\\\/\\\/www.edesia.al\\\/?page_id=17\"},{\"@type\":\"ListItem\",\"position\":3,\"name\":\"\u00c7aj Hibiskus\"}]},{\"@type\":\"WebSite\",\"@id\":\"https:\\\/\\\/www.edesia.al\\\/#website\",\"url\":\"https:\\\/\\\/www.edesia.al\\\/\",\"name\":\"Edesia\",\"description\":\"\",\"publisher\":{\"@id\":\"https:\\\/\\\/www.edesia.al\\\/#organization\"},\"potentialAction\":[{\"@type\":\"SearchAction\",\"target\":{\"@type\":\"EntryPoint\",\"urlTemplate\":\"https:\\\/\\\/www.edesia.al\\\/?s={search_term_string}\"},\"query-input\":{\"@type\":\"PropertyValueSpecification\",\"valueRequired\":true,\"valueName\":\"search_term_string\"}}],\"inLanguage\":\"en-US\"},{\"@type\":\"Organization\",\"@id\":\"https:\\\/\\\/www.edesia.al\\\/#organization\",\"name\":\"Edesia\",\"url\":\"https:\\\/\\\/www.edesia.al\\\/\",\"logo\":{\"@type\":\"ImageObject\",\"inLanguage\":\"en-US\",\"@id\":\"https:\\\/\\\/www.edesia.al\\\/#\\\/schema\\\/logo\\\/image\\\/\",\"url\":\"https:\\\/\\\/www.edesia.al\\\/wp-content\\\/uploads\\\/2026\\\/02\\\/Logo-Edesia-no-background.png\",\"contentUrl\":\"https:\\\/\\\/www.edesia.al\\\/wp-content\\\/uploads\\\/2026\\\/02\\\/Logo-Edesia-no-background.png\",\"width\":293,\"height\":158,\"caption\":\"Edesia\"},\"image\":{\"@id\":\"https:\\\/\\\/www.edesia.al\\\/#\\\/schema\\\/logo\\\/image\\\/\"}}]}<\/script>\n<!-- \/ Yoast SEO plugin. -->","yoast_head_json":{"title":"\u00c7aj Hibiskus - Edesia","robots":{"index":"index","follow":"follow","max-snippet":"max-snippet:-1","max-image-preview":"max-image-preview:large","max-video-preview":"max-video-preview:-1"},"canonical":"https:\/\/www.edesia.al\/?product=caj-hibiskus-2","og_locale":"en_US","og_type":"article","og_title":"\u00c7aj Hibiskus - Edesia","og_description":"\u00c7aji Hibiscus i b\u00ebr\u00eb nga lulet e thara t\u00eb bim\u00ebs hibiscus,me\u00a0 ngjyr\u00eb t\u00eb kuqe t\u00eb thell\u00eb. Ka shije t\u00eb \u00ebmb\u00ebl n\u00eb t\u00eb thart\u00eb, t\u00eb ngjashme me boronic\u00eb, dhe mund t\u00eb konsumohet si \u00e7aj i nxeht\u00eb apo dhe si nj\u00eb pije e\u00a0 ftoht\u00eb me shije dhe arom\u00eb shum\u00eb t\u00eb k\u00ebndshme. Ky paketim me bustina 100% organike pa plastik \u00ebsht\u00eb shum\u00eb praktik.","og_url":"https:\/\/www.edesia.al\/?product=caj-hibiskus-2","og_site_name":"Edesia","article_modified_time":"2026-02-20T21:39:21+00:00","og_image":[{"width":593,"height":593,"url":"https:\/\/www.edesia.al\/wp-content\/uploads\/2026\/02\/hibiskus-bustine-1.webp","type":"image\/webp"}],"twitter_card":"summary_large_image","twitter_misc":{"Est. reading time":"1 minute"},"schema":{"@context":"https:\/\/schema.org","@graph":[{"@type":"WebPage","@id":"https:\/\/www.edesia.al\/?product=caj-hibiskus-2","url":"https:\/\/www.edesia.al\/?product=caj-hibiskus-2","name":"\u00c7aj Hibiskus - Edesia","isPartOf":{"@id":"https:\/\/www.edesia.al\/#website"},"primaryImageOfPage":{"@id":"https:\/\/www.edesia.al\/?product=caj-hibiskus-2#primaryimage"},"image":{"@id":"https:\/\/www.edesia.al\/?product=caj-hibiskus-2#primaryimage"},"thumbnailUrl":"https:\/\/www.edesia.al\/wp-content\/uploads\/2026\/02\/hibiskus-bustine-1.webp","datePublished":"2026-02-16T21:06:34+00:00","dateModified":"2026-02-20T21:39:21+00:00","breadcrumb":{"@id":"https:\/\/www.edesia.al\/?product=caj-hibiskus-2#breadcrumb"},"inLanguage":"en-US","potentialAction":[{"@type":"ReadAction","target":["https:\/\/www.edesia.al\/?product=caj-hibiskus-2"]}]},{"@type":"ImageObject","inLanguage":"en-US","@id":"https:\/\/www.edesia.al\/?product=caj-hibiskus-2#primaryimage","url":"https:\/\/www.edesia.al\/wp-content\/uploads\/2026\/02\/hibiskus-bustine-1.webp","contentUrl":"https:\/\/www.edesia.al\/wp-content\/uploads\/2026\/02\/hibiskus-bustine-1.webp","width":593,"height":593},{"@type":"BreadcrumbList","@id":"https:\/\/www.edesia.al\/?product=caj-hibiskus-2#breadcrumb","itemListElement":[{"@type":"ListItem","position":1,"name":"Home","item":"https:\/\/www.edesia.al\/"},{"@type":"ListItem","position":2,"name":"Dyqani","item":"https:\/\/www.edesia.al\/?page_id=17"},{"@type":"ListItem","position":3,"name":"\u00c7aj Hibiskus"}]},{"@type":"WebSite","@id":"https:\/\/www.edesia.al\/#website","url":"https:\/\/www.edesia.al\/","name":"Edesia","description":"","publisher":{"@id":"https:\/\/www.edesia.al\/#organization"},"potentialAction":[{"@type":"SearchAction","target":{"@type":"EntryPoint","urlTemplate":"https:\/\/www.edesia.al\/?s={search_term_string}"},"query-input":{"@type":"PropertyValueSpecification","valueRequired":true,"valueName":"search_term_string"}}],"inLanguage":"en-US"},{"@type":"Organization","@id":"https:\/\/www.edesia.al\/#organization","name":"Edesia","url":"https:\/\/www.edesia.al\/","logo":{"@type":"ImageObject","inLanguage":"en-US","@id":"https:\/\/www.edesia.al\/#\/schema\/logo\/image\/","url":"https:\/\/www.edesia.al\/wp-content\/uploads\/2026\/02\/Logo-Edesia-no-background.png","contentUrl":"https:\/\/www.edesia.al\/wp-content\/uploads\/2026\/02\/Logo-Edesia-no-background.png","width":293,"height":158,"caption":"Edesia"},"image":{"@id":"https:\/\/www.edesia.al\/#\/schema\/logo\/image\/"}}]}},"_links":{"self":[{"href":"https:\/\/www.edesia.al\/index.php?rest_route=\/wp\/v2\/product\/6306","targetHints":{"allow":["GET"]}}],"collection":[{"href":"https:\/\/www.edesia.al\/index.php?rest_route=\/wp\/v2\/product"}],"about":[{"href":"https:\/\/www.edesia.al\/index.php?rest_route=\/wp\/v2\/types\/product"}],"replies":[{"embeddable":true,"href":"https:\/\/www.edesia.al\/index.php?rest_route=%2Fwp%2Fv2%2Fcomments&post=6306"}],"wp:featuredmedia":[{"embeddable":true,"href":"https:\/\/www.edesia.al\/index.php?rest_route=\/wp\/v2\/media\/6356"}],"wp:attachment":[{"href":"https:\/\/www.edesia.al\/index.php?rest_route=%2Fwp%2Fv2%2Fmedia&parent=6306"}],"wp:term":[{"taxonomy":"kategori-sipas-dietave","embeddable":true,"href":"https:\/\/www.edesia.al\/index.php?rest_route=%2Fwp%2Fv2%2Fkategori-sipas-dietave&post=6306"},{"taxonomy":"kategori-sipas-problemeve-shende","embeddable":true,"href":"https:\/\/www.edesia.al\/index.php?rest_route=%2Fwp%2Fv2%2Fkategori-sipas-problemeve-shende&post=6306"},{"taxonomy":"product_brand","embeddable":true,"href":"https:\/\/www.edesia.al\/index.php?rest_route=%2Fwp%2Fv2%2Fproduct_brand&post=6306"},{"taxonomy":"product_cat","embeddable":true,"href":"https:\/\/www.edesia.al\/index.php?rest_route=%2Fwp%2Fv2%2Fproduct_cat&post=6306"},{"taxonomy":"product_tag","embeddable":true,"href":"https:\/\/www.edesia.al\/index.php?rest_route=%2Fwp%2Fv2%2Fproduct_tag&post=6306"}],"curies":[{"name":"wp","href":"https:\/\/api.w.org\/{rel}","templated":true}]}}