{"id":6307,"date":"2026-02-16T21:06:34","date_gmt":"2026-02-16T21:06:34","guid":{"rendered":"https:\/\/www.edesia.al\/?post_type=product&#038;p=6307"},"modified":"2026-02-25T11:03:13","modified_gmt":"2026-02-25T11:03:13","slug":"caj-soothing-throat","status":"publish","type":"product","link":"https:\/\/www.edesia.al\/?product=caj-soothing-throat","title":{"rendered":"\u00c7aj &#8220;Soothing Throat&#8221;"},"content":{"rendered":"<h3>\u00c7aj p\u00ebr qet\u00ebsimin e fytit &#8211; Soothing Throat Tea (27g)<\/h3>\n<p>Me ardhjen e t\u00eb ftohtit acarimet e fytit b\u00ebhen gjithmon e m\u00eb t\u00eb pranishme. Virozat, bajamet, infeksionet e ndryshme na japin dhimbje dhe ndjesi t\u00eb pak\u00ebndshme n\u00eb fyt.<\/p>\n<h4>Ky \u00e7aj p\u00ebrban nj\u00eb p\u00ebrzierje bimore fantastike q\u00eb jo vet\u00ebm qet\u00ebsojn\u00eb dhe sh\u00ebrojn\u00eb fytin e acaruar por kan\u00eb dhe benefite t\u00eb tjera sh\u00ebndetsore:<\/h4>\n<ul>\n<li>Gjethe Delli &#8211; ul inflamacionin, p\u00ebrmir\u00ebson tretjen dhe ndihmon n\u00eb sh\u00ebrimin e plag\u00ebve.<\/li>\n<li>Lule Shtogu &#8211; sh\u00ebron koll\u00ebn, gripin, s\u00ebmundjet e mushk\u00ebrive, astm\u00ebn. Ul sheqerin dhe yndyrnat n\u00eb gjak.<\/li>\n<li>Moll\u00eb e thar\u00eb &#8211; pastron toksinat dhe p\u00ebrmir\u00ebson tretjen.<\/li>\n<li>Lime &#8211; qet\u00ebson dhimbjet dhe leht\u00ebson frymarrjen.<\/li>\n<\/ul>\n<h4>P\u00ebrgatitja:<\/h4>\n<p>Zijeni uji deri n\u00eb vlim, hidhni brenda lulet e thara t\u00eb hibiskus, lerini dhe p\u00ebr 2-3 minuta t\u00eb tjer\u00eb s\u00ebbashku. Prisni sa t\u00eb ftohet pak, emb\u00eblsojeni me emb\u00eblsuesin tuaj t\u00eb preferuar dhe \u00ebsht\u00eb gati.<\/p>\n<p>&nbsp;<\/p>\n","protected":false},"excerpt":{"rendered":"<p>P\u00ebrzierja e gjethe dellit, lule shtogut, moll\u00ebs s\u00eb thar\u00eb dhe lime I japin k\u00ebtij \u00e7aj nj\u00eb shije t\u00eb \u00ebmb\u00ebl q\u00eb p\u00ebrafron me mjaltin dhe arom\u00eb t\u00eb k\u00ebndshme lulesh. Gjithashtu qet\u00ebson n\u00eb m\u00ebnyre efektive acarimet e fytit.<\/p>\n","protected":false},"featured_media":6357,"comment_status":"open","ping_status":"closed","template":"","meta":{"_acf_changed":false,"inline_featured_image":false},"kategori-sipas-dietave":[89],"kategori-sipas-problemeve-shende":[85],"product_brand":[35],"product_cat":[81,43],"product_tag":[],"class_list":{"0":"post-6307","1":"product","2":"type-product","3":"status-publish","4":"has-post-thumbnail","6":"kategori-sipas-dietave-vegan","7":"kategori-sipas-problemeve-shende-imuniteti","8":"product_brand-sonnentor-sh-p-k","9":"product_cat-caj-bime-mjekesore","10":"product_cat-cajra","12":"first","13":"instock","14":"taxable","15":"shipping-taxable","16":"purchasable","17":"product-type-simple"},"acf":[],"yoast_head":"<!-- This site is optimized with the Yoast SEO plugin v27.4 - https:\/\/yoast.com\/product\/yoast-seo-wordpress\/ -->\n<title>\u00c7aj &quot;Soothing Throat&quot; - Edesia<\/title>\n<meta name=\"robots\" content=\"index, follow, max-snippet:-1, max-image-preview:large, max-video-preview:-1\" \/>\n<link rel=\"canonical\" href=\"https:\/\/www.edesia.al\/?product=caj-soothing-throat\" \/>\n<meta property=\"og:locale\" content=\"en_US\" \/>\n<meta property=\"og:type\" content=\"article\" \/>\n<meta property=\"og:title\" content=\"\u00c7aj &quot;Soothing Throat&quot; - Edesia\" \/>\n<meta property=\"og:description\" content=\"P\u00ebrzierja e gjethe dellit, lule shtogut, moll\u00ebs s\u00eb thar\u00eb dhe lime I japin k\u00ebtij \u00e7aj nj\u00eb shije t\u00eb \u00ebmb\u00ebl q\u00eb p\u00ebrafron me mjaltin dhe arom\u00eb t\u00eb k\u00ebndshme lulesh. Gjithashtu qet\u00ebson n\u00eb m\u00ebnyre efektive acarimet e fytit.\" \/>\n<meta property=\"og:url\" content=\"https:\/\/www.edesia.al\/?product=caj-soothing-throat\" \/>\n<meta property=\"og:site_name\" content=\"Edesia\" \/>\n<meta property=\"article:modified_time\" content=\"2026-02-25T11:03:13+00:00\" \/>\n<meta property=\"og:image\" content=\"https:\/\/www.edesia.al\/wp-content\/uploads\/2026\/02\/fyti-1.webp\" \/>\n\t<meta property=\"og:image:width\" content=\"593\" \/>\n\t<meta property=\"og:image:height\" content=\"593\" \/>\n\t<meta property=\"og:image:type\" content=\"image\/webp\" \/>\n<meta name=\"twitter:card\" content=\"summary_large_image\" \/>\n<meta name=\"twitter:label1\" content=\"Est. reading time\" \/>\n\t<meta name=\"twitter:data1\" content=\"1 minute\" \/>\n<script type=\"application\/ld+json\" class=\"yoast-schema-graph\">{\"@context\":\"https:\\\/\\\/schema.org\",\"@graph\":[{\"@type\":\"WebPage\",\"@id\":\"https:\\\/\\\/www.edesia.al\\\/?product=caj-soothing-throat\",\"url\":\"https:\\\/\\\/www.edesia.al\\\/?product=caj-soothing-throat\",\"name\":\"\u00c7aj \\\"Soothing Throat\\\" - Edesia\",\"isPartOf\":{\"@id\":\"https:\\\/\\\/www.edesia.al\\\/#website\"},\"primaryImageOfPage\":{\"@id\":\"https:\\\/\\\/www.edesia.al\\\/?product=caj-soothing-throat#primaryimage\"},\"image\":{\"@id\":\"https:\\\/\\\/www.edesia.al\\\/?product=caj-soothing-throat#primaryimage\"},\"thumbnailUrl\":\"https:\\\/\\\/www.edesia.al\\\/wp-content\\\/uploads\\\/2026\\\/02\\\/fyti-1.webp\",\"datePublished\":\"2026-02-16T21:06:34+00:00\",\"dateModified\":\"2026-02-25T11:03:13+00:00\",\"breadcrumb\":{\"@id\":\"https:\\\/\\\/www.edesia.al\\\/?product=caj-soothing-throat#breadcrumb\"},\"inLanguage\":\"en-US\",\"potentialAction\":[{\"@type\":\"ReadAction\",\"target\":[\"https:\\\/\\\/www.edesia.al\\\/?product=caj-soothing-throat\"]}]},{\"@type\":\"ImageObject\",\"inLanguage\":\"en-US\",\"@id\":\"https:\\\/\\\/www.edesia.al\\\/?product=caj-soothing-throat#primaryimage\",\"url\":\"https:\\\/\\\/www.edesia.al\\\/wp-content\\\/uploads\\\/2026\\\/02\\\/fyti-1.webp\",\"contentUrl\":\"https:\\\/\\\/www.edesia.al\\\/wp-content\\\/uploads\\\/2026\\\/02\\\/fyti-1.webp\",\"width\":593,\"height\":593},{\"@type\":\"BreadcrumbList\",\"@id\":\"https:\\\/\\\/www.edesia.al\\\/?product=caj-soothing-throat#breadcrumb\",\"itemListElement\":[{\"@type\":\"ListItem\",\"position\":1,\"name\":\"Home\",\"item\":\"https:\\\/\\\/www.edesia.al\\\/\"},{\"@type\":\"ListItem\",\"position\":2,\"name\":\"Dyqani\",\"item\":\"https:\\\/\\\/www.edesia.al\\\/?page_id=17\"},{\"@type\":\"ListItem\",\"position\":3,\"name\":\"\u00c7aj &#8220;Soothing Throat&#8221;\"}]},{\"@type\":\"WebSite\",\"@id\":\"https:\\\/\\\/www.edesia.al\\\/#website\",\"url\":\"https:\\\/\\\/www.edesia.al\\\/\",\"name\":\"Edesia\",\"description\":\"\",\"publisher\":{\"@id\":\"https:\\\/\\\/www.edesia.al\\\/#organization\"},\"potentialAction\":[{\"@type\":\"SearchAction\",\"target\":{\"@type\":\"EntryPoint\",\"urlTemplate\":\"https:\\\/\\\/www.edesia.al\\\/?s={search_term_string}\"},\"query-input\":{\"@type\":\"PropertyValueSpecification\",\"valueRequired\":true,\"valueName\":\"search_term_string\"}}],\"inLanguage\":\"en-US\"},{\"@type\":\"Organization\",\"@id\":\"https:\\\/\\\/www.edesia.al\\\/#organization\",\"name\":\"Edesia\",\"url\":\"https:\\\/\\\/www.edesia.al\\\/\",\"logo\":{\"@type\":\"ImageObject\",\"inLanguage\":\"en-US\",\"@id\":\"https:\\\/\\\/www.edesia.al\\\/#\\\/schema\\\/logo\\\/image\\\/\",\"url\":\"https:\\\/\\\/www.edesia.al\\\/wp-content\\\/uploads\\\/2026\\\/02\\\/Logo-Edesia-no-background.png\",\"contentUrl\":\"https:\\\/\\\/www.edesia.al\\\/wp-content\\\/uploads\\\/2026\\\/02\\\/Logo-Edesia-no-background.png\",\"width\":293,\"height\":158,\"caption\":\"Edesia\"},\"image\":{\"@id\":\"https:\\\/\\\/www.edesia.al\\\/#\\\/schema\\\/logo\\\/image\\\/\"}}]}<\/script>\n<!-- \/ Yoast SEO plugin. -->","yoast_head_json":{"title":"\u00c7aj \"Soothing Throat\" - Edesia","robots":{"index":"index","follow":"follow","max-snippet":"max-snippet:-1","max-image-preview":"max-image-preview:large","max-video-preview":"max-video-preview:-1"},"canonical":"https:\/\/www.edesia.al\/?product=caj-soothing-throat","og_locale":"en_US","og_type":"article","og_title":"\u00c7aj \"Soothing Throat\" - Edesia","og_description":"P\u00ebrzierja e gjethe dellit, lule shtogut, moll\u00ebs s\u00eb thar\u00eb dhe lime I japin k\u00ebtij \u00e7aj nj\u00eb shije t\u00eb \u00ebmb\u00ebl q\u00eb p\u00ebrafron me mjaltin dhe arom\u00eb t\u00eb k\u00ebndshme lulesh. Gjithashtu qet\u00ebson n\u00eb m\u00ebnyre efektive acarimet e fytit.","og_url":"https:\/\/www.edesia.al\/?product=caj-soothing-throat","og_site_name":"Edesia","article_modified_time":"2026-02-25T11:03:13+00:00","og_image":[{"width":593,"height":593,"url":"https:\/\/www.edesia.al\/wp-content\/uploads\/2026\/02\/fyti-1.webp","type":"image\/webp"}],"twitter_card":"summary_large_image","twitter_misc":{"Est. reading time":"1 minute"},"schema":{"@context":"https:\/\/schema.org","@graph":[{"@type":"WebPage","@id":"https:\/\/www.edesia.al\/?product=caj-soothing-throat","url":"https:\/\/www.edesia.al\/?product=caj-soothing-throat","name":"\u00c7aj \"Soothing Throat\" - Edesia","isPartOf":{"@id":"https:\/\/www.edesia.al\/#website"},"primaryImageOfPage":{"@id":"https:\/\/www.edesia.al\/?product=caj-soothing-throat#primaryimage"},"image":{"@id":"https:\/\/www.edesia.al\/?product=caj-soothing-throat#primaryimage"},"thumbnailUrl":"https:\/\/www.edesia.al\/wp-content\/uploads\/2026\/02\/fyti-1.webp","datePublished":"2026-02-16T21:06:34+00:00","dateModified":"2026-02-25T11:03:13+00:00","breadcrumb":{"@id":"https:\/\/www.edesia.al\/?product=caj-soothing-throat#breadcrumb"},"inLanguage":"en-US","potentialAction":[{"@type":"ReadAction","target":["https:\/\/www.edesia.al\/?product=caj-soothing-throat"]}]},{"@type":"ImageObject","inLanguage":"en-US","@id":"https:\/\/www.edesia.al\/?product=caj-soothing-throat#primaryimage","url":"https:\/\/www.edesia.al\/wp-content\/uploads\/2026\/02\/fyti-1.webp","contentUrl":"https:\/\/www.edesia.al\/wp-content\/uploads\/2026\/02\/fyti-1.webp","width":593,"height":593},{"@type":"BreadcrumbList","@id":"https:\/\/www.edesia.al\/?product=caj-soothing-throat#breadcrumb","itemListElement":[{"@type":"ListItem","position":1,"name":"Home","item":"https:\/\/www.edesia.al\/"},{"@type":"ListItem","position":2,"name":"Dyqani","item":"https:\/\/www.edesia.al\/?page_id=17"},{"@type":"ListItem","position":3,"name":"\u00c7aj &#8220;Soothing Throat&#8221;"}]},{"@type":"WebSite","@id":"https:\/\/www.edesia.al\/#website","url":"https:\/\/www.edesia.al\/","name":"Edesia","description":"","publisher":{"@id":"https:\/\/www.edesia.al\/#organization"},"potentialAction":[{"@type":"SearchAction","target":{"@type":"EntryPoint","urlTemplate":"https:\/\/www.edesia.al\/?s={search_term_string}"},"query-input":{"@type":"PropertyValueSpecification","valueRequired":true,"valueName":"search_term_string"}}],"inLanguage":"en-US"},{"@type":"Organization","@id":"https:\/\/www.edesia.al\/#organization","name":"Edesia","url":"https:\/\/www.edesia.al\/","logo":{"@type":"ImageObject","inLanguage":"en-US","@id":"https:\/\/www.edesia.al\/#\/schema\/logo\/image\/","url":"https:\/\/www.edesia.al\/wp-content\/uploads\/2026\/02\/Logo-Edesia-no-background.png","contentUrl":"https:\/\/www.edesia.al\/wp-content\/uploads\/2026\/02\/Logo-Edesia-no-background.png","width":293,"height":158,"caption":"Edesia"},"image":{"@id":"https:\/\/www.edesia.al\/#\/schema\/logo\/image\/"}}]}},"_links":{"self":[{"href":"https:\/\/www.edesia.al\/index.php?rest_route=\/wp\/v2\/product\/6307","targetHints":{"allow":["GET"]}}],"collection":[{"href":"https:\/\/www.edesia.al\/index.php?rest_route=\/wp\/v2\/product"}],"about":[{"href":"https:\/\/www.edesia.al\/index.php?rest_route=\/wp\/v2\/types\/product"}],"replies":[{"embeddable":true,"href":"https:\/\/www.edesia.al\/index.php?rest_route=%2Fwp%2Fv2%2Fcomments&post=6307"}],"wp:featuredmedia":[{"embeddable":true,"href":"https:\/\/www.edesia.al\/index.php?rest_route=\/wp\/v2\/media\/6357"}],"wp:attachment":[{"href":"https:\/\/www.edesia.al\/index.php?rest_route=%2Fwp%2Fv2%2Fmedia&parent=6307"}],"wp:term":[{"taxonomy":"kategori-sipas-dietave","embeddable":true,"href":"https:\/\/www.edesia.al\/index.php?rest_route=%2Fwp%2Fv2%2Fkategori-sipas-dietave&post=6307"},{"taxonomy":"kategori-sipas-problemeve-shende","embeddable":true,"href":"https:\/\/www.edesia.al\/index.php?rest_route=%2Fwp%2Fv2%2Fkategori-sipas-problemeve-shende&post=6307"},{"taxonomy":"product_brand","embeddable":true,"href":"https:\/\/www.edesia.al\/index.php?rest_route=%2Fwp%2Fv2%2Fproduct_brand&post=6307"},{"taxonomy":"product_cat","embeddable":true,"href":"https:\/\/www.edesia.al\/index.php?rest_route=%2Fwp%2Fv2%2Fproduct_cat&post=6307"},{"taxonomy":"product_tag","embeddable":true,"href":"https:\/\/www.edesia.al\/index.php?rest_route=%2Fwp%2Fv2%2Fproduct_tag&post=6307"}],"curies":[{"name":"wp","href":"https:\/\/api.w.org\/{rel}","templated":true}]}}