{"id":6313,"date":"2026-02-16T21:06:34","date_gmt":"2026-02-16T21:06:34","guid":{"rendered":"https:\/\/www.edesia.al\/?post_type=product&#038;p=6313"},"modified":"2026-02-20T21:42:40","modified_gmt":"2026-02-20T21:42:40","slug":"karafil-i-plote","status":"publish","type":"product","link":"https:\/\/www.edesia.al\/?product=karafil-i-plote","title":{"rendered":"Karafil i Plot\u00eb"},"content":{"rendered":"<h3>Karafil i Plot\u00eb (35g)<\/h3>\n<p>P\u00ebrgjat\u00eb gjith\u00eb historis\u00eb s\u00eb njer\u00ebzimit, karafili \u00ebsht\u00eb njohur p\u00ebr vetit\u00eb e tij t\u00eb jasht\u00ebzakonshme. Bima ka gjetur p\u00ebrdorim q\u00eb para lindjes s\u00eb Krishtit kryesisht n\u00eb Indonezi, p\u00ebr t\u00eb marr\u00eb m\u00eb pas p\u00ebrhapje n\u00eb Kin\u00eb, Filipine, Amerik\u00ebn Q\u00ebndrore dhe n\u00eb at\u00eb t\u00eb Jugut.<\/p>\n<h4>Benefitet sh\u00ebndetsore t\u00eb karafilit:<\/h4>\n<ul>\n<li>Forcon sistemin imunitar. Pasi p\u00ebrmban shum\u00eb vitamin\u00eb C dhe nxit prodhimin e qelizave t\u00eb bardha t\u00eb gjakut.<\/li>\n<li>Ndihmon kund\u00ebr inflamacioneve dhe infeksineve t\u00eb ndryshme.<\/li>\n<li>Trajton probleme t\u00eb ndryshme t\u00eb aparatit ton\u00eb tret\u00ebs si konstipacionin pasi \u00ebsht\u00eb shum\u00eb i pasur n\u00eb fibra.<\/li>\n<li>Leht\u00ebson dhimbjen e dh\u00ebmb\u00ebve, dezefekton goj\u00ebn dhe ruan nj\u00eb sh\u00ebndet t\u00eb mir\u00eb t\u00eb mishrave t\u00eb dh\u00ebmb\u00ebve.<\/li>\n<li>Karafili ul kolesterolin dhe presionin n\u00eb gjak, p\u00ebrmir\u00ebson funksionimin e arterieve dhe rritjen e jet\u00ebgjat\u00ebsis\u00eb.<\/li>\n<li>I pasur n\u00eb antioksidant prandalon zhvillimin e qelizave tumorale.<\/li>\n<li>Qet\u00ebson dhimbjet e fytit, t\u00eb artritit dhe osteoporoz\u00ebs.<\/li>\n<\/ul>\n<h4>P\u00ebrdorimi:<\/h4>\n<p>Karafili i plot\u00eb mund t\u00eb p\u00ebrdoret p\u00ebr \u00e7aj ose n\u00eb aromatizimin e sherbetit.<\/p>\n","protected":false},"excerpt":{"rendered":"<p>Pervec shijes dhe arom\u00ebs tep\u00ebr t\u00eb k\u00ebndshme karafili p\u00ebrmban vitamin\u00eb A, C, K, Beta karoten si dhe mineralet magnez, hekur, mangan, potasium dhe selenium.<\/p>\n","protected":false},"featured_media":6363,"comment_status":"open","ping_status":"closed","template":"","meta":{"_acf_changed":false,"inline_featured_image":false},"kategori-sipas-dietave":[89],"kategori-sipas-problemeve-shende":[83],"product_brand":[35],"product_cat":[81,34],"product_tag":[],"class_list":{"0":"post-6313","1":"product","2":"type-product","3":"status-publish","4":"has-post-thumbnail","6":"kategori-sipas-dietave-vegan","7":"kategori-sipas-problemeve-shende-tretje-detox","8":"product_brand-sonnentor-sh-p-k","9":"product_cat-caj-bime-mjekesore","10":"product_cat-ereza-bime-aromatike","12":"first","13":"instock","14":"taxable","15":"shipping-taxable","16":"purchasable","17":"product-type-simple"},"acf":[],"yoast_head":"<!-- This site is optimized with the Yoast SEO plugin v27.4 - https:\/\/yoast.com\/product\/yoast-seo-wordpress\/ -->\n<title>Karafil i Plot\u00eb - Edesia<\/title>\n<meta name=\"robots\" content=\"index, follow, max-snippet:-1, max-image-preview:large, max-video-preview:-1\" \/>\n<link rel=\"canonical\" href=\"https:\/\/www.edesia.al\/?product=karafil-i-plote\" \/>\n<meta property=\"og:locale\" content=\"en_US\" \/>\n<meta property=\"og:type\" content=\"article\" \/>\n<meta property=\"og:title\" content=\"Karafil i Plot\u00eb - Edesia\" \/>\n<meta property=\"og:description\" content=\"Pervec shijes dhe arom\u00ebs tep\u00ebr t\u00eb k\u00ebndshme karafili p\u00ebrmban vitamin\u00eb A, C, K, Beta karoten si dhe mineralet magnez, hekur, mangan, potasium dhe selenium.\" \/>\n<meta property=\"og:url\" content=\"https:\/\/www.edesia.al\/?product=karafil-i-plote\" \/>\n<meta property=\"og:site_name\" content=\"Edesia\" \/>\n<meta property=\"article:modified_time\" content=\"2026-02-20T21:42:40+00:00\" \/>\n<meta property=\"og:image\" content=\"https:\/\/www.edesia.al\/wp-content\/uploads\/2026\/02\/karafil-2.webp\" \/>\n\t<meta property=\"og:image:width\" content=\"593\" \/>\n\t<meta property=\"og:image:height\" content=\"593\" \/>\n\t<meta property=\"og:image:type\" content=\"image\/webp\" \/>\n<meta name=\"twitter:card\" content=\"summary_large_image\" \/>\n<meta name=\"twitter:label1\" content=\"Est. reading time\" \/>\n\t<meta name=\"twitter:data1\" content=\"1 minute\" \/>\n<script type=\"application\/ld+json\" class=\"yoast-schema-graph\">{\"@context\":\"https:\\\/\\\/schema.org\",\"@graph\":[{\"@type\":\"WebPage\",\"@id\":\"https:\\\/\\\/www.edesia.al\\\/?product=karafil-i-plote\",\"url\":\"https:\\\/\\\/www.edesia.al\\\/?product=karafil-i-plote\",\"name\":\"Karafil i Plot\u00eb - Edesia\",\"isPartOf\":{\"@id\":\"https:\\\/\\\/www.edesia.al\\\/#website\"},\"primaryImageOfPage\":{\"@id\":\"https:\\\/\\\/www.edesia.al\\\/?product=karafil-i-plote#primaryimage\"},\"image\":{\"@id\":\"https:\\\/\\\/www.edesia.al\\\/?product=karafil-i-plote#primaryimage\"},\"thumbnailUrl\":\"https:\\\/\\\/www.edesia.al\\\/wp-content\\\/uploads\\\/2026\\\/02\\\/karafil-2.webp\",\"datePublished\":\"2026-02-16T21:06:34+00:00\",\"dateModified\":\"2026-02-20T21:42:40+00:00\",\"breadcrumb\":{\"@id\":\"https:\\\/\\\/www.edesia.al\\\/?product=karafil-i-plote#breadcrumb\"},\"inLanguage\":\"en-US\",\"potentialAction\":[{\"@type\":\"ReadAction\",\"target\":[\"https:\\\/\\\/www.edesia.al\\\/?product=karafil-i-plote\"]}]},{\"@type\":\"ImageObject\",\"inLanguage\":\"en-US\",\"@id\":\"https:\\\/\\\/www.edesia.al\\\/?product=karafil-i-plote#primaryimage\",\"url\":\"https:\\\/\\\/www.edesia.al\\\/wp-content\\\/uploads\\\/2026\\\/02\\\/karafil-2.webp\",\"contentUrl\":\"https:\\\/\\\/www.edesia.al\\\/wp-content\\\/uploads\\\/2026\\\/02\\\/karafil-2.webp\",\"width\":593,\"height\":593},{\"@type\":\"BreadcrumbList\",\"@id\":\"https:\\\/\\\/www.edesia.al\\\/?product=karafil-i-plote#breadcrumb\",\"itemListElement\":[{\"@type\":\"ListItem\",\"position\":1,\"name\":\"Home\",\"item\":\"https:\\\/\\\/www.edesia.al\\\/\"},{\"@type\":\"ListItem\",\"position\":2,\"name\":\"Dyqani\",\"item\":\"https:\\\/\\\/www.edesia.al\\\/?page_id=17\"},{\"@type\":\"ListItem\",\"position\":3,\"name\":\"Karafil i Plot\u00eb\"}]},{\"@type\":\"WebSite\",\"@id\":\"https:\\\/\\\/www.edesia.al\\\/#website\",\"url\":\"https:\\\/\\\/www.edesia.al\\\/\",\"name\":\"Edesia\",\"description\":\"\",\"publisher\":{\"@id\":\"https:\\\/\\\/www.edesia.al\\\/#organization\"},\"potentialAction\":[{\"@type\":\"SearchAction\",\"target\":{\"@type\":\"EntryPoint\",\"urlTemplate\":\"https:\\\/\\\/www.edesia.al\\\/?s={search_term_string}\"},\"query-input\":{\"@type\":\"PropertyValueSpecification\",\"valueRequired\":true,\"valueName\":\"search_term_string\"}}],\"inLanguage\":\"en-US\"},{\"@type\":\"Organization\",\"@id\":\"https:\\\/\\\/www.edesia.al\\\/#organization\",\"name\":\"Edesia\",\"url\":\"https:\\\/\\\/www.edesia.al\\\/\",\"logo\":{\"@type\":\"ImageObject\",\"inLanguage\":\"en-US\",\"@id\":\"https:\\\/\\\/www.edesia.al\\\/#\\\/schema\\\/logo\\\/image\\\/\",\"url\":\"https:\\\/\\\/www.edesia.al\\\/wp-content\\\/uploads\\\/2026\\\/02\\\/Logo-Edesia-no-background.png\",\"contentUrl\":\"https:\\\/\\\/www.edesia.al\\\/wp-content\\\/uploads\\\/2026\\\/02\\\/Logo-Edesia-no-background.png\",\"width\":293,\"height\":158,\"caption\":\"Edesia\"},\"image\":{\"@id\":\"https:\\\/\\\/www.edesia.al\\\/#\\\/schema\\\/logo\\\/image\\\/\"}}]}<\/script>\n<!-- \/ Yoast SEO plugin. -->","yoast_head_json":{"title":"Karafil i Plot\u00eb - Edesia","robots":{"index":"index","follow":"follow","max-snippet":"max-snippet:-1","max-image-preview":"max-image-preview:large","max-video-preview":"max-video-preview:-1"},"canonical":"https:\/\/www.edesia.al\/?product=karafil-i-plote","og_locale":"en_US","og_type":"article","og_title":"Karafil i Plot\u00eb - Edesia","og_description":"Pervec shijes dhe arom\u00ebs tep\u00ebr t\u00eb k\u00ebndshme karafili p\u00ebrmban vitamin\u00eb A, C, K, Beta karoten si dhe mineralet magnez, hekur, mangan, potasium dhe selenium.","og_url":"https:\/\/www.edesia.al\/?product=karafil-i-plote","og_site_name":"Edesia","article_modified_time":"2026-02-20T21:42:40+00:00","og_image":[{"width":593,"height":593,"url":"https:\/\/www.edesia.al\/wp-content\/uploads\/2026\/02\/karafil-2.webp","type":"image\/webp"}],"twitter_card":"summary_large_image","twitter_misc":{"Est. reading time":"1 minute"},"schema":{"@context":"https:\/\/schema.org","@graph":[{"@type":"WebPage","@id":"https:\/\/www.edesia.al\/?product=karafil-i-plote","url":"https:\/\/www.edesia.al\/?product=karafil-i-plote","name":"Karafil i Plot\u00eb - Edesia","isPartOf":{"@id":"https:\/\/www.edesia.al\/#website"},"primaryImageOfPage":{"@id":"https:\/\/www.edesia.al\/?product=karafil-i-plote#primaryimage"},"image":{"@id":"https:\/\/www.edesia.al\/?product=karafil-i-plote#primaryimage"},"thumbnailUrl":"https:\/\/www.edesia.al\/wp-content\/uploads\/2026\/02\/karafil-2.webp","datePublished":"2026-02-16T21:06:34+00:00","dateModified":"2026-02-20T21:42:40+00:00","breadcrumb":{"@id":"https:\/\/www.edesia.al\/?product=karafil-i-plote#breadcrumb"},"inLanguage":"en-US","potentialAction":[{"@type":"ReadAction","target":["https:\/\/www.edesia.al\/?product=karafil-i-plote"]}]},{"@type":"ImageObject","inLanguage":"en-US","@id":"https:\/\/www.edesia.al\/?product=karafil-i-plote#primaryimage","url":"https:\/\/www.edesia.al\/wp-content\/uploads\/2026\/02\/karafil-2.webp","contentUrl":"https:\/\/www.edesia.al\/wp-content\/uploads\/2026\/02\/karafil-2.webp","width":593,"height":593},{"@type":"BreadcrumbList","@id":"https:\/\/www.edesia.al\/?product=karafil-i-plote#breadcrumb","itemListElement":[{"@type":"ListItem","position":1,"name":"Home","item":"https:\/\/www.edesia.al\/"},{"@type":"ListItem","position":2,"name":"Dyqani","item":"https:\/\/www.edesia.al\/?page_id=17"},{"@type":"ListItem","position":3,"name":"Karafil i Plot\u00eb"}]},{"@type":"WebSite","@id":"https:\/\/www.edesia.al\/#website","url":"https:\/\/www.edesia.al\/","name":"Edesia","description":"","publisher":{"@id":"https:\/\/www.edesia.al\/#organization"},"potentialAction":[{"@type":"SearchAction","target":{"@type":"EntryPoint","urlTemplate":"https:\/\/www.edesia.al\/?s={search_term_string}"},"query-input":{"@type":"PropertyValueSpecification","valueRequired":true,"valueName":"search_term_string"}}],"inLanguage":"en-US"},{"@type":"Organization","@id":"https:\/\/www.edesia.al\/#organization","name":"Edesia","url":"https:\/\/www.edesia.al\/","logo":{"@type":"ImageObject","inLanguage":"en-US","@id":"https:\/\/www.edesia.al\/#\/schema\/logo\/image\/","url":"https:\/\/www.edesia.al\/wp-content\/uploads\/2026\/02\/Logo-Edesia-no-background.png","contentUrl":"https:\/\/www.edesia.al\/wp-content\/uploads\/2026\/02\/Logo-Edesia-no-background.png","width":293,"height":158,"caption":"Edesia"},"image":{"@id":"https:\/\/www.edesia.al\/#\/schema\/logo\/image\/"}}]}},"_links":{"self":[{"href":"https:\/\/www.edesia.al\/index.php?rest_route=\/wp\/v2\/product\/6313","targetHints":{"allow":["GET"]}}],"collection":[{"href":"https:\/\/www.edesia.al\/index.php?rest_route=\/wp\/v2\/product"}],"about":[{"href":"https:\/\/www.edesia.al\/index.php?rest_route=\/wp\/v2\/types\/product"}],"replies":[{"embeddable":true,"href":"https:\/\/www.edesia.al\/index.php?rest_route=%2Fwp%2Fv2%2Fcomments&post=6313"}],"wp:featuredmedia":[{"embeddable":true,"href":"https:\/\/www.edesia.al\/index.php?rest_route=\/wp\/v2\/media\/6363"}],"wp:attachment":[{"href":"https:\/\/www.edesia.al\/index.php?rest_route=%2Fwp%2Fv2%2Fmedia&parent=6313"}],"wp:term":[{"taxonomy":"kategori-sipas-dietave","embeddable":true,"href":"https:\/\/www.edesia.al\/index.php?rest_route=%2Fwp%2Fv2%2Fkategori-sipas-dietave&post=6313"},{"taxonomy":"kategori-sipas-problemeve-shende","embeddable":true,"href":"https:\/\/www.edesia.al\/index.php?rest_route=%2Fwp%2Fv2%2Fkategori-sipas-problemeve-shende&post=6313"},{"taxonomy":"product_brand","embeddable":true,"href":"https:\/\/www.edesia.al\/index.php?rest_route=%2Fwp%2Fv2%2Fproduct_brand&post=6313"},{"taxonomy":"product_cat","embeddable":true,"href":"https:\/\/www.edesia.al\/index.php?rest_route=%2Fwp%2Fv2%2Fproduct_cat&post=6313"},{"taxonomy":"product_tag","embeddable":true,"href":"https:\/\/www.edesia.al\/index.php?rest_route=%2Fwp%2Fv2%2Fproduct_tag&post=6313"}],"curies":[{"name":"wp","href":"https:\/\/api.w.org\/{rel}","templated":true}]}}