{"id":6335,"date":"2026-02-16T21:06:56","date_gmt":"2026-02-16T21:06:56","guid":{"rendered":"https:\/\/www.edesia.al\/?post_type=product&#038;p=6335"},"modified":"2026-02-20T21:44:46","modified_gmt":"2026-02-20T21:44:46","slug":"kurkuma","status":"publish","type":"product","link":"https:\/\/www.edesia.al\/?product=kurkuma","title":{"rendered":"Kurkuma"},"content":{"rendered":"<h3>Kurkuma ( 40g )<\/h3>\n<p>Kurkuma \u00ebsht\u00eb nj\u00eb bim\u00eb q\u00eb i p\u00ebrket familjes s\u00eb xhenxhefilit dhe rritet n\u00eb Azin\u00eb Jugore. Kurkuma, apo shafrani i Indis\u00eb ka mbi 2500 vjet q\u00eb p\u00ebrdoret n\u00eb Indi, ku p\u00ebrdoret si ila\u00e7, p\u00ebr gatim, po ashtu edhe p\u00ebr ngjyrosje. Nd\u00ebr vetit\u00eb medicinale t\u00eb k\u00ebsaj er\u00ebze p\u00ebrmenden ve\u00e7orit\u00eb inflamatore, pasi studimet e fundit kan\u00eb treguar se kurkuma trajton probleme t\u00eb ndryshme me sh\u00ebndetin, madje vret dhe qelizat kancerogjene e deri tek parandalimi i s\u00ebmundjes s\u00eb Alzheimer-it.<\/p>\n<h5>P\u00ebrfitimet sh\u00ebndetsore te kurkuma:<\/h5>\n<ul>\n<li>\u00a0\u00cbsht\u00eb nj\u00eb antiseptik natyral, ka fuqi antibakteriale dhe sh\u00ebrben si nj\u00eb dezifektues n\u00eb rast \u00e7arjeje apo djegieje.<\/li>\n<li>\u00a0Kur kombinohet me lulelakr\u00ebn \u00ebsht\u00eb zbuluar se kurkuma parandalon kancerin e prostat\u00ebs dhe frenon rritjen e kancerit ekzistues t\u00eb prostat\u00ebs.<\/li>\n<li>\u00a0Nga studimet tek minjt\u00eb ka rezultuar se kurkuma frenon kancerin e gjirit nga p\u00ebrhapja n\u00eb mushkri.<\/li>\n<li>\u00a0Parandalon dhe vret melanom\u00ebn (kancerin e l\u00ebkur\u00ebs).<\/li>\n<li>Redukton riskun e leukemis\u00eb.<\/li>\n<li>\u00cbsht\u00eb nj\u00eb detoksifikues natyral p\u00ebr m\u00ebl\u00e7in\u00eb.<\/li>\n<li>\u00a0Parandalon dhe pengon zhvilimin e s\u00ebmundjes s\u00eb Alzheimer-it.<\/li>\n<li>\u00a0Mund t\u00eb parandaloj\u00eb p\u00ebrhapjen e metastazave.<\/li>\n<li>\u00a0\u00cbsht\u00eb nj\u00eb anti-inflamator natyror q\u00eb punon nj\u00ebsoj si medikamentet kund\u00ebr inflamacionit, por pa efekte an\u00ebsore.<\/li>\n<li>Tek minjt\u00eb, kurkuma ka treguar se ka aft\u00ebsi t\u00eb ngadal\u00ebsoj\u00eb zhvillimin e skleroz\u00ebs s\u00eb shum\u00ebfisht\u00eb.<\/li>\n<li>\u00a0\u00cbsht\u00eb nj\u00eb p\u00ebrb\u00ebr\u00ebs natyror kund\u00ebr dhimbjeve<\/li>\n<li>\u00a0Mund t\u00eb ndihmoj\u00eb p\u00ebr r\u00ebnien nga pesha<\/li>\n<li>\u00a0N\u00eb mjek\u00ebsin\u00eb kineze, kurkuma p\u00ebrdoret prej shekujsh p\u00ebr t\u00eb trajtuar depresionin.<\/li>\n<li>\u00a0Meq\u00ebn\u00ebse ka veti anti-inflamatore, kurkuma \u00ebsht\u00eb nj\u00eb trajtuese natyrale p\u00ebr t\u00eb gjtiha format e artritit.<\/li>\n<li>\u00a0Ndihmon n\u00eb trajtimin e psoriaz\u00ebs dhe problemeve t\u00eb tjera t\u00eb l\u00ebkur\u00ebs.<\/li>\n<\/ul>\n<p><strong>Perdorimi:<\/strong>\u00a0Shafranin mund ta p\u00ebrdorni \u00e7do dit\u00eb, n\u00eb recetat tuaja. Mund t\u2019ja shtoni vez\u00ebs s\u00eb m\u00ebngjesit apo dhe sallat\u00ebs apo dhe orizit, i cili do t\u00eb marr\u00eb nj\u00eb ngjyr\u00eb t\u00eb va\u00e7ant\u00eb.<\/p>\n<p><em>Kujdes:<\/em>\u00a0Kurkuma nuk duhet t\u00eb p\u00ebrdoret nga ata q\u00eb kan\u00eb gur\u00eb n\u00eb t\u00ebmth. Po ashtu grate shtatz\u00ebna duhet t\u00eb konsultohen me mjekun p\u00ebrpara se t\u00eb p\u00ebrdorin kurkum\u00eb.<\/p>\n","protected":false},"excerpt":{"rendered":"<p>Kurkuma, apo shafrani i Indis\u00eb ka mbi 2500 vjet q\u00eb p\u00ebrdoret n\u00eb Indi, ku p\u00ebrdoret si ila\u00e7, p\u00ebr gatim, po ashtu edhe p\u00ebr ngjyrosje. Nd\u00ebr vetit\u00eb medicinale t\u00eb k\u00ebsaj er\u00ebze p\u00ebrmenden ve\u00e7orit\u00eb inflamatore, pasi studimet e fundit kan\u00eb treguar se kurkuma trajton probleme t\u00eb ndryshme me sh\u00ebndetin, madje vret dhe qelizat kancerogjene e deri tek parandalimi i s\u00ebmundjes s\u00eb Alzheimer-it.<\/p>\n","protected":false},"featured_media":6366,"comment_status":"open","ping_status":"closed","template":"","meta":{"_acf_changed":false,"inline_featured_image":false},"kategori-sipas-dietave":[89],"kategori-sipas-problemeve-shende":[84],"product_brand":[32],"product_cat":[81,34],"product_tag":[],"class_list":{"0":"post-6335","1":"product","2":"type-product","3":"status-publish","4":"has-post-thumbnail","6":"kategori-sipas-dietave-vegan","7":"kategori-sipas-problemeve-shende-suport-hormonal","8":"product_brand-bioagros","9":"product_cat-caj-bime-mjekesore","10":"product_cat-ereza-bime-aromatike","12":"first","13":"instock","14":"taxable","15":"shipping-taxable","16":"purchasable","17":"product-type-simple"},"acf":[],"yoast_head":"<!-- This site is optimized with the Yoast SEO plugin v27.4 - https:\/\/yoast.com\/product\/yoast-seo-wordpress\/ -->\n<title>Kurkuma - Edesia<\/title>\n<meta name=\"robots\" content=\"index, follow, max-snippet:-1, max-image-preview:large, max-video-preview:-1\" \/>\n<link rel=\"canonical\" href=\"https:\/\/www.edesia.al\/?product=kurkuma\" \/>\n<meta property=\"og:locale\" content=\"en_US\" \/>\n<meta property=\"og:type\" content=\"article\" \/>\n<meta property=\"og:title\" content=\"Kurkuma - Edesia\" \/>\n<meta property=\"og:description\" content=\"Kurkuma, apo shafrani i Indis\u00eb ka mbi 2500 vjet q\u00eb p\u00ebrdoret n\u00eb Indi, ku p\u00ebrdoret si ila\u00e7, p\u00ebr gatim, po ashtu edhe p\u00ebr ngjyrosje. Nd\u00ebr vetit\u00eb medicinale t\u00eb k\u00ebsaj er\u00ebze p\u00ebrmenden ve\u00e7orit\u00eb inflamatore, pasi studimet e fundit kan\u00eb treguar se kurkuma trajton probleme t\u00eb ndryshme me sh\u00ebndetin, madje vret dhe qelizat kancerogjene e deri tek parandalimi i s\u00ebmundjes s\u00eb Alzheimer-it.\" \/>\n<meta property=\"og:url\" content=\"https:\/\/www.edesia.al\/?product=kurkuma\" \/>\n<meta property=\"og:site_name\" content=\"Edesia\" \/>\n<meta property=\"article:modified_time\" content=\"2026-02-20T21:44:46+00:00\" \/>\n<meta property=\"og:image\" content=\"https:\/\/www.edesia.al\/wp-content\/uploads\/2026\/02\/Kurkuma-1.webp\" \/>\n\t<meta property=\"og:image:width\" content=\"593\" \/>\n\t<meta property=\"og:image:height\" content=\"593\" \/>\n\t<meta property=\"og:image:type\" content=\"image\/webp\" \/>\n<meta name=\"twitter:card\" content=\"summary_large_image\" \/>\n<meta name=\"twitter:label1\" content=\"Est. reading time\" \/>\n\t<meta name=\"twitter:data1\" content=\"2 minutes\" \/>\n<script type=\"application\/ld+json\" class=\"yoast-schema-graph\">{\"@context\":\"https:\\\/\\\/schema.org\",\"@graph\":[{\"@type\":\"WebPage\",\"@id\":\"https:\\\/\\\/www.edesia.al\\\/?product=kurkuma\",\"url\":\"https:\\\/\\\/www.edesia.al\\\/?product=kurkuma\",\"name\":\"Kurkuma - Edesia\",\"isPartOf\":{\"@id\":\"https:\\\/\\\/www.edesia.al\\\/#website\"},\"primaryImageOfPage\":{\"@id\":\"https:\\\/\\\/www.edesia.al\\\/?product=kurkuma#primaryimage\"},\"image\":{\"@id\":\"https:\\\/\\\/www.edesia.al\\\/?product=kurkuma#primaryimage\"},\"thumbnailUrl\":\"https:\\\/\\\/www.edesia.al\\\/wp-content\\\/uploads\\\/2026\\\/02\\\/Kurkuma-1.webp\",\"datePublished\":\"2026-02-16T21:06:56+00:00\",\"dateModified\":\"2026-02-20T21:44:46+00:00\",\"breadcrumb\":{\"@id\":\"https:\\\/\\\/www.edesia.al\\\/?product=kurkuma#breadcrumb\"},\"inLanguage\":\"en-US\",\"potentialAction\":[{\"@type\":\"ReadAction\",\"target\":[\"https:\\\/\\\/www.edesia.al\\\/?product=kurkuma\"]}]},{\"@type\":\"ImageObject\",\"inLanguage\":\"en-US\",\"@id\":\"https:\\\/\\\/www.edesia.al\\\/?product=kurkuma#primaryimage\",\"url\":\"https:\\\/\\\/www.edesia.al\\\/wp-content\\\/uploads\\\/2026\\\/02\\\/Kurkuma-1.webp\",\"contentUrl\":\"https:\\\/\\\/www.edesia.al\\\/wp-content\\\/uploads\\\/2026\\\/02\\\/Kurkuma-1.webp\",\"width\":593,\"height\":593},{\"@type\":\"BreadcrumbList\",\"@id\":\"https:\\\/\\\/www.edesia.al\\\/?product=kurkuma#breadcrumb\",\"itemListElement\":[{\"@type\":\"ListItem\",\"position\":1,\"name\":\"Home\",\"item\":\"https:\\\/\\\/www.edesia.al\\\/\"},{\"@type\":\"ListItem\",\"position\":2,\"name\":\"Dyqani\",\"item\":\"https:\\\/\\\/www.edesia.al\\\/?page_id=17\"},{\"@type\":\"ListItem\",\"position\":3,\"name\":\"Kurkuma\"}]},{\"@type\":\"WebSite\",\"@id\":\"https:\\\/\\\/www.edesia.al\\\/#website\",\"url\":\"https:\\\/\\\/www.edesia.al\\\/\",\"name\":\"Edesia\",\"description\":\"\",\"publisher\":{\"@id\":\"https:\\\/\\\/www.edesia.al\\\/#organization\"},\"potentialAction\":[{\"@type\":\"SearchAction\",\"target\":{\"@type\":\"EntryPoint\",\"urlTemplate\":\"https:\\\/\\\/www.edesia.al\\\/?s={search_term_string}\"},\"query-input\":{\"@type\":\"PropertyValueSpecification\",\"valueRequired\":true,\"valueName\":\"search_term_string\"}}],\"inLanguage\":\"en-US\"},{\"@type\":\"Organization\",\"@id\":\"https:\\\/\\\/www.edesia.al\\\/#organization\",\"name\":\"Edesia\",\"url\":\"https:\\\/\\\/www.edesia.al\\\/\",\"logo\":{\"@type\":\"ImageObject\",\"inLanguage\":\"en-US\",\"@id\":\"https:\\\/\\\/www.edesia.al\\\/#\\\/schema\\\/logo\\\/image\\\/\",\"url\":\"https:\\\/\\\/www.edesia.al\\\/wp-content\\\/uploads\\\/2026\\\/02\\\/Logo-Edesia-no-background.png\",\"contentUrl\":\"https:\\\/\\\/www.edesia.al\\\/wp-content\\\/uploads\\\/2026\\\/02\\\/Logo-Edesia-no-background.png\",\"width\":293,\"height\":158,\"caption\":\"Edesia\"},\"image\":{\"@id\":\"https:\\\/\\\/www.edesia.al\\\/#\\\/schema\\\/logo\\\/image\\\/\"}}]}<\/script>\n<!-- \/ Yoast SEO plugin. -->","yoast_head_json":{"title":"Kurkuma - Edesia","robots":{"index":"index","follow":"follow","max-snippet":"max-snippet:-1","max-image-preview":"max-image-preview:large","max-video-preview":"max-video-preview:-1"},"canonical":"https:\/\/www.edesia.al\/?product=kurkuma","og_locale":"en_US","og_type":"article","og_title":"Kurkuma - Edesia","og_description":"Kurkuma, apo shafrani i Indis\u00eb ka mbi 2500 vjet q\u00eb p\u00ebrdoret n\u00eb Indi, ku p\u00ebrdoret si ila\u00e7, p\u00ebr gatim, po ashtu edhe p\u00ebr ngjyrosje. Nd\u00ebr vetit\u00eb medicinale t\u00eb k\u00ebsaj er\u00ebze p\u00ebrmenden ve\u00e7orit\u00eb inflamatore, pasi studimet e fundit kan\u00eb treguar se kurkuma trajton probleme t\u00eb ndryshme me sh\u00ebndetin, madje vret dhe qelizat kancerogjene e deri tek parandalimi i s\u00ebmundjes s\u00eb Alzheimer-it.","og_url":"https:\/\/www.edesia.al\/?product=kurkuma","og_site_name":"Edesia","article_modified_time":"2026-02-20T21:44:46+00:00","og_image":[{"width":593,"height":593,"url":"https:\/\/www.edesia.al\/wp-content\/uploads\/2026\/02\/Kurkuma-1.webp","type":"image\/webp"}],"twitter_card":"summary_large_image","twitter_misc":{"Est. reading time":"2 minutes"},"schema":{"@context":"https:\/\/schema.org","@graph":[{"@type":"WebPage","@id":"https:\/\/www.edesia.al\/?product=kurkuma","url":"https:\/\/www.edesia.al\/?product=kurkuma","name":"Kurkuma - Edesia","isPartOf":{"@id":"https:\/\/www.edesia.al\/#website"},"primaryImageOfPage":{"@id":"https:\/\/www.edesia.al\/?product=kurkuma#primaryimage"},"image":{"@id":"https:\/\/www.edesia.al\/?product=kurkuma#primaryimage"},"thumbnailUrl":"https:\/\/www.edesia.al\/wp-content\/uploads\/2026\/02\/Kurkuma-1.webp","datePublished":"2026-02-16T21:06:56+00:00","dateModified":"2026-02-20T21:44:46+00:00","breadcrumb":{"@id":"https:\/\/www.edesia.al\/?product=kurkuma#breadcrumb"},"inLanguage":"en-US","potentialAction":[{"@type":"ReadAction","target":["https:\/\/www.edesia.al\/?product=kurkuma"]}]},{"@type":"ImageObject","inLanguage":"en-US","@id":"https:\/\/www.edesia.al\/?product=kurkuma#primaryimage","url":"https:\/\/www.edesia.al\/wp-content\/uploads\/2026\/02\/Kurkuma-1.webp","contentUrl":"https:\/\/www.edesia.al\/wp-content\/uploads\/2026\/02\/Kurkuma-1.webp","width":593,"height":593},{"@type":"BreadcrumbList","@id":"https:\/\/www.edesia.al\/?product=kurkuma#breadcrumb","itemListElement":[{"@type":"ListItem","position":1,"name":"Home","item":"https:\/\/www.edesia.al\/"},{"@type":"ListItem","position":2,"name":"Dyqani","item":"https:\/\/www.edesia.al\/?page_id=17"},{"@type":"ListItem","position":3,"name":"Kurkuma"}]},{"@type":"WebSite","@id":"https:\/\/www.edesia.al\/#website","url":"https:\/\/www.edesia.al\/","name":"Edesia","description":"","publisher":{"@id":"https:\/\/www.edesia.al\/#organization"},"potentialAction":[{"@type":"SearchAction","target":{"@type":"EntryPoint","urlTemplate":"https:\/\/www.edesia.al\/?s={search_term_string}"},"query-input":{"@type":"PropertyValueSpecification","valueRequired":true,"valueName":"search_term_string"}}],"inLanguage":"en-US"},{"@type":"Organization","@id":"https:\/\/www.edesia.al\/#organization","name":"Edesia","url":"https:\/\/www.edesia.al\/","logo":{"@type":"ImageObject","inLanguage":"en-US","@id":"https:\/\/www.edesia.al\/#\/schema\/logo\/image\/","url":"https:\/\/www.edesia.al\/wp-content\/uploads\/2026\/02\/Logo-Edesia-no-background.png","contentUrl":"https:\/\/www.edesia.al\/wp-content\/uploads\/2026\/02\/Logo-Edesia-no-background.png","width":293,"height":158,"caption":"Edesia"},"image":{"@id":"https:\/\/www.edesia.al\/#\/schema\/logo\/image\/"}}]}},"_links":{"self":[{"href":"https:\/\/www.edesia.al\/index.php?rest_route=\/wp\/v2\/product\/6335","targetHints":{"allow":["GET"]}}],"collection":[{"href":"https:\/\/www.edesia.al\/index.php?rest_route=\/wp\/v2\/product"}],"about":[{"href":"https:\/\/www.edesia.al\/index.php?rest_route=\/wp\/v2\/types\/product"}],"replies":[{"embeddable":true,"href":"https:\/\/www.edesia.al\/index.php?rest_route=%2Fwp%2Fv2%2Fcomments&post=6335"}],"wp:featuredmedia":[{"embeddable":true,"href":"https:\/\/www.edesia.al\/index.php?rest_route=\/wp\/v2\/media\/6366"}],"wp:attachment":[{"href":"https:\/\/www.edesia.al\/index.php?rest_route=%2Fwp%2Fv2%2Fmedia&parent=6335"}],"wp:term":[{"taxonomy":"kategori-sipas-dietave","embeddable":true,"href":"https:\/\/www.edesia.al\/index.php?rest_route=%2Fwp%2Fv2%2Fkategori-sipas-dietave&post=6335"},{"taxonomy":"kategori-sipas-problemeve-shende","embeddable":true,"href":"https:\/\/www.edesia.al\/index.php?rest_route=%2Fwp%2Fv2%2Fkategori-sipas-problemeve-shende&post=6335"},{"taxonomy":"product_brand","embeddable":true,"href":"https:\/\/www.edesia.al\/index.php?rest_route=%2Fwp%2Fv2%2Fproduct_brand&post=6335"},{"taxonomy":"product_cat","embeddable":true,"href":"https:\/\/www.edesia.al\/index.php?rest_route=%2Fwp%2Fv2%2Fproduct_cat&post=6335"},{"taxonomy":"product_tag","embeddable":true,"href":"https:\/\/www.edesia.al\/index.php?rest_route=%2Fwp%2Fv2%2Fproduct_tag&post=6335"}],"curies":[{"name":"wp","href":"https:\/\/api.w.org\/{rel}","templated":true}]}}