{"id":6339,"date":"2026-02-16T21:06:57","date_gmt":"2026-02-16T21:06:57","guid":{"rendered":"https:\/\/www.edesia.al\/?post_type=product&#038;p=6339"},"modified":"2026-02-20T21:45:19","modified_gmt":"2026-02-20T21:45:19","slug":"piper-i-zi-pluhur","status":"publish","type":"product","link":"https:\/\/www.edesia.al\/?product=piper-i-zi-pluhur","title":{"rendered":"Piper i Zi Pluhur"},"content":{"rendered":"<h3>Piper i Zi Pluhur (50g )<\/h3>\n<p>Piperi i zi eshte padyshim nj\u00eb nga er\u00ebzat m\u00eb t\u00eb p\u00ebrdorura n\u00eb planet. Kjo p\u00ebrshkak t\u00eb s\u00eb kombinon thuajse me t\u00eb gjitha shijet dhe produktet ushqimore.<\/p>\n<h4>Benefitet sh\u00ebndetsore te piperit te zi:<\/h4>\n<ul>\n<li>Ndihmon n\u00eb tretje dhe mir\u00ebfunksionimin e aparatit tret\u00ebs.<\/li>\n<li>Ul koleserolin dhe sherqerin n\u00eb gjak.<\/li>\n<li>P\u00ebrmir\u00ebson oreksin.<\/li>\n<li>Stabilizon presionin e lart\u00eb t\u00eb gjakut.<\/li>\n<li>Ka veti antivirale dhe anti-inflamatore.<\/li>\n<li>Parandalon zhvillimin e qelizave kacerogjene.<\/li>\n<\/ul>\n<p>&nbsp;<\/p>\n","protected":false},"excerpt":{"rendered":"<p>Piper i Zi Pluhur (50g ) Piperi i zi eshte padyshim nj\u00eb nga er\u00ebzat m\u00eb t\u00eb p\u00ebrdorura n\u00eb planet. Kjo p\u00ebrshkak t\u00eb s\u00eb kombinon thuajse me t\u00eb gjitha shijet dhe produktet ushqimore. Benefitet sh\u00ebndetsore te piperit te zi: Ndihmon n\u00eb tretje dhe mir\u00ebfunksionimin e aparatit tret\u00ebs. Ul koleserolin dhe sherqerin n\u00eb gjak. P\u00ebrmir\u00ebson oreksin. Stabilizon[&#8230;]<\/p>\n","protected":false},"featured_media":6371,"comment_status":"open","ping_status":"closed","template":"","meta":{"_acf_changed":false,"inline_featured_image":false},"kategori-sipas-dietave":[],"kategori-sipas-problemeve-shende":[],"product_brand":[32],"product_cat":[81,34],"product_tag":[],"class_list":{"0":"post-6339","1":"product","2":"type-product","3":"status-publish","4":"has-post-thumbnail","6":"product_brand-bioagros","7":"product_cat-caj-bime-mjekesore","8":"product_cat-ereza-bime-aromatike","10":"first","11":"instock","12":"taxable","13":"shipping-taxable","14":"purchasable","15":"product-type-simple"},"acf":[],"yoast_head":"<!-- This site is optimized with the Yoast SEO plugin v27.4 - https:\/\/yoast.com\/product\/yoast-seo-wordpress\/ -->\n<title>Piper i Zi Pluhur - Edesia<\/title>\n<meta name=\"robots\" content=\"index, follow, max-snippet:-1, max-image-preview:large, max-video-preview:-1\" \/>\n<link rel=\"canonical\" href=\"https:\/\/www.edesia.al\/?product=piper-i-zi-pluhur\" \/>\n<meta property=\"og:locale\" content=\"en_US\" \/>\n<meta property=\"og:type\" content=\"article\" \/>\n<meta property=\"og:title\" content=\"Piper i Zi Pluhur - Edesia\" \/>\n<meta property=\"og:description\" content=\"Piper i Zi Pluhur (50g ) Piperi i zi eshte padyshim nj\u00eb nga er\u00ebzat m\u00eb t\u00eb p\u00ebrdorura n\u00eb planet. Kjo p\u00ebrshkak t\u00eb s\u00eb kombinon thuajse me t\u00eb gjitha shijet dhe produktet ushqimore. Benefitet sh\u00ebndetsore te piperit te zi: Ndihmon n\u00eb tretje dhe mir\u00ebfunksionimin e aparatit tret\u00ebs. Ul koleserolin dhe sherqerin n\u00eb gjak. P\u00ebrmir\u00ebson oreksin. Stabilizon[...]\" \/>\n<meta property=\"og:url\" content=\"https:\/\/www.edesia.al\/?product=piper-i-zi-pluhur\" \/>\n<meta property=\"og:site_name\" content=\"Edesia\" \/>\n<meta property=\"article:modified_time\" content=\"2026-02-20T21:45:19+00:00\" \/>\n<meta property=\"og:image\" content=\"https:\/\/www.edesia.al\/wp-content\/uploads\/2026\/02\/piper-i-zi-1.webp\" \/>\n\t<meta property=\"og:image:width\" content=\"593\" \/>\n\t<meta property=\"og:image:height\" content=\"593\" \/>\n\t<meta property=\"og:image:type\" content=\"image\/webp\" \/>\n<meta name=\"twitter:card\" content=\"summary_large_image\" \/>\n<script type=\"application\/ld+json\" class=\"yoast-schema-graph\">{\"@context\":\"https:\\\/\\\/schema.org\",\"@graph\":[{\"@type\":\"WebPage\",\"@id\":\"https:\\\/\\\/www.edesia.al\\\/?product=piper-i-zi-pluhur\",\"url\":\"https:\\\/\\\/www.edesia.al\\\/?product=piper-i-zi-pluhur\",\"name\":\"Piper i Zi Pluhur - Edesia\",\"isPartOf\":{\"@id\":\"https:\\\/\\\/www.edesia.al\\\/#website\"},\"primaryImageOfPage\":{\"@id\":\"https:\\\/\\\/www.edesia.al\\\/?product=piper-i-zi-pluhur#primaryimage\"},\"image\":{\"@id\":\"https:\\\/\\\/www.edesia.al\\\/?product=piper-i-zi-pluhur#primaryimage\"},\"thumbnailUrl\":\"https:\\\/\\\/www.edesia.al\\\/wp-content\\\/uploads\\\/2026\\\/02\\\/piper-i-zi-1.webp\",\"datePublished\":\"2026-02-16T21:06:57+00:00\",\"dateModified\":\"2026-02-20T21:45:19+00:00\",\"breadcrumb\":{\"@id\":\"https:\\\/\\\/www.edesia.al\\\/?product=piper-i-zi-pluhur#breadcrumb\"},\"inLanguage\":\"en-US\",\"potentialAction\":[{\"@type\":\"ReadAction\",\"target\":[\"https:\\\/\\\/www.edesia.al\\\/?product=piper-i-zi-pluhur\"]}]},{\"@type\":\"ImageObject\",\"inLanguage\":\"en-US\",\"@id\":\"https:\\\/\\\/www.edesia.al\\\/?product=piper-i-zi-pluhur#primaryimage\",\"url\":\"https:\\\/\\\/www.edesia.al\\\/wp-content\\\/uploads\\\/2026\\\/02\\\/piper-i-zi-1.webp\",\"contentUrl\":\"https:\\\/\\\/www.edesia.al\\\/wp-content\\\/uploads\\\/2026\\\/02\\\/piper-i-zi-1.webp\",\"width\":593,\"height\":593},{\"@type\":\"BreadcrumbList\",\"@id\":\"https:\\\/\\\/www.edesia.al\\\/?product=piper-i-zi-pluhur#breadcrumb\",\"itemListElement\":[{\"@type\":\"ListItem\",\"position\":1,\"name\":\"Home\",\"item\":\"https:\\\/\\\/www.edesia.al\\\/\"},{\"@type\":\"ListItem\",\"position\":2,\"name\":\"Dyqani\",\"item\":\"https:\\\/\\\/www.edesia.al\\\/?page_id=17\"},{\"@type\":\"ListItem\",\"position\":3,\"name\":\"Piper i Zi Pluhur\"}]},{\"@type\":\"WebSite\",\"@id\":\"https:\\\/\\\/www.edesia.al\\\/#website\",\"url\":\"https:\\\/\\\/www.edesia.al\\\/\",\"name\":\"Edesia\",\"description\":\"\",\"publisher\":{\"@id\":\"https:\\\/\\\/www.edesia.al\\\/#organization\"},\"potentialAction\":[{\"@type\":\"SearchAction\",\"target\":{\"@type\":\"EntryPoint\",\"urlTemplate\":\"https:\\\/\\\/www.edesia.al\\\/?s={search_term_string}\"},\"query-input\":{\"@type\":\"PropertyValueSpecification\",\"valueRequired\":true,\"valueName\":\"search_term_string\"}}],\"inLanguage\":\"en-US\"},{\"@type\":\"Organization\",\"@id\":\"https:\\\/\\\/www.edesia.al\\\/#organization\",\"name\":\"Edesia\",\"url\":\"https:\\\/\\\/www.edesia.al\\\/\",\"logo\":{\"@type\":\"ImageObject\",\"inLanguage\":\"en-US\",\"@id\":\"https:\\\/\\\/www.edesia.al\\\/#\\\/schema\\\/logo\\\/image\\\/\",\"url\":\"https:\\\/\\\/www.edesia.al\\\/wp-content\\\/uploads\\\/2026\\\/02\\\/Logo-Edesia-no-background.png\",\"contentUrl\":\"https:\\\/\\\/www.edesia.al\\\/wp-content\\\/uploads\\\/2026\\\/02\\\/Logo-Edesia-no-background.png\",\"width\":293,\"height\":158,\"caption\":\"Edesia\"},\"image\":{\"@id\":\"https:\\\/\\\/www.edesia.al\\\/#\\\/schema\\\/logo\\\/image\\\/\"}}]}<\/script>\n<!-- \/ Yoast SEO plugin. -->","yoast_head_json":{"title":"Piper i Zi Pluhur - Edesia","robots":{"index":"index","follow":"follow","max-snippet":"max-snippet:-1","max-image-preview":"max-image-preview:large","max-video-preview":"max-video-preview:-1"},"canonical":"https:\/\/www.edesia.al\/?product=piper-i-zi-pluhur","og_locale":"en_US","og_type":"article","og_title":"Piper i Zi Pluhur - Edesia","og_description":"Piper i Zi Pluhur (50g ) Piperi i zi eshte padyshim nj\u00eb nga er\u00ebzat m\u00eb t\u00eb p\u00ebrdorura n\u00eb planet. Kjo p\u00ebrshkak t\u00eb s\u00eb kombinon thuajse me t\u00eb gjitha shijet dhe produktet ushqimore. Benefitet sh\u00ebndetsore te piperit te zi: Ndihmon n\u00eb tretje dhe mir\u00ebfunksionimin e aparatit tret\u00ebs. Ul koleserolin dhe sherqerin n\u00eb gjak. P\u00ebrmir\u00ebson oreksin. Stabilizon[...]","og_url":"https:\/\/www.edesia.al\/?product=piper-i-zi-pluhur","og_site_name":"Edesia","article_modified_time":"2026-02-20T21:45:19+00:00","og_image":[{"width":593,"height":593,"url":"https:\/\/www.edesia.al\/wp-content\/uploads\/2026\/02\/piper-i-zi-1.webp","type":"image\/webp"}],"twitter_card":"summary_large_image","schema":{"@context":"https:\/\/schema.org","@graph":[{"@type":"WebPage","@id":"https:\/\/www.edesia.al\/?product=piper-i-zi-pluhur","url":"https:\/\/www.edesia.al\/?product=piper-i-zi-pluhur","name":"Piper i Zi Pluhur - Edesia","isPartOf":{"@id":"https:\/\/www.edesia.al\/#website"},"primaryImageOfPage":{"@id":"https:\/\/www.edesia.al\/?product=piper-i-zi-pluhur#primaryimage"},"image":{"@id":"https:\/\/www.edesia.al\/?product=piper-i-zi-pluhur#primaryimage"},"thumbnailUrl":"https:\/\/www.edesia.al\/wp-content\/uploads\/2026\/02\/piper-i-zi-1.webp","datePublished":"2026-02-16T21:06:57+00:00","dateModified":"2026-02-20T21:45:19+00:00","breadcrumb":{"@id":"https:\/\/www.edesia.al\/?product=piper-i-zi-pluhur#breadcrumb"},"inLanguage":"en-US","potentialAction":[{"@type":"ReadAction","target":["https:\/\/www.edesia.al\/?product=piper-i-zi-pluhur"]}]},{"@type":"ImageObject","inLanguage":"en-US","@id":"https:\/\/www.edesia.al\/?product=piper-i-zi-pluhur#primaryimage","url":"https:\/\/www.edesia.al\/wp-content\/uploads\/2026\/02\/piper-i-zi-1.webp","contentUrl":"https:\/\/www.edesia.al\/wp-content\/uploads\/2026\/02\/piper-i-zi-1.webp","width":593,"height":593},{"@type":"BreadcrumbList","@id":"https:\/\/www.edesia.al\/?product=piper-i-zi-pluhur#breadcrumb","itemListElement":[{"@type":"ListItem","position":1,"name":"Home","item":"https:\/\/www.edesia.al\/"},{"@type":"ListItem","position":2,"name":"Dyqani","item":"https:\/\/www.edesia.al\/?page_id=17"},{"@type":"ListItem","position":3,"name":"Piper i Zi Pluhur"}]},{"@type":"WebSite","@id":"https:\/\/www.edesia.al\/#website","url":"https:\/\/www.edesia.al\/","name":"Edesia","description":"","publisher":{"@id":"https:\/\/www.edesia.al\/#organization"},"potentialAction":[{"@type":"SearchAction","target":{"@type":"EntryPoint","urlTemplate":"https:\/\/www.edesia.al\/?s={search_term_string}"},"query-input":{"@type":"PropertyValueSpecification","valueRequired":true,"valueName":"search_term_string"}}],"inLanguage":"en-US"},{"@type":"Organization","@id":"https:\/\/www.edesia.al\/#organization","name":"Edesia","url":"https:\/\/www.edesia.al\/","logo":{"@type":"ImageObject","inLanguage":"en-US","@id":"https:\/\/www.edesia.al\/#\/schema\/logo\/image\/","url":"https:\/\/www.edesia.al\/wp-content\/uploads\/2026\/02\/Logo-Edesia-no-background.png","contentUrl":"https:\/\/www.edesia.al\/wp-content\/uploads\/2026\/02\/Logo-Edesia-no-background.png","width":293,"height":158,"caption":"Edesia"},"image":{"@id":"https:\/\/www.edesia.al\/#\/schema\/logo\/image\/"}}]}},"_links":{"self":[{"href":"https:\/\/www.edesia.al\/index.php?rest_route=\/wp\/v2\/product\/6339","targetHints":{"allow":["GET"]}}],"collection":[{"href":"https:\/\/www.edesia.al\/index.php?rest_route=\/wp\/v2\/product"}],"about":[{"href":"https:\/\/www.edesia.al\/index.php?rest_route=\/wp\/v2\/types\/product"}],"replies":[{"embeddable":true,"href":"https:\/\/www.edesia.al\/index.php?rest_route=%2Fwp%2Fv2%2Fcomments&post=6339"}],"wp:featuredmedia":[{"embeddable":true,"href":"https:\/\/www.edesia.al\/index.php?rest_route=\/wp\/v2\/media\/6371"}],"wp:attachment":[{"href":"https:\/\/www.edesia.al\/index.php?rest_route=%2Fwp%2Fv2%2Fmedia&parent=6339"}],"wp:term":[{"taxonomy":"kategori-sipas-dietave","embeddable":true,"href":"https:\/\/www.edesia.al\/index.php?rest_route=%2Fwp%2Fv2%2Fkategori-sipas-dietave&post=6339"},{"taxonomy":"kategori-sipas-problemeve-shende","embeddable":true,"href":"https:\/\/www.edesia.al\/index.php?rest_route=%2Fwp%2Fv2%2Fkategori-sipas-problemeve-shende&post=6339"},{"taxonomy":"product_brand","embeddable":true,"href":"https:\/\/www.edesia.al\/index.php?rest_route=%2Fwp%2Fv2%2Fproduct_brand&post=6339"},{"taxonomy":"product_cat","embeddable":true,"href":"https:\/\/www.edesia.al\/index.php?rest_route=%2Fwp%2Fv2%2Fproduct_cat&post=6339"},{"taxonomy":"product_tag","embeddable":true,"href":"https:\/\/www.edesia.al\/index.php?rest_route=%2Fwp%2Fv2%2Fproduct_tag&post=6339"}],"curies":[{"name":"wp","href":"https:\/\/api.w.org\/{rel}","templated":true}]}}