{"id":6341,"date":"2026-02-16T21:06:57","date_gmt":"2026-02-16T21:06:57","guid":{"rendered":"https:\/\/www.edesia.al\/?post_type=product&#038;p=6341"},"modified":"2026-02-20T21:46:49","modified_gmt":"2026-02-20T21:46:49","slug":"shafran","status":"publish","type":"product","link":"https:\/\/www.edesia.al\/?product=shafran","title":{"rendered":"Shafran"},"content":{"rendered":"<h3>Shafran &#8211; 100% Bio Organik, I \u00c7ertifikuar ( 0.5g )<\/h3>\n<p>Shafrani \u00ebsht\u00eb nj\u00eb nga er\u00ebzat me t\u00eb shtrejnta dhe kurative n\u00eb bot\u00eb. Shafrani n\u00eb fakt \u00ebsht\u00eb pistili q\u00eb nxirret nga lulet e Shafranit. Nxjerrja b\u00ebhet me dor\u00eb dhe me kujdes nga njer\u00ebz me p\u00ebrvoj\u00eb. Lloji m\u00eb i mir\u00eb \u00ebsht\u00eb ai q\u00eb kultivohet n\u00eb Iran. Q\u00eb t\u00eb p\u00ebrfitohen 500 gram Shafran, duhen mbledhur 70 000 lule t\u00eb sh\u00ebndetshme dhe pa insekte.\u00a0\u00cbsht\u00eb i njohur n\u00eb gjith\u00eb bot\u00ebn p\u00ebr vetit\u00eb e tij kuruese pasi kuron dhe trajton mbi 160 problemeve sh\u00ebndet\u00ebsore..<\/p>\n<h4>Benefitet sh\u00ebndetsore t\u00eb shafranit:<\/h4>\n<ul>\n<li>Luan rol t\u00eb r\u00ebnd\u00ebsish\u00ebm p\u00ebr forcimin e kujtes\u00ebs dhe kurimin e s\u00ebmundjeve autoimune.<\/li>\n<li>\u00a0 \u00a0 P\u00ebrdoret p\u00ebr kurimin e disa gjendjeve t\u00eb epilepsis\u00eb, konsiderohet si qet\u00ebsues dhe aktivizues i sistemit nervor q\u00ebndror.<\/li>\n<li>\u00a0 \u00a0 Forcon zemr\u00ebn, lufton arterioskleroz\u00ebn dhe \u00e7rregullimet e rrahjeve t\u00eb zemr\u00ebs. Nga shum\u00eb mjek\u00eb konsiderohet si shpres\u00eb e madhe dhe e sigurt\u00eb p\u00ebr uljen e kolesterolit.<\/li>\n<li>\u00a0 \u00a0 Ndalon p\u00ebrhapjen e qelizave tumorale, kjo sepse ai ka p\u00ebrmbajtje t\u00eb lart\u00eb t\u00eb Crocin, Crotecin, Picrocrocin.<\/li>\n<li>\u00a0 \u00a0 Shafrani p\u00ebrmban anti-oksidant t\u00eb cil\u00ebt e mbrojn\u00eb trupin nga shum\u00eb lloje s\u00ebmundjesh.<\/li>\n<li>\u00a0 \u00a0 Shafrani kuron fryrjen e barkut dhe \u00e7rregullimet e aparatit t\u00eb tretjes.<\/li>\n<li>\u00a0 \u00a0 Ndalon formimin e tumoreve t\u00eb reja, gjithashtu kuron tumoret eksiztuese.<\/li>\n<li>\u00a0 \u00a0 Kuron Astm\u00ebn.<\/li>\n<li>\u00a0 \u00a0 Lufton depresion dhe lehteson mbingarkesat nervore.<\/li>\n<li>\u00a0 \u00a0 Ndalon ngrirjet, ng\u00ebrcet dhe spazmat muskulare.<\/li>\n<li>\u00a0 \u00a0 Ndihmon ne stabilizmin e temperatures.<\/li>\n<li>\u00a0 \u00a0 Shton energjin\u00eb e trupit dhe forcon shqisat e d\u00ebgjimit, shikimit, shijes, prekjes, etj.<\/li>\n<li>\u00a0 \u00a0 Rrit fuqin\u00eb seksuale.<\/li>\n<li>\u00a0 \u00a0 Qelizat e syrit q\u00eb jan\u00eb t\u00eb domosdoshme p\u00ebr t\u00eb par\u00eb i b\u00ebn m\u00eb elastike, m\u00eb t\u00eb forta dhe m\u00eb rezistente ndaj s\u00ebmundjeve.<\/li>\n<li>\u00a0 \u00a0 Lufton dhembjet e kok\u00ebs dhe migren\u00ebn.<\/li>\n<li>\u00a0 \u00a0 Konsiderohet si qet\u00ebsues i gj\u00ebndjes shpirt\u00ebrore, largon stresin dhe frik\u00ebn.<\/li>\n<li>\u00a0 \u00a0 Lufton shenjat e plakjes, kjo sepse l\u00ebnda anti- oksiduese q\u00eb p\u00ebrmban shafrani, lufton prishjet q\u00eb shkaktojn\u00eb radikalet e lira, q\u00eb merren nga ngr\u00ebnia e ushqimeve me yndyr\u00eb.<\/li>\n<li>\u00a0 \u00a0 Ndihmon n\u00eb mjekimin e acarimit t\u00eb organeve t\u00eb frym\u00ebmarrjes, acarimin e laringut.<\/li>\n<li>\u00a0 \u00a0 Kuron dhe qet\u00ebson koll\u00ebn e that\u00eb dhe ftohjet.<\/li>\n<\/ul>\n<h4>P\u00ebrdorimi:<\/h4>\n<p>Shafrani p\u00ebrdoret si er\u00ebz n\u00eb pjata t\u00eb ndrysh\u00ebm. Hidheni si p\u00ebrb\u00ebr\u00ebs shtes\u00eb n\u00eb smothi ose n\u00eb \u00e7ajra t\u00eb ndryshme.<\/p>\n","protected":false},"excerpt":{"rendered":"<p>Shafrani \u00ebsht\u00eb er\u00ebza e mrekullive.<\/p>\n","protected":false},"featured_media":6373,"comment_status":"open","ping_status":"closed","template":"","meta":{"_acf_changed":false,"inline_featured_image":false},"kategori-sipas-dietave":[89],"kategori-sipas-problemeve-shende":[84],"product_brand":[35],"product_cat":[81,34],"product_tag":[],"class_list":{"0":"post-6341","1":"product","2":"type-product","3":"status-publish","4":"has-post-thumbnail","6":"kategori-sipas-dietave-vegan","7":"kategori-sipas-problemeve-shende-suport-hormonal","8":"product_brand-sonnentor-sh-p-k","9":"product_cat-caj-bime-mjekesore","10":"product_cat-ereza-bime-aromatike","12":"first","13":"instock","14":"taxable","15":"shipping-taxable","16":"purchasable","17":"product-type-simple"},"acf":[],"yoast_head":"<!-- This site is optimized with the Yoast SEO plugin v27.4 - https:\/\/yoast.com\/product\/yoast-seo-wordpress\/ -->\n<title>Shafran - Edesia<\/title>\n<meta name=\"robots\" content=\"index, follow, max-snippet:-1, max-image-preview:large, max-video-preview:-1\" \/>\n<link rel=\"canonical\" href=\"https:\/\/www.edesia.al\/?product=shafran\" \/>\n<meta property=\"og:locale\" content=\"en_US\" \/>\n<meta property=\"og:type\" content=\"article\" \/>\n<meta property=\"og:title\" content=\"Shafran - Edesia\" \/>\n<meta property=\"og:description\" content=\"Shafrani \u00ebsht\u00eb er\u00ebza e mrekullive.\" \/>\n<meta property=\"og:url\" content=\"https:\/\/www.edesia.al\/?product=shafran\" \/>\n<meta property=\"og:site_name\" content=\"Edesia\" \/>\n<meta property=\"article:modified_time\" content=\"2026-02-20T21:46:49+00:00\" \/>\n<meta property=\"og:image\" content=\"https:\/\/www.edesia.al\/wp-content\/uploads\/2026\/02\/shafran-1.webp\" \/>\n\t<meta property=\"og:image:width\" content=\"593\" \/>\n\t<meta property=\"og:image:height\" content=\"593\" \/>\n\t<meta property=\"og:image:type\" content=\"image\/webp\" \/>\n<meta name=\"twitter:card\" content=\"summary_large_image\" \/>\n<meta name=\"twitter:label1\" content=\"Est. reading time\" \/>\n\t<meta name=\"twitter:data1\" content=\"2 minutes\" \/>\n<script type=\"application\/ld+json\" class=\"yoast-schema-graph\">{\"@context\":\"https:\\\/\\\/schema.org\",\"@graph\":[{\"@type\":\"WebPage\",\"@id\":\"https:\\\/\\\/www.edesia.al\\\/?product=shafran\",\"url\":\"https:\\\/\\\/www.edesia.al\\\/?product=shafran\",\"name\":\"Shafran - Edesia\",\"isPartOf\":{\"@id\":\"https:\\\/\\\/www.edesia.al\\\/#website\"},\"primaryImageOfPage\":{\"@id\":\"https:\\\/\\\/www.edesia.al\\\/?product=shafran#primaryimage\"},\"image\":{\"@id\":\"https:\\\/\\\/www.edesia.al\\\/?product=shafran#primaryimage\"},\"thumbnailUrl\":\"https:\\\/\\\/www.edesia.al\\\/wp-content\\\/uploads\\\/2026\\\/02\\\/shafran-1.webp\",\"datePublished\":\"2026-02-16T21:06:57+00:00\",\"dateModified\":\"2026-02-20T21:46:49+00:00\",\"breadcrumb\":{\"@id\":\"https:\\\/\\\/www.edesia.al\\\/?product=shafran#breadcrumb\"},\"inLanguage\":\"en-US\",\"potentialAction\":[{\"@type\":\"ReadAction\",\"target\":[\"https:\\\/\\\/www.edesia.al\\\/?product=shafran\"]}]},{\"@type\":\"ImageObject\",\"inLanguage\":\"en-US\",\"@id\":\"https:\\\/\\\/www.edesia.al\\\/?product=shafran#primaryimage\",\"url\":\"https:\\\/\\\/www.edesia.al\\\/wp-content\\\/uploads\\\/2026\\\/02\\\/shafran-1.webp\",\"contentUrl\":\"https:\\\/\\\/www.edesia.al\\\/wp-content\\\/uploads\\\/2026\\\/02\\\/shafran-1.webp\",\"width\":593,\"height\":593},{\"@type\":\"BreadcrumbList\",\"@id\":\"https:\\\/\\\/www.edesia.al\\\/?product=shafran#breadcrumb\",\"itemListElement\":[{\"@type\":\"ListItem\",\"position\":1,\"name\":\"Home\",\"item\":\"https:\\\/\\\/www.edesia.al\\\/\"},{\"@type\":\"ListItem\",\"position\":2,\"name\":\"Dyqani\",\"item\":\"https:\\\/\\\/www.edesia.al\\\/?page_id=17\"},{\"@type\":\"ListItem\",\"position\":3,\"name\":\"Shafran\"}]},{\"@type\":\"WebSite\",\"@id\":\"https:\\\/\\\/www.edesia.al\\\/#website\",\"url\":\"https:\\\/\\\/www.edesia.al\\\/\",\"name\":\"Edesia\",\"description\":\"\",\"publisher\":{\"@id\":\"https:\\\/\\\/www.edesia.al\\\/#organization\"},\"potentialAction\":[{\"@type\":\"SearchAction\",\"target\":{\"@type\":\"EntryPoint\",\"urlTemplate\":\"https:\\\/\\\/www.edesia.al\\\/?s={search_term_string}\"},\"query-input\":{\"@type\":\"PropertyValueSpecification\",\"valueRequired\":true,\"valueName\":\"search_term_string\"}}],\"inLanguage\":\"en-US\"},{\"@type\":\"Organization\",\"@id\":\"https:\\\/\\\/www.edesia.al\\\/#organization\",\"name\":\"Edesia\",\"url\":\"https:\\\/\\\/www.edesia.al\\\/\",\"logo\":{\"@type\":\"ImageObject\",\"inLanguage\":\"en-US\",\"@id\":\"https:\\\/\\\/www.edesia.al\\\/#\\\/schema\\\/logo\\\/image\\\/\",\"url\":\"https:\\\/\\\/www.edesia.al\\\/wp-content\\\/uploads\\\/2026\\\/02\\\/Logo-Edesia-no-background.png\",\"contentUrl\":\"https:\\\/\\\/www.edesia.al\\\/wp-content\\\/uploads\\\/2026\\\/02\\\/Logo-Edesia-no-background.png\",\"width\":293,\"height\":158,\"caption\":\"Edesia\"},\"image\":{\"@id\":\"https:\\\/\\\/www.edesia.al\\\/#\\\/schema\\\/logo\\\/image\\\/\"}}]}<\/script>\n<!-- \/ Yoast SEO plugin. -->","yoast_head_json":{"title":"Shafran - Edesia","robots":{"index":"index","follow":"follow","max-snippet":"max-snippet:-1","max-image-preview":"max-image-preview:large","max-video-preview":"max-video-preview:-1"},"canonical":"https:\/\/www.edesia.al\/?product=shafran","og_locale":"en_US","og_type":"article","og_title":"Shafran - Edesia","og_description":"Shafrani \u00ebsht\u00eb er\u00ebza e mrekullive.","og_url":"https:\/\/www.edesia.al\/?product=shafran","og_site_name":"Edesia","article_modified_time":"2026-02-20T21:46:49+00:00","og_image":[{"width":593,"height":593,"url":"https:\/\/www.edesia.al\/wp-content\/uploads\/2026\/02\/shafran-1.webp","type":"image\/webp"}],"twitter_card":"summary_large_image","twitter_misc":{"Est. reading time":"2 minutes"},"schema":{"@context":"https:\/\/schema.org","@graph":[{"@type":"WebPage","@id":"https:\/\/www.edesia.al\/?product=shafran","url":"https:\/\/www.edesia.al\/?product=shafran","name":"Shafran - Edesia","isPartOf":{"@id":"https:\/\/www.edesia.al\/#website"},"primaryImageOfPage":{"@id":"https:\/\/www.edesia.al\/?product=shafran#primaryimage"},"image":{"@id":"https:\/\/www.edesia.al\/?product=shafran#primaryimage"},"thumbnailUrl":"https:\/\/www.edesia.al\/wp-content\/uploads\/2026\/02\/shafran-1.webp","datePublished":"2026-02-16T21:06:57+00:00","dateModified":"2026-02-20T21:46:49+00:00","breadcrumb":{"@id":"https:\/\/www.edesia.al\/?product=shafran#breadcrumb"},"inLanguage":"en-US","potentialAction":[{"@type":"ReadAction","target":["https:\/\/www.edesia.al\/?product=shafran"]}]},{"@type":"ImageObject","inLanguage":"en-US","@id":"https:\/\/www.edesia.al\/?product=shafran#primaryimage","url":"https:\/\/www.edesia.al\/wp-content\/uploads\/2026\/02\/shafran-1.webp","contentUrl":"https:\/\/www.edesia.al\/wp-content\/uploads\/2026\/02\/shafran-1.webp","width":593,"height":593},{"@type":"BreadcrumbList","@id":"https:\/\/www.edesia.al\/?product=shafran#breadcrumb","itemListElement":[{"@type":"ListItem","position":1,"name":"Home","item":"https:\/\/www.edesia.al\/"},{"@type":"ListItem","position":2,"name":"Dyqani","item":"https:\/\/www.edesia.al\/?page_id=17"},{"@type":"ListItem","position":3,"name":"Shafran"}]},{"@type":"WebSite","@id":"https:\/\/www.edesia.al\/#website","url":"https:\/\/www.edesia.al\/","name":"Edesia","description":"","publisher":{"@id":"https:\/\/www.edesia.al\/#organization"},"potentialAction":[{"@type":"SearchAction","target":{"@type":"EntryPoint","urlTemplate":"https:\/\/www.edesia.al\/?s={search_term_string}"},"query-input":{"@type":"PropertyValueSpecification","valueRequired":true,"valueName":"search_term_string"}}],"inLanguage":"en-US"},{"@type":"Organization","@id":"https:\/\/www.edesia.al\/#organization","name":"Edesia","url":"https:\/\/www.edesia.al\/","logo":{"@type":"ImageObject","inLanguage":"en-US","@id":"https:\/\/www.edesia.al\/#\/schema\/logo\/image\/","url":"https:\/\/www.edesia.al\/wp-content\/uploads\/2026\/02\/Logo-Edesia-no-background.png","contentUrl":"https:\/\/www.edesia.al\/wp-content\/uploads\/2026\/02\/Logo-Edesia-no-background.png","width":293,"height":158,"caption":"Edesia"},"image":{"@id":"https:\/\/www.edesia.al\/#\/schema\/logo\/image\/"}}]}},"_links":{"self":[{"href":"https:\/\/www.edesia.al\/index.php?rest_route=\/wp\/v2\/product\/6341","targetHints":{"allow":["GET"]}}],"collection":[{"href":"https:\/\/www.edesia.al\/index.php?rest_route=\/wp\/v2\/product"}],"about":[{"href":"https:\/\/www.edesia.al\/index.php?rest_route=\/wp\/v2\/types\/product"}],"replies":[{"embeddable":true,"href":"https:\/\/www.edesia.al\/index.php?rest_route=%2Fwp%2Fv2%2Fcomments&post=6341"}],"wp:featuredmedia":[{"embeddable":true,"href":"https:\/\/www.edesia.al\/index.php?rest_route=\/wp\/v2\/media\/6373"}],"wp:attachment":[{"href":"https:\/\/www.edesia.al\/index.php?rest_route=%2Fwp%2Fv2%2Fmedia&parent=6341"}],"wp:term":[{"taxonomy":"kategori-sipas-dietave","embeddable":true,"href":"https:\/\/www.edesia.al\/index.php?rest_route=%2Fwp%2Fv2%2Fkategori-sipas-dietave&post=6341"},{"taxonomy":"kategori-sipas-problemeve-shende","embeddable":true,"href":"https:\/\/www.edesia.al\/index.php?rest_route=%2Fwp%2Fv2%2Fkategori-sipas-problemeve-shende&post=6341"},{"taxonomy":"product_brand","embeddable":true,"href":"https:\/\/www.edesia.al\/index.php?rest_route=%2Fwp%2Fv2%2Fproduct_brand&post=6341"},{"taxonomy":"product_cat","embeddable":true,"href":"https:\/\/www.edesia.al\/index.php?rest_route=%2Fwp%2Fv2%2Fproduct_cat&post=6341"},{"taxonomy":"product_tag","embeddable":true,"href":"https:\/\/www.edesia.al\/index.php?rest_route=%2Fwp%2Fv2%2Fproduct_tag&post=6341"}],"curies":[{"name":"wp","href":"https:\/\/api.w.org\/{rel}","templated":true}]}}